{"id":3218,"date":"2014-12-25T19:18:57","date_gmt":"2014-12-25T17:18:57","guid":{"rendered":"https:\/\/www.spaestonia.ee\/medical\/?page_id=3218"},"modified":"2025-12-18T11:29:19","modified_gmt":"2025-12-18T09:29:19","slug":"maintenance-days","status":"publish","type":"page","link":"https:\/\/spaestonia.ee\/medical\/en\/sauna-and-water-centre-termid\/maintenance-days\/","title":{"rendered":"Maintenance days"},"content":{"rendered":"<p>On these days the spa and sauna <strong>center will be opened for visitors from 5 PM.<\/strong><\/p>\n<p><strong>Maintenance days 2026:<\/strong><\/p>\n<ul>\n<li>January 6<\/li>\n<li>February 3<\/li>\n<li>March 3<\/li>\n<li>March 31<\/li>\n<li>April 28<\/li>\n<li>June 2<\/li>\n<li>July 8<\/li>\n<li>August 4<\/li>\n<li>September 8<\/li>\n<li>October 6<\/li>\n<li>November 3<\/li>\n<li>December 8<\/li>\n<\/ul>\n<p>TERMID<br \/>\nOpen\u00a07:30-21:30<br \/>\nS\u00e4\u00e4se 7, P\u00e4rnu<br \/>\nInformation: +372 447 6870<\/p>\n","protected":false},"excerpt":{"rendered":"<p>On these days the spa and sauna center will be opened for visitors from 5&hellip;<\/p>\n","protected":false},"author":1,"featured_media":0,"parent":775,"menu_order":0,"comment_status":"closed","ping_status":"open","template":"","meta":{"footnotes":""},"class_list":["post-3218","page","type-page","status-publish","hentry"],"yoast_head":"<!-- This site is optimized with the Yoast SEO plugin v26.3 - https:\/\/yoast.com\/wordpress\/plugins\/seo\/ -->\n<title>Maintenance days - ESTONIA Medical Spa &amp; Hotel<\/title>\n<meta name=\"robots\" content=\"index, follow, max-snippet:-1, max-image-preview:large, max-video-preview:-1\" \/>\n<link rel=\"canonical\" href=\"https:\/\/spaestonia.ee\/medical\/en\/sauna-and-water-centre-termid\/maintenance-days\/\" \/>\n<meta property=\"og:locale\" content=\"en_US\" \/>\n<meta property=\"og:type\" content=\"article\" \/>\n<meta property=\"og:title\" content=\"Maintenance days - ESTONIA Medical Spa &amp; Hotel\" \/>\n<meta property=\"og:description\" content=\"On these days the spa and sauna center will be opened for visitors from 5&hellip;\" \/>\n<meta property=\"og:url\" content=\"https:\/\/spaestonia.ee\/medical\/en\/sauna-and-water-centre-termid\/maintenance-days\/\" \/>\n<meta property=\"og:site_name\" content=\"ESTONIA Medical Spa &amp; Hotel\" \/>\n<meta property=\"article:publisher\" content=\"https:\/\/www.facebook.com\/EstoniaMedicalSpa\" \/>\n<meta property=\"article:modified_time\" content=\"2025-12-18T09:29:19+00:00\" \/>\n<meta name=\"twitter:card\" content=\"summary_large_image\" \/>\n<meta name=\"twitter:label1\" content=\"Est. reading time\" \/>\n\t<meta name=\"twitter:data1\" content=\"1 minute\" \/>\n<script type=\"application\/ld+json\" class=\"yoast-schema-graph\">{\"@context\":\"https:\/\/schema.org\",\"@graph\":[{\"@type\":\"WebPage\",\"@id\":\"https:\/\/spaestonia.ee\/medical\/en\/sauna-and-water-centre-termid\/maintenance-days\/\",\"url\":\"https:\/\/spaestonia.ee\/medical\/en\/sauna-and-water-centre-termid\/maintenance-days\/\",\"name\":\"Maintenance days - ESTONIA Medical Spa &amp; Hotel\",\"isPartOf\":{\"@id\":\"https:\/\/www.spaestonia.ee\/medical\/en\/#website\"},\"datePublished\":\"2014-12-25T17:18:57+00:00\",\"dateModified\":\"2025-12-18T09:29:19+00:00\",\"breadcrumb\":{\"@id\":\"https:\/\/spaestonia.ee\/medical\/en\/sauna-and-water-centre-termid\/maintenance-days\/#breadcrumb\"},\"inLanguage\":\"en-US\",\"potentialAction\":[{\"@type\":\"ReadAction\",\"target\":[\"https:\/\/spaestonia.ee\/medical\/en\/sauna-and-water-centre-termid\/maintenance-days\/\"]}]},{\"@type\":\"BreadcrumbList\",\"@id\":\"https:\/\/spaestonia.ee\/medical\/en\/sauna-and-water-centre-termid\/maintenance-days\/#breadcrumb\",\"itemListElement\":[{\"@type\":\"ListItem\",\"position\":1,\"name\":\"Home\",\"item\":\"https:\/\/www.spaestonia.ee\/medical\/en\/\"},{\"@type\":\"ListItem\",\"position\":2,\"name\":\"Spa Centre TERMID\",\"item\":\"https:\/\/www.spaestonia.ee\/medical\/en\/sauna-and-water-centre-termid\/\"},{\"@type\":\"ListItem\",\"position\":3,\"name\":\"Maintenance days\"}]},{\"@type\":\"WebSite\",\"@id\":\"https:\/\/www.spaestonia.ee\/medical\/en\/#website\",\"url\":\"https:\/\/www.spaestonia.ee\/medical\/en\/\",\"name\":\"ESTONIA Medical Spa & Hotel\",\"description\":\"Ravispaa - Terveyskylpyl\u00e4 - P\u00e4rnu\",\"publisher\":{\"@id\":\"https:\/\/www.spaestonia.ee\/medical\/en\/#organization\"},\"potentialAction\":[{\"@type\":\"SearchAction\",\"target\":{\"@type\":\"EntryPoint\",\"urlTemplate\":\"https:\/\/www.spaestonia.ee\/medical\/en\/?s={search_term_string}\"},\"query-input\":{\"@type\":\"PropertyValueSpecification\",\"valueRequired\":true,\"valueName\":\"search_term_string\"}}],\"inLanguage\":\"en-US\"},{\"@type\":\"Organization\",\"@id\":\"https:\/\/www.spaestonia.ee\/medical\/en\/#organization\",\"name\":\"ESTONIA Medical Spa & Hotel\",\"url\":\"https:\/\/www.spaestonia.ee\/medical\/en\/\",\"logo\":{\"@type\":\"ImageObject\",\"inLanguage\":\"en-US\",\"@id\":\"https:\/\/www.spaestonia.ee\/medical\/en\/#\/schema\/logo\/image\/\",\"url\":\"https:\/\/www.spaestonia.ee\/medical\/wp-content\/uploads\/2025\/02\/medical.jpg\",\"contentUrl\":\"https:\/\/www.spaestonia.ee\/medical\/wp-content\/uploads\/2025\/02\/medical.jpg\",\"width\":700,\"height\":450,\"caption\":\"ESTONIA Medical Spa & Hotel\"},\"image\":{\"@id\":\"https:\/\/www.spaestonia.ee\/medical\/en\/#\/schema\/logo\/image\/\"},\"sameAs\":[\"https:\/\/www.facebook.com\/EstoniaMedicalSpa\"]}]}<\/script>\n<!-- \/ Yoast SEO plugin. -->","yoast_head_json":{"title":"Maintenance days - ESTONIA Medical Spa &amp; Hotel","robots":{"index":"index","follow":"follow","max-snippet":"max-snippet:-1","max-image-preview":"max-image-preview:large","max-video-preview":"max-video-preview:-1"},"canonical":"https:\/\/spaestonia.ee\/medical\/en\/sauna-and-water-centre-termid\/maintenance-days\/","og_locale":"en_US","og_type":"article","og_title":"Maintenance days - ESTONIA Medical Spa &amp; Hotel","og_description":"On these days the spa and sauna center will be opened for visitors from 5&hellip;","og_url":"https:\/\/spaestonia.ee\/medical\/en\/sauna-and-water-centre-termid\/maintenance-days\/","og_site_name":"ESTONIA Medical Spa &amp; Hotel","article_publisher":"https:\/\/www.facebook.com\/EstoniaMedicalSpa","article_modified_time":"2025-12-18T09:29:19+00:00","twitter_card":"summary_large_image","twitter_misc":{"Est. reading time":"1 minute"},"schema":{"@context":"https:\/\/schema.org","@graph":[{"@type":"WebPage","@id":"https:\/\/spaestonia.ee\/medical\/en\/sauna-and-water-centre-termid\/maintenance-days\/","url":"https:\/\/spaestonia.ee\/medical\/en\/sauna-and-water-centre-termid\/maintenance-days\/","name":"Maintenance days - ESTONIA Medical Spa &amp; Hotel","isPartOf":{"@id":"https:\/\/www.spaestonia.ee\/medical\/en\/#website"},"datePublished":"2014-12-25T17:18:57+00:00","dateModified":"2025-12-18T09:29:19+00:00","breadcrumb":{"@id":"https:\/\/spaestonia.ee\/medical\/en\/sauna-and-water-centre-termid\/maintenance-days\/#breadcrumb"},"inLanguage":"en-US","potentialAction":[{"@type":"ReadAction","target":["https:\/\/spaestonia.ee\/medical\/en\/sauna-and-water-centre-termid\/maintenance-days\/"]}]},{"@type":"BreadcrumbList","@id":"https:\/\/spaestonia.ee\/medical\/en\/sauna-and-water-centre-termid\/maintenance-days\/#breadcrumb","itemListElement":[{"@type":"ListItem","position":1,"name":"Home","item":"https:\/\/www.spaestonia.ee\/medical\/en\/"},{"@type":"ListItem","position":2,"name":"Spa Centre TERMID","item":"https:\/\/www.spaestonia.ee\/medical\/en\/sauna-and-water-centre-termid\/"},{"@type":"ListItem","position":3,"name":"Maintenance days"}]},{"@type":"WebSite","@id":"https:\/\/www.spaestonia.ee\/medical\/en\/#website","url":"https:\/\/www.spaestonia.ee\/medical\/en\/","name":"ESTONIA Medical Spa & Hotel","description":"Ravispaa - Terveyskylpyl\u00e4 - P\u00e4rnu","publisher":{"@id":"https:\/\/www.spaestonia.ee\/medical\/en\/#organization"},"potentialAction":[{"@type":"SearchAction","target":{"@type":"EntryPoint","urlTemplate":"https:\/\/www.spaestonia.ee\/medical\/en\/?s={search_term_string}"},"query-input":{"@type":"PropertyValueSpecification","valueRequired":true,"valueName":"search_term_string"}}],"inLanguage":"en-US"},{"@type":"Organization","@id":"https:\/\/www.spaestonia.ee\/medical\/en\/#organization","name":"ESTONIA Medical Spa & Hotel","url":"https:\/\/www.spaestonia.ee\/medical\/en\/","logo":{"@type":"ImageObject","inLanguage":"en-US","@id":"https:\/\/www.spaestonia.ee\/medical\/en\/#\/schema\/logo\/image\/","url":"https:\/\/www.spaestonia.ee\/medical\/wp-content\/uploads\/2025\/02\/medical.jpg","contentUrl":"https:\/\/www.spaestonia.ee\/medical\/wp-content\/uploads\/2025\/02\/medical.jpg","width":700,"height":450,"caption":"ESTONIA Medical Spa & Hotel"},"image":{"@id":"https:\/\/www.spaestonia.ee\/medical\/en\/#\/schema\/logo\/image\/"},"sameAs":["https:\/\/www.facebook.com\/EstoniaMedicalSpa"]}]}},"_links":{"self":[{"href":"https:\/\/spaestonia.ee\/medical\/en\/wp-json\/wp\/v2\/pages\/3218","targetHints":{"allow":["GET"]}}],"collection":[{"href":"https:\/\/spaestonia.ee\/medical\/en\/wp-json\/wp\/v2\/pages"}],"about":[{"href":"https:\/\/spaestonia.ee\/medical\/en\/wp-json\/wp\/v2\/types\/page"}],"author":[{"embeddable":true,"href":"https:\/\/spaestonia.ee\/medical\/en\/wp-json\/wp\/v2\/users\/1"}],"replies":[{"embeddable":true,"href":"https:\/\/spaestonia.ee\/medical\/en\/wp-json\/wp\/v2\/comments?post=3218"}],"version-history":[{"count":52,"href":"https:\/\/spaestonia.ee\/medical\/en\/wp-json\/wp\/v2\/pages\/3218\/revisions"}],"predecessor-version":[{"id":23083,"href":"https:\/\/spaestonia.ee\/medical\/en\/wp-json\/wp\/v2\/pages\/3218\/revisions\/23083"}],"up":[{"embeddable":true,"href":"https:\/\/spaestonia.ee\/medical\/en\/wp-json\/wp\/v2\/pages\/775"}],"wp:attachment":[{"href":"https:\/\/spaestonia.ee\/medical\/en\/wp-json\/wp\/v2\/media?parent=3218"}],"curies":[{"name":"wp","href":"https:\/\/api.w.org\/{rel}","templated":true}]}}