{"id":4702,"date":"2015-12-02T11:34:26","date_gmt":"2015-12-02T09:34:26","guid":{"rendered":"https:\/\/www.spaestonia.ee\/medical\/?page_id=4702"},"modified":"2026-01-02T14:02:14","modified_gmt":"2026-01-02T12:02:14","slug":"location-and-parking","status":"publish","type":"page","link":"https:\/\/spaestonia.ee\/medical\/en\/location-and-parking\/","title":{"rendered":"Location and parking"},"content":{"rendered":"<p>ESTONIA Medical Spa &amp; Hotel is situated in a prime location in\u00a0an idyllic beach area of P\u00e4rnu, only 5 minutes away from the\u00a0boardwalk and 15 minutes from the city center. A few steps\u00a0away from the hotel you can find a P\u00e4rnu Beach Park.<\/p>\n<p><strong>ESTONIA Medical Spa &amp; Hotel\u00a0address:<\/strong><\/p>\n<ul>\n<li>Hotel reception\u00a0\u2013 P\u00e4rna 12, P\u00e4rnu, Estonia, <a href=\"https:\/\/www.google.ee\/maps\/place\/P%C3%A4rna+12,+P%C3%A4rnu,+80014+P%C3%A4rnu+maakond\/@58.3792412,24.4970383,18.25z\/data=!4m5!3m4!1s0x46ecfd1a01a3a13d:0x5bbf18408132d848!8m2!3d58.3791463!4d24.4962184?hl=en\" target=\"_blank\" rel=\"noopener\">Google Maps<\/a><\/li>\n<li>Sauna and water center TERMID \u2013 S\u00e4\u00e4se 7, P\u00e4rnu, Estonia, <a href=\"https:\/\/www.google.ee\/maps\/place\/S%C3%A4%C3%A4se+7,+P%C3%A4rnu,+80012+P%C3%A4rnu+maakond\/@58.3789905,24.4976783,18.5z\/data=!4m5!3m4!1s0x46ecfd1a1d223941:0x49bb8c431542a08!8m2!3d58.3789614!4d24.4970831?hl=en\" target=\"_blank\" rel=\"noopener\">Google Maps<\/a><\/li>\n<\/ul>\n<hr \/>\n<h3><span style=\"color: #3366ff;\"><strong><img loading=\"lazy\" decoding=\"async\" class=\"wp-image-20799 alignright\" src=\"http:\/\/www.spaestonia.ee\/medical\/wp-content\/uploads\/2024\/04\/Parkimine_Estonia-Medical-Spa-Hotel.jpg\" alt=\"Parkimine_Estonia Medical Spa &amp; Hotel\" width=\"382\" height=\"292\" srcset=\"https:\/\/spaestonia.ee\/medical\/wp-content\/uploads\/2024\/04\/Parkimine_Estonia-Medical-Spa-Hotel.jpg 1100w, https:\/\/spaestonia.ee\/medical\/wp-content\/uploads\/2024\/04\/Parkimine_Estonia-Medical-Spa-Hotel-300x229.jpg 300w, https:\/\/spaestonia.ee\/medical\/wp-content\/uploads\/2024\/04\/Parkimine_Estonia-Medical-Spa-Hotel-1024x783.jpg 1024w, https:\/\/spaestonia.ee\/medical\/wp-content\/uploads\/2024\/04\/Parkimine_Estonia-Medical-Spa-Hotel-768x587.jpg 768w\" sizes=\"auto, (max-width: 382px) 100vw, 382px\" \/>From May 1 to August 31, parking in the ESTONIA Medical Spa &amp; Hotel parking lot is chargeable, free at other times.<\/strong><\/span><span style=\"color: #3366ff;\"><strong><br \/>\n<\/strong>Parking is available if there are vacant spaces.<\/span><\/h3>\n<p>The number of parking spaces are limited. Parking spaces cannot be booked in advance. A parking permit will not guarantee the availability of a parking space for the entire stay at the hotel if the guest leaves the hotel parking lot for a while during the stay<\/p>\n<p><span style=\"font-size: 20px;\"><strong><span style=\"color: #3366ff;\">PRICES 1.05-31.08<br \/>\n<\/span><\/strong><\/span><strong>With a parking meter <\/strong>30 min free<br \/>\n<strong>10 \u20ac <\/strong>\/ night\u00a0<em>(from hotel check-in to check-out)<\/em><strong><br \/>\n5 \u20ac<\/strong> \/ 3h<strong><br \/>\n1.05-31.08, registration and settlement of parking ONLY at the reception of the hotel\/spa!<\/strong><\/p>\n<p>Parking is operated by <a href=\"https:\/\/europark.ee\/\" target=\"_blank\" rel=\"noopener\">EuroPark ESTONIA<\/a>.<\/p>\n<hr \/>\n<p><strong>Parking in the hotel parking lot is free of charge for people with a disability:<\/strong><br \/>\n\u2013 A driver with a mobility disability and the driver of a vehicle servicing people with a mobility disability or blind people\u00a0<strong>can<\/strong>\u00a0<strong>park in the hotel parking lot free of charge<\/strong>.<br \/>\n\u2013 Exemption from the parking fee must be proven by a parking card of a vehicle servicing people with a mobility disability and blind people, as specified in \u00a7 167 of the Traffic Act.<br \/>\n\u2013 The parking card must be displayed on the front or back window of the vehicle.<\/p>\n<hr \/>\n<p><strong>For city street parking conditions, visit the Visit P\u00e4rnu website\u00a0<a href=\"https:\/\/visitparnu.com\/en\/parking-in-parnu\/\" target=\"_blank\" rel=\"noopener\">visitparnu.com<\/a>.<\/strong><\/p>\n<hr \/>\n<h3><span style=\"font-size: 20px;\"><strong>Forget about tiring car rides and parking problems upon arrival and<br \/>\ncome to P\u00e4rnu with Lux Express!<\/strong><\/span><\/h3>\n<p>When you travel with Lux Express, your vacation begins on the road! Nap, read, or watch movies. The wide seats, ample legroom, and adjustable air conditioning above your head ensure comfort throughout the journey.<\/p>\n<p><strong><img loading=\"lazy\" decoding=\"async\" class=\"wp-image-42806 alignright\" src=\"http:\/\/www.spaestonia.ee\/resort\/wp-content\/uploads\/2024\/08\/Luxexpress-1.jpg\" alt=\"Luxexpress (1)\" width=\"310\" height=\"310\" \/>With the discount code <span style=\"font-size: 20px;\">ESTONIASPA<\/span>, you can get a Lux Express bus ticket 20% cheaper!<\/strong><\/p>\n<ul>\n<li><span style=\"font-size: 20px;\"><strong>A\u00a020%\u00a0discount<\/strong> <\/span>applies to the regular ticket price when purchasing the ticket on\u00a0<a href=\"https:\/\/luxexpress.eu\/\">luxexpress.eu<\/a>\u00a0using the discount code\u00a0<strong>ESTONIASPA<\/strong>.<\/li>\n<li>The offer is<span style=\"font-size: 20px;\">\u00a0<strong>valid until 31.05.2026<\/strong>\u00a0<\/span>(the trip must take place no later than 31.05).<\/li>\n<li>The campaign applies to domestic routes in Estonia that travel to and from P\u00e4rnu or pass through P\u00e4rnu, as well as the international Riga-P\u00e4rnu-Riga route.<\/li>\n<li>The discount applies to both one-way and round-trip tickets. Instructions for using the discount code can be found on the\u00a0<a href=\"https:\/\/luxexpress.eu\/faq\/360003971139\/360015520799\/\">Lux Express website<\/a>.<\/li>\n<\/ul>\n<p><strong><em>Conditions:<\/em><\/strong><em><br \/>\n\u2013 Discount is applied only when the standard seat is selected.<br \/>\n\u2013 The maximum number of tickets that can be purchased with the discount code is 8 tickets per departure.<br \/>\n\u2013 When changing a campaign ticket, the passenger must pay the price difference between the original and the new ticket.<br \/>\n\u2013 Campaign tickets cannot be returned.<br \/>\n\u2013 Campaign tickets cannot be exchanged for other discount-class tickets.<br \/>\n\u2013 Campaign tickets can only be purchased in the Lux Express ticketing system \u2013\u00a0<\/em><a href=\"http:\/\/www.luxexpress.eu\/\"><em>www.luxexpress.eu<\/em><\/a><em>\u00a0or in the mobile application<br \/>\n(available in the\u00a0<\/em><a href=\"https:\/\/apps.apple.com\/ua\/app\/lux-express\/id1516185295\"><em>App Store<\/em><\/a><em>\u00a0and\u00a0<\/em><a href=\"https:\/\/play.google.com\/store\/apps\/details?id=com.luxexpress\"><em>Google Play<\/em><\/a><em>).<\/em><\/p>\n","protected":false},"excerpt":{"rendered":"<p>ESTONIA Medical Spa &amp; Hotel is situated in a prime location in\u00a0an idyllic beach area&hellip;<\/p>\n","protected":false},"author":1,"featured_media":0,"parent":0,"menu_order":0,"comment_status":"closed","ping_status":"open","template":"","meta":{"footnotes":""},"class_list":["post-4702","page","type-page","status-publish","hentry"],"yoast_head":"<!-- This site is optimized with the Yoast SEO plugin v26.3 - https:\/\/yoast.com\/wordpress\/plugins\/seo\/ -->\n<title>Location and parking - ESTONIA Medical Spa &amp; Hotel<\/title>\n<meta name=\"robots\" content=\"index, follow, max-snippet:-1, max-image-preview:large, max-video-preview:-1\" \/>\n<link rel=\"canonical\" href=\"https:\/\/spaestonia.ee\/medical\/en\/location-and-parking\/\" \/>\n<meta property=\"og:locale\" content=\"en_US\" \/>\n<meta property=\"og:type\" content=\"article\" \/>\n<meta property=\"og:title\" content=\"Location and parking - ESTONIA Medical Spa &amp; Hotel\" \/>\n<meta property=\"og:description\" content=\"ESTONIA Medical Spa &amp; Hotel is situated in a prime location in\u00a0an idyllic beach area&hellip;\" \/>\n<meta property=\"og:url\" content=\"https:\/\/spaestonia.ee\/medical\/en\/location-and-parking\/\" \/>\n<meta property=\"og:site_name\" content=\"ESTONIA Medical Spa &amp; Hotel\" \/>\n<meta property=\"article:publisher\" content=\"https:\/\/www.facebook.com\/EstoniaMedicalSpa\" \/>\n<meta property=\"article:modified_time\" content=\"2026-01-02T12:02:14+00:00\" \/>\n<meta property=\"og:image\" content=\"http:\/\/www.spaestonia.ee\/medical\/wp-content\/uploads\/2024\/04\/Parkimine_Estonia-Medical-Spa-Hotel.jpg\" \/>\n<meta name=\"twitter:card\" content=\"summary_large_image\" \/>\n<meta name=\"twitter:label1\" content=\"Est. reading time\" \/>\n\t<meta name=\"twitter:data1\" content=\"4 minutes\" \/>\n<script type=\"application\/ld+json\" class=\"yoast-schema-graph\">{\"@context\":\"https:\/\/schema.org\",\"@graph\":[{\"@type\":\"WebPage\",\"@id\":\"https:\/\/spaestonia.ee\/medical\/en\/location-and-parking\/\",\"url\":\"https:\/\/spaestonia.ee\/medical\/en\/location-and-parking\/\",\"name\":\"Location and parking - ESTONIA Medical Spa &amp; Hotel\",\"isPartOf\":{\"@id\":\"https:\/\/www.spaestonia.ee\/medical\/en\/#website\"},\"primaryImageOfPage\":{\"@id\":\"https:\/\/spaestonia.ee\/medical\/en\/location-and-parking\/#primaryimage\"},\"image\":{\"@id\":\"https:\/\/spaestonia.ee\/medical\/en\/location-and-parking\/#primaryimage\"},\"thumbnailUrl\":\"http:\/\/www.spaestonia.ee\/medical\/wp-content\/uploads\/2024\/04\/Parkimine_Estonia-Medical-Spa-Hotel.jpg\",\"datePublished\":\"2015-12-02T09:34:26+00:00\",\"dateModified\":\"2026-01-02T12:02:14+00:00\",\"breadcrumb\":{\"@id\":\"https:\/\/spaestonia.ee\/medical\/en\/location-and-parking\/#breadcrumb\"},\"inLanguage\":\"en-US\",\"potentialAction\":[{\"@type\":\"ReadAction\",\"target\":[\"https:\/\/spaestonia.ee\/medical\/en\/location-and-parking\/\"]}]},{\"@type\":\"ImageObject\",\"inLanguage\":\"en-US\",\"@id\":\"https:\/\/spaestonia.ee\/medical\/en\/location-and-parking\/#primaryimage\",\"url\":\"http:\/\/www.spaestonia.ee\/medical\/wp-content\/uploads\/2024\/04\/Parkimine_Estonia-Medical-Spa-Hotel.jpg\",\"contentUrl\":\"http:\/\/www.spaestonia.ee\/medical\/wp-content\/uploads\/2024\/04\/Parkimine_Estonia-Medical-Spa-Hotel.jpg\"},{\"@type\":\"BreadcrumbList\",\"@id\":\"https:\/\/spaestonia.ee\/medical\/en\/location-and-parking\/#breadcrumb\",\"itemListElement\":[{\"@type\":\"ListItem\",\"position\":1,\"name\":\"Home\",\"item\":\"https:\/\/www.spaestonia.ee\/medical\/en\/\"},{\"@type\":\"ListItem\",\"position\":2,\"name\":\"Location and parking\"}]},{\"@type\":\"WebSite\",\"@id\":\"https:\/\/www.spaestonia.ee\/medical\/en\/#website\",\"url\":\"https:\/\/www.spaestonia.ee\/medical\/en\/\",\"name\":\"ESTONIA Medical Spa & Hotel\",\"description\":\"Ravispaa - Terveyskylpyl\u00e4 - P\u00e4rnu\",\"publisher\":{\"@id\":\"https:\/\/www.spaestonia.ee\/medical\/en\/#organization\"},\"potentialAction\":[{\"@type\":\"SearchAction\",\"target\":{\"@type\":\"EntryPoint\",\"urlTemplate\":\"https:\/\/www.spaestonia.ee\/medical\/en\/?s={search_term_string}\"},\"query-input\":{\"@type\":\"PropertyValueSpecification\",\"valueRequired\":true,\"valueName\":\"search_term_string\"}}],\"inLanguage\":\"en-US\"},{\"@type\":\"Organization\",\"@id\":\"https:\/\/www.spaestonia.ee\/medical\/en\/#organization\",\"name\":\"ESTONIA Medical Spa & Hotel\",\"url\":\"https:\/\/www.spaestonia.ee\/medical\/en\/\",\"logo\":{\"@type\":\"ImageObject\",\"inLanguage\":\"en-US\",\"@id\":\"https:\/\/www.spaestonia.ee\/medical\/en\/#\/schema\/logo\/image\/\",\"url\":\"https:\/\/www.spaestonia.ee\/medical\/wp-content\/uploads\/2025\/02\/medical.jpg\",\"contentUrl\":\"https:\/\/www.spaestonia.ee\/medical\/wp-content\/uploads\/2025\/02\/medical.jpg\",\"width\":700,\"height\":450,\"caption\":\"ESTONIA Medical Spa & Hotel\"},\"image\":{\"@id\":\"https:\/\/www.spaestonia.ee\/medical\/en\/#\/schema\/logo\/image\/\"},\"sameAs\":[\"https:\/\/www.facebook.com\/EstoniaMedicalSpa\"]}]}<\/script>\n<!-- \/ Yoast SEO plugin. -->","yoast_head_json":{"title":"Location and parking - ESTONIA Medical Spa &amp; Hotel","robots":{"index":"index","follow":"follow","max-snippet":"max-snippet:-1","max-image-preview":"max-image-preview:large","max-video-preview":"max-video-preview:-1"},"canonical":"https:\/\/spaestonia.ee\/medical\/en\/location-and-parking\/","og_locale":"en_US","og_type":"article","og_title":"Location and parking - ESTONIA Medical Spa &amp; Hotel","og_description":"ESTONIA Medical Spa &amp; Hotel is situated in a prime location in\u00a0an idyllic beach area&hellip;","og_url":"https:\/\/spaestonia.ee\/medical\/en\/location-and-parking\/","og_site_name":"ESTONIA Medical Spa &amp; Hotel","article_publisher":"https:\/\/www.facebook.com\/EstoniaMedicalSpa","article_modified_time":"2026-01-02T12:02:14+00:00","og_image":[{"url":"http:\/\/www.spaestonia.ee\/medical\/wp-content\/uploads\/2024\/04\/Parkimine_Estonia-Medical-Spa-Hotel.jpg","type":"","width":"","height":""}],"twitter_card":"summary_large_image","twitter_misc":{"Est. reading time":"4 minutes"},"schema":{"@context":"https:\/\/schema.org","@graph":[{"@type":"WebPage","@id":"https:\/\/spaestonia.ee\/medical\/en\/location-and-parking\/","url":"https:\/\/spaestonia.ee\/medical\/en\/location-and-parking\/","name":"Location and parking - ESTONIA Medical Spa &amp; Hotel","isPartOf":{"@id":"https:\/\/www.spaestonia.ee\/medical\/en\/#website"},"primaryImageOfPage":{"@id":"https:\/\/spaestonia.ee\/medical\/en\/location-and-parking\/#primaryimage"},"image":{"@id":"https:\/\/spaestonia.ee\/medical\/en\/location-and-parking\/#primaryimage"},"thumbnailUrl":"http:\/\/www.spaestonia.ee\/medical\/wp-content\/uploads\/2024\/04\/Parkimine_Estonia-Medical-Spa-Hotel.jpg","datePublished":"2015-12-02T09:34:26+00:00","dateModified":"2026-01-02T12:02:14+00:00","breadcrumb":{"@id":"https:\/\/spaestonia.ee\/medical\/en\/location-and-parking\/#breadcrumb"},"inLanguage":"en-US","potentialAction":[{"@type":"ReadAction","target":["https:\/\/spaestonia.ee\/medical\/en\/location-and-parking\/"]}]},{"@type":"ImageObject","inLanguage":"en-US","@id":"https:\/\/spaestonia.ee\/medical\/en\/location-and-parking\/#primaryimage","url":"http:\/\/www.spaestonia.ee\/medical\/wp-content\/uploads\/2024\/04\/Parkimine_Estonia-Medical-Spa-Hotel.jpg","contentUrl":"http:\/\/www.spaestonia.ee\/medical\/wp-content\/uploads\/2024\/04\/Parkimine_Estonia-Medical-Spa-Hotel.jpg"},{"@type":"BreadcrumbList","@id":"https:\/\/spaestonia.ee\/medical\/en\/location-and-parking\/#breadcrumb","itemListElement":[{"@type":"ListItem","position":1,"name":"Home","item":"https:\/\/www.spaestonia.ee\/medical\/en\/"},{"@type":"ListItem","position":2,"name":"Location and parking"}]},{"@type":"WebSite","@id":"https:\/\/www.spaestonia.ee\/medical\/en\/#website","url":"https:\/\/www.spaestonia.ee\/medical\/en\/","name":"ESTONIA Medical Spa & Hotel","description":"Ravispaa - Terveyskylpyl\u00e4 - P\u00e4rnu","publisher":{"@id":"https:\/\/www.spaestonia.ee\/medical\/en\/#organization"},"potentialAction":[{"@type":"SearchAction","target":{"@type":"EntryPoint","urlTemplate":"https:\/\/www.spaestonia.ee\/medical\/en\/?s={search_term_string}"},"query-input":{"@type":"PropertyValueSpecification","valueRequired":true,"valueName":"search_term_string"}}],"inLanguage":"en-US"},{"@type":"Organization","@id":"https:\/\/www.spaestonia.ee\/medical\/en\/#organization","name":"ESTONIA Medical Spa & Hotel","url":"https:\/\/www.spaestonia.ee\/medical\/en\/","logo":{"@type":"ImageObject","inLanguage":"en-US","@id":"https:\/\/www.spaestonia.ee\/medical\/en\/#\/schema\/logo\/image\/","url":"https:\/\/www.spaestonia.ee\/medical\/wp-content\/uploads\/2025\/02\/medical.jpg","contentUrl":"https:\/\/www.spaestonia.ee\/medical\/wp-content\/uploads\/2025\/02\/medical.jpg","width":700,"height":450,"caption":"ESTONIA Medical Spa & Hotel"},"image":{"@id":"https:\/\/www.spaestonia.ee\/medical\/en\/#\/schema\/logo\/image\/"},"sameAs":["https:\/\/www.facebook.com\/EstoniaMedicalSpa"]}]}},"_links":{"self":[{"href":"https:\/\/spaestonia.ee\/medical\/en\/wp-json\/wp\/v2\/pages\/4702","targetHints":{"allow":["GET"]}}],"collection":[{"href":"https:\/\/spaestonia.ee\/medical\/en\/wp-json\/wp\/v2\/pages"}],"about":[{"href":"https:\/\/spaestonia.ee\/medical\/en\/wp-json\/wp\/v2\/types\/page"}],"author":[{"embeddable":true,"href":"https:\/\/spaestonia.ee\/medical\/en\/wp-json\/wp\/v2\/users\/1"}],"replies":[{"embeddable":true,"href":"https:\/\/spaestonia.ee\/medical\/en\/wp-json\/wp\/v2\/comments?post=4702"}],"version-history":[{"count":31,"href":"https:\/\/spaestonia.ee\/medical\/en\/wp-json\/wp\/v2\/pages\/4702\/revisions"}],"predecessor-version":[{"id":23153,"href":"https:\/\/spaestonia.ee\/medical\/en\/wp-json\/wp\/v2\/pages\/4702\/revisions\/23153"}],"wp:attachment":[{"href":"https:\/\/spaestonia.ee\/medical\/en\/wp-json\/wp\/v2\/media?parent=4702"}],"curies":[{"name":"wp","href":"https:\/\/api.w.org\/{rel}","templated":true}]}}