{"id":775,"date":"2014-11-13T19:49:12","date_gmt":"2014-11-13T17:49:12","guid":{"rendered":"https:\/\/www.spaestonia.ee\/medical\/?page_id=775"},"modified":"2026-01-05T09:47:27","modified_gmt":"2026-01-05T07:47:27","slug":"sauna-and-water-centre-termid","status":"publish","type":"page","link":"https:\/\/spaestonia.ee\/medical\/en\/sauna-and-water-centre-termid\/","title":{"rendered":"Spa Centre TERMID"},"content":{"rendered":"<p><strong>The pools and saunas of TERMID spa centre are open from 7:30 to 21:30, <\/strong>except\u00a0<a href=\"https:\/\/www.spaestonia.ee\/medical\/en\/sauna-and-water-centre-termid\/maintenance-days\/\">maintenance days<\/a>!<\/p>\n<h3><strong style=\"font-size: 16px;\">PRICES\u00a0<\/strong><\/h3>\n<table width=\"725\">\n<tbody>\n<tr>\n<td width=\"183\"><strong>Opening hours<\/strong><\/td>\n<td style=\"text-align: center;\" width=\"138\"><strong>Adult<\/strong><\/td>\n<td style=\"text-align: center;\" width=\"127\"><strong>Child (4<\/strong><strong>\u2013<\/strong><strong>14y)<\/strong><\/td>\n<td style=\"text-align: center;\" width=\"140\"><strong>Discount ticket*<\/strong><\/td>\n<td style=\"text-align: center;\" width=\"137\"><strong>Family ticket**<\/strong><\/td>\n<\/tr>\n<tr>\n<td width=\"183\"><strong>Monday-Thursday<br \/>\n7:30-21:30<br \/>\n<\/strong><\/td>\n<td style=\"text-align: center;\" width=\"138\"><strong>15 \u20ac<\/strong><\/td>\n<td style=\"text-align: center;\" width=\"127\"><strong>9 \u20ac<\/strong><\/td>\n<td style=\"text-align: center;\" width=\"140\"><strong>13 \u20ac<\/strong><\/td>\n<td style=\"text-align: center;\" width=\"137\"><strong>39 \u20ac<\/strong><\/td>\n<\/tr>\n<tr>\n<td width=\"183\"><strong>Friday-Sunday<br \/>\n7:30-21:30<br \/>\n<\/strong><\/td>\n<td style=\"text-align: center;\" width=\"138\"><strong>22 \u20ac<\/strong><\/td>\n<td style=\"text-align: center;\" width=\"127\"><strong>14 \u20ac<\/strong><\/td>\n<td style=\"text-align: center;\" width=\"140\"><strong>18 \u20ac<\/strong><\/td>\n<td style=\"text-align: center;\" width=\"137\"><strong>58 \u20ac<\/strong><\/td>\n<\/tr>\n<\/tbody>\n<\/table>\n<p><strong>*<\/strong> The discount ticket applies to retired people based on Estonian pension certificate and to young people from the age of 15 based on a student ID\/ISIC card.<br \/>\n<strong>**<\/strong>\u00a0Family ticket is valid for 2 adults and 2 children (4-14y incl) or 1 adult and 3 children (4-14y incl).<br \/>\nA child younger than 3 years (incl) is free of charge if accompanied by an adult.<\/p>\n<ul>\n<li><strong>Prices include 3-hour visit.<\/strong><\/li>\n<li>The Friday-Sunday price applies on Estonian public holidays: 24.02, 23.06, 24.06, 20.08, 24.12.<\/li>\n<li>The saunas will be switched off at 21:00<\/li>\n<\/ul>\n<h3><strong>Hotel guests:<\/strong><\/h3>\n<ul>\n<li><strong>For customers who only booked hotel accommodation\u00a0<\/strong>(i.e., an accommodation package with breakfast):<br \/>\n\u2013 you will receive unlimited access to TERMID spa centre during your stay at the hotel from 7.30 to 21.30 (<em>on the day of arrival you may enter the spa from 15.00 (check-in) and on the day of departure until 10.00 at the latest<\/em>).<\/li>\n<li><strong>For customers who booked a package with treatments:<br \/>\n<\/strong>\u00a0TERMID spa centre is available from 7.30 to 21.30* (<em>on the day of arrival you may enter from 15.00 (check-in) and on the day of departure until 10.00 at the latest<\/em>).<\/li>\n<\/ul>\n<h3><strong>For extra charge:<\/strong><\/h3>\n<ul>\n<li>Towel rental 3 \u20ac and bathrobe rental 6 \u20ac<\/li>\n<li><a href=\"https:\/\/www.spaestonia.ee\/medical\/en\/sauna-and-water-centre-termid\/water-aerobics-and-water-running\/\">Water gymnastics<\/a> from Monday to Friday.<\/li>\n<li><a href=\"https:\/\/www.spaestonia.ee\/medical\/en\/sauna-and-water-centre-termid\/thai-massage\/\">Thai massage<\/a><\/li>\n<\/ul>\n<p><strong>Parking in the hotel parking lot is chargeable between 1.05-31.08, free at other times. <\/strong>More information about parking <a href=\"https:\/\/www.spaestonia.ee\/medical\/en\/location-and-parking\/\">HERE<\/a>.<\/p>\n<h3><strong>Information:<\/strong><\/h3>\n<p>+372 447 6865 or +372 447 6870<\/p>\n<p><strong>Spa Centre TERMID locates at S\u00e4\u00e4se 7, P\u00e4rnu<\/strong>.\u00a0<a title=\"Estonia Spa TERMID location on the map\" href=\"https:\/\/www.spaestonia.ee\/medical\/en\/sauna-and-water-centre-termid\/termid-location\/\" target=\"_blank\" rel=\"noopener\">Location on the map\u00a0\u00bb<\/a><br \/>\n<strong>OPEN every day at 7:30 \u2013 21:30,\u00a0<\/strong>except\u00a0<a href=\"https:\/\/www.spaestonia.ee\/medical\/en\/sauna-and-water-centre-termid\/maintenance-days\/\">maintenance days<\/a><\/p>\n","protected":false},"excerpt":{"rendered":"<p>The pools and saunas of TERMID spa centre are open from 7:30 to 21:30, except\u00a0maintenance&hellip;<\/p>\n","protected":false},"author":1,"featured_media":0,"parent":0,"menu_order":0,"comment_status":"closed","ping_status":"open","template":"","meta":{"footnotes":""},"class_list":["post-775","page","type-page","status-publish","hentry"],"yoast_head":"<!-- This site is optimized with the Yoast SEO plugin v26.3 - https:\/\/yoast.com\/wordpress\/plugins\/seo\/ -->\n<title>Spa Centre TERMID - ESTONIA Medical Spa &amp; Hotel<\/title>\n<meta name=\"robots\" content=\"index, follow, max-snippet:-1, max-image-preview:large, max-video-preview:-1\" \/>\n<link rel=\"canonical\" href=\"https:\/\/spaestonia.ee\/medical\/en\/sauna-and-water-centre-termid\/\" \/>\n<meta property=\"og:locale\" content=\"en_US\" \/>\n<meta property=\"og:type\" content=\"article\" \/>\n<meta property=\"og:title\" content=\"Spa Centre TERMID - ESTONIA Medical Spa &amp; Hotel\" \/>\n<meta property=\"og:description\" content=\"The pools and saunas of TERMID spa centre are open from 7:30 to 21:30, except\u00a0maintenance&hellip;\" \/>\n<meta property=\"og:url\" content=\"https:\/\/spaestonia.ee\/medical\/en\/sauna-and-water-centre-termid\/\" \/>\n<meta property=\"og:site_name\" content=\"ESTONIA Medical Spa &amp; Hotel\" \/>\n<meta property=\"article:publisher\" content=\"https:\/\/www.facebook.com\/EstoniaMedicalSpa\" \/>\n<meta property=\"article:modified_time\" content=\"2026-01-05T07:47:27+00:00\" \/>\n<meta name=\"twitter:card\" content=\"summary_large_image\" \/>\n<meta name=\"twitter:label1\" content=\"Est. reading time\" \/>\n\t<meta name=\"twitter:data1\" content=\"2 minutes\" \/>\n<script type=\"application\/ld+json\" class=\"yoast-schema-graph\">{\"@context\":\"https:\/\/schema.org\",\"@graph\":[{\"@type\":\"WebPage\",\"@id\":\"https:\/\/spaestonia.ee\/medical\/en\/sauna-and-water-centre-termid\/\",\"url\":\"https:\/\/spaestonia.ee\/medical\/en\/sauna-and-water-centre-termid\/\",\"name\":\"Spa Centre TERMID - ESTONIA Medical Spa &amp; Hotel\",\"isPartOf\":{\"@id\":\"https:\/\/www.spaestonia.ee\/medical\/en\/#website\"},\"datePublished\":\"2014-11-13T17:49:12+00:00\",\"dateModified\":\"2026-01-05T07:47:27+00:00\",\"breadcrumb\":{\"@id\":\"https:\/\/spaestonia.ee\/medical\/en\/sauna-and-water-centre-termid\/#breadcrumb\"},\"inLanguage\":\"en-US\",\"potentialAction\":[{\"@type\":\"ReadAction\",\"target\":[\"https:\/\/spaestonia.ee\/medical\/en\/sauna-and-water-centre-termid\/\"]}]},{\"@type\":\"BreadcrumbList\",\"@id\":\"https:\/\/spaestonia.ee\/medical\/en\/sauna-and-water-centre-termid\/#breadcrumb\",\"itemListElement\":[{\"@type\":\"ListItem\",\"position\":1,\"name\":\"Home\",\"item\":\"https:\/\/www.spaestonia.ee\/medical\/en\/\"},{\"@type\":\"ListItem\",\"position\":2,\"name\":\"Spa Centre TERMID\"}]},{\"@type\":\"WebSite\",\"@id\":\"https:\/\/www.spaestonia.ee\/medical\/en\/#website\",\"url\":\"https:\/\/www.spaestonia.ee\/medical\/en\/\",\"name\":\"ESTONIA Medical Spa & Hotel\",\"description\":\"Ravispaa - Terveyskylpyl\u00e4 - P\u00e4rnu\",\"publisher\":{\"@id\":\"https:\/\/www.spaestonia.ee\/medical\/en\/#organization\"},\"potentialAction\":[{\"@type\":\"SearchAction\",\"target\":{\"@type\":\"EntryPoint\",\"urlTemplate\":\"https:\/\/www.spaestonia.ee\/medical\/en\/?s={search_term_string}\"},\"query-input\":{\"@type\":\"PropertyValueSpecification\",\"valueRequired\":true,\"valueName\":\"search_term_string\"}}],\"inLanguage\":\"en-US\"},{\"@type\":\"Organization\",\"@id\":\"https:\/\/www.spaestonia.ee\/medical\/en\/#organization\",\"name\":\"ESTONIA Medical Spa & Hotel\",\"url\":\"https:\/\/www.spaestonia.ee\/medical\/en\/\",\"logo\":{\"@type\":\"ImageObject\",\"inLanguage\":\"en-US\",\"@id\":\"https:\/\/www.spaestonia.ee\/medical\/en\/#\/schema\/logo\/image\/\",\"url\":\"https:\/\/www.spaestonia.ee\/medical\/wp-content\/uploads\/2025\/02\/medical.jpg\",\"contentUrl\":\"https:\/\/www.spaestonia.ee\/medical\/wp-content\/uploads\/2025\/02\/medical.jpg\",\"width\":700,\"height\":450,\"caption\":\"ESTONIA Medical Spa & Hotel\"},\"image\":{\"@id\":\"https:\/\/www.spaestonia.ee\/medical\/en\/#\/schema\/logo\/image\/\"},\"sameAs\":[\"https:\/\/www.facebook.com\/EstoniaMedicalSpa\"]}]}<\/script>\n<!-- \/ Yoast SEO plugin. -->","yoast_head_json":{"title":"Spa Centre TERMID - ESTONIA Medical Spa &amp; Hotel","robots":{"index":"index","follow":"follow","max-snippet":"max-snippet:-1","max-image-preview":"max-image-preview:large","max-video-preview":"max-video-preview:-1"},"canonical":"https:\/\/spaestonia.ee\/medical\/en\/sauna-and-water-centre-termid\/","og_locale":"en_US","og_type":"article","og_title":"Spa Centre TERMID - ESTONIA Medical Spa &amp; Hotel","og_description":"The pools and saunas of TERMID spa centre are open from 7:30 to 21:30, except\u00a0maintenance&hellip;","og_url":"https:\/\/spaestonia.ee\/medical\/en\/sauna-and-water-centre-termid\/","og_site_name":"ESTONIA Medical Spa &amp; Hotel","article_publisher":"https:\/\/www.facebook.com\/EstoniaMedicalSpa","article_modified_time":"2026-01-05T07:47:27+00:00","twitter_card":"summary_large_image","twitter_misc":{"Est. reading time":"2 minutes"},"schema":{"@context":"https:\/\/schema.org","@graph":[{"@type":"WebPage","@id":"https:\/\/spaestonia.ee\/medical\/en\/sauna-and-water-centre-termid\/","url":"https:\/\/spaestonia.ee\/medical\/en\/sauna-and-water-centre-termid\/","name":"Spa Centre TERMID - ESTONIA Medical Spa &amp; Hotel","isPartOf":{"@id":"https:\/\/www.spaestonia.ee\/medical\/en\/#website"},"datePublished":"2014-11-13T17:49:12+00:00","dateModified":"2026-01-05T07:47:27+00:00","breadcrumb":{"@id":"https:\/\/spaestonia.ee\/medical\/en\/sauna-and-water-centre-termid\/#breadcrumb"},"inLanguage":"en-US","potentialAction":[{"@type":"ReadAction","target":["https:\/\/spaestonia.ee\/medical\/en\/sauna-and-water-centre-termid\/"]}]},{"@type":"BreadcrumbList","@id":"https:\/\/spaestonia.ee\/medical\/en\/sauna-and-water-centre-termid\/#breadcrumb","itemListElement":[{"@type":"ListItem","position":1,"name":"Home","item":"https:\/\/www.spaestonia.ee\/medical\/en\/"},{"@type":"ListItem","position":2,"name":"Spa Centre TERMID"}]},{"@type":"WebSite","@id":"https:\/\/www.spaestonia.ee\/medical\/en\/#website","url":"https:\/\/www.spaestonia.ee\/medical\/en\/","name":"ESTONIA Medical Spa & Hotel","description":"Ravispaa - Terveyskylpyl\u00e4 - P\u00e4rnu","publisher":{"@id":"https:\/\/www.spaestonia.ee\/medical\/en\/#organization"},"potentialAction":[{"@type":"SearchAction","target":{"@type":"EntryPoint","urlTemplate":"https:\/\/www.spaestonia.ee\/medical\/en\/?s={search_term_string}"},"query-input":{"@type":"PropertyValueSpecification","valueRequired":true,"valueName":"search_term_string"}}],"inLanguage":"en-US"},{"@type":"Organization","@id":"https:\/\/www.spaestonia.ee\/medical\/en\/#organization","name":"ESTONIA Medical Spa & Hotel","url":"https:\/\/www.spaestonia.ee\/medical\/en\/","logo":{"@type":"ImageObject","inLanguage":"en-US","@id":"https:\/\/www.spaestonia.ee\/medical\/en\/#\/schema\/logo\/image\/","url":"https:\/\/www.spaestonia.ee\/medical\/wp-content\/uploads\/2025\/02\/medical.jpg","contentUrl":"https:\/\/www.spaestonia.ee\/medical\/wp-content\/uploads\/2025\/02\/medical.jpg","width":700,"height":450,"caption":"ESTONIA Medical Spa & Hotel"},"image":{"@id":"https:\/\/www.spaestonia.ee\/medical\/en\/#\/schema\/logo\/image\/"},"sameAs":["https:\/\/www.facebook.com\/EstoniaMedicalSpa"]}]}},"_links":{"self":[{"href":"https:\/\/spaestonia.ee\/medical\/en\/wp-json\/wp\/v2\/pages\/775","targetHints":{"allow":["GET"]}}],"collection":[{"href":"https:\/\/spaestonia.ee\/medical\/en\/wp-json\/wp\/v2\/pages"}],"about":[{"href":"https:\/\/spaestonia.ee\/medical\/en\/wp-json\/wp\/v2\/types\/page"}],"author":[{"embeddable":true,"href":"https:\/\/spaestonia.ee\/medical\/en\/wp-json\/wp\/v2\/users\/1"}],"replies":[{"embeddable":true,"href":"https:\/\/spaestonia.ee\/medical\/en\/wp-json\/wp\/v2\/comments?post=775"}],"version-history":[{"count":157,"href":"https:\/\/spaestonia.ee\/medical\/en\/wp-json\/wp\/v2\/pages\/775\/revisions"}],"predecessor-version":[{"id":23158,"href":"https:\/\/spaestonia.ee\/medical\/en\/wp-json\/wp\/v2\/pages\/775\/revisions\/23158"}],"wp:attachment":[{"href":"https:\/\/spaestonia.ee\/medical\/en\/wp-json\/wp\/v2\/media?parent=775"}],"curies":[{"name":"wp","href":"https:\/\/api.w.org\/{rel}","templated":true}]}}