{"id":13272,"date":"2020-12-04T07:53:30","date_gmt":"2020-12-04T05:53:30","guid":{"rendered":"http:\/\/www.spaestonia.ee\/medical\/fi\/?page_id=13272"},"modified":"2023-10-26T14:16:07","modified_gmt":"2023-10-26T11:16:07","slug":"lemmikin-kanssa-matkustavalle","status":"publish","type":"page","link":"https:\/\/spaestonia.ee\/medical\/fi\/lemmikin-kanssa-matkustavalle\/","title":{"rendered":"Lemmikin kanssa matkustavalle"},"content":{"rendered":"<p><img loading=\"lazy\" decoding=\"async\" class=\"wp-image-12464 alignright\" src=\"http:\/\/www.spaestonia.ee\/medical\/wp-content\/uploads\/2014\/11\/kutsu_bobby_voodis.jpg\" alt=\"kutsu_bobby_voodis\" width=\"466\" height=\"325\" srcset=\"https:\/\/spaestonia.ee\/medical\/wp-content\/uploads\/2014\/11\/kutsu_bobby_voodis.jpg 5037w, https:\/\/spaestonia.ee\/medical\/wp-content\/uploads\/2014\/11\/kutsu_bobby_voodis-300x209.jpg 300w, https:\/\/spaestonia.ee\/medical\/wp-content\/uploads\/2014\/11\/kutsu_bobby_voodis-768x535.jpg 768w, https:\/\/spaestonia.ee\/medical\/wp-content\/uploads\/2014\/11\/kutsu_bobby_voodis-1024x714.jpg 1024w\" sizes=\"auto, (max-width: 466px) 100vw, 466px\" \/>Lemmikin lis\u00e4maksu on\u00a0<strong>20 \u20ac\/y\u00f6<\/strong>.<\/p>\n<p><strong>Hintaan kuuluu<\/strong><strong>:<\/strong><br \/>\n\u2013 juomakuppi<br \/>\n\u2013 pyyhe tassujen pesemiseen<br \/>\n\u2013 muovipusseja<\/p>\n<p>Hotellin <strong>A-rakennuksessa<\/strong> on rajoitettu m\u00e4\u00e4r\u00e4 huoneita lemmikkiel\u00e4inten kanssa, muista varata huone etuk\u00e4teen!<\/p>\n<p><strong>Yhteystiedot<\/strong>:<br \/>\ne-mail\u00a0<a href=\"mailto:sales@spaestonia.ee\">sales@spaestonia.ee<\/a>, puh +372 447 6905<\/p>\n<p>Toivomme, ett\u00e4 sek\u00e4 sinun ja lemmikkisi ett\u00e4 muiden hotellivieraiden kokemus ESTONIA Medical Spa &amp; Hotellissa olisi mahdollisimman nautinnollinen, mink\u00e4 vuoksi olemme koostaneet uuden <a href=\"https:\/\/www.spaestonia.ee\/medical\/fi\/lemmikin-omistajan-muistilistan\/\"><strong>LEMMIKIN OMISTAJAN MUISTILISTAN<\/strong>.<\/a><\/p>\n","protected":false},"excerpt":{"rendered":"<p>Lemmikin lis\u00e4maksu on\u00a020 \u20ac\/y\u00f6. Hintaan kuuluu: \u2013 juomakuppi \u2013 pyyhe tassujen pesemiseen \u2013 muovipusseja Hotellin&hellip;<\/p>\n","protected":false},"author":10,"featured_media":0,"parent":0,"menu_order":0,"comment_status":"closed","ping_status":"closed","template":"","meta":{"footnotes":""},"class_list":["post-13272","page","type-page","status-publish","hentry"],"yoast_head":"<!-- This site is optimized with the Yoast SEO plugin v26.3 - https:\/\/yoast.com\/wordpress\/plugins\/seo\/ -->\n<title>Lemmikin kanssa matkustavalle - ESTONIA Medical Spa &amp; Hotel<\/title>\n<meta name=\"robots\" content=\"index, follow, max-snippet:-1, max-image-preview:large, max-video-preview:-1\" \/>\n<link rel=\"canonical\" href=\"https:\/\/spaestonia.ee\/medical\/fi\/lemmikin-kanssa-matkustavalle\/\" \/>\n<meta property=\"og:locale\" content=\"fi_FI\" \/>\n<meta property=\"og:type\" content=\"article\" \/>\n<meta property=\"og:title\" content=\"Lemmikin kanssa matkustavalle - ESTONIA Medical Spa &amp; Hotel\" \/>\n<meta property=\"og:description\" content=\"Lemmikin lis\u00e4maksu on\u00a020 \u20ac\/y\u00f6. Hintaan kuuluu: \u2013 juomakuppi \u2013 pyyhe tassujen pesemiseen \u2013 muovipusseja Hotellin&hellip;\" \/>\n<meta property=\"og:url\" content=\"https:\/\/spaestonia.ee\/medical\/fi\/lemmikin-kanssa-matkustavalle\/\" \/>\n<meta property=\"og:site_name\" content=\"ESTONIA Medical Spa &amp; Hotel\" \/>\n<meta property=\"article:publisher\" content=\"https:\/\/www.facebook.com\/EstoniaMedicalSpa\" \/>\n<meta property=\"article:modified_time\" content=\"2023-10-26T11:16:07+00:00\" \/>\n<meta property=\"og:image\" content=\"http:\/\/www.spaestonia.ee\/medical\/wp-content\/uploads\/2014\/11\/kutsu_bobby_voodis.jpg\" \/>\n<meta name=\"twitter:card\" content=\"summary_large_image\" \/>\n<script type=\"application\/ld+json\" class=\"yoast-schema-graph\">{\"@context\":\"https:\/\/schema.org\",\"@graph\":[{\"@type\":\"WebPage\",\"@id\":\"https:\/\/spaestonia.ee\/medical\/fi\/lemmikin-kanssa-matkustavalle\/\",\"url\":\"https:\/\/spaestonia.ee\/medical\/fi\/lemmikin-kanssa-matkustavalle\/\",\"name\":\"Lemmikin kanssa matkustavalle - ESTONIA Medical Spa &amp; Hotel\",\"isPartOf\":{\"@id\":\"https:\/\/www.spaestonia.ee\/medical\/fi\/#website\"},\"primaryImageOfPage\":{\"@id\":\"https:\/\/spaestonia.ee\/medical\/fi\/lemmikin-kanssa-matkustavalle\/#primaryimage\"},\"image\":{\"@id\":\"https:\/\/spaestonia.ee\/medical\/fi\/lemmikin-kanssa-matkustavalle\/#primaryimage\"},\"thumbnailUrl\":\"http:\/\/www.spaestonia.ee\/medical\/wp-content\/uploads\/2014\/11\/kutsu_bobby_voodis.jpg\",\"datePublished\":\"2020-12-04T05:53:30+00:00\",\"dateModified\":\"2023-10-26T11:16:07+00:00\",\"breadcrumb\":{\"@id\":\"https:\/\/spaestonia.ee\/medical\/fi\/lemmikin-kanssa-matkustavalle\/#breadcrumb\"},\"inLanguage\":\"fi\",\"potentialAction\":[{\"@type\":\"ReadAction\",\"target\":[\"https:\/\/spaestonia.ee\/medical\/fi\/lemmikin-kanssa-matkustavalle\/\"]}]},{\"@type\":\"ImageObject\",\"inLanguage\":\"fi\",\"@id\":\"https:\/\/spaestonia.ee\/medical\/fi\/lemmikin-kanssa-matkustavalle\/#primaryimage\",\"url\":\"http:\/\/www.spaestonia.ee\/medical\/wp-content\/uploads\/2014\/11\/kutsu_bobby_voodis.jpg\",\"contentUrl\":\"http:\/\/www.spaestonia.ee\/medical\/wp-content\/uploads\/2014\/11\/kutsu_bobby_voodis.jpg\"},{\"@type\":\"BreadcrumbList\",\"@id\":\"https:\/\/spaestonia.ee\/medical\/fi\/lemmikin-kanssa-matkustavalle\/#breadcrumb\",\"itemListElement\":[{\"@type\":\"ListItem\",\"position\":1,\"name\":\"Home\",\"item\":\"https:\/\/www.spaestonia.ee\/medical\/fi\/\"},{\"@type\":\"ListItem\",\"position\":2,\"name\":\"Lemmikin kanssa matkustavalle\"}]},{\"@type\":\"WebSite\",\"@id\":\"https:\/\/www.spaestonia.ee\/medical\/fi\/#website\",\"url\":\"https:\/\/www.spaestonia.ee\/medical\/fi\/\",\"name\":\"ESTONIA Medical Spa & Hotel\",\"description\":\"Ravispaa - Terveyskylpyl\u00e4 - P\u00e4rnu\",\"publisher\":{\"@id\":\"https:\/\/www.spaestonia.ee\/medical\/fi\/#organization\"},\"potentialAction\":[{\"@type\":\"SearchAction\",\"target\":{\"@type\":\"EntryPoint\",\"urlTemplate\":\"https:\/\/www.spaestonia.ee\/medical\/fi\/?s={search_term_string}\"},\"query-input\":{\"@type\":\"PropertyValueSpecification\",\"valueRequired\":true,\"valueName\":\"search_term_string\"}}],\"inLanguage\":\"fi\"},{\"@type\":\"Organization\",\"@id\":\"https:\/\/www.spaestonia.ee\/medical\/fi\/#organization\",\"name\":\"ESTONIA Medical Spa & Hotel\",\"url\":\"https:\/\/www.spaestonia.ee\/medical\/fi\/\",\"logo\":{\"@type\":\"ImageObject\",\"inLanguage\":\"fi\",\"@id\":\"https:\/\/www.spaestonia.ee\/medical\/fi\/#\/schema\/logo\/image\/\",\"url\":\"https:\/\/www.spaestonia.ee\/medical\/wp-content\/uploads\/2025\/02\/medical.jpg\",\"contentUrl\":\"https:\/\/www.spaestonia.ee\/medical\/wp-content\/uploads\/2025\/02\/medical.jpg\",\"width\":700,\"height\":450,\"caption\":\"ESTONIA Medical Spa & Hotel\"},\"image\":{\"@id\":\"https:\/\/www.spaestonia.ee\/medical\/fi\/#\/schema\/logo\/image\/\"},\"sameAs\":[\"https:\/\/www.facebook.com\/EstoniaMedicalSpa\"]}]}<\/script>\n<!-- \/ Yoast SEO plugin. -->","yoast_head_json":{"title":"Lemmikin kanssa matkustavalle - ESTONIA Medical Spa &amp; Hotel","robots":{"index":"index","follow":"follow","max-snippet":"max-snippet:-1","max-image-preview":"max-image-preview:large","max-video-preview":"max-video-preview:-1"},"canonical":"https:\/\/spaestonia.ee\/medical\/fi\/lemmikin-kanssa-matkustavalle\/","og_locale":"fi_FI","og_type":"article","og_title":"Lemmikin kanssa matkustavalle - ESTONIA Medical Spa &amp; Hotel","og_description":"Lemmikin lis\u00e4maksu on\u00a020 \u20ac\/y\u00f6. Hintaan kuuluu: \u2013 juomakuppi \u2013 pyyhe tassujen pesemiseen \u2013 muovipusseja Hotellin&hellip;","og_url":"https:\/\/spaestonia.ee\/medical\/fi\/lemmikin-kanssa-matkustavalle\/","og_site_name":"ESTONIA Medical Spa &amp; Hotel","article_publisher":"https:\/\/www.facebook.com\/EstoniaMedicalSpa","article_modified_time":"2023-10-26T11:16:07+00:00","og_image":[{"url":"http:\/\/www.spaestonia.ee\/medical\/wp-content\/uploads\/2014\/11\/kutsu_bobby_voodis.jpg","type":"","width":"","height":""}],"twitter_card":"summary_large_image","schema":{"@context":"https:\/\/schema.org","@graph":[{"@type":"WebPage","@id":"https:\/\/spaestonia.ee\/medical\/fi\/lemmikin-kanssa-matkustavalle\/","url":"https:\/\/spaestonia.ee\/medical\/fi\/lemmikin-kanssa-matkustavalle\/","name":"Lemmikin kanssa matkustavalle - ESTONIA Medical Spa &amp; Hotel","isPartOf":{"@id":"https:\/\/www.spaestonia.ee\/medical\/fi\/#website"},"primaryImageOfPage":{"@id":"https:\/\/spaestonia.ee\/medical\/fi\/lemmikin-kanssa-matkustavalle\/#primaryimage"},"image":{"@id":"https:\/\/spaestonia.ee\/medical\/fi\/lemmikin-kanssa-matkustavalle\/#primaryimage"},"thumbnailUrl":"http:\/\/www.spaestonia.ee\/medical\/wp-content\/uploads\/2014\/11\/kutsu_bobby_voodis.jpg","datePublished":"2020-12-04T05:53:30+00:00","dateModified":"2023-10-26T11:16:07+00:00","breadcrumb":{"@id":"https:\/\/spaestonia.ee\/medical\/fi\/lemmikin-kanssa-matkustavalle\/#breadcrumb"},"inLanguage":"fi","potentialAction":[{"@type":"ReadAction","target":["https:\/\/spaestonia.ee\/medical\/fi\/lemmikin-kanssa-matkustavalle\/"]}]},{"@type":"ImageObject","inLanguage":"fi","@id":"https:\/\/spaestonia.ee\/medical\/fi\/lemmikin-kanssa-matkustavalle\/#primaryimage","url":"http:\/\/www.spaestonia.ee\/medical\/wp-content\/uploads\/2014\/11\/kutsu_bobby_voodis.jpg","contentUrl":"http:\/\/www.spaestonia.ee\/medical\/wp-content\/uploads\/2014\/11\/kutsu_bobby_voodis.jpg"},{"@type":"BreadcrumbList","@id":"https:\/\/spaestonia.ee\/medical\/fi\/lemmikin-kanssa-matkustavalle\/#breadcrumb","itemListElement":[{"@type":"ListItem","position":1,"name":"Home","item":"https:\/\/www.spaestonia.ee\/medical\/fi\/"},{"@type":"ListItem","position":2,"name":"Lemmikin kanssa matkustavalle"}]},{"@type":"WebSite","@id":"https:\/\/www.spaestonia.ee\/medical\/fi\/#website","url":"https:\/\/www.spaestonia.ee\/medical\/fi\/","name":"ESTONIA Medical Spa & Hotel","description":"Ravispaa - Terveyskylpyl\u00e4 - P\u00e4rnu","publisher":{"@id":"https:\/\/www.spaestonia.ee\/medical\/fi\/#organization"},"potentialAction":[{"@type":"SearchAction","target":{"@type":"EntryPoint","urlTemplate":"https:\/\/www.spaestonia.ee\/medical\/fi\/?s={search_term_string}"},"query-input":{"@type":"PropertyValueSpecification","valueRequired":true,"valueName":"search_term_string"}}],"inLanguage":"fi"},{"@type":"Organization","@id":"https:\/\/www.spaestonia.ee\/medical\/fi\/#organization","name":"ESTONIA Medical Spa & Hotel","url":"https:\/\/www.spaestonia.ee\/medical\/fi\/","logo":{"@type":"ImageObject","inLanguage":"fi","@id":"https:\/\/www.spaestonia.ee\/medical\/fi\/#\/schema\/logo\/image\/","url":"https:\/\/www.spaestonia.ee\/medical\/wp-content\/uploads\/2025\/02\/medical.jpg","contentUrl":"https:\/\/www.spaestonia.ee\/medical\/wp-content\/uploads\/2025\/02\/medical.jpg","width":700,"height":450,"caption":"ESTONIA Medical Spa & Hotel"},"image":{"@id":"https:\/\/www.spaestonia.ee\/medical\/fi\/#\/schema\/logo\/image\/"},"sameAs":["https:\/\/www.facebook.com\/EstoniaMedicalSpa"]}]}},"_links":{"self":[{"href":"https:\/\/spaestonia.ee\/medical\/fi\/wp-json\/wp\/v2\/pages\/13272","targetHints":{"allow":["GET"]}}],"collection":[{"href":"https:\/\/spaestonia.ee\/medical\/fi\/wp-json\/wp\/v2\/pages"}],"about":[{"href":"https:\/\/spaestonia.ee\/medical\/fi\/wp-json\/wp\/v2\/types\/page"}],"author":[{"embeddable":true,"href":"https:\/\/spaestonia.ee\/medical\/fi\/wp-json\/wp\/v2\/users\/10"}],"replies":[{"embeddable":true,"href":"https:\/\/spaestonia.ee\/medical\/fi\/wp-json\/wp\/v2\/comments?post=13272"}],"version-history":[{"count":5,"href":"https:\/\/spaestonia.ee\/medical\/fi\/wp-json\/wp\/v2\/pages\/13272\/revisions"}],"predecessor-version":[{"id":19975,"href":"https:\/\/spaestonia.ee\/medical\/fi\/wp-json\/wp\/v2\/pages\/13272\/revisions\/19975"}],"wp:attachment":[{"href":"https:\/\/spaestonia.ee\/medical\/fi\/wp-json\/wp\/v2\/media?parent=13272"}],"curies":[{"name":"wp","href":"https:\/\/api.w.org\/{rel}","templated":true}]}}