{"id":17119,"date":"2022-09-19T13:21:36","date_gmt":"2022-09-19T10:21:36","guid":{"rendered":"https:\/\/www.spaestonia.ee\/medical\/?page_id=17119"},"modified":"2025-04-16T14:41:33","modified_gmt":"2025-04-16T11:41:33","slug":"hotelli-saannot","status":"publish","type":"page","link":"https:\/\/spaestonia.ee\/medical\/fi\/hotelli\/hotelli-saannot\/","title":{"rendered":"Hotelli s\u00e4\u00e4nn\u00f6t"},"content":{"rendered":"<p><strong>Sis\u00e4\u00e4nkirjautuminen:<\/strong><br \/>\nHotelliin saapuminen alkaen klo 15.00. Aikaisempi sis\u00e4\u00e4nkirjautuminen on mahdollista sopimalla siit\u00e4 etuk\u00e4teen. Hotelliin kirjauduttaessa on esitett\u00e4v\u00e4 voimassa oleva henkil\u00f6llisyystodistus. Henkil\u00f6llisyystodistukseksi k\u00e4yv\u00e4t seuraavat:<br \/>\n\u2013 passi<br \/>\n\u2013 henkil\u00f6kortti<br \/>\n\u2013 ajokortti.<br \/>\nMajoittuvan henkil\u00f6n on t\u00e4ytett\u00e4v\u00e4 kirjautumiskortti hotelliin kirjautumisen yhteydess\u00e4. Kirjautumiskortti on t\u00e4ytett\u00e4v\u00e4 selke\u00e4ll\u00e4, luettavalla k\u00e4sialalla ja varustettava hotellivieraan allekirjoituksella. Hotelli voi kielt\u00e4yty\u00e4 ottamasta vastaan vierasta, joka ei t\u00e4yt\u00e4 kirjautumislomaketta asianmukaisesti.<\/p>\n<p><strong>Hotelliin ei kirjata sis\u00e4\u00e4n:<\/strong><br \/>\nHenkil\u00f6it\u00e4, jotka voivat k\u00e4yt\u00f6ksell\u00e4\u00e4n h\u00e4irit\u00e4 muita hotellivieraita, eik\u00e4 ilman aikuista majoittuvia alaik\u00e4isi\u00e4.<\/p>\n<p><strong>Maksaminen:<\/strong><br \/>\nMajoituspalvelun hinta on maksettava esitetyn laskun mukaisesti hotelliin kirjautumisen yhteydess\u00e4. Vierailun aikana k\u00e4ytetyist\u00e4 hotellin palveluista on maksettava viimeist\u00e4\u00e4n hotellista poistumisen yhteydess\u00e4. Hotellissamme hyv\u00e4ksyt\u00e4\u00e4n kaikki yleisimm\u00e4t kansainv\u00e4liset luotto- ja pankkikortit.<\/p>\n<p><strong>Uloskirjautuminen:<\/strong><br \/>\nPyyd\u00e4mme luovuttamaan hotellihuoneen viimeist\u00e4\u00e4n klo 12.00. My\u00f6h\u00e4isempi uloskirjautuminen on mahdollista sopimalla siit\u00e4 etuk\u00e4teen. Jokainen lis\u00e4tunti klo 12.00 j\u00e4lkeen maksaa 10 euroa. Hotellista uloskirjautumisen yhteydess\u00e4 on palautettava huoneen avain ja kylpyl\u00e4ranneke sek\u00e4 maksettava kaikista k\u00e4ytetyist\u00e4 palveluista. Jos kylpyl\u00e4ranneke katoaa tai sit\u00e4 ei palauteta, perimme 25 euron sakon.<\/p>\n<p><strong>Tupakointi hotellissa:<\/strong><br \/>\nESTONIA Medical Spa &amp; Hotel on savuton hotelli. Tupakointi on kielletty hotellin sis\u00e4tiloissa sek\u00e4 parvekkeilla. Tupakointi on sallittu hotellin ulkopuolella. Sakon suuruus on 100 euroa.<\/p>\n<p><strong>Lemmikit hotellissa:<\/strong><br \/>\nPyyd\u00e4mme ilmoittamaan mahdollisesta mukana matkustavasta lemmikist\u00e4 hotellivarauksen yhteydess\u00e4. Majoittuminen lemmikin kanssa on mahdollista vain tietyiss\u00e4 hotellihuoneissa, ja lemmikkihuone on varattava etuk\u00e4teen. Lemmikit eiv\u00e4t saa olla tiloissa, joissa k\u00e4sitell\u00e4\u00e4n elintarvikkeita, eiv\u00e4tk\u00e4 niille turvattomissa paikoissa (liukkaat pinnat, jyrk\u00e4t pudotukset, hukkumisvaara jne.). Lemmikin omistajalta perit\u00e4\u00e4n lis\u00e4maksu, ja h\u00e4nen on noudatettava\u00a0<a href=\"https:\/\/www.spaestonia.ee\/medical\/fi\/lemmikin-kanssa-matkustavalle\/\"><u>lemmikin omistajan muistilista<\/u>a<\/a>. Lemmikin omistaja on vastuussa lemmikkins\u00e4 aiheuttamista vahingoista (sek\u00e4 omaisuusvahingoista ett\u00e4 terveyshaitoista).<\/p>\n<p><strong>Yleisen j\u00e4rjestyksen varmistaminen:<\/strong><br \/>\nHotellissa noudatetaan kaikkia vaatimuksia, jotka koskevat yleist\u00e4 j\u00e4rjestyst\u00e4, rauhan s\u00e4ilytt\u00e4mist\u00e4 ja sotkemisen ehk\u00e4isemist\u00e4. Jos yleist\u00e4 j\u00e4rjestyst\u00e4 rikotaan, hotelli voi tarvittaessa kutsua paikalle vartijat tai poliisin. Henkil\u00f6kunta voi pyyt\u00e4\u00e4 vierasta (tai vieraita) poistumaan hotellista ja sen alueelta. Poistamisen yhteydess\u00e4 vieraan on maksettava varaamansa majoitus ja tilaamansa lis\u00e4palvelut.<\/p>\n<p><strong>Y\u00f6rauha hotellissa:<\/strong><br \/>\nY\u00f6rauha hotellissa alkaa klo 23.00 ja p\u00e4\u00e4ttyy klo 7.00. Y\u00f6rauhan rikkomisella tarkoitetaan toisten h\u00e4iritsemist\u00e4 esimerkiksi \u00e4\u00e4nill\u00e4, valoilla tai mekaanisilla ja elektronisilla laitteilla. Jos y\u00f6rauhaa rikotaan, hotelli voi tarvittaessa kutsua paikalle vartijat tai poliisin. Henkil\u00f6kunta voi my\u00f6s pyyt\u00e4\u00e4 vierasta (tai vieraita) poistumaan hotellista ja sen alueelta. Poistamisen yhteydess\u00e4 vieraan on maksettava varaamansa majoitus ja tilaamansa lis\u00e4palvelut. Mik\u00e4li y\u00f6rauhaa rikotaan, hotellilla on oikeus jokaista virkavallan kutsua kohden pyyt\u00e4\u00e4 aiheutuneiden vahinkojen korvaamiseksi sakkoa 50 eurosta yl\u00f6sp\u00e4in riippuen vahinkojen suuruudesta.<\/p>\n<p><strong>Vieraan vastuu vahingoista:<\/strong><br \/>\nVieraanamme olet velvollinen noudattamaan voimassa olevia s\u00e4\u00e4nt\u00f6j\u00e4 ja vastuussa niiden noudattamisesta. Olet vastuussa tahallaan tai vahingossa aiheutuneesta vahingosta, jonka sin\u00e4 itse tai muu seurueesi j\u00e4sen olette mahdollisesti aiheuttaneet hotellihuoneessa tai hotellin yleisiss\u00e4 tiloissa. Hotellilla on oikeus vaatia korvausta asiakkaan aiheuttamasta aineellisesta vahingosta. Vahingonkorvauksen suuruus m\u00e4\u00e4r\u00e4ytyy aiheutuneen v\u00e4litt\u00f6m\u00e4n vahingon perusteella, mihin lis\u00e4t\u00e4\u00e4n vahingon korjaamiseen liittyv\u00e4t kustannukset.<\/p>\n<p>&nbsp;<\/p>\n","protected":false},"excerpt":{"rendered":"<p>Sis\u00e4\u00e4nkirjautuminen: Hotelliin saapuminen alkaen klo 15.00. Aikaisempi sis\u00e4\u00e4nkirjautuminen on mahdollista sopimalla siit\u00e4 etuk\u00e4teen. Hotelliin kirjauduttaessa&hellip;<\/p>\n","protected":false},"author":16,"featured_media":0,"parent":873,"menu_order":0,"comment_status":"closed","ping_status":"closed","template":"","meta":{"footnotes":""},"class_list":["post-17119","page","type-page","status-publish","hentry"],"yoast_head":"<!-- This site is optimized with the Yoast SEO plugin v26.3 - https:\/\/yoast.com\/wordpress\/plugins\/seo\/ -->\n<title>Hotelli s\u00e4\u00e4nn\u00f6t - ESTONIA Medical Spa &amp; Hotel<\/title>\n<meta name=\"robots\" content=\"index, follow, max-snippet:-1, max-image-preview:large, max-video-preview:-1\" \/>\n<link rel=\"canonical\" href=\"https:\/\/spaestonia.ee\/medical\/fi\/hotelli\/hotelli-saannot\/\" \/>\n<meta property=\"og:locale\" content=\"fi_FI\" \/>\n<meta property=\"og:type\" content=\"article\" \/>\n<meta property=\"og:title\" content=\"Hotelli s\u00e4\u00e4nn\u00f6t - ESTONIA Medical Spa &amp; Hotel\" \/>\n<meta property=\"og:description\" content=\"Sis\u00e4\u00e4nkirjautuminen: Hotelliin saapuminen alkaen klo 15.00. Aikaisempi sis\u00e4\u00e4nkirjautuminen on mahdollista sopimalla siit\u00e4 etuk\u00e4teen. Hotelliin kirjauduttaessa&hellip;\" \/>\n<meta property=\"og:url\" content=\"https:\/\/spaestonia.ee\/medical\/fi\/hotelli\/hotelli-saannot\/\" \/>\n<meta property=\"og:site_name\" content=\"ESTONIA Medical Spa &amp; Hotel\" \/>\n<meta property=\"article:publisher\" content=\"https:\/\/www.facebook.com\/EstoniaMedicalSpa\" \/>\n<meta property=\"article:modified_time\" content=\"2025-04-16T11:41:33+00:00\" \/>\n<meta name=\"twitter:card\" content=\"summary_large_image\" \/>\n<meta name=\"twitter:label1\" content=\"Arvioitu lukuaika\" \/>\n\t<meta name=\"twitter:data1\" content=\"3 minuuttia\" \/>\n<script type=\"application\/ld+json\" class=\"yoast-schema-graph\">{\"@context\":\"https:\/\/schema.org\",\"@graph\":[{\"@type\":\"WebPage\",\"@id\":\"https:\/\/spaestonia.ee\/medical\/fi\/hotelli\/hotelli-saannot\/\",\"url\":\"https:\/\/spaestonia.ee\/medical\/fi\/hotelli\/hotelli-saannot\/\",\"name\":\"Hotelli s\u00e4\u00e4nn\u00f6t - ESTONIA Medical Spa &amp; Hotel\",\"isPartOf\":{\"@id\":\"https:\/\/www.spaestonia.ee\/medical\/fi\/#website\"},\"datePublished\":\"2022-09-19T10:21:36+00:00\",\"dateModified\":\"2025-04-16T11:41:33+00:00\",\"breadcrumb\":{\"@id\":\"https:\/\/spaestonia.ee\/medical\/fi\/hotelli\/hotelli-saannot\/#breadcrumb\"},\"inLanguage\":\"fi\",\"potentialAction\":[{\"@type\":\"ReadAction\",\"target\":[\"https:\/\/spaestonia.ee\/medical\/fi\/hotelli\/hotelli-saannot\/\"]}]},{\"@type\":\"BreadcrumbList\",\"@id\":\"https:\/\/spaestonia.ee\/medical\/fi\/hotelli\/hotelli-saannot\/#breadcrumb\",\"itemListElement\":[{\"@type\":\"ListItem\",\"position\":1,\"name\":\"Home\",\"item\":\"https:\/\/www.spaestonia.ee\/medical\/fi\/\"},{\"@type\":\"ListItem\",\"position\":2,\"name\":\"Hotelli\",\"item\":\"https:\/\/www.spaestonia.ee\/medical\/fi\/hotelli\/\"},{\"@type\":\"ListItem\",\"position\":3,\"name\":\"Hotelli s\u00e4\u00e4nn\u00f6t\"}]},{\"@type\":\"WebSite\",\"@id\":\"https:\/\/www.spaestonia.ee\/medical\/fi\/#website\",\"url\":\"https:\/\/www.spaestonia.ee\/medical\/fi\/\",\"name\":\"ESTONIA Medical Spa & Hotel\",\"description\":\"Ravispaa - Terveyskylpyl\u00e4 - P\u00e4rnu\",\"publisher\":{\"@id\":\"https:\/\/www.spaestonia.ee\/medical\/fi\/#organization\"},\"potentialAction\":[{\"@type\":\"SearchAction\",\"target\":{\"@type\":\"EntryPoint\",\"urlTemplate\":\"https:\/\/www.spaestonia.ee\/medical\/fi\/?s={search_term_string}\"},\"query-input\":{\"@type\":\"PropertyValueSpecification\",\"valueRequired\":true,\"valueName\":\"search_term_string\"}}],\"inLanguage\":\"fi\"},{\"@type\":\"Organization\",\"@id\":\"https:\/\/www.spaestonia.ee\/medical\/fi\/#organization\",\"name\":\"ESTONIA Medical Spa & Hotel\",\"url\":\"https:\/\/www.spaestonia.ee\/medical\/fi\/\",\"logo\":{\"@type\":\"ImageObject\",\"inLanguage\":\"fi\",\"@id\":\"https:\/\/www.spaestonia.ee\/medical\/fi\/#\/schema\/logo\/image\/\",\"url\":\"https:\/\/www.spaestonia.ee\/medical\/wp-content\/uploads\/2025\/02\/medical.jpg\",\"contentUrl\":\"https:\/\/www.spaestonia.ee\/medical\/wp-content\/uploads\/2025\/02\/medical.jpg\",\"width\":700,\"height\":450,\"caption\":\"ESTONIA Medical Spa & Hotel\"},\"image\":{\"@id\":\"https:\/\/www.spaestonia.ee\/medical\/fi\/#\/schema\/logo\/image\/\"},\"sameAs\":[\"https:\/\/www.facebook.com\/EstoniaMedicalSpa\"]}]}<\/script>\n<!-- \/ Yoast SEO plugin. -->","yoast_head_json":{"title":"Hotelli s\u00e4\u00e4nn\u00f6t - ESTONIA Medical Spa &amp; Hotel","robots":{"index":"index","follow":"follow","max-snippet":"max-snippet:-1","max-image-preview":"max-image-preview:large","max-video-preview":"max-video-preview:-1"},"canonical":"https:\/\/spaestonia.ee\/medical\/fi\/hotelli\/hotelli-saannot\/","og_locale":"fi_FI","og_type":"article","og_title":"Hotelli s\u00e4\u00e4nn\u00f6t - ESTONIA Medical Spa &amp; Hotel","og_description":"Sis\u00e4\u00e4nkirjautuminen: Hotelliin saapuminen alkaen klo 15.00. Aikaisempi sis\u00e4\u00e4nkirjautuminen on mahdollista sopimalla siit\u00e4 etuk\u00e4teen. Hotelliin kirjauduttaessa&hellip;","og_url":"https:\/\/spaestonia.ee\/medical\/fi\/hotelli\/hotelli-saannot\/","og_site_name":"ESTONIA Medical Spa &amp; Hotel","article_publisher":"https:\/\/www.facebook.com\/EstoniaMedicalSpa","article_modified_time":"2025-04-16T11:41:33+00:00","twitter_card":"summary_large_image","twitter_misc":{"Arvioitu lukuaika":"3 minuuttia"},"schema":{"@context":"https:\/\/schema.org","@graph":[{"@type":"WebPage","@id":"https:\/\/spaestonia.ee\/medical\/fi\/hotelli\/hotelli-saannot\/","url":"https:\/\/spaestonia.ee\/medical\/fi\/hotelli\/hotelli-saannot\/","name":"Hotelli s\u00e4\u00e4nn\u00f6t - ESTONIA Medical Spa &amp; Hotel","isPartOf":{"@id":"https:\/\/www.spaestonia.ee\/medical\/fi\/#website"},"datePublished":"2022-09-19T10:21:36+00:00","dateModified":"2025-04-16T11:41:33+00:00","breadcrumb":{"@id":"https:\/\/spaestonia.ee\/medical\/fi\/hotelli\/hotelli-saannot\/#breadcrumb"},"inLanguage":"fi","potentialAction":[{"@type":"ReadAction","target":["https:\/\/spaestonia.ee\/medical\/fi\/hotelli\/hotelli-saannot\/"]}]},{"@type":"BreadcrumbList","@id":"https:\/\/spaestonia.ee\/medical\/fi\/hotelli\/hotelli-saannot\/#breadcrumb","itemListElement":[{"@type":"ListItem","position":1,"name":"Home","item":"https:\/\/www.spaestonia.ee\/medical\/fi\/"},{"@type":"ListItem","position":2,"name":"Hotelli","item":"https:\/\/www.spaestonia.ee\/medical\/fi\/hotelli\/"},{"@type":"ListItem","position":3,"name":"Hotelli s\u00e4\u00e4nn\u00f6t"}]},{"@type":"WebSite","@id":"https:\/\/www.spaestonia.ee\/medical\/fi\/#website","url":"https:\/\/www.spaestonia.ee\/medical\/fi\/","name":"ESTONIA Medical Spa & Hotel","description":"Ravispaa - Terveyskylpyl\u00e4 - P\u00e4rnu","publisher":{"@id":"https:\/\/www.spaestonia.ee\/medical\/fi\/#organization"},"potentialAction":[{"@type":"SearchAction","target":{"@type":"EntryPoint","urlTemplate":"https:\/\/www.spaestonia.ee\/medical\/fi\/?s={search_term_string}"},"query-input":{"@type":"PropertyValueSpecification","valueRequired":true,"valueName":"search_term_string"}}],"inLanguage":"fi"},{"@type":"Organization","@id":"https:\/\/www.spaestonia.ee\/medical\/fi\/#organization","name":"ESTONIA Medical Spa & Hotel","url":"https:\/\/www.spaestonia.ee\/medical\/fi\/","logo":{"@type":"ImageObject","inLanguage":"fi","@id":"https:\/\/www.spaestonia.ee\/medical\/fi\/#\/schema\/logo\/image\/","url":"https:\/\/www.spaestonia.ee\/medical\/wp-content\/uploads\/2025\/02\/medical.jpg","contentUrl":"https:\/\/www.spaestonia.ee\/medical\/wp-content\/uploads\/2025\/02\/medical.jpg","width":700,"height":450,"caption":"ESTONIA Medical Spa & Hotel"},"image":{"@id":"https:\/\/www.spaestonia.ee\/medical\/fi\/#\/schema\/logo\/image\/"},"sameAs":["https:\/\/www.facebook.com\/EstoniaMedicalSpa"]}]}},"_links":{"self":[{"href":"https:\/\/spaestonia.ee\/medical\/fi\/wp-json\/wp\/v2\/pages\/17119","targetHints":{"allow":["GET"]}}],"collection":[{"href":"https:\/\/spaestonia.ee\/medical\/fi\/wp-json\/wp\/v2\/pages"}],"about":[{"href":"https:\/\/spaestonia.ee\/medical\/fi\/wp-json\/wp\/v2\/types\/page"}],"author":[{"embeddable":true,"href":"https:\/\/spaestonia.ee\/medical\/fi\/wp-json\/wp\/v2\/users\/16"}],"replies":[{"embeddable":true,"href":"https:\/\/spaestonia.ee\/medical\/fi\/wp-json\/wp\/v2\/comments?post=17119"}],"version-history":[{"count":8,"href":"https:\/\/spaestonia.ee\/medical\/fi\/wp-json\/wp\/v2\/pages\/17119\/revisions"}],"predecessor-version":[{"id":22404,"href":"https:\/\/spaestonia.ee\/medical\/fi\/wp-json\/wp\/v2\/pages\/17119\/revisions\/22404"}],"up":[{"embeddable":true,"href":"https:\/\/spaestonia.ee\/medical\/fi\/wp-json\/wp\/v2\/pages\/873"}],"wp:attachment":[{"href":"https:\/\/spaestonia.ee\/medical\/fi\/wp-json\/wp\/v2\/media?parent=17119"}],"curies":[{"name":"wp","href":"https:\/\/api.w.org\/{rel}","templated":true}]}}