{"id":19909,"date":"2023-10-06T16:25:26","date_gmt":"2023-10-06T13:25:26","guid":{"rendered":"https:\/\/www.spaestonia.ee\/medical\/?page_id=19909"},"modified":"2025-09-12T15:17:42","modified_gmt":"2025-09-12T12:17:42","slug":"hotellitiedot","status":"publish","type":"page","link":"https:\/\/spaestonia.ee\/medical\/fi\/hotellitiedot\/","title":{"rendered":"HOTELLITIEDOT"},"content":{"rendered":"<h2>HYV\u00c4 VIERAS, TERVETULOA!<\/h2>\n<p>ESTONIA Medical Spa &amp; Hotel on laadustaan tunnettu terveyskylpyl\u00e4 hotelli P\u00e4rnun ranta-alueella. ESTONIA-terveyskylpyl\u00e4\u00e4 kuvaavat vuosikymmenten perinne ja ammattitaito. Mukava loma ja tarvitsemanne terveydenhoito on t\u00e4\u00e4ll\u00e4 taattu. Teit\u00e4 odottavat joka p\u00e4iv\u00e4 terveys- ja kylpyl\u00e4hoidot, uima-altaat, saunat ja kauneussalonki.<\/p>\n<p>Toivotamme teille ihania el\u00e4myksi\u00e4 hotellissamme!<br \/>\nESTONIA Medical Spa &amp; Hotelin henkil\u00f6kunta<\/p>\n<hr \/>\n<p><strong><a href=\"https:\/\/www.spaestonia.ee\/medical\/fi\/hotellin-vastaanotto\/\">HOTELLIN VASTAANOTTO<\/a><br \/>\n<a href=\"https:\/\/www.spaestonia.ee\/medical\/fi\/tarkeita-puhelinnumeroita\/\">T\u00c4RKEIT\u00c4 PUHELINNUMEROITA<\/a><\/strong><br \/>\n<a href=\"https:\/\/www.spaestonia.ee\/medical\/fi\/syominen-ja-juominen\/\"><strong>SY\u00d6MINEN JA JUOMINEN<\/strong><\/a> (aamiainen, lounas, p\u00e4iv\u00e4llinen, kauppa)<br \/>\n<a href=\"https:\/\/www.spaestonia.ee\/medical\/fi\/muut-tiedot\/\"><strong>MUUT TIEDOT<\/strong><\/a> (wifi, televisio, tupakointi, y\u00f6rauha, pys\u00e4k\u00f6inti)<br \/>\n<a href=\"https:\/\/www.spaestonia.ee\/medical\/fi\/palvelut\/\"><strong>PALVELUT <\/strong><\/a>(sauna-ja allasosasto TERMID, hoidot, kauneuspalvelut, kuntosali)<br \/>\n<strong><a href=\"https:\/\/www.spaestonia.ee\/medical\/fi\/huonesiivous\/\">HUONESIIVOUS<\/a><br \/>\n<\/strong><strong><a href=\"https:\/\/www.spaestonia.ee\/medical\/fi\/lemmikkielaimet\/\">LEMMIKKIEL\u00c4IMET<\/a><br \/>\n<a href=\"https:\/\/www.spaestonia.ee\/medical\/fi\/paloturvallisuus\/\">PALOTURVALLISUUS<\/a><br \/>\n<a href=\"https:\/\/www.spaestonia.ee\/medical\/fi\/kokouspalvelu\/\">KOKOUSPALVELU<\/a><br \/>\n<\/strong><\/p>\n","protected":false},"excerpt":{"rendered":"<p>HYV\u00c4 VIERAS, TERVETULOA! ESTONIA Medical Spa &amp; Hotel on laadustaan tunnettu terveyskylpyl\u00e4 hotelli P\u00e4rnun ranta-alueella.&hellip;<\/p>\n","protected":false},"author":16,"featured_media":0,"parent":0,"menu_order":0,"comment_status":"closed","ping_status":"closed","template":"","meta":{"footnotes":""},"class_list":["post-19909","page","type-page","status-publish","hentry"],"yoast_head":"<!-- This site is optimized with the Yoast SEO plugin v26.3 - https:\/\/yoast.com\/wordpress\/plugins\/seo\/ -->\n<title>HOTELLITIEDOT - ESTONIA Medical Spa &amp; Hotel<\/title>\n<meta name=\"robots\" content=\"index, follow, max-snippet:-1, max-image-preview:large, max-video-preview:-1\" \/>\n<link rel=\"canonical\" href=\"https:\/\/spaestonia.ee\/medical\/fi\/hotellitiedot\/\" \/>\n<meta property=\"og:locale\" content=\"fi_FI\" \/>\n<meta property=\"og:type\" content=\"article\" \/>\n<meta property=\"og:title\" content=\"HOTELLITIEDOT - ESTONIA Medical Spa &amp; Hotel\" \/>\n<meta property=\"og:description\" content=\"HYV\u00c4 VIERAS, TERVETULOA! ESTONIA Medical Spa &amp; Hotel on laadustaan tunnettu terveyskylpyl\u00e4 hotelli P\u00e4rnun ranta-alueella.&hellip;\" \/>\n<meta property=\"og:url\" content=\"https:\/\/spaestonia.ee\/medical\/fi\/hotellitiedot\/\" \/>\n<meta property=\"og:site_name\" content=\"ESTONIA Medical Spa &amp; Hotel\" \/>\n<meta property=\"article:publisher\" content=\"https:\/\/www.facebook.com\/EstoniaMedicalSpa\" \/>\n<meta property=\"article:modified_time\" content=\"2025-09-12T12:17:42+00:00\" \/>\n<meta name=\"twitter:card\" content=\"summary_large_image\" \/>\n<meta name=\"twitter:label1\" content=\"Arvioitu lukuaika\" \/>\n\t<meta name=\"twitter:data1\" content=\"1 minuutti\" \/>\n<script type=\"application\/ld+json\" class=\"yoast-schema-graph\">{\"@context\":\"https:\/\/schema.org\",\"@graph\":[{\"@type\":\"WebPage\",\"@id\":\"https:\/\/spaestonia.ee\/medical\/fi\/hotellitiedot\/\",\"url\":\"https:\/\/spaestonia.ee\/medical\/fi\/hotellitiedot\/\",\"name\":\"HOTELLITIEDOT - ESTONIA Medical Spa &amp; Hotel\",\"isPartOf\":{\"@id\":\"https:\/\/www.spaestonia.ee\/medical\/fi\/#website\"},\"datePublished\":\"2023-10-06T13:25:26+00:00\",\"dateModified\":\"2025-09-12T12:17:42+00:00\",\"breadcrumb\":{\"@id\":\"https:\/\/spaestonia.ee\/medical\/fi\/hotellitiedot\/#breadcrumb\"},\"inLanguage\":\"fi\",\"potentialAction\":[{\"@type\":\"ReadAction\",\"target\":[\"https:\/\/spaestonia.ee\/medical\/fi\/hotellitiedot\/\"]}]},{\"@type\":\"BreadcrumbList\",\"@id\":\"https:\/\/spaestonia.ee\/medical\/fi\/hotellitiedot\/#breadcrumb\",\"itemListElement\":[{\"@type\":\"ListItem\",\"position\":1,\"name\":\"Home\",\"item\":\"https:\/\/www.spaestonia.ee\/medical\/fi\/\"},{\"@type\":\"ListItem\",\"position\":2,\"name\":\"HOTELLITIEDOT\"}]},{\"@type\":\"WebSite\",\"@id\":\"https:\/\/www.spaestonia.ee\/medical\/fi\/#website\",\"url\":\"https:\/\/www.spaestonia.ee\/medical\/fi\/\",\"name\":\"ESTONIA Medical Spa & Hotel\",\"description\":\"Ravispaa - Terveyskylpyl\u00e4 - P\u00e4rnu\",\"publisher\":{\"@id\":\"https:\/\/www.spaestonia.ee\/medical\/fi\/#organization\"},\"potentialAction\":[{\"@type\":\"SearchAction\",\"target\":{\"@type\":\"EntryPoint\",\"urlTemplate\":\"https:\/\/www.spaestonia.ee\/medical\/fi\/?s={search_term_string}\"},\"query-input\":{\"@type\":\"PropertyValueSpecification\",\"valueRequired\":true,\"valueName\":\"search_term_string\"}}],\"inLanguage\":\"fi\"},{\"@type\":\"Organization\",\"@id\":\"https:\/\/www.spaestonia.ee\/medical\/fi\/#organization\",\"name\":\"ESTONIA Medical Spa & Hotel\",\"url\":\"https:\/\/www.spaestonia.ee\/medical\/fi\/\",\"logo\":{\"@type\":\"ImageObject\",\"inLanguage\":\"fi\",\"@id\":\"https:\/\/www.spaestonia.ee\/medical\/fi\/#\/schema\/logo\/image\/\",\"url\":\"https:\/\/www.spaestonia.ee\/medical\/wp-content\/uploads\/2025\/02\/medical.jpg\",\"contentUrl\":\"https:\/\/www.spaestonia.ee\/medical\/wp-content\/uploads\/2025\/02\/medical.jpg\",\"width\":700,\"height\":450,\"caption\":\"ESTONIA Medical Spa & Hotel\"},\"image\":{\"@id\":\"https:\/\/www.spaestonia.ee\/medical\/fi\/#\/schema\/logo\/image\/\"},\"sameAs\":[\"https:\/\/www.facebook.com\/EstoniaMedicalSpa\"]}]}<\/script>\n<!-- \/ Yoast SEO plugin. -->","yoast_head_json":{"title":"HOTELLITIEDOT - ESTONIA Medical Spa &amp; Hotel","robots":{"index":"index","follow":"follow","max-snippet":"max-snippet:-1","max-image-preview":"max-image-preview:large","max-video-preview":"max-video-preview:-1"},"canonical":"https:\/\/spaestonia.ee\/medical\/fi\/hotellitiedot\/","og_locale":"fi_FI","og_type":"article","og_title":"HOTELLITIEDOT - ESTONIA Medical Spa &amp; Hotel","og_description":"HYV\u00c4 VIERAS, TERVETULOA! ESTONIA Medical Spa &amp; Hotel on laadustaan tunnettu terveyskylpyl\u00e4 hotelli P\u00e4rnun ranta-alueella.&hellip;","og_url":"https:\/\/spaestonia.ee\/medical\/fi\/hotellitiedot\/","og_site_name":"ESTONIA Medical Spa &amp; Hotel","article_publisher":"https:\/\/www.facebook.com\/EstoniaMedicalSpa","article_modified_time":"2025-09-12T12:17:42+00:00","twitter_card":"summary_large_image","twitter_misc":{"Arvioitu lukuaika":"1 minuutti"},"schema":{"@context":"https:\/\/schema.org","@graph":[{"@type":"WebPage","@id":"https:\/\/spaestonia.ee\/medical\/fi\/hotellitiedot\/","url":"https:\/\/spaestonia.ee\/medical\/fi\/hotellitiedot\/","name":"HOTELLITIEDOT - ESTONIA Medical Spa &amp; Hotel","isPartOf":{"@id":"https:\/\/www.spaestonia.ee\/medical\/fi\/#website"},"datePublished":"2023-10-06T13:25:26+00:00","dateModified":"2025-09-12T12:17:42+00:00","breadcrumb":{"@id":"https:\/\/spaestonia.ee\/medical\/fi\/hotellitiedot\/#breadcrumb"},"inLanguage":"fi","potentialAction":[{"@type":"ReadAction","target":["https:\/\/spaestonia.ee\/medical\/fi\/hotellitiedot\/"]}]},{"@type":"BreadcrumbList","@id":"https:\/\/spaestonia.ee\/medical\/fi\/hotellitiedot\/#breadcrumb","itemListElement":[{"@type":"ListItem","position":1,"name":"Home","item":"https:\/\/www.spaestonia.ee\/medical\/fi\/"},{"@type":"ListItem","position":2,"name":"HOTELLITIEDOT"}]},{"@type":"WebSite","@id":"https:\/\/www.spaestonia.ee\/medical\/fi\/#website","url":"https:\/\/www.spaestonia.ee\/medical\/fi\/","name":"ESTONIA Medical Spa & Hotel","description":"Ravispaa - Terveyskylpyl\u00e4 - P\u00e4rnu","publisher":{"@id":"https:\/\/www.spaestonia.ee\/medical\/fi\/#organization"},"potentialAction":[{"@type":"SearchAction","target":{"@type":"EntryPoint","urlTemplate":"https:\/\/www.spaestonia.ee\/medical\/fi\/?s={search_term_string}"},"query-input":{"@type":"PropertyValueSpecification","valueRequired":true,"valueName":"search_term_string"}}],"inLanguage":"fi"},{"@type":"Organization","@id":"https:\/\/www.spaestonia.ee\/medical\/fi\/#organization","name":"ESTONIA Medical Spa & Hotel","url":"https:\/\/www.spaestonia.ee\/medical\/fi\/","logo":{"@type":"ImageObject","inLanguage":"fi","@id":"https:\/\/www.spaestonia.ee\/medical\/fi\/#\/schema\/logo\/image\/","url":"https:\/\/www.spaestonia.ee\/medical\/wp-content\/uploads\/2025\/02\/medical.jpg","contentUrl":"https:\/\/www.spaestonia.ee\/medical\/wp-content\/uploads\/2025\/02\/medical.jpg","width":700,"height":450,"caption":"ESTONIA Medical Spa & Hotel"},"image":{"@id":"https:\/\/www.spaestonia.ee\/medical\/fi\/#\/schema\/logo\/image\/"},"sameAs":["https:\/\/www.facebook.com\/EstoniaMedicalSpa"]}]}},"_links":{"self":[{"href":"https:\/\/spaestonia.ee\/medical\/fi\/wp-json\/wp\/v2\/pages\/19909","targetHints":{"allow":["GET"]}}],"collection":[{"href":"https:\/\/spaestonia.ee\/medical\/fi\/wp-json\/wp\/v2\/pages"}],"about":[{"href":"https:\/\/spaestonia.ee\/medical\/fi\/wp-json\/wp\/v2\/types\/page"}],"author":[{"embeddable":true,"href":"https:\/\/spaestonia.ee\/medical\/fi\/wp-json\/wp\/v2\/users\/16"}],"replies":[{"embeddable":true,"href":"https:\/\/spaestonia.ee\/medical\/fi\/wp-json\/wp\/v2\/comments?post=19909"}],"version-history":[{"count":14,"href":"https:\/\/spaestonia.ee\/medical\/fi\/wp-json\/wp\/v2\/pages\/19909\/revisions"}],"predecessor-version":[{"id":22799,"href":"https:\/\/spaestonia.ee\/medical\/fi\/wp-json\/wp\/v2\/pages\/19909\/revisions\/22799"}],"wp:attachment":[{"href":"https:\/\/spaestonia.ee\/medical\/fi\/wp-json\/wp\/v2\/media?parent=19909"}],"curies":[{"name":"wp","href":"https:\/\/api.w.org\/{rel}","templated":true}]}}