{"id":3107,"date":"2014-12-25T19:18:57","date_gmt":"2014-12-25T17:18:57","guid":{"rendered":"https:\/\/www.spaestonia.ee\/medical\/?page_id=3107"},"modified":"2025-12-18T11:29:43","modified_gmt":"2025-12-18T09:29:43","slug":"siivouspaivat","status":"publish","type":"page","link":"https:\/\/spaestonia.ee\/medical\/fi\/estonia-spa-termid\/siivouspaivat\/","title":{"rendered":"Huoltop\u00e4iv\u00e4t"},"content":{"rendered":"<p><strong>TERMID -keskuksessa on joka kuukauden yksi huoltop\u00e4iv\u00e4.<br \/>\n<\/strong>Huoltop\u00e4iv\u00e4n\u00e4 avaamme saunakeskuksen ja kylpy\u00e4n asiakkaille <strong>kello 17.00<\/strong>.<\/p>\n<h3><strong>Seuraavina p\u00e4ivin\u00e4 vuonna 2026:<\/strong><\/h3>\n<ul>\n<li>6.1<\/li>\n<li>3.2<\/li>\n<li>3.3<\/li>\n<li>31.3<\/li>\n<li>28.4<\/li>\n<li>2.6<\/li>\n<li>8.7<\/li>\n<li>4.8<\/li>\n<li>8.9<\/li>\n<li>6.10<\/li>\n<li>3.11<\/li>\n<li>8.12<\/li>\n<\/ul>\n<p><strong>TERMID<\/strong><br \/>\nMa-Su 7:30-21:30<\/p>\n<p>S\u00e4\u00e4se 7, P\u00e4rnu<br \/>\nPuhelin: +372 447 6870, +372447 6865<\/p>\n","protected":false},"excerpt":{"rendered":"<p>TERMID -keskuksessa on joka kuukauden yksi huoltop\u00e4iv\u00e4. Huoltop\u00e4iv\u00e4n\u00e4 avaamme saunakeskuksen ja kylpy\u00e4n asiakkaille kello 17.00.&hellip;<\/p>\n","protected":false},"author":1,"featured_media":0,"parent":844,"menu_order":0,"comment_status":"closed","ping_status":"open","template":"","meta":{"footnotes":""},"class_list":["post-3107","page","type-page","status-publish","hentry"],"yoast_head":"<!-- This site is optimized with the Yoast SEO plugin v26.3 - https:\/\/yoast.com\/wordpress\/plugins\/seo\/ -->\n<title>Huoltop\u00e4iv\u00e4t - ESTONIA Medical Spa &amp; Hotel<\/title>\n<meta name=\"robots\" content=\"index, follow, max-snippet:-1, max-image-preview:large, max-video-preview:-1\" \/>\n<link rel=\"canonical\" href=\"https:\/\/spaestonia.ee\/medical\/fi\/estonia-spa-termid\/siivouspaivat\/\" \/>\n<meta property=\"og:locale\" content=\"fi_FI\" \/>\n<meta property=\"og:type\" content=\"article\" \/>\n<meta property=\"og:title\" content=\"Huoltop\u00e4iv\u00e4t - ESTONIA Medical Spa &amp; Hotel\" \/>\n<meta property=\"og:description\" content=\"TERMID -keskuksessa on joka kuukauden yksi huoltop\u00e4iv\u00e4. Huoltop\u00e4iv\u00e4n\u00e4 avaamme saunakeskuksen ja kylpy\u00e4n asiakkaille kello 17.00.&hellip;\" \/>\n<meta property=\"og:url\" content=\"https:\/\/spaestonia.ee\/medical\/fi\/estonia-spa-termid\/siivouspaivat\/\" \/>\n<meta property=\"og:site_name\" content=\"ESTONIA Medical Spa &amp; Hotel\" \/>\n<meta property=\"article:publisher\" content=\"https:\/\/www.facebook.com\/EstoniaMedicalSpa\" \/>\n<meta property=\"article:modified_time\" content=\"2025-12-18T09:29:43+00:00\" \/>\n<meta name=\"twitter:card\" content=\"summary_large_image\" \/>\n<meta name=\"twitter:label1\" content=\"Arvioitu lukuaika\" \/>\n\t<meta name=\"twitter:data1\" content=\"1 minuutti\" \/>\n<script type=\"application\/ld+json\" class=\"yoast-schema-graph\">{\"@context\":\"https:\/\/schema.org\",\"@graph\":[{\"@type\":\"WebPage\",\"@id\":\"https:\/\/spaestonia.ee\/medical\/fi\/estonia-spa-termid\/siivouspaivat\/\",\"url\":\"https:\/\/spaestonia.ee\/medical\/fi\/estonia-spa-termid\/siivouspaivat\/\",\"name\":\"Huoltop\u00e4iv\u00e4t - ESTONIA Medical Spa &amp; Hotel\",\"isPartOf\":{\"@id\":\"https:\/\/www.spaestonia.ee\/medical\/fi\/#website\"},\"datePublished\":\"2014-12-25T17:18:57+00:00\",\"dateModified\":\"2025-12-18T09:29:43+00:00\",\"breadcrumb\":{\"@id\":\"https:\/\/spaestonia.ee\/medical\/fi\/estonia-spa-termid\/siivouspaivat\/#breadcrumb\"},\"inLanguage\":\"fi\",\"potentialAction\":[{\"@type\":\"ReadAction\",\"target\":[\"https:\/\/spaestonia.ee\/medical\/fi\/estonia-spa-termid\/siivouspaivat\/\"]}]},{\"@type\":\"BreadcrumbList\",\"@id\":\"https:\/\/spaestonia.ee\/medical\/fi\/estonia-spa-termid\/siivouspaivat\/#breadcrumb\",\"itemListElement\":[{\"@type\":\"ListItem\",\"position\":1,\"name\":\"Home\",\"item\":\"https:\/\/www.spaestonia.ee\/medical\/fi\/\"},{\"@type\":\"ListItem\",\"position\":2,\"name\":\"Spa-keskus TERMID\",\"item\":\"https:\/\/www.spaestonia.ee\/medical\/fi\/estonia-spa-termid\/\"},{\"@type\":\"ListItem\",\"position\":3,\"name\":\"Huoltop\u00e4iv\u00e4t\"}]},{\"@type\":\"WebSite\",\"@id\":\"https:\/\/www.spaestonia.ee\/medical\/fi\/#website\",\"url\":\"https:\/\/www.spaestonia.ee\/medical\/fi\/\",\"name\":\"ESTONIA Medical Spa & Hotel\",\"description\":\"Ravispaa - Terveyskylpyl\u00e4 - P\u00e4rnu\",\"publisher\":{\"@id\":\"https:\/\/www.spaestonia.ee\/medical\/fi\/#organization\"},\"potentialAction\":[{\"@type\":\"SearchAction\",\"target\":{\"@type\":\"EntryPoint\",\"urlTemplate\":\"https:\/\/www.spaestonia.ee\/medical\/fi\/?s={search_term_string}\"},\"query-input\":{\"@type\":\"PropertyValueSpecification\",\"valueRequired\":true,\"valueName\":\"search_term_string\"}}],\"inLanguage\":\"fi\"},{\"@type\":\"Organization\",\"@id\":\"https:\/\/www.spaestonia.ee\/medical\/fi\/#organization\",\"name\":\"ESTONIA Medical Spa & Hotel\",\"url\":\"https:\/\/www.spaestonia.ee\/medical\/fi\/\",\"logo\":{\"@type\":\"ImageObject\",\"inLanguage\":\"fi\",\"@id\":\"https:\/\/www.spaestonia.ee\/medical\/fi\/#\/schema\/logo\/image\/\",\"url\":\"https:\/\/www.spaestonia.ee\/medical\/wp-content\/uploads\/2025\/02\/medical.jpg\",\"contentUrl\":\"https:\/\/www.spaestonia.ee\/medical\/wp-content\/uploads\/2025\/02\/medical.jpg\",\"width\":700,\"height\":450,\"caption\":\"ESTONIA Medical Spa & Hotel\"},\"image\":{\"@id\":\"https:\/\/www.spaestonia.ee\/medical\/fi\/#\/schema\/logo\/image\/\"},\"sameAs\":[\"https:\/\/www.facebook.com\/EstoniaMedicalSpa\"]}]}<\/script>\n<!-- \/ Yoast SEO plugin. -->","yoast_head_json":{"title":"Huoltop\u00e4iv\u00e4t - ESTONIA Medical Spa &amp; Hotel","robots":{"index":"index","follow":"follow","max-snippet":"max-snippet:-1","max-image-preview":"max-image-preview:large","max-video-preview":"max-video-preview:-1"},"canonical":"https:\/\/spaestonia.ee\/medical\/fi\/estonia-spa-termid\/siivouspaivat\/","og_locale":"fi_FI","og_type":"article","og_title":"Huoltop\u00e4iv\u00e4t - ESTONIA Medical Spa &amp; Hotel","og_description":"TERMID -keskuksessa on joka kuukauden yksi huoltop\u00e4iv\u00e4. Huoltop\u00e4iv\u00e4n\u00e4 avaamme saunakeskuksen ja kylpy\u00e4n asiakkaille kello 17.00.&hellip;","og_url":"https:\/\/spaestonia.ee\/medical\/fi\/estonia-spa-termid\/siivouspaivat\/","og_site_name":"ESTONIA Medical Spa &amp; Hotel","article_publisher":"https:\/\/www.facebook.com\/EstoniaMedicalSpa","article_modified_time":"2025-12-18T09:29:43+00:00","twitter_card":"summary_large_image","twitter_misc":{"Arvioitu lukuaika":"1 minuutti"},"schema":{"@context":"https:\/\/schema.org","@graph":[{"@type":"WebPage","@id":"https:\/\/spaestonia.ee\/medical\/fi\/estonia-spa-termid\/siivouspaivat\/","url":"https:\/\/spaestonia.ee\/medical\/fi\/estonia-spa-termid\/siivouspaivat\/","name":"Huoltop\u00e4iv\u00e4t - ESTONIA Medical Spa &amp; Hotel","isPartOf":{"@id":"https:\/\/www.spaestonia.ee\/medical\/fi\/#website"},"datePublished":"2014-12-25T17:18:57+00:00","dateModified":"2025-12-18T09:29:43+00:00","breadcrumb":{"@id":"https:\/\/spaestonia.ee\/medical\/fi\/estonia-spa-termid\/siivouspaivat\/#breadcrumb"},"inLanguage":"fi","potentialAction":[{"@type":"ReadAction","target":["https:\/\/spaestonia.ee\/medical\/fi\/estonia-spa-termid\/siivouspaivat\/"]}]},{"@type":"BreadcrumbList","@id":"https:\/\/spaestonia.ee\/medical\/fi\/estonia-spa-termid\/siivouspaivat\/#breadcrumb","itemListElement":[{"@type":"ListItem","position":1,"name":"Home","item":"https:\/\/www.spaestonia.ee\/medical\/fi\/"},{"@type":"ListItem","position":2,"name":"Spa-keskus TERMID","item":"https:\/\/www.spaestonia.ee\/medical\/fi\/estonia-spa-termid\/"},{"@type":"ListItem","position":3,"name":"Huoltop\u00e4iv\u00e4t"}]},{"@type":"WebSite","@id":"https:\/\/www.spaestonia.ee\/medical\/fi\/#website","url":"https:\/\/www.spaestonia.ee\/medical\/fi\/","name":"ESTONIA Medical Spa & Hotel","description":"Ravispaa - Terveyskylpyl\u00e4 - P\u00e4rnu","publisher":{"@id":"https:\/\/www.spaestonia.ee\/medical\/fi\/#organization"},"potentialAction":[{"@type":"SearchAction","target":{"@type":"EntryPoint","urlTemplate":"https:\/\/www.spaestonia.ee\/medical\/fi\/?s={search_term_string}"},"query-input":{"@type":"PropertyValueSpecification","valueRequired":true,"valueName":"search_term_string"}}],"inLanguage":"fi"},{"@type":"Organization","@id":"https:\/\/www.spaestonia.ee\/medical\/fi\/#organization","name":"ESTONIA Medical Spa & Hotel","url":"https:\/\/www.spaestonia.ee\/medical\/fi\/","logo":{"@type":"ImageObject","inLanguage":"fi","@id":"https:\/\/www.spaestonia.ee\/medical\/fi\/#\/schema\/logo\/image\/","url":"https:\/\/www.spaestonia.ee\/medical\/wp-content\/uploads\/2025\/02\/medical.jpg","contentUrl":"https:\/\/www.spaestonia.ee\/medical\/wp-content\/uploads\/2025\/02\/medical.jpg","width":700,"height":450,"caption":"ESTONIA Medical Spa & Hotel"},"image":{"@id":"https:\/\/www.spaestonia.ee\/medical\/fi\/#\/schema\/logo\/image\/"},"sameAs":["https:\/\/www.facebook.com\/EstoniaMedicalSpa"]}]}},"_links":{"self":[{"href":"https:\/\/spaestonia.ee\/medical\/fi\/wp-json\/wp\/v2\/pages\/3107","targetHints":{"allow":["GET"]}}],"collection":[{"href":"https:\/\/spaestonia.ee\/medical\/fi\/wp-json\/wp\/v2\/pages"}],"about":[{"href":"https:\/\/spaestonia.ee\/medical\/fi\/wp-json\/wp\/v2\/types\/page"}],"author":[{"embeddable":true,"href":"https:\/\/spaestonia.ee\/medical\/fi\/wp-json\/wp\/v2\/users\/1"}],"replies":[{"embeddable":true,"href":"https:\/\/spaestonia.ee\/medical\/fi\/wp-json\/wp\/v2\/comments?post=3107"}],"version-history":[{"count":46,"href":"https:\/\/spaestonia.ee\/medical\/fi\/wp-json\/wp\/v2\/pages\/3107\/revisions"}],"predecessor-version":[{"id":23084,"href":"https:\/\/spaestonia.ee\/medical\/fi\/wp-json\/wp\/v2\/pages\/3107\/revisions\/23084"}],"up":[{"embeddable":true,"href":"https:\/\/spaestonia.ee\/medical\/fi\/wp-json\/wp\/v2\/pages\/844"}],"wp:attachment":[{"href":"https:\/\/spaestonia.ee\/medical\/fi\/wp-json\/wp\/v2\/media?parent=3107"}],"curies":[{"name":"wp","href":"https:\/\/api.w.org\/{rel}","templated":true}]}}