{"id":4088,"date":"2016-04-04T23:12:08","date_gmt":"2016-04-04T20:12:08","guid":{"rendered":"https:\/\/www.spaestonia.ee\/medical\/?page_id=4088"},"modified":"2016-04-04T23:12:08","modified_gmt":"2016-04-04T20:12:08","slug":"matkakohde","status":"publish","type":"page","link":"https:\/\/spaestonia.ee\/medical\/fi\/matkakohde\/","title":{"rendered":"Matkakohde"},"content":{"rendered":"<p><strong>Viro<\/strong>\u00a0\u2013 pieni maa Euroopan unionin koillisosassa ja kiehtova yhdistelm\u00e4 nykyaikaa ja historiaa. Tuoreet ideat ovat takuumme \u2013 huipputeknologian startup-yrityksist\u00e4 gourmet-illallisiin mets\u00e4n siimeksess\u00e4. Pienen kokomme ansiosta olemme joustavia ja innokkaita kasvamaan ja yll\u00e4tt\u00e4m\u00e4\u00e4n positiivisesti. Lue lis\u00e4\u00e4 osoitteesta\u00a0<a href=\"http:\/\/www.visitestonia.com\/fi?site_preference=normal\" target=\"_blank\">www.visitestonia.com<\/a>.<\/p>\n<p><strong>P\u00e4rnu<\/strong>\u00a0on tunnettu virolainen lomakaupunki, jonka kylpyl\u00e4perinteet ulottuvat vuoteen 1838 asti. Kaupunki sijaitsee maan l\u00e4nsirannikolla ja sopii t\u00e4ydellisesti \u201doff the beaten track\u201d \u2011lomailuun. Valkeat hiekkarannat, matalat rantavedet, monipuolinen kulttuuriel\u00e4m\u00e4 ja lukuisat kahvilat, ravintolat ja y\u00f6kerhot houkuttelevat vuosittain tuhansia turisteja P\u00e4rnuun nauttimaan kes\u00e4lomastaan. Syksyisin, talvisin ja kev\u00e4isin P\u00e4rnu on suosittu kylpyl\u00e4lomakohde \u2013 kaupungissa on useita kylpyl\u00f6it\u00e4 ja hyvinvointikeskuksia. Lue lis\u00e4\u00e4 osoitteesta\u00a0<a href=\"http:\/\/visitparnu.ee\/fi\/\" target=\"_blank\">www.visitparnu.com<\/a>.<\/p>\n<p><strong>Matkustaminen P\u00e4rnuun<\/strong>. Useimmista Euroopan suurkaupungeista on lentoyhteys Tallinnaan ja Riikaan, joista molemmista p\u00e4\u00e4see P\u00e4rnuun autolla tai bussilla alle kahdessa tunnissa.<br \/>\nP\u00e4rnu \u2013 Tallinna 127 km<br \/>\nP\u00e4rnu \u2013 Riika 181 km<\/p>\n<p><a href=\"https:\/\/www.spaestonia.ee\/resort\/wp-content\/uploads\/2015\/03\/resort-map-view.jpg\"><img loading=\"lazy\" decoding=\"async\" class=\"alignleft wp-image-770 size-full\" src=\"https:\/\/www.spaestonia.ee\/resort\/wp-content\/uploads\/2015\/03\/resort-map-view.jpg\" alt=\"resort-map-view\" width=\"612\" height=\"645\" \/><\/a><\/p>\n","protected":false},"excerpt":{"rendered":"<p>Viro\u00a0\u2013 pieni maa Euroopan unionin koillisosassa ja kiehtova yhdistelm\u00e4 nykyaikaa ja historiaa. Tuoreet ideat ovat&hellip;<\/p>\n","protected":false},"author":1,"featured_media":0,"parent":0,"menu_order":0,"comment_status":"closed","ping_status":"open","template":"","meta":{"footnotes":""},"class_list":["post-4088","page","type-page","status-publish","hentry"],"yoast_head":"<!-- This site is optimized with the Yoast SEO plugin v26.3 - https:\/\/yoast.com\/wordpress\/plugins\/seo\/ -->\n<title>Matkakohde - ESTONIA Medical Spa &amp; Hotel<\/title>\n<meta name=\"robots\" content=\"index, follow, max-snippet:-1, max-image-preview:large, max-video-preview:-1\" \/>\n<link rel=\"canonical\" href=\"https:\/\/spaestonia.ee\/medical\/fi\/matkakohde\/\" \/>\n<meta property=\"og:locale\" content=\"fi_FI\" \/>\n<meta property=\"og:type\" content=\"article\" \/>\n<meta property=\"og:title\" content=\"Matkakohde - ESTONIA Medical Spa &amp; Hotel\" \/>\n<meta property=\"og:description\" content=\"Viro\u00a0\u2013 pieni maa Euroopan unionin koillisosassa ja kiehtova yhdistelm\u00e4 nykyaikaa ja historiaa. Tuoreet ideat ovat&hellip;\" \/>\n<meta property=\"og:url\" content=\"https:\/\/spaestonia.ee\/medical\/fi\/matkakohde\/\" \/>\n<meta property=\"og:site_name\" content=\"ESTONIA Medical Spa &amp; Hotel\" \/>\n<meta property=\"article:publisher\" content=\"https:\/\/www.facebook.com\/EstoniaMedicalSpa\" \/>\n<meta property=\"og:image\" content=\"https:\/\/www.spaestonia.ee\/resort\/wp-content\/uploads\/2015\/03\/resort-map-view.jpg\" \/>\n<meta name=\"twitter:card\" content=\"summary_large_image\" \/>\n<meta name=\"twitter:label1\" content=\"Arvioitu lukuaika\" \/>\n\t<meta name=\"twitter:data1\" content=\"1 minuutti\" \/>\n<script type=\"application\/ld+json\" class=\"yoast-schema-graph\">{\"@context\":\"https:\/\/schema.org\",\"@graph\":[{\"@type\":\"WebPage\",\"@id\":\"https:\/\/spaestonia.ee\/medical\/fi\/matkakohde\/\",\"url\":\"https:\/\/spaestonia.ee\/medical\/fi\/matkakohde\/\",\"name\":\"Matkakohde - ESTONIA Medical Spa &amp; Hotel\",\"isPartOf\":{\"@id\":\"https:\/\/www.spaestonia.ee\/medical\/fi\/#website\"},\"primaryImageOfPage\":{\"@id\":\"https:\/\/spaestonia.ee\/medical\/fi\/matkakohde\/#primaryimage\"},\"image\":{\"@id\":\"https:\/\/spaestonia.ee\/medical\/fi\/matkakohde\/#primaryimage\"},\"thumbnailUrl\":\"https:\/\/www.spaestonia.ee\/resort\/wp-content\/uploads\/2015\/03\/resort-map-view.jpg\",\"datePublished\":\"2016-04-04T20:12:08+00:00\",\"breadcrumb\":{\"@id\":\"https:\/\/spaestonia.ee\/medical\/fi\/matkakohde\/#breadcrumb\"},\"inLanguage\":\"fi\",\"potentialAction\":[{\"@type\":\"ReadAction\",\"target\":[\"https:\/\/spaestonia.ee\/medical\/fi\/matkakohde\/\"]}]},{\"@type\":\"ImageObject\",\"inLanguage\":\"fi\",\"@id\":\"https:\/\/spaestonia.ee\/medical\/fi\/matkakohde\/#primaryimage\",\"url\":\"https:\/\/www.spaestonia.ee\/resort\/wp-content\/uploads\/2015\/03\/resort-map-view.jpg\",\"contentUrl\":\"https:\/\/www.spaestonia.ee\/resort\/wp-content\/uploads\/2015\/03\/resort-map-view.jpg\"},{\"@type\":\"BreadcrumbList\",\"@id\":\"https:\/\/spaestonia.ee\/medical\/fi\/matkakohde\/#breadcrumb\",\"itemListElement\":[{\"@type\":\"ListItem\",\"position\":1,\"name\":\"Home\",\"item\":\"https:\/\/www.spaestonia.ee\/medical\/fi\/\"},{\"@type\":\"ListItem\",\"position\":2,\"name\":\"Matkakohde\"}]},{\"@type\":\"WebSite\",\"@id\":\"https:\/\/www.spaestonia.ee\/medical\/fi\/#website\",\"url\":\"https:\/\/www.spaestonia.ee\/medical\/fi\/\",\"name\":\"ESTONIA Medical Spa & Hotel\",\"description\":\"Ravispaa - Terveyskylpyl\u00e4 - P\u00e4rnu\",\"publisher\":{\"@id\":\"https:\/\/www.spaestonia.ee\/medical\/fi\/#organization\"},\"potentialAction\":[{\"@type\":\"SearchAction\",\"target\":{\"@type\":\"EntryPoint\",\"urlTemplate\":\"https:\/\/www.spaestonia.ee\/medical\/fi\/?s={search_term_string}\"},\"query-input\":{\"@type\":\"PropertyValueSpecification\",\"valueRequired\":true,\"valueName\":\"search_term_string\"}}],\"inLanguage\":\"fi\"},{\"@type\":\"Organization\",\"@id\":\"https:\/\/www.spaestonia.ee\/medical\/fi\/#organization\",\"name\":\"ESTONIA Medical Spa & Hotel\",\"url\":\"https:\/\/www.spaestonia.ee\/medical\/fi\/\",\"logo\":{\"@type\":\"ImageObject\",\"inLanguage\":\"fi\",\"@id\":\"https:\/\/www.spaestonia.ee\/medical\/fi\/#\/schema\/logo\/image\/\",\"url\":\"https:\/\/www.spaestonia.ee\/medical\/wp-content\/uploads\/2025\/02\/medical.jpg\",\"contentUrl\":\"https:\/\/www.spaestonia.ee\/medical\/wp-content\/uploads\/2025\/02\/medical.jpg\",\"width\":700,\"height\":450,\"caption\":\"ESTONIA Medical Spa & Hotel\"},\"image\":{\"@id\":\"https:\/\/www.spaestonia.ee\/medical\/fi\/#\/schema\/logo\/image\/\"},\"sameAs\":[\"https:\/\/www.facebook.com\/EstoniaMedicalSpa\"]}]}<\/script>\n<!-- \/ Yoast SEO plugin. -->","yoast_head_json":{"title":"Matkakohde - ESTONIA Medical Spa &amp; Hotel","robots":{"index":"index","follow":"follow","max-snippet":"max-snippet:-1","max-image-preview":"max-image-preview:large","max-video-preview":"max-video-preview:-1"},"canonical":"https:\/\/spaestonia.ee\/medical\/fi\/matkakohde\/","og_locale":"fi_FI","og_type":"article","og_title":"Matkakohde - ESTONIA Medical Spa &amp; Hotel","og_description":"Viro\u00a0\u2013 pieni maa Euroopan unionin koillisosassa ja kiehtova yhdistelm\u00e4 nykyaikaa ja historiaa. Tuoreet ideat ovat&hellip;","og_url":"https:\/\/spaestonia.ee\/medical\/fi\/matkakohde\/","og_site_name":"ESTONIA Medical Spa &amp; Hotel","article_publisher":"https:\/\/www.facebook.com\/EstoniaMedicalSpa","og_image":[{"url":"https:\/\/www.spaestonia.ee\/resort\/wp-content\/uploads\/2015\/03\/resort-map-view.jpg","type":"","width":"","height":""}],"twitter_card":"summary_large_image","twitter_misc":{"Arvioitu lukuaika":"1 minuutti"},"schema":{"@context":"https:\/\/schema.org","@graph":[{"@type":"WebPage","@id":"https:\/\/spaestonia.ee\/medical\/fi\/matkakohde\/","url":"https:\/\/spaestonia.ee\/medical\/fi\/matkakohde\/","name":"Matkakohde - ESTONIA Medical Spa &amp; Hotel","isPartOf":{"@id":"https:\/\/www.spaestonia.ee\/medical\/fi\/#website"},"primaryImageOfPage":{"@id":"https:\/\/spaestonia.ee\/medical\/fi\/matkakohde\/#primaryimage"},"image":{"@id":"https:\/\/spaestonia.ee\/medical\/fi\/matkakohde\/#primaryimage"},"thumbnailUrl":"https:\/\/www.spaestonia.ee\/resort\/wp-content\/uploads\/2015\/03\/resort-map-view.jpg","datePublished":"2016-04-04T20:12:08+00:00","breadcrumb":{"@id":"https:\/\/spaestonia.ee\/medical\/fi\/matkakohde\/#breadcrumb"},"inLanguage":"fi","potentialAction":[{"@type":"ReadAction","target":["https:\/\/spaestonia.ee\/medical\/fi\/matkakohde\/"]}]},{"@type":"ImageObject","inLanguage":"fi","@id":"https:\/\/spaestonia.ee\/medical\/fi\/matkakohde\/#primaryimage","url":"https:\/\/www.spaestonia.ee\/resort\/wp-content\/uploads\/2015\/03\/resort-map-view.jpg","contentUrl":"https:\/\/www.spaestonia.ee\/resort\/wp-content\/uploads\/2015\/03\/resort-map-view.jpg"},{"@type":"BreadcrumbList","@id":"https:\/\/spaestonia.ee\/medical\/fi\/matkakohde\/#breadcrumb","itemListElement":[{"@type":"ListItem","position":1,"name":"Home","item":"https:\/\/www.spaestonia.ee\/medical\/fi\/"},{"@type":"ListItem","position":2,"name":"Matkakohde"}]},{"@type":"WebSite","@id":"https:\/\/www.spaestonia.ee\/medical\/fi\/#website","url":"https:\/\/www.spaestonia.ee\/medical\/fi\/","name":"ESTONIA Medical Spa & Hotel","description":"Ravispaa - Terveyskylpyl\u00e4 - P\u00e4rnu","publisher":{"@id":"https:\/\/www.spaestonia.ee\/medical\/fi\/#organization"},"potentialAction":[{"@type":"SearchAction","target":{"@type":"EntryPoint","urlTemplate":"https:\/\/www.spaestonia.ee\/medical\/fi\/?s={search_term_string}"},"query-input":{"@type":"PropertyValueSpecification","valueRequired":true,"valueName":"search_term_string"}}],"inLanguage":"fi"},{"@type":"Organization","@id":"https:\/\/www.spaestonia.ee\/medical\/fi\/#organization","name":"ESTONIA Medical Spa & Hotel","url":"https:\/\/www.spaestonia.ee\/medical\/fi\/","logo":{"@type":"ImageObject","inLanguage":"fi","@id":"https:\/\/www.spaestonia.ee\/medical\/fi\/#\/schema\/logo\/image\/","url":"https:\/\/www.spaestonia.ee\/medical\/wp-content\/uploads\/2025\/02\/medical.jpg","contentUrl":"https:\/\/www.spaestonia.ee\/medical\/wp-content\/uploads\/2025\/02\/medical.jpg","width":700,"height":450,"caption":"ESTONIA Medical Spa & Hotel"},"image":{"@id":"https:\/\/www.spaestonia.ee\/medical\/fi\/#\/schema\/logo\/image\/"},"sameAs":["https:\/\/www.facebook.com\/EstoniaMedicalSpa"]}]}},"_links":{"self":[{"href":"https:\/\/spaestonia.ee\/medical\/fi\/wp-json\/wp\/v2\/pages\/4088","targetHints":{"allow":["GET"]}}],"collection":[{"href":"https:\/\/spaestonia.ee\/medical\/fi\/wp-json\/wp\/v2\/pages"}],"about":[{"href":"https:\/\/spaestonia.ee\/medical\/fi\/wp-json\/wp\/v2\/types\/page"}],"author":[{"embeddable":true,"href":"https:\/\/spaestonia.ee\/medical\/fi\/wp-json\/wp\/v2\/users\/1"}],"replies":[{"embeddable":true,"href":"https:\/\/spaestonia.ee\/medical\/fi\/wp-json\/wp\/v2\/comments?post=4088"}],"version-history":[{"count":1,"href":"https:\/\/spaestonia.ee\/medical\/fi\/wp-json\/wp\/v2\/pages\/4088\/revisions"}],"predecessor-version":[{"id":4089,"href":"https:\/\/spaestonia.ee\/medical\/fi\/wp-json\/wp\/v2\/pages\/4088\/revisions\/4089"}],"wp:attachment":[{"href":"https:\/\/spaestonia.ee\/medical\/fi\/wp-json\/wp\/v2\/media?parent=4088"}],"curies":[{"name":"wp","href":"https:\/\/api.w.org\/{rel}","templated":true}]}}