{"id":4367,"date":"2015-01-03T14:41:38","date_gmt":"2015-01-03T12:41:38","guid":{"rendered":"https:\/\/www.spaestonia.ee\/medical\/?page_id=4367"},"modified":"2023-08-23T09:49:04","modified_gmt":"2023-08-23T06:49:04","slug":"termid-hyvat-tavat","status":"publish","type":"page","link":"https:\/\/spaestonia.ee\/medical\/fi\/estonia-spa-termid\/termid-hyvat-tavat\/","title":{"rendered":"TERMID -allasosaston hyv\u00e4t tavat"},"content":{"rendered":"<p>Hyv\u00e4 vierailija!<\/p>\n<p>Jotta kokemuksesi TERMID-keskuksessa on mahdollisimman miellytt\u00e4v\u00e4, pyyd\u00e4mme noudattamaan keskuksen etiketti\u00e4 ja huomioimaan muut vierailijat.<\/p>\n<h2>ESTONIA SPA TERMID -saunakeskuksen HYV\u00c4T TAVAT:<\/h2>\n<ul>\n<li>Ostamalla TERMID-lipun vahvistat, ett\u00e4 taitosi ja terveydentilasi riitt\u00e4v\u00e4t erilaisissa altaissamme ja saunoissamme k\u00e4ymiseen.<\/li>\n<li>Peseydy aina ennen saunoissa ja altaissa k\u00e4ymist\u00e4! Ole hyv\u00e4 ja noudata hyvi\u00e4 hygieniatapoja. Parran ajaminen, hiusten v\u00e4rj\u00e4\u00e4minen sek\u00e4 kuorintojen ja naamioiden k\u00e4ytt\u00f6 on kielletty.<\/li>\n<li>TERMID-keskuksessa on aina k\u00e4ytett\u00e4v\u00e4 uima-asua. Pyyd\u00e4mme k\u00e4ytt\u00e4m\u00e4\u00e4n vauvoilla ja alle 3-vuotiailla lapsilla uimavaippoja, joita voi ostaa TERMID-keskuksen myyntitiskeilt\u00e4.<\/li>\n<li>TERMID-keskuksessa on turvallista ja mukavaa liikkua kevyiss\u00e4 kumipohjaisissa rantajalkineissa.<\/li>\n<li>M\u00e4rk\u00e4 lattia on liukas! Ole varovainen \u2013 juokseminen on vaarallista! Liiku TERMID-keskuksessa ja uimalassa rauhallisesti, jotta et kaadu ja loukkaannu.<\/li>\n<li>Ole hyv\u00e4 ja k\u00e4yt\u00e4 saunoissa laudeliinoja.<\/li>\n<li>Veteen ei saa hyp\u00e4t\u00e4.<\/li>\n<li>Valvo lapsiasi ja heid\u00e4n tekemisi\u00e4\u00e4n TERMID-keskuksessa. Liiallinen vapaus voi olla ep\u00e4turvallista ja my\u00f6s h\u00e4irit\u00e4 muita asiakkaita.<\/li>\n<li>Alle 14-vuotiaat (mukaan lukien) saavat k\u00e4yd\u00e4 kylpyl\u00e4osastollamme vain aikuisen kanssa. Valvo lapsiasi, jotta heid\u00e4n oleskelunsa kylpyl\u00e4osastolla olisi turvallista. Aikuiset vastaavat lastensa turvallisuudesta kylpyl\u00e4ss\u00e4 vietetyn ajan!<\/li>\n<li>Odotamme asiakkailtamme asiallista suhtautumista ymp\u00e4rist\u00f6\u00f6n. Jos vierailija rikkoo tahallaan keskuksen esineit\u00e4, h\u00e4nen on korvattava vahingot t\u00e4ydess\u00e4 laajuudessa.<\/li>\n<li>S\u00e4ilyt\u00e4 vaatekaappisi avainta huolellisesti. Jos avaimesi katoaa, ole hyv\u00e4 ja ilmoita asiasta henkil\u00f6kunnalle v\u00e4litt\u00f6m\u00e4sti. Jos avain katoaa, henkil\u00f6kunta ei vastaa vaatekaappiin j\u00e4\u00e4neist\u00e4 tavaroista.<\/li>\n<li>Tupakointi TERMID-keskuksessa on <strong>kielletty.<\/strong><\/li>\n<li>Omien juomien juominen lasiastiassa on <strong>kielletty.<\/strong><\/li>\n<li>Henkil\u00f6kunnalla on oikeus kielt\u00e4yty\u00e4 palvelemasta p\u00e4ihtynytt\u00e4 asiakasta ja mit\u00e4t\u00f6id\u00e4 p\u00e4ihtyneen asiakkaan p\u00e4\u00e4sylippu ilman hyvityst\u00e4.<\/li>\n<\/ul>\n<p>Nautinnollisia saunahetki\u00e4!<\/p>\n","protected":false},"excerpt":{"rendered":"<p>Hyv\u00e4 vierailija! Jotta kokemuksesi TERMID-keskuksessa on mahdollisimman miellytt\u00e4v\u00e4, pyyd\u00e4mme noudattamaan keskuksen etiketti\u00e4 ja huomioimaan muut&hellip;<\/p>\n","protected":false},"author":1,"featured_media":0,"parent":844,"menu_order":0,"comment_status":"closed","ping_status":"open","template":"","meta":{"footnotes":""},"class_list":["post-4367","page","type-page","status-publish","hentry"],"yoast_head":"<!-- This site is optimized with the Yoast SEO plugin v26.3 - https:\/\/yoast.com\/wordpress\/plugins\/seo\/ -->\n<title>TERMID -allasosaston hyv\u00e4t tavat - ESTONIA Medical Spa &amp; Hotel<\/title>\n<meta name=\"robots\" content=\"index, follow, max-snippet:-1, max-image-preview:large, max-video-preview:-1\" \/>\n<link rel=\"canonical\" href=\"https:\/\/spaestonia.ee\/medical\/fi\/estonia-spa-termid\/termid-hyvat-tavat\/\" \/>\n<meta property=\"og:locale\" content=\"fi_FI\" \/>\n<meta property=\"og:type\" content=\"article\" \/>\n<meta property=\"og:title\" content=\"TERMID -allasosaston hyv\u00e4t tavat - ESTONIA Medical Spa &amp; Hotel\" \/>\n<meta property=\"og:description\" content=\"Hyv\u00e4 vierailija! Jotta kokemuksesi TERMID-keskuksessa on mahdollisimman miellytt\u00e4v\u00e4, pyyd\u00e4mme noudattamaan keskuksen etiketti\u00e4 ja huomioimaan muut&hellip;\" \/>\n<meta property=\"og:url\" content=\"https:\/\/spaestonia.ee\/medical\/fi\/estonia-spa-termid\/termid-hyvat-tavat\/\" \/>\n<meta property=\"og:site_name\" content=\"ESTONIA Medical Spa &amp; Hotel\" \/>\n<meta property=\"article:publisher\" content=\"https:\/\/www.facebook.com\/EstoniaMedicalSpa\" \/>\n<meta property=\"article:modified_time\" content=\"2023-08-23T06:49:04+00:00\" \/>\n<meta name=\"twitter:card\" content=\"summary_large_image\" \/>\n<meta name=\"twitter:label1\" content=\"Arvioitu lukuaika\" \/>\n\t<meta name=\"twitter:data1\" content=\"1 minuutti\" \/>\n<script type=\"application\/ld+json\" class=\"yoast-schema-graph\">{\"@context\":\"https:\/\/schema.org\",\"@graph\":[{\"@type\":\"WebPage\",\"@id\":\"https:\/\/spaestonia.ee\/medical\/fi\/estonia-spa-termid\/termid-hyvat-tavat\/\",\"url\":\"https:\/\/spaestonia.ee\/medical\/fi\/estonia-spa-termid\/termid-hyvat-tavat\/\",\"name\":\"TERMID -allasosaston hyv\u00e4t tavat - ESTONIA Medical Spa &amp; Hotel\",\"isPartOf\":{\"@id\":\"https:\/\/www.spaestonia.ee\/medical\/fi\/#website\"},\"datePublished\":\"2015-01-03T12:41:38+00:00\",\"dateModified\":\"2023-08-23T06:49:04+00:00\",\"breadcrumb\":{\"@id\":\"https:\/\/spaestonia.ee\/medical\/fi\/estonia-spa-termid\/termid-hyvat-tavat\/#breadcrumb\"},\"inLanguage\":\"fi\",\"potentialAction\":[{\"@type\":\"ReadAction\",\"target\":[\"https:\/\/spaestonia.ee\/medical\/fi\/estonia-spa-termid\/termid-hyvat-tavat\/\"]}]},{\"@type\":\"BreadcrumbList\",\"@id\":\"https:\/\/spaestonia.ee\/medical\/fi\/estonia-spa-termid\/termid-hyvat-tavat\/#breadcrumb\",\"itemListElement\":[{\"@type\":\"ListItem\",\"position\":1,\"name\":\"Home\",\"item\":\"https:\/\/www.spaestonia.ee\/medical\/fi\/\"},{\"@type\":\"ListItem\",\"position\":2,\"name\":\"Spa-keskus TERMID\",\"item\":\"https:\/\/www.spaestonia.ee\/medical\/fi\/estonia-spa-termid\/\"},{\"@type\":\"ListItem\",\"position\":3,\"name\":\"TERMID -allasosaston hyv\u00e4t tavat\"}]},{\"@type\":\"WebSite\",\"@id\":\"https:\/\/www.spaestonia.ee\/medical\/fi\/#website\",\"url\":\"https:\/\/www.spaestonia.ee\/medical\/fi\/\",\"name\":\"ESTONIA Medical Spa & Hotel\",\"description\":\"Ravispaa - Terveyskylpyl\u00e4 - P\u00e4rnu\",\"publisher\":{\"@id\":\"https:\/\/www.spaestonia.ee\/medical\/fi\/#organization\"},\"potentialAction\":[{\"@type\":\"SearchAction\",\"target\":{\"@type\":\"EntryPoint\",\"urlTemplate\":\"https:\/\/www.spaestonia.ee\/medical\/fi\/?s={search_term_string}\"},\"query-input\":{\"@type\":\"PropertyValueSpecification\",\"valueRequired\":true,\"valueName\":\"search_term_string\"}}],\"inLanguage\":\"fi\"},{\"@type\":\"Organization\",\"@id\":\"https:\/\/www.spaestonia.ee\/medical\/fi\/#organization\",\"name\":\"ESTONIA Medical Spa & Hotel\",\"url\":\"https:\/\/www.spaestonia.ee\/medical\/fi\/\",\"logo\":{\"@type\":\"ImageObject\",\"inLanguage\":\"fi\",\"@id\":\"https:\/\/www.spaestonia.ee\/medical\/fi\/#\/schema\/logo\/image\/\",\"url\":\"https:\/\/www.spaestonia.ee\/medical\/wp-content\/uploads\/2025\/02\/medical.jpg\",\"contentUrl\":\"https:\/\/www.spaestonia.ee\/medical\/wp-content\/uploads\/2025\/02\/medical.jpg\",\"width\":700,\"height\":450,\"caption\":\"ESTONIA Medical Spa & Hotel\"},\"image\":{\"@id\":\"https:\/\/www.spaestonia.ee\/medical\/fi\/#\/schema\/logo\/image\/\"},\"sameAs\":[\"https:\/\/www.facebook.com\/EstoniaMedicalSpa\"]}]}<\/script>\n<!-- \/ Yoast SEO plugin. -->","yoast_head_json":{"title":"TERMID -allasosaston hyv\u00e4t tavat - ESTONIA Medical Spa &amp; Hotel","robots":{"index":"index","follow":"follow","max-snippet":"max-snippet:-1","max-image-preview":"max-image-preview:large","max-video-preview":"max-video-preview:-1"},"canonical":"https:\/\/spaestonia.ee\/medical\/fi\/estonia-spa-termid\/termid-hyvat-tavat\/","og_locale":"fi_FI","og_type":"article","og_title":"TERMID -allasosaston hyv\u00e4t tavat - ESTONIA Medical Spa &amp; Hotel","og_description":"Hyv\u00e4 vierailija! Jotta kokemuksesi TERMID-keskuksessa on mahdollisimman miellytt\u00e4v\u00e4, pyyd\u00e4mme noudattamaan keskuksen etiketti\u00e4 ja huomioimaan muut&hellip;","og_url":"https:\/\/spaestonia.ee\/medical\/fi\/estonia-spa-termid\/termid-hyvat-tavat\/","og_site_name":"ESTONIA Medical Spa &amp; Hotel","article_publisher":"https:\/\/www.facebook.com\/EstoniaMedicalSpa","article_modified_time":"2023-08-23T06:49:04+00:00","twitter_card":"summary_large_image","twitter_misc":{"Arvioitu lukuaika":"1 minuutti"},"schema":{"@context":"https:\/\/schema.org","@graph":[{"@type":"WebPage","@id":"https:\/\/spaestonia.ee\/medical\/fi\/estonia-spa-termid\/termid-hyvat-tavat\/","url":"https:\/\/spaestonia.ee\/medical\/fi\/estonia-spa-termid\/termid-hyvat-tavat\/","name":"TERMID -allasosaston hyv\u00e4t tavat - ESTONIA Medical Spa &amp; Hotel","isPartOf":{"@id":"https:\/\/www.spaestonia.ee\/medical\/fi\/#website"},"datePublished":"2015-01-03T12:41:38+00:00","dateModified":"2023-08-23T06:49:04+00:00","breadcrumb":{"@id":"https:\/\/spaestonia.ee\/medical\/fi\/estonia-spa-termid\/termid-hyvat-tavat\/#breadcrumb"},"inLanguage":"fi","potentialAction":[{"@type":"ReadAction","target":["https:\/\/spaestonia.ee\/medical\/fi\/estonia-spa-termid\/termid-hyvat-tavat\/"]}]},{"@type":"BreadcrumbList","@id":"https:\/\/spaestonia.ee\/medical\/fi\/estonia-spa-termid\/termid-hyvat-tavat\/#breadcrumb","itemListElement":[{"@type":"ListItem","position":1,"name":"Home","item":"https:\/\/www.spaestonia.ee\/medical\/fi\/"},{"@type":"ListItem","position":2,"name":"Spa-keskus TERMID","item":"https:\/\/www.spaestonia.ee\/medical\/fi\/estonia-spa-termid\/"},{"@type":"ListItem","position":3,"name":"TERMID -allasosaston hyv\u00e4t tavat"}]},{"@type":"WebSite","@id":"https:\/\/www.spaestonia.ee\/medical\/fi\/#website","url":"https:\/\/www.spaestonia.ee\/medical\/fi\/","name":"ESTONIA Medical Spa & Hotel","description":"Ravispaa - Terveyskylpyl\u00e4 - P\u00e4rnu","publisher":{"@id":"https:\/\/www.spaestonia.ee\/medical\/fi\/#organization"},"potentialAction":[{"@type":"SearchAction","target":{"@type":"EntryPoint","urlTemplate":"https:\/\/www.spaestonia.ee\/medical\/fi\/?s={search_term_string}"},"query-input":{"@type":"PropertyValueSpecification","valueRequired":true,"valueName":"search_term_string"}}],"inLanguage":"fi"},{"@type":"Organization","@id":"https:\/\/www.spaestonia.ee\/medical\/fi\/#organization","name":"ESTONIA Medical Spa & Hotel","url":"https:\/\/www.spaestonia.ee\/medical\/fi\/","logo":{"@type":"ImageObject","inLanguage":"fi","@id":"https:\/\/www.spaestonia.ee\/medical\/fi\/#\/schema\/logo\/image\/","url":"https:\/\/www.spaestonia.ee\/medical\/wp-content\/uploads\/2025\/02\/medical.jpg","contentUrl":"https:\/\/www.spaestonia.ee\/medical\/wp-content\/uploads\/2025\/02\/medical.jpg","width":700,"height":450,"caption":"ESTONIA Medical Spa & Hotel"},"image":{"@id":"https:\/\/www.spaestonia.ee\/medical\/fi\/#\/schema\/logo\/image\/"},"sameAs":["https:\/\/www.facebook.com\/EstoniaMedicalSpa"]}]}},"_links":{"self":[{"href":"https:\/\/spaestonia.ee\/medical\/fi\/wp-json\/wp\/v2\/pages\/4367","targetHints":{"allow":["GET"]}}],"collection":[{"href":"https:\/\/spaestonia.ee\/medical\/fi\/wp-json\/wp\/v2\/pages"}],"about":[{"href":"https:\/\/spaestonia.ee\/medical\/fi\/wp-json\/wp\/v2\/types\/page"}],"author":[{"embeddable":true,"href":"https:\/\/spaestonia.ee\/medical\/fi\/wp-json\/wp\/v2\/users\/1"}],"replies":[{"embeddable":true,"href":"https:\/\/spaestonia.ee\/medical\/fi\/wp-json\/wp\/v2\/comments?post=4367"}],"version-history":[{"count":4,"href":"https:\/\/spaestonia.ee\/medical\/fi\/wp-json\/wp\/v2\/pages\/4367\/revisions"}],"predecessor-version":[{"id":19159,"href":"https:\/\/spaestonia.ee\/medical\/fi\/wp-json\/wp\/v2\/pages\/4367\/revisions\/19159"}],"up":[{"embeddable":true,"href":"https:\/\/spaestonia.ee\/medical\/fi\/wp-json\/wp\/v2\/pages\/844"}],"wp:attachment":[{"href":"https:\/\/spaestonia.ee\/medical\/fi\/wp-json\/wp\/v2\/media?parent=4367"}],"curies":[{"name":"wp","href":"https:\/\/api.w.org\/{rel}","templated":true}]}}