{"id":4705,"date":"2015-12-02T11:34:26","date_gmt":"2015-12-02T09:34:26","guid":{"rendered":"https:\/\/www.spaestonia.ee\/medical\/?page_id=4705"},"modified":"2025-09-10T12:36:15","modified_gmt":"2025-09-10T09:36:15","slug":"sijanti-ja-pysakointi","status":"publish","type":"page","link":"https:\/\/spaestonia.ee\/medical\/fi\/sijanti-ja-pysakointi\/","title":{"rendered":"Sijanti ja pys\u00e4kointi"},"content":{"rendered":"<p>ESTONIA Medical Spa &amp; Hotel\u00a0a sijaitsee aivan rannan l\u00e4heisyydess\u00e4, 5 minuutin matkan p\u00e4\u00e4ss\u00e4 ja 15 minuutin k\u00e4velymatkan et\u00e4isyydell\u00e4 P\u00e4rnun keskustasta.<\/p>\n<p><strong>Osoite:<\/strong><br \/>\nHotelli vastaanotto \u2013 P\u00e4rna 12, P\u00e4rnu, Viro,\u00a0<a href=\"https:\/\/www.google.ee\/maps\/place\/P%C3%A4rna+12,+P%C3%A4rnu,+80014+P%C3%A4rnu+maakond\/@58.3792412,24.4970383,18.25z\/data=!4m5!3m4!1s0x46ecfd1a01a3a13d:0x5bbf18408132d848!8m2!3d58.3791463!4d24.4962184?hl=en\" target=\"_blank\" rel=\"noopener\">Google Maps<\/a><br \/>\nUima- ja saunakeskus TERMID \u2013 S\u00e4\u00e4se 7, P\u00e4rnu, Viro,\u00a0<a href=\"https:\/\/www.google.ee\/maps\/place\/S%C3%A4%C3%A4se+7,+P%C3%A4rnu,+80012+P%C3%A4rnu+maakond\/@58.3789905,24.4976783,18.5z\/data=!4m5!3m4!1s0x46ecfd1a1d223941:0x49bb8c431542a08!8m2!3d58.3789614!4d24.4970831?hl=en\" target=\"_blank\" rel=\"noopener\">Google Maps<\/a><\/p>\n<hr \/>\n<p><strong><span style=\"color: #3366ff;\"><img loading=\"lazy\" decoding=\"async\" class=\"wp-image-20800 alignright\" src=\"http:\/\/www.spaestonia.ee\/medical\/wp-content\/uploads\/2024\/04\/Parkimine_Estonia-Medical-Spa-Hotel.jpg\" alt=\"Parkimine_Estonia Medical Spa &amp; Hotel\" width=\"381\" height=\"291\" srcset=\"https:\/\/spaestonia.ee\/medical\/wp-content\/uploads\/2024\/04\/Parkimine_Estonia-Medical-Spa-Hotel.jpg 1100w, https:\/\/spaestonia.ee\/medical\/wp-content\/uploads\/2024\/04\/Parkimine_Estonia-Medical-Spa-Hotel-300x229.jpg 300w, https:\/\/spaestonia.ee\/medical\/wp-content\/uploads\/2024\/04\/Parkimine_Estonia-Medical-Spa-Hotel-1024x783.jpg 1024w, https:\/\/spaestonia.ee\/medical\/wp-content\/uploads\/2024\/04\/Parkimine_Estonia-Medical-Spa-Hotel-768x587.jpg 768w\" sizes=\"auto, (max-width: 381px) 100vw, 381px\" \/><span style=\"font-size: 20px;\">Pys\u00e4k\u00f6inti ESTONIA Medical Spa &amp; Hotelin pys\u00e4k\u00f6intialueella on <\/span><\/span><\/strong><span style=\"font-size: 20px;\"><strong><span style=\"color: #3366ff;\">1.5-31.8 <\/span><\/strong><strong><span style=\"color: #3366ff;\">maksullista, muina aikoina maksuton. <\/span><\/strong><\/span><span style=\"color: #3366ff; font-size: 20px;\">Pys\u00e4k\u00f6id\u00e4 voi, jos pys\u00e4k\u00f6intialueella on vapaita paikkoja.<\/span><\/p>\n<p>Parkkipaikkoja on rajoitettu m\u00e4\u00e4r\u00e4, eik\u00e4 ennakkovaraus ole mahdollista. Pys\u00e4k\u00f6intilupa ei takaa pys\u00e4k\u00f6intipaikkaa koko hotellissa oloajaksi, jos asiakas poistuu v\u00e4lill\u00e4 hotellin pys\u00e4k\u00f6intialueelta.<\/p>\n<p><span style=\"font-size: 20px;\"><strong><span style=\"color: #3366ff;\">HINNAT 1.5-31.8<br \/>\n<\/span><\/strong><\/span><strong>Pys\u00e4k\u00f6intimittarilla <\/strong>30 min ilmaiseksi<br \/>\n<strong>5 \u20ac<\/strong> \/ 3h<br \/>\n<strong>10 \u20ac<\/strong> \/ y\u00f6 <em>(voimassa sis\u00e4\u00e4nkirjautumisesta uloskirjautumiseen)<br \/>\n<\/em><strong>HUOM! 1.5-31.8, pys\u00e4k\u00f6innin rekister\u00f6inti ja maksu VAIN hotellin\/ spa-keskuksen vastaanottoon!<\/p>\n<p>Pys\u00e4k\u00f6inti\u00e4 j\u00e4rjest\u00e4\u00e4 <a href=\"https:\/\/europark.ee\/\">EuroPark ESTONIA<\/a>.<br \/>\n<\/strong><\/p>\n<hr \/>\n<p><strong>Liikkumisesteisen henkil\u00f6n ajoneuvon pys\u00e4k\u00f6inti on hotellin pys\u00e4k\u00f6intialueella ilmaista:<\/strong><br \/>\n\u2013 liikkumisesteinen kuljettaja tai liikkumisesteist\u00e4 tai sokeaa henkil\u00f6\u00e4 palveleva moottoriajoneuvon kuljettaja on vapautettu pys\u00e4k\u00f6intimaksun maksamisesta hotellin pys\u00e4k\u00f6intialueella.<br \/>\n\u2013 pys\u00e4k\u00f6intimaksusta vapautusta todistaa liikennelain \u00a7:ss\u00e4 167 mainittu liikkumisesteist\u00e4 tai sokeaa henkil\u00f6\u00e4 palvelevan ajoneuvon pys\u00e4k\u00f6intilupa.<br \/>\n\u2013 pys\u00e4k\u00f6intilupa tulee olla moottoriajoneuvon tuuli- tai takalasissa.<\/p>\n<hr \/>\n<p><strong>Tutustu kaupungin katujen pys\u00e4k\u00f6intiehtoihin Visit P\u00e4rnun verkkosivulla<\/strong>\u00a0<strong><a href=\"https:\/\/visitparnu.com\/fi\/pysakointi-parnussa\/\">visitparnu.com<\/a><\/strong><\/p>\n","protected":false},"excerpt":{"rendered":"<p>ESTONIA Medical Spa &amp; Hotel\u00a0a sijaitsee aivan rannan l\u00e4heisyydess\u00e4, 5 minuutin matkan p\u00e4\u00e4ss\u00e4 ja 15&hellip;<\/p>\n","protected":false},"author":1,"featured_media":0,"parent":0,"menu_order":0,"comment_status":"closed","ping_status":"open","template":"","meta":{"footnotes":""},"class_list":["post-4705","page","type-page","status-publish","hentry"],"yoast_head":"<!-- This site is optimized with the Yoast SEO plugin v26.3 - https:\/\/yoast.com\/wordpress\/plugins\/seo\/ -->\n<title>Sijanti ja pys\u00e4kointi - ESTONIA Medical Spa &amp; Hotel<\/title>\n<meta name=\"robots\" content=\"index, follow, max-snippet:-1, max-image-preview:large, max-video-preview:-1\" \/>\n<link rel=\"canonical\" href=\"https:\/\/spaestonia.ee\/medical\/fi\/sijanti-ja-pysakointi\/\" \/>\n<meta property=\"og:locale\" content=\"fi_FI\" \/>\n<meta property=\"og:type\" content=\"article\" \/>\n<meta property=\"og:title\" content=\"Sijanti ja pys\u00e4kointi - ESTONIA Medical Spa &amp; Hotel\" \/>\n<meta property=\"og:description\" content=\"ESTONIA Medical Spa &amp; Hotel\u00a0a sijaitsee aivan rannan l\u00e4heisyydess\u00e4, 5 minuutin matkan p\u00e4\u00e4ss\u00e4 ja 15&hellip;\" \/>\n<meta property=\"og:url\" content=\"https:\/\/spaestonia.ee\/medical\/fi\/sijanti-ja-pysakointi\/\" \/>\n<meta property=\"og:site_name\" content=\"ESTONIA Medical Spa &amp; Hotel\" \/>\n<meta property=\"article:publisher\" content=\"https:\/\/www.facebook.com\/EstoniaMedicalSpa\" \/>\n<meta property=\"article:modified_time\" content=\"2025-09-10T09:36:15+00:00\" \/>\n<meta property=\"og:image\" content=\"http:\/\/www.spaestonia.ee\/medical\/wp-content\/uploads\/2024\/04\/Parkimine_Estonia-Medical-Spa-Hotel.jpg\" \/>\n<meta name=\"twitter:card\" content=\"summary_large_image\" \/>\n<meta name=\"twitter:label1\" content=\"Arvioitu lukuaika\" \/>\n\t<meta name=\"twitter:data1\" content=\"2 minuuttia\" \/>\n<script type=\"application\/ld+json\" class=\"yoast-schema-graph\">{\"@context\":\"https:\/\/schema.org\",\"@graph\":[{\"@type\":\"WebPage\",\"@id\":\"https:\/\/spaestonia.ee\/medical\/fi\/sijanti-ja-pysakointi\/\",\"url\":\"https:\/\/spaestonia.ee\/medical\/fi\/sijanti-ja-pysakointi\/\",\"name\":\"Sijanti ja pys\u00e4kointi - ESTONIA Medical Spa &amp; Hotel\",\"isPartOf\":{\"@id\":\"https:\/\/www.spaestonia.ee\/medical\/fi\/#website\"},\"primaryImageOfPage\":{\"@id\":\"https:\/\/spaestonia.ee\/medical\/fi\/sijanti-ja-pysakointi\/#primaryimage\"},\"image\":{\"@id\":\"https:\/\/spaestonia.ee\/medical\/fi\/sijanti-ja-pysakointi\/#primaryimage\"},\"thumbnailUrl\":\"http:\/\/www.spaestonia.ee\/medical\/wp-content\/uploads\/2024\/04\/Parkimine_Estonia-Medical-Spa-Hotel.jpg\",\"datePublished\":\"2015-12-02T09:34:26+00:00\",\"dateModified\":\"2025-09-10T09:36:15+00:00\",\"breadcrumb\":{\"@id\":\"https:\/\/spaestonia.ee\/medical\/fi\/sijanti-ja-pysakointi\/#breadcrumb\"},\"inLanguage\":\"fi\",\"potentialAction\":[{\"@type\":\"ReadAction\",\"target\":[\"https:\/\/spaestonia.ee\/medical\/fi\/sijanti-ja-pysakointi\/\"]}]},{\"@type\":\"ImageObject\",\"inLanguage\":\"fi\",\"@id\":\"https:\/\/spaestonia.ee\/medical\/fi\/sijanti-ja-pysakointi\/#primaryimage\",\"url\":\"http:\/\/www.spaestonia.ee\/medical\/wp-content\/uploads\/2024\/04\/Parkimine_Estonia-Medical-Spa-Hotel.jpg\",\"contentUrl\":\"http:\/\/www.spaestonia.ee\/medical\/wp-content\/uploads\/2024\/04\/Parkimine_Estonia-Medical-Spa-Hotel.jpg\"},{\"@type\":\"BreadcrumbList\",\"@id\":\"https:\/\/spaestonia.ee\/medical\/fi\/sijanti-ja-pysakointi\/#breadcrumb\",\"itemListElement\":[{\"@type\":\"ListItem\",\"position\":1,\"name\":\"Home\",\"item\":\"https:\/\/www.spaestonia.ee\/medical\/fi\/\"},{\"@type\":\"ListItem\",\"position\":2,\"name\":\"Sijanti ja pys\u00e4kointi\"}]},{\"@type\":\"WebSite\",\"@id\":\"https:\/\/www.spaestonia.ee\/medical\/fi\/#website\",\"url\":\"https:\/\/www.spaestonia.ee\/medical\/fi\/\",\"name\":\"ESTONIA Medical Spa & Hotel\",\"description\":\"Ravispaa - Terveyskylpyl\u00e4 - P\u00e4rnu\",\"publisher\":{\"@id\":\"https:\/\/www.spaestonia.ee\/medical\/fi\/#organization\"},\"potentialAction\":[{\"@type\":\"SearchAction\",\"target\":{\"@type\":\"EntryPoint\",\"urlTemplate\":\"https:\/\/www.spaestonia.ee\/medical\/fi\/?s={search_term_string}\"},\"query-input\":{\"@type\":\"PropertyValueSpecification\",\"valueRequired\":true,\"valueName\":\"search_term_string\"}}],\"inLanguage\":\"fi\"},{\"@type\":\"Organization\",\"@id\":\"https:\/\/www.spaestonia.ee\/medical\/fi\/#organization\",\"name\":\"ESTONIA Medical Spa & Hotel\",\"url\":\"https:\/\/www.spaestonia.ee\/medical\/fi\/\",\"logo\":{\"@type\":\"ImageObject\",\"inLanguage\":\"fi\",\"@id\":\"https:\/\/www.spaestonia.ee\/medical\/fi\/#\/schema\/logo\/image\/\",\"url\":\"https:\/\/www.spaestonia.ee\/medical\/wp-content\/uploads\/2025\/02\/medical.jpg\",\"contentUrl\":\"https:\/\/www.spaestonia.ee\/medical\/wp-content\/uploads\/2025\/02\/medical.jpg\",\"width\":700,\"height\":450,\"caption\":\"ESTONIA Medical Spa & Hotel\"},\"image\":{\"@id\":\"https:\/\/www.spaestonia.ee\/medical\/fi\/#\/schema\/logo\/image\/\"},\"sameAs\":[\"https:\/\/www.facebook.com\/EstoniaMedicalSpa\"]}]}<\/script>\n<!-- \/ Yoast SEO plugin. -->","yoast_head_json":{"title":"Sijanti ja pys\u00e4kointi - ESTONIA Medical Spa &amp; Hotel","robots":{"index":"index","follow":"follow","max-snippet":"max-snippet:-1","max-image-preview":"max-image-preview:large","max-video-preview":"max-video-preview:-1"},"canonical":"https:\/\/spaestonia.ee\/medical\/fi\/sijanti-ja-pysakointi\/","og_locale":"fi_FI","og_type":"article","og_title":"Sijanti ja pys\u00e4kointi - ESTONIA Medical Spa &amp; Hotel","og_description":"ESTONIA Medical Spa &amp; Hotel\u00a0a sijaitsee aivan rannan l\u00e4heisyydess\u00e4, 5 minuutin matkan p\u00e4\u00e4ss\u00e4 ja 15&hellip;","og_url":"https:\/\/spaestonia.ee\/medical\/fi\/sijanti-ja-pysakointi\/","og_site_name":"ESTONIA Medical Spa &amp; Hotel","article_publisher":"https:\/\/www.facebook.com\/EstoniaMedicalSpa","article_modified_time":"2025-09-10T09:36:15+00:00","og_image":[{"url":"http:\/\/www.spaestonia.ee\/medical\/wp-content\/uploads\/2024\/04\/Parkimine_Estonia-Medical-Spa-Hotel.jpg","type":"","width":"","height":""}],"twitter_card":"summary_large_image","twitter_misc":{"Arvioitu lukuaika":"2 minuuttia"},"schema":{"@context":"https:\/\/schema.org","@graph":[{"@type":"WebPage","@id":"https:\/\/spaestonia.ee\/medical\/fi\/sijanti-ja-pysakointi\/","url":"https:\/\/spaestonia.ee\/medical\/fi\/sijanti-ja-pysakointi\/","name":"Sijanti ja pys\u00e4kointi - ESTONIA Medical Spa &amp; Hotel","isPartOf":{"@id":"https:\/\/www.spaestonia.ee\/medical\/fi\/#website"},"primaryImageOfPage":{"@id":"https:\/\/spaestonia.ee\/medical\/fi\/sijanti-ja-pysakointi\/#primaryimage"},"image":{"@id":"https:\/\/spaestonia.ee\/medical\/fi\/sijanti-ja-pysakointi\/#primaryimage"},"thumbnailUrl":"http:\/\/www.spaestonia.ee\/medical\/wp-content\/uploads\/2024\/04\/Parkimine_Estonia-Medical-Spa-Hotel.jpg","datePublished":"2015-12-02T09:34:26+00:00","dateModified":"2025-09-10T09:36:15+00:00","breadcrumb":{"@id":"https:\/\/spaestonia.ee\/medical\/fi\/sijanti-ja-pysakointi\/#breadcrumb"},"inLanguage":"fi","potentialAction":[{"@type":"ReadAction","target":["https:\/\/spaestonia.ee\/medical\/fi\/sijanti-ja-pysakointi\/"]}]},{"@type":"ImageObject","inLanguage":"fi","@id":"https:\/\/spaestonia.ee\/medical\/fi\/sijanti-ja-pysakointi\/#primaryimage","url":"http:\/\/www.spaestonia.ee\/medical\/wp-content\/uploads\/2024\/04\/Parkimine_Estonia-Medical-Spa-Hotel.jpg","contentUrl":"http:\/\/www.spaestonia.ee\/medical\/wp-content\/uploads\/2024\/04\/Parkimine_Estonia-Medical-Spa-Hotel.jpg"},{"@type":"BreadcrumbList","@id":"https:\/\/spaestonia.ee\/medical\/fi\/sijanti-ja-pysakointi\/#breadcrumb","itemListElement":[{"@type":"ListItem","position":1,"name":"Home","item":"https:\/\/www.spaestonia.ee\/medical\/fi\/"},{"@type":"ListItem","position":2,"name":"Sijanti ja pys\u00e4kointi"}]},{"@type":"WebSite","@id":"https:\/\/www.spaestonia.ee\/medical\/fi\/#website","url":"https:\/\/www.spaestonia.ee\/medical\/fi\/","name":"ESTONIA Medical Spa & Hotel","description":"Ravispaa - Terveyskylpyl\u00e4 - P\u00e4rnu","publisher":{"@id":"https:\/\/www.spaestonia.ee\/medical\/fi\/#organization"},"potentialAction":[{"@type":"SearchAction","target":{"@type":"EntryPoint","urlTemplate":"https:\/\/www.spaestonia.ee\/medical\/fi\/?s={search_term_string}"},"query-input":{"@type":"PropertyValueSpecification","valueRequired":true,"valueName":"search_term_string"}}],"inLanguage":"fi"},{"@type":"Organization","@id":"https:\/\/www.spaestonia.ee\/medical\/fi\/#organization","name":"ESTONIA Medical Spa & Hotel","url":"https:\/\/www.spaestonia.ee\/medical\/fi\/","logo":{"@type":"ImageObject","inLanguage":"fi","@id":"https:\/\/www.spaestonia.ee\/medical\/fi\/#\/schema\/logo\/image\/","url":"https:\/\/www.spaestonia.ee\/medical\/wp-content\/uploads\/2025\/02\/medical.jpg","contentUrl":"https:\/\/www.spaestonia.ee\/medical\/wp-content\/uploads\/2025\/02\/medical.jpg","width":700,"height":450,"caption":"ESTONIA Medical Spa & Hotel"},"image":{"@id":"https:\/\/www.spaestonia.ee\/medical\/fi\/#\/schema\/logo\/image\/"},"sameAs":["https:\/\/www.facebook.com\/EstoniaMedicalSpa"]}]}},"_links":{"self":[{"href":"https:\/\/spaestonia.ee\/medical\/fi\/wp-json\/wp\/v2\/pages\/4705","targetHints":{"allow":["GET"]}}],"collection":[{"href":"https:\/\/spaestonia.ee\/medical\/fi\/wp-json\/wp\/v2\/pages"}],"about":[{"href":"https:\/\/spaestonia.ee\/medical\/fi\/wp-json\/wp\/v2\/types\/page"}],"author":[{"embeddable":true,"href":"https:\/\/spaestonia.ee\/medical\/fi\/wp-json\/wp\/v2\/users\/1"}],"replies":[{"embeddable":true,"href":"https:\/\/spaestonia.ee\/medical\/fi\/wp-json\/wp\/v2\/comments?post=4705"}],"version-history":[{"count":22,"href":"https:\/\/spaestonia.ee\/medical\/fi\/wp-json\/wp\/v2\/pages\/4705\/revisions"}],"predecessor-version":[{"id":22764,"href":"https:\/\/spaestonia.ee\/medical\/fi\/wp-json\/wp\/v2\/pages\/4705\/revisions\/22764"}],"wp:attachment":[{"href":"https:\/\/spaestonia.ee\/medical\/fi\/wp-json\/wp\/v2\/media?parent=4705"}],"curies":[{"name":"wp","href":"https:\/\/api.w.org\/{rel}","templated":true}]}}