{"id":6451,"date":"2017-02-21T12:54:19","date_gmt":"2017-02-21T10:54:19","guid":{"rendered":"https:\/\/www.spaestonia.ee\/medical\/fi\/?page_id=6451"},"modified":"2025-01-03T14:25:42","modified_gmt":"2025-01-03T12:25:42","slug":"kauneuden-day-spa","status":"publish","type":"page","link":"https:\/\/spaestonia.ee\/medical\/fi\/kauneuden-day-spa\/","title":{"rendered":"Kauneuden day-spa"},"content":{"rendered":"<p><img loading=\"lazy\" decoding=\"async\" class=\"alignright wp-image-6425\" src=\"https:\/\/www.spaestonia.ee\/medical\/wp-content\/uploads\/2017\/02\/28398cacb59352d0b6fe0b705eef8bf9.jpg\" sizes=\"auto, (max-width: 380px) 100vw, 380px\" srcset=\"https:\/\/www.spaestonia.ee\/medical\/wp-content\/uploads\/2017\/02\/28398cacb59352d0b6fe0b705eef8bf9.jpg 427w, https:\/\/www.spaestonia.ee\/medical\/wp-content\/uploads\/2017\/02\/28398cacb59352d0b6fe0b705eef8bf9-200x300.jpg 200w\" alt=\"28398cacb59352d0b6fe0b705eef8bf9\" width=\"380\" height=\"570\" \/>Todella tehokas p\u00e4iv\u00e4 itsellesi!<br \/>\nOta aikaa ennen t\u00e4rke\u00e4\u00e4 tapahtumaa ja palauta itsevarmuutta kauneuden kautta<\/p>\n<h2>KAUNEUDEN DAY-SPA PAKETTI<\/h2>\n<p><strong>Pakettiin sis\u00e4ltyy:<\/strong><\/p>\n<ul>\n<li><strong>Kasvojen ja dekolteen hieronta ja naamio<\/strong><br \/>\nKesto 40 min<br \/>\nHoidon aikana ihoa puhdistetaan ja tonisoidaan. Kasvojen ja dekolteenalueen hieronnan j\u00e4lkeen levitet\u00e4\u00e4n naamio 10 minuuttiksi. Hoidon p\u00e4\u00e4tteeksi laitetaan silm\u00e4nymp\u00e4rys- ja p\u00e4iv\u00e4voidetta. Lopputuloksena puhtaampi ja kirkkaampi iho.<\/li>\n<li><strong>Spa-manikyyri<\/strong><br \/>\nKesto 60 min<br \/>\nKlassinen manikyyri ja syv\u00e4kosteuttava parafiinihoito.<br \/>\nLis\u00e4maksusta lakkaus 6 \u20ac<\/li>\n<li><strong>Hiustenhoito<\/strong><br \/>\nKesto 30 min<br \/>\nHoito sis\u00e4lt\u00e4\u00e4 hiusten pesun, kevyen p\u00e4\u00e4nahan hieronnan sek\u00e4 intensiivisesti hoitavan ja elinvoimaa palauttavan naamion. Hoidon p\u00e4\u00e4tteeksi f\u00f6\u00f6nikampaus.<\/li>\n<\/ul>\n<p><strong>Kauneuden DAY-SPA hinta: 125 \u20ac\u00a0<\/strong><strong><br \/>\n<\/strong><\/p>\n<p>Kauneuden Day-SPA paketti saatavissa Ma-Pe klo 10-16<br \/>\nVaraukset teht\u00e4v\u00e4 etuk\u00e4teen 48 h.<\/p>\n<p><strong>Lis\u00e4tietoja \u00a0ja varaukset:<\/strong>\u00a0<a href=\"mailto:ilusalong@spaestonia.ee\">ilusalong@spaestonia.ee<\/a>, +372 \u00a0440 1015<\/p>\n<p>&nbsp;<\/p>\n<p>&nbsp;<\/p>\n<p>&nbsp;<\/p>\n","protected":false},"excerpt":{"rendered":"<p>Todella tehokas p\u00e4iv\u00e4 itsellesi! Ota aikaa ennen t\u00e4rke\u00e4\u00e4 tapahtumaa ja palauta itsevarmuutta kauneuden kautta KAUNEUDEN&hellip;<\/p>\n","protected":false},"author":1,"featured_media":0,"parent":0,"menu_order":0,"comment_status":"closed","ping_status":"closed","template":"","meta":{"footnotes":""},"class_list":["post-6451","page","type-page","status-publish","hentry"],"yoast_head":"<!-- This site is optimized with the Yoast SEO plugin v26.3 - https:\/\/yoast.com\/wordpress\/plugins\/seo\/ -->\n<title>Kauneuden day-spa - ESTONIA Medical Spa &amp; Hotel<\/title>\n<meta name=\"robots\" content=\"index, follow, max-snippet:-1, max-image-preview:large, max-video-preview:-1\" \/>\n<link rel=\"canonical\" href=\"https:\/\/spaestonia.ee\/medical\/fi\/kauneuden-day-spa\/\" \/>\n<meta property=\"og:locale\" content=\"fi_FI\" \/>\n<meta property=\"og:type\" content=\"article\" \/>\n<meta property=\"og:title\" content=\"Kauneuden day-spa - ESTONIA Medical Spa &amp; Hotel\" \/>\n<meta property=\"og:description\" content=\"Todella tehokas p\u00e4iv\u00e4 itsellesi! Ota aikaa ennen t\u00e4rke\u00e4\u00e4 tapahtumaa ja palauta itsevarmuutta kauneuden kautta KAUNEUDEN&hellip;\" \/>\n<meta property=\"og:url\" content=\"https:\/\/spaestonia.ee\/medical\/fi\/kauneuden-day-spa\/\" \/>\n<meta property=\"og:site_name\" content=\"ESTONIA Medical Spa &amp; Hotel\" \/>\n<meta property=\"article:publisher\" content=\"https:\/\/www.facebook.com\/EstoniaMedicalSpa\" \/>\n<meta property=\"article:modified_time\" content=\"2025-01-03T12:25:42+00:00\" \/>\n<meta property=\"og:image\" content=\"https:\/\/www.spaestonia.ee\/medical\/wp-content\/uploads\/2017\/02\/28398cacb59352d0b6fe0b705eef8bf9.jpg\" \/>\n<meta name=\"twitter:card\" content=\"summary_large_image\" \/>\n<meta name=\"twitter:label1\" content=\"Arvioitu lukuaika\" \/>\n\t<meta name=\"twitter:data1\" content=\"1 minuutti\" \/>\n<script type=\"application\/ld+json\" class=\"yoast-schema-graph\">{\"@context\":\"https:\/\/schema.org\",\"@graph\":[{\"@type\":\"WebPage\",\"@id\":\"https:\/\/spaestonia.ee\/medical\/fi\/kauneuden-day-spa\/\",\"url\":\"https:\/\/spaestonia.ee\/medical\/fi\/kauneuden-day-spa\/\",\"name\":\"Kauneuden day-spa - ESTONIA Medical Spa &amp; Hotel\",\"isPartOf\":{\"@id\":\"https:\/\/www.spaestonia.ee\/medical\/fi\/#website\"},\"primaryImageOfPage\":{\"@id\":\"https:\/\/spaestonia.ee\/medical\/fi\/kauneuden-day-spa\/#primaryimage\"},\"image\":{\"@id\":\"https:\/\/spaestonia.ee\/medical\/fi\/kauneuden-day-spa\/#primaryimage\"},\"thumbnailUrl\":\"https:\/\/www.spaestonia.ee\/medical\/wp-content\/uploads\/2017\/02\/28398cacb59352d0b6fe0b705eef8bf9.jpg\",\"datePublished\":\"2017-02-21T10:54:19+00:00\",\"dateModified\":\"2025-01-03T12:25:42+00:00\",\"breadcrumb\":{\"@id\":\"https:\/\/spaestonia.ee\/medical\/fi\/kauneuden-day-spa\/#breadcrumb\"},\"inLanguage\":\"fi\",\"potentialAction\":[{\"@type\":\"ReadAction\",\"target\":[\"https:\/\/spaestonia.ee\/medical\/fi\/kauneuden-day-spa\/\"]}]},{\"@type\":\"ImageObject\",\"inLanguage\":\"fi\",\"@id\":\"https:\/\/spaestonia.ee\/medical\/fi\/kauneuden-day-spa\/#primaryimage\",\"url\":\"https:\/\/www.spaestonia.ee\/medical\/wp-content\/uploads\/2017\/02\/28398cacb59352d0b6fe0b705eef8bf9.jpg\",\"contentUrl\":\"https:\/\/www.spaestonia.ee\/medical\/wp-content\/uploads\/2017\/02\/28398cacb59352d0b6fe0b705eef8bf9.jpg\"},{\"@type\":\"BreadcrumbList\",\"@id\":\"https:\/\/spaestonia.ee\/medical\/fi\/kauneuden-day-spa\/#breadcrumb\",\"itemListElement\":[{\"@type\":\"ListItem\",\"position\":1,\"name\":\"Home\",\"item\":\"https:\/\/www.spaestonia.ee\/medical\/fi\/\"},{\"@type\":\"ListItem\",\"position\":2,\"name\":\"Kauneuden day-spa\"}]},{\"@type\":\"WebSite\",\"@id\":\"https:\/\/www.spaestonia.ee\/medical\/fi\/#website\",\"url\":\"https:\/\/www.spaestonia.ee\/medical\/fi\/\",\"name\":\"ESTONIA Medical Spa & Hotel\",\"description\":\"Ravispaa - Terveyskylpyl\u00e4 - P\u00e4rnu\",\"publisher\":{\"@id\":\"https:\/\/www.spaestonia.ee\/medical\/fi\/#organization\"},\"potentialAction\":[{\"@type\":\"SearchAction\",\"target\":{\"@type\":\"EntryPoint\",\"urlTemplate\":\"https:\/\/www.spaestonia.ee\/medical\/fi\/?s={search_term_string}\"},\"query-input\":{\"@type\":\"PropertyValueSpecification\",\"valueRequired\":true,\"valueName\":\"search_term_string\"}}],\"inLanguage\":\"fi\"},{\"@type\":\"Organization\",\"@id\":\"https:\/\/www.spaestonia.ee\/medical\/fi\/#organization\",\"name\":\"ESTONIA Medical Spa & Hotel\",\"url\":\"https:\/\/www.spaestonia.ee\/medical\/fi\/\",\"logo\":{\"@type\":\"ImageObject\",\"inLanguage\":\"fi\",\"@id\":\"https:\/\/www.spaestonia.ee\/medical\/fi\/#\/schema\/logo\/image\/\",\"url\":\"https:\/\/www.spaestonia.ee\/medical\/wp-content\/uploads\/2025\/02\/medical.jpg\",\"contentUrl\":\"https:\/\/www.spaestonia.ee\/medical\/wp-content\/uploads\/2025\/02\/medical.jpg\",\"width\":700,\"height\":450,\"caption\":\"ESTONIA Medical Spa & Hotel\"},\"image\":{\"@id\":\"https:\/\/www.spaestonia.ee\/medical\/fi\/#\/schema\/logo\/image\/\"},\"sameAs\":[\"https:\/\/www.facebook.com\/EstoniaMedicalSpa\"]}]}<\/script>\n<!-- \/ Yoast SEO plugin. -->","yoast_head_json":{"title":"Kauneuden day-spa - ESTONIA Medical Spa &amp; Hotel","robots":{"index":"index","follow":"follow","max-snippet":"max-snippet:-1","max-image-preview":"max-image-preview:large","max-video-preview":"max-video-preview:-1"},"canonical":"https:\/\/spaestonia.ee\/medical\/fi\/kauneuden-day-spa\/","og_locale":"fi_FI","og_type":"article","og_title":"Kauneuden day-spa - ESTONIA Medical Spa &amp; Hotel","og_description":"Todella tehokas p\u00e4iv\u00e4 itsellesi! Ota aikaa ennen t\u00e4rke\u00e4\u00e4 tapahtumaa ja palauta itsevarmuutta kauneuden kautta KAUNEUDEN&hellip;","og_url":"https:\/\/spaestonia.ee\/medical\/fi\/kauneuden-day-spa\/","og_site_name":"ESTONIA Medical Spa &amp; Hotel","article_publisher":"https:\/\/www.facebook.com\/EstoniaMedicalSpa","article_modified_time":"2025-01-03T12:25:42+00:00","og_image":[{"url":"https:\/\/www.spaestonia.ee\/medical\/wp-content\/uploads\/2017\/02\/28398cacb59352d0b6fe0b705eef8bf9.jpg","type":"","width":"","height":""}],"twitter_card":"summary_large_image","twitter_misc":{"Arvioitu lukuaika":"1 minuutti"},"schema":{"@context":"https:\/\/schema.org","@graph":[{"@type":"WebPage","@id":"https:\/\/spaestonia.ee\/medical\/fi\/kauneuden-day-spa\/","url":"https:\/\/spaestonia.ee\/medical\/fi\/kauneuden-day-spa\/","name":"Kauneuden day-spa - ESTONIA Medical Spa &amp; Hotel","isPartOf":{"@id":"https:\/\/www.spaestonia.ee\/medical\/fi\/#website"},"primaryImageOfPage":{"@id":"https:\/\/spaestonia.ee\/medical\/fi\/kauneuden-day-spa\/#primaryimage"},"image":{"@id":"https:\/\/spaestonia.ee\/medical\/fi\/kauneuden-day-spa\/#primaryimage"},"thumbnailUrl":"https:\/\/www.spaestonia.ee\/medical\/wp-content\/uploads\/2017\/02\/28398cacb59352d0b6fe0b705eef8bf9.jpg","datePublished":"2017-02-21T10:54:19+00:00","dateModified":"2025-01-03T12:25:42+00:00","breadcrumb":{"@id":"https:\/\/spaestonia.ee\/medical\/fi\/kauneuden-day-spa\/#breadcrumb"},"inLanguage":"fi","potentialAction":[{"@type":"ReadAction","target":["https:\/\/spaestonia.ee\/medical\/fi\/kauneuden-day-spa\/"]}]},{"@type":"ImageObject","inLanguage":"fi","@id":"https:\/\/spaestonia.ee\/medical\/fi\/kauneuden-day-spa\/#primaryimage","url":"https:\/\/www.spaestonia.ee\/medical\/wp-content\/uploads\/2017\/02\/28398cacb59352d0b6fe0b705eef8bf9.jpg","contentUrl":"https:\/\/www.spaestonia.ee\/medical\/wp-content\/uploads\/2017\/02\/28398cacb59352d0b6fe0b705eef8bf9.jpg"},{"@type":"BreadcrumbList","@id":"https:\/\/spaestonia.ee\/medical\/fi\/kauneuden-day-spa\/#breadcrumb","itemListElement":[{"@type":"ListItem","position":1,"name":"Home","item":"https:\/\/www.spaestonia.ee\/medical\/fi\/"},{"@type":"ListItem","position":2,"name":"Kauneuden day-spa"}]},{"@type":"WebSite","@id":"https:\/\/www.spaestonia.ee\/medical\/fi\/#website","url":"https:\/\/www.spaestonia.ee\/medical\/fi\/","name":"ESTONIA Medical Spa & Hotel","description":"Ravispaa - Terveyskylpyl\u00e4 - P\u00e4rnu","publisher":{"@id":"https:\/\/www.spaestonia.ee\/medical\/fi\/#organization"},"potentialAction":[{"@type":"SearchAction","target":{"@type":"EntryPoint","urlTemplate":"https:\/\/www.spaestonia.ee\/medical\/fi\/?s={search_term_string}"},"query-input":{"@type":"PropertyValueSpecification","valueRequired":true,"valueName":"search_term_string"}}],"inLanguage":"fi"},{"@type":"Organization","@id":"https:\/\/www.spaestonia.ee\/medical\/fi\/#organization","name":"ESTONIA Medical Spa & Hotel","url":"https:\/\/www.spaestonia.ee\/medical\/fi\/","logo":{"@type":"ImageObject","inLanguage":"fi","@id":"https:\/\/www.spaestonia.ee\/medical\/fi\/#\/schema\/logo\/image\/","url":"https:\/\/www.spaestonia.ee\/medical\/wp-content\/uploads\/2025\/02\/medical.jpg","contentUrl":"https:\/\/www.spaestonia.ee\/medical\/wp-content\/uploads\/2025\/02\/medical.jpg","width":700,"height":450,"caption":"ESTONIA Medical Spa & Hotel"},"image":{"@id":"https:\/\/www.spaestonia.ee\/medical\/fi\/#\/schema\/logo\/image\/"},"sameAs":["https:\/\/www.facebook.com\/EstoniaMedicalSpa"]}]}},"_links":{"self":[{"href":"https:\/\/spaestonia.ee\/medical\/fi\/wp-json\/wp\/v2\/pages\/6451","targetHints":{"allow":["GET"]}}],"collection":[{"href":"https:\/\/spaestonia.ee\/medical\/fi\/wp-json\/wp\/v2\/pages"}],"about":[{"href":"https:\/\/spaestonia.ee\/medical\/fi\/wp-json\/wp\/v2\/types\/page"}],"author":[{"embeddable":true,"href":"https:\/\/spaestonia.ee\/medical\/fi\/wp-json\/wp\/v2\/users\/1"}],"replies":[{"embeddable":true,"href":"https:\/\/spaestonia.ee\/medical\/fi\/wp-json\/wp\/v2\/comments?post=6451"}],"version-history":[{"count":16,"href":"https:\/\/spaestonia.ee\/medical\/fi\/wp-json\/wp\/v2\/pages\/6451\/revisions"}],"predecessor-version":[{"id":22081,"href":"https:\/\/spaestonia.ee\/medical\/fi\/wp-json\/wp\/v2\/pages\/6451\/revisions\/22081"}],"wp:attachment":[{"href":"https:\/\/spaestonia.ee\/medical\/fi\/wp-json\/wp\/v2\/media?parent=6451"}],"curies":[{"name":"wp","href":"https:\/\/api.w.org\/{rel}","templated":true}]}}