{"id":847,"date":"2014-12-25T18:25:39","date_gmt":"2014-12-25T16:25:39","guid":{"rendered":"https:\/\/www.spaestonia.ee\/medical\/?page_id=847"},"modified":"2023-03-24T10:16:45","modified_gmt":"2023-03-24T08:16:45","slug":"saunat","status":"publish","type":"page","link":"https:\/\/spaestonia.ee\/medical\/fi\/estonia-spa-termid\/saunat\/","title":{"rendered":"Saunat"},"content":{"rendered":"<p>Joka on saunan kanssa kasvanut, ei tule toimeen ilman saunaa! Saunomisella on vakiintunut ja t\u00e4rke\u00e4 osa virolaisessa kulttuurissa. Saunominen on ollut kautta aikojen jotakin enemm\u00e4n kuin vain kehon puhtaaksi pesemist\u00e4.Saunassa puhuttiin selv\u00e4ksi maailman asiat ja pohdiskeltiin el\u00e4m\u00e4\u00e4. Saunan ihmeellisen vaikutuksen tunsivat jo esi-is\u00e4mme, ja nyky\u00e4\u00e4nkin sauna on rentouttava ja tehokas apu useisiin terveysongelmiin. T\u00e4rkeint\u00e4 on kuitenkin se, ett\u00e4 sauna ja vesihoidot auttavat parantamaan yleist\u00e4 ruumiillista ja henkist\u00e4 hyvinvointia, vapautumaan p\u00e4ivitt\u00e4isist\u00e4 j\u00e4nnityksist\u00e4, rentoutumaan ja palauttamaan voimat.<\/p>\n<h2><img loading=\"lazy\" decoding=\"async\" class=\"alignright size-full wp-image-1922\" src=\"https:\/\/www.spaestonia.ee\/medical\/wp-content\/uploads\/2014\/12\/1121.jpg\" alt=\"Termid\" width=\"350\" height=\"212\" srcset=\"https:\/\/spaestonia.ee\/medical\/wp-content\/uploads\/2014\/12\/1121.jpg 350w, https:\/\/spaestonia.ee\/medical\/wp-content\/uploads\/2014\/12\/1121-300x181.jpg 300w\" sizes=\"auto, (max-width: 350px) 100vw, 350px\" \/>SUOMALAINEN SAUNA<\/h2>\n<p>Estonia Spa Termid &#8211; keskuksen suomalaisessa saunassa ilma on kuivaa ja kuumaa ja l\u00e4mp\u00f6tila saattaa nousta jopa 95 asteeseen. Tilassa, jossa on puupaneloidut sein\u00e4t ja asteittaiset lauteet, on mukava nauttia kuumuudesta. L\u00e4mm\u00f6nl\u00e4hteen\u00e4 ovat kuumat kiuaskivet, joille l\u00f6yly\u00e4 heitt\u00e4m\u00e4ll\u00e4 saadaan ilmaan lyhytaikaisesti lis\u00e4\u00e4 kosteutta.<br \/>\nSuomalainen sauna aiheuttaa runsasta hikoilua, ja kuuma l\u00f6yly tekee saunassa k\u00e4ynnist\u00e4 nautittavaa ja rentouttavaa. Saunan oikea vaikutus tulee esiin kylmien ja kuumien jaksojen vaihtelussa &#8211; jokaisen kovan l\u00f6ylyn j\u00e4lkeen tulisi lauteilla istumista seurata vilvoittelu kylm\u00e4ll\u00e4 vedell\u00e4. Kehoa on mahdollista karaista ja huuhdella saunan edess\u00e4 olevassa suihkussa, ja sen j\u00e4lkeen voi pulahtaa altaaseen.<\/p>\n<h2><img loading=\"lazy\" decoding=\"async\" class=\"alignright size-full wp-image-1942\" src=\"https:\/\/www.spaestonia.ee\/medical\/wp-content\/uploads\/2014\/12\/106.jpg\" alt=\"Termid\" width=\"350\" height=\"219\" srcset=\"https:\/\/spaestonia.ee\/medical\/wp-content\/uploads\/2014\/12\/106.jpg 350w, https:\/\/spaestonia.ee\/medical\/wp-content\/uploads\/2014\/12\/106-300x187.jpg 300w\" sizes=\"auto, (max-width: 350px) 100vw, 350px\" \/>H\u00d6YRYSAUNA<\/h2>\n<p>Turkissa h\u00f6yrysauna eli hamam on pysynyt tuhansia vuosia ja tuonut kielenk\u00e4ytt\u00f6\u00f6mme my\u00f6s ilmaisun &#8221;turkkilainen sauna&#8221;. Estonia Spa Termid &#8211; keskuksen turkkilainen saunakeskus hamam koostuu kahdesta eril\u00e4mp\u00f6isest\u00e4 h\u00f6yrysaunasta (noin 45\u00b0C).<br \/>\nH\u00f6yrysauna on kuin nuoruuden l\u00e4hde, sill\u00e4 sen vaikutus elimist\u00f6\u00f6n on tervehdytt\u00e4v\u00e4, palauttava ja rentouttava. Saunassa on h\u00f6yryhana, josta valuu tilaan l\u00e4hes veden kiehumisl\u00e4mp\u00f6tilassa olevaa h\u00f6yry\u00e4. Sen vuoksi h\u00f6yrysaunassa ollaankin jatkuvasti l\u00e4mpim\u00e4ss\u00e4 sumupilvess\u00e4.Suuren kosteuspitoisuuden ja l\u00e4mp\u00f6tilan ansiosta h\u00f6yrysauna auttaa tehokkaasti useisiin vaivoihin, kuten bronkiaaliastmaan, bronkiittiin, yl\u00e4hengitysteiden tulehdukseen, ysk\u00e4\u00e4n, \u00e4\u00e4nen k\u00e4heyteen, ei-akuutteihin reumaattisiin vaivoihin ja nivelten rajoittuneeseen liikkuvuuteen tai nivels\u00e4rkyihin.<\/p>\n<p>H\u00f6yry puhdistaa ihmisen suurinta elint\u00e4 &#8211; ihoa. Se on helpoin ja mukavin tapa poistaa kehosta sinne ker\u00e4\u00e4ntyneet toksiinit, sill\u00e4 h\u00f6yryn vaikutuksesta ihohuokoset ja miljoonat hikirauhaset avautuvat, ja niiden kautta poistuvat kuona-aineet ja myrkylliset aineet. Vilkastuneen verenkierron ja aineenvaihdunnan ansiosta ihon rakenne, joustavuus, kiinteys ja v\u00e4ri paranevat.<\/p>\n<h2>POREALLAS <a href=\"https:\/\/www.spaestonia.ee\/medical\/wp-content\/uploads\/2014\/12\/0991.jpg\"><img loading=\"lazy\" decoding=\"async\" class=\"alignright wp-image-1934 size-full\" src=\"https:\/\/www.spaestonia.ee\/medical\/wp-content\/uploads\/2014\/12\/0991.jpg\" alt=\"Termid\" width=\"350\" height=\"220\" srcset=\"https:\/\/spaestonia.ee\/medical\/wp-content\/uploads\/2014\/12\/0991.jpg 350w, https:\/\/spaestonia.ee\/medical\/wp-content\/uploads\/2014\/12\/0991-300x188.jpg 300w\" sizes=\"auto, (max-width: 350px) 100vw, 350px\" \/><\/a><\/h2>\n<p>Pieness\u00e4 py\u00f6re\u00e4ss\u00e4 31-34-asteisella vedell\u00e4 t\u00e4ytetyss\u00e4 hierovassa altaassa voit istua ja antaa samalla viileiden (20 \u00b0C) vesisuihkujen hieroa itse\u00e4si. Altaaseen mahtuu seitsem\u00e4n henke\u00e4.<\/p>\n<p>Allas sopii lihasj\u00e4nnitysten v\u00e4hent\u00e4miseen ja leppoisaan ajanviettoon. Se on hyv\u00e4 paikka rentoutua kuuman saunan j\u00e4lkeen ja karaista kehoa viile\u00e4ll\u00e4 vedell\u00e4.<\/p>\n<h2>JAPANILAINEN KYLPY<\/h2>\n<p>Japanilaiseen saunakulttuuriin liittyy paljon enemm\u00e4n kuin pelkk\u00e4 rakkaus puhtauteen. Japanilainen yleinen sauna sento kuuluu tiiviisti japanilaisten jokap\u00e4iv\u00e4iseen el\u00e4m\u00e4\u00e4n. Kyseess\u00e4 on rentouttava rituaali, josta nautitaan mieluisasti naapureiden ja yst\u00e4vien kanssa. Japanilaisille se ei ole pelk\u00e4st\u00e4\u00e4n paikka, jossa pest\u00e4\u00e4n keho puhtaaksi &#8211; japanilainen kylpy on my\u00f6s sielun puhdistautumisen paikka.<\/p>\n<p><a href=\"https:\/\/www.spaestonia.ee\/medical\/wp-content\/uploads\/2015\/03\/termid-paar-350.jpg\"><img loading=\"lazy\" decoding=\"async\" class=\"alignright wp-image-1996 size-full\" src=\"https:\/\/www.spaestonia.ee\/medical\/wp-content\/uploads\/2015\/03\/termid-paar-350.jpg\" alt=\"termid-paar-350\" width=\"350\" height=\"222\" srcset=\"https:\/\/spaestonia.ee\/medical\/wp-content\/uploads\/2015\/03\/termid-paar-350.jpg 350w, https:\/\/spaestonia.ee\/medical\/wp-content\/uploads\/2015\/03\/termid-paar-350-300x190.jpg 300w\" sizes=\"auto, (max-width: 350px) 100vw, 350px\" \/><\/a>Estonia Spa Termid saunakeskuksen sento-osastolla on pieni lepotila mukavine lepotuoleineen. Siell\u00e4 sijaitsevat suola- ja h\u00f6yrysauna sek\u00e4 eksoottinen japanilainen kylpy suihkuineen.<br \/>\nJapanilaisen kylvyn veden l\u00e4mp\u00f6tila on 42 \u00b0C, ja kylpyyn mahtuu kerrallaan 10 henkil\u00f6\u00e4. Japanilainen kylpy on todellinen rentoutumismuoto pohjoismaisessa kylm\u00e4ss\u00e4 ilmastossamme. Miellytt\u00e4v\u00e4 l\u00e4mp\u00f6, joka pysyy kehossa viel\u00e4 pitk\u00e4\u00e4n kylpemisen j\u00e4lkeen, antaa levollisen raukeudentunteen. Japanilaisesta kylvyst\u00e4 on suositeltavaa nauttia suolasaunassa k\u00e4ynnin j\u00e4lkeen, ja korkeintaan 20 minuuttia kerrallaan.<br \/>\nNauti eksoottisesta ja aistillisesta japanilaisesta kylvyst\u00e4 ja aisti sis\u00e4inen harmoniasi!<\/p>\n<h2>SUOLASAUNA<\/h2>\n<p>Suolasaunaa suositellaan h\u00f6yry- tai l\u00f6ylysaunassa k\u00e4ynnin j\u00e4lkeen. Suolasaunassa kehoon hierotaan luonnollista merisuolaa ja suolan annetaan vaikuttaa iholla 5-10 minuuttia, jonka j\u00e4lkeen se suihkutetaan pois. Estonia Spa Termid -keskuksen suolasauna on hieman kuumempi (70 \u00b0C) kuin tavanomaiset suolasaunat. Suolasaunan j\u00e4lkeen voit kylpe\u00e4 japanilaisessa kylvyss\u00e4 tai porealtaassa.<\/p>\n<p>Suola on tunnettu kansanl\u00e4\u00e4kinn\u00e4ss\u00e4 erinomaisista parantavista ominaisuuksistaan. Suolalla hierominen saunassa vaikuttaa ihoa kuorivana hoitona. Saunasta poistuttaessa iho tuntuu todella silkinpehme\u00e4lt\u00e4. Suolaisen ilman hengitt\u00e4minen vaikuttaa tervehdytt\u00e4v\u00e4sti hengitysteihin. Suola puhdistaa ihoa ja poistaa kuolleet ihosolut. Samalla ihon verenkierto vilkastuu ja turvotus v\u00e4henee. Suolasaunaa ei suositella, jos iho on vaurioitunut!<\/p>\n<p>Suolasauna on miedoin saunatyyppi. Se vaikuttaa karaisevasti ja lievitt\u00e4\u00e4 hengitysteiden sairauksiin liittyvi\u00e4 vaivoja.<\/p>\n<h2>ALTAAT <a href=\"https:\/\/www.spaestonia.ee\/medical\/wp-content\/uploads\/2014\/12\/0082.jpg\"><img loading=\"lazy\" decoding=\"async\" class=\"alignright wp-image-1930 size-full\" src=\"https:\/\/www.spaestonia.ee\/medical\/wp-content\/uploads\/2014\/12\/0082.jpg\" alt=\"Termid\" width=\"350\" height=\"233\" srcset=\"https:\/\/spaestonia.ee\/medical\/wp-content\/uploads\/2014\/12\/0082.jpg 350w, https:\/\/spaestonia.ee\/medical\/wp-content\/uploads\/2014\/12\/0082-300x199.jpg 300w\" sizes=\"auto, (max-width: 350px) 100vw, 350px\" \/><\/a><\/h2>\n<p>Estonia\u00a0Spa Termid &#8211; keskuksesta l\u00f6ytyy altaita moneen makuun. Suurin allas on 1,5 metri\u00e4 syv\u00e4, ja sen vesi on miellytt\u00e4v\u00e4n l\u00e4mmint\u00e4, 31-asteista. Allas on tarkoitettu pikemminkin rauhalliseen uintiin ja nauttimiseen kuin totiseen urheiluun. Samassa tilassa on suuren altaan lis\u00e4ksi kaksi pienemp\u00e4\u00e4 allasta. Toisessa niist\u00e4 on hierovia syvennyksi\u00e4, vesiputouksia ja vesisuihkuja ja toinen on pieni poreallas, jossa on selk\u00e4\u00e4 hierovat istuinosat ja jonka veden l\u00e4mp\u00f6tila on 34 \u00b0C.<\/p>\n<p>Perheen pienimmille tarkoitetussa l\u00e4mminvetisess\u00e4 (31 \u00b0C) lastenaltaassa on ilmapatja ja suihkuava vesisieni. 45 cm syv\u00e4 allas sopii pienten lasten vesileikkeihin. Vanhempien on hyv\u00e4 pit\u00e4\u00e4 silm\u00e4ll\u00e4 lapsiaan altaan reunalla olevista lepotuoleista, joissa voi lev\u00e4t\u00e4 saunan j\u00e4lkeen.<\/p>\n","protected":false},"excerpt":{"rendered":"<p>Joka on saunan kanssa kasvanut, ei tule toimeen ilman saunaa! Saunomisella on vakiintunut ja t\u00e4rke\u00e4&hellip;<\/p>\n","protected":false},"author":1,"featured_media":0,"parent":844,"menu_order":0,"comment_status":"closed","ping_status":"open","template":"","meta":{"footnotes":""},"class_list":["post-847","page","type-page","status-publish","hentry"],"yoast_head":"<!-- This site is optimized with the Yoast SEO plugin v26.3 - https:\/\/yoast.com\/wordpress\/plugins\/seo\/ -->\n<title>Saunat - ESTONIA Medical Spa &amp; Hotel<\/title>\n<meta name=\"robots\" content=\"index, follow, max-snippet:-1, max-image-preview:large, max-video-preview:-1\" \/>\n<link rel=\"canonical\" href=\"https:\/\/spaestonia.ee\/medical\/fi\/estonia-spa-termid\/saunat\/\" \/>\n<meta property=\"og:locale\" content=\"fi_FI\" \/>\n<meta property=\"og:type\" content=\"article\" \/>\n<meta property=\"og:title\" content=\"Saunat - ESTONIA Medical Spa &amp; Hotel\" \/>\n<meta property=\"og:description\" content=\"Joka on saunan kanssa kasvanut, ei tule toimeen ilman saunaa! Saunomisella on vakiintunut ja t\u00e4rke\u00e4&hellip;\" \/>\n<meta property=\"og:url\" content=\"https:\/\/spaestonia.ee\/medical\/fi\/estonia-spa-termid\/saunat\/\" \/>\n<meta property=\"og:site_name\" content=\"ESTONIA Medical Spa &amp; Hotel\" \/>\n<meta property=\"article:publisher\" content=\"https:\/\/www.facebook.com\/EstoniaMedicalSpa\" \/>\n<meta property=\"article:modified_time\" content=\"2023-03-24T08:16:45+00:00\" \/>\n<meta property=\"og:image\" content=\"https:\/\/www.spaestonia.ee\/medical\/wp-content\/uploads\/2014\/12\/1121.jpg\" \/>\n<meta name=\"twitter:card\" content=\"summary_large_image\" \/>\n<meta name=\"twitter:label1\" content=\"Arvioitu lukuaika\" \/>\n\t<meta name=\"twitter:data1\" content=\"4 minuuttia\" \/>\n<script type=\"application\/ld+json\" class=\"yoast-schema-graph\">{\"@context\":\"https:\/\/schema.org\",\"@graph\":[{\"@type\":\"WebPage\",\"@id\":\"https:\/\/spaestonia.ee\/medical\/fi\/estonia-spa-termid\/saunat\/\",\"url\":\"https:\/\/spaestonia.ee\/medical\/fi\/estonia-spa-termid\/saunat\/\",\"name\":\"Saunat - ESTONIA Medical Spa &amp; Hotel\",\"isPartOf\":{\"@id\":\"https:\/\/www.spaestonia.ee\/medical\/fi\/#website\"},\"primaryImageOfPage\":{\"@id\":\"https:\/\/spaestonia.ee\/medical\/fi\/estonia-spa-termid\/saunat\/#primaryimage\"},\"image\":{\"@id\":\"https:\/\/spaestonia.ee\/medical\/fi\/estonia-spa-termid\/saunat\/#primaryimage\"},\"thumbnailUrl\":\"https:\/\/www.spaestonia.ee\/medical\/wp-content\/uploads\/2014\/12\/1121.jpg\",\"datePublished\":\"2014-12-25T16:25:39+00:00\",\"dateModified\":\"2023-03-24T08:16:45+00:00\",\"breadcrumb\":{\"@id\":\"https:\/\/spaestonia.ee\/medical\/fi\/estonia-spa-termid\/saunat\/#breadcrumb\"},\"inLanguage\":\"fi\",\"potentialAction\":[{\"@type\":\"ReadAction\",\"target\":[\"https:\/\/spaestonia.ee\/medical\/fi\/estonia-spa-termid\/saunat\/\"]}]},{\"@type\":\"ImageObject\",\"inLanguage\":\"fi\",\"@id\":\"https:\/\/spaestonia.ee\/medical\/fi\/estonia-spa-termid\/saunat\/#primaryimage\",\"url\":\"https:\/\/www.spaestonia.ee\/medical\/wp-content\/uploads\/2014\/12\/1121.jpg\",\"contentUrl\":\"https:\/\/www.spaestonia.ee\/medical\/wp-content\/uploads\/2014\/12\/1121.jpg\"},{\"@type\":\"BreadcrumbList\",\"@id\":\"https:\/\/spaestonia.ee\/medical\/fi\/estonia-spa-termid\/saunat\/#breadcrumb\",\"itemListElement\":[{\"@type\":\"ListItem\",\"position\":1,\"name\":\"Home\",\"item\":\"https:\/\/www.spaestonia.ee\/medical\/fi\/\"},{\"@type\":\"ListItem\",\"position\":2,\"name\":\"Spa-keskus TERMID\",\"item\":\"https:\/\/www.spaestonia.ee\/medical\/fi\/estonia-spa-termid\/\"},{\"@type\":\"ListItem\",\"position\":3,\"name\":\"Saunat\"}]},{\"@type\":\"WebSite\",\"@id\":\"https:\/\/www.spaestonia.ee\/medical\/fi\/#website\",\"url\":\"https:\/\/www.spaestonia.ee\/medical\/fi\/\",\"name\":\"ESTONIA Medical Spa & Hotel\",\"description\":\"Ravispaa - Terveyskylpyl\u00e4 - P\u00e4rnu\",\"publisher\":{\"@id\":\"https:\/\/www.spaestonia.ee\/medical\/fi\/#organization\"},\"potentialAction\":[{\"@type\":\"SearchAction\",\"target\":{\"@type\":\"EntryPoint\",\"urlTemplate\":\"https:\/\/www.spaestonia.ee\/medical\/fi\/?s={search_term_string}\"},\"query-input\":{\"@type\":\"PropertyValueSpecification\",\"valueRequired\":true,\"valueName\":\"search_term_string\"}}],\"inLanguage\":\"fi\"},{\"@type\":\"Organization\",\"@id\":\"https:\/\/www.spaestonia.ee\/medical\/fi\/#organization\",\"name\":\"ESTONIA Medical Spa & Hotel\",\"url\":\"https:\/\/www.spaestonia.ee\/medical\/fi\/\",\"logo\":{\"@type\":\"ImageObject\",\"inLanguage\":\"fi\",\"@id\":\"https:\/\/www.spaestonia.ee\/medical\/fi\/#\/schema\/logo\/image\/\",\"url\":\"https:\/\/www.spaestonia.ee\/medical\/wp-content\/uploads\/2025\/02\/medical.jpg\",\"contentUrl\":\"https:\/\/www.spaestonia.ee\/medical\/wp-content\/uploads\/2025\/02\/medical.jpg\",\"width\":700,\"height\":450,\"caption\":\"ESTONIA Medical Spa & Hotel\"},\"image\":{\"@id\":\"https:\/\/www.spaestonia.ee\/medical\/fi\/#\/schema\/logo\/image\/\"},\"sameAs\":[\"https:\/\/www.facebook.com\/EstoniaMedicalSpa\"]}]}<\/script>\n<!-- \/ Yoast SEO plugin. -->","yoast_head_json":{"title":"Saunat - ESTONIA Medical Spa &amp; Hotel","robots":{"index":"index","follow":"follow","max-snippet":"max-snippet:-1","max-image-preview":"max-image-preview:large","max-video-preview":"max-video-preview:-1"},"canonical":"https:\/\/spaestonia.ee\/medical\/fi\/estonia-spa-termid\/saunat\/","og_locale":"fi_FI","og_type":"article","og_title":"Saunat - ESTONIA Medical Spa &amp; Hotel","og_description":"Joka on saunan kanssa kasvanut, ei tule toimeen ilman saunaa! Saunomisella on vakiintunut ja t\u00e4rke\u00e4&hellip;","og_url":"https:\/\/spaestonia.ee\/medical\/fi\/estonia-spa-termid\/saunat\/","og_site_name":"ESTONIA Medical Spa &amp; Hotel","article_publisher":"https:\/\/www.facebook.com\/EstoniaMedicalSpa","article_modified_time":"2023-03-24T08:16:45+00:00","og_image":[{"url":"https:\/\/www.spaestonia.ee\/medical\/wp-content\/uploads\/2014\/12\/1121.jpg","type":"","width":"","height":""}],"twitter_card":"summary_large_image","twitter_misc":{"Arvioitu lukuaika":"4 minuuttia"},"schema":{"@context":"https:\/\/schema.org","@graph":[{"@type":"WebPage","@id":"https:\/\/spaestonia.ee\/medical\/fi\/estonia-spa-termid\/saunat\/","url":"https:\/\/spaestonia.ee\/medical\/fi\/estonia-spa-termid\/saunat\/","name":"Saunat - ESTONIA Medical Spa &amp; Hotel","isPartOf":{"@id":"https:\/\/www.spaestonia.ee\/medical\/fi\/#website"},"primaryImageOfPage":{"@id":"https:\/\/spaestonia.ee\/medical\/fi\/estonia-spa-termid\/saunat\/#primaryimage"},"image":{"@id":"https:\/\/spaestonia.ee\/medical\/fi\/estonia-spa-termid\/saunat\/#primaryimage"},"thumbnailUrl":"https:\/\/www.spaestonia.ee\/medical\/wp-content\/uploads\/2014\/12\/1121.jpg","datePublished":"2014-12-25T16:25:39+00:00","dateModified":"2023-03-24T08:16:45+00:00","breadcrumb":{"@id":"https:\/\/spaestonia.ee\/medical\/fi\/estonia-spa-termid\/saunat\/#breadcrumb"},"inLanguage":"fi","potentialAction":[{"@type":"ReadAction","target":["https:\/\/spaestonia.ee\/medical\/fi\/estonia-spa-termid\/saunat\/"]}]},{"@type":"ImageObject","inLanguage":"fi","@id":"https:\/\/spaestonia.ee\/medical\/fi\/estonia-spa-termid\/saunat\/#primaryimage","url":"https:\/\/www.spaestonia.ee\/medical\/wp-content\/uploads\/2014\/12\/1121.jpg","contentUrl":"https:\/\/www.spaestonia.ee\/medical\/wp-content\/uploads\/2014\/12\/1121.jpg"},{"@type":"BreadcrumbList","@id":"https:\/\/spaestonia.ee\/medical\/fi\/estonia-spa-termid\/saunat\/#breadcrumb","itemListElement":[{"@type":"ListItem","position":1,"name":"Home","item":"https:\/\/www.spaestonia.ee\/medical\/fi\/"},{"@type":"ListItem","position":2,"name":"Spa-keskus TERMID","item":"https:\/\/www.spaestonia.ee\/medical\/fi\/estonia-spa-termid\/"},{"@type":"ListItem","position":3,"name":"Saunat"}]},{"@type":"WebSite","@id":"https:\/\/www.spaestonia.ee\/medical\/fi\/#website","url":"https:\/\/www.spaestonia.ee\/medical\/fi\/","name":"ESTONIA Medical Spa & Hotel","description":"Ravispaa - Terveyskylpyl\u00e4 - P\u00e4rnu","publisher":{"@id":"https:\/\/www.spaestonia.ee\/medical\/fi\/#organization"},"potentialAction":[{"@type":"SearchAction","target":{"@type":"EntryPoint","urlTemplate":"https:\/\/www.spaestonia.ee\/medical\/fi\/?s={search_term_string}"},"query-input":{"@type":"PropertyValueSpecification","valueRequired":true,"valueName":"search_term_string"}}],"inLanguage":"fi"},{"@type":"Organization","@id":"https:\/\/www.spaestonia.ee\/medical\/fi\/#organization","name":"ESTONIA Medical Spa & Hotel","url":"https:\/\/www.spaestonia.ee\/medical\/fi\/","logo":{"@type":"ImageObject","inLanguage":"fi","@id":"https:\/\/www.spaestonia.ee\/medical\/fi\/#\/schema\/logo\/image\/","url":"https:\/\/www.spaestonia.ee\/medical\/wp-content\/uploads\/2025\/02\/medical.jpg","contentUrl":"https:\/\/www.spaestonia.ee\/medical\/wp-content\/uploads\/2025\/02\/medical.jpg","width":700,"height":450,"caption":"ESTONIA Medical Spa & Hotel"},"image":{"@id":"https:\/\/www.spaestonia.ee\/medical\/fi\/#\/schema\/logo\/image\/"},"sameAs":["https:\/\/www.facebook.com\/EstoniaMedicalSpa"]}]}},"_links":{"self":[{"href":"https:\/\/spaestonia.ee\/medical\/fi\/wp-json\/wp\/v2\/pages\/847","targetHints":{"allow":["GET"]}}],"collection":[{"href":"https:\/\/spaestonia.ee\/medical\/fi\/wp-json\/wp\/v2\/pages"}],"about":[{"href":"https:\/\/spaestonia.ee\/medical\/fi\/wp-json\/wp\/v2\/types\/page"}],"author":[{"embeddable":true,"href":"https:\/\/spaestonia.ee\/medical\/fi\/wp-json\/wp\/v2\/users\/1"}],"replies":[{"embeddable":true,"href":"https:\/\/spaestonia.ee\/medical\/fi\/wp-json\/wp\/v2\/comments?post=847"}],"version-history":[{"count":8,"href":"https:\/\/spaestonia.ee\/medical\/fi\/wp-json\/wp\/v2\/pages\/847\/revisions"}],"predecessor-version":[{"id":18579,"href":"https:\/\/spaestonia.ee\/medical\/fi\/wp-json\/wp\/v2\/pages\/847\/revisions\/18579"}],"up":[{"embeddable":true,"href":"https:\/\/spaestonia.ee\/medical\/fi\/wp-json\/wp\/v2\/pages\/844"}],"wp:attachment":[{"href":"https:\/\/spaestonia.ee\/medical\/fi\/wp-json\/wp\/v2\/media?parent=847"}],"curies":[{"name":"wp","href":"https:\/\/api.w.org\/{rel}","templated":true}]}}