{"id":849,"date":"2014-12-25T20:07:23","date_gmt":"2014-12-25T18:07:23","guid":{"rendered":"https:\/\/www.spaestonia.ee\/medical\/?page_id=849"},"modified":"2025-01-02T10:02:52","modified_gmt":"2025-01-02T08:02:52","slug":"aidot-eksoottiset-thaimaalaiset","status":"publish","type":"page","link":"https:\/\/spaestonia.ee\/medical\/fi\/estonia-spa-termid\/aidot-eksoottiset-thaimaalaiset\/","title":{"rendered":"Aidot eksoottiset Thaimaalaiset"},"content":{"rendered":"<p><a href=\"https:\/\/www.spaestonia.ee\/medical\/wp-content\/uploads\/2016\/03\/tai-massaaz-ringis.jpg\"><img loading=\"lazy\" decoding=\"async\" class=\"alignright wp-image-3820\" src=\"https:\/\/www.spaestonia.ee\/medical\/wp-content\/uploads\/2016\/03\/tai-massaaz-ringis.jpg\" alt=\"tai massaaz ringis\" width=\"225\" height=\"216\" srcset=\"https:\/\/spaestonia.ee\/medical\/wp-content\/uploads\/2016\/03\/tai-massaaz-ringis.jpg 2816w, https:\/\/spaestonia.ee\/medical\/wp-content\/uploads\/2016\/03\/tai-massaaz-ringis-300x287.jpg 300w, https:\/\/spaestonia.ee\/medical\/wp-content\/uploads\/2016\/03\/tai-massaaz-ringis-1024x982.jpg 1024w\" sizes=\"auto, (max-width: 225px) 100vw, 225px\" \/><\/a><\/p>\n<p>Thaihieronta on l\u00e4\u00e4keaineeton, luonnollinen ja vaaraton keino kohentaa elimist\u00f6n tilaa. Suosittelemme thaihierontaa stressin lievitykseen, masennuksen ja kroonisen v\u00e4symyksen hoitoon, tehokkuuden nostamiseen ja ajatusten kirkastamiseen.<\/p>\n<p>Thaihieronta sopii erinomaisesti henkil\u00f6ille, joilla on istuva ja v\u00e4h\u00e4n liikkuva el\u00e4m\u00e4ntyyli. Hieronnan aikana aineenvaihdunta paranee, vastustuskyky kasvaa ja kuona-aineita poistuu elimist\u00f6st\u00e4. My\u00f6s selk\u00e4rangan liikkuvuus paranee ja nivelten joustavuus kasvaa.<\/p>\n<h3><strong>Hinnasto<\/strong><em><br \/>\n<\/em><\/h3>\n<table width=\"801\">\n<tbody>\n<tr>\n<td rowspan=\"3\" width=\"548\">Thaihieronta<br \/>\n<strong>\u00a0<\/strong><\/td>\n<td width=\"88\">60 min<\/td>\n<td width=\"95\">59 \u20ac<\/td>\n<\/tr>\n<tr>\n<td width=\"88\">90 min<\/td>\n<td width=\"95\">69 \u20ac<\/td>\n<\/tr>\n<tr>\n<td width=\"88\">120 min<\/td>\n<td width=\"95\">82 \u20ac<\/td>\n<\/tr>\n<tr>\n<td rowspan=\"3\" width=\"548\">Thaihieronta \u00f6ljyll\u00e4<br \/>\n<strong>\u00a0<\/strong><\/td>\n<td width=\"88\">60 min<\/td>\n<td width=\"95\">59 \u20ac<\/td>\n<\/tr>\n<tr>\n<td width=\"88\">90 min<\/td>\n<td width=\"95\">69 \u20ac<\/td>\n<\/tr>\n<tr>\n<td width=\"88\">120 min<\/td>\n<td width=\"95\">82 \u20ac<\/td>\n<\/tr>\n<tr>\n<td width=\"548\">Thai jalkapohja hieronta<\/td>\n<td width=\"88\">60 min<\/td>\n<td width=\"95\">50 \u20ac<\/td>\n<\/tr>\n<tr>\n<td width=\"548\">Thai\u2011p\u00e4\u00e4hieronta<\/td>\n<td width=\"88\">20 min<\/td>\n<td width=\"95\">29 \u20ac<\/td>\n<\/tr>\n<tr>\n<td width=\"548\">Thai\u2011hartiahieronta<\/td>\n<td width=\"88\">10 min<\/td>\n<td width=\"95\">18 \u20ac<\/td>\n<\/tr>\n<tr>\n<td width=\"548\">Thai hartiahieronta \u201cSamettinen Siam\u201d<\/td>\n<td width=\"88\">30 min<\/td>\n<td width=\"95\">38 \u20ac<\/td>\n<\/tr>\n<tr>\n<td width=\"548\">Thai jalkahieronta \u201cKevyet jalat\u201d<\/td>\n<td width=\"88\">30 min<\/td>\n<td width=\"95\">38 \u20ac<\/td>\n<\/tr>\n<\/tbody>\n<\/table>\n<p><strong>Info ja varaukset<\/strong>:<br \/>\n<strong>Kauneussalonki<\/strong>: +372 440 1015, <a href=\"mailto:ilusalong@spaestonia.ee\">ilusalong@spaestonia.ee<\/a><br \/>\n<strong>Hotellin vastaanotto:<\/strong> +372 447 6915<br \/>\n<strong>TERMID:<\/strong> +372 447 6865, +372 447 6870, <a href=\"mailto:termid@spaestonia.ee\">termid@spaestonia.ee<\/a><\/p>\n<hr \/>\n<h2>THAIHIERONTA<\/h2>\n<p>Thaihieronnan perusteeksi on opetus kymmenest\u00e4 el\u00e4m\u00e4nenergiakanavasta (sen) ja nelj\u00e4st\u00e4 el\u00e4m\u00e4n elementist\u00e4: maa, tuli, vesi ja tuuli (ilma). Tiet\u00e4en ja tuntien n\u00e4m\u00e4 s\u00e4\u00e4nn\u00f6t, hieroja hoitaa sek\u00e4 kehoa ett\u00e4 mielt\u00e4. P\u00e4\u00e4asiallinen tavoite on poistaa el\u00e4m\u00e4nenergiakierron h\u00e4iri\u00f6t. Hieroja hoitaa energeettisi\u00e4 pisteit\u00e4 ja linjoja, parantaa energiavirtausta ja palauttaa elimist\u00f6n tasapainon. Thaihieronta yhdist\u00e4\u00e4 samaan kokonaisuuteen kolme hoitotekniikkaa \u2013 linjahieronta, lihasten ja j\u00e4nteiden meridiaanien syv\u00e4hieronta ja manuaalinen terapia joogaelementeill\u00e4.<\/p>\n<p>Thaihieronta on t\u00e4ydellinen stressin poistoon, masennuksen ja kroonisen v\u00e4symyksen hoitoon, ahkeruuden lis\u00e4\u00e4miseen ja ajattelun nopeuttamiseen. Lis\u00e4ksi se parantaa aineenvaihduntaa, lis\u00e4\u00e4 vastustuskyky\u00e4, poistaa myrkkyj\u00e4. Liikakilot eiv\u00e4t tule takaisin, ruokahalu on pienempi ja elimist\u00f6 itse valitsee terveellist\u00e4 ruokaa. Selk\u00e4rangan liikkuvuus parantuu ja nivelten joustavuus suurenee.<\/p>\n<p>Thaihieronta on l\u00e4\u00e4kkeet\u00f6n, luonnollinen ja vaaraton tapa viritt\u00e4\u00e4 elimist\u00f6 parantumiseen.<\/p>\n<hr \/>\n<h3><strong>Thaihieronta<\/strong><\/h3>\n<p>Todellisen thaihierontataiteen voi kokea vain, jos sit\u00e4 tekee hieroja-terapeutti, jolla on oikea kulttuurinen ja uskonnollinen tausta ja koulutus. Hieronnalla on parantava ja palauttava vaikutus kaikkiin ihmiselimist\u00f6n j\u00e4rjestelmiin ja se tasapainottaa ne. Hierojamestari hieroo huolellisesti jokaista lihasta aina varpaista p\u00e4\u00e4lakeen.<br \/>\nPerinteinen thaihieronta voi olla vain rentouttavaa, mutta sill\u00e4 voi olla my\u00f6s eritt\u00e4in parantava vaikutus. Sopii hyvin urheiluvammojen kuntoutukseen, lihasj\u00e4nnitteiden lievitt\u00e4miseen, auttaa aktivoimaan verenkiertoa ja aineenvaihduntaa, parantaa nivelten liikkuvuutta ja vaikuttaa palauttavasti koko elimist\u00f6lle.<br \/>\nHieronta tapahtuu erityisell\u00e4 hierontamatolla ja asiakkaalla on yll\u00e4\u00e4n mukavat, ohuet urheiluvaatteet.<\/p>\n<hr \/>\n<h3><strong>Thaihieronta \u00f6ljyll\u00e4<\/strong><\/h3>\n<p>Thaihieronnassa \u00f6ljyll\u00e4 k\u00e4ytet\u00e4\u00e4n useita hyvinvointia ja kyll\u00e4isyyden tunnetta aiheuttavia otteita. Hierontaan k\u00e4ytet\u00e4\u00e4n neutraalia perus\u00f6ljy\u00e4. Hieronnan avulla verenkierto paranee, lihasj\u00e4nnitteet v\u00e4henev\u00e4t, aineenvaihdunta paranee huomattavasti, ihon kimmoisuus suurenee ja mik\u00e4 t\u00e4rkeint\u00e4 \u2013 hermosto vahvistuu ja stressi v\u00e4henee.<br \/>\nHieronta tehd\u00e4\u00e4n hierontap\u00f6yd\u00e4ll\u00e4 ja asiakas on hieronnan ajan peitetty pyyhkeell\u00e4, paljaana on vain hierottava kehon osa.<\/p>\n<hr \/>\n<h3><strong>Jalkapohjan thaihieronta<\/strong><\/h3>\n<p>Suosituin ja eniten k\u00e4ytetty luonnollisen thaihoidon muoto. Hierontaan kuuluu jalan vy\u00f6hyketerapia-alueet, thailinjat ja jalan erilaiset terapeuttiset k\u00e4sittelytavat sek\u00e4 k\u00e4sin ett\u00e4 hierontakepill\u00e4. Jalkapohjassa olevien pisteiden kautta arvioidaan ja hoidetaan elimist\u00f6\u00e4 ja yksitt\u00e4isten elinten tilaa. Jalkapohjahieronnan tavoitteena on elimist\u00f6n funktionaalinen palautus, h\u00e4iri\u00f6iden poistaminen ja kaikkien j\u00e4rjestelmien tasapainottaminen. Hoidolla on hyvin rentouttava vaikutus ja se vaikuttaa terapeuttisesti koko kehoon \u2013 sill\u00e4 on hyv\u00e4 vaikutus hermostoon ja se auttaa unih\u00e4iri\u00f6iss\u00e4.<\/p>\n<hr \/>\n<h3><strong>P\u00e4\u00e4n ja hartiavy\u00f6n thaihieronta<\/strong><\/h3>\n<p>P\u00e4\u00e4n thaihieronta sai alkunsa intialaisten, kiinalaisten, singaporelaisten ja turkkilaisten partureiden ja parranajajien tarjoamasta palvelun p\u00e4\u00e4tt\u00e4v\u00e4st\u00e4 p\u00e4\u00e4nahan ja hiusten hieronnasta.\u00a0 Nyky\u00e4\u00e4n t\u00e4t\u00e4 hierontaa tehd\u00e4\u00e4n erillisen\u00e4 hoitona, jossa k\u00e4ytet\u00e4\u00e4n hierontaa, kiert\u00e4mist\u00e4, hankausta, p\u00e4\u00e4nahan liikuttamista kallosta poisp\u00e4in vet\u00e4m\u00e4ll\u00e4 hiuss\u00e4ikeist\u00e4 ja hiusten sormeilua, jolla parannetaan p\u00e4\u00e4nahan ja hiusten ravitsemusta ja ulkon\u00e4k\u00f6\u00e4. Hierotaan my\u00f6s kaulaa ja hartioita. P\u00e4\u00e4nahan ja hiusten ravitsemuksen parantamisen lis\u00e4ksi, p\u00e4\u00e4n thaihieronta vapauttaa kaulan ja hartioiden j\u00e4nnitteist\u00e4 ja rentouttaa syv\u00e4sti.<\/p>\n<p>&nbsp;<\/p>\n","protected":false},"excerpt":{"rendered":"<p>Thaihieronta on l\u00e4\u00e4keaineeton, luonnollinen ja vaaraton keino kohentaa elimist\u00f6n tilaa. Suosittelemme thaihierontaa stressin lievitykseen, masennuksen&hellip;<\/p>\n","protected":false},"author":1,"featured_media":0,"parent":844,"menu_order":0,"comment_status":"closed","ping_status":"open","template":"","meta":{"footnotes":""},"class_list":["post-849","page","type-page","status-publish","hentry"],"yoast_head":"<!-- This site is optimized with the Yoast SEO plugin v26.3 - https:\/\/yoast.com\/wordpress\/plugins\/seo\/ -->\n<title>Aidot eksoottiset Thaimaalaiset - ESTONIA Medical Spa &amp; Hotel<\/title>\n<meta name=\"robots\" content=\"index, follow, max-snippet:-1, max-image-preview:large, max-video-preview:-1\" \/>\n<link rel=\"canonical\" href=\"https:\/\/spaestonia.ee\/medical\/fi\/estonia-spa-termid\/aidot-eksoottiset-thaimaalaiset\/\" \/>\n<meta property=\"og:locale\" content=\"fi_FI\" \/>\n<meta property=\"og:type\" content=\"article\" \/>\n<meta property=\"og:title\" content=\"Aidot eksoottiset Thaimaalaiset - ESTONIA Medical Spa &amp; Hotel\" \/>\n<meta property=\"og:description\" content=\"Thaihieronta on l\u00e4\u00e4keaineeton, luonnollinen ja vaaraton keino kohentaa elimist\u00f6n tilaa. Suosittelemme thaihierontaa stressin lievitykseen, masennuksen&hellip;\" \/>\n<meta property=\"og:url\" content=\"https:\/\/spaestonia.ee\/medical\/fi\/estonia-spa-termid\/aidot-eksoottiset-thaimaalaiset\/\" \/>\n<meta property=\"og:site_name\" content=\"ESTONIA Medical Spa &amp; Hotel\" \/>\n<meta property=\"article:publisher\" content=\"https:\/\/www.facebook.com\/EstoniaMedicalSpa\" \/>\n<meta property=\"article:modified_time\" content=\"2025-01-02T08:02:52+00:00\" \/>\n<meta property=\"og:image\" content=\"https:\/\/www.spaestonia.ee\/medical\/wp-content\/uploads\/2016\/03\/tai-massaaz-ringis.jpg\" \/>\n<meta name=\"twitter:card\" content=\"summary_large_image\" \/>\n<meta name=\"twitter:label1\" content=\"Arvioitu lukuaika\" \/>\n\t<meta name=\"twitter:data1\" content=\"3 minuuttia\" \/>\n<script type=\"application\/ld+json\" class=\"yoast-schema-graph\">{\"@context\":\"https:\/\/schema.org\",\"@graph\":[{\"@type\":\"WebPage\",\"@id\":\"https:\/\/spaestonia.ee\/medical\/fi\/estonia-spa-termid\/aidot-eksoottiset-thaimaalaiset\/\",\"url\":\"https:\/\/spaestonia.ee\/medical\/fi\/estonia-spa-termid\/aidot-eksoottiset-thaimaalaiset\/\",\"name\":\"Aidot eksoottiset Thaimaalaiset - ESTONIA Medical Spa &amp; Hotel\",\"isPartOf\":{\"@id\":\"https:\/\/www.spaestonia.ee\/medical\/fi\/#website\"},\"primaryImageOfPage\":{\"@id\":\"https:\/\/spaestonia.ee\/medical\/fi\/estonia-spa-termid\/aidot-eksoottiset-thaimaalaiset\/#primaryimage\"},\"image\":{\"@id\":\"https:\/\/spaestonia.ee\/medical\/fi\/estonia-spa-termid\/aidot-eksoottiset-thaimaalaiset\/#primaryimage\"},\"thumbnailUrl\":\"https:\/\/www.spaestonia.ee\/medical\/wp-content\/uploads\/2016\/03\/tai-massaaz-ringis.jpg\",\"datePublished\":\"2014-12-25T18:07:23+00:00\",\"dateModified\":\"2025-01-02T08:02:52+00:00\",\"breadcrumb\":{\"@id\":\"https:\/\/spaestonia.ee\/medical\/fi\/estonia-spa-termid\/aidot-eksoottiset-thaimaalaiset\/#breadcrumb\"},\"inLanguage\":\"fi\",\"potentialAction\":[{\"@type\":\"ReadAction\",\"target\":[\"https:\/\/spaestonia.ee\/medical\/fi\/estonia-spa-termid\/aidot-eksoottiset-thaimaalaiset\/\"]}]},{\"@type\":\"ImageObject\",\"inLanguage\":\"fi\",\"@id\":\"https:\/\/spaestonia.ee\/medical\/fi\/estonia-spa-termid\/aidot-eksoottiset-thaimaalaiset\/#primaryimage\",\"url\":\"https:\/\/www.spaestonia.ee\/medical\/wp-content\/uploads\/2016\/03\/tai-massaaz-ringis.jpg\",\"contentUrl\":\"https:\/\/www.spaestonia.ee\/medical\/wp-content\/uploads\/2016\/03\/tai-massaaz-ringis.jpg\"},{\"@type\":\"BreadcrumbList\",\"@id\":\"https:\/\/spaestonia.ee\/medical\/fi\/estonia-spa-termid\/aidot-eksoottiset-thaimaalaiset\/#breadcrumb\",\"itemListElement\":[{\"@type\":\"ListItem\",\"position\":1,\"name\":\"Home\",\"item\":\"https:\/\/www.spaestonia.ee\/medical\/fi\/\"},{\"@type\":\"ListItem\",\"position\":2,\"name\":\"Spa-keskus TERMID\",\"item\":\"https:\/\/www.spaestonia.ee\/medical\/fi\/estonia-spa-termid\/\"},{\"@type\":\"ListItem\",\"position\":3,\"name\":\"Aidot eksoottiset Thaimaalaiset\"}]},{\"@type\":\"WebSite\",\"@id\":\"https:\/\/www.spaestonia.ee\/medical\/fi\/#website\",\"url\":\"https:\/\/www.spaestonia.ee\/medical\/fi\/\",\"name\":\"ESTONIA Medical Spa & Hotel\",\"description\":\"Ravispaa - Terveyskylpyl\u00e4 - P\u00e4rnu\",\"publisher\":{\"@id\":\"https:\/\/www.spaestonia.ee\/medical\/fi\/#organization\"},\"potentialAction\":[{\"@type\":\"SearchAction\",\"target\":{\"@type\":\"EntryPoint\",\"urlTemplate\":\"https:\/\/www.spaestonia.ee\/medical\/fi\/?s={search_term_string}\"},\"query-input\":{\"@type\":\"PropertyValueSpecification\",\"valueRequired\":true,\"valueName\":\"search_term_string\"}}],\"inLanguage\":\"fi\"},{\"@type\":\"Organization\",\"@id\":\"https:\/\/www.spaestonia.ee\/medical\/fi\/#organization\",\"name\":\"ESTONIA Medical Spa & Hotel\",\"url\":\"https:\/\/www.spaestonia.ee\/medical\/fi\/\",\"logo\":{\"@type\":\"ImageObject\",\"inLanguage\":\"fi\",\"@id\":\"https:\/\/www.spaestonia.ee\/medical\/fi\/#\/schema\/logo\/image\/\",\"url\":\"https:\/\/www.spaestonia.ee\/medical\/wp-content\/uploads\/2025\/02\/medical.jpg\",\"contentUrl\":\"https:\/\/www.spaestonia.ee\/medical\/wp-content\/uploads\/2025\/02\/medical.jpg\",\"width\":700,\"height\":450,\"caption\":\"ESTONIA Medical Spa & Hotel\"},\"image\":{\"@id\":\"https:\/\/www.spaestonia.ee\/medical\/fi\/#\/schema\/logo\/image\/\"},\"sameAs\":[\"https:\/\/www.facebook.com\/EstoniaMedicalSpa\"]}]}<\/script>\n<!-- \/ Yoast SEO plugin. -->","yoast_head_json":{"title":"Aidot eksoottiset Thaimaalaiset - ESTONIA Medical Spa &amp; Hotel","robots":{"index":"index","follow":"follow","max-snippet":"max-snippet:-1","max-image-preview":"max-image-preview:large","max-video-preview":"max-video-preview:-1"},"canonical":"https:\/\/spaestonia.ee\/medical\/fi\/estonia-spa-termid\/aidot-eksoottiset-thaimaalaiset\/","og_locale":"fi_FI","og_type":"article","og_title":"Aidot eksoottiset Thaimaalaiset - ESTONIA Medical Spa &amp; Hotel","og_description":"Thaihieronta on l\u00e4\u00e4keaineeton, luonnollinen ja vaaraton keino kohentaa elimist\u00f6n tilaa. Suosittelemme thaihierontaa stressin lievitykseen, masennuksen&hellip;","og_url":"https:\/\/spaestonia.ee\/medical\/fi\/estonia-spa-termid\/aidot-eksoottiset-thaimaalaiset\/","og_site_name":"ESTONIA Medical Spa &amp; Hotel","article_publisher":"https:\/\/www.facebook.com\/EstoniaMedicalSpa","article_modified_time":"2025-01-02T08:02:52+00:00","og_image":[{"url":"https:\/\/www.spaestonia.ee\/medical\/wp-content\/uploads\/2016\/03\/tai-massaaz-ringis.jpg","type":"","width":"","height":""}],"twitter_card":"summary_large_image","twitter_misc":{"Arvioitu lukuaika":"3 minuuttia"},"schema":{"@context":"https:\/\/schema.org","@graph":[{"@type":"WebPage","@id":"https:\/\/spaestonia.ee\/medical\/fi\/estonia-spa-termid\/aidot-eksoottiset-thaimaalaiset\/","url":"https:\/\/spaestonia.ee\/medical\/fi\/estonia-spa-termid\/aidot-eksoottiset-thaimaalaiset\/","name":"Aidot eksoottiset Thaimaalaiset - ESTONIA Medical Spa &amp; Hotel","isPartOf":{"@id":"https:\/\/www.spaestonia.ee\/medical\/fi\/#website"},"primaryImageOfPage":{"@id":"https:\/\/spaestonia.ee\/medical\/fi\/estonia-spa-termid\/aidot-eksoottiset-thaimaalaiset\/#primaryimage"},"image":{"@id":"https:\/\/spaestonia.ee\/medical\/fi\/estonia-spa-termid\/aidot-eksoottiset-thaimaalaiset\/#primaryimage"},"thumbnailUrl":"https:\/\/www.spaestonia.ee\/medical\/wp-content\/uploads\/2016\/03\/tai-massaaz-ringis.jpg","datePublished":"2014-12-25T18:07:23+00:00","dateModified":"2025-01-02T08:02:52+00:00","breadcrumb":{"@id":"https:\/\/spaestonia.ee\/medical\/fi\/estonia-spa-termid\/aidot-eksoottiset-thaimaalaiset\/#breadcrumb"},"inLanguage":"fi","potentialAction":[{"@type":"ReadAction","target":["https:\/\/spaestonia.ee\/medical\/fi\/estonia-spa-termid\/aidot-eksoottiset-thaimaalaiset\/"]}]},{"@type":"ImageObject","inLanguage":"fi","@id":"https:\/\/spaestonia.ee\/medical\/fi\/estonia-spa-termid\/aidot-eksoottiset-thaimaalaiset\/#primaryimage","url":"https:\/\/www.spaestonia.ee\/medical\/wp-content\/uploads\/2016\/03\/tai-massaaz-ringis.jpg","contentUrl":"https:\/\/www.spaestonia.ee\/medical\/wp-content\/uploads\/2016\/03\/tai-massaaz-ringis.jpg"},{"@type":"BreadcrumbList","@id":"https:\/\/spaestonia.ee\/medical\/fi\/estonia-spa-termid\/aidot-eksoottiset-thaimaalaiset\/#breadcrumb","itemListElement":[{"@type":"ListItem","position":1,"name":"Home","item":"https:\/\/www.spaestonia.ee\/medical\/fi\/"},{"@type":"ListItem","position":2,"name":"Spa-keskus TERMID","item":"https:\/\/www.spaestonia.ee\/medical\/fi\/estonia-spa-termid\/"},{"@type":"ListItem","position":3,"name":"Aidot eksoottiset Thaimaalaiset"}]},{"@type":"WebSite","@id":"https:\/\/www.spaestonia.ee\/medical\/fi\/#website","url":"https:\/\/www.spaestonia.ee\/medical\/fi\/","name":"ESTONIA Medical Spa & Hotel","description":"Ravispaa - Terveyskylpyl\u00e4 - P\u00e4rnu","publisher":{"@id":"https:\/\/www.spaestonia.ee\/medical\/fi\/#organization"},"potentialAction":[{"@type":"SearchAction","target":{"@type":"EntryPoint","urlTemplate":"https:\/\/www.spaestonia.ee\/medical\/fi\/?s={search_term_string}"},"query-input":{"@type":"PropertyValueSpecification","valueRequired":true,"valueName":"search_term_string"}}],"inLanguage":"fi"},{"@type":"Organization","@id":"https:\/\/www.spaestonia.ee\/medical\/fi\/#organization","name":"ESTONIA Medical Spa & Hotel","url":"https:\/\/www.spaestonia.ee\/medical\/fi\/","logo":{"@type":"ImageObject","inLanguage":"fi","@id":"https:\/\/www.spaestonia.ee\/medical\/fi\/#\/schema\/logo\/image\/","url":"https:\/\/www.spaestonia.ee\/medical\/wp-content\/uploads\/2025\/02\/medical.jpg","contentUrl":"https:\/\/www.spaestonia.ee\/medical\/wp-content\/uploads\/2025\/02\/medical.jpg","width":700,"height":450,"caption":"ESTONIA Medical Spa & Hotel"},"image":{"@id":"https:\/\/www.spaestonia.ee\/medical\/fi\/#\/schema\/logo\/image\/"},"sameAs":["https:\/\/www.facebook.com\/EstoniaMedicalSpa"]}]}},"_links":{"self":[{"href":"https:\/\/spaestonia.ee\/medical\/fi\/wp-json\/wp\/v2\/pages\/849","targetHints":{"allow":["GET"]}}],"collection":[{"href":"https:\/\/spaestonia.ee\/medical\/fi\/wp-json\/wp\/v2\/pages"}],"about":[{"href":"https:\/\/spaestonia.ee\/medical\/fi\/wp-json\/wp\/v2\/types\/page"}],"author":[{"embeddable":true,"href":"https:\/\/spaestonia.ee\/medical\/fi\/wp-json\/wp\/v2\/users\/1"}],"replies":[{"embeddable":true,"href":"https:\/\/spaestonia.ee\/medical\/fi\/wp-json\/wp\/v2\/comments?post=849"}],"version-history":[{"count":31,"href":"https:\/\/spaestonia.ee\/medical\/fi\/wp-json\/wp\/v2\/pages\/849\/revisions"}],"predecessor-version":[{"id":22025,"href":"https:\/\/spaestonia.ee\/medical\/fi\/wp-json\/wp\/v2\/pages\/849\/revisions\/22025"}],"up":[{"embeddable":true,"href":"https:\/\/spaestonia.ee\/medical\/fi\/wp-json\/wp\/v2\/pages\/844"}],"wp:attachment":[{"href":"https:\/\/spaestonia.ee\/medical\/fi\/wp-json\/wp\/v2\/media?parent=849"}],"curies":[{"name":"wp","href":"https:\/\/api.w.org\/{rel}","templated":true}]}}