{"id":869,"date":"2014-11-21T13:02:54","date_gmt":"2014-11-21T11:02:54","guid":{"rendered":"https:\/\/www.spaestonia.ee\/medical\/?page_id=869"},"modified":"2023-10-03T14:28:04","modified_gmt":"2023-10-03T11:28:04","slug":"huoneet","status":"publish","type":"page","link":"https:\/\/spaestonia.ee\/medical\/fi\/hotelli\/huoneet\/","title":{"rendered":"Hotellihuoneet"},"content":{"rendered":"<p class=\"page-title\"><img loading=\"lazy\" decoding=\"async\" class=\"alignright size-full wp-image-4526\" src=\"http:\/\/www.spaestonia.ee\/medical\/wp-content\/uploads\/2014\/11\/medical-maja-pargist-450.jpg\" alt=\"Kylpyl\u00e4 P\u00e4rnu\" width=\"450\" height=\"371\" srcset=\"https:\/\/spaestonia.ee\/medical\/wp-content\/uploads\/2014\/11\/medical-maja-pargist-450.jpg 450w, https:\/\/spaestonia.ee\/medical\/wp-content\/uploads\/2014\/11\/medical-maja-pargist-450-300x247.jpg 300w\" sizes=\"auto, (max-width: 450px) 100vw, 450px\" \/><\/p>\n<p>ESTONIA Medical Spa &amp; Hotel kylpyl\u00e4hotellissa on 193 huonetta kaikkine mukavuuksineen. Standard-huoneista avautuu n\u00e4k\u00f6ala kaupungille tai puistoon. Perheille suosittelemme v\u00e4liovellisi\u00e4 standard-huoneita, joissa on yhdess\u00e4 huoneessa yksi paris\u00e4nky ja toisessa huoneessa kaksi erillist\u00e4 s\u00e4nky\u00e4. Perheit\u00e4 varten on my\u00f6s tilaavia perhehuoneita. Kaikissa huoneissa on TV, puhelin, WC, suihku.<\/p>\n<p>Kylpyl\u00e4mme on t\u00e4ysin savuton. Hotelli pid\u00e4tt\u00e4\u00e4 oikeuden veloittaa 100 euron sakko tupakoinnista huoneessa. Hotellihuoneissa ei ole ilmastointia.<\/p>\n<p>Hotellimajoitus sis\u00e4lt\u00e4\u00e4 aamiaisen buffet-ravintolassa, aamusaunan ja -uinnin <a href=\"https:\/\/www.spaestonia.ee\/medical\/fi\/estonia-spa-termid\/\">TERMID<\/a> sauna-ja allasosastolla.<\/p>\n<ul>\n<li><a href=\"https:\/\/www.spaestonia.ee\/medical\/fi\/tuba\/standard-huoneet\/\">Standard huoneet<\/a><\/li>\n<li><a href=\"https:\/\/www.spaestonia.ee\/medical\/fi\/tuba\/standard-huoneet-2\/\">Standard huoneet ++<\/a><\/li>\n<li><a href=\"https:\/\/www.spaestonia.ee\/medical\/fi\/tuba\/perhehuonet\/\">Perhehuoneet<\/a><\/li>\n<li><a href=\"https:\/\/www.spaestonia.ee\/medical\/fi\/tuba\/solu-huone\/\">Solu huoneet<\/a><\/li>\n<\/ul>\n<p>Hotelliin sis\u00e4\u00e4nkirjautuminen klo 15.00 alk. ja uloskirjautuminen klo 12.00<\/p>\n<p><img loading=\"lazy\" decoding=\"async\" class=\"wp-image-12464 alignright\" src=\"http:\/\/www.spaestonia.ee\/medical\/wp-content\/uploads\/2014\/11\/kutsu_bobby_voodis.jpg\" alt=\"kutsu_bobby_voodis\" width=\"420\" height=\"293\" srcset=\"https:\/\/spaestonia.ee\/medical\/wp-content\/uploads\/2014\/11\/kutsu_bobby_voodis.jpg 5037w, https:\/\/spaestonia.ee\/medical\/wp-content\/uploads\/2014\/11\/kutsu_bobby_voodis-300x209.jpg 300w, https:\/\/spaestonia.ee\/medical\/wp-content\/uploads\/2014\/11\/kutsu_bobby_voodis-768x535.jpg 768w, https:\/\/spaestonia.ee\/medical\/wp-content\/uploads\/2014\/11\/kutsu_bobby_voodis-1024x714.jpg 1024w\" sizes=\"auto, (max-width: 420px) 100vw, 420px\" \/>Lemmikit ovat tervetulleita majoittumaan hotellissamme.<br \/>\nLemmikkimaksu on 20 \u20ac\/y\u00f6.( Hintaan kuuluu juomakulho, tassupyyhe ja muovipusseja).\u00a0Huoneiden m\u00e4\u00e4r\u00e4 rajallinen. Varaa etuk\u00e4teen!<\/p>\n<p><strong>Info ja varaukset<\/strong>: e-post <a href=\"mailto:sales@spaestonia.ee\">sales@spaestonia.ee<\/a>, tel +372 447 6905.<\/p>\n","protected":false},"excerpt":{"rendered":"<p>ESTONIA Medical Spa &amp; Hotel kylpyl\u00e4hotellissa on 193 huonetta kaikkine mukavuuksineen. Standard-huoneista avautuu n\u00e4k\u00f6ala kaupungille&hellip;<\/p>\n","protected":false},"author":1,"featured_media":0,"parent":873,"menu_order":0,"comment_status":"closed","ping_status":"open","template":"","meta":{"footnotes":""},"class_list":["post-869","page","type-page","status-publish","hentry"],"yoast_head":"<!-- This site is optimized with the Yoast SEO plugin v26.3 - https:\/\/yoast.com\/wordpress\/plugins\/seo\/ -->\n<title>Hotellihuoneet - ESTONIA Medical Spa &amp; Hotel<\/title>\n<meta name=\"robots\" content=\"index, follow, max-snippet:-1, max-image-preview:large, max-video-preview:-1\" \/>\n<link rel=\"canonical\" href=\"https:\/\/spaestonia.ee\/medical\/fi\/hotelli\/huoneet\/\" \/>\n<meta property=\"og:locale\" content=\"fi_FI\" \/>\n<meta property=\"og:type\" content=\"article\" \/>\n<meta property=\"og:title\" content=\"Hotellihuoneet - ESTONIA Medical Spa &amp; Hotel\" \/>\n<meta property=\"og:description\" content=\"ESTONIA Medical Spa &amp; Hotel kylpyl\u00e4hotellissa on 193 huonetta kaikkine mukavuuksineen. Standard-huoneista avautuu n\u00e4k\u00f6ala kaupungille&hellip;\" \/>\n<meta property=\"og:url\" content=\"https:\/\/spaestonia.ee\/medical\/fi\/hotelli\/huoneet\/\" \/>\n<meta property=\"og:site_name\" content=\"ESTONIA Medical Spa &amp; Hotel\" \/>\n<meta property=\"article:publisher\" content=\"https:\/\/www.facebook.com\/EstoniaMedicalSpa\" \/>\n<meta property=\"article:modified_time\" content=\"2023-10-03T11:28:04+00:00\" \/>\n<meta property=\"og:image\" content=\"http:\/\/www.spaestonia.ee\/medical\/wp-content\/uploads\/2014\/11\/medical-maja-pargist-450.jpg\" \/>\n<meta name=\"twitter:card\" content=\"summary_large_image\" \/>\n<meta name=\"twitter:label1\" content=\"Arvioitu lukuaika\" \/>\n\t<meta name=\"twitter:data1\" content=\"1 minuutti\" \/>\n<script type=\"application\/ld+json\" class=\"yoast-schema-graph\">{\"@context\":\"https:\/\/schema.org\",\"@graph\":[{\"@type\":\"WebPage\",\"@id\":\"https:\/\/spaestonia.ee\/medical\/fi\/hotelli\/huoneet\/\",\"url\":\"https:\/\/spaestonia.ee\/medical\/fi\/hotelli\/huoneet\/\",\"name\":\"Hotellihuoneet - ESTONIA Medical Spa &amp; Hotel\",\"isPartOf\":{\"@id\":\"https:\/\/www.spaestonia.ee\/medical\/fi\/#website\"},\"primaryImageOfPage\":{\"@id\":\"https:\/\/spaestonia.ee\/medical\/fi\/hotelli\/huoneet\/#primaryimage\"},\"image\":{\"@id\":\"https:\/\/spaestonia.ee\/medical\/fi\/hotelli\/huoneet\/#primaryimage\"},\"thumbnailUrl\":\"http:\/\/www.spaestonia.ee\/medical\/wp-content\/uploads\/2014\/11\/medical-maja-pargist-450.jpg\",\"datePublished\":\"2014-11-21T11:02:54+00:00\",\"dateModified\":\"2023-10-03T11:28:04+00:00\",\"breadcrumb\":{\"@id\":\"https:\/\/spaestonia.ee\/medical\/fi\/hotelli\/huoneet\/#breadcrumb\"},\"inLanguage\":\"fi\",\"potentialAction\":[{\"@type\":\"ReadAction\",\"target\":[\"https:\/\/spaestonia.ee\/medical\/fi\/hotelli\/huoneet\/\"]}]},{\"@type\":\"ImageObject\",\"inLanguage\":\"fi\",\"@id\":\"https:\/\/spaestonia.ee\/medical\/fi\/hotelli\/huoneet\/#primaryimage\",\"url\":\"http:\/\/www.spaestonia.ee\/medical\/wp-content\/uploads\/2014\/11\/medical-maja-pargist-450.jpg\",\"contentUrl\":\"http:\/\/www.spaestonia.ee\/medical\/wp-content\/uploads\/2014\/11\/medical-maja-pargist-450.jpg\"},{\"@type\":\"BreadcrumbList\",\"@id\":\"https:\/\/spaestonia.ee\/medical\/fi\/hotelli\/huoneet\/#breadcrumb\",\"itemListElement\":[{\"@type\":\"ListItem\",\"position\":1,\"name\":\"Home\",\"item\":\"https:\/\/www.spaestonia.ee\/medical\/fi\/\"},{\"@type\":\"ListItem\",\"position\":2,\"name\":\"Hotelli\",\"item\":\"https:\/\/www.spaestonia.ee\/medical\/fi\/hotelli\/\"},{\"@type\":\"ListItem\",\"position\":3,\"name\":\"Hotellihuoneet\"}]},{\"@type\":\"WebSite\",\"@id\":\"https:\/\/www.spaestonia.ee\/medical\/fi\/#website\",\"url\":\"https:\/\/www.spaestonia.ee\/medical\/fi\/\",\"name\":\"ESTONIA Medical Spa & Hotel\",\"description\":\"Ravispaa - Terveyskylpyl\u00e4 - P\u00e4rnu\",\"publisher\":{\"@id\":\"https:\/\/www.spaestonia.ee\/medical\/fi\/#organization\"},\"potentialAction\":[{\"@type\":\"SearchAction\",\"target\":{\"@type\":\"EntryPoint\",\"urlTemplate\":\"https:\/\/www.spaestonia.ee\/medical\/fi\/?s={search_term_string}\"},\"query-input\":{\"@type\":\"PropertyValueSpecification\",\"valueRequired\":true,\"valueName\":\"search_term_string\"}}],\"inLanguage\":\"fi\"},{\"@type\":\"Organization\",\"@id\":\"https:\/\/www.spaestonia.ee\/medical\/fi\/#organization\",\"name\":\"ESTONIA Medical Spa & Hotel\",\"url\":\"https:\/\/www.spaestonia.ee\/medical\/fi\/\",\"logo\":{\"@type\":\"ImageObject\",\"inLanguage\":\"fi\",\"@id\":\"https:\/\/www.spaestonia.ee\/medical\/fi\/#\/schema\/logo\/image\/\",\"url\":\"https:\/\/www.spaestonia.ee\/medical\/wp-content\/uploads\/2025\/02\/medical.jpg\",\"contentUrl\":\"https:\/\/www.spaestonia.ee\/medical\/wp-content\/uploads\/2025\/02\/medical.jpg\",\"width\":700,\"height\":450,\"caption\":\"ESTONIA Medical Spa & Hotel\"},\"image\":{\"@id\":\"https:\/\/www.spaestonia.ee\/medical\/fi\/#\/schema\/logo\/image\/\"},\"sameAs\":[\"https:\/\/www.facebook.com\/EstoniaMedicalSpa\"]}]}<\/script>\n<!-- \/ Yoast SEO plugin. -->","yoast_head_json":{"title":"Hotellihuoneet - ESTONIA Medical Spa &amp; Hotel","robots":{"index":"index","follow":"follow","max-snippet":"max-snippet:-1","max-image-preview":"max-image-preview:large","max-video-preview":"max-video-preview:-1"},"canonical":"https:\/\/spaestonia.ee\/medical\/fi\/hotelli\/huoneet\/","og_locale":"fi_FI","og_type":"article","og_title":"Hotellihuoneet - ESTONIA Medical Spa &amp; Hotel","og_description":"ESTONIA Medical Spa &amp; Hotel kylpyl\u00e4hotellissa on 193 huonetta kaikkine mukavuuksineen. Standard-huoneista avautuu n\u00e4k\u00f6ala kaupungille&hellip;","og_url":"https:\/\/spaestonia.ee\/medical\/fi\/hotelli\/huoneet\/","og_site_name":"ESTONIA Medical Spa &amp; Hotel","article_publisher":"https:\/\/www.facebook.com\/EstoniaMedicalSpa","article_modified_time":"2023-10-03T11:28:04+00:00","og_image":[{"url":"http:\/\/www.spaestonia.ee\/medical\/wp-content\/uploads\/2014\/11\/medical-maja-pargist-450.jpg","type":"","width":"","height":""}],"twitter_card":"summary_large_image","twitter_misc":{"Arvioitu lukuaika":"1 minuutti"},"schema":{"@context":"https:\/\/schema.org","@graph":[{"@type":"WebPage","@id":"https:\/\/spaestonia.ee\/medical\/fi\/hotelli\/huoneet\/","url":"https:\/\/spaestonia.ee\/medical\/fi\/hotelli\/huoneet\/","name":"Hotellihuoneet - ESTONIA Medical Spa &amp; Hotel","isPartOf":{"@id":"https:\/\/www.spaestonia.ee\/medical\/fi\/#website"},"primaryImageOfPage":{"@id":"https:\/\/spaestonia.ee\/medical\/fi\/hotelli\/huoneet\/#primaryimage"},"image":{"@id":"https:\/\/spaestonia.ee\/medical\/fi\/hotelli\/huoneet\/#primaryimage"},"thumbnailUrl":"http:\/\/www.spaestonia.ee\/medical\/wp-content\/uploads\/2014\/11\/medical-maja-pargist-450.jpg","datePublished":"2014-11-21T11:02:54+00:00","dateModified":"2023-10-03T11:28:04+00:00","breadcrumb":{"@id":"https:\/\/spaestonia.ee\/medical\/fi\/hotelli\/huoneet\/#breadcrumb"},"inLanguage":"fi","potentialAction":[{"@type":"ReadAction","target":["https:\/\/spaestonia.ee\/medical\/fi\/hotelli\/huoneet\/"]}]},{"@type":"ImageObject","inLanguage":"fi","@id":"https:\/\/spaestonia.ee\/medical\/fi\/hotelli\/huoneet\/#primaryimage","url":"http:\/\/www.spaestonia.ee\/medical\/wp-content\/uploads\/2014\/11\/medical-maja-pargist-450.jpg","contentUrl":"http:\/\/www.spaestonia.ee\/medical\/wp-content\/uploads\/2014\/11\/medical-maja-pargist-450.jpg"},{"@type":"BreadcrumbList","@id":"https:\/\/spaestonia.ee\/medical\/fi\/hotelli\/huoneet\/#breadcrumb","itemListElement":[{"@type":"ListItem","position":1,"name":"Home","item":"https:\/\/www.spaestonia.ee\/medical\/fi\/"},{"@type":"ListItem","position":2,"name":"Hotelli","item":"https:\/\/www.spaestonia.ee\/medical\/fi\/hotelli\/"},{"@type":"ListItem","position":3,"name":"Hotellihuoneet"}]},{"@type":"WebSite","@id":"https:\/\/www.spaestonia.ee\/medical\/fi\/#website","url":"https:\/\/www.spaestonia.ee\/medical\/fi\/","name":"ESTONIA Medical Spa & Hotel","description":"Ravispaa - Terveyskylpyl\u00e4 - P\u00e4rnu","publisher":{"@id":"https:\/\/www.spaestonia.ee\/medical\/fi\/#organization"},"potentialAction":[{"@type":"SearchAction","target":{"@type":"EntryPoint","urlTemplate":"https:\/\/www.spaestonia.ee\/medical\/fi\/?s={search_term_string}"},"query-input":{"@type":"PropertyValueSpecification","valueRequired":true,"valueName":"search_term_string"}}],"inLanguage":"fi"},{"@type":"Organization","@id":"https:\/\/www.spaestonia.ee\/medical\/fi\/#organization","name":"ESTONIA Medical Spa & Hotel","url":"https:\/\/www.spaestonia.ee\/medical\/fi\/","logo":{"@type":"ImageObject","inLanguage":"fi","@id":"https:\/\/www.spaestonia.ee\/medical\/fi\/#\/schema\/logo\/image\/","url":"https:\/\/www.spaestonia.ee\/medical\/wp-content\/uploads\/2025\/02\/medical.jpg","contentUrl":"https:\/\/www.spaestonia.ee\/medical\/wp-content\/uploads\/2025\/02\/medical.jpg","width":700,"height":450,"caption":"ESTONIA Medical Spa & Hotel"},"image":{"@id":"https:\/\/www.spaestonia.ee\/medical\/fi\/#\/schema\/logo\/image\/"},"sameAs":["https:\/\/www.facebook.com\/EstoniaMedicalSpa"]}]}},"_links":{"self":[{"href":"https:\/\/spaestonia.ee\/medical\/fi\/wp-json\/wp\/v2\/pages\/869","targetHints":{"allow":["GET"]}}],"collection":[{"href":"https:\/\/spaestonia.ee\/medical\/fi\/wp-json\/wp\/v2\/pages"}],"about":[{"href":"https:\/\/spaestonia.ee\/medical\/fi\/wp-json\/wp\/v2\/types\/page"}],"author":[{"embeddable":true,"href":"https:\/\/spaestonia.ee\/medical\/fi\/wp-json\/wp\/v2\/users\/1"}],"replies":[{"embeddable":true,"href":"https:\/\/spaestonia.ee\/medical\/fi\/wp-json\/wp\/v2\/comments?post=869"}],"version-history":[{"count":30,"href":"https:\/\/spaestonia.ee\/medical\/fi\/wp-json\/wp\/v2\/pages\/869\/revisions"}],"predecessor-version":[{"id":19768,"href":"https:\/\/spaestonia.ee\/medical\/fi\/wp-json\/wp\/v2\/pages\/869\/revisions\/19768"}],"up":[{"embeddable":true,"href":"https:\/\/spaestonia.ee\/medical\/fi\/wp-json\/wp\/v2\/pages\/873"}],"wp:attachment":[{"href":"https:\/\/spaestonia.ee\/medical\/fi\/wp-json\/wp\/v2\/media?parent=869"}],"curies":[{"name":"wp","href":"https:\/\/api.w.org\/{rel}","templated":true}]}}