{"id":873,"date":"2014-11-13T19:48:49","date_gmt":"2014-11-13T17:48:49","guid":{"rendered":"https:\/\/www.spaestonia.ee\/medical\/?page_id=873"},"modified":"2024-08-06T15:15:59","modified_gmt":"2024-08-06T12:15:59","slug":"hotelli","status":"publish","type":"page","link":"https:\/\/spaestonia.ee\/medical\/fi\/hotelli\/","title":{"rendered":"Hotelli"},"content":{"rendered":"<p>ESTONIA Medical Spa &amp; Hotel (ent. Puistotalo) on tunnettu hyv\u00e4 terveyskylpyl\u00e4 ja hotelli. ESTONIAN terveyskylpyl\u00e4n avainsanoja ovat vuosikymmenten pituinen perinne ja ammattitaitoisuus. T\u00e4\u00e4ll\u00e4 takaamme Sinulle viihtyis\u00e4n loman ja tarvittavan terveyden edist\u00e4misen. P\u00e4ivitt\u00e4in Sinua odottavat hoito- ja kylpyl\u00e4toimenpiteet, uima-altaat, saunat ja kauneushoidot.<\/p>\n<p>Hotellimme sijaitsee ranta-alueella, josta 5 minutin k\u00e4velymatka valaistetulle rantapromenaadille ja keskustaan n. 15 minutin matka.<\/p>\n<p>Tule viett\u00e4m\u00e4\u00e4n terveellinen loma meill\u00e4!<\/p>\n<ul>\n<li>Hotellissa on 193 mukavaa <a title=\"Hotellihuoneet\" href=\"https:\/\/www.spaestonia.ee\/medical\/fi\/terveyskylpyla\/huoneet\/\">huonetta<\/a><\/li>\n<li>Yli 100 erilaista <a title=\"Hoidot ja tutkimukset\" href=\"https:\/\/www.spaestonia.ee\/medical\/fi\/terveyskylpyla\/hoidot-ja-tutkimukset\/\">hoitoa<\/a><\/li>\n<li><a title=\"Kauneuspalvelut\" href=\"https:\/\/www.spaestonia.ee\/medical\/terveyskylpyla\/kauneuspalvelut\/?lang=fi\">Kauneussalongin<\/a> monipuoliset palvelut<\/li>\n<li><a title=\"Estonia Spa Termid \u2013 uima- ja saunakeskus\" href=\"https:\/\/www.spaestonia.ee\/medical\/estonia-spa-termid\/?lang=fi\">Termid<\/a> sauna- ja allasosasto<\/li>\n<li><a title=\"Ruokailut\" href=\"https:\/\/www.spaestonia.ee\/medical\/fi\/terveyskylpyla\/ruokailut\/\">Buffet-ravintola<\/a> 5. kerroksessa<\/li>\n<li>Mukava kattobaari 8.kerroksessa, josta avautuu kaunis n\u00e4k\u00f6ala merelle ja kaupungille<\/li>\n<li>Hotellin aulassa on kauppa, jossa on myynniss\u00e4 elintarvikkeita, pient\u00e4\u00e4 purtavaa, makeisia, virvokkeita ym.<\/li>\n<\/ul>\n<div class='gallery-article'><ul id='gallery-article0' class='list gallery-list galleryid-0 gallery-columns-3 gallery-size-thumbnail'><li class='gallery-item'>\n\t\t<p class='gallery-icon'>\n\t\t<a href='https:\/\/spaestonia.ee\/medical\/fi\/hotelli\/attachment\/medical-maja-pargist-450-4\/'><img loading=\"lazy\" decoding=\"async\" width=\"300\" height=\"300\" src=\"https:\/\/spaestonia.ee\/medical\/wp-content\/uploads\/2014\/11\/medical-maja-pargist-450-300x300.jpg\" class=\"attachment-thumbnail size-thumbnail\" alt=\"Kylpyl\u00e4 P\u00e4rnu\" srcset=\"https:\/\/spaestonia.ee\/medical\/wp-content\/uploads\/2014\/11\/medical-maja-pargist-450-300x300.jpg 300w, https:\/\/spaestonia.ee\/medical\/wp-content\/uploads\/2014\/11\/medical-maja-pargist-450-181x181.jpg 181w\" sizes=\"auto, (max-width: 300px) 100vw, 300px\" \/><\/a>\n\t\t<\/p><\/li><li class='gallery-item'>\n\t\t<p class='gallery-icon'>\n\t\t<a href='https:\/\/spaestonia.ee\/medical\/fi\/hotelli\/attachment\/estonia-10-2\/'><img loading=\"lazy\" decoding=\"async\" width=\"300\" height=\"300\" src=\"https:\/\/spaestonia.ee\/medical\/wp-content\/uploads\/2023\/07\/Estonia-10-300x300.jpg\" class=\"attachment-thumbnail size-thumbnail\" alt=\"\" srcset=\"https:\/\/spaestonia.ee\/medical\/wp-content\/uploads\/2023\/07\/Estonia-10-300x300.jpg 300w, https:\/\/spaestonia.ee\/medical\/wp-content\/uploads\/2023\/07\/Estonia-10-181x181.jpg 181w\" sizes=\"auto, (max-width: 300px) 100vw, 300px\" \/><\/a>\n\t\t<\/p><\/li><li class='gallery-item'>\n\t\t<p class='gallery-icon'>\n\t\t<a href='https:\/\/spaestonia.ee\/medical\/fi\/hotelli\/attachment\/estonia-13-2\/'><img loading=\"lazy\" decoding=\"async\" width=\"300\" height=\"300\" src=\"https:\/\/spaestonia.ee\/medical\/wp-content\/uploads\/2023\/07\/Estonia-13-300x300.jpg\" class=\"attachment-thumbnail size-thumbnail\" alt=\"\" srcset=\"https:\/\/spaestonia.ee\/medical\/wp-content\/uploads\/2023\/07\/Estonia-13-300x300.jpg 300w, https:\/\/spaestonia.ee\/medical\/wp-content\/uploads\/2023\/07\/Estonia-13-181x181.jpg 181w\" sizes=\"auto, (max-width: 300px) 100vw, 300px\" \/><\/a>\n\t\t<\/p><\/li><\/ul>\n<\/div>\n\n<p>&nbsp;<\/p>\n","protected":false},"excerpt":{"rendered":"<p>ESTONIA Medical Spa &amp; Hotel (ent. Puistotalo) on tunnettu hyv\u00e4 terveyskylpyl\u00e4 ja hotelli. ESTONIAN terveyskylpyl\u00e4n&hellip;<\/p>\n","protected":false},"author":1,"featured_media":0,"parent":0,"menu_order":0,"comment_status":"closed","ping_status":"open","template":"","meta":{"footnotes":""},"class_list":["post-873","page","type-page","status-publish","hentry"],"yoast_head":"<!-- This site is optimized with the Yoast SEO plugin v26.3 - https:\/\/yoast.com\/wordpress\/plugins\/seo\/ -->\n<title>Hotelli - ESTONIA Medical Spa &amp; Hotel<\/title>\n<meta name=\"robots\" content=\"index, follow, max-snippet:-1, max-image-preview:large, max-video-preview:-1\" \/>\n<link rel=\"canonical\" href=\"https:\/\/spaestonia.ee\/medical\/fi\/hotelli\/\" \/>\n<meta property=\"og:locale\" content=\"fi_FI\" \/>\n<meta property=\"og:type\" content=\"article\" \/>\n<meta property=\"og:title\" content=\"Hotelli - ESTONIA Medical Spa &amp; Hotel\" \/>\n<meta property=\"og:description\" content=\"ESTONIA Medical Spa &amp; Hotel (ent. Puistotalo) on tunnettu hyv\u00e4 terveyskylpyl\u00e4 ja hotelli. ESTONIAN terveyskylpyl\u00e4n&hellip;\" \/>\n<meta property=\"og:url\" content=\"https:\/\/spaestonia.ee\/medical\/fi\/hotelli\/\" \/>\n<meta property=\"og:site_name\" content=\"ESTONIA Medical Spa &amp; Hotel\" \/>\n<meta property=\"article:publisher\" content=\"https:\/\/www.facebook.com\/EstoniaMedicalSpa\" \/>\n<meta property=\"article:modified_time\" content=\"2024-08-06T12:15:59+00:00\" \/>\n<meta property=\"og:image\" content=\"https:\/\/www.spaestonia.ee\/medical\/wp-content\/uploads\/2014\/11\/medical-maja-pargist-450-300x300.jpg\" \/>\n<meta name=\"twitter:card\" content=\"summary_large_image\" \/>\n<meta name=\"twitter:label1\" content=\"Arvioitu lukuaika\" \/>\n\t<meta name=\"twitter:data1\" content=\"1 minuutti\" \/>\n<script type=\"application\/ld+json\" class=\"yoast-schema-graph\">{\"@context\":\"https:\/\/schema.org\",\"@graph\":[{\"@type\":\"WebPage\",\"@id\":\"https:\/\/spaestonia.ee\/medical\/fi\/hotelli\/\",\"url\":\"https:\/\/spaestonia.ee\/medical\/fi\/hotelli\/\",\"name\":\"Hotelli - ESTONIA Medical Spa &amp; Hotel\",\"isPartOf\":{\"@id\":\"https:\/\/www.spaestonia.ee\/medical\/fi\/#website\"},\"datePublished\":\"2014-11-13T17:48:49+00:00\",\"dateModified\":\"2024-08-06T12:15:59+00:00\",\"breadcrumb\":{\"@id\":\"https:\/\/spaestonia.ee\/medical\/fi\/hotelli\/#breadcrumb\"},\"inLanguage\":\"fi\",\"potentialAction\":[{\"@type\":\"ReadAction\",\"target\":[\"https:\/\/spaestonia.ee\/medical\/fi\/hotelli\/\"]}]},{\"@type\":\"BreadcrumbList\",\"@id\":\"https:\/\/spaestonia.ee\/medical\/fi\/hotelli\/#breadcrumb\",\"itemListElement\":[{\"@type\":\"ListItem\",\"position\":1,\"name\":\"Home\",\"item\":\"https:\/\/www.spaestonia.ee\/medical\/fi\/\"},{\"@type\":\"ListItem\",\"position\":2,\"name\":\"Hotelli\"}]},{\"@type\":\"WebSite\",\"@id\":\"https:\/\/www.spaestonia.ee\/medical\/fi\/#website\",\"url\":\"https:\/\/www.spaestonia.ee\/medical\/fi\/\",\"name\":\"ESTONIA Medical Spa & Hotel\",\"description\":\"Ravispaa - Terveyskylpyl\u00e4 - P\u00e4rnu\",\"publisher\":{\"@id\":\"https:\/\/www.spaestonia.ee\/medical\/fi\/#organization\"},\"potentialAction\":[{\"@type\":\"SearchAction\",\"target\":{\"@type\":\"EntryPoint\",\"urlTemplate\":\"https:\/\/www.spaestonia.ee\/medical\/fi\/?s={search_term_string}\"},\"query-input\":{\"@type\":\"PropertyValueSpecification\",\"valueRequired\":true,\"valueName\":\"search_term_string\"}}],\"inLanguage\":\"fi\"},{\"@type\":\"Organization\",\"@id\":\"https:\/\/www.spaestonia.ee\/medical\/fi\/#organization\",\"name\":\"ESTONIA Medical Spa & Hotel\",\"url\":\"https:\/\/www.spaestonia.ee\/medical\/fi\/\",\"logo\":{\"@type\":\"ImageObject\",\"inLanguage\":\"fi\",\"@id\":\"https:\/\/www.spaestonia.ee\/medical\/fi\/#\/schema\/logo\/image\/\",\"url\":\"https:\/\/www.spaestonia.ee\/medical\/wp-content\/uploads\/2025\/02\/medical.jpg\",\"contentUrl\":\"https:\/\/www.spaestonia.ee\/medical\/wp-content\/uploads\/2025\/02\/medical.jpg\",\"width\":700,\"height\":450,\"caption\":\"ESTONIA Medical Spa & Hotel\"},\"image\":{\"@id\":\"https:\/\/www.spaestonia.ee\/medical\/fi\/#\/schema\/logo\/image\/\"},\"sameAs\":[\"https:\/\/www.facebook.com\/EstoniaMedicalSpa\"]}]}<\/script>\n<!-- \/ Yoast SEO plugin. -->","yoast_head_json":{"title":"Hotelli - ESTONIA Medical Spa &amp; Hotel","robots":{"index":"index","follow":"follow","max-snippet":"max-snippet:-1","max-image-preview":"max-image-preview:large","max-video-preview":"max-video-preview:-1"},"canonical":"https:\/\/spaestonia.ee\/medical\/fi\/hotelli\/","og_locale":"fi_FI","og_type":"article","og_title":"Hotelli - ESTONIA Medical Spa &amp; Hotel","og_description":"ESTONIA Medical Spa &amp; Hotel (ent. Puistotalo) on tunnettu hyv\u00e4 terveyskylpyl\u00e4 ja hotelli. ESTONIAN terveyskylpyl\u00e4n&hellip;","og_url":"https:\/\/spaestonia.ee\/medical\/fi\/hotelli\/","og_site_name":"ESTONIA Medical Spa &amp; Hotel","article_publisher":"https:\/\/www.facebook.com\/EstoniaMedicalSpa","article_modified_time":"2024-08-06T12:15:59+00:00","og_image":[{"url":"https:\/\/www.spaestonia.ee\/medical\/wp-content\/uploads\/2014\/11\/medical-maja-pargist-450-300x300.jpg","type":"","width":"","height":""}],"twitter_card":"summary_large_image","twitter_misc":{"Arvioitu lukuaika":"1 minuutti"},"schema":{"@context":"https:\/\/schema.org","@graph":[{"@type":"WebPage","@id":"https:\/\/spaestonia.ee\/medical\/fi\/hotelli\/","url":"https:\/\/spaestonia.ee\/medical\/fi\/hotelli\/","name":"Hotelli - ESTONIA Medical Spa &amp; Hotel","isPartOf":{"@id":"https:\/\/www.spaestonia.ee\/medical\/fi\/#website"},"datePublished":"2014-11-13T17:48:49+00:00","dateModified":"2024-08-06T12:15:59+00:00","breadcrumb":{"@id":"https:\/\/spaestonia.ee\/medical\/fi\/hotelli\/#breadcrumb"},"inLanguage":"fi","potentialAction":[{"@type":"ReadAction","target":["https:\/\/spaestonia.ee\/medical\/fi\/hotelli\/"]}]},{"@type":"BreadcrumbList","@id":"https:\/\/spaestonia.ee\/medical\/fi\/hotelli\/#breadcrumb","itemListElement":[{"@type":"ListItem","position":1,"name":"Home","item":"https:\/\/www.spaestonia.ee\/medical\/fi\/"},{"@type":"ListItem","position":2,"name":"Hotelli"}]},{"@type":"WebSite","@id":"https:\/\/www.spaestonia.ee\/medical\/fi\/#website","url":"https:\/\/www.spaestonia.ee\/medical\/fi\/","name":"ESTONIA Medical Spa & Hotel","description":"Ravispaa - Terveyskylpyl\u00e4 - P\u00e4rnu","publisher":{"@id":"https:\/\/www.spaestonia.ee\/medical\/fi\/#organization"},"potentialAction":[{"@type":"SearchAction","target":{"@type":"EntryPoint","urlTemplate":"https:\/\/www.spaestonia.ee\/medical\/fi\/?s={search_term_string}"},"query-input":{"@type":"PropertyValueSpecification","valueRequired":true,"valueName":"search_term_string"}}],"inLanguage":"fi"},{"@type":"Organization","@id":"https:\/\/www.spaestonia.ee\/medical\/fi\/#organization","name":"ESTONIA Medical Spa & Hotel","url":"https:\/\/www.spaestonia.ee\/medical\/fi\/","logo":{"@type":"ImageObject","inLanguage":"fi","@id":"https:\/\/www.spaestonia.ee\/medical\/fi\/#\/schema\/logo\/image\/","url":"https:\/\/www.spaestonia.ee\/medical\/wp-content\/uploads\/2025\/02\/medical.jpg","contentUrl":"https:\/\/www.spaestonia.ee\/medical\/wp-content\/uploads\/2025\/02\/medical.jpg","width":700,"height":450,"caption":"ESTONIA Medical Spa & Hotel"},"image":{"@id":"https:\/\/www.spaestonia.ee\/medical\/fi\/#\/schema\/logo\/image\/"},"sameAs":["https:\/\/www.facebook.com\/EstoniaMedicalSpa"]}]}},"_links":{"self":[{"href":"https:\/\/spaestonia.ee\/medical\/fi\/wp-json\/wp\/v2\/pages\/873","targetHints":{"allow":["GET"]}}],"collection":[{"href":"https:\/\/spaestonia.ee\/medical\/fi\/wp-json\/wp\/v2\/pages"}],"about":[{"href":"https:\/\/spaestonia.ee\/medical\/fi\/wp-json\/wp\/v2\/types\/page"}],"author":[{"embeddable":true,"href":"https:\/\/spaestonia.ee\/medical\/fi\/wp-json\/wp\/v2\/users\/1"}],"replies":[{"embeddable":true,"href":"https:\/\/spaestonia.ee\/medical\/fi\/wp-json\/wp\/v2\/comments?post=873"}],"version-history":[{"count":42,"href":"https:\/\/spaestonia.ee\/medical\/fi\/wp-json\/wp\/v2\/pages\/873\/revisions"}],"predecessor-version":[{"id":21307,"href":"https:\/\/spaestonia.ee\/medical\/fi\/wp-json\/wp\/v2\/pages\/873\/revisions\/21307"}],"wp:attachment":[{"href":"https:\/\/spaestonia.ee\/medical\/fi\/wp-json\/wp\/v2\/media?parent=873"}],"curies":[{"name":"wp","href":"https:\/\/api.w.org\/{rel}","templated":true}]}}