{"id":887,"date":"2014-12-31T11:06:52","date_gmt":"2014-12-31T09:06:52","guid":{"rendered":"https:\/\/www.spaestonia.ee\/medical\/?page_id=887"},"modified":"2026-02-02T10:05:51","modified_gmt":"2026-02-02T08:05:51","slug":"ruokailut","status":"publish","type":"page","link":"https:\/\/spaestonia.ee\/medical\/fi\/hotelli\/ruokailut\/","title":{"rendered":"Buffet ravintola"},"content":{"rendered":"<h2><img loading=\"lazy\" decoding=\"async\" class=\"alignright wp-image-16939 \" src=\"http:\/\/www.spaestonia.ee\/medical\/wp-content\/uploads\/2022\/07\/ESTONIA-Medical-Spa-Hotel_autor-Bjorn-OU29-scaled.jpg\" alt=\"\" width=\"401\" height=\"267\" srcset=\"https:\/\/spaestonia.ee\/medical\/wp-content\/uploads\/2022\/07\/ESTONIA-Medical-Spa-Hotel_autor-Bjorn-OU29-scaled.jpg 2560w, https:\/\/spaestonia.ee\/medical\/wp-content\/uploads\/2022\/07\/ESTONIA-Medical-Spa-Hotel_autor-Bjorn-OU29-300x200.jpg 300w, https:\/\/spaestonia.ee\/medical\/wp-content\/uploads\/2022\/07\/ESTONIA-Medical-Spa-Hotel_autor-Bjorn-OU29-1024x683.jpg 1024w, https:\/\/spaestonia.ee\/medical\/wp-content\/uploads\/2022\/07\/ESTONIA-Medical-Spa-Hotel_autor-Bjorn-OU29-768x512.jpg 768w, https:\/\/spaestonia.ee\/medical\/wp-content\/uploads\/2022\/07\/ESTONIA-Medical-Spa-Hotel_autor-Bjorn-OU29-1536x1024.jpg 1536w, https:\/\/spaestonia.ee\/medical\/wp-content\/uploads\/2022\/07\/ESTONIA-Medical-Spa-Hotel_autor-Bjorn-OU29-2048x1365.jpg 2048w, https:\/\/spaestonia.ee\/medical\/wp-content\/uploads\/2022\/07\/ESTONIA-Medical-Spa-Hotel_autor-Bjorn-OU29-837x557.jpg 837w\" sizes=\"auto, (max-width: 401px) 100vw, 401px\" \/><\/h2>\n<p><strong><span style=\"font-size: 20px;\">Estonia Medical Spa &amp; Hotel buffet-ravintola sijaitsee hotellin 5. kerroksessa.<\/span><\/strong><\/p>\n<p>Buffet-ruokailua tarjotaan:<\/p>\n<ul>\n<li><span style=\"font-size: 16px;\"><strong>Aamiainen <\/strong>ma-pe klo\u00a0 7-10,\u00a0 la-su klo 7-10:30<\/span><\/li>\n<li><span style=\"font-size: 16px;\"><strong>Lounas <\/strong>klo 12-14<\/span><\/li>\n<li><span style=\"font-size: 16px;\"><strong>P\u00e4iv\u00e4llinen <\/strong>klo 17-19<\/span><\/li>\n<\/ul>\n<p>Seuraavat erikoisruokavaliot mahdollista (tilattava etuk\u00e4teen): laktoositon, gluteeniton, kasvisruoka ja sokeriton.<\/p>\n<p><span style=\"font-size: 20px;\"><strong>Hinnat\u00a0<\/strong><\/span><\/p>\n<table style=\"height: 151px;\" width=\"432\">\n<tbody>\n<tr>\n<td><\/td>\n<td>Aikuinen<\/td>\n<td>Lapsi 4-14 v.<\/td>\n<\/tr>\n<tr>\n<td>Aamiainen<\/td>\n<td>16 \u20ac<\/td>\n<td>8 \u20ac<\/td>\n<\/tr>\n<tr>\n<td>Lounas<\/td>\n<td>17 \u20ac<\/td>\n<td>9 \u20ac<\/td>\n<\/tr>\n<tr>\n<td>Illallinen<\/td>\n<td>17 \u20ac<\/td>\n<td>9 \u20ac<\/td>\n<\/tr>\n<tr>\n<td><\/td>\n<td><\/td>\n<td>0-3 v. lapset ILMAINEN!<\/td>\n<\/tr>\n<\/tbody>\n<\/table>\n<p><strong>Tiedot: <a href=\"mailto:sales@spaestonia.ee\">sales@spaestonia.ee<\/a> | +372 447 6905<\/strong><\/p>\n<div class='gallery-article'><ul id='gallery-article0' class='list gallery-list galleryid-0 gallery-columns-3 gallery-size-medium'><li class='gallery-item'>\n\t\t<p class='gallery-icon'>\n\t\t<a href='https:\/\/spaestonia.ee\/medical\/wp-content\/uploads\/2022\/07\/ESTONIA-Medical-Spa-Hotel_autor-Bjorn-OU35-scaled.jpg'><img loading=\"lazy\" decoding=\"async\" width=\"300\" height=\"200\" src=\"https:\/\/spaestonia.ee\/medical\/wp-content\/uploads\/2022\/07\/ESTONIA-Medical-Spa-Hotel_autor-Bjorn-OU35-300x200.jpg\" class=\"attachment-medium size-medium\" alt=\"\" srcset=\"https:\/\/spaestonia.ee\/medical\/wp-content\/uploads\/2022\/07\/ESTONIA-Medical-Spa-Hotel_autor-Bjorn-OU35-300x200.jpg 300w, https:\/\/spaestonia.ee\/medical\/wp-content\/uploads\/2022\/07\/ESTONIA-Medical-Spa-Hotel_autor-Bjorn-OU35-1024x683.jpg 1024w, https:\/\/spaestonia.ee\/medical\/wp-content\/uploads\/2022\/07\/ESTONIA-Medical-Spa-Hotel_autor-Bjorn-OU35-768x512.jpg 768w, https:\/\/spaestonia.ee\/medical\/wp-content\/uploads\/2022\/07\/ESTONIA-Medical-Spa-Hotel_autor-Bjorn-OU35-1536x1024.jpg 1536w, https:\/\/spaestonia.ee\/medical\/wp-content\/uploads\/2022\/07\/ESTONIA-Medical-Spa-Hotel_autor-Bjorn-OU35-2048x1365.jpg 2048w, https:\/\/spaestonia.ee\/medical\/wp-content\/uploads\/2022\/07\/ESTONIA-Medical-Spa-Hotel_autor-Bjorn-OU35-837x557.jpg 837w\" sizes=\"auto, (max-width: 300px) 100vw, 300px\" \/><\/a>\n\t\t<\/p><\/li><li class='gallery-item'>\n\t\t<p class='gallery-icon'>\n\t\t<a href='https:\/\/spaestonia.ee\/medical\/wp-content\/uploads\/2022\/07\/ESTONIA-Medical-Spa-Hotel_autor-Bjorn-OU37-scaled-e1685967302768.jpg'><img loading=\"lazy\" decoding=\"async\" width=\"300\" height=\"200\" src=\"https:\/\/spaestonia.ee\/medical\/wp-content\/uploads\/2022\/07\/ESTONIA-Medical-Spa-Hotel_autor-Bjorn-OU37-300x200.jpg\" class=\"attachment-medium size-medium\" alt=\"\" srcset=\"https:\/\/spaestonia.ee\/medical\/wp-content\/uploads\/2022\/07\/ESTONIA-Medical-Spa-Hotel_autor-Bjorn-OU37-300x200.jpg 300w, https:\/\/spaestonia.ee\/medical\/wp-content\/uploads\/2022\/07\/ESTONIA-Medical-Spa-Hotel_autor-Bjorn-OU37-1024x683.jpg 1024w, https:\/\/spaestonia.ee\/medical\/wp-content\/uploads\/2022\/07\/ESTONIA-Medical-Spa-Hotel_autor-Bjorn-OU37-768x512.jpg 768w, https:\/\/spaestonia.ee\/medical\/wp-content\/uploads\/2022\/07\/ESTONIA-Medical-Spa-Hotel_autor-Bjorn-OU37-1536x1024.jpg 1536w, https:\/\/spaestonia.ee\/medical\/wp-content\/uploads\/2022\/07\/ESTONIA-Medical-Spa-Hotel_autor-Bjorn-OU37-2048x1365.jpg 2048w, https:\/\/spaestonia.ee\/medical\/wp-content\/uploads\/2022\/07\/ESTONIA-Medical-Spa-Hotel_autor-Bjorn-OU37-837x557.jpg 837w\" sizes=\"auto, (max-width: 300px) 100vw, 300px\" \/><\/a>\n\t\t<\/p><\/li><li class='gallery-item'>\n\t\t<p class='gallery-icon'>\n\t\t<a href='https:\/\/spaestonia.ee\/medical\/wp-content\/uploads\/2014\/12\/Estonia-Medical-spa-restoran.jpg'><img loading=\"lazy\" decoding=\"async\" width=\"300\" height=\"200\" src=\"https:\/\/spaestonia.ee\/medical\/wp-content\/uploads\/2014\/12\/Estonia-Medical-spa-restoran-300x200.jpg\" class=\"attachment-medium size-medium\" alt=\"\" srcset=\"https:\/\/spaestonia.ee\/medical\/wp-content\/uploads\/2014\/12\/Estonia-Medical-spa-restoran-300x200.jpg 300w, https:\/\/spaestonia.ee\/medical\/wp-content\/uploads\/2014\/12\/Estonia-Medical-spa-restoran.jpg 450w\" sizes=\"auto, (max-width: 300px) 100vw, 300px\" \/><\/a>\n\t\t<\/p><\/li><\/ul>\n<\/div>\n\n<h2>PANORAMA KAHVILA<\/h2>\n<p><img loading=\"lazy\" decoding=\"async\" class=\"alignright wp-image-5192 \" src=\"http:\/\/www.spaestonia.ee\/medical\/wp-content\/uploads\/2016\/11\/panoraamkohvik1200x500.jpg\" alt=\"\" width=\"388\" height=\"162\" srcset=\"https:\/\/spaestonia.ee\/medical\/wp-content\/uploads\/2016\/11\/panoraamkohvik1200x500.jpg 1200w, https:\/\/spaestonia.ee\/medical\/wp-content\/uploads\/2016\/11\/panoraamkohvik1200x500-300x125.jpg 300w, https:\/\/spaestonia.ee\/medical\/wp-content\/uploads\/2016\/11\/panoraamkohvik1200x500-768x320.jpg 768w, https:\/\/spaestonia.ee\/medical\/wp-content\/uploads\/2016\/11\/panoraamkohvik1200x500-1024x427.jpg 1024w\" sizes=\"auto, (max-width: 388px) 100vw, 388px\" \/><\/p>\n<p>ESTONIA Medical Spa &amp; Hotelin Panoramakahvila sijaitsee hotellin 8. kerroksessa. Kahvilasta avautuvat upeat n\u00e4kym\u00e4t merelle, kaupunkiin, puistoihin ja jopa P\u00e4rnujoelle.<\/p>\n<div class=\"flex flex-col text-sm pb-25\">\n<article class=\"text-token-text-primary w-full focus:outline-none [--shadow-height:45px] has-data-writing-block:pointer-events-none has-data-writing-block:-mt-(--shadow-height) has-data-writing-block:pt-(--shadow-height) [&amp;:has([data-writing-block])&gt;*]:pointer-events-auto scroll-mt-[calc(var(--header-height)+min(200px,max(70px,20svh)))]\" dir=\"auto\" tabindex=\"-1\" data-turn-id=\"613f434f-0450-4173-9c4b-bd08053c1fd1\" data-testid=\"conversation-turn-4\" data-scroll-anchor=\"true\" data-turn=\"assistant\">\n<div class=\"text-base my-auto mx-auto pb-10 [--thread-content-margin:--spacing(4)] @w-sm\/main:[--thread-content-margin:--spacing(6)] @w-lg\/main:[--thread-content-margin:--spacing(16)] px-(--thread-content-margin)\">\n<div class=\"[--thread-content-max-width:40rem] @w-lg\/main:[--thread-content-max-width:48rem] mx-auto max-w-(--thread-content-max-width) flex-1 group\/turn-messages focus-visible:outline-hidden relative flex w-full min-w-0 flex-col agent-turn\" tabindex=\"-1\">\n<div class=\"flex max-w-full flex-col grow\">\n<div class=\"min-h-8 text-message relative flex w-full flex-col items-end gap-2 text-start break-words whitespace-normal [.text-message+&amp;]:mt-1\" dir=\"auto\" data-message-author-role=\"assistant\" data-message-id=\"f4859460-4fad-4693-af4d-2cdb2ab5ba0e\" data-message-model-slug=\"gpt-5-2\">\n<div class=\"flex w-full flex-col gap-1 empty:hidden first:pt-[1px]\">\n<div class=\"markdown prose dark:prose-invert w-full wrap-break-word light markdown-new-styling\">\n<p data-start=\"171\" data-end=\"279\">Panoramakahvila on avoinna ainoastaan tanssi-iltojen aikana. Ohjelma on n\u00e4ht\u00e4vill\u00e4 hotellin infotelineiss\u00e4.<\/p>\n<p data-start=\"281\" data-end=\"404\" data-is-last-node=\"\" data-is-only-node=\"\">ESTONIA Medical Spa &amp; Hotel, P\u00e4rna 12, P\u00e4rnu.<br data-start=\"326\" data-end=\"329\" \/>Sis\u00e4\u00e4nk\u00e4ynti Panoraamakahvilaan hotellin p\u00e4\u00e4ovesta, hissill\u00e4 8. kerrokseen.<\/p>\n<\/div>\n<\/div>\n<\/div>\n<\/div>\n<div class=\"z-0 flex min-h-[46px] justify-start\"><\/div>\n<div class=\"mt-3 w-full empty:hidden\">\n<div class=\"text-center\"><\/div>\n<\/div>\n<\/div>\n<\/div>\n<\/article>\n<\/div>\n<div class=\"pointer-events-none h-px w-px absolute bottom-0\" aria-hidden=\"true\" data-edge=\"true\"><\/div>\n","protected":false},"excerpt":{"rendered":"<p>Estonia Medical Spa &amp; Hotel buffet-ravintola sijaitsee hotellin 5. kerroksessa. Buffet-ruokailua tarjotaan: Aamiainen ma-pe klo\u00a0&hellip;<\/p>\n","protected":false},"author":1,"featured_media":0,"parent":873,"menu_order":0,"comment_status":"closed","ping_status":"open","template":"","meta":{"footnotes":""},"class_list":["post-887","page","type-page","status-publish","hentry"],"yoast_head":"<!-- This site is optimized with the Yoast SEO plugin v26.3 - https:\/\/yoast.com\/wordpress\/plugins\/seo\/ -->\n<title>Buffet ravintola - ESTONIA Medical Spa &amp; Hotel<\/title>\n<meta name=\"robots\" content=\"index, follow, max-snippet:-1, max-image-preview:large, max-video-preview:-1\" \/>\n<link rel=\"canonical\" href=\"https:\/\/spaestonia.ee\/medical\/fi\/hotelli\/ruokailut\/\" \/>\n<meta property=\"og:locale\" content=\"fi_FI\" \/>\n<meta property=\"og:type\" content=\"article\" \/>\n<meta property=\"og:title\" content=\"Buffet ravintola - ESTONIA Medical Spa &amp; Hotel\" \/>\n<meta property=\"og:description\" content=\"Estonia Medical Spa &amp; Hotel buffet-ravintola sijaitsee hotellin 5. kerroksessa. Buffet-ruokailua tarjotaan: Aamiainen ma-pe klo\u00a0&hellip;\" \/>\n<meta property=\"og:url\" content=\"https:\/\/spaestonia.ee\/medical\/fi\/hotelli\/ruokailut\/\" \/>\n<meta property=\"og:site_name\" content=\"ESTONIA Medical Spa &amp; Hotel\" \/>\n<meta property=\"article:publisher\" content=\"https:\/\/www.facebook.com\/EstoniaMedicalSpa\" \/>\n<meta property=\"article:modified_time\" content=\"2026-02-02T08:05:51+00:00\" \/>\n<meta property=\"og:image\" content=\"https:\/\/www.spaestonia.ee\/medical\/wp-content\/uploads\/2022\/07\/ESTONIA-Medical-Spa-Hotel_autor-Bjorn-OU35-300x200.jpg\" \/>\n<meta name=\"twitter:card\" content=\"summary_large_image\" \/>\n<meta name=\"twitter:label1\" content=\"Arvioitu lukuaika\" \/>\n\t<meta name=\"twitter:data1\" content=\"2 minuuttia\" \/>\n<script type=\"application\/ld+json\" class=\"yoast-schema-graph\">{\"@context\":\"https:\/\/schema.org\",\"@graph\":[{\"@type\":\"WebPage\",\"@id\":\"https:\/\/spaestonia.ee\/medical\/fi\/hotelli\/ruokailut\/\",\"url\":\"https:\/\/spaestonia.ee\/medical\/fi\/hotelli\/ruokailut\/\",\"name\":\"Buffet ravintola - ESTONIA Medical Spa &amp; Hotel\",\"isPartOf\":{\"@id\":\"https:\/\/www.spaestonia.ee\/medical\/fi\/#website\"},\"primaryImageOfPage\":{\"@id\":\"https:\/\/spaestonia.ee\/medical\/fi\/hotelli\/ruokailut\/#primaryimage\"},\"image\":{\"@id\":\"https:\/\/spaestonia.ee\/medical\/fi\/hotelli\/ruokailut\/#primaryimage\"},\"thumbnailUrl\":\"http:\/\/www.spaestonia.ee\/medical\/wp-content\/uploads\/2022\/07\/ESTONIA-Medical-Spa-Hotel_autor-Bjorn-OU29-scaled.jpg\",\"datePublished\":\"2014-12-31T09:06:52+00:00\",\"dateModified\":\"2026-02-02T08:05:51+00:00\",\"breadcrumb\":{\"@id\":\"https:\/\/spaestonia.ee\/medical\/fi\/hotelli\/ruokailut\/#breadcrumb\"},\"inLanguage\":\"fi\",\"potentialAction\":[{\"@type\":\"ReadAction\",\"target\":[\"https:\/\/spaestonia.ee\/medical\/fi\/hotelli\/ruokailut\/\"]}]},{\"@type\":\"ImageObject\",\"inLanguage\":\"fi\",\"@id\":\"https:\/\/spaestonia.ee\/medical\/fi\/hotelli\/ruokailut\/#primaryimage\",\"url\":\"http:\/\/www.spaestonia.ee\/medical\/wp-content\/uploads\/2022\/07\/ESTONIA-Medical-Spa-Hotel_autor-Bjorn-OU29-scaled.jpg\",\"contentUrl\":\"http:\/\/www.spaestonia.ee\/medical\/wp-content\/uploads\/2022\/07\/ESTONIA-Medical-Spa-Hotel_autor-Bjorn-OU29-scaled.jpg\"},{\"@type\":\"BreadcrumbList\",\"@id\":\"https:\/\/spaestonia.ee\/medical\/fi\/hotelli\/ruokailut\/#breadcrumb\",\"itemListElement\":[{\"@type\":\"ListItem\",\"position\":1,\"name\":\"Home\",\"item\":\"https:\/\/www.spaestonia.ee\/medical\/fi\/\"},{\"@type\":\"ListItem\",\"position\":2,\"name\":\"Hotelli\",\"item\":\"https:\/\/www.spaestonia.ee\/medical\/fi\/hotelli\/\"},{\"@type\":\"ListItem\",\"position\":3,\"name\":\"Buffet ravintola\"}]},{\"@type\":\"WebSite\",\"@id\":\"https:\/\/www.spaestonia.ee\/medical\/fi\/#website\",\"url\":\"https:\/\/www.spaestonia.ee\/medical\/fi\/\",\"name\":\"ESTONIA Medical Spa & Hotel\",\"description\":\"Ravispaa - Terveyskylpyl\u00e4 - P\u00e4rnu\",\"publisher\":{\"@id\":\"https:\/\/www.spaestonia.ee\/medical\/fi\/#organization\"},\"potentialAction\":[{\"@type\":\"SearchAction\",\"target\":{\"@type\":\"EntryPoint\",\"urlTemplate\":\"https:\/\/www.spaestonia.ee\/medical\/fi\/?s={search_term_string}\"},\"query-input\":{\"@type\":\"PropertyValueSpecification\",\"valueRequired\":true,\"valueName\":\"search_term_string\"}}],\"inLanguage\":\"fi\"},{\"@type\":\"Organization\",\"@id\":\"https:\/\/www.spaestonia.ee\/medical\/fi\/#organization\",\"name\":\"ESTONIA Medical Spa & Hotel\",\"url\":\"https:\/\/www.spaestonia.ee\/medical\/fi\/\",\"logo\":{\"@type\":\"ImageObject\",\"inLanguage\":\"fi\",\"@id\":\"https:\/\/www.spaestonia.ee\/medical\/fi\/#\/schema\/logo\/image\/\",\"url\":\"https:\/\/www.spaestonia.ee\/medical\/wp-content\/uploads\/2025\/02\/medical.jpg\",\"contentUrl\":\"https:\/\/www.spaestonia.ee\/medical\/wp-content\/uploads\/2025\/02\/medical.jpg\",\"width\":700,\"height\":450,\"caption\":\"ESTONIA Medical Spa & Hotel\"},\"image\":{\"@id\":\"https:\/\/www.spaestonia.ee\/medical\/fi\/#\/schema\/logo\/image\/\"},\"sameAs\":[\"https:\/\/www.facebook.com\/EstoniaMedicalSpa\"]}]}<\/script>\n<!-- \/ Yoast SEO plugin. -->","yoast_head_json":{"title":"Buffet ravintola - ESTONIA Medical Spa &amp; Hotel","robots":{"index":"index","follow":"follow","max-snippet":"max-snippet:-1","max-image-preview":"max-image-preview:large","max-video-preview":"max-video-preview:-1"},"canonical":"https:\/\/spaestonia.ee\/medical\/fi\/hotelli\/ruokailut\/","og_locale":"fi_FI","og_type":"article","og_title":"Buffet ravintola - ESTONIA Medical Spa &amp; Hotel","og_description":"Estonia Medical Spa &amp; Hotel buffet-ravintola sijaitsee hotellin 5. kerroksessa. Buffet-ruokailua tarjotaan: Aamiainen ma-pe klo\u00a0&hellip;","og_url":"https:\/\/spaestonia.ee\/medical\/fi\/hotelli\/ruokailut\/","og_site_name":"ESTONIA Medical Spa &amp; Hotel","article_publisher":"https:\/\/www.facebook.com\/EstoniaMedicalSpa","article_modified_time":"2026-02-02T08:05:51+00:00","og_image":[{"url":"https:\/\/www.spaestonia.ee\/medical\/wp-content\/uploads\/2022\/07\/ESTONIA-Medical-Spa-Hotel_autor-Bjorn-OU35-300x200.jpg","type":"","width":"","height":""}],"twitter_card":"summary_large_image","twitter_misc":{"Arvioitu lukuaika":"2 minuuttia"},"schema":{"@context":"https:\/\/schema.org","@graph":[{"@type":"WebPage","@id":"https:\/\/spaestonia.ee\/medical\/fi\/hotelli\/ruokailut\/","url":"https:\/\/spaestonia.ee\/medical\/fi\/hotelli\/ruokailut\/","name":"Buffet ravintola - ESTONIA Medical Spa &amp; Hotel","isPartOf":{"@id":"https:\/\/www.spaestonia.ee\/medical\/fi\/#website"},"primaryImageOfPage":{"@id":"https:\/\/spaestonia.ee\/medical\/fi\/hotelli\/ruokailut\/#primaryimage"},"image":{"@id":"https:\/\/spaestonia.ee\/medical\/fi\/hotelli\/ruokailut\/#primaryimage"},"thumbnailUrl":"http:\/\/www.spaestonia.ee\/medical\/wp-content\/uploads\/2022\/07\/ESTONIA-Medical-Spa-Hotel_autor-Bjorn-OU29-scaled.jpg","datePublished":"2014-12-31T09:06:52+00:00","dateModified":"2026-02-02T08:05:51+00:00","breadcrumb":{"@id":"https:\/\/spaestonia.ee\/medical\/fi\/hotelli\/ruokailut\/#breadcrumb"},"inLanguage":"fi","potentialAction":[{"@type":"ReadAction","target":["https:\/\/spaestonia.ee\/medical\/fi\/hotelli\/ruokailut\/"]}]},{"@type":"ImageObject","inLanguage":"fi","@id":"https:\/\/spaestonia.ee\/medical\/fi\/hotelli\/ruokailut\/#primaryimage","url":"http:\/\/www.spaestonia.ee\/medical\/wp-content\/uploads\/2022\/07\/ESTONIA-Medical-Spa-Hotel_autor-Bjorn-OU29-scaled.jpg","contentUrl":"http:\/\/www.spaestonia.ee\/medical\/wp-content\/uploads\/2022\/07\/ESTONIA-Medical-Spa-Hotel_autor-Bjorn-OU29-scaled.jpg"},{"@type":"BreadcrumbList","@id":"https:\/\/spaestonia.ee\/medical\/fi\/hotelli\/ruokailut\/#breadcrumb","itemListElement":[{"@type":"ListItem","position":1,"name":"Home","item":"https:\/\/www.spaestonia.ee\/medical\/fi\/"},{"@type":"ListItem","position":2,"name":"Hotelli","item":"https:\/\/www.spaestonia.ee\/medical\/fi\/hotelli\/"},{"@type":"ListItem","position":3,"name":"Buffet ravintola"}]},{"@type":"WebSite","@id":"https:\/\/www.spaestonia.ee\/medical\/fi\/#website","url":"https:\/\/www.spaestonia.ee\/medical\/fi\/","name":"ESTONIA Medical Spa & Hotel","description":"Ravispaa - Terveyskylpyl\u00e4 - P\u00e4rnu","publisher":{"@id":"https:\/\/www.spaestonia.ee\/medical\/fi\/#organization"},"potentialAction":[{"@type":"SearchAction","target":{"@type":"EntryPoint","urlTemplate":"https:\/\/www.spaestonia.ee\/medical\/fi\/?s={search_term_string}"},"query-input":{"@type":"PropertyValueSpecification","valueRequired":true,"valueName":"search_term_string"}}],"inLanguage":"fi"},{"@type":"Organization","@id":"https:\/\/www.spaestonia.ee\/medical\/fi\/#organization","name":"ESTONIA Medical Spa & Hotel","url":"https:\/\/www.spaestonia.ee\/medical\/fi\/","logo":{"@type":"ImageObject","inLanguage":"fi","@id":"https:\/\/www.spaestonia.ee\/medical\/fi\/#\/schema\/logo\/image\/","url":"https:\/\/www.spaestonia.ee\/medical\/wp-content\/uploads\/2025\/02\/medical.jpg","contentUrl":"https:\/\/www.spaestonia.ee\/medical\/wp-content\/uploads\/2025\/02\/medical.jpg","width":700,"height":450,"caption":"ESTONIA Medical Spa & Hotel"},"image":{"@id":"https:\/\/www.spaestonia.ee\/medical\/fi\/#\/schema\/logo\/image\/"},"sameAs":["https:\/\/www.facebook.com\/EstoniaMedicalSpa"]}]}},"_links":{"self":[{"href":"https:\/\/spaestonia.ee\/medical\/fi\/wp-json\/wp\/v2\/pages\/887","targetHints":{"allow":["GET"]}}],"collection":[{"href":"https:\/\/spaestonia.ee\/medical\/fi\/wp-json\/wp\/v2\/pages"}],"about":[{"href":"https:\/\/spaestonia.ee\/medical\/fi\/wp-json\/wp\/v2\/types\/page"}],"author":[{"embeddable":true,"href":"https:\/\/spaestonia.ee\/medical\/fi\/wp-json\/wp\/v2\/users\/1"}],"replies":[{"embeddable":true,"href":"https:\/\/spaestonia.ee\/medical\/fi\/wp-json\/wp\/v2\/comments?post=887"}],"version-history":[{"count":49,"href":"https:\/\/spaestonia.ee\/medical\/fi\/wp-json\/wp\/v2\/pages\/887\/revisions"}],"predecessor-version":[{"id":23234,"href":"https:\/\/spaestonia.ee\/medical\/fi\/wp-json\/wp\/v2\/pages\/887\/revisions\/23234"}],"up":[{"embeddable":true,"href":"https:\/\/spaestonia.ee\/medical\/fi\/wp-json\/wp\/v2\/pages\/873"}],"wp:attachment":[{"href":"https:\/\/spaestonia.ee\/medical\/fi\/wp-json\/wp\/v2\/media?parent=887"}],"curies":[{"name":"wp","href":"https:\/\/api.w.org\/{rel}","templated":true}]}}