{"id":9705,"date":"2018-10-25T07:59:43","date_gmt":"2018-10-25T04:59:43","guid":{"rendered":"http:\/\/www.spaestonia.ee\/medical\/fi\/?page_id=9705"},"modified":"2021-12-07T14:16:28","modified_gmt":"2021-12-07T12:16:28","slug":"varausehdot","status":"publish","type":"page","link":"https:\/\/spaestonia.ee\/medical\/fi\/varausehdot\/","title":{"rendered":"Varausehdot"},"content":{"rendered":"<h3>YLEISET VARAUSEHDOT<\/h3>\n<ol>\n<li>Varaus<br \/>\n\u2013\u00a0Varausvahvistus sek\u00e4 lasku ja tiedot palveluista ja hinnoista l\u00e4hetet\u00e4\u00e4n varaajan s\u00e4hk\u00f6postiosoitteeseen.<br \/>\n\u2013\u00a0Lis\u00e4vuoteessa voivat majoittua vain 14-vuotiaat ja sit\u00e4 nuoremmat lapset. Lis\u00e4vuoteen saatavuus vahvistetaan erillisell\u00e4 s\u00e4hk\u00f6postilla 24 tunnin kuluessa arkip\u00e4ivin\u00e4.<\/li>\n<li>Ik\u00e4rajoitukset<br \/>\n\u2013 Lasten hinnalla hotellissa y\u00f6pyv\u00e4t 14-vuotiaat ja sit\u00e4 nuoremmat.<br \/>\n\u2013 Alle 18-vuotiaat voivat tulla vain aikuisen kanssa.<\/li>\n<li>Saapuminen ja l\u00e4hteminen<br \/>\n\u2013 Sis\u00e4\u00e4nkirjautuminen alkaen klo 15.00 ja uloskirjautuminen l\u00e4ht\u00f6p\u00e4iv\u00e4n\u00e4 viimeist\u00e4\u00e4n klo 12.00.<br \/>\n\u2013 Aikaisempi saapuminen tai my\u00f6h\u00e4isempi l\u00e4ht\u00f6 on mahdollista vain hotellin kanssa sovittaessa ja voimassa olevan hinnaston mukaisesti.<\/li>\n<li>Ryhm\u00e4varaukset<br \/>\n\u2013 Ryhm\u00e4varaukset ovat varauksia, jotka sis\u00e4lt\u00e4v\u00e4t v\u00e4hint\u00e4\u00e4n 6 huonetta.<br \/>\n\u2013 Luettelo majoittuvista henkil\u00f6ist\u00e4 tulee toimittaa viimeist\u00e4\u00e4n 4 arkip\u00e4iv\u00e4\u00e4 ennen saapumista (asiakkaiden etu- ja sukunimet, huoneluokka, lis\u00e4palvelujen varaukset jne.).<br \/>\n\u2013 Sis\u00e4\u00e4nkirjautumisen yhteydess\u00e4 on esitett\u00e4v\u00e4 luottokortin tiedot, jotta lis\u00e4palvelujen tarjoaminen ryhm\u00e4n yksitt\u00e4isille j\u00e4senille ja maksaminen huoneen laskuun olisi mahdollista.<\/li>\n<\/ol>\n<h3>MAKSUEHDOT<\/h3>\n<ol>\n<li>K\u00e4teisell\u00e4 tai pankkikortilla.<br \/>\nJos varaus maksetaan k\u00e4teisell\u00e4 tai pankkikortilla, varaus on vahvistettava luottokortilla hotellin vastaanotossa sis\u00e4\u00e4nkirjautumisen yhteydess\u00e4.<\/li>\n<li>Luottokortilla maksaminen.<br \/>\nHyv\u00e4ksymme seuraavat luottokortit: Visa, MasterCard ja American Express.<\/li>\n<li>Laskulla maksaminen.<br \/>\nLaskulla maksettaessa pyyd\u00e4mme sopimaan j\u00e4rjestelyist\u00e4 etuk\u00e4teen arkip\u00e4ivisin maanantaista perjantaihin, pois lukien kansalliset vapaap\u00e4iv\u00e4t.<\/li>\n<\/ol>\n<h3>MUUTOSEHDOT KOSKIEN ENINT\u00c4\u00c4N\u00a05 HUONEEN VARAUKSIA<\/h3>\n<ol>\n<li><span class=\"tlid-translation translation\" lang=\"fi\"><span class=\"tlid-translation translation\" lang=\"fi\">HUOM!\u00a0<strong>Maksutta peruutus on teht\u00e4v\u00e4 viimeist\u00e4\u00e4n 48 tuntia ennen vierailua.<\/strong>\u00a0Mik\u00e4li varaus peruutetaan my\u00f6hemmin tai<\/span><\/span>\u00a0j\u00e4t\u00e4t saapumatta, hotellilla on oikeus veloittaa korvauksena yhden vuorokauden hinta veroineen sek\u00e4 muut mahdolliset varaukseen liittyv\u00e4t lis\u00e4palvelut.<\/li>\n<li>Hotelli pit\u00e4\u00e4 huonetta varattuna saapumisp\u00e4iv\u00e4n\u00e4 klo 18.00 saakka. Mik\u00e4li asiakas ei ole peruuttanut varaustaan eik\u00e4 ilmoittanut my\u00f6h\u00e4isemm\u00e4st\u00e4 saapumisesta, hotellilla on oikeus peruuttaa varaus ottamatta yhteytt\u00e4 asiakkaaseen.<\/li>\n<\/ol>\n<h3>MUUTOSEHDOT KOSKIEN\u00a06 JA USEAMMAN HUONEEN VARAUKSIA<\/h3>\n<ol>\n<li>Ryhm\u00e4varausten vahvistettujen huoneiden m\u00e4\u00e4r\u00e4\u00e4 voi muuttaa enint\u00e4\u00e4n 10\u00a0% viimeist\u00e4\u00e4n 4 arkip\u00e4iv\u00e4\u00e4 ennen saapumista.<\/li>\n<li>Jos muutos ylitt\u00e4\u00e4 10\u00a0%, hotellilla on oikeus vaatia korvausta k\u00e4ytt\u00e4m\u00e4tt\u00e4 j\u00e4\u00e4neiden palvelujen hinnasta seuraavasti:<\/li>\n<\/ol>\n<table width=\"718\">\n<tbody>\n<tr>\n<td rowspan=\"2\" width=\"170\">Huoneiden lkm varauksessa<\/td>\n<td rowspan=\"2\" width=\"142\">Peruutus veloituksetta<br \/>\n(p\u00e4iv\u00e4\u00e4 ennen saapumista)<\/td>\n<td colspan=\"3\" width=\"369\">Korvaus my\u00f6hemmin peruutettaessa, % varauksen kokonaishinnasta<\/td>\n<\/tr>\n<tr>\n<td width=\"123\">25% tilauksen kokonaishinnasta<\/td>\n<td width=\"123\">50% tilauksen kokonaishinnasta<\/td>\n<td width=\"123\">100% tilauksen kokonaishinnasta<\/td>\n<\/tr>\n<tr>\n<td width=\"170\">Enint. 5 huonetta<\/td>\n<td width=\"142\">2 p\u00e4iv\u00e4\u00e4<\/td>\n<td width=\"123\"><\/td>\n<td width=\"123\"><\/td>\n<td width=\"123\">0 \u2013 1 p\u00e4iv\u00e4\u00e4<\/td>\n<\/tr>\n<tr>\n<td width=\"170\">6 \u2013 15 huonetta<\/td>\n<td width=\"142\">14 p\u00e4iv\u00e4\u00e4<\/td>\n<td width=\"123\">8 \u2013 13 p\u00e4iv\u00e4\u00e4<\/td>\n<td width=\"123\">4 \u2013 7 p\u00e4iv\u00e4\u00e4<\/td>\n<td width=\"123\">0 \u2013 3 p\u00e4iv\u00e4\u00e4<\/td>\n<\/tr>\n<tr>\n<td width=\"170\">16 \u2013 30 huonetta<\/td>\n<td width=\"142\">28 p\u00e4iv\u00e4\u00e4<\/td>\n<td width=\"123\">15 \u2013 27 p\u00e4iv\u00e4\u00e4<\/td>\n<td width=\"123\">8 \u2013 14 p\u00e4iv\u00e4\u00e4<\/td>\n<td width=\"123\">0 \u2013 7 p\u00e4iv\u00e4\u00e4<\/td>\n<\/tr>\n<tr>\n<td width=\"170\">31 \u2013 50 huonetta<\/td>\n<td width=\"142\">42 p\u00e4iv\u00e4\u00e4<\/td>\n<td width=\"123\">41 \u2013 22 p\u00e4iv\u00e4\u00e4<\/td>\n<td width=\"123\">11 \u2013 21 p\u00e4iv\u00e4\u00e4<\/td>\n<td width=\"123\">0 \u2013 10 p\u00e4iv\u00e4\u00e4<\/td>\n<\/tr>\n<tr>\n<td width=\"170\">51 \u2013 \u2026 huonetta<\/td>\n<td width=\"142\">56 p\u00e4iv\u00e4\u00e4<\/td>\n<td width=\"123\">55 \u2013 24 p\u00e4iv\u00e4\u00e4<\/td>\n<td width=\"123\">15 \u2013 23 p\u00e4iv\u00e4\u00e4<\/td>\n<td width=\"123\">0 \u2013 14 p\u00e4iv\u00e4\u00e4<\/td>\n<\/tr>\n<\/tbody>\n<\/table>\n<p>Hotellilla on oikeus soveltaa tavallista tiukempia varausehtoja sesonkiaikoina\u00a0jolloin kysynt\u00e4 on suurta ja v\u00e4hint\u00e4\u00e4n 70 huoneen suuriin varauksiin ja my\u00f6s ja erikoistarjousten aikana. T\u00e4ll\u00f6in vahvistamme varausehdot erillisell\u00e4 s\u00e4hk\u00f6postilla.<\/p>\n<h3>VARAUKSET ILMAN MAJOITUSTA<\/h3>\n<ol>\n<li>V\u00e4hint\u00e4\u00e4n 10 hengen ryhm\u00e4varauksissa hotellille on toimitettava viimeist\u00e4\u00e4n 14 p\u00e4iv\u00e4\u00e4 ennen saapumista seuraavat tiedot:<br \/>\n\u2013 ruokailujen menuvalinnat ja aikataulut<br \/>\n\u2013 ryhm\u00e4n yhteyshenkil\u00f6, jolla on oikeus lis\u00e4t\u00e4 varaukseen lis\u00e4tilauksia hotellissa oleskelun aikana; nimi ja matkapuhelinnumero.<\/li>\n<li>Erityistoiveet koskien laskutusta, erityisruokavalioita jne. on toimitettava hotelille viimeist\u00e4\u00e4n 4 arkip\u00e4iv\u00e4\u00e4 ennen saapumista.<\/li>\n<li>Vahvistetun varauksen m\u00e4\u00e4r\u00e4\u00e4 voi muuttaa enint\u00e4\u00e4n 10\u00a0% viimeist\u00e4\u00e4n 4 arkip\u00e4iv\u00e4\u00e4 ennen saapumista.<\/li>\n<li>Jos muutos ylitt\u00e4\u00e4 10\u00a0%, hotellilla on oikeus vaatia korvausta k\u00e4ytt\u00e4m\u00e4tt\u00e4 j\u00e4\u00e4neiden palvelujen hinnasta seuraavasti:<\/li>\n<\/ol>\n<table width=\"718\">\n<tbody>\n<tr>\n<td rowspan=\"2\" width=\"170\">Hl\u00f6m\u00e4\u00e4r\u00e4 varauksessa<\/td>\n<td rowspan=\"2\" width=\"142\">Peruutus veloituksetta<br \/>\n(p\u00e4iv\u00e4\u00e4 ennen saapumista)<\/td>\n<td colspan=\"3\" width=\"369\">Korvaus my\u00f6hemmin peruutettaessa, % varauksen kokonaishinnasta<\/td>\n<\/tr>\n<tr>\n<td width=\"123\">25%\u00a0tilauksen kokonaishinnasta<\/td>\n<td width=\"123\">50%\u00a0tilauksen kokonaishinnasta<\/td>\n<td width=\"123\">100%\u00a0tilauksen kokonaishinnasta<\/td>\n<\/tr>\n<tr>\n<td width=\"170\">Enint.\u00a010 hl\u00f6\u00e4<\/td>\n<td width=\"142\">2\u00a0p\u00e4iv\u00e4\u00e4<\/td>\n<td width=\"123\"><\/td>\n<td width=\"123\"><\/td>\n<td width=\"123\">0 \u2013 1\u00a0p\u00e4iv\u00e4\u00e4<\/td>\n<\/tr>\n<tr>\n<td width=\"170\">11 \u2013 30\u00a0hl\u00f6\u00e4<\/td>\n<td width=\"142\">14\u00a0p\u00e4iv\u00e4\u00e4<\/td>\n<td width=\"123\">8 \u2013 13\u00a0p\u00e4iv\u00e4\u00e4<\/td>\n<td width=\"123\">4 \u2013 7\u00a0p\u00e4iv\u00e4\u00e4<\/td>\n<td width=\"123\">0 \u2013 3\u00a0p\u00e4iv\u00e4\u00e4<\/td>\n<\/tr>\n<tr>\n<td width=\"170\">31\u00a0\u2013 60\u00a0hl\u00f6\u00e4<\/td>\n<td width=\"142\">28\u00a0p\u00e4iv\u00e4\u00e4<\/td>\n<td width=\"123\">15 \u2013 27\u00a0p\u00e4iv\u00e4\u00e4<\/td>\n<td width=\"123\">8 \u2013 14\u00a0p\u00e4iv\u00e4\u00e4<\/td>\n<td width=\"123\">0 \u2013 7\u00a0p\u00e4iv\u00e4\u00e4<\/td>\n<\/tr>\n<tr>\n<td width=\"170\">61 \u2013 100 hl\u00f6\u00e4<\/td>\n<td width=\"142\">42\u00a0p\u00e4iv\u00e4\u00e4<\/td>\n<td width=\"123\">41 \u2013 22\u00a0p\u00e4iv\u00e4\u00e4<\/td>\n<td width=\"123\">11 \u2013 21\u00a0p\u00e4iv\u00e4\u00e4<\/td>\n<td width=\"123\">0 \u2013 10\u00a0p\u00e4iv\u00e4\u00e4<\/td>\n<\/tr>\n<tr>\n<td width=\"170\">101 \u2013 \u2026 hl\u00f6\u00e4<\/td>\n<td width=\"142\">56\u00a0p\u00e4iv\u00e4\u00e4<\/td>\n<td width=\"123\">55 \u2013 24\u00a0p\u00e4iv\u00e4\u00e4<\/td>\n<td width=\"123\">15 \u2013 23\u00a0p\u00e4iv\u00e4\u00e4<\/td>\n<td width=\"123\">0 \u2013 14\u00a0p\u00e4iv\u00e4\u00e4<\/td>\n<\/tr>\n<\/tbody>\n<\/table>\n<p>Hotellilla on oikeus soveltaa tavallista tiukempia varausehtoja sesonkiaikoina, jolloin kysynt\u00e4 on suurta ja my\u00f6s erikoistarjousten aikana. T\u00e4ll\u00f6in vahvistamme varausehdot erillisell\u00e4 s\u00e4hk\u00f6postilla.<\/p>\n<h3>TIETOSUOJA<\/h3>\n<p>Kaikkia asiakkaan antamia tietoja s\u00e4ilytet\u00e4\u00e4n ja paljastetaan ainoastaan tietosuojalakien mukaisesti.<\/p>\n","protected":false},"excerpt":{"rendered":"<p>YLEISET VARAUSEHDOT Varaus \u2013\u00a0Varausvahvistus sek\u00e4 lasku ja tiedot palveluista ja hinnoista l\u00e4hetet\u00e4\u00e4n varaajan s\u00e4hk\u00f6postiosoitteeseen. \u2013\u00a0Lis\u00e4vuoteessa&hellip;<\/p>\n","protected":false},"author":1,"featured_media":0,"parent":0,"menu_order":0,"comment_status":"closed","ping_status":"closed","template":"","meta":{"footnotes":""},"class_list":["post-9705","page","type-page","status-publish","hentry"],"yoast_head":"<!-- This site is optimized with the Yoast SEO plugin v26.3 - https:\/\/yoast.com\/wordpress\/plugins\/seo\/ -->\n<title>Varausehdot - ESTONIA Medical Spa &amp; Hotel<\/title>\n<meta name=\"robots\" content=\"index, follow, max-snippet:-1, max-image-preview:large, max-video-preview:-1\" \/>\n<link rel=\"canonical\" href=\"https:\/\/spaestonia.ee\/medical\/fi\/varausehdot\/\" \/>\n<meta property=\"og:locale\" content=\"fi_FI\" \/>\n<meta property=\"og:type\" content=\"article\" \/>\n<meta property=\"og:title\" content=\"Varausehdot - ESTONIA Medical Spa &amp; Hotel\" \/>\n<meta property=\"og:description\" content=\"YLEISET VARAUSEHDOT Varaus \u2013\u00a0Varausvahvistus sek\u00e4 lasku ja tiedot palveluista ja hinnoista l\u00e4hetet\u00e4\u00e4n varaajan s\u00e4hk\u00f6postiosoitteeseen. \u2013\u00a0Lis\u00e4vuoteessa&hellip;\" \/>\n<meta property=\"og:url\" content=\"https:\/\/spaestonia.ee\/medical\/fi\/varausehdot\/\" \/>\n<meta property=\"og:site_name\" content=\"ESTONIA Medical Spa &amp; Hotel\" \/>\n<meta property=\"article:publisher\" content=\"https:\/\/www.facebook.com\/EstoniaMedicalSpa\" \/>\n<meta property=\"article:modified_time\" content=\"2021-12-07T12:16:28+00:00\" \/>\n<meta name=\"twitter:card\" content=\"summary_large_image\" \/>\n<meta name=\"twitter:label1\" content=\"Arvioitu lukuaika\" \/>\n\t<meta name=\"twitter:data1\" content=\"3 minuuttia\" \/>\n<script type=\"application\/ld+json\" class=\"yoast-schema-graph\">{\"@context\":\"https:\/\/schema.org\",\"@graph\":[{\"@type\":\"WebPage\",\"@id\":\"https:\/\/spaestonia.ee\/medical\/fi\/varausehdot\/\",\"url\":\"https:\/\/spaestonia.ee\/medical\/fi\/varausehdot\/\",\"name\":\"Varausehdot - ESTONIA Medical Spa &amp; Hotel\",\"isPartOf\":{\"@id\":\"https:\/\/www.spaestonia.ee\/medical\/fi\/#website\"},\"datePublished\":\"2018-10-25T04:59:43+00:00\",\"dateModified\":\"2021-12-07T12:16:28+00:00\",\"breadcrumb\":{\"@id\":\"https:\/\/spaestonia.ee\/medical\/fi\/varausehdot\/#breadcrumb\"},\"inLanguage\":\"fi\",\"potentialAction\":[{\"@type\":\"ReadAction\",\"target\":[\"https:\/\/spaestonia.ee\/medical\/fi\/varausehdot\/\"]}]},{\"@type\":\"BreadcrumbList\",\"@id\":\"https:\/\/spaestonia.ee\/medical\/fi\/varausehdot\/#breadcrumb\",\"itemListElement\":[{\"@type\":\"ListItem\",\"position\":1,\"name\":\"Home\",\"item\":\"https:\/\/www.spaestonia.ee\/medical\/fi\/\"},{\"@type\":\"ListItem\",\"position\":2,\"name\":\"Varausehdot\"}]},{\"@type\":\"WebSite\",\"@id\":\"https:\/\/www.spaestonia.ee\/medical\/fi\/#website\",\"url\":\"https:\/\/www.spaestonia.ee\/medical\/fi\/\",\"name\":\"ESTONIA Medical Spa & Hotel\",\"description\":\"Ravispaa - Terveyskylpyl\u00e4 - P\u00e4rnu\",\"publisher\":{\"@id\":\"https:\/\/www.spaestonia.ee\/medical\/fi\/#organization\"},\"potentialAction\":[{\"@type\":\"SearchAction\",\"target\":{\"@type\":\"EntryPoint\",\"urlTemplate\":\"https:\/\/www.spaestonia.ee\/medical\/fi\/?s={search_term_string}\"},\"query-input\":{\"@type\":\"PropertyValueSpecification\",\"valueRequired\":true,\"valueName\":\"search_term_string\"}}],\"inLanguage\":\"fi\"},{\"@type\":\"Organization\",\"@id\":\"https:\/\/www.spaestonia.ee\/medical\/fi\/#organization\",\"name\":\"ESTONIA Medical Spa & Hotel\",\"url\":\"https:\/\/www.spaestonia.ee\/medical\/fi\/\",\"logo\":{\"@type\":\"ImageObject\",\"inLanguage\":\"fi\",\"@id\":\"https:\/\/www.spaestonia.ee\/medical\/fi\/#\/schema\/logo\/image\/\",\"url\":\"https:\/\/www.spaestonia.ee\/medical\/wp-content\/uploads\/2025\/02\/medical.jpg\",\"contentUrl\":\"https:\/\/www.spaestonia.ee\/medical\/wp-content\/uploads\/2025\/02\/medical.jpg\",\"width\":700,\"height\":450,\"caption\":\"ESTONIA Medical Spa & Hotel\"},\"image\":{\"@id\":\"https:\/\/www.spaestonia.ee\/medical\/fi\/#\/schema\/logo\/image\/\"},\"sameAs\":[\"https:\/\/www.facebook.com\/EstoniaMedicalSpa\"]}]}<\/script>\n<!-- \/ Yoast SEO plugin. -->","yoast_head_json":{"title":"Varausehdot - ESTONIA Medical Spa &amp; Hotel","robots":{"index":"index","follow":"follow","max-snippet":"max-snippet:-1","max-image-preview":"max-image-preview:large","max-video-preview":"max-video-preview:-1"},"canonical":"https:\/\/spaestonia.ee\/medical\/fi\/varausehdot\/","og_locale":"fi_FI","og_type":"article","og_title":"Varausehdot - ESTONIA Medical Spa &amp; Hotel","og_description":"YLEISET VARAUSEHDOT Varaus \u2013\u00a0Varausvahvistus sek\u00e4 lasku ja tiedot palveluista ja hinnoista l\u00e4hetet\u00e4\u00e4n varaajan s\u00e4hk\u00f6postiosoitteeseen. \u2013\u00a0Lis\u00e4vuoteessa&hellip;","og_url":"https:\/\/spaestonia.ee\/medical\/fi\/varausehdot\/","og_site_name":"ESTONIA Medical Spa &amp; Hotel","article_publisher":"https:\/\/www.facebook.com\/EstoniaMedicalSpa","article_modified_time":"2021-12-07T12:16:28+00:00","twitter_card":"summary_large_image","twitter_misc":{"Arvioitu lukuaika":"3 minuuttia"},"schema":{"@context":"https:\/\/schema.org","@graph":[{"@type":"WebPage","@id":"https:\/\/spaestonia.ee\/medical\/fi\/varausehdot\/","url":"https:\/\/spaestonia.ee\/medical\/fi\/varausehdot\/","name":"Varausehdot - ESTONIA Medical Spa &amp; Hotel","isPartOf":{"@id":"https:\/\/www.spaestonia.ee\/medical\/fi\/#website"},"datePublished":"2018-10-25T04:59:43+00:00","dateModified":"2021-12-07T12:16:28+00:00","breadcrumb":{"@id":"https:\/\/spaestonia.ee\/medical\/fi\/varausehdot\/#breadcrumb"},"inLanguage":"fi","potentialAction":[{"@type":"ReadAction","target":["https:\/\/spaestonia.ee\/medical\/fi\/varausehdot\/"]}]},{"@type":"BreadcrumbList","@id":"https:\/\/spaestonia.ee\/medical\/fi\/varausehdot\/#breadcrumb","itemListElement":[{"@type":"ListItem","position":1,"name":"Home","item":"https:\/\/www.spaestonia.ee\/medical\/fi\/"},{"@type":"ListItem","position":2,"name":"Varausehdot"}]},{"@type":"WebSite","@id":"https:\/\/www.spaestonia.ee\/medical\/fi\/#website","url":"https:\/\/www.spaestonia.ee\/medical\/fi\/","name":"ESTONIA Medical Spa & Hotel","description":"Ravispaa - Terveyskylpyl\u00e4 - P\u00e4rnu","publisher":{"@id":"https:\/\/www.spaestonia.ee\/medical\/fi\/#organization"},"potentialAction":[{"@type":"SearchAction","target":{"@type":"EntryPoint","urlTemplate":"https:\/\/www.spaestonia.ee\/medical\/fi\/?s={search_term_string}"},"query-input":{"@type":"PropertyValueSpecification","valueRequired":true,"valueName":"search_term_string"}}],"inLanguage":"fi"},{"@type":"Organization","@id":"https:\/\/www.spaestonia.ee\/medical\/fi\/#organization","name":"ESTONIA Medical Spa & Hotel","url":"https:\/\/www.spaestonia.ee\/medical\/fi\/","logo":{"@type":"ImageObject","inLanguage":"fi","@id":"https:\/\/www.spaestonia.ee\/medical\/fi\/#\/schema\/logo\/image\/","url":"https:\/\/www.spaestonia.ee\/medical\/wp-content\/uploads\/2025\/02\/medical.jpg","contentUrl":"https:\/\/www.spaestonia.ee\/medical\/wp-content\/uploads\/2025\/02\/medical.jpg","width":700,"height":450,"caption":"ESTONIA Medical Spa & Hotel"},"image":{"@id":"https:\/\/www.spaestonia.ee\/medical\/fi\/#\/schema\/logo\/image\/"},"sameAs":["https:\/\/www.facebook.com\/EstoniaMedicalSpa"]}]}},"_links":{"self":[{"href":"https:\/\/spaestonia.ee\/medical\/fi\/wp-json\/wp\/v2\/pages\/9705","targetHints":{"allow":["GET"]}}],"collection":[{"href":"https:\/\/spaestonia.ee\/medical\/fi\/wp-json\/wp\/v2\/pages"}],"about":[{"href":"https:\/\/spaestonia.ee\/medical\/fi\/wp-json\/wp\/v2\/types\/page"}],"author":[{"embeddable":true,"href":"https:\/\/spaestonia.ee\/medical\/fi\/wp-json\/wp\/v2\/users\/1"}],"replies":[{"embeddable":true,"href":"https:\/\/spaestonia.ee\/medical\/fi\/wp-json\/wp\/v2\/comments?post=9705"}],"version-history":[{"count":12,"href":"https:\/\/spaestonia.ee\/medical\/fi\/wp-json\/wp\/v2\/pages\/9705\/revisions"}],"predecessor-version":[{"id":15463,"href":"https:\/\/spaestonia.ee\/medical\/fi\/wp-json\/wp\/v2\/pages\/9705\/revisions\/15463"}],"wp:attachment":[{"href":"https:\/\/spaestonia.ee\/medical\/fi\/wp-json\/wp\/v2\/media?parent=9705"}],"curies":[{"name":"wp","href":"https:\/\/api.w.org\/{rel}","templated":true}]}}