{"id":1352,"date":"2015-01-30T08:53:28","date_gmt":"2015-01-30T06:53:28","guid":{"rendered":"https:\/\/www.spaestonia.ee\/medical\/?page_id=1352"},"modified":"2023-07-13T08:33:51","modified_gmt":"2023-07-13T05:33:51","slug":"ootame-sind-oma-meeskonda","status":"publish","type":"page","link":"https:\/\/spaestonia.ee\/medical\/meist\/ootame-sind-oma-meeskonda\/","title":{"rendered":"Ootame Sind oma meeskonda"},"content":{"rendered":"<p>Liitudes Estonia Spa Hotels&#8217;i meeskonnaga on Sul v\u00f5imalus muuta maailma! Soe naeratus, s\u00f5bralik teenindus ja head m\u00e4lestused \u2013 see on meie maailm, mida pakume oma v\u00e4ga oodatud klientidele.<\/p>\n<p><strong>Hetkel aktiivsed t\u00f6\u00f6pakkumised leiad\u00a0<a href=\"https:\/\/www.cvkeskus.ee\/firmaotsing.php?firm_id=10438\" target=\"_blank\" rel=\"noopener\">CV KESKUSE\u00a0kaudu SIIT<\/a>!<\/strong><\/p>\n<p>Saada julgelt oma andmed (CV) <a href=\"mailto:personal@spaestonia.ee\">personal@spaestonia.ee<\/a>, ka juhul kui meil hetkel Sinu jaoks sobivat aktiivset t\u00f6\u00f6pakkumist ei ole. V\u00f5tame Sinuga \u00fchendust, kui sobiv ametikoht vabaneb.<\/p>\n<p><img loading=\"lazy\" decoding=\"async\" class=\"alignnone wp-image-17010 size-full\" src=\"http:\/\/www.spaestonia.ee\/medical\/wp-content\/uploads\/2022\/08\/Medicali-FB-kaanefoto.png\" alt=\"\" width=\"940\" height=\"352\" srcset=\"https:\/\/spaestonia.ee\/medical\/wp-content\/uploads\/2022\/08\/Medicali-FB-kaanefoto.png 940w, https:\/\/spaestonia.ee\/medical\/wp-content\/uploads\/2022\/08\/Medicali-FB-kaanefoto-300x112.png 300w, https:\/\/spaestonia.ee\/medical\/wp-content\/uploads\/2022\/08\/Medicali-FB-kaanefoto-768x288.png 768w\" sizes=\"auto, (max-width: 940px) 100vw, 940px\" \/><\/p>\n<p><strong>Meie ettev\u00f5te on liitunud \u201cMaksud makstud!\u201d eeskujum\u00e4rgisega<\/strong><\/p>\n<p>\u201cMaksud makstud!\u201d on ausa maksuk\u00e4itumise eeskujum\u00e4rgis. M\u00e4rgise eesm\u00e4rk on suurendada k\u00fclastajate usaldust turismiteenuste pakkujate vastu. M\u00e4rgise kuvamisega kinnitame, et meie ettev\u00f5te on aus maksumaksja ja k\u00f5ik Eesti Vabariigis kehtestatud maksud (sh k\u00e4ibemaks ja t\u00f6\u00f6j\u00f5umaksud) on meie ettev\u00f5ttes korrektselt makstud. Rohkem infot <a href=\"http:\/\/www.makstud.ee\/\">SIIN<\/a>.<\/p>\n<p><img loading=\"lazy\" decoding=\"async\" class=\" wp-image-18977 alignleft\" src=\"http:\/\/www.spaestonia.ee\/medical\/wp-content\/uploads\/2023\/07\/DP_maksudmakstud_pin_1080x1080px-1-002-300x300.png\" alt=\"\" width=\"302\" height=\"302\" srcset=\"https:\/\/spaestonia.ee\/medical\/wp-content\/uploads\/2023\/07\/DP_maksudmakstud_pin_1080x1080px-1-002-300x300.png 300w, https:\/\/spaestonia.ee\/medical\/wp-content\/uploads\/2023\/07\/DP_maksudmakstud_pin_1080x1080px-1-002-1024x1024.png 1024w, https:\/\/spaestonia.ee\/medical\/wp-content\/uploads\/2023\/07\/DP_maksudmakstud_pin_1080x1080px-1-002-768x768.png 768w, https:\/\/spaestonia.ee\/medical\/wp-content\/uploads\/2023\/07\/DP_maksudmakstud_pin_1080x1080px-1-002-181x181.png 181w, https:\/\/spaestonia.ee\/medical\/wp-content\/uploads\/2023\/07\/DP_maksudmakstud_pin_1080x1080px-1-002.png 1080w\" sizes=\"auto, (max-width: 302px) 100vw, 302px\" \/><\/p>\n","protected":false},"excerpt":{"rendered":"<p>Liitudes Estonia Spa Hotels&#8217;i meeskonnaga on Sul v\u00f5imalus muuta maailma! Soe naeratus, s\u00f5bralik teenindus ja&hellip;<\/p>\n","protected":false},"author":1,"featured_media":0,"parent":59,"menu_order":0,"comment_status":"closed","ping_status":"open","template":"","meta":{"footnotes":""},"class_list":["post-1352","page","type-page","status-publish","hentry"],"yoast_head":"<!-- This site is optimized with the Yoast SEO plugin v26.3 - https:\/\/yoast.com\/wordpress\/plugins\/seo\/ -->\n<title>Ootame Sind oma meeskonda - ESTONIA Medical Spa &amp; Hotel<\/title>\n<meta name=\"robots\" content=\"index, follow, max-snippet:-1, max-image-preview:large, max-video-preview:-1\" \/>\n<link rel=\"canonical\" href=\"https:\/\/spaestonia.ee\/medical\/meist\/ootame-sind-oma-meeskonda\/\" \/>\n<meta property=\"og:locale\" content=\"et_EE\" \/>\n<meta property=\"og:type\" content=\"article\" \/>\n<meta property=\"og:title\" content=\"Ootame Sind oma meeskonda - ESTONIA Medical Spa &amp; Hotel\" \/>\n<meta property=\"og:description\" content=\"Liitudes Estonia Spa Hotels&#8217;i meeskonnaga on Sul v\u00f5imalus muuta maailma! Soe naeratus, s\u00f5bralik teenindus ja&hellip;\" \/>\n<meta property=\"og:url\" content=\"https:\/\/spaestonia.ee\/medical\/meist\/ootame-sind-oma-meeskonda\/\" \/>\n<meta property=\"og:site_name\" content=\"ESTONIA Medical Spa &amp; Hotel\" \/>\n<meta property=\"article:publisher\" content=\"https:\/\/www.facebook.com\/EstoniaMedicalSpa\" \/>\n<meta property=\"article:modified_time\" content=\"2023-07-13T05:33:51+00:00\" \/>\n<meta property=\"og:image\" content=\"http:\/\/www.spaestonia.ee\/medical\/wp-content\/uploads\/2022\/08\/Medicali-FB-kaanefoto.png\" \/>\n<meta name=\"twitter:card\" content=\"summary_large_image\" \/>\n<meta name=\"twitter:label1\" content=\"Est. reading time\" \/>\n\t<meta name=\"twitter:data1\" content=\"1 minut\" \/>\n<script type=\"application\/ld+json\" class=\"yoast-schema-graph\">{\"@context\":\"https:\/\/schema.org\",\"@graph\":[{\"@type\":\"WebPage\",\"@id\":\"https:\/\/spaestonia.ee\/medical\/meist\/ootame-sind-oma-meeskonda\/\",\"url\":\"https:\/\/spaestonia.ee\/medical\/meist\/ootame-sind-oma-meeskonda\/\",\"name\":\"Ootame Sind oma meeskonda - ESTONIA Medical Spa &amp; Hotel\",\"isPartOf\":{\"@id\":\"https:\/\/www.spaestonia.ee\/medical\/#website\"},\"primaryImageOfPage\":{\"@id\":\"https:\/\/spaestonia.ee\/medical\/meist\/ootame-sind-oma-meeskonda\/#primaryimage\"},\"image\":{\"@id\":\"https:\/\/spaestonia.ee\/medical\/meist\/ootame-sind-oma-meeskonda\/#primaryimage\"},\"thumbnailUrl\":\"http:\/\/www.spaestonia.ee\/medical\/wp-content\/uploads\/2022\/08\/Medicali-FB-kaanefoto.png\",\"datePublished\":\"2015-01-30T06:53:28+00:00\",\"dateModified\":\"2023-07-13T05:33:51+00:00\",\"breadcrumb\":{\"@id\":\"https:\/\/spaestonia.ee\/medical\/meist\/ootame-sind-oma-meeskonda\/#breadcrumb\"},\"inLanguage\":\"et\",\"potentialAction\":[{\"@type\":\"ReadAction\",\"target\":[\"https:\/\/spaestonia.ee\/medical\/meist\/ootame-sind-oma-meeskonda\/\"]}]},{\"@type\":\"ImageObject\",\"inLanguage\":\"et\",\"@id\":\"https:\/\/spaestonia.ee\/medical\/meist\/ootame-sind-oma-meeskonda\/#primaryimage\",\"url\":\"http:\/\/www.spaestonia.ee\/medical\/wp-content\/uploads\/2022\/08\/Medicali-FB-kaanefoto.png\",\"contentUrl\":\"http:\/\/www.spaestonia.ee\/medical\/wp-content\/uploads\/2022\/08\/Medicali-FB-kaanefoto.png\"},{\"@type\":\"BreadcrumbList\",\"@id\":\"https:\/\/spaestonia.ee\/medical\/meist\/ootame-sind-oma-meeskonda\/#breadcrumb\",\"itemListElement\":[{\"@type\":\"ListItem\",\"position\":1,\"name\":\"Home\",\"item\":\"https:\/\/www.spaestonia.ee\/medical\/\"},{\"@type\":\"ListItem\",\"position\":2,\"name\":\"ESTONIA Medical Spa &#038; Hotel\",\"item\":\"https:\/\/www.spaestonia.ee\/medical\/meist\/\"},{\"@type\":\"ListItem\",\"position\":3,\"name\":\"Ootame Sind oma meeskonda\"}]},{\"@type\":\"WebSite\",\"@id\":\"https:\/\/www.spaestonia.ee\/medical\/#website\",\"url\":\"https:\/\/www.spaestonia.ee\/medical\/\",\"name\":\"ESTONIA Medical Spa & Hotel\",\"description\":\"Ravispaa - Terveyskylpyl\u00e4 - P\u00e4rnu\",\"publisher\":{\"@id\":\"https:\/\/www.spaestonia.ee\/medical\/#organization\"},\"potentialAction\":[{\"@type\":\"SearchAction\",\"target\":{\"@type\":\"EntryPoint\",\"urlTemplate\":\"https:\/\/www.spaestonia.ee\/medical\/?s={search_term_string}\"},\"query-input\":{\"@type\":\"PropertyValueSpecification\",\"valueRequired\":true,\"valueName\":\"search_term_string\"}}],\"inLanguage\":\"et\"},{\"@type\":\"Organization\",\"@id\":\"https:\/\/www.spaestonia.ee\/medical\/#organization\",\"name\":\"ESTONIA Medical Spa & Hotel\",\"url\":\"https:\/\/www.spaestonia.ee\/medical\/\",\"logo\":{\"@type\":\"ImageObject\",\"inLanguage\":\"et\",\"@id\":\"https:\/\/www.spaestonia.ee\/medical\/#\/schema\/logo\/image\/\",\"url\":\"https:\/\/www.spaestonia.ee\/medical\/wp-content\/uploads\/2025\/02\/medical.jpg\",\"contentUrl\":\"https:\/\/www.spaestonia.ee\/medical\/wp-content\/uploads\/2025\/02\/medical.jpg\",\"width\":700,\"height\":450,\"caption\":\"ESTONIA Medical Spa & Hotel\"},\"image\":{\"@id\":\"https:\/\/www.spaestonia.ee\/medical\/#\/schema\/logo\/image\/\"},\"sameAs\":[\"https:\/\/www.facebook.com\/EstoniaMedicalSpa\"]}]}<\/script>\n<!-- \/ Yoast SEO plugin. -->","yoast_head_json":{"title":"Ootame Sind oma meeskonda - ESTONIA Medical Spa &amp; Hotel","robots":{"index":"index","follow":"follow","max-snippet":"max-snippet:-1","max-image-preview":"max-image-preview:large","max-video-preview":"max-video-preview:-1"},"canonical":"https:\/\/spaestonia.ee\/medical\/meist\/ootame-sind-oma-meeskonda\/","og_locale":"et_EE","og_type":"article","og_title":"Ootame Sind oma meeskonda - ESTONIA Medical Spa &amp; Hotel","og_description":"Liitudes Estonia Spa Hotels&#8217;i meeskonnaga on Sul v\u00f5imalus muuta maailma! Soe naeratus, s\u00f5bralik teenindus ja&hellip;","og_url":"https:\/\/spaestonia.ee\/medical\/meist\/ootame-sind-oma-meeskonda\/","og_site_name":"ESTONIA Medical Spa &amp; Hotel","article_publisher":"https:\/\/www.facebook.com\/EstoniaMedicalSpa","article_modified_time":"2023-07-13T05:33:51+00:00","og_image":[{"url":"http:\/\/www.spaestonia.ee\/medical\/wp-content\/uploads\/2022\/08\/Medicali-FB-kaanefoto.png","type":"","width":"","height":""}],"twitter_card":"summary_large_image","twitter_misc":{"Est. reading time":"1 minut"},"schema":{"@context":"https:\/\/schema.org","@graph":[{"@type":"WebPage","@id":"https:\/\/spaestonia.ee\/medical\/meist\/ootame-sind-oma-meeskonda\/","url":"https:\/\/spaestonia.ee\/medical\/meist\/ootame-sind-oma-meeskonda\/","name":"Ootame Sind oma meeskonda - ESTONIA Medical Spa &amp; Hotel","isPartOf":{"@id":"https:\/\/www.spaestonia.ee\/medical\/#website"},"primaryImageOfPage":{"@id":"https:\/\/spaestonia.ee\/medical\/meist\/ootame-sind-oma-meeskonda\/#primaryimage"},"image":{"@id":"https:\/\/spaestonia.ee\/medical\/meist\/ootame-sind-oma-meeskonda\/#primaryimage"},"thumbnailUrl":"http:\/\/www.spaestonia.ee\/medical\/wp-content\/uploads\/2022\/08\/Medicali-FB-kaanefoto.png","datePublished":"2015-01-30T06:53:28+00:00","dateModified":"2023-07-13T05:33:51+00:00","breadcrumb":{"@id":"https:\/\/spaestonia.ee\/medical\/meist\/ootame-sind-oma-meeskonda\/#breadcrumb"},"inLanguage":"et","potentialAction":[{"@type":"ReadAction","target":["https:\/\/spaestonia.ee\/medical\/meist\/ootame-sind-oma-meeskonda\/"]}]},{"@type":"ImageObject","inLanguage":"et","@id":"https:\/\/spaestonia.ee\/medical\/meist\/ootame-sind-oma-meeskonda\/#primaryimage","url":"http:\/\/www.spaestonia.ee\/medical\/wp-content\/uploads\/2022\/08\/Medicali-FB-kaanefoto.png","contentUrl":"http:\/\/www.spaestonia.ee\/medical\/wp-content\/uploads\/2022\/08\/Medicali-FB-kaanefoto.png"},{"@type":"BreadcrumbList","@id":"https:\/\/spaestonia.ee\/medical\/meist\/ootame-sind-oma-meeskonda\/#breadcrumb","itemListElement":[{"@type":"ListItem","position":1,"name":"Home","item":"https:\/\/www.spaestonia.ee\/medical\/"},{"@type":"ListItem","position":2,"name":"ESTONIA Medical Spa &#038; Hotel","item":"https:\/\/www.spaestonia.ee\/medical\/meist\/"},{"@type":"ListItem","position":3,"name":"Ootame Sind oma meeskonda"}]},{"@type":"WebSite","@id":"https:\/\/www.spaestonia.ee\/medical\/#website","url":"https:\/\/www.spaestonia.ee\/medical\/","name":"ESTONIA Medical Spa & Hotel","description":"Ravispaa - Terveyskylpyl\u00e4 - P\u00e4rnu","publisher":{"@id":"https:\/\/www.spaestonia.ee\/medical\/#organization"},"potentialAction":[{"@type":"SearchAction","target":{"@type":"EntryPoint","urlTemplate":"https:\/\/www.spaestonia.ee\/medical\/?s={search_term_string}"},"query-input":{"@type":"PropertyValueSpecification","valueRequired":true,"valueName":"search_term_string"}}],"inLanguage":"et"},{"@type":"Organization","@id":"https:\/\/www.spaestonia.ee\/medical\/#organization","name":"ESTONIA Medical Spa & Hotel","url":"https:\/\/www.spaestonia.ee\/medical\/","logo":{"@type":"ImageObject","inLanguage":"et","@id":"https:\/\/www.spaestonia.ee\/medical\/#\/schema\/logo\/image\/","url":"https:\/\/www.spaestonia.ee\/medical\/wp-content\/uploads\/2025\/02\/medical.jpg","contentUrl":"https:\/\/www.spaestonia.ee\/medical\/wp-content\/uploads\/2025\/02\/medical.jpg","width":700,"height":450,"caption":"ESTONIA Medical Spa & Hotel"},"image":{"@id":"https:\/\/www.spaestonia.ee\/medical\/#\/schema\/logo\/image\/"},"sameAs":["https:\/\/www.facebook.com\/EstoniaMedicalSpa"]}]}},"_links":{"self":[{"href":"https:\/\/spaestonia.ee\/medical\/wp-json\/wp\/v2\/pages\/1352","targetHints":{"allow":["GET"]}}],"collection":[{"href":"https:\/\/spaestonia.ee\/medical\/wp-json\/wp\/v2\/pages"}],"about":[{"href":"https:\/\/spaestonia.ee\/medical\/wp-json\/wp\/v2\/types\/page"}],"author":[{"embeddable":true,"href":"https:\/\/spaestonia.ee\/medical\/wp-json\/wp\/v2\/users\/1"}],"replies":[{"embeddable":true,"href":"https:\/\/spaestonia.ee\/medical\/wp-json\/wp\/v2\/comments?post=1352"}],"version-history":[{"count":65,"href":"https:\/\/spaestonia.ee\/medical\/wp-json\/wp\/v2\/pages\/1352\/revisions"}],"predecessor-version":[{"id":18987,"href":"https:\/\/spaestonia.ee\/medical\/wp-json\/wp\/v2\/pages\/1352\/revisions\/18987"}],"up":[{"embeddable":true,"href":"https:\/\/spaestonia.ee\/medical\/wp-json\/wp\/v2\/pages\/59"}],"wp:attachment":[{"href":"https:\/\/spaestonia.ee\/medical\/wp-json\/wp\/v2\/media?parent=1352"}],"curies":[{"name":"wp","href":"https:\/\/api.w.org\/{rel}","templated":true}]}}