{"id":170,"date":"2014-11-21T13:00:03","date_gmt":"2014-11-21T11:00:03","guid":{"rendered":"http:\/\/www.spaestonia.ee\/?page_id=170"},"modified":"2026-03-16T11:40:44","modified_gmt":"2026-03-16T09:40:44","slug":"ilusalong","status":"publish","type":"page","link":"https:\/\/spaestonia.ee\/medical\/ilusalong\/","title":{"rendered":"Ilusalong"},"content":{"rendered":"<p>ESTONIA Medical Spa ilusalong asub <strong>A-osa 1. korrusel<\/strong>. Meie iluteeninduse asjatundlikud teenindajad p\u00fc\u00fcavad arvestada Sinu soovidega ja annavad n\u00f5u parimate hoolitsuste osas k\u00f5igi vanusegruppide jaoks.<\/p>\n<ul>\n<li><a href=\"https:\/\/www.spaestonia.ee\/medical\/hotell\/ilusalong\/naohoolitsused\/\">N\u00e4ohoolitsused<\/a><img loading=\"lazy\" decoding=\"async\" class=\"wp-image-11868 alignright\" src=\"http:\/\/www.spaestonia.ee\/medical\/wp-content\/uploads\/2020\/05\/slider_ilusalong.jpg\" alt=\"\" width=\"457\" height=\"190\" srcset=\"https:\/\/spaestonia.ee\/medical\/wp-content\/uploads\/2020\/05\/slider_ilusalong.jpg 1201w, https:\/\/spaestonia.ee\/medical\/wp-content\/uploads\/2020\/05\/slider_ilusalong-300x125.jpg 300w, https:\/\/spaestonia.ee\/medical\/wp-content\/uploads\/2020\/05\/slider_ilusalong-768x320.jpg 768w, https:\/\/spaestonia.ee\/medical\/wp-content\/uploads\/2020\/05\/slider_ilusalong-1024x426.jpg 1024w, https:\/\/spaestonia.ee\/medical\/wp-content\/uploads\/2020\/05\/slider_ilusalong-1200x500.jpg 1200w\" sizes=\"auto, (max-width: 457px) 100vw, 457px\" \/><\/li>\n<li><a title=\"Kehahoolitsused\" href=\"https:\/\/www.spaestonia.ee\/medical\/hotell\/ilusalong\/kehahoolitsused\/\">Kehahoolitsused<\/a><\/li>\n<li><a title=\"Massaa\u017eid\" href=\"https:\/\/www.spaestonia.ee\/medical\/ravispaa-ja-ilusalong\/ilusalong\/massaazid\/\">Massaa\u017eid<\/a><\/li>\n<li><a title=\"Hoolitsused k\u00e4tele ja jalgadele\" href=\"https:\/\/www.spaestonia.ee\/medical\/hotell\/ilusalong\/hoolitsused-katele-ja-jalgadele\/\">K\u00e4te ja jalgade hoolitsused<\/a><\/li>\n<li><a title=\"Depilatsioon\" href=\"https:\/\/www.spaestonia.ee\/medical\/hotell\/ilusalong\/depilatsioon\/\">Depilatsioon<\/a><\/li>\n<li><a href=\"https:\/\/www.spaestonia.ee\/medical\/hotell\/ilusalong\/hoolitsused-lastele\/\">Hoolitsused lastele<\/a><\/li>\n<li><a href=\"https:\/\/www.spaestonia.ee\/medical\/hotell\/ilusalong\/juuksur\/\">Juuksuriteenused<\/a><\/li>\n<li><a href=\"https:\/\/www.spaestonia.ee\/medical\/termid\/tai-massaaz-termides\/\">Tailannade massaa\u017e<\/a><\/li>\n<\/ul>\n<p>\u00bb Enne t\u00e4htsat \u00fcritust v\u00f5i lihtsalt hetkel, kui vajad uut s\u00e4ra ja enesekindlust soovitame <strong><a href=\"https:\/\/www.spaestonia.ee\/medical\/iluteenused\/iluteenuste-paevaspaa\/\">ILU p\u00e4evaspaa<\/a>\u00a0\u00bb<\/strong><\/p>\n<p><strong>Ilusalong on avatud <\/strong>(juuksur, manik\u00fc\u00fcr, pedik\u00fc\u00fcr, kosmeetik):<br \/>\nE\u2013R 9.00-17.00<\/p>\n<p>Kehahooldus ja massaa\u017e:<br \/>\nE\u2013R 9.00-17.00<br \/>\nL 11-19<br \/>\nP 11-13<\/p>\n<p><strong>Lisainfo ja broneerimine<\/strong>:<br \/>\n<strong>Ilusalong: <\/strong><a title=\"ilusalong@spaestonia.ee\" href=\"mailto:ilusalong@spaestonia.ee\">ilusalong@spaestonia.ee,<\/a> 440 1015<br \/>\n<strong>Hotelli vastuv\u00f5tt<\/strong>: 447 6915<\/p>\n<hr \/>\n<p><strong>Parkimine hotelli parklas on 1.05-31.08 tasuline, muul ajal tasuta. <\/strong>Lisainfo\u00a0<a href=\"https:\/\/www.spaestonia.ee\/medical\/asukoht\/\">SIIN<\/a>.<\/p>\n","protected":false},"excerpt":{"rendered":"<p>ESTONIA Medical Spa ilusalong asub A-osa 1. korrusel. Meie iluteeninduse asjatundlikud teenindajad p\u00fc\u00fcavad arvestada Sinu&hellip;<\/p>\n","protected":false},"author":1,"featured_media":0,"parent":0,"menu_order":0,"comment_status":"closed","ping_status":"open","template":"","meta":{"footnotes":""},"class_list":["post-170","page","type-page","status-publish","hentry"],"yoast_head":"<!-- This site is optimized with the Yoast SEO plugin v26.3 - https:\/\/yoast.com\/wordpress\/plugins\/seo\/ -->\n<title>Ilusalong - ESTONIA Medical Spa &amp; Hotel<\/title>\n<meta name=\"description\" content=\"ESTONIA Medical Spa ilusalongi teenuste valik on rikkalik: keha-, n\u00e4o-, k\u00e4te- ja jalgade hoolitsused, massaa\u017eid, juuksur, Tai massaa\u017e jm\" \/>\n<meta name=\"robots\" content=\"index, follow, max-snippet:-1, max-image-preview:large, max-video-preview:-1\" \/>\n<link rel=\"canonical\" href=\"https:\/\/spaestonia.ee\/medical\/ilusalong\/\" \/>\n<meta property=\"og:locale\" content=\"et_EE\" \/>\n<meta property=\"og:type\" content=\"article\" \/>\n<meta property=\"og:title\" content=\"Ilusalong - ESTONIA Medical Spa &amp; Hotel\" \/>\n<meta property=\"og:description\" content=\"ESTONIA Medical Spa ilusalongi teenuste valik on rikkalik: keha-, n\u00e4o-, k\u00e4te- ja jalgade hoolitsused, massaa\u017eid, juuksur, Tai massaa\u017e jm\" \/>\n<meta property=\"og:url\" content=\"https:\/\/spaestonia.ee\/medical\/ilusalong\/\" \/>\n<meta property=\"og:site_name\" content=\"ESTONIA Medical Spa &amp; Hotel\" \/>\n<meta property=\"article:publisher\" content=\"https:\/\/www.facebook.com\/EstoniaMedicalSpa\" \/>\n<meta property=\"article:modified_time\" content=\"2026-03-16T09:40:44+00:00\" \/>\n<meta property=\"og:image\" content=\"http:\/\/www.spaestonia.ee\/medical\/wp-content\/uploads\/2020\/05\/slider_ilusalong.jpg\" \/>\n<meta name=\"twitter:card\" content=\"summary_large_image\" \/>\n<meta name=\"twitter:label1\" content=\"Est. reading time\" \/>\n\t<meta name=\"twitter:data1\" content=\"1 minut\" \/>\n<script type=\"application\/ld+json\" class=\"yoast-schema-graph\">{\"@context\":\"https:\/\/schema.org\",\"@graph\":[{\"@type\":\"WebPage\",\"@id\":\"https:\/\/spaestonia.ee\/medical\/ilusalong\/\",\"url\":\"https:\/\/spaestonia.ee\/medical\/ilusalong\/\",\"name\":\"Ilusalong - ESTONIA Medical Spa &amp; Hotel\",\"isPartOf\":{\"@id\":\"https:\/\/www.spaestonia.ee\/medical\/#website\"},\"primaryImageOfPage\":{\"@id\":\"https:\/\/spaestonia.ee\/medical\/ilusalong\/#primaryimage\"},\"image\":{\"@id\":\"https:\/\/spaestonia.ee\/medical\/ilusalong\/#primaryimage\"},\"thumbnailUrl\":\"http:\/\/www.spaestonia.ee\/medical\/wp-content\/uploads\/2020\/05\/slider_ilusalong.jpg\",\"datePublished\":\"2014-11-21T11:00:03+00:00\",\"dateModified\":\"2026-03-16T09:40:44+00:00\",\"description\":\"ESTONIA Medical Spa ilusalongi teenuste valik on rikkalik: keha-, n\u00e4o-, k\u00e4te- ja jalgade hoolitsused, massaa\u017eid, juuksur, Tai massaa\u017e jm\",\"breadcrumb\":{\"@id\":\"https:\/\/spaestonia.ee\/medical\/ilusalong\/#breadcrumb\"},\"inLanguage\":\"et\",\"potentialAction\":[{\"@type\":\"ReadAction\",\"target\":[\"https:\/\/spaestonia.ee\/medical\/ilusalong\/\"]}]},{\"@type\":\"ImageObject\",\"inLanguage\":\"et\",\"@id\":\"https:\/\/spaestonia.ee\/medical\/ilusalong\/#primaryimage\",\"url\":\"http:\/\/www.spaestonia.ee\/medical\/wp-content\/uploads\/2020\/05\/slider_ilusalong.jpg\",\"contentUrl\":\"http:\/\/www.spaestonia.ee\/medical\/wp-content\/uploads\/2020\/05\/slider_ilusalong.jpg\"},{\"@type\":\"BreadcrumbList\",\"@id\":\"https:\/\/spaestonia.ee\/medical\/ilusalong\/#breadcrumb\",\"itemListElement\":[{\"@type\":\"ListItem\",\"position\":1,\"name\":\"Home\",\"item\":\"https:\/\/www.spaestonia.ee\/medical\/\"},{\"@type\":\"ListItem\",\"position\":2,\"name\":\"Ilusalong\"}]},{\"@type\":\"WebSite\",\"@id\":\"https:\/\/www.spaestonia.ee\/medical\/#website\",\"url\":\"https:\/\/www.spaestonia.ee\/medical\/\",\"name\":\"ESTONIA Medical Spa & Hotel\",\"description\":\"Ravispaa - Terveyskylpyl\u00e4 - P\u00e4rnu\",\"publisher\":{\"@id\":\"https:\/\/www.spaestonia.ee\/medical\/#organization\"},\"potentialAction\":[{\"@type\":\"SearchAction\",\"target\":{\"@type\":\"EntryPoint\",\"urlTemplate\":\"https:\/\/www.spaestonia.ee\/medical\/?s={search_term_string}\"},\"query-input\":{\"@type\":\"PropertyValueSpecification\",\"valueRequired\":true,\"valueName\":\"search_term_string\"}}],\"inLanguage\":\"et\"},{\"@type\":\"Organization\",\"@id\":\"https:\/\/www.spaestonia.ee\/medical\/#organization\",\"name\":\"ESTONIA Medical Spa & Hotel\",\"url\":\"https:\/\/www.spaestonia.ee\/medical\/\",\"logo\":{\"@type\":\"ImageObject\",\"inLanguage\":\"et\",\"@id\":\"https:\/\/www.spaestonia.ee\/medical\/#\/schema\/logo\/image\/\",\"url\":\"https:\/\/www.spaestonia.ee\/medical\/wp-content\/uploads\/2025\/02\/medical.jpg\",\"contentUrl\":\"https:\/\/www.spaestonia.ee\/medical\/wp-content\/uploads\/2025\/02\/medical.jpg\",\"width\":700,\"height\":450,\"caption\":\"ESTONIA Medical Spa & Hotel\"},\"image\":{\"@id\":\"https:\/\/www.spaestonia.ee\/medical\/#\/schema\/logo\/image\/\"},\"sameAs\":[\"https:\/\/www.facebook.com\/EstoniaMedicalSpa\"]}]}<\/script>\n<!-- \/ Yoast SEO plugin. -->","yoast_head_json":{"title":"Ilusalong - ESTONIA Medical Spa &amp; Hotel","description":"ESTONIA Medical Spa ilusalongi teenuste valik on rikkalik: keha-, n\u00e4o-, k\u00e4te- ja jalgade hoolitsused, massaa\u017eid, juuksur, Tai massaa\u017e jm","robots":{"index":"index","follow":"follow","max-snippet":"max-snippet:-1","max-image-preview":"max-image-preview:large","max-video-preview":"max-video-preview:-1"},"canonical":"https:\/\/spaestonia.ee\/medical\/ilusalong\/","og_locale":"et_EE","og_type":"article","og_title":"Ilusalong - ESTONIA Medical Spa &amp; Hotel","og_description":"ESTONIA Medical Spa ilusalongi teenuste valik on rikkalik: keha-, n\u00e4o-, k\u00e4te- ja jalgade hoolitsused, massaa\u017eid, juuksur, Tai massaa\u017e jm","og_url":"https:\/\/spaestonia.ee\/medical\/ilusalong\/","og_site_name":"ESTONIA Medical Spa &amp; Hotel","article_publisher":"https:\/\/www.facebook.com\/EstoniaMedicalSpa","article_modified_time":"2026-03-16T09:40:44+00:00","og_image":[{"url":"http:\/\/www.spaestonia.ee\/medical\/wp-content\/uploads\/2020\/05\/slider_ilusalong.jpg","type":"","width":"","height":""}],"twitter_card":"summary_large_image","twitter_misc":{"Est. reading time":"1 minut"},"schema":{"@context":"https:\/\/schema.org","@graph":[{"@type":"WebPage","@id":"https:\/\/spaestonia.ee\/medical\/ilusalong\/","url":"https:\/\/spaestonia.ee\/medical\/ilusalong\/","name":"Ilusalong - ESTONIA Medical Spa &amp; Hotel","isPartOf":{"@id":"https:\/\/www.spaestonia.ee\/medical\/#website"},"primaryImageOfPage":{"@id":"https:\/\/spaestonia.ee\/medical\/ilusalong\/#primaryimage"},"image":{"@id":"https:\/\/spaestonia.ee\/medical\/ilusalong\/#primaryimage"},"thumbnailUrl":"http:\/\/www.spaestonia.ee\/medical\/wp-content\/uploads\/2020\/05\/slider_ilusalong.jpg","datePublished":"2014-11-21T11:00:03+00:00","dateModified":"2026-03-16T09:40:44+00:00","description":"ESTONIA Medical Spa ilusalongi teenuste valik on rikkalik: keha-, n\u00e4o-, k\u00e4te- ja jalgade hoolitsused, massaa\u017eid, juuksur, Tai massaa\u017e jm","breadcrumb":{"@id":"https:\/\/spaestonia.ee\/medical\/ilusalong\/#breadcrumb"},"inLanguage":"et","potentialAction":[{"@type":"ReadAction","target":["https:\/\/spaestonia.ee\/medical\/ilusalong\/"]}]},{"@type":"ImageObject","inLanguage":"et","@id":"https:\/\/spaestonia.ee\/medical\/ilusalong\/#primaryimage","url":"http:\/\/www.spaestonia.ee\/medical\/wp-content\/uploads\/2020\/05\/slider_ilusalong.jpg","contentUrl":"http:\/\/www.spaestonia.ee\/medical\/wp-content\/uploads\/2020\/05\/slider_ilusalong.jpg"},{"@type":"BreadcrumbList","@id":"https:\/\/spaestonia.ee\/medical\/ilusalong\/#breadcrumb","itemListElement":[{"@type":"ListItem","position":1,"name":"Home","item":"https:\/\/www.spaestonia.ee\/medical\/"},{"@type":"ListItem","position":2,"name":"Ilusalong"}]},{"@type":"WebSite","@id":"https:\/\/www.spaestonia.ee\/medical\/#website","url":"https:\/\/www.spaestonia.ee\/medical\/","name":"ESTONIA Medical Spa & Hotel","description":"Ravispaa - Terveyskylpyl\u00e4 - P\u00e4rnu","publisher":{"@id":"https:\/\/www.spaestonia.ee\/medical\/#organization"},"potentialAction":[{"@type":"SearchAction","target":{"@type":"EntryPoint","urlTemplate":"https:\/\/www.spaestonia.ee\/medical\/?s={search_term_string}"},"query-input":{"@type":"PropertyValueSpecification","valueRequired":true,"valueName":"search_term_string"}}],"inLanguage":"et"},{"@type":"Organization","@id":"https:\/\/www.spaestonia.ee\/medical\/#organization","name":"ESTONIA Medical Spa & Hotel","url":"https:\/\/www.spaestonia.ee\/medical\/","logo":{"@type":"ImageObject","inLanguage":"et","@id":"https:\/\/www.spaestonia.ee\/medical\/#\/schema\/logo\/image\/","url":"https:\/\/www.spaestonia.ee\/medical\/wp-content\/uploads\/2025\/02\/medical.jpg","contentUrl":"https:\/\/www.spaestonia.ee\/medical\/wp-content\/uploads\/2025\/02\/medical.jpg","width":700,"height":450,"caption":"ESTONIA Medical Spa & Hotel"},"image":{"@id":"https:\/\/www.spaestonia.ee\/medical\/#\/schema\/logo\/image\/"},"sameAs":["https:\/\/www.facebook.com\/EstoniaMedicalSpa"]}]}},"_links":{"self":[{"href":"https:\/\/spaestonia.ee\/medical\/wp-json\/wp\/v2\/pages\/170","targetHints":{"allow":["GET"]}}],"collection":[{"href":"https:\/\/spaestonia.ee\/medical\/wp-json\/wp\/v2\/pages"}],"about":[{"href":"https:\/\/spaestonia.ee\/medical\/wp-json\/wp\/v2\/types\/page"}],"author":[{"embeddable":true,"href":"https:\/\/spaestonia.ee\/medical\/wp-json\/wp\/v2\/users\/1"}],"replies":[{"embeddable":true,"href":"https:\/\/spaestonia.ee\/medical\/wp-json\/wp\/v2\/comments?post=170"}],"version-history":[{"count":95,"href":"https:\/\/spaestonia.ee\/medical\/wp-json\/wp\/v2\/pages\/170\/revisions"}],"predecessor-version":[{"id":23161,"href":"https:\/\/spaestonia.ee\/medical\/wp-json\/wp\/v2\/pages\/170\/revisions\/23161"}],"wp:attachment":[{"href":"https:\/\/spaestonia.ee\/medical\/wp-json\/wp\/v2\/media?parent=170"}],"curies":[{"name":"wp","href":"https:\/\/api.w.org\/{rel}","templated":true}]}}