{"id":17113,"date":"2022-09-19T13:21:36","date_gmt":"2022-09-19T10:21:36","guid":{"rendered":"https:\/\/www.spaestonia.ee\/medical\/?page_id=17113"},"modified":"2025-04-16T14:39:38","modified_gmt":"2025-04-16T11:39:38","slug":"hotelli-kodukord","status":"publish","type":"page","link":"https:\/\/spaestonia.ee\/medical\/hotell\/hotelli-kodukord\/","title":{"rendered":"Hotelli KODUKORD"},"content":{"rendered":"<p><strong>ESTONIA Medical Spa &amp; Hotel kodukord:<\/strong><\/p>\n<p><strong>Check in:<\/strong><strong><br \/>\n<\/strong>Hotelli saabumine on alates kell 15.00. Varasem sisseregistreerimine on v\u00f5imalik eelneva kokkuleppe alusel. Hotelli registreerimisel tuleb esitada kehtiv isikut t\u00f5endav dokument. Isikut t\u00f5endavaks dokumendiks loetakse:<br \/>\n\u2013 Pass<br \/>\n\u2013 ID-kaart<br \/>\n\u2013 Juhiluba<\/p>\n<p>Hotelli registreerimiseks on majutatav isik kohustatud t\u00e4itma registreerimiskaardi. K\u00f5ik registreerimiskaardid peavad olema t\u00e4idetud loetava k\u00e4ekirjaga ja allkirjastatud hotelli k\u00fclastaja poolt. Hotell v\u00f5ib keelduda k\u00fclastaja hotelli lubamisest, kes ei t\u00e4ida registreerimisvormi korrektselt.<\/p>\n<p><strong>Hotelli ei registreerita:<\/strong><br \/>\n\u2013 Isikuid, kes oma k\u00e4itumisega v\u00f5ivad h\u00e4irida hotelli teisi k\u00fclastajaid.<br \/>\n\u2013 Alaealisi, kellel pole t\u00e4iskasvanut koos temaga koos majutumas.<\/p>\n<p><strong>Tasumine:<\/strong><br \/>\nHotelli registreerimisel tuleb tasuda majutusteenuse maksumus vastavalt esitatud arvele. Hotelli teenuste eest, mida kasutati majutusperioodi jooksul, tuleb tasuda hiljemalt hotellist lahkumisel. Meie hotellis aktsepteeritakse k\u00f5iki levinumaid rahvusvahelisi krediit- ja deebetkaarte.<\/p>\n<p><strong>Check out:<\/strong><strong><br \/>\n<\/strong>Hotellitoa palume vabastada hiljemalt kell 12.00. Hilisem v\u00e4ljaregistreerimine on v\u00f5imalik eelneva kokkuleppe alusel. Iga t\u00e4iendav tund p\u00e4rast kella 12.00 on 10 eurot. Hotellist v\u00e4ljaregistreerimisel tuleb<strong> tagastada toa v\u00f5ti<\/strong> ja<strong> spaa k\u00e4epael<\/strong> ning tasuda k\u00f5ikide kasutatud teenuste eest. Spaa k\u00e4epaela kaotamise v\u00f5i mitte tagastamise eest on trahv 25 eurot.<\/p>\n<p><strong>Suitsetamine hotellis:<\/strong><strong><br \/>\n<\/strong>ESTONIA Medical Spa &amp; Hotel j\u00e4rgib suitsuvaba hotelli p\u00f5him\u00f5tet. Suitsetamine on keelatud hotelli siseruumides ja r\u00f5dudel. Suitsetamine on lubatud vaid hotellis selleks eraldatud aladel. Suitsetamise eest selleks mittelubatud alal on k\u00fclastaja kohustatud trahvi tasuma. Trahv suitsetamise eest on 100 eurot.<\/p>\n<p><strong>Lemmikloomad hotellis:<\/strong><strong><br \/>\n<\/strong>Hotelli broneeringut tehes palume informeerida hotelli t\u00f6\u00f6tajat oma lemmikloomast. Lemmikloomaga majutamine on v\u00f5imalik vaid kindlates hotellitubades ja eelneva broneeringu alusel. Lemmikloom ei v\u00f5i viibida toitlustusega seotud ruumides v\u00f5i aladel, kus neil ei ole ohutu (libedad pinnad, j\u00e4rsud langused, uppumisoht jms). Lemmiklooma omanikule rakendub lisatasu ja kohustus j\u00e4rgida\u00a0<a href=\"https:\/\/www.spaestonia.ee\/medical\/lemmiklooma-omaniku-meelespea\/\"><u>lemmiklooma omaniku meelespead<\/u><\/a>\u00a0ning looma omanik vastutab lemmiklooma tekitatud kahju (nii materiaalse kui tervisekahju) eest.<\/p>\n<p><strong>Avalik korra tagamine:<\/strong><strong><br \/>\n<\/strong>Hotellis kehtivad k\u00f5ik n\u00f5uded avaliku korra, rahu hoidmise ja saastamise v\u00e4ltimise kohta. Avaliku korra rikkumisel kaasab hotell vajadusel kas turvat\u00f6\u00f6tajad v\u00f5i kutsub v\u00e4lja politsei. Personal v\u00f5ib paluda k\u00fclastaja(te)l hotellist ja selle territooriumilt lahkuda. Lahkumise korral on k\u00fclastaja kohustatud maksma broneeritud majutuse ja tellitud lisateenuste eest.<\/p>\n<p><strong>\u00d6\u00f6rahu hotellis:<\/strong><strong><br \/>\n<\/strong>Hotellis kehtib \u00f6\u00f6rahu kell 23.00 ja kestab kuni 7.00. \u00d6\u00f6rahu rikkumise all m\u00f5istetakse teiste isikute h\u00e4irimist heliliste, valgus-, mehhaaniliste, elektrooniliste jms vahenditega. \u00d6\u00f6rahu rikkumisel kaasab hotell vajadusel kas turvat\u00f6\u00f6tajad v\u00f5i politsei. Samuti v\u00f5ib personal paluda k\u00fclastaja(te)l hotellist ja selle territooriumilt lahkuda. Lahkumise korral on k\u00fclastaja kohustatud tasuma broneeritud majutuse ja tellitud lisateenuste eest. \u00d6\u00f6rahu rikkumise korral on hotellil \u00f5igus k\u00fcsida tekitatud kahju h\u00fcvitamiseks trahvi al 50 eurot iga v\u00e4ljakutse eest vastavalt rikkumise tasemele.<\/p>\n<p><strong>K\u00fclastaja vastutus kahju tekitamisel:<\/strong><strong><br \/>\n<\/strong>Meie k\u00fclalisena v\u00f5tate endale vastutuse ja kohustuse j\u00e4rgida kehtestatud eeskirju. Olete vastutav tahtlikult v\u00f5i tahtmatult tekitatud kahju eest, mida teie v\u00f5i teie k\u00fclaline v\u00f5ib olla tekitanud hotellitoas v\u00f5i hotelli \u00fcldruumides. Hotellil on \u00f5igus n\u00f5uda kliendi poolt tekitatud materiaalse kahju kompenseerimist. Kahju kompenseerimise suuruse aluseks on tekitatud otsene kahju, millele lisanduvad kahju k\u00f5rvaldamisega seotud kulud.<\/p>\n<p>&nbsp;<\/p>\n<p>&nbsp;<\/p>\n","protected":false},"excerpt":{"rendered":"<p>ESTONIA Medical Spa &amp; Hotel kodukord: Check in: Hotelli saabumine on alates kell 15.00. Varasem&hellip;<\/p>\n","protected":false},"author":16,"featured_media":0,"parent":48,"menu_order":0,"comment_status":"closed","ping_status":"closed","template":"","meta":{"footnotes":""},"class_list":["post-17113","page","type-page","status-publish","hentry"],"yoast_head":"<!-- This site is optimized with the Yoast SEO plugin v26.3 - https:\/\/yoast.com\/wordpress\/plugins\/seo\/ -->\n<title>Hotelli KODUKORD - ESTONIA Medical Spa &amp; Hotel<\/title>\n<meta name=\"robots\" content=\"index, follow, max-snippet:-1, max-image-preview:large, max-video-preview:-1\" \/>\n<link rel=\"canonical\" href=\"https:\/\/spaestonia.ee\/medical\/hotell\/hotelli-kodukord\/\" \/>\n<meta property=\"og:locale\" content=\"et_EE\" \/>\n<meta property=\"og:type\" content=\"article\" \/>\n<meta property=\"og:title\" content=\"Hotelli KODUKORD - ESTONIA Medical Spa &amp; Hotel\" \/>\n<meta property=\"og:description\" content=\"ESTONIA Medical Spa &amp; Hotel kodukord: Check in: Hotelli saabumine on alates kell 15.00. Varasem&hellip;\" \/>\n<meta property=\"og:url\" content=\"https:\/\/spaestonia.ee\/medical\/hotell\/hotelli-kodukord\/\" \/>\n<meta property=\"og:site_name\" content=\"ESTONIA Medical Spa &amp; Hotel\" \/>\n<meta property=\"article:publisher\" content=\"https:\/\/www.facebook.com\/EstoniaMedicalSpa\" \/>\n<meta property=\"article:modified_time\" content=\"2025-04-16T11:39:38+00:00\" \/>\n<meta name=\"twitter:card\" content=\"summary_large_image\" \/>\n<meta name=\"twitter:label1\" content=\"Est. reading time\" \/>\n\t<meta name=\"twitter:data1\" content=\"3 minutit\" \/>\n<script type=\"application\/ld+json\" class=\"yoast-schema-graph\">{\"@context\":\"https:\/\/schema.org\",\"@graph\":[{\"@type\":\"WebPage\",\"@id\":\"https:\/\/spaestonia.ee\/medical\/hotell\/hotelli-kodukord\/\",\"url\":\"https:\/\/spaestonia.ee\/medical\/hotell\/hotelli-kodukord\/\",\"name\":\"Hotelli KODUKORD - ESTONIA Medical Spa &amp; Hotel\",\"isPartOf\":{\"@id\":\"https:\/\/www.spaestonia.ee\/medical\/#website\"},\"datePublished\":\"2022-09-19T10:21:36+00:00\",\"dateModified\":\"2025-04-16T11:39:38+00:00\",\"breadcrumb\":{\"@id\":\"https:\/\/spaestonia.ee\/medical\/hotell\/hotelli-kodukord\/#breadcrumb\"},\"inLanguage\":\"et\",\"potentialAction\":[{\"@type\":\"ReadAction\",\"target\":[\"https:\/\/spaestonia.ee\/medical\/hotell\/hotelli-kodukord\/\"]}]},{\"@type\":\"BreadcrumbList\",\"@id\":\"https:\/\/spaestonia.ee\/medical\/hotell\/hotelli-kodukord\/#breadcrumb\",\"itemListElement\":[{\"@type\":\"ListItem\",\"position\":1,\"name\":\"Home\",\"item\":\"https:\/\/www.spaestonia.ee\/medical\/\"},{\"@type\":\"ListItem\",\"position\":2,\"name\":\"Hotell\",\"item\":\"https:\/\/www.spaestonia.ee\/medical\/hotell\/\"},{\"@type\":\"ListItem\",\"position\":3,\"name\":\"Hotelli KODUKORD\"}]},{\"@type\":\"WebSite\",\"@id\":\"https:\/\/www.spaestonia.ee\/medical\/#website\",\"url\":\"https:\/\/www.spaestonia.ee\/medical\/\",\"name\":\"ESTONIA Medical Spa & Hotel\",\"description\":\"Ravispaa - Terveyskylpyl\u00e4 - P\u00e4rnu\",\"publisher\":{\"@id\":\"https:\/\/www.spaestonia.ee\/medical\/#organization\"},\"potentialAction\":[{\"@type\":\"SearchAction\",\"target\":{\"@type\":\"EntryPoint\",\"urlTemplate\":\"https:\/\/www.spaestonia.ee\/medical\/?s={search_term_string}\"},\"query-input\":{\"@type\":\"PropertyValueSpecification\",\"valueRequired\":true,\"valueName\":\"search_term_string\"}}],\"inLanguage\":\"et\"},{\"@type\":\"Organization\",\"@id\":\"https:\/\/www.spaestonia.ee\/medical\/#organization\",\"name\":\"ESTONIA Medical Spa & Hotel\",\"url\":\"https:\/\/www.spaestonia.ee\/medical\/\",\"logo\":{\"@type\":\"ImageObject\",\"inLanguage\":\"et\",\"@id\":\"https:\/\/www.spaestonia.ee\/medical\/#\/schema\/logo\/image\/\",\"url\":\"https:\/\/www.spaestonia.ee\/medical\/wp-content\/uploads\/2025\/02\/medical.jpg\",\"contentUrl\":\"https:\/\/www.spaestonia.ee\/medical\/wp-content\/uploads\/2025\/02\/medical.jpg\",\"width\":700,\"height\":450,\"caption\":\"ESTONIA Medical Spa & Hotel\"},\"image\":{\"@id\":\"https:\/\/www.spaestonia.ee\/medical\/#\/schema\/logo\/image\/\"},\"sameAs\":[\"https:\/\/www.facebook.com\/EstoniaMedicalSpa\"]}]}<\/script>\n<!-- \/ Yoast SEO plugin. -->","yoast_head_json":{"title":"Hotelli KODUKORD - ESTONIA Medical Spa &amp; Hotel","robots":{"index":"index","follow":"follow","max-snippet":"max-snippet:-1","max-image-preview":"max-image-preview:large","max-video-preview":"max-video-preview:-1"},"canonical":"https:\/\/spaestonia.ee\/medical\/hotell\/hotelli-kodukord\/","og_locale":"et_EE","og_type":"article","og_title":"Hotelli KODUKORD - ESTONIA Medical Spa &amp; Hotel","og_description":"ESTONIA Medical Spa &amp; Hotel kodukord: Check in: Hotelli saabumine on alates kell 15.00. Varasem&hellip;","og_url":"https:\/\/spaestonia.ee\/medical\/hotell\/hotelli-kodukord\/","og_site_name":"ESTONIA Medical Spa &amp; Hotel","article_publisher":"https:\/\/www.facebook.com\/EstoniaMedicalSpa","article_modified_time":"2025-04-16T11:39:38+00:00","twitter_card":"summary_large_image","twitter_misc":{"Est. reading time":"3 minutit"},"schema":{"@context":"https:\/\/schema.org","@graph":[{"@type":"WebPage","@id":"https:\/\/spaestonia.ee\/medical\/hotell\/hotelli-kodukord\/","url":"https:\/\/spaestonia.ee\/medical\/hotell\/hotelli-kodukord\/","name":"Hotelli KODUKORD - ESTONIA Medical Spa &amp; Hotel","isPartOf":{"@id":"https:\/\/www.spaestonia.ee\/medical\/#website"},"datePublished":"2022-09-19T10:21:36+00:00","dateModified":"2025-04-16T11:39:38+00:00","breadcrumb":{"@id":"https:\/\/spaestonia.ee\/medical\/hotell\/hotelli-kodukord\/#breadcrumb"},"inLanguage":"et","potentialAction":[{"@type":"ReadAction","target":["https:\/\/spaestonia.ee\/medical\/hotell\/hotelli-kodukord\/"]}]},{"@type":"BreadcrumbList","@id":"https:\/\/spaestonia.ee\/medical\/hotell\/hotelli-kodukord\/#breadcrumb","itemListElement":[{"@type":"ListItem","position":1,"name":"Home","item":"https:\/\/www.spaestonia.ee\/medical\/"},{"@type":"ListItem","position":2,"name":"Hotell","item":"https:\/\/www.spaestonia.ee\/medical\/hotell\/"},{"@type":"ListItem","position":3,"name":"Hotelli KODUKORD"}]},{"@type":"WebSite","@id":"https:\/\/www.spaestonia.ee\/medical\/#website","url":"https:\/\/www.spaestonia.ee\/medical\/","name":"ESTONIA Medical Spa & Hotel","description":"Ravispaa - Terveyskylpyl\u00e4 - P\u00e4rnu","publisher":{"@id":"https:\/\/www.spaestonia.ee\/medical\/#organization"},"potentialAction":[{"@type":"SearchAction","target":{"@type":"EntryPoint","urlTemplate":"https:\/\/www.spaestonia.ee\/medical\/?s={search_term_string}"},"query-input":{"@type":"PropertyValueSpecification","valueRequired":true,"valueName":"search_term_string"}}],"inLanguage":"et"},{"@type":"Organization","@id":"https:\/\/www.spaestonia.ee\/medical\/#organization","name":"ESTONIA Medical Spa & Hotel","url":"https:\/\/www.spaestonia.ee\/medical\/","logo":{"@type":"ImageObject","inLanguage":"et","@id":"https:\/\/www.spaestonia.ee\/medical\/#\/schema\/logo\/image\/","url":"https:\/\/www.spaestonia.ee\/medical\/wp-content\/uploads\/2025\/02\/medical.jpg","contentUrl":"https:\/\/www.spaestonia.ee\/medical\/wp-content\/uploads\/2025\/02\/medical.jpg","width":700,"height":450,"caption":"ESTONIA Medical Spa & Hotel"},"image":{"@id":"https:\/\/www.spaestonia.ee\/medical\/#\/schema\/logo\/image\/"},"sameAs":["https:\/\/www.facebook.com\/EstoniaMedicalSpa"]}]}},"_links":{"self":[{"href":"https:\/\/spaestonia.ee\/medical\/wp-json\/wp\/v2\/pages\/17113","targetHints":{"allow":["GET"]}}],"collection":[{"href":"https:\/\/spaestonia.ee\/medical\/wp-json\/wp\/v2\/pages"}],"about":[{"href":"https:\/\/spaestonia.ee\/medical\/wp-json\/wp\/v2\/types\/page"}],"author":[{"embeddable":true,"href":"https:\/\/spaestonia.ee\/medical\/wp-json\/wp\/v2\/users\/16"}],"replies":[{"embeddable":true,"href":"https:\/\/spaestonia.ee\/medical\/wp-json\/wp\/v2\/comments?post=17113"}],"version-history":[{"count":6,"href":"https:\/\/spaestonia.ee\/medical\/wp-json\/wp\/v2\/pages\/17113\/revisions"}],"predecessor-version":[{"id":22402,"href":"https:\/\/spaestonia.ee\/medical\/wp-json\/wp\/v2\/pages\/17113\/revisions\/22402"}],"up":[{"embeddable":true,"href":"https:\/\/spaestonia.ee\/medical\/wp-json\/wp\/v2\/pages\/48"}],"wp:attachment":[{"href":"https:\/\/spaestonia.ee\/medical\/wp-json\/wp\/v2\/media?parent=17113"}],"curies":[{"name":"wp","href":"https:\/\/api.w.org\/{rel}","templated":true}]}}