{"id":172,"date":"2014-11-21T13:02:54","date_gmt":"2014-11-21T11:02:54","guid":{"rendered":"http:\/\/www.spaestonia.ee\/?page_id=172"},"modified":"2023-10-03T14:24:39","modified_gmt":"2023-10-03T11:24:39","slug":"hotellitoad","status":"publish","type":"page","link":"https:\/\/spaestonia.ee\/medical\/hotell\/hotellitoad\/","title":{"rendered":"Hotellitoad"},"content":{"rendered":"<p><img loading=\"lazy\" decoding=\"async\" class=\"alignright wp-image-15192 \" src=\"http:\/\/www.spaestonia.ee\/medical\/wp-content\/uploads\/2021\/11\/Tuba-420_01-.jpg\" alt=\"Estonia Medical Spa &amp; Hotel \" width=\"462\" height=\"308\" srcset=\"https:\/\/spaestonia.ee\/medical\/wp-content\/uploads\/2021\/11\/Tuba-420_01-.jpg 800w, https:\/\/spaestonia.ee\/medical\/wp-content\/uploads\/2021\/11\/Tuba-420_01--300x200.jpg 300w, https:\/\/spaestonia.ee\/medical\/wp-content\/uploads\/2021\/11\/Tuba-420_01--768x512.jpg 768w\" sizes=\"auto, (max-width: 462px) 100vw, 462px\" \/>ESTONIA ravispaas on 193 k\u00f5igi mugavustega hotellituba. Enamus tubadel on r\u00f5du, vaatega linnale v\u00f5i pargile. M\u00f5ned toad on omavahel \u00fchendatavad \u2013 \u00fches toas \u00fcks lai voodi ja teises kaks eraldi voodit, soovitame peredele! Peredele pakume ka avaraid peretube.<\/p>\n<p>K\u00f5igis tubades on TV, telefon, WC ja du\u0161\u0161, hommikumantlid. K\u00f5ik toad on mittesuitsetajatele, toas suitsetamise puhul trahv 100 \u20ac.<\/p>\n<p>V\u00e4\u00e4rika ajalooga hotelli s\u00fcnd j\u00e4\u00e4b aega, mil ehitusn\u00f5uded olid teised kui t\u00e4nap\u00e4eval ning seet\u00f5ttu puudub hotellitubades konditisoneer.<\/p>\n<p>Alati sisaldub majutuse hinnas hommikus\u00f6\u00f6k <em>buffet<\/em> restoranis ja piiramatu vee- ja saunakeskuse\u00a0<a href=\"https:\/\/www.spaestonia.ee\/medical\/termid\/\">TERMID\u00a0<\/a>k\u00fclastus.<\/p>\n<ul>\n<li><a href=\"https:\/\/www.spaestonia.ee\/medical\/tuba\/standardtoad\/\">Standardtoad<\/a><\/li>\n<li><a href=\"https:\/\/www.spaestonia.ee\/medical\/tuba\/standardtoad-2\/\">Standardtoad++<\/a><\/li>\n<li><a href=\"\/medical\/tuba\/peretoad\/\">Peretoad<\/a><\/li>\n<li><a href=\"https:\/\/www.spaestonia.ee\/medical\/tuba\/solutoad\/\" target=\"_blank\" rel=\"noopener\">Solutoad <\/a>(\u00fchene tuba jagatud vannitoaga)<\/li>\n<\/ul>\n<p>Hotelli saabumine kell 15.00 ja lahkumine kell 12.00.<\/p>\n<p>&nbsp;<\/p>\n<p>&nbsp;<\/p>\n","protected":false},"excerpt":{"rendered":"<p>ESTONIA ravispaas on 193 k\u00f5igi mugavustega hotellituba. Enamus tubadel on r\u00f5du, vaatega linnale v\u00f5i pargile.&hellip;<\/p>\n","protected":false},"author":1,"featured_media":0,"parent":48,"menu_order":0,"comment_status":"closed","ping_status":"open","template":"","meta":{"footnotes":""},"class_list":["post-172","page","type-page","status-publish","hentry"],"yoast_head":"<!-- This site is optimized with the Yoast SEO plugin v26.3 - https:\/\/yoast.com\/wordpress\/plugins\/seo\/ -->\n<title>Hotellitoad - ESTONIA Medical Spa &amp; Hotel<\/title>\n<meta name=\"robots\" content=\"index, follow, max-snippet:-1, max-image-preview:large, max-video-preview:-1\" \/>\n<link rel=\"canonical\" href=\"https:\/\/spaestonia.ee\/medical\/hotell\/hotellitoad\/\" \/>\n<meta property=\"og:locale\" content=\"et_EE\" \/>\n<meta property=\"og:type\" content=\"article\" \/>\n<meta property=\"og:title\" content=\"Hotellitoad - ESTONIA Medical Spa &amp; Hotel\" \/>\n<meta property=\"og:description\" content=\"ESTONIA ravispaas on 193 k\u00f5igi mugavustega hotellituba. Enamus tubadel on r\u00f5du, vaatega linnale v\u00f5i pargile.&hellip;\" \/>\n<meta property=\"og:url\" content=\"https:\/\/spaestonia.ee\/medical\/hotell\/hotellitoad\/\" \/>\n<meta property=\"og:site_name\" content=\"ESTONIA Medical Spa &amp; Hotel\" \/>\n<meta property=\"article:publisher\" content=\"https:\/\/www.facebook.com\/EstoniaMedicalSpa\" \/>\n<meta property=\"article:modified_time\" content=\"2023-10-03T11:24:39+00:00\" \/>\n<meta property=\"og:image\" content=\"http:\/\/www.spaestonia.ee\/medical\/wp-content\/uploads\/2021\/11\/Tuba-420_01-.jpg\" \/>\n<meta name=\"twitter:card\" content=\"summary_large_image\" \/>\n<meta name=\"twitter:label1\" content=\"Est. reading time\" \/>\n\t<meta name=\"twitter:data1\" content=\"1 minut\" \/>\n<script type=\"application\/ld+json\" class=\"yoast-schema-graph\">{\"@context\":\"https:\/\/schema.org\",\"@graph\":[{\"@type\":\"WebPage\",\"@id\":\"https:\/\/spaestonia.ee\/medical\/hotell\/hotellitoad\/\",\"url\":\"https:\/\/spaestonia.ee\/medical\/hotell\/hotellitoad\/\",\"name\":\"Hotellitoad - ESTONIA Medical Spa &amp; Hotel\",\"isPartOf\":{\"@id\":\"https:\/\/www.spaestonia.ee\/medical\/#website\"},\"primaryImageOfPage\":{\"@id\":\"https:\/\/spaestonia.ee\/medical\/hotell\/hotellitoad\/#primaryimage\"},\"image\":{\"@id\":\"https:\/\/spaestonia.ee\/medical\/hotell\/hotellitoad\/#primaryimage\"},\"thumbnailUrl\":\"http:\/\/www.spaestonia.ee\/medical\/wp-content\/uploads\/2021\/11\/Tuba-420_01-.jpg\",\"datePublished\":\"2014-11-21T11:02:54+00:00\",\"dateModified\":\"2023-10-03T11:24:39+00:00\",\"breadcrumb\":{\"@id\":\"https:\/\/spaestonia.ee\/medical\/hotell\/hotellitoad\/#breadcrumb\"},\"inLanguage\":\"et\",\"potentialAction\":[{\"@type\":\"ReadAction\",\"target\":[\"https:\/\/spaestonia.ee\/medical\/hotell\/hotellitoad\/\"]}]},{\"@type\":\"ImageObject\",\"inLanguage\":\"et\",\"@id\":\"https:\/\/spaestonia.ee\/medical\/hotell\/hotellitoad\/#primaryimage\",\"url\":\"http:\/\/www.spaestonia.ee\/medical\/wp-content\/uploads\/2021\/11\/Tuba-420_01-.jpg\",\"contentUrl\":\"http:\/\/www.spaestonia.ee\/medical\/wp-content\/uploads\/2021\/11\/Tuba-420_01-.jpg\"},{\"@type\":\"BreadcrumbList\",\"@id\":\"https:\/\/spaestonia.ee\/medical\/hotell\/hotellitoad\/#breadcrumb\",\"itemListElement\":[{\"@type\":\"ListItem\",\"position\":1,\"name\":\"Home\",\"item\":\"https:\/\/www.spaestonia.ee\/medical\/\"},{\"@type\":\"ListItem\",\"position\":2,\"name\":\"Hotell\",\"item\":\"https:\/\/www.spaestonia.ee\/medical\/hotell\/\"},{\"@type\":\"ListItem\",\"position\":3,\"name\":\"Hotellitoad\"}]},{\"@type\":\"WebSite\",\"@id\":\"https:\/\/www.spaestonia.ee\/medical\/#website\",\"url\":\"https:\/\/www.spaestonia.ee\/medical\/\",\"name\":\"ESTONIA Medical Spa & Hotel\",\"description\":\"Ravispaa - Terveyskylpyl\u00e4 - P\u00e4rnu\",\"publisher\":{\"@id\":\"https:\/\/www.spaestonia.ee\/medical\/#organization\"},\"potentialAction\":[{\"@type\":\"SearchAction\",\"target\":{\"@type\":\"EntryPoint\",\"urlTemplate\":\"https:\/\/www.spaestonia.ee\/medical\/?s={search_term_string}\"},\"query-input\":{\"@type\":\"PropertyValueSpecification\",\"valueRequired\":true,\"valueName\":\"search_term_string\"}}],\"inLanguage\":\"et\"},{\"@type\":\"Organization\",\"@id\":\"https:\/\/www.spaestonia.ee\/medical\/#organization\",\"name\":\"ESTONIA Medical Spa & Hotel\",\"url\":\"https:\/\/www.spaestonia.ee\/medical\/\",\"logo\":{\"@type\":\"ImageObject\",\"inLanguage\":\"et\",\"@id\":\"https:\/\/www.spaestonia.ee\/medical\/#\/schema\/logo\/image\/\",\"url\":\"https:\/\/www.spaestonia.ee\/medical\/wp-content\/uploads\/2025\/02\/medical.jpg\",\"contentUrl\":\"https:\/\/www.spaestonia.ee\/medical\/wp-content\/uploads\/2025\/02\/medical.jpg\",\"width\":700,\"height\":450,\"caption\":\"ESTONIA Medical Spa & Hotel\"},\"image\":{\"@id\":\"https:\/\/www.spaestonia.ee\/medical\/#\/schema\/logo\/image\/\"},\"sameAs\":[\"https:\/\/www.facebook.com\/EstoniaMedicalSpa\"]}]}<\/script>\n<!-- \/ Yoast SEO plugin. -->","yoast_head_json":{"title":"Hotellitoad - ESTONIA Medical Spa &amp; Hotel","robots":{"index":"index","follow":"follow","max-snippet":"max-snippet:-1","max-image-preview":"max-image-preview:large","max-video-preview":"max-video-preview:-1"},"canonical":"https:\/\/spaestonia.ee\/medical\/hotell\/hotellitoad\/","og_locale":"et_EE","og_type":"article","og_title":"Hotellitoad - ESTONIA Medical Spa &amp; Hotel","og_description":"ESTONIA ravispaas on 193 k\u00f5igi mugavustega hotellituba. Enamus tubadel on r\u00f5du, vaatega linnale v\u00f5i pargile.&hellip;","og_url":"https:\/\/spaestonia.ee\/medical\/hotell\/hotellitoad\/","og_site_name":"ESTONIA Medical Spa &amp; Hotel","article_publisher":"https:\/\/www.facebook.com\/EstoniaMedicalSpa","article_modified_time":"2023-10-03T11:24:39+00:00","og_image":[{"url":"http:\/\/www.spaestonia.ee\/medical\/wp-content\/uploads\/2021\/11\/Tuba-420_01-.jpg","type":"","width":"","height":""}],"twitter_card":"summary_large_image","twitter_misc":{"Est. reading time":"1 minut"},"schema":{"@context":"https:\/\/schema.org","@graph":[{"@type":"WebPage","@id":"https:\/\/spaestonia.ee\/medical\/hotell\/hotellitoad\/","url":"https:\/\/spaestonia.ee\/medical\/hotell\/hotellitoad\/","name":"Hotellitoad - ESTONIA Medical Spa &amp; Hotel","isPartOf":{"@id":"https:\/\/www.spaestonia.ee\/medical\/#website"},"primaryImageOfPage":{"@id":"https:\/\/spaestonia.ee\/medical\/hotell\/hotellitoad\/#primaryimage"},"image":{"@id":"https:\/\/spaestonia.ee\/medical\/hotell\/hotellitoad\/#primaryimage"},"thumbnailUrl":"http:\/\/www.spaestonia.ee\/medical\/wp-content\/uploads\/2021\/11\/Tuba-420_01-.jpg","datePublished":"2014-11-21T11:02:54+00:00","dateModified":"2023-10-03T11:24:39+00:00","breadcrumb":{"@id":"https:\/\/spaestonia.ee\/medical\/hotell\/hotellitoad\/#breadcrumb"},"inLanguage":"et","potentialAction":[{"@type":"ReadAction","target":["https:\/\/spaestonia.ee\/medical\/hotell\/hotellitoad\/"]}]},{"@type":"ImageObject","inLanguage":"et","@id":"https:\/\/spaestonia.ee\/medical\/hotell\/hotellitoad\/#primaryimage","url":"http:\/\/www.spaestonia.ee\/medical\/wp-content\/uploads\/2021\/11\/Tuba-420_01-.jpg","contentUrl":"http:\/\/www.spaestonia.ee\/medical\/wp-content\/uploads\/2021\/11\/Tuba-420_01-.jpg"},{"@type":"BreadcrumbList","@id":"https:\/\/spaestonia.ee\/medical\/hotell\/hotellitoad\/#breadcrumb","itemListElement":[{"@type":"ListItem","position":1,"name":"Home","item":"https:\/\/www.spaestonia.ee\/medical\/"},{"@type":"ListItem","position":2,"name":"Hotell","item":"https:\/\/www.spaestonia.ee\/medical\/hotell\/"},{"@type":"ListItem","position":3,"name":"Hotellitoad"}]},{"@type":"WebSite","@id":"https:\/\/www.spaestonia.ee\/medical\/#website","url":"https:\/\/www.spaestonia.ee\/medical\/","name":"ESTONIA Medical Spa & Hotel","description":"Ravispaa - Terveyskylpyl\u00e4 - P\u00e4rnu","publisher":{"@id":"https:\/\/www.spaestonia.ee\/medical\/#organization"},"potentialAction":[{"@type":"SearchAction","target":{"@type":"EntryPoint","urlTemplate":"https:\/\/www.spaestonia.ee\/medical\/?s={search_term_string}"},"query-input":{"@type":"PropertyValueSpecification","valueRequired":true,"valueName":"search_term_string"}}],"inLanguage":"et"},{"@type":"Organization","@id":"https:\/\/www.spaestonia.ee\/medical\/#organization","name":"ESTONIA Medical Spa & Hotel","url":"https:\/\/www.spaestonia.ee\/medical\/","logo":{"@type":"ImageObject","inLanguage":"et","@id":"https:\/\/www.spaestonia.ee\/medical\/#\/schema\/logo\/image\/","url":"https:\/\/www.spaestonia.ee\/medical\/wp-content\/uploads\/2025\/02\/medical.jpg","contentUrl":"https:\/\/www.spaestonia.ee\/medical\/wp-content\/uploads\/2025\/02\/medical.jpg","width":700,"height":450,"caption":"ESTONIA Medical Spa & Hotel"},"image":{"@id":"https:\/\/www.spaestonia.ee\/medical\/#\/schema\/logo\/image\/"},"sameAs":["https:\/\/www.facebook.com\/EstoniaMedicalSpa"]}]}},"_links":{"self":[{"href":"https:\/\/spaestonia.ee\/medical\/wp-json\/wp\/v2\/pages\/172","targetHints":{"allow":["GET"]}}],"collection":[{"href":"https:\/\/spaestonia.ee\/medical\/wp-json\/wp\/v2\/pages"}],"about":[{"href":"https:\/\/spaestonia.ee\/medical\/wp-json\/wp\/v2\/types\/page"}],"author":[{"embeddable":true,"href":"https:\/\/spaestonia.ee\/medical\/wp-json\/wp\/v2\/users\/1"}],"replies":[{"embeddable":true,"href":"https:\/\/spaestonia.ee\/medical\/wp-json\/wp\/v2\/comments?post=172"}],"version-history":[{"count":49,"href":"https:\/\/spaestonia.ee\/medical\/wp-json\/wp\/v2\/pages\/172\/revisions"}],"predecessor-version":[{"id":19766,"href":"https:\/\/spaestonia.ee\/medical\/wp-json\/wp\/v2\/pages\/172\/revisions\/19766"}],"up":[{"embeddable":true,"href":"https:\/\/spaestonia.ee\/medical\/wp-json\/wp\/v2\/pages\/48"}],"wp:attachment":[{"href":"https:\/\/spaestonia.ee\/medical\/wp-json\/wp\/v2\/media?parent=172"}],"curies":[{"name":"wp","href":"https:\/\/api.w.org\/{rel}","templated":true}]}}