{"id":17709,"date":"2022-12-13T14:16:40","date_gmt":"2022-12-13T12:16:40","guid":{"rendered":"https:\/\/www.spaestonia.ee\/medical\/?page_id=17709"},"modified":"2025-11-10T16:25:06","modified_gmt":"2025-11-10T14:25:06","slug":"ilusalongi-hinnakiri","status":"publish","type":"page","link":"https:\/\/spaestonia.ee\/medical\/ilusalong\/ilusalongi-hinnakiri\/","title":{"rendered":"Ilusalongi hinnakiri"},"content":{"rendered":"<p>ESTONIA Medical Spa ilusalong asub\u00a0A-osa 1. korrusel. Meie iluteeninduse asjatundlikud teenindajad p\u00fc\u00fcavad arvestada Sinu soovidega ja annavad n\u00f5u parimate hoolitsuste osas k\u00f5igi vanusegruppide jaoks.<\/p>\n<p><strong>Ilusalong on avatud\u00a0<\/strong>(juuksur, manik\u00fc\u00fcr, pedik\u00fc\u00fcr, kosmeetik):<br \/>\nE\u2013R 9.00-17.00<\/p>\n<p>Kehahooldus ja massaa\u017e:<br \/>\nE\u2013R 9.00-17.00<br \/>\nL 11-19<br \/>\nP 11-13<\/p>\n<p><strong>Lisainfo ja broneerimine<\/strong>:<br \/>\n<strong>Ilusalong:\u00a0<\/strong><a title=\"ilusalong@spaestonia.ee\" role=\"link\" href=\"mailto:ilusalong@spaestonia.ee\">ilusalong@spaestonia.ee,<\/a>\u00a0440 1015<br \/>\n<strong>Hotelli vastuv\u00f5tt<\/strong>: 447 6915<\/p>\n<p>\u00bb Enne t\u00e4htsat \u00fcritust v\u00f5i lihtsalt hetkel, kui vajad uut s\u00e4ra ja enesekindlust soovitame\u00a0<strong><a href=\"https:\/\/www.spaestonia.ee\/medical\/ilu-paevaspaa\/\">ILU p\u00e4evaspaa<\/a>\u00a0\u00bb<\/strong><\/p>\n<h2><strong>HINNAKIRI\u00a0<\/strong><\/h2>\n<h2 class=\"page-title\">N\u00e4ohoolitsused<\/h2>\n<p class=\"page-title\"><em>N\u00e4ohoolitsusi teostame Sothyse br\u00e4ndi toodetega.<\/em><\/p>\n<table width=\"842\">\n<tbody>\n<tr>\n<td colspan=\"5\" width=\"788\"><strong>PAKETID:<\/strong><\/td>\n<\/tr>\n<tr>\n<td colspan=\"2\" width=\"637\"><strong>I pakett:<\/strong> koorimine, mehaaniline n\u00e4opuhastus, kerge massaa\u017e, mask, kulmude modelleerimine, kulmude ja ripsmete v\u00e4rvimine<\/td>\n<td width=\"87\">55 min<\/td>\n<td colspan=\"2\" width=\"118\">62 \u20ac<\/td>\n<\/tr>\n<tr>\n<td colspan=\"2\" width=\"637\"><strong>II pakett:<\/strong> koorimine, massaa\u017e, mask, kulmude modelleerimine, kulmude ja ripsmete v\u00e4rvimine<\/td>\n<td width=\"87\">55 min<\/td>\n<td colspan=\"2\" width=\"118\">57 \u20ac<\/td>\n<\/tr>\n<tr>\n<td colspan=\"2\" width=\"637\"><strong>III pakett:<\/strong> koorimine, mehaaniline n\u00e4opuhastus, kerge massaa\u017e, mask<\/td>\n<td width=\"87\">50 min<\/td>\n<td colspan=\"2\" width=\"118\">52\u20ac<\/td>\n<\/tr>\n<tr>\n<td colspan=\"2\" width=\"637\"><\/td>\n<td width=\"87\"><\/td>\n<td colspan=\"2\" width=\"118\"><\/td>\n<\/tr>\n<tr>\n<td colspan=\"2\">Vananemisvastane trimmiv n\u00e4ohoolitsus (koorimine, massaa\u017e, mask)<\/td>\n<td width=\"87\">55 min<\/td>\n<td colspan=\"2\" width=\"118\">65 \u20ac<\/td>\n<\/tr>\n<tr>\n<td colspan=\"2\" width=\"637\">Niisutav n\u00e4ohoolitsus (koorimine, massaa\u017e, mask)<\/td>\n<td width=\"87\">55 min<\/td>\n<td colspan=\"2\" width=\"118\">65 \u20ac<\/td>\n<\/tr>\n<tr>\n<td colspan=\"2\" width=\"637\">Rahustav n\u00e4ohoolitsus tundlikule nahale (koorimine, massaa\u017e, mask)<\/td>\n<td width=\"87\">55 min<\/td>\n<td colspan=\"2\" width=\"118\">65 \u20ac<\/td>\n<\/tr>\n<tr>\n<td colspan=\"2\" width=\"637\">N\u00e4o-ja dekoltee hoolitsus (massaa\u017e, mask)<\/td>\n<td width=\"87\">40 min<\/td>\n<td colspan=\"2\" width=\"118\">45 \u20ac<\/td>\n<\/tr>\n<tr>\n<td colspan=\"2\" width=\"637\">Puhastav n\u00e4ohoolitsus nooretele kuni 18 a k.a (koorimine, n\u00e4o mehhaaniline puhastus, mask)<\/td>\n<td width=\"87\">45 min<\/td>\n<td colspan=\"2\" width=\"118\">42 \u20ac<\/td>\n<\/tr>\n<tr>\n<td colspan=\"2\" width=\"637\">Silma\u00fcmbruse hoolitsus portselanlusikatega<\/td>\n<td width=\"87\">45 min<\/td>\n<td colspan=\"2\" width=\"118\">60 \u20ac<\/td>\n<\/tr>\n<tr>\n<td colspan=\"2\" width=\"637\">Laste n\u00e4ohoolitsus kuni 14 a k.a (massaa\u017e, mask)<\/td>\n<td width=\"87\">25 min<\/td>\n<td colspan=\"2\" width=\"118\">25 \u20ac<\/td>\n<\/tr>\n<\/tbody>\n<\/table>\n<h2>RIPSMED, KULMUD<\/h2>\n<table width=\"842\">\n<tbody>\n<tr>\n<td colspan=\"2\" width=\"637\">Pakett: kulmude ja ripsmete v\u00e4rvimine, kulmude modelleerimine<\/td>\n<td width=\"87\"><\/td>\n<td colspan=\"2\" width=\"118\">27 \u20ac<\/td>\n<\/tr>\n<tr>\n<td colspan=\"2\" width=\"637\">Kulmude modelleerimine<\/td>\n<td width=\"87\"><\/td>\n<td colspan=\"2\" width=\"118\">10 \u20ac<\/td>\n<\/tr>\n<tr>\n<td colspan=\"2\" width=\"637\">Kulmude v\u00e4rvimine<\/td>\n<td width=\"87\"><\/td>\n<td colspan=\"2\" width=\"118\">12 \u20ac<\/td>\n<\/tr>\n<tr>\n<td colspan=\"2\" width=\"637\">Ripsmete v\u00e4rvimine<\/td>\n<td width=\"87\"><\/td>\n<td colspan=\"2\" width=\"118\">12 \u20ac<\/td>\n<\/tr>\n<\/tbody>\n<\/table>\n<h2 class=\"page-title\">Hoolitsused k\u00e4tele ja jalgadele<\/h2>\n<table width=\"842\">\n<tbody>\n<tr>\n<td colspan=\"2\" width=\"637\"><strong>K\u00c4TEHOOLITSUSED<\/strong><\/td>\n<td width=\"87\"><\/td>\n<td width=\"64\"><\/td>\n<\/tr>\n<tr>\n<td colspan=\"2\" width=\"637\">Manik\u00fc\u00fcr (manik\u00fc\u00fcr, massaa\u017e, k\u00fc\u00fcnelakita)<\/td>\n<td width=\"87\"><\/td>\n<td width=\"64\">35 \u20ac<\/td>\n<\/tr>\n<tr>\n<td colspan=\"2\" width=\"637\">Spaa-manik\u00fc\u00fcr (manik\u00fc\u00fcr, koorimine, m\u00e4his, massaa\u017e, k\u00fc\u00fcnelakita)<\/td>\n<td width=\"87\"><\/td>\n<td width=\"64\">45 \u20ac<\/td>\n<\/tr>\n<tr>\n<td colspan=\"2\" width=\"637\">K\u00fc\u00fcnte lakkimine (manik\u00fc\u00fcrile lisaks)<\/td>\n<td width=\"87\"><\/td>\n<td width=\"64\">6 \u20ac<\/td>\n<\/tr>\n<tr>\n<td colspan=\"2\" width=\"637\">Manik\u00fc\u00fcr noortele kuni 14 a k.a (k\u00fc\u00fcnelakita)<\/td>\n<td width=\"87\">30 min<\/td>\n<td width=\"64\">27 \u20ac<\/td>\n<\/tr>\n<tr>\n<td colspan=\"2\" width=\"637\"><strong>JALAHOOLITSUSED<\/strong><\/td>\n<td width=\"87\"><\/td>\n<td width=\"64\"><\/td>\n<\/tr>\n<tr>\n<td colspan=\"2\" width=\"637\">Pedik\u00fc\u00fcr (pedik\u00fc\u00fcr, massaa\u017e, k\u00fc\u00fcnelakita)<\/td>\n<td width=\"87\"><\/td>\n<td width=\"64\">47 \u20ac<\/td>\n<\/tr>\n<tr>\n<td colspan=\"2\" width=\"637\">Spaa-pedik\u00fc\u00fcr (pedik\u00fc\u00fcr, koorimine, massaa\u017e, m\u00e4his, k\u00fc\u00fcnelakita)<\/td>\n<td width=\"87\">75 min<\/td>\n<td width=\"64\">60 \u20ac<\/td>\n<\/tr>\n<tr>\n<td colspan=\"2\" width=\"637\">K\u00fc\u00fcnte lakkimine (pedik\u00fc\u00fcrile lisaks)<\/td>\n<td width=\"87\"><\/td>\n<td width=\"64\">6 \u20ac<\/td>\n<\/tr>\n<tr>\n<td colspan=\"2\" width=\"637\">Pedik\u00fc\u00fcr noortele kuni 14 a k.a (jalahooldus, kreemmask, k\u00fc\u00fcnelakita)<\/td>\n<td width=\"87\">30 min<\/td>\n<td width=\"64\">30 \u20ac<\/td>\n<\/tr>\n<\/tbody>\n<\/table>\n<p><em><strong>Klassikaline manik\u00fc\u00fcr: <\/strong>k\u00fc\u00fcnte viilimine, kuju andmine, nahkade tagasil\u00fckkamine, nahkade l\u00f5ikamine tangidega, kreemitamine, kerge massaa\u017e<br \/>\n<\/em><em><strong>Klassikaline pedik\u00fc\u00fcr<\/strong>: jalavann, k\u00fc\u00fcnte viilimine, kuju andmine, nahkade tagasil\u00fckkamine, nahkade l\u00f5ikamine tangidega, nahapaksendite eemadamine raspliga, kreemitamine, kerge massaa\u017e<\/em><\/p>\n<p>Kvaliteetse hoolitsuse tagamiseks,<strong>\u00a0juhime t\u00e4helepanu<\/strong> sellele, et geel-laki\u00a0eemaldamise teenust osutame ainult meie teenindajate poolt paigaldatud geel-lakile. K\u00fcsimuste korral palume konsulteerida meie spetsialistidega.<\/p>\n<h2>DEPILATSIOON<\/h2>\n<table width=\"769\">\n<tbody>\n<tr>\n<td width=\"548\">\u00dclahuul<\/td>\n<td width=\"78\">6 \u20ac<\/td>\n<\/tr>\n<tr>\n<td width=\"548\">L\u00f5ua piirkond<\/td>\n<td width=\"78\">9 \u20ac<\/td>\n<\/tr>\n<tr>\n<td width=\"548\">K\u00e4ed<\/td>\n<td width=\"78\">20 \u20ac<\/td>\n<\/tr>\n<tr>\n<td width=\"548\">Kaenlaalused<\/td>\n<td width=\"78\">15 \u20ac<\/td>\n<\/tr>\n<tr>\n<td width=\"548\">Jalgade \u00fclaosa<\/td>\n<td width=\"78\">20 \u20ac<\/td>\n<\/tr>\n<tr>\n<td width=\"548\">Jalad kuni p\u00f5lvedeni<\/td>\n<td width=\"78\">20 \u20ac<\/td>\n<\/tr>\n<\/tbody>\n<\/table>\n<h2 class=\"page-title\">Kehahoolitsused<\/h2>\n<table width=\"769\">\n<tbody>\n<tr>\n<td width=\"548\">De Lux hoolitsus (koorimine, m\u00e4his, kerge massaa\u017e). <em>De Lux kehahoolitsuste valikus on erinevate aroomidega maskid.<\/em><\/td>\n<td colspan=\"2\" width=\"88\">85 min<\/td>\n<td width=\"71\">65 \u20ac<\/td>\n<\/tr>\n<tr>\n<td width=\"548\">Kehahoolitsus (koorimine, m\u00e4his)<\/td>\n<td colspan=\"2\" width=\"88\">45 min<\/td>\n<td width=\"71\">48 \u20ac<\/td>\n<\/tr>\n<tr>\n<td width=\"548\">Kuum parafango tselluliidihoolitsus (puusad, jalad, k\u00f5ht)<\/td>\n<td colspan=\"2\" width=\"88\">85 min<\/td>\n<td width=\"71\">68 \u20ac<\/td>\n<\/tr>\n<tr>\n<td width=\"548\">Kuum parafango tselluliidihoolitsus (selg v\u00f5i jalad)<\/td>\n<td colspan=\"2\" width=\"88\">55 min<\/td>\n<td width=\"71\">58 \u20ac<\/td>\n<\/tr>\n<tr>\n<td width=\"548\">Kombineeritud n\u00e4o- ja kehahoolitsus \u201eIlunauding\u201c<\/td>\n<td colspan=\"2\" width=\"88\">85 min<\/td>\n<td width=\"71\">78 \u20ac<\/td>\n<\/tr>\n<tr>\n<td width=\"548\">Seljahoolitsus mudaga<\/td>\n<td colspan=\"2\" width=\"88\">45 min<\/td>\n<td width=\"71\">55 \u20ac<\/td>\n<\/tr>\n<tr>\n<td width=\"548\">Kehahoolitsus meestele (koorimine, m\u00e4his, kerge massaa\u017e)<\/td>\n<td colspan=\"2\" width=\"88\">85 min<\/td>\n<td width=\"71\">65 \u20ac<\/td>\n<\/tr>\n<\/tbody>\n<\/table>\n<h3 class=\"page-title\"><em>Hoolitsused lastele<\/em><\/h3>\n<table width=\"788\">\n<tbody>\n<tr>\n<td colspan=\"2\" width=\"637\">&#8220;V\u00e4ike kaunitar&#8221; \u2013 hoolitsus kuni 14 a (k.a) t\u00fcdrukule (m\u00e4his, kerge massaa\u017e)<\/td>\n<td width=\"87\">25 min<\/td>\n<td width=\"64\">25 \u20ac<\/td>\n<\/tr>\n<tr>\n<td colspan=\"2\" width=\"637\">&#8220;Aeg maha!&#8221; \u2013 hoolitsus kuni 14 a (k.a) poisile (m\u00e4his, kerge massaa\u017e)<\/td>\n<td width=\"87\">25 min<\/td>\n<td width=\"64\">25 \u20ac<\/td>\n<\/tr>\n<tr>\n<td colspan=\"2\" width=\"637\">L\u00f5\u00f5gastav massaa\u017e kuni 14 a (k.a) lastele<\/td>\n<td width=\"87\">20 min<\/td>\n<td width=\"64\">25 \u20ac<\/td>\n<\/tr>\n<\/tbody>\n<\/table>\n<h2 class=\"page-title\">Massaa\u017eid<\/h2>\n<table width=\"842\">\n<tbody>\n<tr>\n<td colspan=\"2\" width=\"637\"><\/td>\n<td width=\"87\"><\/td>\n<td width=\"64\"><strong>E-N<\/strong><\/td>\n<td width=\"54\"><strong>R-P<\/strong><\/td>\n<\/tr>\n<tr>\n<td colspan=\"2\" rowspan=\"3\" width=\"637\">Klassikaline massaa\u017e<\/td>\n<td width=\"87\">60 min<\/td>\n<td width=\"64\">48 \u20ac<\/td>\n<td width=\"54\">50 \u20ac<\/td>\n<\/tr>\n<tr>\n<td width=\"87\">45 min<\/td>\n<td width=\"64\">41 \u20ac<\/td>\n<td width=\"54\">43 \u20ac<\/td>\n<\/tr>\n<tr>\n<td width=\"87\">20 min<\/td>\n<td width=\"64\">27 \u20ac<\/td>\n<td width=\"54\">30 \u20ac<\/td>\n<\/tr>\n<tr>\n<td colspan=\"2\" width=\"637\">Meemassaa\u017e<\/td>\n<td width=\"87\">60 min<\/td>\n<td width=\"64\">56 \u20ac<\/td>\n<td width=\"54\">58 \u20ac<\/td>\n<\/tr>\n<tr>\n<td colspan=\"2\" width=\"637\">Kombineeritud l\u00fcmfi- ja klassikaline massaa\u017e<\/td>\n<td width=\"87\">75 min<\/td>\n<td width=\"64\">58 \u20ac<\/td>\n<td width=\"54\">60 \u20ac<\/td>\n<\/tr>\n<tr>\n<td colspan=\"2\" rowspan=\"2\" width=\"637\">J\u00e4\u00e4kaineid v\u00e4ljutav l\u00fcmfimassaa\u017e<\/td>\n<td width=\"87\">75 min<\/td>\n<td width=\"64\">58 \u20ac<\/td>\n<td width=\"54\">60 \u20ac<\/td>\n<\/tr>\n<tr>\n<td width=\"87\">45 min<\/td>\n<td width=\"64\">46 \u20ac<\/td>\n<td width=\"54\">48 \u20ac<\/td>\n<\/tr>\n<tr>\n<td colspan=\"2\" width=\"637\">Bali peamassaa\u017e<\/td>\n<td width=\"87\">20 min<\/td>\n<td width=\"64\">28 \u20ac<\/td>\n<td width=\"54\">30 \u20ac<\/td>\n<\/tr>\n<tr>\n<td colspan=\"2\" width=\"637\">L\u00f5\u00f5gastav aroomimassaa\u017e<\/td>\n<td width=\"87\">60 min<\/td>\n<td width=\"64\">53 \u20ac<\/td>\n<td width=\"54\">55 \u20ac<\/td>\n<\/tr>\n<tr>\n<td colspan=\"2\" width=\"637\">Eksootilne laavakivi massaa\u017e<\/td>\n<td width=\"87\">75 min<\/td>\n<td width=\"64\">65 \u20ac<\/td>\n<td width=\"54\">67 \u20ac<\/td>\n<\/tr>\n<tr>\n<td colspan=\"2\" width=\"637\"><\/td>\n<td width=\"87\">30 min<\/td>\n<td width=\"64\">38 \u20ac<\/td>\n<td width=\"54\">40 \u20ac<\/td>\n<\/tr>\n<tr>\n<td colspan=\"2\" width=\"637\">L\u00f5\u00f5gastav jalatalla punktmassaa\u017e<\/td>\n<td width=\"87\">30 min<\/td>\n<td width=\"64\">39 \u20ac<\/td>\n<td width=\"54\">41 \u20ac<\/td>\n<\/tr>\n<tr>\n<td colspan=\"2\" width=\"637\">Stressiturja massaa\u017e<\/td>\n<td width=\"87\">25 min<\/td>\n<td width=\"64\">35 \u20ac<\/td>\n<td width=\"54\">37 \u20ac<\/td>\n<\/tr>\n<\/tbody>\n<\/table>\n<h3><strong><em>Tai massaa\u017e<\/em><\/strong><\/h3>\n<table>\n<tbody>\n<tr>\n<td width=\"214\">Tai massaa\u017e<\/td>\n<td width=\"201\">60 min<\/td>\n<td width=\"201\">59 \u20ac<\/td>\n<\/tr>\n<tr>\n<td width=\"214\"><\/td>\n<td width=\"201\">90 min<\/td>\n<td width=\"201\">69 \u20ac<\/td>\n<\/tr>\n<tr>\n<td width=\"214\"><\/td>\n<td width=\"201\">120 min<\/td>\n<td width=\"201\">82 \u20ac<\/td>\n<\/tr>\n<tr>\n<td width=\"214\">Tai massaa\u017e \u00f5liga<\/td>\n<td width=\"201\">60 min<\/td>\n<td width=\"201\">59 \u20ac<\/td>\n<\/tr>\n<tr>\n<td width=\"214\"><\/td>\n<td width=\"201\">90 min<\/td>\n<td width=\"201\">69 \u20ac<\/td>\n<\/tr>\n<tr>\n<td width=\"214\"><\/td>\n<td width=\"201\">120 min<\/td>\n<td width=\"201\">82 \u20ac<\/td>\n<\/tr>\n<tr>\n<td width=\"214\">Tai jalatalla massaa\u017e<\/td>\n<td width=\"201\">60 min<\/td>\n<td width=\"201\">50 \u20ac<\/td>\n<\/tr>\n<tr>\n<td width=\"214\">Tai peamassaa\u017e<\/td>\n<td width=\"201\">20 min<\/td>\n<td width=\"201\">29 \u20ac<\/td>\n<\/tr>\n<tr>\n<td width=\"214\">Tai \u00f5lav\u00f6\u00f6tme massaa\u017e<\/td>\n<td width=\"201\">10 min<\/td>\n<td width=\"201\">18 \u20ac<\/td>\n<\/tr>\n<tr>\n<td width=\"214\">Tai\u00a0 \u00f5lav\u00f6\u00f6tme massaa\u017e \u201cSametine Siam\u201d<\/td>\n<td width=\"201\">30 min<\/td>\n<td width=\"201\">38 \u20ac<\/td>\n<\/tr>\n<tr>\n<td width=\"214\">Tai jalamassaa\u017e \u201dKerged jalad\u201d<\/td>\n<td width=\"201\">30 min<\/td>\n<td width=\"201\">38 \u20ac<\/td>\n<\/tr>\n<\/tbody>\n<\/table>\n<p><em>Tai massaa\u017eile broneerimine:<\/em><br \/>\nIlusalong:<span style=\"font-size: 16px;\"> 440 1015, <a href=\"mailto:ilusalong@spaestonia.ee\">ilusalong@spaestonia.ee<\/a><br \/>\n<\/span>Estonia Spa Termid: 447 6865, 447 6870, <a href=\"mailto:termid@spaestonia.ee\">termid@spaestonia.ee<\/a><br \/>\nHotelli vastuv\u00f5tt: 447 6915, <a href=\"mailto:ravip@spaestonia.ee\">ravip@spaestonia.ee<\/a><\/p>\n<h2 class=\"page-title\">JUUKSUR<\/h2>\n<table width=\"807\">\n<tbody>\n<tr>\n<td colspan=\"2\" width=\"656\">Keemiline lokk, l\u00f5ikus, soeng<\/td>\n<td width=\"87\"><\/td>\n<td width=\"64\">al 67 \u20ac<\/td>\n<\/tr>\n<tr>\n<td colspan=\"2\" width=\"656\">V\u00e4rvimine, l\u00f5ikus, soeng<\/td>\n<td width=\"87\"><\/td>\n<td width=\"64\">al 67 \u20ac<\/td>\n<\/tr>\n<tr>\n<td colspan=\"2\" width=\"656\">V\u00e4rvimine, l\u00f5ikus, juuksesalgud, soeng<\/td>\n<td width=\"87\"><\/td>\n<td width=\"64\">al 80 \u20ac<\/td>\n<\/tr>\n<tr>\n<td colspan=\"2\" width=\"656\">Juuksel\u00f5ikus, soeng<\/td>\n<td width=\"87\"><\/td>\n<td width=\"64\">40 \u20ac<\/td>\n<\/tr>\n<tr>\n<td colspan=\"2\" width=\"656\">F\u00f6\u00f6nisoeng \/ rullisoeng<\/td>\n<td width=\"87\"><\/td>\n<td width=\"64\">28 \u20ac<\/td>\n<\/tr>\n<tr>\n<td colspan=\"2\" width=\"656\">Pidulik soeng<\/td>\n<td width=\"87\"><\/td>\n<td width=\"64\">45 \u20ac<\/td>\n<\/tr>\n<tr>\n<td colspan=\"2\" width=\"656\">Juuste hoolitsus ( kerge massaa\u017e, mask)<\/td>\n<td width=\"87\"><\/td>\n<td width=\"64\">35 \u20ac<\/td>\n<\/tr>\n<tr>\n<td colspan=\"4\" width=\"656\">JUUKSEL\u00d5IKUSED:<\/td>\n<\/tr>\n<tr>\n<td colspan=\"2\" width=\"656\">\u00a0 \u00a0 \u00a0Lapsed kuni 7 a k.a<\/td>\n<td width=\"87\"><\/td>\n<td width=\"64\">15 \u20ac<\/td>\n<\/tr>\n<tr>\n<td colspan=\"2\" width=\"656\">\u00a0 \u00a0 \u00a0Naised<\/td>\n<td width=\"87\"><\/td>\n<td width=\"64\">30 \u20ac<\/td>\n<\/tr>\n<tr>\n<td colspan=\"2\" width=\"656\">\u00a0 \u00a0 \u00a0Mehed<\/td>\n<td width=\"87\"><\/td>\n<td width=\"64\">25 \u20ac<\/td>\n<\/tr>\n<\/tbody>\n<\/table>\n<p><strong>Ilusalong on avatud:<\/strong><br \/>\nE\u2013R 9.00-17.00<\/p>\n<p><strong>Lisainfo ja broneerimine<\/strong>:<br \/>\n<strong>e-post<\/strong>\u00a0<a title=\"ilusalong@spaestonia.ee\" href=\"mailto:ilusalong@spaestonia.ee\">ilusalong@spaestonia.ee<\/a><br \/>\n<strong>tel<\/strong>\u00a0440 1015<\/p>\n<p>&nbsp;<\/p>\n","protected":false},"excerpt":{"rendered":"<p>ESTONIA Medical Spa ilusalong asub\u00a0A-osa 1. korrusel. Meie iluteeninduse asjatundlikud teenindajad p\u00fc\u00fcavad arvestada Sinu soovidega&hellip;<\/p>\n","protected":false},"author":16,"featured_media":0,"parent":170,"menu_order":0,"comment_status":"closed","ping_status":"closed","template":"","meta":{"footnotes":""},"class_list":["post-17709","page","type-page","status-publish","hentry"],"yoast_head":"<!-- This site is optimized with the Yoast SEO plugin v26.3 - https:\/\/yoast.com\/wordpress\/plugins\/seo\/ -->\n<title>Ilusalongi hinnakiri - ESTONIA Medical Spa &amp; Hotel<\/title>\n<meta name=\"robots\" content=\"index, follow, max-snippet:-1, max-image-preview:large, max-video-preview:-1\" \/>\n<link rel=\"canonical\" href=\"https:\/\/spaestonia.ee\/medical\/ilusalong\/ilusalongi-hinnakiri\/\" \/>\n<meta property=\"og:locale\" content=\"et_EE\" \/>\n<meta property=\"og:type\" content=\"article\" \/>\n<meta property=\"og:title\" content=\"Ilusalongi hinnakiri - ESTONIA Medical Spa &amp; Hotel\" \/>\n<meta property=\"og:description\" content=\"ESTONIA Medical Spa ilusalong asub\u00a0A-osa 1. korrusel. Meie iluteeninduse asjatundlikud teenindajad p\u00fc\u00fcavad arvestada Sinu soovidega&hellip;\" \/>\n<meta property=\"og:url\" content=\"https:\/\/spaestonia.ee\/medical\/ilusalong\/ilusalongi-hinnakiri\/\" \/>\n<meta property=\"og:site_name\" content=\"ESTONIA Medical Spa &amp; Hotel\" \/>\n<meta property=\"article:publisher\" content=\"https:\/\/www.facebook.com\/EstoniaMedicalSpa\" \/>\n<meta property=\"article:modified_time\" content=\"2025-11-10T14:25:06+00:00\" \/>\n<meta name=\"twitter:card\" content=\"summary_large_image\" \/>\n<meta name=\"twitter:label1\" content=\"Est. reading time\" \/>\n\t<meta name=\"twitter:data1\" content=\"5 minutit\" \/>\n<script type=\"application\/ld+json\" class=\"yoast-schema-graph\">{\"@context\":\"https:\/\/schema.org\",\"@graph\":[{\"@type\":\"WebPage\",\"@id\":\"https:\/\/spaestonia.ee\/medical\/ilusalong\/ilusalongi-hinnakiri\/\",\"url\":\"https:\/\/spaestonia.ee\/medical\/ilusalong\/ilusalongi-hinnakiri\/\",\"name\":\"Ilusalongi hinnakiri - ESTONIA Medical Spa &amp; Hotel\",\"isPartOf\":{\"@id\":\"https:\/\/www.spaestonia.ee\/medical\/#website\"},\"datePublished\":\"2022-12-13T12:16:40+00:00\",\"dateModified\":\"2025-11-10T14:25:06+00:00\",\"breadcrumb\":{\"@id\":\"https:\/\/spaestonia.ee\/medical\/ilusalong\/ilusalongi-hinnakiri\/#breadcrumb\"},\"inLanguage\":\"et\",\"potentialAction\":[{\"@type\":\"ReadAction\",\"target\":[\"https:\/\/spaestonia.ee\/medical\/ilusalong\/ilusalongi-hinnakiri\/\"]}]},{\"@type\":\"BreadcrumbList\",\"@id\":\"https:\/\/spaestonia.ee\/medical\/ilusalong\/ilusalongi-hinnakiri\/#breadcrumb\",\"itemListElement\":[{\"@type\":\"ListItem\",\"position\":1,\"name\":\"Home\",\"item\":\"https:\/\/www.spaestonia.ee\/medical\/\"},{\"@type\":\"ListItem\",\"position\":2,\"name\":\"Ilusalong\",\"item\":\"https:\/\/www.spaestonia.ee\/medical\/ilusalong\/\"},{\"@type\":\"ListItem\",\"position\":3,\"name\":\"Ilusalongi hinnakiri\"}]},{\"@type\":\"WebSite\",\"@id\":\"https:\/\/www.spaestonia.ee\/medical\/#website\",\"url\":\"https:\/\/www.spaestonia.ee\/medical\/\",\"name\":\"ESTONIA Medical Spa & Hotel\",\"description\":\"Ravispaa - Terveyskylpyl\u00e4 - P\u00e4rnu\",\"publisher\":{\"@id\":\"https:\/\/www.spaestonia.ee\/medical\/#organization\"},\"potentialAction\":[{\"@type\":\"SearchAction\",\"target\":{\"@type\":\"EntryPoint\",\"urlTemplate\":\"https:\/\/www.spaestonia.ee\/medical\/?s={search_term_string}\"},\"query-input\":{\"@type\":\"PropertyValueSpecification\",\"valueRequired\":true,\"valueName\":\"search_term_string\"}}],\"inLanguage\":\"et\"},{\"@type\":\"Organization\",\"@id\":\"https:\/\/www.spaestonia.ee\/medical\/#organization\",\"name\":\"ESTONIA Medical Spa & Hotel\",\"url\":\"https:\/\/www.spaestonia.ee\/medical\/\",\"logo\":{\"@type\":\"ImageObject\",\"inLanguage\":\"et\",\"@id\":\"https:\/\/www.spaestonia.ee\/medical\/#\/schema\/logo\/image\/\",\"url\":\"https:\/\/www.spaestonia.ee\/medical\/wp-content\/uploads\/2025\/02\/medical.jpg\",\"contentUrl\":\"https:\/\/www.spaestonia.ee\/medical\/wp-content\/uploads\/2025\/02\/medical.jpg\",\"width\":700,\"height\":450,\"caption\":\"ESTONIA Medical Spa & Hotel\"},\"image\":{\"@id\":\"https:\/\/www.spaestonia.ee\/medical\/#\/schema\/logo\/image\/\"},\"sameAs\":[\"https:\/\/www.facebook.com\/EstoniaMedicalSpa\"]}]}<\/script>\n<!-- \/ Yoast SEO plugin. -->","yoast_head_json":{"title":"Ilusalongi hinnakiri - ESTONIA Medical Spa &amp; Hotel","robots":{"index":"index","follow":"follow","max-snippet":"max-snippet:-1","max-image-preview":"max-image-preview:large","max-video-preview":"max-video-preview:-1"},"canonical":"https:\/\/spaestonia.ee\/medical\/ilusalong\/ilusalongi-hinnakiri\/","og_locale":"et_EE","og_type":"article","og_title":"Ilusalongi hinnakiri - ESTONIA Medical Spa &amp; Hotel","og_description":"ESTONIA Medical Spa ilusalong asub\u00a0A-osa 1. korrusel. Meie iluteeninduse asjatundlikud teenindajad p\u00fc\u00fcavad arvestada Sinu soovidega&hellip;","og_url":"https:\/\/spaestonia.ee\/medical\/ilusalong\/ilusalongi-hinnakiri\/","og_site_name":"ESTONIA Medical Spa &amp; Hotel","article_publisher":"https:\/\/www.facebook.com\/EstoniaMedicalSpa","article_modified_time":"2025-11-10T14:25:06+00:00","twitter_card":"summary_large_image","twitter_misc":{"Est. reading time":"5 minutit"},"schema":{"@context":"https:\/\/schema.org","@graph":[{"@type":"WebPage","@id":"https:\/\/spaestonia.ee\/medical\/ilusalong\/ilusalongi-hinnakiri\/","url":"https:\/\/spaestonia.ee\/medical\/ilusalong\/ilusalongi-hinnakiri\/","name":"Ilusalongi hinnakiri - ESTONIA Medical Spa &amp; Hotel","isPartOf":{"@id":"https:\/\/www.spaestonia.ee\/medical\/#website"},"datePublished":"2022-12-13T12:16:40+00:00","dateModified":"2025-11-10T14:25:06+00:00","breadcrumb":{"@id":"https:\/\/spaestonia.ee\/medical\/ilusalong\/ilusalongi-hinnakiri\/#breadcrumb"},"inLanguage":"et","potentialAction":[{"@type":"ReadAction","target":["https:\/\/spaestonia.ee\/medical\/ilusalong\/ilusalongi-hinnakiri\/"]}]},{"@type":"BreadcrumbList","@id":"https:\/\/spaestonia.ee\/medical\/ilusalong\/ilusalongi-hinnakiri\/#breadcrumb","itemListElement":[{"@type":"ListItem","position":1,"name":"Home","item":"https:\/\/www.spaestonia.ee\/medical\/"},{"@type":"ListItem","position":2,"name":"Ilusalong","item":"https:\/\/www.spaestonia.ee\/medical\/ilusalong\/"},{"@type":"ListItem","position":3,"name":"Ilusalongi hinnakiri"}]},{"@type":"WebSite","@id":"https:\/\/www.spaestonia.ee\/medical\/#website","url":"https:\/\/www.spaestonia.ee\/medical\/","name":"ESTONIA Medical Spa & Hotel","description":"Ravispaa - Terveyskylpyl\u00e4 - P\u00e4rnu","publisher":{"@id":"https:\/\/www.spaestonia.ee\/medical\/#organization"},"potentialAction":[{"@type":"SearchAction","target":{"@type":"EntryPoint","urlTemplate":"https:\/\/www.spaestonia.ee\/medical\/?s={search_term_string}"},"query-input":{"@type":"PropertyValueSpecification","valueRequired":true,"valueName":"search_term_string"}}],"inLanguage":"et"},{"@type":"Organization","@id":"https:\/\/www.spaestonia.ee\/medical\/#organization","name":"ESTONIA Medical Spa & Hotel","url":"https:\/\/www.spaestonia.ee\/medical\/","logo":{"@type":"ImageObject","inLanguage":"et","@id":"https:\/\/www.spaestonia.ee\/medical\/#\/schema\/logo\/image\/","url":"https:\/\/www.spaestonia.ee\/medical\/wp-content\/uploads\/2025\/02\/medical.jpg","contentUrl":"https:\/\/www.spaestonia.ee\/medical\/wp-content\/uploads\/2025\/02\/medical.jpg","width":700,"height":450,"caption":"ESTONIA Medical Spa & Hotel"},"image":{"@id":"https:\/\/www.spaestonia.ee\/medical\/#\/schema\/logo\/image\/"},"sameAs":["https:\/\/www.facebook.com\/EstoniaMedicalSpa"]}]}},"_links":{"self":[{"href":"https:\/\/spaestonia.ee\/medical\/wp-json\/wp\/v2\/pages\/17709","targetHints":{"allow":["GET"]}}],"collection":[{"href":"https:\/\/spaestonia.ee\/medical\/wp-json\/wp\/v2\/pages"}],"about":[{"href":"https:\/\/spaestonia.ee\/medical\/wp-json\/wp\/v2\/types\/page"}],"author":[{"embeddable":true,"href":"https:\/\/spaestonia.ee\/medical\/wp-json\/wp\/v2\/users\/16"}],"replies":[{"embeddable":true,"href":"https:\/\/spaestonia.ee\/medical\/wp-json\/wp\/v2\/comments?post=17709"}],"version-history":[{"count":53,"href":"https:\/\/spaestonia.ee\/medical\/wp-json\/wp\/v2\/pages\/17709\/revisions"}],"predecessor-version":[{"id":22861,"href":"https:\/\/spaestonia.ee\/medical\/wp-json\/wp\/v2\/pages\/17709\/revisions\/22861"}],"up":[{"embeddable":true,"href":"https:\/\/spaestonia.ee\/medical\/wp-json\/wp\/v2\/pages\/170"}],"wp:attachment":[{"href":"https:\/\/spaestonia.ee\/medical\/wp-json\/wp\/v2\/media?parent=17709"}],"curies":[{"name":"wp","href":"https:\/\/api.w.org\/{rel}","templated":true}]}}