{"id":18639,"date":"2023-04-26T12:35:00","date_gmt":"2023-04-26T09:35:00","guid":{"rendered":"https:\/\/www.spaestonia.ee\/medical\/?page_id=18639"},"modified":"2026-01-08T11:53:31","modified_gmt":"2026-01-08T09:53:31","slug":"soovin-tellida-paberkandjal-summalise-kinkekaardi","status":"publish","type":"page","link":"https:\/\/spaestonia.ee\/medical\/soovin-tellida-paberkandjal-summalise-kinkekaardi\/","title":{"rendered":"Paberkandjal kinkekaart"},"content":{"rendered":"<p><img loading=\"lazy\" decoding=\"async\" class=\"alignright wp-image-4676 \" src=\"http:\/\/www.spaestonia.ee\/medical\/wp-content\/uploads\/2015\/11\/kinkekaartslider1200x500-e1682500620682.jpg\" alt=\"\" width=\"479\" height=\"240\" srcset=\"https:\/\/spaestonia.ee\/medical\/wp-content\/uploads\/2015\/11\/kinkekaartslider1200x500-e1682500620682.jpg 847w, https:\/\/spaestonia.ee\/medical\/wp-content\/uploads\/2015\/11\/kinkekaartslider1200x500-e1682500620682-300x150.jpg 300w, https:\/\/spaestonia.ee\/medical\/wp-content\/uploads\/2015\/11\/kinkekaartslider1200x500-e1682500620682-768x384.jpg 768w\" sizes=\"auto, (max-width: 479px) 100vw, 479px\" \/>Et hoida seda r\u00f5\u00f5mu ja lapsemeelset elevust, kui avastad postkastist Sulle adresseeritud \u00fcmbriku, on v\u00f5imalus kingituseks osta ka paberkandjal kinkekaarte. Kauni kinkekaardi \u00fcmbrisesse pandud spetsiaalselt kujundatud kaart toob naeratuse iga\u00fche n\u00e4ole.<\/p>\n<h3><strong>Paberkandjal kinkekaardi ostmine ja kohaletoimetamine<\/strong><\/h3>\n<ul>\n<li>Kinkekaarti saab osta <strong>ESTONIA Medical Spa &amp; Hotel\u2019i vastuv\u00f5tus<\/strong>(P\u00e4rna 12, P\u00e4rnu) ning\u00a0<strong> spaakeskuse TERMID vastuv\u00f5tus<\/strong> (S\u00e4\u00e4se 7, P\u00e4rnu), tasumisega kohapeal sularahas v\u00f5i kaardiga;<\/li>\n<li>Kinkekaarti saab samuti tellida kodulehelt, sel juhul on tasumine arvega, saadame kinkekaardi arve tellija e-posti aadressile.<\/li>\n<li>Arve laekumise j\u00e4rgselt postitame kinkekaardi soovitud aadressile Eesti piires.<br \/>\n\u2013 Palun arvestada k\u00e4ttetoimetamisajaga v\u00e4hemalt 5 \u2013 7 t\u00f6\u00f6p\u00e4eva alates ettemaksuarve tasumisest.<br \/>\n\u2013 Kinkekaardi maksumusele lisandub saatmiskulu:<br \/>\n* tavapostiga 2,90 \u20ac (koos k\u00e4ibemaksuga);<br \/>\n* t\u00e4hitud kirjana 9,50 \u20ac (koos k\u00e4ibemaksuga);<br \/>\n* SmartPosti automaati 5,20 \u20ac (koos k\u00e4ibemaksuga).<\/li>\n<\/ul>\n<h3><strong>Paberkandjal kinkekaardi hind, teenuse vahetamine, kehtivus ja pikendamine<\/strong><\/h3>\n<ul>\n<li>K\u00f5ik m\u00fc\u00fcdavate kinkekaardi teenuste hinnad on eurodes.<\/li>\n<li>Teenusep\u00f5hise kinkekaardi v\u00e4\u00e4rtus v\u00f5ib erineda vastava teenuse broneerimise\/tarbimise\/ostmise hetkel kehtivast letihinnast. Hinnavahet ei kompenseerita kui broneeritud teenuse summa on v\u00e4iksem kinkekaardi v\u00e4\u00e4rtusest.<\/li>\n<li>Kinkekaarti ei vahetata sularaha vastu ning kinkekaardi eest ei saa osta uut kinkekaarti.<\/li>\n<li>Teenusep\u00f5hist kinkekaarti ei vahetata teise teenuse vastu.<\/li>\n<li>Kinkekaardi kehtivus on 12 kuud alates ostu kuup\u00e4evast.<\/li>\n<li>Kinkekaart peab olema kehtiv teenuse kasutamise p\u00e4eval ning seda ei saa kasutada ettemaksena p\u00e4rast kehtivusaja l\u00f5ppu, sealhulgas majutuse v\u00f5i muude teenuste ette broneerimiseks.<\/li>\n<li>Kinkekaardi kehtivust on v\u00f5imalik pikendada \u00fcks kord 6 kuuks, muutmistasu 25 \u20ac kinkekaardi kohta.<\/li>\n<li>Hotellil on \u00f5igus kehtestada kampaaniate v\u00f5i erikokkulepete raames kinkekaardile eritingimusi. Sel juhul on need eraldi \u00e4ra m\u00e4rgitud kaardi kehtivusaja juures.<\/li>\n<li>Aegunud kinkekaarte ei pikendata.<\/li>\n<li>Kaotatud v\u00f5i rikutud kinkekaarte ei asendata.<\/li>\n<\/ul>\n<p><a href=\"https:\/\/www.spaestonia.ee\/medical\/kinkekaart\/elamus-kinkekaart-estonia-ravispaas-ja-termides\/\">Telli paberkandjal elamuskinkekaart<strong>\u00a0siit \u00bb<\/strong><\/a><strong><br \/>\n<\/strong><a href=\"https:\/\/www.spaestonia.ee\/medical\/kinkekaart\/summaline-kinkekaart\/\">Telli paberkandjal summaline kinkekaart\u00a0<strong>siit \u00bb<\/strong><\/a><\/p>\n<p><strong>Lisainfo<\/strong>: e-post\u00a0<a href=\"mailto:sales@spaestonia.ee\">sales@spaestonia.ee<\/a>, tel 447 6905<\/p>\n","protected":false},"excerpt":{"rendered":"<p>Et hoida seda r\u00f5\u00f5mu ja lapsemeelset elevust, kui avastad postkastist Sulle adresseeritud \u00fcmbriku, on v\u00f5imalus&hellip;<\/p>\n","protected":false},"author":16,"featured_media":0,"parent":0,"menu_order":0,"comment_status":"closed","ping_status":"closed","template":"","meta":{"footnotes":""},"class_list":["post-18639","page","type-page","status-publish","hentry"],"yoast_head":"<!-- This site is optimized with the Yoast SEO plugin v26.3 - https:\/\/yoast.com\/wordpress\/plugins\/seo\/ -->\n<title>Paberkandjal kinkekaart - ESTONIA Medical Spa &amp; Hotel<\/title>\n<meta name=\"robots\" content=\"index, follow, max-snippet:-1, max-image-preview:large, max-video-preview:-1\" \/>\n<link rel=\"canonical\" href=\"https:\/\/spaestonia.ee\/medical\/soovin-tellida-paberkandjal-summalise-kinkekaardi\/\" \/>\n<meta property=\"og:locale\" content=\"et_EE\" \/>\n<meta property=\"og:type\" content=\"article\" \/>\n<meta property=\"og:title\" content=\"Paberkandjal kinkekaart - ESTONIA Medical Spa &amp; Hotel\" \/>\n<meta property=\"og:description\" content=\"Et hoida seda r\u00f5\u00f5mu ja lapsemeelset elevust, kui avastad postkastist Sulle adresseeritud \u00fcmbriku, on v\u00f5imalus&hellip;\" \/>\n<meta property=\"og:url\" content=\"https:\/\/spaestonia.ee\/medical\/soovin-tellida-paberkandjal-summalise-kinkekaardi\/\" \/>\n<meta property=\"og:site_name\" content=\"ESTONIA Medical Spa &amp; Hotel\" \/>\n<meta property=\"article:publisher\" content=\"https:\/\/www.facebook.com\/EstoniaMedicalSpa\" \/>\n<meta property=\"article:modified_time\" content=\"2026-01-08T09:53:31+00:00\" \/>\n<meta property=\"og:image\" content=\"http:\/\/www.spaestonia.ee\/medical\/wp-content\/uploads\/2015\/11\/kinkekaartslider1200x500-e1682500620682.jpg\" \/>\n<meta name=\"twitter:card\" content=\"summary_large_image\" \/>\n<meta name=\"twitter:label1\" content=\"Est. reading time\" \/>\n\t<meta name=\"twitter:data1\" content=\"2 minutit\" \/>\n<script type=\"application\/ld+json\" class=\"yoast-schema-graph\">{\"@context\":\"https:\/\/schema.org\",\"@graph\":[{\"@type\":\"WebPage\",\"@id\":\"https:\/\/spaestonia.ee\/medical\/soovin-tellida-paberkandjal-summalise-kinkekaardi\/\",\"url\":\"https:\/\/spaestonia.ee\/medical\/soovin-tellida-paberkandjal-summalise-kinkekaardi\/\",\"name\":\"Paberkandjal kinkekaart - ESTONIA Medical Spa &amp; Hotel\",\"isPartOf\":{\"@id\":\"https:\/\/www.spaestonia.ee\/medical\/#website\"},\"primaryImageOfPage\":{\"@id\":\"https:\/\/spaestonia.ee\/medical\/soovin-tellida-paberkandjal-summalise-kinkekaardi\/#primaryimage\"},\"image\":{\"@id\":\"https:\/\/spaestonia.ee\/medical\/soovin-tellida-paberkandjal-summalise-kinkekaardi\/#primaryimage\"},\"thumbnailUrl\":\"http:\/\/www.spaestonia.ee\/medical\/wp-content\/uploads\/2015\/11\/kinkekaartslider1200x500-e1682500620682.jpg\",\"datePublished\":\"2023-04-26T09:35:00+00:00\",\"dateModified\":\"2026-01-08T09:53:31+00:00\",\"breadcrumb\":{\"@id\":\"https:\/\/spaestonia.ee\/medical\/soovin-tellida-paberkandjal-summalise-kinkekaardi\/#breadcrumb\"},\"inLanguage\":\"et\",\"potentialAction\":[{\"@type\":\"ReadAction\",\"target\":[\"https:\/\/spaestonia.ee\/medical\/soovin-tellida-paberkandjal-summalise-kinkekaardi\/\"]}]},{\"@type\":\"ImageObject\",\"inLanguage\":\"et\",\"@id\":\"https:\/\/spaestonia.ee\/medical\/soovin-tellida-paberkandjal-summalise-kinkekaardi\/#primaryimage\",\"url\":\"http:\/\/www.spaestonia.ee\/medical\/wp-content\/uploads\/2015\/11\/kinkekaartslider1200x500-e1682500620682.jpg\",\"contentUrl\":\"http:\/\/www.spaestonia.ee\/medical\/wp-content\/uploads\/2015\/11\/kinkekaartslider1200x500-e1682500620682.jpg\"},{\"@type\":\"BreadcrumbList\",\"@id\":\"https:\/\/spaestonia.ee\/medical\/soovin-tellida-paberkandjal-summalise-kinkekaardi\/#breadcrumb\",\"itemListElement\":[{\"@type\":\"ListItem\",\"position\":1,\"name\":\"Home\",\"item\":\"https:\/\/www.spaestonia.ee\/medical\/\"},{\"@type\":\"ListItem\",\"position\":2,\"name\":\"Paberkandjal kinkekaart\"}]},{\"@type\":\"WebSite\",\"@id\":\"https:\/\/www.spaestonia.ee\/medical\/#website\",\"url\":\"https:\/\/www.spaestonia.ee\/medical\/\",\"name\":\"ESTONIA Medical Spa & Hotel\",\"description\":\"Ravispaa - Terveyskylpyl\u00e4 - P\u00e4rnu\",\"publisher\":{\"@id\":\"https:\/\/www.spaestonia.ee\/medical\/#organization\"},\"potentialAction\":[{\"@type\":\"SearchAction\",\"target\":{\"@type\":\"EntryPoint\",\"urlTemplate\":\"https:\/\/www.spaestonia.ee\/medical\/?s={search_term_string}\"},\"query-input\":{\"@type\":\"PropertyValueSpecification\",\"valueRequired\":true,\"valueName\":\"search_term_string\"}}],\"inLanguage\":\"et\"},{\"@type\":\"Organization\",\"@id\":\"https:\/\/www.spaestonia.ee\/medical\/#organization\",\"name\":\"ESTONIA Medical Spa & Hotel\",\"url\":\"https:\/\/www.spaestonia.ee\/medical\/\",\"logo\":{\"@type\":\"ImageObject\",\"inLanguage\":\"et\",\"@id\":\"https:\/\/www.spaestonia.ee\/medical\/#\/schema\/logo\/image\/\",\"url\":\"https:\/\/www.spaestonia.ee\/medical\/wp-content\/uploads\/2025\/02\/medical.jpg\",\"contentUrl\":\"https:\/\/www.spaestonia.ee\/medical\/wp-content\/uploads\/2025\/02\/medical.jpg\",\"width\":700,\"height\":450,\"caption\":\"ESTONIA Medical Spa & Hotel\"},\"image\":{\"@id\":\"https:\/\/www.spaestonia.ee\/medical\/#\/schema\/logo\/image\/\"},\"sameAs\":[\"https:\/\/www.facebook.com\/EstoniaMedicalSpa\"]}]}<\/script>\n<!-- \/ Yoast SEO plugin. -->","yoast_head_json":{"title":"Paberkandjal kinkekaart - ESTONIA Medical Spa &amp; Hotel","robots":{"index":"index","follow":"follow","max-snippet":"max-snippet:-1","max-image-preview":"max-image-preview:large","max-video-preview":"max-video-preview:-1"},"canonical":"https:\/\/spaestonia.ee\/medical\/soovin-tellida-paberkandjal-summalise-kinkekaardi\/","og_locale":"et_EE","og_type":"article","og_title":"Paberkandjal kinkekaart - ESTONIA Medical Spa &amp; Hotel","og_description":"Et hoida seda r\u00f5\u00f5mu ja lapsemeelset elevust, kui avastad postkastist Sulle adresseeritud \u00fcmbriku, on v\u00f5imalus&hellip;","og_url":"https:\/\/spaestonia.ee\/medical\/soovin-tellida-paberkandjal-summalise-kinkekaardi\/","og_site_name":"ESTONIA Medical Spa &amp; Hotel","article_publisher":"https:\/\/www.facebook.com\/EstoniaMedicalSpa","article_modified_time":"2026-01-08T09:53:31+00:00","og_image":[{"url":"http:\/\/www.spaestonia.ee\/medical\/wp-content\/uploads\/2015\/11\/kinkekaartslider1200x500-e1682500620682.jpg","type":"","width":"","height":""}],"twitter_card":"summary_large_image","twitter_misc":{"Est. reading time":"2 minutit"},"schema":{"@context":"https:\/\/schema.org","@graph":[{"@type":"WebPage","@id":"https:\/\/spaestonia.ee\/medical\/soovin-tellida-paberkandjal-summalise-kinkekaardi\/","url":"https:\/\/spaestonia.ee\/medical\/soovin-tellida-paberkandjal-summalise-kinkekaardi\/","name":"Paberkandjal kinkekaart - ESTONIA Medical Spa &amp; Hotel","isPartOf":{"@id":"https:\/\/www.spaestonia.ee\/medical\/#website"},"primaryImageOfPage":{"@id":"https:\/\/spaestonia.ee\/medical\/soovin-tellida-paberkandjal-summalise-kinkekaardi\/#primaryimage"},"image":{"@id":"https:\/\/spaestonia.ee\/medical\/soovin-tellida-paberkandjal-summalise-kinkekaardi\/#primaryimage"},"thumbnailUrl":"http:\/\/www.spaestonia.ee\/medical\/wp-content\/uploads\/2015\/11\/kinkekaartslider1200x500-e1682500620682.jpg","datePublished":"2023-04-26T09:35:00+00:00","dateModified":"2026-01-08T09:53:31+00:00","breadcrumb":{"@id":"https:\/\/spaestonia.ee\/medical\/soovin-tellida-paberkandjal-summalise-kinkekaardi\/#breadcrumb"},"inLanguage":"et","potentialAction":[{"@type":"ReadAction","target":["https:\/\/spaestonia.ee\/medical\/soovin-tellida-paberkandjal-summalise-kinkekaardi\/"]}]},{"@type":"ImageObject","inLanguage":"et","@id":"https:\/\/spaestonia.ee\/medical\/soovin-tellida-paberkandjal-summalise-kinkekaardi\/#primaryimage","url":"http:\/\/www.spaestonia.ee\/medical\/wp-content\/uploads\/2015\/11\/kinkekaartslider1200x500-e1682500620682.jpg","contentUrl":"http:\/\/www.spaestonia.ee\/medical\/wp-content\/uploads\/2015\/11\/kinkekaartslider1200x500-e1682500620682.jpg"},{"@type":"BreadcrumbList","@id":"https:\/\/spaestonia.ee\/medical\/soovin-tellida-paberkandjal-summalise-kinkekaardi\/#breadcrumb","itemListElement":[{"@type":"ListItem","position":1,"name":"Home","item":"https:\/\/www.spaestonia.ee\/medical\/"},{"@type":"ListItem","position":2,"name":"Paberkandjal kinkekaart"}]},{"@type":"WebSite","@id":"https:\/\/www.spaestonia.ee\/medical\/#website","url":"https:\/\/www.spaestonia.ee\/medical\/","name":"ESTONIA Medical Spa & Hotel","description":"Ravispaa - Terveyskylpyl\u00e4 - P\u00e4rnu","publisher":{"@id":"https:\/\/www.spaestonia.ee\/medical\/#organization"},"potentialAction":[{"@type":"SearchAction","target":{"@type":"EntryPoint","urlTemplate":"https:\/\/www.spaestonia.ee\/medical\/?s={search_term_string}"},"query-input":{"@type":"PropertyValueSpecification","valueRequired":true,"valueName":"search_term_string"}}],"inLanguage":"et"},{"@type":"Organization","@id":"https:\/\/www.spaestonia.ee\/medical\/#organization","name":"ESTONIA Medical Spa & Hotel","url":"https:\/\/www.spaestonia.ee\/medical\/","logo":{"@type":"ImageObject","inLanguage":"et","@id":"https:\/\/www.spaestonia.ee\/medical\/#\/schema\/logo\/image\/","url":"https:\/\/www.spaestonia.ee\/medical\/wp-content\/uploads\/2025\/02\/medical.jpg","contentUrl":"https:\/\/www.spaestonia.ee\/medical\/wp-content\/uploads\/2025\/02\/medical.jpg","width":700,"height":450,"caption":"ESTONIA Medical Spa & Hotel"},"image":{"@id":"https:\/\/www.spaestonia.ee\/medical\/#\/schema\/logo\/image\/"},"sameAs":["https:\/\/www.facebook.com\/EstoniaMedicalSpa"]}]}},"_links":{"self":[{"href":"https:\/\/spaestonia.ee\/medical\/wp-json\/wp\/v2\/pages\/18639","targetHints":{"allow":["GET"]}}],"collection":[{"href":"https:\/\/spaestonia.ee\/medical\/wp-json\/wp\/v2\/pages"}],"about":[{"href":"https:\/\/spaestonia.ee\/medical\/wp-json\/wp\/v2\/types\/page"}],"author":[{"embeddable":true,"href":"https:\/\/spaestonia.ee\/medical\/wp-json\/wp\/v2\/users\/16"}],"replies":[{"embeddable":true,"href":"https:\/\/spaestonia.ee\/medical\/wp-json\/wp\/v2\/comments?post=18639"}],"version-history":[{"count":14,"href":"https:\/\/spaestonia.ee\/medical\/wp-json\/wp\/v2\/pages\/18639\/revisions"}],"predecessor-version":[{"id":23169,"href":"https:\/\/spaestonia.ee\/medical\/wp-json\/wp\/v2\/pages\/18639\/revisions\/23169"}],"wp:attachment":[{"href":"https:\/\/spaestonia.ee\/medical\/wp-json\/wp\/v2\/media?parent=18639"}],"curies":[{"name":"wp","href":"https:\/\/api.w.org\/{rel}","templated":true}]}}