{"id":18648,"date":"2023-04-26T12:35:13","date_gmt":"2023-04-26T09:35:13","guid":{"rendered":"https:\/\/www.spaestonia.ee\/medical\/?page_id=18648"},"modified":"2023-04-26T13:04:45","modified_gmt":"2023-04-26T10:04:45","slug":"e-poest-e-kinkekaart","status":"publish","type":"page","link":"https:\/\/spaestonia.ee\/medical\/e-poest-e-kinkekaart\/","title":{"rendered":"E-poest e-kinkekaart"},"content":{"rendered":"<p>Estonia Spa Hotels e-poest saad osta kingituseks meelep\u00e4rase e-kinkekaardi kiirelt ja mugavalt.<br \/>\nValikus on nii teenusep\u00f5hised elamuskinkekaardid kui summalised kinkekaardid. Ostetud kinkekaardi voucher saadetakse Sinu poolt m\u00e4rgitud e-posti aadressile kohe ostu tasumise j\u00e4rgselt ning saad selle mugavalt v\u00e4lja printida v\u00f5i kingi saajale elektrooniliselt edastada. E-poest ostetud kinkekaarte ei v\u00e4ljastata hotellis kohapeal.<\/p>\n<h2><strong>E-POOD ASUB\u00a0<a href=\"https:\/\/kinkekaart.spaestonia.ee\/\">SIIN<\/a><\/strong><\/h2>\n<p>Tutvu e-poe ostutingimustega\u00a0<a href=\"https:\/\/www.spaestonia.ee\/medical\/e-poe-ostutingimused\/\">SIIN<\/a>.<br \/>\nTutvu e-poe privaatsustingimustega\u00a0<a href=\"https:\/\/www.spaestonia.ee\/medical\/e-poe-privaatsustingimused\/\">SIIN<\/a>.<\/p>\n","protected":false},"excerpt":{"rendered":"<p>Estonia Spa Hotels e-poest saad osta kingituseks meelep\u00e4rase e-kinkekaardi kiirelt ja mugavalt. Valikus on nii&hellip;<\/p>\n","protected":false},"author":16,"featured_media":0,"parent":0,"menu_order":0,"comment_status":"closed","ping_status":"closed","template":"","meta":{"footnotes":""},"class_list":["post-18648","page","type-page","status-publish","hentry"],"yoast_head":"<!-- This site is optimized with the Yoast SEO plugin v26.3 - https:\/\/yoast.com\/wordpress\/plugins\/seo\/ -->\n<title>E-poest e-kinkekaart - ESTONIA Medical Spa &amp; Hotel<\/title>\n<meta name=\"robots\" content=\"index, follow, max-snippet:-1, max-image-preview:large, max-video-preview:-1\" \/>\n<link rel=\"canonical\" href=\"https:\/\/spaestonia.ee\/medical\/e-poest-e-kinkekaart\/\" \/>\n<meta property=\"og:locale\" content=\"et_EE\" \/>\n<meta property=\"og:type\" content=\"article\" \/>\n<meta property=\"og:title\" content=\"E-poest e-kinkekaart - ESTONIA Medical Spa &amp; Hotel\" \/>\n<meta property=\"og:description\" content=\"Estonia Spa Hotels e-poest saad osta kingituseks meelep\u00e4rase e-kinkekaardi kiirelt ja mugavalt. Valikus on nii&hellip;\" \/>\n<meta property=\"og:url\" content=\"https:\/\/spaestonia.ee\/medical\/e-poest-e-kinkekaart\/\" \/>\n<meta property=\"og:site_name\" content=\"ESTONIA Medical Spa &amp; Hotel\" \/>\n<meta property=\"article:publisher\" content=\"https:\/\/www.facebook.com\/EstoniaMedicalSpa\" \/>\n<meta property=\"article:modified_time\" content=\"2023-04-26T10:04:45+00:00\" \/>\n<meta name=\"twitter:card\" content=\"summary_large_image\" \/>\n<script type=\"application\/ld+json\" class=\"yoast-schema-graph\">{\"@context\":\"https:\/\/schema.org\",\"@graph\":[{\"@type\":\"WebPage\",\"@id\":\"https:\/\/spaestonia.ee\/medical\/e-poest-e-kinkekaart\/\",\"url\":\"https:\/\/spaestonia.ee\/medical\/e-poest-e-kinkekaart\/\",\"name\":\"E-poest e-kinkekaart - ESTONIA Medical Spa &amp; Hotel\",\"isPartOf\":{\"@id\":\"https:\/\/www.spaestonia.ee\/medical\/#website\"},\"datePublished\":\"2023-04-26T09:35:13+00:00\",\"dateModified\":\"2023-04-26T10:04:45+00:00\",\"breadcrumb\":{\"@id\":\"https:\/\/spaestonia.ee\/medical\/e-poest-e-kinkekaart\/#breadcrumb\"},\"inLanguage\":\"et\",\"potentialAction\":[{\"@type\":\"ReadAction\",\"target\":[\"https:\/\/spaestonia.ee\/medical\/e-poest-e-kinkekaart\/\"]}]},{\"@type\":\"BreadcrumbList\",\"@id\":\"https:\/\/spaestonia.ee\/medical\/e-poest-e-kinkekaart\/#breadcrumb\",\"itemListElement\":[{\"@type\":\"ListItem\",\"position\":1,\"name\":\"Home\",\"item\":\"https:\/\/www.spaestonia.ee\/medical\/\"},{\"@type\":\"ListItem\",\"position\":2,\"name\":\"E-poest e-kinkekaart\"}]},{\"@type\":\"WebSite\",\"@id\":\"https:\/\/www.spaestonia.ee\/medical\/#website\",\"url\":\"https:\/\/www.spaestonia.ee\/medical\/\",\"name\":\"ESTONIA Medical Spa & Hotel\",\"description\":\"Ravispaa - Terveyskylpyl\u00e4 - P\u00e4rnu\",\"publisher\":{\"@id\":\"https:\/\/www.spaestonia.ee\/medical\/#organization\"},\"potentialAction\":[{\"@type\":\"SearchAction\",\"target\":{\"@type\":\"EntryPoint\",\"urlTemplate\":\"https:\/\/www.spaestonia.ee\/medical\/?s={search_term_string}\"},\"query-input\":{\"@type\":\"PropertyValueSpecification\",\"valueRequired\":true,\"valueName\":\"search_term_string\"}}],\"inLanguage\":\"et\"},{\"@type\":\"Organization\",\"@id\":\"https:\/\/www.spaestonia.ee\/medical\/#organization\",\"name\":\"ESTONIA Medical Spa & Hotel\",\"url\":\"https:\/\/www.spaestonia.ee\/medical\/\",\"logo\":{\"@type\":\"ImageObject\",\"inLanguage\":\"et\",\"@id\":\"https:\/\/www.spaestonia.ee\/medical\/#\/schema\/logo\/image\/\",\"url\":\"https:\/\/www.spaestonia.ee\/medical\/wp-content\/uploads\/2025\/02\/medical.jpg\",\"contentUrl\":\"https:\/\/www.spaestonia.ee\/medical\/wp-content\/uploads\/2025\/02\/medical.jpg\",\"width\":700,\"height\":450,\"caption\":\"ESTONIA Medical Spa & Hotel\"},\"image\":{\"@id\":\"https:\/\/www.spaestonia.ee\/medical\/#\/schema\/logo\/image\/\"},\"sameAs\":[\"https:\/\/www.facebook.com\/EstoniaMedicalSpa\"]}]}<\/script>\n<!-- \/ Yoast SEO plugin. -->","yoast_head_json":{"title":"E-poest e-kinkekaart - ESTONIA Medical Spa &amp; Hotel","robots":{"index":"index","follow":"follow","max-snippet":"max-snippet:-1","max-image-preview":"max-image-preview:large","max-video-preview":"max-video-preview:-1"},"canonical":"https:\/\/spaestonia.ee\/medical\/e-poest-e-kinkekaart\/","og_locale":"et_EE","og_type":"article","og_title":"E-poest e-kinkekaart - ESTONIA Medical Spa &amp; Hotel","og_description":"Estonia Spa Hotels e-poest saad osta kingituseks meelep\u00e4rase e-kinkekaardi kiirelt ja mugavalt. Valikus on nii&hellip;","og_url":"https:\/\/spaestonia.ee\/medical\/e-poest-e-kinkekaart\/","og_site_name":"ESTONIA Medical Spa &amp; Hotel","article_publisher":"https:\/\/www.facebook.com\/EstoniaMedicalSpa","article_modified_time":"2023-04-26T10:04:45+00:00","twitter_card":"summary_large_image","schema":{"@context":"https:\/\/schema.org","@graph":[{"@type":"WebPage","@id":"https:\/\/spaestonia.ee\/medical\/e-poest-e-kinkekaart\/","url":"https:\/\/spaestonia.ee\/medical\/e-poest-e-kinkekaart\/","name":"E-poest e-kinkekaart - ESTONIA Medical Spa &amp; Hotel","isPartOf":{"@id":"https:\/\/www.spaestonia.ee\/medical\/#website"},"datePublished":"2023-04-26T09:35:13+00:00","dateModified":"2023-04-26T10:04:45+00:00","breadcrumb":{"@id":"https:\/\/spaestonia.ee\/medical\/e-poest-e-kinkekaart\/#breadcrumb"},"inLanguage":"et","potentialAction":[{"@type":"ReadAction","target":["https:\/\/spaestonia.ee\/medical\/e-poest-e-kinkekaart\/"]}]},{"@type":"BreadcrumbList","@id":"https:\/\/spaestonia.ee\/medical\/e-poest-e-kinkekaart\/#breadcrumb","itemListElement":[{"@type":"ListItem","position":1,"name":"Home","item":"https:\/\/www.spaestonia.ee\/medical\/"},{"@type":"ListItem","position":2,"name":"E-poest e-kinkekaart"}]},{"@type":"WebSite","@id":"https:\/\/www.spaestonia.ee\/medical\/#website","url":"https:\/\/www.spaestonia.ee\/medical\/","name":"ESTONIA Medical Spa & Hotel","description":"Ravispaa - Terveyskylpyl\u00e4 - P\u00e4rnu","publisher":{"@id":"https:\/\/www.spaestonia.ee\/medical\/#organization"},"potentialAction":[{"@type":"SearchAction","target":{"@type":"EntryPoint","urlTemplate":"https:\/\/www.spaestonia.ee\/medical\/?s={search_term_string}"},"query-input":{"@type":"PropertyValueSpecification","valueRequired":true,"valueName":"search_term_string"}}],"inLanguage":"et"},{"@type":"Organization","@id":"https:\/\/www.spaestonia.ee\/medical\/#organization","name":"ESTONIA Medical Spa & Hotel","url":"https:\/\/www.spaestonia.ee\/medical\/","logo":{"@type":"ImageObject","inLanguage":"et","@id":"https:\/\/www.spaestonia.ee\/medical\/#\/schema\/logo\/image\/","url":"https:\/\/www.spaestonia.ee\/medical\/wp-content\/uploads\/2025\/02\/medical.jpg","contentUrl":"https:\/\/www.spaestonia.ee\/medical\/wp-content\/uploads\/2025\/02\/medical.jpg","width":700,"height":450,"caption":"ESTONIA Medical Spa & Hotel"},"image":{"@id":"https:\/\/www.spaestonia.ee\/medical\/#\/schema\/logo\/image\/"},"sameAs":["https:\/\/www.facebook.com\/EstoniaMedicalSpa"]}]}},"_links":{"self":[{"href":"https:\/\/spaestonia.ee\/medical\/wp-json\/wp\/v2\/pages\/18648","targetHints":{"allow":["GET"]}}],"collection":[{"href":"https:\/\/spaestonia.ee\/medical\/wp-json\/wp\/v2\/pages"}],"about":[{"href":"https:\/\/spaestonia.ee\/medical\/wp-json\/wp\/v2\/types\/page"}],"author":[{"embeddable":true,"href":"https:\/\/spaestonia.ee\/medical\/wp-json\/wp\/v2\/users\/16"}],"replies":[{"embeddable":true,"href":"https:\/\/spaestonia.ee\/medical\/wp-json\/wp\/v2\/comments?post=18648"}],"version-history":[{"count":5,"href":"https:\/\/spaestonia.ee\/medical\/wp-json\/wp\/v2\/pages\/18648\/revisions"}],"predecessor-version":[{"id":18664,"href":"https:\/\/spaestonia.ee\/medical\/wp-json\/wp\/v2\/pages\/18648\/revisions\/18664"}],"wp:attachment":[{"href":"https:\/\/spaestonia.ee\/medical\/wp-json\/wp\/v2\/media?parent=18648"}],"curies":[{"name":"wp","href":"https:\/\/api.w.org\/{rel}","templated":true}]}}