{"id":19775,"date":"2023-10-06T16:25:26","date_gmt":"2023-10-06T13:25:26","guid":{"rendered":"https:\/\/www.spaestonia.ee\/medical\/?page_id=19775"},"modified":"2023-10-26T15:49:08","modified_gmt":"2023-10-26T12:49:08","slug":"hotelli-info","status":"publish","type":"page","link":"https:\/\/spaestonia.ee\/medical\/hotelli-info\/","title":{"rendered":"Hotelli info"},"content":{"rendered":"<h2>HEA K\u00dcLALINE, TERE TULEMAST!<strong><br \/>\n<\/strong><\/h2>\n<p>ESTONIA Medical Spa &amp; Hotel on tuntud headuses ravispaa ja hotell P\u00e4rnu rannarajoonis. Meie m\u00e4rks\u00f5nadeks on aastak\u00fcmnete pikkune traditsioon ja professionaalsus. Siin tagame Sulle m\u00f5nusa puhkuse ja vajaliku tervisekosutuse. Iga p\u00e4ev ootavad Sind ravi- ja spaaprotseduurid, iluhoolitsuste kabinetid, saunad ja basseinid.<\/p>\n<p>Meile on oluline, et Sinu k\u00fclastus m\u00f5\u00f5duks suurep\u00e4raselt. V\u00f5ta julgelt meiega \u00fchendust, kui Sul tekib k\u00fcsimusi v\u00f5i soove!<\/p>\n<p>Soovime imelisi elamusi meie hotellis!<br \/>\nESTONIA Medical Spa &amp; Hotel meeskond<\/p>\n<hr \/>\n<p>Tutvu allolevalt olulisema hotelli infoga:<\/p>\n<ul>\n<li><a href=\"https:\/\/www.spaestonia.ee\/medical\/hotelli-vastuvott\/\"><strong>HOTELLI VASTUV\u00d5TT<\/strong><\/a><\/li>\n<li><a href=\"https:\/\/www.spaestonia.ee\/medical\/olulised-telefoninumbrid\/\"><strong>OLULISED TELEFONINUMBRID<\/strong><\/a><\/li>\n<li><a href=\"https:\/\/www.spaestonia.ee\/medical\/sook-ja-jook\/\"><strong>S\u00d6\u00d6K JA JOOK<\/strong><\/a> (hommiku-, l\u00f5una- ja \u00f5htus\u00f6\u00f6k, kauplus)<\/li>\n<li><a href=\"https:\/\/www.spaestonia.ee\/medical\/muu-info\/\"><strong>MUU INFO<\/strong><\/a> (wifi, TV, suitsetamine, \u00f6\u00f6rahu, parkimine)<\/li>\n<li><a href=\"https:\/\/www.spaestonia.ee\/medical\/teenused\/\"><strong>TEENUSED<\/strong><\/a> (spaakeskus TERMID, raviprotseduurid, ilusalong, j\u00f5usaal)<\/li>\n<li><a href=\"https:\/\/www.spaestonia.ee\/medical\/tubade-koristamine\/\"><strong>TUBADE KORISTAMINE<\/strong><\/a><\/li>\n<li><a href=\"https:\/\/www.spaestonia.ee\/medical\/lemmikloom\/\"><strong>LEMMIKLOOM<\/strong><\/a><\/li>\n<li><a href=\"https:\/\/www.spaestonia.ee\/medical\/tuleohutus\/\"><strong>TULEOHUTUS<\/strong><\/a><\/li>\n<li><a href=\"https:\/\/www.spaestonia.ee\/medical\/seminarid\/\"><strong>SEMINARID<\/strong><\/a><\/li>\n<\/ul>\n","protected":false},"excerpt":{"rendered":"<p>HEA K\u00dcLALINE, TERE TULEMAST! ESTONIA Medical Spa &amp; Hotel on tuntud headuses ravispaa ja hotell&hellip;<\/p>\n","protected":false},"author":16,"featured_media":0,"parent":0,"menu_order":0,"comment_status":"closed","ping_status":"closed","template":"","meta":{"footnotes":""},"class_list":["post-19775","page","type-page","status-publish","hentry"],"yoast_head":"<!-- This site is optimized with the Yoast SEO plugin v26.3 - https:\/\/yoast.com\/wordpress\/plugins\/seo\/ -->\n<title>Hotelli info - ESTONIA Medical Spa &amp; Hotel<\/title>\n<meta name=\"robots\" content=\"index, follow, max-snippet:-1, max-image-preview:large, max-video-preview:-1\" \/>\n<link rel=\"canonical\" href=\"https:\/\/spaestonia.ee\/medical\/hotelli-info\/\" \/>\n<meta property=\"og:locale\" content=\"et_EE\" \/>\n<meta property=\"og:type\" content=\"article\" \/>\n<meta property=\"og:title\" content=\"Hotelli info - ESTONIA Medical Spa &amp; Hotel\" \/>\n<meta property=\"og:description\" content=\"HEA K\u00dcLALINE, TERE TULEMAST! ESTONIA Medical Spa &amp; Hotel on tuntud headuses ravispaa ja hotell&hellip;\" \/>\n<meta property=\"og:url\" content=\"https:\/\/spaestonia.ee\/medical\/hotelli-info\/\" \/>\n<meta property=\"og:site_name\" content=\"ESTONIA Medical Spa &amp; Hotel\" \/>\n<meta property=\"article:publisher\" content=\"https:\/\/www.facebook.com\/EstoniaMedicalSpa\" \/>\n<meta property=\"article:modified_time\" content=\"2023-10-26T12:49:08+00:00\" \/>\n<meta name=\"twitter:card\" content=\"summary_large_image\" \/>\n<meta name=\"twitter:label1\" content=\"Est. reading time\" \/>\n\t<meta name=\"twitter:data1\" content=\"1 minut\" \/>\n<script type=\"application\/ld+json\" class=\"yoast-schema-graph\">{\"@context\":\"https:\/\/schema.org\",\"@graph\":[{\"@type\":\"WebPage\",\"@id\":\"https:\/\/spaestonia.ee\/medical\/hotelli-info\/\",\"url\":\"https:\/\/spaestonia.ee\/medical\/hotelli-info\/\",\"name\":\"Hotelli info - ESTONIA Medical Spa &amp; Hotel\",\"isPartOf\":{\"@id\":\"https:\/\/www.spaestonia.ee\/medical\/#website\"},\"datePublished\":\"2023-10-06T13:25:26+00:00\",\"dateModified\":\"2023-10-26T12:49:08+00:00\",\"breadcrumb\":{\"@id\":\"https:\/\/spaestonia.ee\/medical\/hotelli-info\/#breadcrumb\"},\"inLanguage\":\"et\",\"potentialAction\":[{\"@type\":\"ReadAction\",\"target\":[\"https:\/\/spaestonia.ee\/medical\/hotelli-info\/\"]}]},{\"@type\":\"BreadcrumbList\",\"@id\":\"https:\/\/spaestonia.ee\/medical\/hotelli-info\/#breadcrumb\",\"itemListElement\":[{\"@type\":\"ListItem\",\"position\":1,\"name\":\"Home\",\"item\":\"https:\/\/www.spaestonia.ee\/medical\/\"},{\"@type\":\"ListItem\",\"position\":2,\"name\":\"Hotelli info\"}]},{\"@type\":\"WebSite\",\"@id\":\"https:\/\/www.spaestonia.ee\/medical\/#website\",\"url\":\"https:\/\/www.spaestonia.ee\/medical\/\",\"name\":\"ESTONIA Medical Spa & Hotel\",\"description\":\"Ravispaa - Terveyskylpyl\u00e4 - P\u00e4rnu\",\"publisher\":{\"@id\":\"https:\/\/www.spaestonia.ee\/medical\/#organization\"},\"potentialAction\":[{\"@type\":\"SearchAction\",\"target\":{\"@type\":\"EntryPoint\",\"urlTemplate\":\"https:\/\/www.spaestonia.ee\/medical\/?s={search_term_string}\"},\"query-input\":{\"@type\":\"PropertyValueSpecification\",\"valueRequired\":true,\"valueName\":\"search_term_string\"}}],\"inLanguage\":\"et\"},{\"@type\":\"Organization\",\"@id\":\"https:\/\/www.spaestonia.ee\/medical\/#organization\",\"name\":\"ESTONIA Medical Spa & Hotel\",\"url\":\"https:\/\/www.spaestonia.ee\/medical\/\",\"logo\":{\"@type\":\"ImageObject\",\"inLanguage\":\"et\",\"@id\":\"https:\/\/www.spaestonia.ee\/medical\/#\/schema\/logo\/image\/\",\"url\":\"https:\/\/www.spaestonia.ee\/medical\/wp-content\/uploads\/2025\/02\/medical.jpg\",\"contentUrl\":\"https:\/\/www.spaestonia.ee\/medical\/wp-content\/uploads\/2025\/02\/medical.jpg\",\"width\":700,\"height\":450,\"caption\":\"ESTONIA Medical Spa & Hotel\"},\"image\":{\"@id\":\"https:\/\/www.spaestonia.ee\/medical\/#\/schema\/logo\/image\/\"},\"sameAs\":[\"https:\/\/www.facebook.com\/EstoniaMedicalSpa\"]}]}<\/script>\n<!-- \/ Yoast SEO plugin. -->","yoast_head_json":{"title":"Hotelli info - ESTONIA Medical Spa &amp; Hotel","robots":{"index":"index","follow":"follow","max-snippet":"max-snippet:-1","max-image-preview":"max-image-preview:large","max-video-preview":"max-video-preview:-1"},"canonical":"https:\/\/spaestonia.ee\/medical\/hotelli-info\/","og_locale":"et_EE","og_type":"article","og_title":"Hotelli info - ESTONIA Medical Spa &amp; Hotel","og_description":"HEA K\u00dcLALINE, TERE TULEMAST! ESTONIA Medical Spa &amp; Hotel on tuntud headuses ravispaa ja hotell&hellip;","og_url":"https:\/\/spaestonia.ee\/medical\/hotelli-info\/","og_site_name":"ESTONIA Medical Spa &amp; Hotel","article_publisher":"https:\/\/www.facebook.com\/EstoniaMedicalSpa","article_modified_time":"2023-10-26T12:49:08+00:00","twitter_card":"summary_large_image","twitter_misc":{"Est. reading time":"1 minut"},"schema":{"@context":"https:\/\/schema.org","@graph":[{"@type":"WebPage","@id":"https:\/\/spaestonia.ee\/medical\/hotelli-info\/","url":"https:\/\/spaestonia.ee\/medical\/hotelli-info\/","name":"Hotelli info - ESTONIA Medical Spa &amp; Hotel","isPartOf":{"@id":"https:\/\/www.spaestonia.ee\/medical\/#website"},"datePublished":"2023-10-06T13:25:26+00:00","dateModified":"2023-10-26T12:49:08+00:00","breadcrumb":{"@id":"https:\/\/spaestonia.ee\/medical\/hotelli-info\/#breadcrumb"},"inLanguage":"et","potentialAction":[{"@type":"ReadAction","target":["https:\/\/spaestonia.ee\/medical\/hotelli-info\/"]}]},{"@type":"BreadcrumbList","@id":"https:\/\/spaestonia.ee\/medical\/hotelli-info\/#breadcrumb","itemListElement":[{"@type":"ListItem","position":1,"name":"Home","item":"https:\/\/www.spaestonia.ee\/medical\/"},{"@type":"ListItem","position":2,"name":"Hotelli info"}]},{"@type":"WebSite","@id":"https:\/\/www.spaestonia.ee\/medical\/#website","url":"https:\/\/www.spaestonia.ee\/medical\/","name":"ESTONIA Medical Spa & Hotel","description":"Ravispaa - Terveyskylpyl\u00e4 - P\u00e4rnu","publisher":{"@id":"https:\/\/www.spaestonia.ee\/medical\/#organization"},"potentialAction":[{"@type":"SearchAction","target":{"@type":"EntryPoint","urlTemplate":"https:\/\/www.spaestonia.ee\/medical\/?s={search_term_string}"},"query-input":{"@type":"PropertyValueSpecification","valueRequired":true,"valueName":"search_term_string"}}],"inLanguage":"et"},{"@type":"Organization","@id":"https:\/\/www.spaestonia.ee\/medical\/#organization","name":"ESTONIA Medical Spa & Hotel","url":"https:\/\/www.spaestonia.ee\/medical\/","logo":{"@type":"ImageObject","inLanguage":"et","@id":"https:\/\/www.spaestonia.ee\/medical\/#\/schema\/logo\/image\/","url":"https:\/\/www.spaestonia.ee\/medical\/wp-content\/uploads\/2025\/02\/medical.jpg","contentUrl":"https:\/\/www.spaestonia.ee\/medical\/wp-content\/uploads\/2025\/02\/medical.jpg","width":700,"height":450,"caption":"ESTONIA Medical Spa & Hotel"},"image":{"@id":"https:\/\/www.spaestonia.ee\/medical\/#\/schema\/logo\/image\/"},"sameAs":["https:\/\/www.facebook.com\/EstoniaMedicalSpa"]}]}},"_links":{"self":[{"href":"https:\/\/spaestonia.ee\/medical\/wp-json\/wp\/v2\/pages\/19775","targetHints":{"allow":["GET"]}}],"collection":[{"href":"https:\/\/spaestonia.ee\/medical\/wp-json\/wp\/v2\/pages"}],"about":[{"href":"https:\/\/spaestonia.ee\/medical\/wp-json\/wp\/v2\/types\/page"}],"author":[{"embeddable":true,"href":"https:\/\/spaestonia.ee\/medical\/wp-json\/wp\/v2\/users\/16"}],"replies":[{"embeddable":true,"href":"https:\/\/spaestonia.ee\/medical\/wp-json\/wp\/v2\/comments?post=19775"}],"version-history":[{"count":9,"href":"https:\/\/spaestonia.ee\/medical\/wp-json\/wp\/v2\/pages\/19775\/revisions"}],"predecessor-version":[{"id":19983,"href":"https:\/\/spaestonia.ee\/medical\/wp-json\/wp\/v2\/pages\/19775\/revisions\/19983"}],"wp:attachment":[{"href":"https:\/\/spaestonia.ee\/medical\/wp-json\/wp\/v2\/media?parent=19775"}],"curies":[{"name":"wp","href":"https:\/\/api.w.org\/{rel}","templated":true}]}}