{"id":3193,"date":"2015-12-02T11:34:26","date_gmt":"2015-12-02T09:34:26","guid":{"rendered":"https:\/\/www.spaestonia.ee\/medical\/?page_id=3193"},"modified":"2026-01-02T14:00:22","modified_gmt":"2026-01-02T12:00:22","slug":"asukoht","status":"publish","type":"page","link":"https:\/\/spaestonia.ee\/medical\/asukoht\/","title":{"rendered":"Asukoht ja parkimine"},"content":{"rendered":"<p>ESTONIA Medical Spa &amp; Hotel\u00a0asub P\u00e4rnu rannarajoonis, 5-minutilise jalutusk\u00e4igu kaugusel rannast ja 15 minuti kaugusel P\u00e4rnu kesklinnast.<\/p>\n<p><strong>Aadress:<\/strong><br \/>\nHotelli vastuv\u00f5tt \u2013 P\u00e4rna 12, P\u00e4rnu, Eesti, <a href=\"https:\/\/www.google.ee\/maps\/place\/P%C3%A4rna+12,+P%C3%A4rnu,+80014+P%C3%A4rnu+maakond\/@58.3792412,24.4970383,18.25z\/data=!4m5!3m4!1s0x46ecfd1a01a3a13d:0x5bbf18408132d848!8m2!3d58.3791463!4d24.4962184?hl=en\" target=\"_blank\" rel=\"noopener\">Google Maps<\/a><br \/>\nTERMID\u00a0\u2013 S\u00e4\u00e4se 7, P\u00e4rnu, Eesti, <a href=\"https:\/\/www.google.ee\/maps\/place\/S%C3%A4%C3%A4se+7,+P%C3%A4rnu,+80012+P%C3%A4rnu+maakond\/@58.3789905,24.4976783,18.5z\/data=!4m5!3m4!1s0x46ecfd1a1d223941:0x49bb8c431542a08!8m2!3d58.3789614!4d24.4970831?hl=en\" target=\"_blank\" rel=\"noopener\">Google Maps<\/a><\/p>\n<hr \/>\n<h3><span style=\"color: #3366ff;\"><strong><img loading=\"lazy\" decoding=\"async\" class=\"wp-image-20798 alignright\" src=\"http:\/\/www.spaestonia.ee\/medical\/wp-content\/uploads\/2024\/04\/Parkimine_Estonia-Medical-Spa-Hotel.jpg\" alt=\"Parkimine_Estonia Medical Spa &amp; Hotel\" width=\"365\" height=\"279\" srcset=\"https:\/\/spaestonia.ee\/medical\/wp-content\/uploads\/2024\/04\/Parkimine_Estonia-Medical-Spa-Hotel.jpg 1100w, https:\/\/spaestonia.ee\/medical\/wp-content\/uploads\/2024\/04\/Parkimine_Estonia-Medical-Spa-Hotel-300x229.jpg 300w, https:\/\/spaestonia.ee\/medical\/wp-content\/uploads\/2024\/04\/Parkimine_Estonia-Medical-Spa-Hotel-1024x783.jpg 1024w, https:\/\/spaestonia.ee\/medical\/wp-content\/uploads\/2024\/04\/Parkimine_Estonia-Medical-Spa-Hotel-768x587.jpg 768w\" sizes=\"auto, (max-width: 365px) 100vw, 365px\" \/><\/strong><\/span><\/h3>\n<h3><span style=\"color: #3366ff;\"><strong>Parkimine ESTONIA Medical Spa &amp; Hotel parklas on <\/strong><\/span><span style=\"color: #3366ff;\"><strong>1.05.-31.08 <\/strong><\/span><span style=\"color: #3366ff;\"><strong>tasuline, muul ajal TASUTA! <\/strong><\/span><span style=\"color: #3366ff;\">Parkida saab vabade kohtade olemasolul.<\/span><\/h3>\n<p><span style=\"color: #3366ff; font-size: 20px;\"><strong>HINNAD 1.05.-31.08<br \/>\n<\/strong><\/span><strong>Parkimiskellaga<\/strong> 30 min tasuta<br \/>\n<strong>5 \u20ac<\/strong> \/ 3h<br \/>\n<strong>10 \u20ac<\/strong> \/ \u00f6\u00f6\u00a0<em>(kehtib sisseregistreerimisest kuni v\u00e4ljaregistreerimiseni)<\/em><\/p>\n<p>Parkimiskohtade arv on piiratud ja ette broneerimine ei ole v\u00f5imalik. Parkimisluba ei taga parkimiskohta kogu hotellis viibimise aja jooksul, juhul kui k\u00fclastaja vahepeal lahkub hotelli parklast.<\/p>\n<p>Parkimise registreerimine ja arveldamine<strong> 1.05-31.08\u00a0<\/strong>toimub\u00a0<strong>AINULT hotelli ja spaakeskuse vastuv\u00f5tus!<\/strong><\/p>\n<hr \/>\n<p><strong>Puudega inimese s\u00f5iduki parkimine hotelli parklas on tasuta<br \/>\n<\/strong>\u2013 Liikumispuudega juht ja liikumispuudega v\u00f5i pimedat inimest teenindava mootors\u00f5iduki juht on <strong>parkimistasu maksmisest hotelli parklas vabastatud<\/strong>;<strong><br \/>\n<\/strong>\u2013 Parkimistasu vabastust t\u00f5endab liiklusseaduse \u00a7-s 167 nimetatud liikumispuudega ja pimedat inimest teenindava s\u00f5iduki parkimiskaart;<br \/>\n\u2013 Parkimiskaart peab olema paigaldatud mootors\u00f5iduki esi- v\u00f5i tagaklaasile.<\/p>\n<p>Parkimist opereerib <a href=\"https:\/\/europark.ee\/\" target=\"_blank\" rel=\"noopener\">EuroPark ESTONIA O\u00dc<\/a>.<\/p>\n<hr \/>\n<p><strong>Parkimistingimustega t\u00e4navatel tutvu Visit P\u00e4rnu kodulehel\u00a0\u00a0<a href=\"https:\/\/visitparnu.com\/parkimine-parnus\/\" target=\"_blank\" rel=\"noopener\">visitparnu.com<\/a>.<\/strong><\/p>\n<hr \/>\n<h3><span style=\"font-size: 20px;\"><strong>Unusta v\u00e4sitav autos\u00f5it ja parkimismured kohale j\u00f5udes ning tule P\u00e4rnusse Lux Expressiga!<\/strong><\/span><\/h3>\n<p>Lux Expressiga reisides algab puhkus juba teel olles! Tukasta, loe v\u00f5i vaata filme. Busside laiad istmed, ohtralt jalaruumi ja pea kohal reguleeritav konditsioneer tagavad mugavuse kogu reisi ajal.<\/p>\n<h3><strong><img loading=\"lazy\" decoding=\"async\" class=\" wp-image-42805 alignright\" src=\"http:\/\/www.spaestonia.ee\/resort\/wp-content\/uploads\/2024\/08\/Luxexpress-1.jpg\" alt=\"Luxexpress\" width=\"318\" height=\"318\" \/><\/strong><\/h3>\n<p><strong>Sooduskoodiga<span style=\"font-size: 20px;\"> ESTONIASPA<\/span> saad Lux Expressi bussipileti -20% soodsamalt!<\/strong><\/p>\n<ul>\n<li><strong><span style=\"font-size: 20px;\">-20%\u00a0soodustus<\/span><\/strong> kehtib tavapileti hinnast ostes pileti\u00a0<a href=\"https:\/\/cas5-0-urlprotect.trendmicro.com:443\/wis\/clicktime\/v1\/query?url=http%3a%2f%2fwww.luxexpress.eu&amp;umid=1b7dc1b1-56d8-4d49-9c94-a1820a5885b5&amp;rct=1765544940&amp;auth=6a326df109738656d10a00751164587b28e3ab7c-d8cb2ec319ccc5cf3204bc75ffaf86c348480929\"><em>luxexpress.eu<\/em><\/a>\u00a0lehelt kasutades sooduskoodi\u00a0<strong>ESTONIASPA.<\/strong><\/li>\n<li>Pakkumine kehtib<span style=\"font-size: 20px;\">\u00a0<strong>kuni 31.05.2026 <\/strong><\/span>(st reis peab toimuma hiljemalt\u00a0<strong>31.05<\/strong>).<\/li>\n<li>Kampaania kehtib Eesti siseliinidel, mis s\u00f5idavad P\u00e4rnusse ja siit \u00e4ra v\u00f5i l\u00e4bivad P\u00e4rnut ning rahvusvahelisel Riia-P\u00e4rnu-Riia liinil.<\/li>\n<li>Soodustustus kehtib nii \u00fchesuuna kui edasi-tagasi piletitel.<\/li>\n<li>Sooduskoodi kasutamise juhendiga saab tutvuda\u00a0<a href=\"https:\/\/cas5-0-urlprotect.trendmicro.com:443\/wis\/clicktime\/v1\/query?url=https%3a%2f%2fluxexpress.eu%2ffaq%2f360003971139%2f360015520799%2f&amp;umid=1b7dc1b1-56d8-4d49-9c94-a1820a5885b5&amp;rct=1765544940&amp;auth=6a326df109738656d10a00751164587b28e3ab7c-e9869876290f8bdacdaa91489cf159480ab9a34d\">Lux Expressi kodulehel<\/a>.<\/li>\n<\/ul>\n<p><em>Tingimused:<br \/>\n\u2013 Kampaania pileteid saab osta ainult standart kohtadele.<br \/>\n\u2013 Maksimaalne piletite arv, mida sooduskoodiga saab osta, on \u00fche v\u00e4ljumise kohta 8 piletit.<br \/>\n\u2013 Kampaaniapileteid saab vahetada tavapiletite vastu, makstes hinnavahe vana ja uue pileti vahel.<br \/>\n\u2013 Kampaaniapileteid ei tagastata.<br \/>\n\u2013 Kampaaniapileteid ei saa vahetada teiste kampaaniapiletite vastu.<br \/>\n\u2013 Kampaaniapileteid saab osta ainult Lux Expressi m\u00fc\u00fcgis\u00fcsteemist:\u00a0<\/em><a href=\"https:\/\/cas5-0-urlprotect.trendmicro.com:443\/wis\/clicktime\/v1\/query?url=http%3a%2f%2fwww.luxexpress.eu&amp;umid=1b7dc1b1-56d8-4d49-9c94-a1820a5885b5&amp;rct=1765544940&amp;auth=6a326df109738656d10a00751164587b28e3ab7c-d8cb2ec319ccc5cf3204bc75ffaf86c348480929\"><em>www.luxexpress.eu<\/em><\/a><em>\u00a0v\u00f5i ametlikust mobiilirakendusest (saadaval App Store\u2019is ja Google Play\u2019s).<\/em><\/p>\n","protected":false},"excerpt":{"rendered":"<p>ESTONIA Medical Spa &amp; Hotel\u00a0asub P\u00e4rnu rannarajoonis, 5-minutilise jalutusk\u00e4igu kaugusel rannast ja 15 minuti kaugusel&hellip;<\/p>\n","protected":false},"author":1,"featured_media":0,"parent":0,"menu_order":0,"comment_status":"closed","ping_status":"open","template":"","meta":{"footnotes":""},"class_list":["post-3193","page","type-page","status-publish","hentry"],"yoast_head":"<!-- This site is optimized with the Yoast SEO plugin v26.3 - https:\/\/yoast.com\/wordpress\/plugins\/seo\/ -->\n<title>Asukoht ja parkimine - ESTONIA Medical Spa &amp; Hotel<\/title>\n<meta name=\"robots\" content=\"index, follow, max-snippet:-1, max-image-preview:large, max-video-preview:-1\" \/>\n<link rel=\"canonical\" href=\"https:\/\/spaestonia.ee\/medical\/asukoht\/\" \/>\n<meta property=\"og:locale\" content=\"et_EE\" \/>\n<meta property=\"og:type\" content=\"article\" \/>\n<meta property=\"og:title\" content=\"Asukoht ja parkimine - ESTONIA Medical Spa &amp; Hotel\" \/>\n<meta property=\"og:description\" content=\"ESTONIA Medical Spa &amp; Hotel\u00a0asub P\u00e4rnu rannarajoonis, 5-minutilise jalutusk\u00e4igu kaugusel rannast ja 15 minuti kaugusel&hellip;\" \/>\n<meta property=\"og:url\" content=\"https:\/\/spaestonia.ee\/medical\/asukoht\/\" \/>\n<meta property=\"og:site_name\" content=\"ESTONIA Medical Spa &amp; Hotel\" \/>\n<meta property=\"article:publisher\" content=\"https:\/\/www.facebook.com\/EstoniaMedicalSpa\" \/>\n<meta property=\"article:modified_time\" content=\"2026-01-02T12:00:22+00:00\" \/>\n<meta property=\"og:image\" content=\"http:\/\/www.spaestonia.ee\/medical\/wp-content\/uploads\/2024\/04\/Parkimine_Estonia-Medical-Spa-Hotel.jpg\" \/>\n<meta name=\"twitter:card\" content=\"summary_large_image\" \/>\n<meta name=\"twitter:label1\" content=\"Est. reading time\" \/>\n\t<meta name=\"twitter:data1\" content=\"3 minutit\" \/>\n<script type=\"application\/ld+json\" class=\"yoast-schema-graph\">{\"@context\":\"https:\/\/schema.org\",\"@graph\":[{\"@type\":\"WebPage\",\"@id\":\"https:\/\/spaestonia.ee\/medical\/asukoht\/\",\"url\":\"https:\/\/spaestonia.ee\/medical\/asukoht\/\",\"name\":\"Asukoht ja parkimine - ESTONIA Medical Spa &amp; Hotel\",\"isPartOf\":{\"@id\":\"https:\/\/www.spaestonia.ee\/medical\/#website\"},\"primaryImageOfPage\":{\"@id\":\"https:\/\/spaestonia.ee\/medical\/asukoht\/#primaryimage\"},\"image\":{\"@id\":\"https:\/\/spaestonia.ee\/medical\/asukoht\/#primaryimage\"},\"thumbnailUrl\":\"http:\/\/www.spaestonia.ee\/medical\/wp-content\/uploads\/2024\/04\/Parkimine_Estonia-Medical-Spa-Hotel.jpg\",\"datePublished\":\"2015-12-02T09:34:26+00:00\",\"dateModified\":\"2026-01-02T12:00:22+00:00\",\"breadcrumb\":{\"@id\":\"https:\/\/spaestonia.ee\/medical\/asukoht\/#breadcrumb\"},\"inLanguage\":\"et\",\"potentialAction\":[{\"@type\":\"ReadAction\",\"target\":[\"https:\/\/spaestonia.ee\/medical\/asukoht\/\"]}]},{\"@type\":\"ImageObject\",\"inLanguage\":\"et\",\"@id\":\"https:\/\/spaestonia.ee\/medical\/asukoht\/#primaryimage\",\"url\":\"http:\/\/www.spaestonia.ee\/medical\/wp-content\/uploads\/2024\/04\/Parkimine_Estonia-Medical-Spa-Hotel.jpg\",\"contentUrl\":\"http:\/\/www.spaestonia.ee\/medical\/wp-content\/uploads\/2024\/04\/Parkimine_Estonia-Medical-Spa-Hotel.jpg\"},{\"@type\":\"BreadcrumbList\",\"@id\":\"https:\/\/spaestonia.ee\/medical\/asukoht\/#breadcrumb\",\"itemListElement\":[{\"@type\":\"ListItem\",\"position\":1,\"name\":\"Home\",\"item\":\"https:\/\/www.spaestonia.ee\/medical\/\"},{\"@type\":\"ListItem\",\"position\":2,\"name\":\"Asukoht ja parkimine\"}]},{\"@type\":\"WebSite\",\"@id\":\"https:\/\/www.spaestonia.ee\/medical\/#website\",\"url\":\"https:\/\/www.spaestonia.ee\/medical\/\",\"name\":\"ESTONIA Medical Spa & Hotel\",\"description\":\"Ravispaa - Terveyskylpyl\u00e4 - P\u00e4rnu\",\"publisher\":{\"@id\":\"https:\/\/www.spaestonia.ee\/medical\/#organization\"},\"potentialAction\":[{\"@type\":\"SearchAction\",\"target\":{\"@type\":\"EntryPoint\",\"urlTemplate\":\"https:\/\/www.spaestonia.ee\/medical\/?s={search_term_string}\"},\"query-input\":{\"@type\":\"PropertyValueSpecification\",\"valueRequired\":true,\"valueName\":\"search_term_string\"}}],\"inLanguage\":\"et\"},{\"@type\":\"Organization\",\"@id\":\"https:\/\/www.spaestonia.ee\/medical\/#organization\",\"name\":\"ESTONIA Medical Spa & Hotel\",\"url\":\"https:\/\/www.spaestonia.ee\/medical\/\",\"logo\":{\"@type\":\"ImageObject\",\"inLanguage\":\"et\",\"@id\":\"https:\/\/www.spaestonia.ee\/medical\/#\/schema\/logo\/image\/\",\"url\":\"https:\/\/www.spaestonia.ee\/medical\/wp-content\/uploads\/2025\/02\/medical.jpg\",\"contentUrl\":\"https:\/\/www.spaestonia.ee\/medical\/wp-content\/uploads\/2025\/02\/medical.jpg\",\"width\":700,\"height\":450,\"caption\":\"ESTONIA Medical Spa & Hotel\"},\"image\":{\"@id\":\"https:\/\/www.spaestonia.ee\/medical\/#\/schema\/logo\/image\/\"},\"sameAs\":[\"https:\/\/www.facebook.com\/EstoniaMedicalSpa\"]}]}<\/script>\n<!-- \/ Yoast SEO plugin. -->","yoast_head_json":{"title":"Asukoht ja parkimine - ESTONIA Medical Spa &amp; Hotel","robots":{"index":"index","follow":"follow","max-snippet":"max-snippet:-1","max-image-preview":"max-image-preview:large","max-video-preview":"max-video-preview:-1"},"canonical":"https:\/\/spaestonia.ee\/medical\/asukoht\/","og_locale":"et_EE","og_type":"article","og_title":"Asukoht ja parkimine - ESTONIA Medical Spa &amp; Hotel","og_description":"ESTONIA Medical Spa &amp; Hotel\u00a0asub P\u00e4rnu rannarajoonis, 5-minutilise jalutusk\u00e4igu kaugusel rannast ja 15 minuti kaugusel&hellip;","og_url":"https:\/\/spaestonia.ee\/medical\/asukoht\/","og_site_name":"ESTONIA Medical Spa &amp; Hotel","article_publisher":"https:\/\/www.facebook.com\/EstoniaMedicalSpa","article_modified_time":"2026-01-02T12:00:22+00:00","og_image":[{"url":"http:\/\/www.spaestonia.ee\/medical\/wp-content\/uploads\/2024\/04\/Parkimine_Estonia-Medical-Spa-Hotel.jpg","type":"","width":"","height":""}],"twitter_card":"summary_large_image","twitter_misc":{"Est. reading time":"3 minutit"},"schema":{"@context":"https:\/\/schema.org","@graph":[{"@type":"WebPage","@id":"https:\/\/spaestonia.ee\/medical\/asukoht\/","url":"https:\/\/spaestonia.ee\/medical\/asukoht\/","name":"Asukoht ja parkimine - ESTONIA Medical Spa &amp; Hotel","isPartOf":{"@id":"https:\/\/www.spaestonia.ee\/medical\/#website"},"primaryImageOfPage":{"@id":"https:\/\/spaestonia.ee\/medical\/asukoht\/#primaryimage"},"image":{"@id":"https:\/\/spaestonia.ee\/medical\/asukoht\/#primaryimage"},"thumbnailUrl":"http:\/\/www.spaestonia.ee\/medical\/wp-content\/uploads\/2024\/04\/Parkimine_Estonia-Medical-Spa-Hotel.jpg","datePublished":"2015-12-02T09:34:26+00:00","dateModified":"2026-01-02T12:00:22+00:00","breadcrumb":{"@id":"https:\/\/spaestonia.ee\/medical\/asukoht\/#breadcrumb"},"inLanguage":"et","potentialAction":[{"@type":"ReadAction","target":["https:\/\/spaestonia.ee\/medical\/asukoht\/"]}]},{"@type":"ImageObject","inLanguage":"et","@id":"https:\/\/spaestonia.ee\/medical\/asukoht\/#primaryimage","url":"http:\/\/www.spaestonia.ee\/medical\/wp-content\/uploads\/2024\/04\/Parkimine_Estonia-Medical-Spa-Hotel.jpg","contentUrl":"http:\/\/www.spaestonia.ee\/medical\/wp-content\/uploads\/2024\/04\/Parkimine_Estonia-Medical-Spa-Hotel.jpg"},{"@type":"BreadcrumbList","@id":"https:\/\/spaestonia.ee\/medical\/asukoht\/#breadcrumb","itemListElement":[{"@type":"ListItem","position":1,"name":"Home","item":"https:\/\/www.spaestonia.ee\/medical\/"},{"@type":"ListItem","position":2,"name":"Asukoht ja parkimine"}]},{"@type":"WebSite","@id":"https:\/\/www.spaestonia.ee\/medical\/#website","url":"https:\/\/www.spaestonia.ee\/medical\/","name":"ESTONIA Medical Spa & Hotel","description":"Ravispaa - Terveyskylpyl\u00e4 - P\u00e4rnu","publisher":{"@id":"https:\/\/www.spaestonia.ee\/medical\/#organization"},"potentialAction":[{"@type":"SearchAction","target":{"@type":"EntryPoint","urlTemplate":"https:\/\/www.spaestonia.ee\/medical\/?s={search_term_string}"},"query-input":{"@type":"PropertyValueSpecification","valueRequired":true,"valueName":"search_term_string"}}],"inLanguage":"et"},{"@type":"Organization","@id":"https:\/\/www.spaestonia.ee\/medical\/#organization","name":"ESTONIA Medical Spa & Hotel","url":"https:\/\/www.spaestonia.ee\/medical\/","logo":{"@type":"ImageObject","inLanguage":"et","@id":"https:\/\/www.spaestonia.ee\/medical\/#\/schema\/logo\/image\/","url":"https:\/\/www.spaestonia.ee\/medical\/wp-content\/uploads\/2025\/02\/medical.jpg","contentUrl":"https:\/\/www.spaestonia.ee\/medical\/wp-content\/uploads\/2025\/02\/medical.jpg","width":700,"height":450,"caption":"ESTONIA Medical Spa & Hotel"},"image":{"@id":"https:\/\/www.spaestonia.ee\/medical\/#\/schema\/logo\/image\/"},"sameAs":["https:\/\/www.facebook.com\/EstoniaMedicalSpa"]}]}},"_links":{"self":[{"href":"https:\/\/spaestonia.ee\/medical\/wp-json\/wp\/v2\/pages\/3193","targetHints":{"allow":["GET"]}}],"collection":[{"href":"https:\/\/spaestonia.ee\/medical\/wp-json\/wp\/v2\/pages"}],"about":[{"href":"https:\/\/spaestonia.ee\/medical\/wp-json\/wp\/v2\/types\/page"}],"author":[{"embeddable":true,"href":"https:\/\/spaestonia.ee\/medical\/wp-json\/wp\/v2\/users\/1"}],"replies":[{"embeddable":true,"href":"https:\/\/spaestonia.ee\/medical\/wp-json\/wp\/v2\/comments?post=3193"}],"version-history":[{"count":41,"href":"https:\/\/spaestonia.ee\/medical\/wp-json\/wp\/v2\/pages\/3193\/revisions"}],"predecessor-version":[{"id":23151,"href":"https:\/\/spaestonia.ee\/medical\/wp-json\/wp\/v2\/pages\/3193\/revisions\/23151"}],"wp:attachment":[{"href":"https:\/\/spaestonia.ee\/medical\/wp-json\/wp\/v2\/media?parent=3193"}],"curies":[{"name":"wp","href":"https:\/\/api.w.org\/{rel}","templated":true}]}}