{"id":330,"date":"2014-12-25T18:25:39","date_gmt":"2014-12-25T16:25:39","guid":{"rendered":"https:\/\/www.spaestonia.ee\/medical\/?page_id=330"},"modified":"2023-07-26T09:13:01","modified_gmt":"2023-07-26T06:13:01","slug":"saunad-basseinid","status":"publish","type":"page","link":"https:\/\/spaestonia.ee\/medical\/termid\/saunad-basseinid\/","title":{"rendered":"Saunad ja basseinid Termides"},"content":{"rendered":"<p>Kes leilim\u00f5nusid tundma \u00f5ppinud, ei see saunata saa!<\/p>\n<p>Saunask\u00e4imisel on Eesti kultuuris oluline ja kindel koht. See on olnud l\u00e4bi aegade midagi rohkemat kui pelgalt keha puhtaks k\u00fc\u00fcrimine. Saunas r\u00e4\u00e4giti selgeks maailma asjad ja m\u00f5eldi elu \u00fcle j\u00e4rele. Sauna imelisest toimest teadsid juba meie esiisad ja eks t\u00e4nap\u00e4evalgi on saun l\u00f5\u00f5gastav ning paljude terviseprobleemide puhul t\u00f5hus abiline. K\u00f5ige t\u00e4htsam on aga see, et saun ja veeprotseduurid aitavad parandada \u00fcldist kehalist ja vaimset heaolu, vabaneda igap\u00e4evastest pingetest, l\u00f5dvestuda ja taastada j\u00f5udu.<\/p>\n<p>Tulge ja nautige kogu perega!<\/p>\n<h2><img loading=\"lazy\" decoding=\"async\" class=\"alignright wp-image-1919 size-full\" src=\"https:\/\/www.spaestonia.ee\/medical\/wp-content\/uploads\/2014\/12\/1121.jpg\" alt=\"Termid\" width=\"350\" height=\"212\" srcset=\"https:\/\/spaestonia.ee\/medical\/wp-content\/uploads\/2014\/12\/1121.jpg 350w, https:\/\/spaestonia.ee\/medical\/wp-content\/uploads\/2014\/12\/1121-300x181.jpg 300w\" sizes=\"auto, (max-width: 350px) 100vw, 350px\" \/>Soome saun<\/h2>\n<p>Termide soome saunas on \u00f5hk kuum ja kuiv ning temperatuur v\u00f5ib t\u00f5usta kuni 95 \u00b0C. Puiduga \u00fcle l\u00f6\u00f6dud seinte ja astmelise lavaga ruumis on m\u00f5nus kuumust nautida. Soojusallikaks on tulised kerisekivid, millele leili visates \u00f5hku l\u00fchiajaliselt niisutatakse.<\/p>\n<p>Soome saun p\u00f5hjustab rohket higistamist ning leil muudab saunas viibimise nauditavaks ja l\u00f5\u00f5gastavaks. Sauna \u00f5ige m\u00f5ju tuleb esile siis, kui k\u00fclmad ja kuumad faasid vahelduvad \u2013 igale leiliv\u00f5tmisele peaks j\u00e4rgnema jahutamine k\u00fclma veega.<\/p>\n<h2>Hamam <a href=\"https:\/\/www.spaestonia.ee\/medical\/wp-content\/uploads\/2014\/11\/spa2.jpg\"><img loading=\"lazy\" decoding=\"async\" class=\"wp-image-104 size-full alignright\" src=\"http:\/\/www.spaestonia.ee\/medical\/wp-content\/uploads\/2014\/11\/spa2.jpg\" alt=\"spa2\" width=\"360\" height=\"220\" srcset=\"https:\/\/spaestonia.ee\/medical\/wp-content\/uploads\/2014\/11\/spa2.jpg 360w, https:\/\/spaestonia.ee\/medical\/wp-content\/uploads\/2014\/11\/spa2-300x183.jpg 300w\" sizes=\"auto, (max-width: 360px) 100vw, 360px\" \/><\/a><\/h2>\n<p>T\u00fcrgis on <strong>aurusaun ehk <em>hamam<\/em><\/strong> s\u00e4ilinud tuhandeid aastaid ning toonud meie k\u00f5nepruuki ka m\u00f5iste &#8220;t\u00fcrgi saun&#8221;. Termide t\u00fcrgi sauna kompleks koosneb kahest aurusaunast, kus temperatuur on ca 45 \u00b0C.<\/p>\n<p>Aurusaun on nagu nooruse allikas &#8211; m\u00f5jub organismile l\u00f5dvestavalt ja tervendavalt. <em>Hamamis<\/em> on aurukraan, millest imbub ruumi peaaegu vee keemistemperatuuril olev aur \u2013 sellep\u00e4rast ollaksegi aurusaunas pidevalt sooja udupilve sees. T\u00e4nu suurele niiskusesisaldusele ja kuumusele on aurusaun t\u00f5hus paljude terviseh\u00e4dade puhul nagu \u00fclemiste hingamisteede katarr, k\u00f6ha, h\u00e4\u00e4lek\u00e4hedus, kroonilised reumaatilised vaevused, bronhiaalastma, bronhiit ning liigeste piiratud liikuvus v\u00f5i liigesevalud.<\/p>\n<p>Aur puhastab ka inimese k\u00f5ige suuremat organit \u2013 nahka. See on lihtsaim ja mugavaim viis kehasse kogunenud m\u00fcrkide v\u00e4ljaviimiseks, sest auru k\u00e4es avanevad poorid ja miljonid higin\u00e4\u00e4rmed, mille kaudu j\u00e4\u00e4kained ja toksiinid eemalduvad. T\u00e4nu verevarustuse ja ainevahetuse kiirenemisele paraneb naha tekstuur, elastsus, toonus ja jume.<\/p>\n<h2>Sento ala saunad<\/h2>\n<p>Termide <em>sento<\/em> alas asub lamamistoolidega puhkeruum, <strong>soolasaun, aurusaun<\/strong> ja eksootiline <strong>Jaapani vann<\/strong>.<\/p>\n<p><strong>Jaapani vanni<\/strong> temperatuur on 42 \u00b0C ja seda saavad korraga nautida kuni 10 inimest. Jaapani vann on t\u00f5eliseks l\u00f5\u00f5gastuseks meie p\u00f5hjamaises kliimas. M\u00f5nus soojus p\u00fcsib kehas veel m\u00f5nda aega p\u00e4rast vannist v\u00e4ljatulekut ja tekitab meeldiva rammestuse. Soovitame Jaapani vanni nautida p\u00e4rast soolasauna ja mitte kauem kui 20 minutit korraga.<\/p>\n<p>Jaapani saunakultuur seostub palju enama kui lihtsalt puhtusearmastusega. Jaapani avalik saun <em>sento<\/em> kuulub tihedalt jaapanlaste igap\u00e4evaellu. Tegu on l\u00f5\u00f5gastava rituaaliga, mida nauditakse meelsasti koos oma naabrite ja s\u00f5pradega. Jaapanlastele pole see pelgalt keha puhtaks pesemise koht, vaid ka hingepuhastuse paik. Nautige eksootilist ja sensuaalset jaapani vanni ning tunnetage oma sisemist harmooniat!<\/p>\n<p><strong>Soolasauna<\/strong> on soovitatav minna p\u00e4rast auru- v\u00f5i leilisauna. Soolasaunas h\u00f5\u00f5rutakse keha masseerivate liigutustega loodusliku meresoolaga, seda hoitakse nahal 5\u201310 minutit ja pestakse seej\u00e4rel du\u0161i all maha.\u00a0 Termide soolasaun on tavap\u00e4rasest soolasaunast pisut soojem (70 \u00b0C). Selle j\u00e4rel sobib k\u00fcmblemine jaapani vannis v\u00f5i mullivannis.<\/p>\n<p>Sool on rahvameditsiinis tuntud oma erakordsete tervendavate omaduste poolest. Soolaga \u00fcleh\u00f5\u00f5rumine koorib nahka ja saunast v\u00e4ljudes tundub see t\u00f5eliselt siidine. Soolase \u00f5hu sissehingamine m\u00f5jub tervendavalt hingamisteedele. Sool puhastab naha ja eemaldab surnud naharakud ning \u00fchtlasi paraneb verevarustus ja v\u00e4henevad tursed. Soolasauna ei soovitata nahavigastuste korral.<\/p>\n<p>Soolasaun on k\u00f5ige leebem saunaliik, mis m\u00f5jub karastavalt ja leevendab hingamisteede haigustega seotud vaevusi.<\/p>\n<h2>Mullivann<\/h2>\n<p>V\u00e4ikeses 31\u201334 \u00b0C veega t\u00e4idetud seitsmekohalises massaa\u017eivannis on v\u00f5imalik istuda ja lasta samal ajal jahedatel (20 \u00b0C) veejugadel ennast masseerida.<\/p>\n<p>Vann sobib lihaspingete maandamiseks ja l\u00f5busaks ajaveetmiseks. P\u00e4rast kuuma sauna on see hea paik, kus l\u00f5\u00f5gastuda ja keha jaheda veega karastada.<\/p>\n<h2>Basseinid<\/h2>\n<p><strong>Suurim bassein<\/strong> on 1,5 m s\u00fcgavune ja m\u00f5nusalt sooja veega (kuni 31 \u00b0C), mis m\u00f5eldud rohkem rahulikuks ujumiseks ja nautimiseks kui t\u00f5siseks sporditegemiseks. Lisaks suurele basseinile paiknevad samas ruumis kaks v\u00e4iksemat: <strong>massaa\u017eigrottide, veejugade ja \u2011kaskaadidega bassein<\/strong> ning <strong>seljamassaa\u017ei istmetega<\/strong> 34 \u00b0C veega v\u00e4ike <strong>mullibassein<\/strong>.<\/p>\n<p>Pere pesamunadele m\u00f5eldud, sooja veega (31 \u00b0C) <strong>lastebasseinis<\/strong> on vahvateks atraktsioonideks \u00f5hupadi ja veeseen. 45 cm s\u00fcgavune bassein sobib v\u00e4ikelastele lustimiseks. P\u00e4rast sauna basseini \u00e4\u00e4res lamamistoolidel puhates on lastevanematel ka hea \u00fclevaade oma laste tegevusest.<\/p>\n<div class='gallery-article'><ul id='gallery-article0' class='list gallery-list galleryid-0 gallery-columns-3 gallery-size-thumbnail'><li class='gallery-item'>\n\t\t<p class='gallery-icon'>\n\t\t<a href='https:\/\/spaestonia.ee\/medical\/termid\/galerii\/attachment\/termid_20190708_145925\/'><img loading=\"lazy\" decoding=\"async\" width=\"300\" height=\"300\" src=\"https:\/\/spaestonia.ee\/medical\/wp-content\/uploads\/2015\/03\/termid_20190708_145925-300x300.jpg\" class=\"attachment-thumbnail size-thumbnail\" alt=\"\" srcset=\"https:\/\/spaestonia.ee\/medical\/wp-content\/uploads\/2015\/03\/termid_20190708_145925-300x300.jpg 300w, https:\/\/spaestonia.ee\/medical\/wp-content\/uploads\/2015\/03\/termid_20190708_145925-181x181.jpg 181w\" sizes=\"auto, (max-width: 300px) 100vw, 300px\" \/><\/a>\n\t\t<\/p><\/li><li class='gallery-item'>\n\t\t<p class='gallery-icon'>\n\t\t<a href='https:\/\/spaestonia.ee\/medical\/termid\/saunad-basseinid\/attachment\/termid2\/'><img loading=\"lazy\" decoding=\"async\" width=\"300\" height=\"300\" src=\"https:\/\/spaestonia.ee\/medical\/wp-content\/uploads\/2023\/07\/Termid2-300x300.jpg\" class=\"attachment-thumbnail size-thumbnail\" alt=\"\" srcset=\"https:\/\/spaestonia.ee\/medical\/wp-content\/uploads\/2023\/07\/Termid2-300x300.jpg 300w, https:\/\/spaestonia.ee\/medical\/wp-content\/uploads\/2023\/07\/Termid2-181x181.jpg 181w\" sizes=\"auto, (max-width: 300px) 100vw, 300px\" \/><\/a>\n\t\t<\/p><\/li><li class='gallery-item'>\n\t\t<p class='gallery-icon'>\n\t\t<a href='https:\/\/spaestonia.ee\/medical\/?attachment_id=6686'><img loading=\"lazy\" decoding=\"async\" width=\"300\" height=\"300\" src=\"https:\/\/spaestonia.ee\/medical\/wp-content\/uploads\/2015\/11\/medical-termid-lapsed-450-23jpg-300x300.jpg\" class=\"attachment-thumbnail size-thumbnail\" alt=\"\" srcset=\"https:\/\/spaestonia.ee\/medical\/wp-content\/uploads\/2015\/11\/medical-termid-lapsed-450-23jpg-300x300.jpg 300w, https:\/\/spaestonia.ee\/medical\/wp-content\/uploads\/2015\/11\/medical-termid-lapsed-450-23jpg-181x181.jpg 181w\" sizes=\"auto, (max-width: 300px) 100vw, 300px\" \/><\/a>\n\t\t<\/p><\/li><li class='gallery-item'>\n\t\t<p class='gallery-icon'>\n\t\t<a href='https:\/\/spaestonia.ee\/medical\/lyhipuhkus\/turgutus-parnus\/attachment\/termid-yld-450-3\/'><img loading=\"lazy\" decoding=\"async\" width=\"300\" height=\"300\" src=\"https:\/\/spaestonia.ee\/medical\/wp-content\/uploads\/2014\/11\/termid-yld-450-1-300x300.jpg\" class=\"attachment-thumbnail size-thumbnail\" alt=\"\" srcset=\"https:\/\/spaestonia.ee\/medical\/wp-content\/uploads\/2014\/11\/termid-yld-450-1-300x300.jpg 300w, https:\/\/spaestonia.ee\/medical\/wp-content\/uploads\/2014\/11\/termid-yld-450-1-181x181.jpg 181w\" sizes=\"auto, (max-width: 300px) 100vw, 300px\" \/><\/a>\n\t\t<\/p><\/li><li class='gallery-item'>\n\t\t<p class='gallery-icon'>\n\t\t<a href='https:\/\/spaestonia.ee\/medical\/?attachment_id=10530'><img loading=\"lazy\" decoding=\"async\" width=\"300\" height=\"300\" src=\"https:\/\/spaestonia.ee\/medical\/wp-content\/uploads\/2014\/11\/medical-naised-basseinis-450-300x300.jpg\" class=\"attachment-thumbnail size-thumbnail\" alt=\"\" srcset=\"https:\/\/spaestonia.ee\/medical\/wp-content\/uploads\/2014\/11\/medical-naised-basseinis-450-300x300.jpg 300w, https:\/\/spaestonia.ee\/medical\/wp-content\/uploads\/2014\/11\/medical-naised-basseinis-450-181x181.jpg 181w\" sizes=\"auto, (max-width: 300px) 100vw, 300px\" \/><\/a>\n\t\t<\/p><\/li><li class='gallery-item'>\n\t\t<p class='gallery-icon'>\n\t\t<a href='https:\/\/spaestonia.ee\/medical\/termid\/saunad-basseinid\/attachment\/estonia-interjoor-rek-foto-7-koopia\/'><img loading=\"lazy\" decoding=\"async\" width=\"300\" height=\"300\" src=\"https:\/\/spaestonia.ee\/medical\/wp-content\/uploads\/2023\/07\/Estonia-interjoor-Rek-foto-7-\u2013-koopia-300x300.jpg\" class=\"attachment-thumbnail size-thumbnail\" alt=\"\" srcset=\"https:\/\/spaestonia.ee\/medical\/wp-content\/uploads\/2023\/07\/Estonia-interjoor-Rek-foto-7-\u2013-koopia-300x300.jpg 300w, https:\/\/spaestonia.ee\/medical\/wp-content\/uploads\/2023\/07\/Estonia-interjoor-Rek-foto-7-\u2013-koopia-181x181.jpg 181w\" sizes=\"auto, (max-width: 300px) 100vw, 300px\" \/><\/a>\n\t\t<\/p><\/li><\/ul>\n<\/div>\n\n<p>&nbsp;<\/p>\n","protected":false},"excerpt":{"rendered":"<p>Kes leilim\u00f5nusid tundma \u00f5ppinud, ei see saunata saa! Saunask\u00e4imisel on Eesti kultuuris oluline ja kindel&hellip;<\/p>\n","protected":false},"author":1,"featured_media":0,"parent":50,"menu_order":0,"comment_status":"closed","ping_status":"open","template":"","meta":{"footnotes":""},"class_list":["post-330","page","type-page","status-publish","hentry"],"yoast_head":"<!-- This site is optimized with the Yoast SEO plugin v26.3 - https:\/\/yoast.com\/wordpress\/plugins\/seo\/ -->\n<title>Saunad ja basseinid Termides - ESTONIA Medical Spa &amp; Hotel<\/title>\n<meta name=\"robots\" content=\"index, follow, max-snippet:-1, max-image-preview:large, max-video-preview:-1\" \/>\n<link rel=\"canonical\" href=\"https:\/\/spaestonia.ee\/medical\/termid\/saunad-basseinid\/\" \/>\n<meta property=\"og:locale\" content=\"et_EE\" \/>\n<meta property=\"og:type\" content=\"article\" \/>\n<meta property=\"og:title\" content=\"Saunad ja basseinid Termides - ESTONIA Medical Spa &amp; Hotel\" \/>\n<meta property=\"og:description\" content=\"Kes leilim\u00f5nusid tundma \u00f5ppinud, ei see saunata saa! Saunask\u00e4imisel on Eesti kultuuris oluline ja kindel&hellip;\" \/>\n<meta property=\"og:url\" content=\"https:\/\/spaestonia.ee\/medical\/termid\/saunad-basseinid\/\" \/>\n<meta property=\"og:site_name\" content=\"ESTONIA Medical Spa &amp; Hotel\" \/>\n<meta property=\"article:publisher\" content=\"https:\/\/www.facebook.com\/EstoniaMedicalSpa\" \/>\n<meta property=\"article:modified_time\" content=\"2023-07-26T06:13:01+00:00\" \/>\n<meta property=\"og:image\" content=\"https:\/\/www.spaestonia.ee\/medical\/wp-content\/uploads\/2015\/03\/termid_20190708_145925-300x300.jpg\" \/>\n<meta name=\"twitter:card\" content=\"summary_large_image\" \/>\n<meta name=\"twitter:label1\" content=\"Est. reading time\" \/>\n\t<meta name=\"twitter:data1\" content=\"4 minutit\" \/>\n<script type=\"application\/ld+json\" class=\"yoast-schema-graph\">{\"@context\":\"https:\/\/schema.org\",\"@graph\":[{\"@type\":\"WebPage\",\"@id\":\"https:\/\/spaestonia.ee\/medical\/termid\/saunad-basseinid\/\",\"url\":\"https:\/\/spaestonia.ee\/medical\/termid\/saunad-basseinid\/\",\"name\":\"Saunad ja basseinid Termides - ESTONIA Medical Spa &amp; Hotel\",\"isPartOf\":{\"@id\":\"https:\/\/www.spaestonia.ee\/medical\/#website\"},\"primaryImageOfPage\":{\"@id\":\"https:\/\/spaestonia.ee\/medical\/termid\/saunad-basseinid\/#primaryimage\"},\"image\":{\"@id\":\"https:\/\/spaestonia.ee\/medical\/termid\/saunad-basseinid\/#primaryimage\"},\"thumbnailUrl\":\"https:\/\/www.spaestonia.ee\/medical\/wp-content\/uploads\/2014\/12\/1121.jpg\",\"datePublished\":\"2014-12-25T16:25:39+00:00\",\"dateModified\":\"2023-07-26T06:13:01+00:00\",\"breadcrumb\":{\"@id\":\"https:\/\/spaestonia.ee\/medical\/termid\/saunad-basseinid\/#breadcrumb\"},\"inLanguage\":\"et\",\"potentialAction\":[{\"@type\":\"ReadAction\",\"target\":[\"https:\/\/spaestonia.ee\/medical\/termid\/saunad-basseinid\/\"]}]},{\"@type\":\"ImageObject\",\"inLanguage\":\"et\",\"@id\":\"https:\/\/spaestonia.ee\/medical\/termid\/saunad-basseinid\/#primaryimage\",\"url\":\"https:\/\/www.spaestonia.ee\/medical\/wp-content\/uploads\/2014\/12\/1121.jpg\",\"contentUrl\":\"https:\/\/www.spaestonia.ee\/medical\/wp-content\/uploads\/2014\/12\/1121.jpg\"},{\"@type\":\"BreadcrumbList\",\"@id\":\"https:\/\/spaestonia.ee\/medical\/termid\/saunad-basseinid\/#breadcrumb\",\"itemListElement\":[{\"@type\":\"ListItem\",\"position\":1,\"name\":\"Home\",\"item\":\"https:\/\/www.spaestonia.ee\/medical\/\"},{\"@type\":\"ListItem\",\"position\":2,\"name\":\"Spaakeskus TERMID\",\"item\":\"https:\/\/www.spaestonia.ee\/medical\/termid\/\"},{\"@type\":\"ListItem\",\"position\":3,\"name\":\"Saunad ja basseinid Termides\"}]},{\"@type\":\"WebSite\",\"@id\":\"https:\/\/www.spaestonia.ee\/medical\/#website\",\"url\":\"https:\/\/www.spaestonia.ee\/medical\/\",\"name\":\"ESTONIA Medical Spa & Hotel\",\"description\":\"Ravispaa - Terveyskylpyl\u00e4 - P\u00e4rnu\",\"publisher\":{\"@id\":\"https:\/\/www.spaestonia.ee\/medical\/#organization\"},\"potentialAction\":[{\"@type\":\"SearchAction\",\"target\":{\"@type\":\"EntryPoint\",\"urlTemplate\":\"https:\/\/www.spaestonia.ee\/medical\/?s={search_term_string}\"},\"query-input\":{\"@type\":\"PropertyValueSpecification\",\"valueRequired\":true,\"valueName\":\"search_term_string\"}}],\"inLanguage\":\"et\"},{\"@type\":\"Organization\",\"@id\":\"https:\/\/www.spaestonia.ee\/medical\/#organization\",\"name\":\"ESTONIA Medical Spa & Hotel\",\"url\":\"https:\/\/www.spaestonia.ee\/medical\/\",\"logo\":{\"@type\":\"ImageObject\",\"inLanguage\":\"et\",\"@id\":\"https:\/\/www.spaestonia.ee\/medical\/#\/schema\/logo\/image\/\",\"url\":\"https:\/\/www.spaestonia.ee\/medical\/wp-content\/uploads\/2025\/02\/medical.jpg\",\"contentUrl\":\"https:\/\/www.spaestonia.ee\/medical\/wp-content\/uploads\/2025\/02\/medical.jpg\",\"width\":700,\"height\":450,\"caption\":\"ESTONIA Medical Spa & Hotel\"},\"image\":{\"@id\":\"https:\/\/www.spaestonia.ee\/medical\/#\/schema\/logo\/image\/\"},\"sameAs\":[\"https:\/\/www.facebook.com\/EstoniaMedicalSpa\"]}]}<\/script>\n<!-- \/ Yoast SEO plugin. -->","yoast_head_json":{"title":"Saunad ja basseinid Termides - ESTONIA Medical Spa &amp; Hotel","robots":{"index":"index","follow":"follow","max-snippet":"max-snippet:-1","max-image-preview":"max-image-preview:large","max-video-preview":"max-video-preview:-1"},"canonical":"https:\/\/spaestonia.ee\/medical\/termid\/saunad-basseinid\/","og_locale":"et_EE","og_type":"article","og_title":"Saunad ja basseinid Termides - ESTONIA Medical Spa &amp; Hotel","og_description":"Kes leilim\u00f5nusid tundma \u00f5ppinud, ei see saunata saa! Saunask\u00e4imisel on Eesti kultuuris oluline ja kindel&hellip;","og_url":"https:\/\/spaestonia.ee\/medical\/termid\/saunad-basseinid\/","og_site_name":"ESTONIA Medical Spa &amp; Hotel","article_publisher":"https:\/\/www.facebook.com\/EstoniaMedicalSpa","article_modified_time":"2023-07-26T06:13:01+00:00","og_image":[{"url":"https:\/\/www.spaestonia.ee\/medical\/wp-content\/uploads\/2015\/03\/termid_20190708_145925-300x300.jpg","type":"","width":"","height":""}],"twitter_card":"summary_large_image","twitter_misc":{"Est. reading time":"4 minutit"},"schema":{"@context":"https:\/\/schema.org","@graph":[{"@type":"WebPage","@id":"https:\/\/spaestonia.ee\/medical\/termid\/saunad-basseinid\/","url":"https:\/\/spaestonia.ee\/medical\/termid\/saunad-basseinid\/","name":"Saunad ja basseinid Termides - ESTONIA Medical Spa &amp; Hotel","isPartOf":{"@id":"https:\/\/www.spaestonia.ee\/medical\/#website"},"primaryImageOfPage":{"@id":"https:\/\/spaestonia.ee\/medical\/termid\/saunad-basseinid\/#primaryimage"},"image":{"@id":"https:\/\/spaestonia.ee\/medical\/termid\/saunad-basseinid\/#primaryimage"},"thumbnailUrl":"https:\/\/www.spaestonia.ee\/medical\/wp-content\/uploads\/2014\/12\/1121.jpg","datePublished":"2014-12-25T16:25:39+00:00","dateModified":"2023-07-26T06:13:01+00:00","breadcrumb":{"@id":"https:\/\/spaestonia.ee\/medical\/termid\/saunad-basseinid\/#breadcrumb"},"inLanguage":"et","potentialAction":[{"@type":"ReadAction","target":["https:\/\/spaestonia.ee\/medical\/termid\/saunad-basseinid\/"]}]},{"@type":"ImageObject","inLanguage":"et","@id":"https:\/\/spaestonia.ee\/medical\/termid\/saunad-basseinid\/#primaryimage","url":"https:\/\/www.spaestonia.ee\/medical\/wp-content\/uploads\/2014\/12\/1121.jpg","contentUrl":"https:\/\/www.spaestonia.ee\/medical\/wp-content\/uploads\/2014\/12\/1121.jpg"},{"@type":"BreadcrumbList","@id":"https:\/\/spaestonia.ee\/medical\/termid\/saunad-basseinid\/#breadcrumb","itemListElement":[{"@type":"ListItem","position":1,"name":"Home","item":"https:\/\/www.spaestonia.ee\/medical\/"},{"@type":"ListItem","position":2,"name":"Spaakeskus TERMID","item":"https:\/\/www.spaestonia.ee\/medical\/termid\/"},{"@type":"ListItem","position":3,"name":"Saunad ja basseinid Termides"}]},{"@type":"WebSite","@id":"https:\/\/www.spaestonia.ee\/medical\/#website","url":"https:\/\/www.spaestonia.ee\/medical\/","name":"ESTONIA Medical Spa & Hotel","description":"Ravispaa - Terveyskylpyl\u00e4 - P\u00e4rnu","publisher":{"@id":"https:\/\/www.spaestonia.ee\/medical\/#organization"},"potentialAction":[{"@type":"SearchAction","target":{"@type":"EntryPoint","urlTemplate":"https:\/\/www.spaestonia.ee\/medical\/?s={search_term_string}"},"query-input":{"@type":"PropertyValueSpecification","valueRequired":true,"valueName":"search_term_string"}}],"inLanguage":"et"},{"@type":"Organization","@id":"https:\/\/www.spaestonia.ee\/medical\/#organization","name":"ESTONIA Medical Spa & Hotel","url":"https:\/\/www.spaestonia.ee\/medical\/","logo":{"@type":"ImageObject","inLanguage":"et","@id":"https:\/\/www.spaestonia.ee\/medical\/#\/schema\/logo\/image\/","url":"https:\/\/www.spaestonia.ee\/medical\/wp-content\/uploads\/2025\/02\/medical.jpg","contentUrl":"https:\/\/www.spaestonia.ee\/medical\/wp-content\/uploads\/2025\/02\/medical.jpg","width":700,"height":450,"caption":"ESTONIA Medical Spa & Hotel"},"image":{"@id":"https:\/\/www.spaestonia.ee\/medical\/#\/schema\/logo\/image\/"},"sameAs":["https:\/\/www.facebook.com\/EstoniaMedicalSpa"]}]}},"_links":{"self":[{"href":"https:\/\/spaestonia.ee\/medical\/wp-json\/wp\/v2\/pages\/330","targetHints":{"allow":["GET"]}}],"collection":[{"href":"https:\/\/spaestonia.ee\/medical\/wp-json\/wp\/v2\/pages"}],"about":[{"href":"https:\/\/spaestonia.ee\/medical\/wp-json\/wp\/v2\/types\/page"}],"author":[{"embeddable":true,"href":"https:\/\/spaestonia.ee\/medical\/wp-json\/wp\/v2\/users\/1"}],"replies":[{"embeddable":true,"href":"https:\/\/spaestonia.ee\/medical\/wp-json\/wp\/v2\/comments?post=330"}],"version-history":[{"count":28,"href":"https:\/\/spaestonia.ee\/medical\/wp-json\/wp\/v2\/pages\/330\/revisions"}],"predecessor-version":[{"id":19100,"href":"https:\/\/spaestonia.ee\/medical\/wp-json\/wp\/v2\/pages\/330\/revisions\/19100"}],"up":[{"embeddable":true,"href":"https:\/\/spaestonia.ee\/medical\/wp-json\/wp\/v2\/pages\/50"}],"wp:attachment":[{"href":"https:\/\/spaestonia.ee\/medical\/wp-json\/wp\/v2\/media?parent=330"}],"curies":[{"name":"wp","href":"https:\/\/api.w.org\/{rel}","templated":true}]}}