{"id":372,"date":"2014-12-25T20:07:23","date_gmt":"2014-12-25T18:07:23","guid":{"rendered":"https:\/\/www.spaestonia.ee\/medical\/?page_id=372"},"modified":"2025-01-02T09:43:24","modified_gmt":"2025-01-02T07:43:24","slug":"tai-massaaz-termides","status":"publish","type":"page","link":"https:\/\/spaestonia.ee\/medical\/termid\/tai-massaaz-termides\/","title":{"rendered":"Tailannade massaa\u017e"},"content":{"rendered":"<hr \/>\n<p><a href=\"https:\/\/www.spaestonia.ee\/medical\/wp-content\/uploads\/2016\/03\/tai-massaaz-ringis.jpg\"><img loading=\"lazy\" decoding=\"async\" class=\"alignright wp-image-3817\" src=\"https:\/\/www.spaestonia.ee\/medical\/wp-content\/uploads\/2016\/03\/tai-massaaz-ringis.jpg\" alt=\"tai massaaz ringis\" width=\"265\" height=\"255\" srcset=\"https:\/\/spaestonia.ee\/medical\/wp-content\/uploads\/2016\/03\/tai-massaaz-ringis.jpg 2816w, https:\/\/spaestonia.ee\/medical\/wp-content\/uploads\/2016\/03\/tai-massaaz-ringis-300x287.jpg 300w, https:\/\/spaestonia.ee\/medical\/wp-content\/uploads\/2016\/03\/tai-massaaz-ringis-1024x982.jpg 1024w\" sizes=\"auto, (max-width: 265px) 100vw, 265px\" \/><\/a><\/p>\n<h3><strong>Tule ja koge t\u00f5elist Tai massaa\u017eikunsti!<\/strong><\/h3>\n<p>Tai meditsiin on tuhandeid aastaid vana rahvameditsiini traditsioon, mille teadmisi antakse edasi p\u00f5lvest p\u00f5lve. Ideaalis kulub terve keha massaa\u017eiks kaks kuni kolm tundi. L\u00fchema kestvusega massaa\u017ei korral on m\u00f5istlikum keskenduda vaid tervendamist vajavatele kehapiirkondadele. Kogenud Tai mass\u00f6\u00f6r suudab tuvastada erilist t\u00e4helepanu vajavaid kehapiirkondi juba esimese seansi ajal.<\/p>\n<p><strong><b>Tai massaa\u017ei teostatakse ESTONIA Medical Spa &amp; Hotel toas nr 112A<br \/>\n<\/b><\/strong><\/p>\n<table>\n<tbody>\n<tr>\n<td width=\"214\">Tai massaa\u017e<\/td>\n<td width=\"201\">60 min<\/td>\n<td width=\"201\">59 \u20ac<\/td>\n<\/tr>\n<tr>\n<td width=\"214\"><\/td>\n<td width=\"201\">90 min<\/td>\n<td width=\"201\">69 \u20ac<\/td>\n<\/tr>\n<tr>\n<td width=\"214\"><\/td>\n<td width=\"201\">120 min<\/td>\n<td width=\"201\">82 \u20ac<\/td>\n<\/tr>\n<tr>\n<td width=\"214\">Tai massaa\u017e \u00f5liga<\/td>\n<td width=\"201\">60 min<\/td>\n<td width=\"201\">59 \u20ac<\/td>\n<\/tr>\n<tr>\n<td width=\"214\"><\/td>\n<td width=\"201\">90 min<\/td>\n<td width=\"201\">69 \u20ac<\/td>\n<\/tr>\n<tr>\n<td width=\"214\"><\/td>\n<td width=\"201\">120 min<\/td>\n<td width=\"201\">82 \u20ac<\/td>\n<\/tr>\n<tr>\n<td width=\"214\">Tai jalatalla massaa\u017e<\/td>\n<td width=\"201\">60 min<\/td>\n<td width=\"201\">50 \u20ac<\/td>\n<\/tr>\n<tr>\n<td width=\"214\">Tai peamassaa\u017e<\/td>\n<td width=\"201\">20 min<\/td>\n<td width=\"201\">29 \u20ac<\/td>\n<\/tr>\n<tr>\n<td width=\"214\">Tai \u00f5lav\u00f6\u00f6tme massaa\u017e<\/td>\n<td width=\"201\">10 min<\/td>\n<td width=\"201\">18 \u20ac<\/td>\n<\/tr>\n<tr>\n<td width=\"214\">Tai\u00a0 \u00f5lav\u00f6\u00f6tme massaa\u017e \u201cSametine Siam\u201d<\/td>\n<td width=\"201\">30 min<\/td>\n<td width=\"201\">38 \u20ac<\/td>\n<\/tr>\n<tr>\n<td width=\"214\">Tai jalamassaa\u017e \u201dKerged jalad\u201d<\/td>\n<td width=\"201\">30 min<\/td>\n<td width=\"201\">38 \u20ac<\/td>\n<\/tr>\n<\/tbody>\n<\/table>\n<p><strong>Tai massaa\u017eile broneerimine:<\/strong><\/p>\n<p><strong style=\"font-size: 16px;\">Ilusalong:<\/strong><span style=\"font-size: 16px;\"> 440 1015, <a href=\"mailto:ilusalong@spaestonia.ee\">ilusalong@spaestonia.ee<\/a><br \/>\n<\/span><strong>Estonia Spa Termid<\/strong>: 447 6865, 447 6870, <a href=\"mailto:termid@spaestonia.ee\">termid@spaestonia.ee<\/a><br \/>\n<strong>Hotelli vastuv\u00f5tt<\/strong>: 447 6915, <a href=\"mailto:ravip@spaestonia.ee\">ravip@spaestonia.ee<\/a><\/p>\n<hr \/>\n<h2>Tai massaa\u017ei p\u00f5hit\u00f5ed<\/h2>\n<p>Tai massaa\u017ei nurgakiviks on \u00f5petused k\u00fcmnest eluenergia kanalist (sen) ja neljast eluelemendist: maa, tuli, vesi ja tuul (\u00f5hk). Teades ja tunnetades neid seadusp\u00e4rasusi, tegeleb mass\u00f6\u00f6r nii Sinu keha kui vaimuga. Peamine eesm\u00e4rk on k\u00f5rvaldada eluenergia ringluse h\u00e4ired. Mass\u00f6\u00f6r m\u00f5jutab Sinu energeetilisi punkte ja liine, korrastab energiavooge ning taastab organismi tasakaalu. Tai massaa\u017e \u00fchendab \u00fchte tervikusse kolme teraapia tehnika &#8211; liinimassaa\u017ei, lihaste ja k\u00f5\u00f5luste meridiaanide s\u00fcgavmassaa\u017ei ja jooga elementidega manuaalse teraapia.<\/p>\n<p>Tai massaa\u017e on ohutu ja personaalne. Soovitame massaa\u017ei istuva ja v\u00e4heliikuva elustiili puhul. S\u00fcgav l\u00f5dvestumine ja pinge langus seansi ajal aitab\u00a0vabaneda hetkelistest muredest &#8211; elate \u00fcle meeldivad emotsioonid, pea saab selgeks ning t\u00e4itub uute ideedega.<\/p>\n<p>Tai massaa\u017e on ideaalne stressi maandamiseks, depressioonist ja kroonilisest v\u00e4simusest vabanemiseks, t\u00f6\u00f6kuse t\u00f5stmiseks ja m\u00f5tlemise kiirendamiseks.<br \/>\nLisaks toimub ainevahetuse korrastamine, immuunsuse t\u00f5stmine, j\u00e4\u00e4kainetest vabanemine. \u00dcleliigsed kilod ei tule tagasi, s\u00f6\u00f6giisu on v\u00e4iksem ning organism ise valib tervislikku toitu. Paraneb selgroo liikuvus ja suureneb liigeste paindlikkus.<\/p>\n<p>Tai massaa\u017e on ravimivaba, loomulik ja ohutu v\u00f5imalus h\u00e4\u00e4lestamaks organismi tervenemisele.<\/p>\n<hr \/>\n<h2>Tai massaa\u017e<\/h2>\n<p>T\u00f5elist Tai massaa\u017eikunsti on v\u00f5imalik kogeda vaid siis, kui seda teeb \u00f5ige kultuurilise ning religioosse tausta ja koolitusega mass\u00f6\u00f6r-terapeut. Massaa\u017e m\u00f5jub tervendavalt ja toniseerivalt k\u00f5ikidele inimorganismi s\u00fcsteemidele ja viib need tasakaalu. Massaa\u017eimeister t\u00f6\u00f6tab hoolikalt iga teie lihase kallal, varbaotstest kuni pealaeni v\u00e4lja.<\/p>\n<p>Tai traditsiooniline massaa\u017e v\u00f5ib olla lihtsalt l\u00f5\u00f5gastav, aga ka v\u00e4ga t\u00f5husa tervendava toimega. Sobib h\u00e4sti sporditraumade taastusraviks, lihaspingete leevendamiseks, aitab aktiviseerida vereringet ja ainevahetust, parandab liigeste liikuvust ja m\u00f5jub toniseerivalt kogu organismile.<\/p>\n<p>Seanss toimub spetsiaalsel massaa\u017eimatil ja kliendil on seljas mugavad \u00f5hukesed spordir\u00f5ivad.<\/p>\n<hr \/>\n<h2>Tai massaa\u017e \u00f5lidega<strong><br \/>\n<\/strong><\/h2>\n<p>Tai massaa\u017eis \u00f5liga kasutatakse palju heaolu ja k\u00fclluse tunnet tekitavaid v\u00f5tteid. Massaa\u017eiks kasutatakse neutraalset baas\u00f5li. Massaa\u017ei toimel paraneb verevarustus, v\u00e4heneb lihaspinge, paraneb tunduvalt ainevahetus, suureneb naha elastsus ning mis peamine &#8211; n\u00e4rvis\u00fcsteem tugevneb ja v\u00e4heneb stress.<\/p>\n<p>Protseduuri teostatakse massaa\u017eilaual ja klient on massaa\u017ei ajal kaetud r\u00e4tikutega &#8211; paljastatud on vaid masseeritavad kehapinnad.<\/p>\n<hr \/>\n<h2>Tai jalamassaa\u017e <strong><br \/>\n<\/strong><\/h2>\n<p>Tai populaarseim ja enimkasutatav loodusravi liik. Massaa\u017e k\u00e4tkeb endas jala refleksoloogilisi tsoone, Tai liine ja erinevaid jala teraapilisi k\u00e4sitlusviise nii k\u00e4ega kui massaa\u017eipulgaga. Jalatallal asuvate punktide kaudu hinnatakse ning m\u00f5jutatakse organismi ja \u00fcksikute organite seisundit. Jalatalla massaa\u017ei eesm\u00e4rk on organismi funktsioonide taastamine, h\u00e4irete k\u00f5rvaldamine ja k\u00f5ikide s\u00fcsteemide balanseerimine. Teraapia on s\u00fcgava l\u00f5\u00f5gastava toimega ja m\u00f5jub teraapiliselt kogu kehale &#8211; avaldab v\u00e4ga head m\u00f5ju n\u00e4rvis\u00fcsteemile ning aitab uneh\u00e4irete korral.<\/p>\n<hr \/>\n<h2>Peamassaa\u017e<\/h2>\n<p>Tai peamassaa\u017e sai alguse India, Hiina, Singapuri ja T\u00fcrgi juuksurite ja habemeajajate poolt teenuse l\u00f5petuseks pakutavast peanaha ja juuste masseerimisest.\u00a0 T\u00e4nap\u00e4eval tehakse seda massaa\u017ei eraldi protseduurina, milles kasutatakse muljumist, ringitamist, h\u00f5\u00f5rumist, peanaha t\u00f5mbamist koljust eemale juustesalkudest t\u00f5mmates ja juuste s\u00f5rmitsemist, et parandada peanaha ja juuste toitumist ning v\u00e4ljan\u00e4gemist. Masseeritakse ka kaela ja \u00f5lgade tsooni. Lisaks peanaha ja juuste toitumise parandamisele, annab Tai peamassaa\u017e kaela ja \u00f5lgade pingepunktide vabastamise ja s\u00fcgava l\u00f5dvestuse.<\/p>\n<p>&nbsp;<\/p>\n","protected":false},"excerpt":{"rendered":"<p>Tule ja koge t\u00f5elist Tai massaa\u017eikunsti! Tai meditsiin on tuhandeid aastaid vana rahvameditsiini traditsioon, mille&hellip;<\/p>\n","protected":false},"author":1,"featured_media":0,"parent":50,"menu_order":0,"comment_status":"closed","ping_status":"open","template":"","meta":{"footnotes":""},"class_list":["post-372","page","type-page","status-publish","hentry"],"yoast_head":"<!-- This site is optimized with the Yoast SEO plugin v26.3 - https:\/\/yoast.com\/wordpress\/plugins\/seo\/ -->\n<title>Tailannade massaa\u017e - ESTONIA Medical Spa &amp; Hotel<\/title>\n<meta name=\"robots\" content=\"index, follow, max-snippet:-1, max-image-preview:large, max-video-preview:-1\" \/>\n<link rel=\"canonical\" href=\"https:\/\/spaestonia.ee\/medical\/termid\/tai-massaaz-termides\/\" \/>\n<meta property=\"og:locale\" content=\"et_EE\" \/>\n<meta property=\"og:type\" content=\"article\" \/>\n<meta property=\"og:title\" content=\"Tailannade massaa\u017e - ESTONIA Medical Spa &amp; Hotel\" \/>\n<meta property=\"og:description\" content=\"Tule ja koge t\u00f5elist Tai massaa\u017eikunsti! Tai meditsiin on tuhandeid aastaid vana rahvameditsiini traditsioon, mille&hellip;\" \/>\n<meta property=\"og:url\" content=\"https:\/\/spaestonia.ee\/medical\/termid\/tai-massaaz-termides\/\" \/>\n<meta property=\"og:site_name\" content=\"ESTONIA Medical Spa &amp; Hotel\" \/>\n<meta property=\"article:publisher\" content=\"https:\/\/www.facebook.com\/EstoniaMedicalSpa\" \/>\n<meta property=\"article:modified_time\" content=\"2025-01-02T07:43:24+00:00\" \/>\n<meta property=\"og:image\" content=\"https:\/\/www.spaestonia.ee\/medical\/wp-content\/uploads\/2016\/03\/tai-massaaz-ringis.jpg\" \/>\n<meta name=\"twitter:card\" content=\"summary_large_image\" \/>\n<meta name=\"twitter:label1\" content=\"Est. reading time\" \/>\n\t<meta name=\"twitter:data1\" content=\"3 minutit\" \/>\n<script type=\"application\/ld+json\" class=\"yoast-schema-graph\">{\"@context\":\"https:\/\/schema.org\",\"@graph\":[{\"@type\":\"WebPage\",\"@id\":\"https:\/\/spaestonia.ee\/medical\/termid\/tai-massaaz-termides\/\",\"url\":\"https:\/\/spaestonia.ee\/medical\/termid\/tai-massaaz-termides\/\",\"name\":\"Tailannade massaa\u017e - ESTONIA Medical Spa &amp; Hotel\",\"isPartOf\":{\"@id\":\"https:\/\/www.spaestonia.ee\/medical\/#website\"},\"primaryImageOfPage\":{\"@id\":\"https:\/\/spaestonia.ee\/medical\/termid\/tai-massaaz-termides\/#primaryimage\"},\"image\":{\"@id\":\"https:\/\/spaestonia.ee\/medical\/termid\/tai-massaaz-termides\/#primaryimage\"},\"thumbnailUrl\":\"https:\/\/www.spaestonia.ee\/medical\/wp-content\/uploads\/2016\/03\/tai-massaaz-ringis.jpg\",\"datePublished\":\"2014-12-25T18:07:23+00:00\",\"dateModified\":\"2025-01-02T07:43:24+00:00\",\"breadcrumb\":{\"@id\":\"https:\/\/spaestonia.ee\/medical\/termid\/tai-massaaz-termides\/#breadcrumb\"},\"inLanguage\":\"et\",\"potentialAction\":[{\"@type\":\"ReadAction\",\"target\":[\"https:\/\/spaestonia.ee\/medical\/termid\/tai-massaaz-termides\/\"]}]},{\"@type\":\"ImageObject\",\"inLanguage\":\"et\",\"@id\":\"https:\/\/spaestonia.ee\/medical\/termid\/tai-massaaz-termides\/#primaryimage\",\"url\":\"https:\/\/www.spaestonia.ee\/medical\/wp-content\/uploads\/2016\/03\/tai-massaaz-ringis.jpg\",\"contentUrl\":\"https:\/\/www.spaestonia.ee\/medical\/wp-content\/uploads\/2016\/03\/tai-massaaz-ringis.jpg\"},{\"@type\":\"BreadcrumbList\",\"@id\":\"https:\/\/spaestonia.ee\/medical\/termid\/tai-massaaz-termides\/#breadcrumb\",\"itemListElement\":[{\"@type\":\"ListItem\",\"position\":1,\"name\":\"Home\",\"item\":\"https:\/\/www.spaestonia.ee\/medical\/\"},{\"@type\":\"ListItem\",\"position\":2,\"name\":\"Spaakeskus TERMID\",\"item\":\"https:\/\/www.spaestonia.ee\/medical\/termid\/\"},{\"@type\":\"ListItem\",\"position\":3,\"name\":\"Tailannade massaa\u017e\"}]},{\"@type\":\"WebSite\",\"@id\":\"https:\/\/www.spaestonia.ee\/medical\/#website\",\"url\":\"https:\/\/www.spaestonia.ee\/medical\/\",\"name\":\"ESTONIA Medical Spa & Hotel\",\"description\":\"Ravispaa - Terveyskylpyl\u00e4 - P\u00e4rnu\",\"publisher\":{\"@id\":\"https:\/\/www.spaestonia.ee\/medical\/#organization\"},\"potentialAction\":[{\"@type\":\"SearchAction\",\"target\":{\"@type\":\"EntryPoint\",\"urlTemplate\":\"https:\/\/www.spaestonia.ee\/medical\/?s={search_term_string}\"},\"query-input\":{\"@type\":\"PropertyValueSpecification\",\"valueRequired\":true,\"valueName\":\"search_term_string\"}}],\"inLanguage\":\"et\"},{\"@type\":\"Organization\",\"@id\":\"https:\/\/www.spaestonia.ee\/medical\/#organization\",\"name\":\"ESTONIA Medical Spa & Hotel\",\"url\":\"https:\/\/www.spaestonia.ee\/medical\/\",\"logo\":{\"@type\":\"ImageObject\",\"inLanguage\":\"et\",\"@id\":\"https:\/\/www.spaestonia.ee\/medical\/#\/schema\/logo\/image\/\",\"url\":\"https:\/\/www.spaestonia.ee\/medical\/wp-content\/uploads\/2025\/02\/medical.jpg\",\"contentUrl\":\"https:\/\/www.spaestonia.ee\/medical\/wp-content\/uploads\/2025\/02\/medical.jpg\",\"width\":700,\"height\":450,\"caption\":\"ESTONIA Medical Spa & Hotel\"},\"image\":{\"@id\":\"https:\/\/www.spaestonia.ee\/medical\/#\/schema\/logo\/image\/\"},\"sameAs\":[\"https:\/\/www.facebook.com\/EstoniaMedicalSpa\"]}]}<\/script>\n<!-- \/ Yoast SEO plugin. -->","yoast_head_json":{"title":"Tailannade massaa\u017e - ESTONIA Medical Spa &amp; Hotel","robots":{"index":"index","follow":"follow","max-snippet":"max-snippet:-1","max-image-preview":"max-image-preview:large","max-video-preview":"max-video-preview:-1"},"canonical":"https:\/\/spaestonia.ee\/medical\/termid\/tai-massaaz-termides\/","og_locale":"et_EE","og_type":"article","og_title":"Tailannade massaa\u017e - ESTONIA Medical Spa &amp; Hotel","og_description":"Tule ja koge t\u00f5elist Tai massaa\u017eikunsti! Tai meditsiin on tuhandeid aastaid vana rahvameditsiini traditsioon, mille&hellip;","og_url":"https:\/\/spaestonia.ee\/medical\/termid\/tai-massaaz-termides\/","og_site_name":"ESTONIA Medical Spa &amp; Hotel","article_publisher":"https:\/\/www.facebook.com\/EstoniaMedicalSpa","article_modified_time":"2025-01-02T07:43:24+00:00","og_image":[{"url":"https:\/\/www.spaestonia.ee\/medical\/wp-content\/uploads\/2016\/03\/tai-massaaz-ringis.jpg","type":"","width":"","height":""}],"twitter_card":"summary_large_image","twitter_misc":{"Est. reading time":"3 minutit"},"schema":{"@context":"https:\/\/schema.org","@graph":[{"@type":"WebPage","@id":"https:\/\/spaestonia.ee\/medical\/termid\/tai-massaaz-termides\/","url":"https:\/\/spaestonia.ee\/medical\/termid\/tai-massaaz-termides\/","name":"Tailannade massaa\u017e - ESTONIA Medical Spa &amp; Hotel","isPartOf":{"@id":"https:\/\/www.spaestonia.ee\/medical\/#website"},"primaryImageOfPage":{"@id":"https:\/\/spaestonia.ee\/medical\/termid\/tai-massaaz-termides\/#primaryimage"},"image":{"@id":"https:\/\/spaestonia.ee\/medical\/termid\/tai-massaaz-termides\/#primaryimage"},"thumbnailUrl":"https:\/\/www.spaestonia.ee\/medical\/wp-content\/uploads\/2016\/03\/tai-massaaz-ringis.jpg","datePublished":"2014-12-25T18:07:23+00:00","dateModified":"2025-01-02T07:43:24+00:00","breadcrumb":{"@id":"https:\/\/spaestonia.ee\/medical\/termid\/tai-massaaz-termides\/#breadcrumb"},"inLanguage":"et","potentialAction":[{"@type":"ReadAction","target":["https:\/\/spaestonia.ee\/medical\/termid\/tai-massaaz-termides\/"]}]},{"@type":"ImageObject","inLanguage":"et","@id":"https:\/\/spaestonia.ee\/medical\/termid\/tai-massaaz-termides\/#primaryimage","url":"https:\/\/www.spaestonia.ee\/medical\/wp-content\/uploads\/2016\/03\/tai-massaaz-ringis.jpg","contentUrl":"https:\/\/www.spaestonia.ee\/medical\/wp-content\/uploads\/2016\/03\/tai-massaaz-ringis.jpg"},{"@type":"BreadcrumbList","@id":"https:\/\/spaestonia.ee\/medical\/termid\/tai-massaaz-termides\/#breadcrumb","itemListElement":[{"@type":"ListItem","position":1,"name":"Home","item":"https:\/\/www.spaestonia.ee\/medical\/"},{"@type":"ListItem","position":2,"name":"Spaakeskus TERMID","item":"https:\/\/www.spaestonia.ee\/medical\/termid\/"},{"@type":"ListItem","position":3,"name":"Tailannade massaa\u017e"}]},{"@type":"WebSite","@id":"https:\/\/www.spaestonia.ee\/medical\/#website","url":"https:\/\/www.spaestonia.ee\/medical\/","name":"ESTONIA Medical Spa & Hotel","description":"Ravispaa - Terveyskylpyl\u00e4 - P\u00e4rnu","publisher":{"@id":"https:\/\/www.spaestonia.ee\/medical\/#organization"},"potentialAction":[{"@type":"SearchAction","target":{"@type":"EntryPoint","urlTemplate":"https:\/\/www.spaestonia.ee\/medical\/?s={search_term_string}"},"query-input":{"@type":"PropertyValueSpecification","valueRequired":true,"valueName":"search_term_string"}}],"inLanguage":"et"},{"@type":"Organization","@id":"https:\/\/www.spaestonia.ee\/medical\/#organization","name":"ESTONIA Medical Spa & Hotel","url":"https:\/\/www.spaestonia.ee\/medical\/","logo":{"@type":"ImageObject","inLanguage":"et","@id":"https:\/\/www.spaestonia.ee\/medical\/#\/schema\/logo\/image\/","url":"https:\/\/www.spaestonia.ee\/medical\/wp-content\/uploads\/2025\/02\/medical.jpg","contentUrl":"https:\/\/www.spaestonia.ee\/medical\/wp-content\/uploads\/2025\/02\/medical.jpg","width":700,"height":450,"caption":"ESTONIA Medical Spa & Hotel"},"image":{"@id":"https:\/\/www.spaestonia.ee\/medical\/#\/schema\/logo\/image\/"},"sameAs":["https:\/\/www.facebook.com\/EstoniaMedicalSpa"]}]}},"_links":{"self":[{"href":"https:\/\/spaestonia.ee\/medical\/wp-json\/wp\/v2\/pages\/372","targetHints":{"allow":["GET"]}}],"collection":[{"href":"https:\/\/spaestonia.ee\/medical\/wp-json\/wp\/v2\/pages"}],"about":[{"href":"https:\/\/spaestonia.ee\/medical\/wp-json\/wp\/v2\/types\/page"}],"author":[{"embeddable":true,"href":"https:\/\/spaestonia.ee\/medical\/wp-json\/wp\/v2\/users\/1"}],"replies":[{"embeddable":true,"href":"https:\/\/spaestonia.ee\/medical\/wp-json\/wp\/v2\/comments?post=372"}],"version-history":[{"count":48,"href":"https:\/\/spaestonia.ee\/medical\/wp-json\/wp\/v2\/pages\/372\/revisions"}],"predecessor-version":[{"id":15204,"href":"https:\/\/spaestonia.ee\/medical\/wp-json\/wp\/v2\/pages\/372\/revisions\/15204"}],"up":[{"embeddable":true,"href":"https:\/\/spaestonia.ee\/medical\/wp-json\/wp\/v2\/pages\/50"}],"wp:attachment":[{"href":"https:\/\/spaestonia.ee\/medical\/wp-json\/wp\/v2\/media?parent=372"}],"curies":[{"name":"wp","href":"https:\/\/api.w.org\/{rel}","templated":true}]}}