{"id":48,"date":"2014-11-13T19:48:49","date_gmt":"2014-11-13T17:48:49","guid":{"rendered":"http:\/\/www.spaestonia.ee\/?page_id=48"},"modified":"2023-10-02T08:49:54","modified_gmt":"2023-10-02T05:49:54","slug":"hotell","status":"publish","type":"page","link":"https:\/\/spaestonia.ee\/medical\/hotell\/","title":{"rendered":"Hotell"},"content":{"rendered":"<p>ESTONIA Medical Spa &amp; Hotel on tuntud headuses <a title=\"Ravispaa\" href=\"https:\/\/www.spaestonia.ee\/medical\/hotell\/ravispaa\/\">ravispaa<\/a> ja hotell. ESTONIA ravispaa m\u00e4rks\u00f5nadeks on aastak\u00fcmnete pikkune traditsioon ja professionaalsus. Siin tagame Sulle m\u00f5nusa puhkuse ja vajaliku tervisekosutuse. Iga p\u00e4ev ootavad Sind ravi- ja spaaprotseduurid, basseinid, saunad ja iluhoolitsuste kabinetid.<\/p>\n<p>Asume P\u00e4rnu rannarajoonis, 5 minuti kaugusel rannapromenaadist ja 15 min kaugusel kesklinnast.<\/p>\n<p><a title=\"Asukoht\" href=\"https:\/\/www.spaestonia.ee\/medical\/asukoht\/\">Asukoht kaardil\u00a0\u00bb<\/a><\/p>\n<p>Tule ja veeda meie juures terve puhkus!<\/p>\n<ul>\n<li>Hotellis on 193 mugavat <a title=\"Hotellitoad\" href=\"https:\/\/www.spaestonia.ee\/medical\/hotell\/hotellitoad\/\">tuba<\/a><\/li>\n<li>Enam kui 100 erinevat <a title=\"Raviprotseduurid\" href=\"https:\/\/www.spaestonia.ee\/medical\/hotell\/raviprotseduurid\/\">raviprotseduuri<\/a><\/li>\n<li>Lisaks arvukatele ravikabinettidele asub hotellis ka <a title=\"Ilusalong\" href=\"https:\/\/www.spaestonia.ee\/medical\/hotell\/ilusalong\/\">ilusalong<\/a><\/li>\n<li>1. korruselt on otse l\u00e4bip\u00e4\u00e4s spaakeskusesse <a title=\"Estonia Spa Termid\" href=\"https:\/\/www.spaestonia.ee\/medical\/termid\/\">TERMID<\/a><\/li>\n<li>Hotelli 5. korrusel asub <em>buffet<\/em> <a title=\"Restoran\" href=\"https:\/\/www.spaestonia.ee\/medical\/hotell\/restoran\/\">restoran<\/a> ja 8. korrusel <a href=\"https:\/\/www.spaestonia.ee\/medical\/hotell\/panoraamkohvik\/\">panoraamkohvik<\/a> &#8211; suurep\u00e4rase vaatega linnale ja merele!<\/li>\n<li>Hotelli vastuv\u00f5tu juures asub kauplus, kus on m\u00fc\u00fcgil kerged joogid, sn\u00e4kid ja esmatarbekaubad.<\/li>\n<\/ul>\n<p>ESTONIA ravispaa on suitsuvaba hotell.<\/p>\n<p><strong>Lisainfo ja broneerimine<\/strong>: e-post <a href=\"mailto:sales@spaestonia.ee\">sales@spaestonia.ee<\/a>, tel 447 6905.<\/p>\n<div class='gallery-article'><ul id='gallery-article0' class='list gallery-list galleryid-0 gallery-columns-3 gallery-size-thumbnail'><li class='gallery-item'>\n\t\t<p class='gallery-icon'>\n\t\t<a href='https:\/\/spaestonia.ee\/medical\/hotell\/attachment\/medical-maja-pargist-450\/'><img loading=\"lazy\" decoding=\"async\" width=\"300\" height=\"300\" src=\"https:\/\/spaestonia.ee\/medical\/wp-content\/uploads\/2014\/11\/medical-maja-pargist-450-300x300.jpg\" class=\"attachment-thumbnail size-thumbnail\" alt=\"Estonia Medical Spa\" srcset=\"https:\/\/spaestonia.ee\/medical\/wp-content\/uploads\/2014\/11\/medical-maja-pargist-450-300x300.jpg 300w, https:\/\/spaestonia.ee\/medical\/wp-content\/uploads\/2014\/11\/medical-maja-pargist-450-181x181.jpg 181w\" sizes=\"auto, (max-width: 300px) 100vw, 300px\" \/><\/a>\n\t\t<\/p><\/li><li class='gallery-item'>\n\t\t<p class='gallery-icon'>\n\t\t<a href='https:\/\/spaestonia.ee\/medical\/hotell\/attachment\/estonia-10\/'><img loading=\"lazy\" decoding=\"async\" width=\"300\" height=\"300\" src=\"https:\/\/spaestonia.ee\/medical\/wp-content\/uploads\/2023\/07\/Estonia-10-300x300.jpg\" class=\"attachment-thumbnail size-thumbnail\" alt=\"\" srcset=\"https:\/\/spaestonia.ee\/medical\/wp-content\/uploads\/2023\/07\/Estonia-10-300x300.jpg 300w, https:\/\/spaestonia.ee\/medical\/wp-content\/uploads\/2023\/07\/Estonia-10-181x181.jpg 181w\" sizes=\"auto, (max-width: 300px) 100vw, 300px\" \/><\/a>\n\t\t<\/p><\/li><li class='gallery-item'>\n\t\t<p class='gallery-icon'>\n\t\t<a href='https:\/\/spaestonia.ee\/medical\/hotell\/attachment\/estonia-13\/'><img loading=\"lazy\" decoding=\"async\" width=\"300\" height=\"300\" src=\"https:\/\/spaestonia.ee\/medical\/wp-content\/uploads\/2023\/07\/Estonia-13-300x300.jpg\" class=\"attachment-thumbnail size-thumbnail\" alt=\"\" srcset=\"https:\/\/spaestonia.ee\/medical\/wp-content\/uploads\/2023\/07\/Estonia-13-300x300.jpg 300w, https:\/\/spaestonia.ee\/medical\/wp-content\/uploads\/2023\/07\/Estonia-13-181x181.jpg 181w\" sizes=\"auto, (max-width: 300px) 100vw, 300px\" \/><\/a>\n\t\t<\/p><\/li><\/ul>\n<\/div>\n\n<p>&nbsp;<\/p>\n","protected":false},"excerpt":{"rendered":"<p>ESTONIA Medical Spa &amp; Hotel on tuntud headuses ravispaa ja hotell. ESTONIA ravispaa m\u00e4rks\u00f5nadeks on&hellip;<\/p>\n","protected":false},"author":1,"featured_media":0,"parent":0,"menu_order":0,"comment_status":"closed","ping_status":"open","template":"","meta":{"footnotes":""},"class_list":["post-48","page","type-page","status-publish","hentry"],"yoast_head":"<!-- This site is optimized with the Yoast SEO plugin v26.3 - https:\/\/yoast.com\/wordpress\/plugins\/seo\/ -->\n<title>Hotell - ESTONIA Medical Spa &amp; Hotel<\/title>\n<meta name=\"robots\" content=\"index, follow, max-snippet:-1, max-image-preview:large, max-video-preview:-1\" \/>\n<link rel=\"canonical\" href=\"https:\/\/spaestonia.ee\/medical\/hotell\/\" \/>\n<meta property=\"og:locale\" content=\"et_EE\" \/>\n<meta property=\"og:type\" content=\"article\" \/>\n<meta property=\"og:title\" content=\"Hotell - ESTONIA Medical Spa &amp; Hotel\" \/>\n<meta property=\"og:description\" content=\"ESTONIA Medical Spa &amp; Hotel on tuntud headuses ravispaa ja hotell. ESTONIA ravispaa m\u00e4rks\u00f5nadeks on&hellip;\" \/>\n<meta property=\"og:url\" content=\"https:\/\/spaestonia.ee\/medical\/hotell\/\" \/>\n<meta property=\"og:site_name\" content=\"ESTONIA Medical Spa &amp; Hotel\" \/>\n<meta property=\"article:publisher\" content=\"https:\/\/www.facebook.com\/EstoniaMedicalSpa\" \/>\n<meta property=\"article:modified_time\" content=\"2023-10-02T05:49:54+00:00\" \/>\n<meta property=\"og:image\" content=\"https:\/\/www.spaestonia.ee\/medical\/wp-content\/uploads\/2014\/11\/medical-maja-pargist-450-300x300.jpg\" \/>\n<meta name=\"twitter:card\" content=\"summary_large_image\" \/>\n<meta name=\"twitter:label1\" content=\"Est. reading time\" \/>\n\t<meta name=\"twitter:data1\" content=\"1 minut\" \/>\n<script type=\"application\/ld+json\" class=\"yoast-schema-graph\">{\"@context\":\"https:\/\/schema.org\",\"@graph\":[{\"@type\":\"WebPage\",\"@id\":\"https:\/\/spaestonia.ee\/medical\/hotell\/\",\"url\":\"https:\/\/spaestonia.ee\/medical\/hotell\/\",\"name\":\"Hotell - ESTONIA Medical Spa &amp; Hotel\",\"isPartOf\":{\"@id\":\"https:\/\/www.spaestonia.ee\/medical\/#website\"},\"datePublished\":\"2014-11-13T17:48:49+00:00\",\"dateModified\":\"2023-10-02T05:49:54+00:00\",\"breadcrumb\":{\"@id\":\"https:\/\/spaestonia.ee\/medical\/hotell\/#breadcrumb\"},\"inLanguage\":\"et\",\"potentialAction\":[{\"@type\":\"ReadAction\",\"target\":[\"https:\/\/spaestonia.ee\/medical\/hotell\/\"]}]},{\"@type\":\"BreadcrumbList\",\"@id\":\"https:\/\/spaestonia.ee\/medical\/hotell\/#breadcrumb\",\"itemListElement\":[{\"@type\":\"ListItem\",\"position\":1,\"name\":\"Home\",\"item\":\"https:\/\/www.spaestonia.ee\/medical\/\"},{\"@type\":\"ListItem\",\"position\":2,\"name\":\"Hotell\"}]},{\"@type\":\"WebSite\",\"@id\":\"https:\/\/www.spaestonia.ee\/medical\/#website\",\"url\":\"https:\/\/www.spaestonia.ee\/medical\/\",\"name\":\"ESTONIA Medical Spa & Hotel\",\"description\":\"Ravispaa - Terveyskylpyl\u00e4 - P\u00e4rnu\",\"publisher\":{\"@id\":\"https:\/\/www.spaestonia.ee\/medical\/#organization\"},\"potentialAction\":[{\"@type\":\"SearchAction\",\"target\":{\"@type\":\"EntryPoint\",\"urlTemplate\":\"https:\/\/www.spaestonia.ee\/medical\/?s={search_term_string}\"},\"query-input\":{\"@type\":\"PropertyValueSpecification\",\"valueRequired\":true,\"valueName\":\"search_term_string\"}}],\"inLanguage\":\"et\"},{\"@type\":\"Organization\",\"@id\":\"https:\/\/www.spaestonia.ee\/medical\/#organization\",\"name\":\"ESTONIA Medical Spa & Hotel\",\"url\":\"https:\/\/www.spaestonia.ee\/medical\/\",\"logo\":{\"@type\":\"ImageObject\",\"inLanguage\":\"et\",\"@id\":\"https:\/\/www.spaestonia.ee\/medical\/#\/schema\/logo\/image\/\",\"url\":\"https:\/\/www.spaestonia.ee\/medical\/wp-content\/uploads\/2025\/02\/medical.jpg\",\"contentUrl\":\"https:\/\/www.spaestonia.ee\/medical\/wp-content\/uploads\/2025\/02\/medical.jpg\",\"width\":700,\"height\":450,\"caption\":\"ESTONIA Medical Spa & Hotel\"},\"image\":{\"@id\":\"https:\/\/www.spaestonia.ee\/medical\/#\/schema\/logo\/image\/\"},\"sameAs\":[\"https:\/\/www.facebook.com\/EstoniaMedicalSpa\"]}]}<\/script>\n<!-- \/ Yoast SEO plugin. -->","yoast_head_json":{"title":"Hotell - ESTONIA Medical Spa &amp; Hotel","robots":{"index":"index","follow":"follow","max-snippet":"max-snippet:-1","max-image-preview":"max-image-preview:large","max-video-preview":"max-video-preview:-1"},"canonical":"https:\/\/spaestonia.ee\/medical\/hotell\/","og_locale":"et_EE","og_type":"article","og_title":"Hotell - ESTONIA Medical Spa &amp; Hotel","og_description":"ESTONIA Medical Spa &amp; Hotel on tuntud headuses ravispaa ja hotell. ESTONIA ravispaa m\u00e4rks\u00f5nadeks on&hellip;","og_url":"https:\/\/spaestonia.ee\/medical\/hotell\/","og_site_name":"ESTONIA Medical Spa &amp; Hotel","article_publisher":"https:\/\/www.facebook.com\/EstoniaMedicalSpa","article_modified_time":"2023-10-02T05:49:54+00:00","og_image":[{"url":"https:\/\/www.spaestonia.ee\/medical\/wp-content\/uploads\/2014\/11\/medical-maja-pargist-450-300x300.jpg","type":"","width":"","height":""}],"twitter_card":"summary_large_image","twitter_misc":{"Est. reading time":"1 minut"},"schema":{"@context":"https:\/\/schema.org","@graph":[{"@type":"WebPage","@id":"https:\/\/spaestonia.ee\/medical\/hotell\/","url":"https:\/\/spaestonia.ee\/medical\/hotell\/","name":"Hotell - ESTONIA Medical Spa &amp; Hotel","isPartOf":{"@id":"https:\/\/www.spaestonia.ee\/medical\/#website"},"datePublished":"2014-11-13T17:48:49+00:00","dateModified":"2023-10-02T05:49:54+00:00","breadcrumb":{"@id":"https:\/\/spaestonia.ee\/medical\/hotell\/#breadcrumb"},"inLanguage":"et","potentialAction":[{"@type":"ReadAction","target":["https:\/\/spaestonia.ee\/medical\/hotell\/"]}]},{"@type":"BreadcrumbList","@id":"https:\/\/spaestonia.ee\/medical\/hotell\/#breadcrumb","itemListElement":[{"@type":"ListItem","position":1,"name":"Home","item":"https:\/\/www.spaestonia.ee\/medical\/"},{"@type":"ListItem","position":2,"name":"Hotell"}]},{"@type":"WebSite","@id":"https:\/\/www.spaestonia.ee\/medical\/#website","url":"https:\/\/www.spaestonia.ee\/medical\/","name":"ESTONIA Medical Spa & Hotel","description":"Ravispaa - Terveyskylpyl\u00e4 - P\u00e4rnu","publisher":{"@id":"https:\/\/www.spaestonia.ee\/medical\/#organization"},"potentialAction":[{"@type":"SearchAction","target":{"@type":"EntryPoint","urlTemplate":"https:\/\/www.spaestonia.ee\/medical\/?s={search_term_string}"},"query-input":{"@type":"PropertyValueSpecification","valueRequired":true,"valueName":"search_term_string"}}],"inLanguage":"et"},{"@type":"Organization","@id":"https:\/\/www.spaestonia.ee\/medical\/#organization","name":"ESTONIA Medical Spa & Hotel","url":"https:\/\/www.spaestonia.ee\/medical\/","logo":{"@type":"ImageObject","inLanguage":"et","@id":"https:\/\/www.spaestonia.ee\/medical\/#\/schema\/logo\/image\/","url":"https:\/\/www.spaestonia.ee\/medical\/wp-content\/uploads\/2025\/02\/medical.jpg","contentUrl":"https:\/\/www.spaestonia.ee\/medical\/wp-content\/uploads\/2025\/02\/medical.jpg","width":700,"height":450,"caption":"ESTONIA Medical Spa & Hotel"},"image":{"@id":"https:\/\/www.spaestonia.ee\/medical\/#\/schema\/logo\/image\/"},"sameAs":["https:\/\/www.facebook.com\/EstoniaMedicalSpa"]}]}},"_links":{"self":[{"href":"https:\/\/spaestonia.ee\/medical\/wp-json\/wp\/v2\/pages\/48","targetHints":{"allow":["GET"]}}],"collection":[{"href":"https:\/\/spaestonia.ee\/medical\/wp-json\/wp\/v2\/pages"}],"about":[{"href":"https:\/\/spaestonia.ee\/medical\/wp-json\/wp\/v2\/types\/page"}],"author":[{"embeddable":true,"href":"https:\/\/spaestonia.ee\/medical\/wp-json\/wp\/v2\/users\/1"}],"replies":[{"embeddable":true,"href":"https:\/\/spaestonia.ee\/medical\/wp-json\/wp\/v2\/comments?post=48"}],"version-history":[{"count":66,"href":"https:\/\/spaestonia.ee\/medical\/wp-json\/wp\/v2\/pages\/48\/revisions"}],"predecessor-version":[{"id":19721,"href":"https:\/\/spaestonia.ee\/medical\/wp-json\/wp\/v2\/pages\/48\/revisions\/19721"}],"wp:attachment":[{"href":"https:\/\/spaestonia.ee\/medical\/wp-json\/wp\/v2\/media?parent=48"}],"curies":[{"name":"wp","href":"https:\/\/api.w.org\/{rel}","templated":true}]}}