{"id":50,"date":"2014-11-13T19:49:12","date_gmt":"2014-11-13T17:49:12","guid":{"rendered":"http:\/\/www.spaestonia.ee\/?page_id=50"},"modified":"2026-01-05T09:47:06","modified_gmt":"2026-01-05T07:47:06","slug":"termid","status":"publish","type":"page","link":"https:\/\/spaestonia.ee\/medical\/termid\/","title":{"rendered":"Spaakeskus TERMID"},"content":{"rendered":"<p><strong>Spaakeskuse TERMID basseinid ja K\u00d5IK saunad on avatud kell 7.30-21.30,<\/strong><br \/>\nv\u00e4lja arvatud igakuised hooldusp\u00e4evad, <a href=\"https:\/\/www.spaestonia.ee\/medical\/termid\/hoolduspaevad\/\">vaata t\u00e4pseid kuup\u00e4evi siit<\/a>.<\/p>\n<h3><strong>Hinnad<\/strong><\/h3>\n<table>\n<tbody>\n<tr>\n<td width=\"137\"><strong>Lahtioleku aeg<\/strong><\/td>\n<td style=\"text-align: center;\" width=\"107\"><strong>T\u00e4iskasvanu<\/strong><\/td>\n<td style=\"text-align: center;\" width=\"141\"><strong>Laps (4-14a k.a)<\/strong><\/td>\n<td style=\"text-align: center;\" width=\"104\"><strong>Sooduspilet *<\/strong><\/td>\n<td style=\"text-align: center;\" width=\"122\"><strong>Perepilet **<\/strong><\/td>\n<\/tr>\n<tr>\n<td width=\"137\"><strong>E-N (7.30-21.30)<br \/>\n<\/strong><\/td>\n<td width=\"107\">\n<p style=\"text-align: center;\">15 \u20ac<\/p>\n<\/td>\n<td style=\"text-align: center;\" width=\"141\">9 \u20ac<\/td>\n<td style=\"text-align: center;\" width=\"104\">13 \u20ac<\/td>\n<td width=\"122\">\n<p style=\"text-align: center;\">39 \u20ac<\/p>\n<\/td>\n<\/tr>\n<tr>\n<td width=\"137\"><strong>R-P (7.30-21.30)<\/strong><\/td>\n<td width=\"107\">\n<p style=\"text-align: center;\">22 \u20ac<\/p>\n<\/td>\n<td style=\"text-align: center;\" width=\"141\">14 \u20ac<\/td>\n<td style=\"text-align: center;\" width=\"104\">18 \u20ac<\/td>\n<td width=\"122\">\n<p style=\"text-align: center;\">58 \u20ac<\/p>\n<\/td>\n<\/tr>\n<\/tbody>\n<\/table>\n<p><strong>Hinnad sisaldavad 3-tunnist k\u00fclastust.<\/strong><\/p>\n<p><strong>*<\/strong> Sooduspilet kehtib pension\u00e4ridele pensionitunnistuse alusel ning noorukitele al 15a \u00f5pilaspileti\/ISIC kaardi etten\u00e4itamisel.<br \/>\n<strong>**<\/strong> Perepilet kehtib 2 t\u00e4iskasvanule ja kuni 2 lapsele v\u00f5i 1 t\u00e4iskasvanule ja 3 lapsele (lapsed vanuses 4-14a).<br \/>\nKuni 3-aastased lapsed (3a k.a) saavad koos pileti ostnud t\u00e4iskasvanuga k\u00fclastada spaakeskust tasuta.<\/p>\n<p><strong>Riigip\u00fchadel kehtib <\/strong>R-P hind: 24.02, 23.06, 24.06, 20.08, 24.12.<\/p>\n<p>Saunad l\u00fclitatakse v\u00e4lja kell\u00a021.00.<\/p>\n<h3><strong>Hotellikliendi k\u00fclastajad: <\/strong><\/h3>\n<ul>\n<li><strong>Hotellimajutuse broneerinud kliendil <\/strong>(st majutuspakett koos hommikus\u00f6\u00f6giga):<br \/>\n&#8211; Spaakeskus TERMID k\u00fclastus piiramatult hotellis viibimise ajal 7.30-21.30<br \/>\n<em>(saabumisp\u00e4eval alates kl 15.00 (check-in) ning lahkumisp\u00e4eval saab siseneda hiljemalt kl 10).<\/em><\/li>\n<li><strong>Ravidega paketi broneerinud kliendil:<br \/>\n<\/strong>&#8211; Spaakeskus TERMID k\u00fclastus 7.30-21.30<strong><span style=\"color: #3366ff;\"><br \/>\n<\/span><\/strong><em>(saabumisp\u00e4eval alates kl 15.00 (check-in) ning lahkumisp\u00e4eval saab siseneda hiljemalt kl 10<\/em><em>).<\/em><em><br \/>\n<\/em><a href=\"https:\/\/www.spaestonia.ee\/medical\/paketid-eripakkumised\/\">Vaata pakettide pakkumisi siit.<\/a><\/li>\n<\/ul>\n<h3><strong>Lisatasu eest:<\/strong><\/h3>\n<ul>\n<li>R\u00e4tiku laenutus 3 \u20ac, hommikumantli laenutus 6 \u20ac<\/li>\n<li>Vesiv\u00f5imlemine esmasp\u00e4evast reedeni,\u00a0<a href=\"https:\/\/www.spaestonia.ee\/medical\/termid\/vesivoimlemine\/\">vaata hinda ja aegu<\/a>\u00bb<\/li>\n<li>Tailannade massaa\u017e,\u00a0<a href=\"https:\/\/www.spaestonia.ee\/medical\/termid\/tai-massaaz-termides\/\">lisainfo<\/a>\u00bb<\/li>\n<\/ul>\n<h3><strong>Parkimine<\/strong><\/h3>\n<p><strong>Parkimine hotelli parklas on 1.05-31.08 tasuline, muul ajal tasuta. <\/strong>Lisainfo\u00a0<a href=\"https:\/\/www.spaestonia.ee\/medical\/asukoht\/\">SIIN<\/a>.<\/p>\n<hr \/>\n<h3><strong>Lisainfo:<\/strong><\/h3>\n<p>Tel +372 44 76 865 ja +372 44 76 870<\/p>\n<p><strong>Spaakeskus TERMID asub aadressil S\u00e4\u00e4se 7, P\u00e4rnu<\/strong>.\u00a0<a title=\"Estonia Spa TERMIDE asukoht kaardil\" href=\"https:\/\/www.spaestonia.ee\/medical\/termid\/termide-asukoht-kaardil\/\" target=\"_blank\" rel=\"noopener\">Asukoht kaardil\u00a0\u00bb<\/a><br \/>\n<strong>Avatud iga p\u00e4ev kell 7.30-21.30<\/strong>, v\u00e4lja arvatud igakuised hooldusp\u00e4evad,\u00a0<a title=\"Hooldusp\u00e4evad\" href=\"https:\/\/www.spaestonia.ee\/medical\/termid\/hoolduspaevad\/\">vaata t\u00e4pseid kuup\u00e4evi siit<\/a>.<br \/>\nEnne Termide k\u00fclastust tutvu ka\u00a0<a title=\"Estonia Spa Termide head tavad\" href=\"https:\/\/www.spaestonia.ee\/medical\/termid\/estonia-spa-termide-head-tavad\/\">Termide heade tavadega<\/a>.<\/p>\n","protected":false},"excerpt":{"rendered":"<p>Spaakeskuse TERMID basseinid ja K\u00d5IK saunad on avatud kell 7.30-21.30, v\u00e4lja arvatud igakuised hooldusp\u00e4evad, vaata&hellip;<\/p>\n","protected":false},"author":1,"featured_media":0,"parent":0,"menu_order":0,"comment_status":"closed","ping_status":"open","template":"","meta":{"footnotes":""},"class_list":["post-50","page","type-page","status-publish","hentry"],"yoast_head":"<!-- This site is optimized with the Yoast SEO plugin v26.3 - https:\/\/yoast.com\/wordpress\/plugins\/seo\/ -->\n<title>Spaakeskus TERMID - ESTONIA Medical Spa &amp; Hotel<\/title>\n<meta name=\"description\" content=\"Spaakeskuses TERMID ootavad teid kuumad saunad, l\u00f5\u00f5gastavad mullivannid ja basseinid igas vanuses vees\u00f5pradele. Avatud iga p\u00e4ev 7.20-21.30\" \/>\n<meta name=\"robots\" content=\"index, follow, max-snippet:-1, max-image-preview:large, max-video-preview:-1\" \/>\n<link rel=\"canonical\" href=\"https:\/\/spaestonia.ee\/medical\/termid\/\" \/>\n<meta property=\"og:locale\" content=\"et_EE\" \/>\n<meta property=\"og:type\" content=\"article\" \/>\n<meta property=\"og:title\" content=\"Spaakeskus TERMID - ESTONIA Medical Spa &amp; Hotel\" \/>\n<meta property=\"og:description\" content=\"Spaakeskuses TERMID ootavad teid kuumad saunad, l\u00f5\u00f5gastavad mullivannid ja basseinid igas vanuses vees\u00f5pradele. Avatud iga p\u00e4ev 7.20-21.30\" \/>\n<meta property=\"og:url\" content=\"https:\/\/spaestonia.ee\/medical\/termid\/\" \/>\n<meta property=\"og:site_name\" content=\"ESTONIA Medical Spa &amp; Hotel\" \/>\n<meta property=\"article:publisher\" content=\"https:\/\/www.facebook.com\/EstoniaMedicalSpa\" \/>\n<meta property=\"article:modified_time\" content=\"2026-01-05T07:47:06+00:00\" \/>\n<meta name=\"twitter:card\" content=\"summary_large_image\" \/>\n<meta name=\"twitter:label1\" content=\"Est. reading time\" \/>\n\t<meta name=\"twitter:data1\" content=\"2 minutit\" \/>\n<script type=\"application\/ld+json\" class=\"yoast-schema-graph\">{\"@context\":\"https:\/\/schema.org\",\"@graph\":[{\"@type\":\"WebPage\",\"@id\":\"https:\/\/spaestonia.ee\/medical\/termid\/\",\"url\":\"https:\/\/spaestonia.ee\/medical\/termid\/\",\"name\":\"Spaakeskus TERMID - ESTONIA Medical Spa &amp; Hotel\",\"isPartOf\":{\"@id\":\"https:\/\/www.spaestonia.ee\/medical\/#website\"},\"datePublished\":\"2014-11-13T17:49:12+00:00\",\"dateModified\":\"2026-01-05T07:47:06+00:00\",\"description\":\"Spaakeskuses TERMID ootavad teid kuumad saunad, l\u00f5\u00f5gastavad mullivannid ja basseinid igas vanuses vees\u00f5pradele. Avatud iga p\u00e4ev 7.20-21.30\",\"breadcrumb\":{\"@id\":\"https:\/\/spaestonia.ee\/medical\/termid\/#breadcrumb\"},\"inLanguage\":\"et\",\"potentialAction\":[{\"@type\":\"ReadAction\",\"target\":[\"https:\/\/spaestonia.ee\/medical\/termid\/\"]}]},{\"@type\":\"BreadcrumbList\",\"@id\":\"https:\/\/spaestonia.ee\/medical\/termid\/#breadcrumb\",\"itemListElement\":[{\"@type\":\"ListItem\",\"position\":1,\"name\":\"Home\",\"item\":\"https:\/\/www.spaestonia.ee\/medical\/\"},{\"@type\":\"ListItem\",\"position\":2,\"name\":\"Spaakeskus TERMID\"}]},{\"@type\":\"WebSite\",\"@id\":\"https:\/\/www.spaestonia.ee\/medical\/#website\",\"url\":\"https:\/\/www.spaestonia.ee\/medical\/\",\"name\":\"ESTONIA Medical Spa & Hotel\",\"description\":\"Ravispaa - Terveyskylpyl\u00e4 - P\u00e4rnu\",\"publisher\":{\"@id\":\"https:\/\/www.spaestonia.ee\/medical\/#organization\"},\"potentialAction\":[{\"@type\":\"SearchAction\",\"target\":{\"@type\":\"EntryPoint\",\"urlTemplate\":\"https:\/\/www.spaestonia.ee\/medical\/?s={search_term_string}\"},\"query-input\":{\"@type\":\"PropertyValueSpecification\",\"valueRequired\":true,\"valueName\":\"search_term_string\"}}],\"inLanguage\":\"et\"},{\"@type\":\"Organization\",\"@id\":\"https:\/\/www.spaestonia.ee\/medical\/#organization\",\"name\":\"ESTONIA Medical Spa & Hotel\",\"url\":\"https:\/\/www.spaestonia.ee\/medical\/\",\"logo\":{\"@type\":\"ImageObject\",\"inLanguage\":\"et\",\"@id\":\"https:\/\/www.spaestonia.ee\/medical\/#\/schema\/logo\/image\/\",\"url\":\"https:\/\/www.spaestonia.ee\/medical\/wp-content\/uploads\/2025\/02\/medical.jpg\",\"contentUrl\":\"https:\/\/www.spaestonia.ee\/medical\/wp-content\/uploads\/2025\/02\/medical.jpg\",\"width\":700,\"height\":450,\"caption\":\"ESTONIA Medical Spa & Hotel\"},\"image\":{\"@id\":\"https:\/\/www.spaestonia.ee\/medical\/#\/schema\/logo\/image\/\"},\"sameAs\":[\"https:\/\/www.facebook.com\/EstoniaMedicalSpa\"]}]}<\/script>\n<!-- \/ Yoast SEO plugin. -->","yoast_head_json":{"title":"Spaakeskus TERMID - ESTONIA Medical Spa &amp; Hotel","description":"Spaakeskuses TERMID ootavad teid kuumad saunad, l\u00f5\u00f5gastavad mullivannid ja basseinid igas vanuses vees\u00f5pradele. Avatud iga p\u00e4ev 7.20-21.30","robots":{"index":"index","follow":"follow","max-snippet":"max-snippet:-1","max-image-preview":"max-image-preview:large","max-video-preview":"max-video-preview:-1"},"canonical":"https:\/\/spaestonia.ee\/medical\/termid\/","og_locale":"et_EE","og_type":"article","og_title":"Spaakeskus TERMID - ESTONIA Medical Spa &amp; Hotel","og_description":"Spaakeskuses TERMID ootavad teid kuumad saunad, l\u00f5\u00f5gastavad mullivannid ja basseinid igas vanuses vees\u00f5pradele. Avatud iga p\u00e4ev 7.20-21.30","og_url":"https:\/\/spaestonia.ee\/medical\/termid\/","og_site_name":"ESTONIA Medical Spa &amp; Hotel","article_publisher":"https:\/\/www.facebook.com\/EstoniaMedicalSpa","article_modified_time":"2026-01-05T07:47:06+00:00","twitter_card":"summary_large_image","twitter_misc":{"Est. reading time":"2 minutit"},"schema":{"@context":"https:\/\/schema.org","@graph":[{"@type":"WebPage","@id":"https:\/\/spaestonia.ee\/medical\/termid\/","url":"https:\/\/spaestonia.ee\/medical\/termid\/","name":"Spaakeskus TERMID - ESTONIA Medical Spa &amp; Hotel","isPartOf":{"@id":"https:\/\/www.spaestonia.ee\/medical\/#website"},"datePublished":"2014-11-13T17:49:12+00:00","dateModified":"2026-01-05T07:47:06+00:00","description":"Spaakeskuses TERMID ootavad teid kuumad saunad, l\u00f5\u00f5gastavad mullivannid ja basseinid igas vanuses vees\u00f5pradele. Avatud iga p\u00e4ev 7.20-21.30","breadcrumb":{"@id":"https:\/\/spaestonia.ee\/medical\/termid\/#breadcrumb"},"inLanguage":"et","potentialAction":[{"@type":"ReadAction","target":["https:\/\/spaestonia.ee\/medical\/termid\/"]}]},{"@type":"BreadcrumbList","@id":"https:\/\/spaestonia.ee\/medical\/termid\/#breadcrumb","itemListElement":[{"@type":"ListItem","position":1,"name":"Home","item":"https:\/\/www.spaestonia.ee\/medical\/"},{"@type":"ListItem","position":2,"name":"Spaakeskus TERMID"}]},{"@type":"WebSite","@id":"https:\/\/www.spaestonia.ee\/medical\/#website","url":"https:\/\/www.spaestonia.ee\/medical\/","name":"ESTONIA Medical Spa & Hotel","description":"Ravispaa - Terveyskylpyl\u00e4 - P\u00e4rnu","publisher":{"@id":"https:\/\/www.spaestonia.ee\/medical\/#organization"},"potentialAction":[{"@type":"SearchAction","target":{"@type":"EntryPoint","urlTemplate":"https:\/\/www.spaestonia.ee\/medical\/?s={search_term_string}"},"query-input":{"@type":"PropertyValueSpecification","valueRequired":true,"valueName":"search_term_string"}}],"inLanguage":"et"},{"@type":"Organization","@id":"https:\/\/www.spaestonia.ee\/medical\/#organization","name":"ESTONIA Medical Spa & Hotel","url":"https:\/\/www.spaestonia.ee\/medical\/","logo":{"@type":"ImageObject","inLanguage":"et","@id":"https:\/\/www.spaestonia.ee\/medical\/#\/schema\/logo\/image\/","url":"https:\/\/www.spaestonia.ee\/medical\/wp-content\/uploads\/2025\/02\/medical.jpg","contentUrl":"https:\/\/www.spaestonia.ee\/medical\/wp-content\/uploads\/2025\/02\/medical.jpg","width":700,"height":450,"caption":"ESTONIA Medical Spa & Hotel"},"image":{"@id":"https:\/\/www.spaestonia.ee\/medical\/#\/schema\/logo\/image\/"},"sameAs":["https:\/\/www.facebook.com\/EstoniaMedicalSpa"]}]}},"_links":{"self":[{"href":"https:\/\/spaestonia.ee\/medical\/wp-json\/wp\/v2\/pages\/50","targetHints":{"allow":["GET"]}}],"collection":[{"href":"https:\/\/spaestonia.ee\/medical\/wp-json\/wp\/v2\/pages"}],"about":[{"href":"https:\/\/spaestonia.ee\/medical\/wp-json\/wp\/v2\/types\/page"}],"author":[{"embeddable":true,"href":"https:\/\/spaestonia.ee\/medical\/wp-json\/wp\/v2\/users\/1"}],"replies":[{"embeddable":true,"href":"https:\/\/spaestonia.ee\/medical\/wp-json\/wp\/v2\/comments?post=50"}],"version-history":[{"count":246,"href":"https:\/\/spaestonia.ee\/medical\/wp-json\/wp\/v2\/pages\/50\/revisions"}],"predecessor-version":[{"id":23157,"href":"https:\/\/spaestonia.ee\/medical\/wp-json\/wp\/v2\/pages\/50\/revisions\/23157"}],"wp:attachment":[{"href":"https:\/\/spaestonia.ee\/medical\/wp-json\/wp\/v2\/media?parent=50"}],"curies":[{"name":"wp","href":"https:\/\/api.w.org\/{rel}","templated":true}]}}