{"id":534,"date":"2014-12-28T18:57:44","date_gmt":"2014-12-28T16:57:44","guid":{"rendered":"https:\/\/www.spaestonia.ee\/medical\/?page_id=534"},"modified":"2023-05-23T15:25:51","modified_gmt":"2023-05-23T12:25:51","slug":"ajalugu","status":"publish","type":"page","link":"https:\/\/spaestonia.ee\/medical\/meist\/ajalugu\/","title":{"rendered":"Ajalugu"},"content":{"rendered":"<p><strong>Estonia Spa \u00fchendab mineviku ja t\u00e4nap\u00e4eva<\/strong><\/p>\n<p><strong>T\u00e4nane Estonia Spa Hotels AS on l\u00e4bi aegade kandnud nime Sanatoorium nr 1 ja sanatoorium Estonia. Estonia Spa juured ulatuvad aga P\u00e4rnu esimese supelasutuseni \u2013 n\u00fc\u00fcdseks on kuurorditraditsioonid juba 176 aastat vanad. <\/strong><\/p>\n<p>Kui 1838. aastal avatud supelasutuses pakuti peamiselt v\u00f5imalust k\u00fcmmelda ja veem\u00f5nusid nautida, siis esimene ravikuurorti hoone avati P\u00e4rnus aastal 1890. Just siis hakati pakkuma mudaravi, aga ka mitmeid mineraal- ja rabavanne, ning tehti ka elektriravi. P\u00e4rnust sai toonase tsaari-Venemaa \u00fcks lemmikkuurorte. Kuigi rahvast meelitas P\u00e4rnusse ka merevesi ja kena linnake, ei j\u00e4etud kuurorti arendamist unarusse. \u00dcsna pea pakuti P\u00e4rnus abi verevaesuse, reuma, podagra, s\u00fcdameh\u00e4irete ning n\u00e4rvis\u00fcsteemi h\u00e4dade vastu. Suhkruhaigus, naisteh\u00e4dad, luu- ja liigeste haigused \u2013 P\u00e4rnu targad arstid ja 20. sajandi alguse moodne tehnika pakkus k\u00f5ige vastu leevendust.<\/p>\n<p>Kuigi esimene maailmas\u00f5da puudutas ka P\u00e4rnut ja sealset kuurortielu, ei j\u00e4\u00e4dud \u2013 n\u00fc\u00fcd juba Eesti vabariigis \u2013 k\u00e4ed r\u00fcpes istuma, vaid kuurortielu taastati endises hiilguses. 1927. aastal avas ravikuurort taas uksed.<\/p>\n<p>Uus kord ja uued peremehed, kes Eestisse 1940. aastal saabusid, ei j\u00e4tnud ka sanatooriume puutumata. P\u00e4rnu esinduskuurort muudeti Eestimaa Ameti\u00fchingute Keskliidu puhkekoduks, Saksa okupatsiooni ajal oli see Saksa s\u00f5jav\u00e4e puhkekodu, 1944. aastal aga algasid taas \u00fcmberkorraldused. P\u00e4rnu kuurortidest sai \u00fcleliidulise ameti\u00fchingus\u00fcsteemi puhkekodude ja raviasutuste osa.<\/p>\n<p><strong>Sanatoorium Estonia t\u00f6\u00f6rahva teenistuses<\/strong><\/p>\n<p>Kuigi ajad olid rasked, suudeti P\u00e4rnus siiski osaliselt taastada endised raviv\u00f5imalused. 1945. aastal avati uuesti mudaravila. Eriti populaarne oli rabavann. S\u00e4ilinud on dokument, kus antakse Sanatooriumide Vabariiklikule Valitsusele teada: \u201eRaba l\u00e4heb nii suurel arvul, et meie ei jaksa seda autoga vedada.\u201c Seega palutakse raba Tootsist P\u00e4rnusse vedamiseks v\u00f5imaldada vaguneid. Kui t\u00e4nased spaak\u00fclalised saavad nautida h\u00f5rke hommikus\u00f6\u00f6ke ja rikkalikke l\u00f5unaid, siis p\u00e4rast s\u00f5da nuputasid sanatooriumi kokad koos \u00fclej\u00e4\u00e4nud rahvaga, kust toidukraami saada. P\u00fc\u00fcti kala, mida vahetati maapiirkondades kartuli ja liha vastu \u2013 k\u00e4si pesi k\u00e4tt.<\/p>\n<p>Aastast 1947 kandis t\u00e4nane Estonia nime Sanatoorium nr 1, Estonia nimeni j\u00f5udmiseks kulus veel 15 aastat. Aastal 1962 saidki k\u00f5ik P\u00e4rnu sanatooriumid numbrite asemel nimed, nr 1 ehk esindussanatoorium ristiti uhkelt Estoniaks. Sellest ajast hakkas Estonia tegutsema ka baassanatooriumina ehk juhtis k\u00f5iki ENSV Kuurortide Valitsemise N\u00f5ukogule alluvaid ravi- ja puhkeasutusi.<\/p>\n<p><strong>Puhka \u201eRahus\u201c!<\/strong><\/p>\n<p>1960. aastatel l\u00e4ks sanatooriumis k\u00e4imine t\u00f6\u00f6rahvariigis v\u00e4ga moodi, tuusikud olid k\u00f5rges hinnas ning rahaga v\u00f5rdv\u00e4\u00e4rne ekvivalent. Ja mida k\u00fcmnend edasi, seda enam populaarsus kasvas. Ka raviv\u00f5imalusi uuendati ja arendati. Estoniast ehk esisupelasutusest astus oma visiidil l\u00e4bi isegi toonane Soome president Urho Kaleva Kekkonen.<\/p>\n<p>Sanatooriumisse tuldi \u00fcle kogu N\u00f5ukogude Liidu. Toona polnud tubades erilist glamuuri ega luksust \u2013 \u00f6\u00f6biti kolme-neljakesi \u00fches toas ning jagati omavahel ka toa ainukest luksasja \u2013 kraanikaussi. Du\u0161iruum ja WC asusid koridoris ning olid kogu korruse peale \u00fchised. Tuusiku pikkus oli 24 p\u00e4eva ning lisaks mudavannidele ja veeprotseduuridele nautis t\u00f6\u00f6rahvas P\u00e4rnu v\u00f5lusid ka vabal ajal. Kuurordiromansid olid t\u00e4iesti tavaline n\u00e4htus, kuigi sanatooriumis oli kord karm nagu s\u00f5jav\u00e4es. Valve\u00f5de tegi \u00f5htuti tubades ringk\u00e4igu ja iga k\u00fclaline pidi viksilt oma toas olema ning k\u00fclalisi ei tohtinud tubades kindlasti viibida.<\/p>\n<p>Aga et inimene teeb ikka seda, mida ei tohi, siis sattus valve\u00f5de oma ringk\u00e4ikude ajal sageli peale ka pikantsetele olukordadele. K\u00fcll peitis austaja end siis kas riidekappi v\u00f5i lahkus sanatooriumist akna kaudu.\u00a0Valve\u00f5elt oodati p\u00e4rast ringk\u00e4igu l\u00f5ppu aga igal \u00f5htul ka raportit!<\/p>\n<p>Ravimas k\u00e4idi kutsehaigusi. Kaevurite seas oli sanatoorne ravi nii popp, et 1970. aastatel kandis \u00fcks hoone suisa nime Kaevur. Teine Estonia korpus aga oli tuntud kui Rahu. Sellest ka v\u00e4ljend \u2013 Puhka \u201eRahus\u201c! Tollel kaugel ajal muutus k\u00f5ik, mis v\u00e4hegi hea oli, kiiresti defitsiidiks. N\u00e4iteks pakuti ka toona sanatooriumis massaa\u017ee, aga et ressurss oli v\u00e4ike, ei j\u00e4tkunud seda kaugeltki k\u00f5igile. Defitsiidiks oli ka veealune massaa\u017e ja osokeriit ehk soojusravi m\u00e4givahaga.<\/p>\n<p>Arstidele oli k\u00f5rgemalt poolt jagatud teatud kogus talonge protseduuride kohta, mida nad siis vajadusel jagasid neile, kes seda ravi vajasid.<\/p>\n<p><strong>T\u00e4nased v\u00f5imalused<\/strong><\/p>\n<p>Koos Eesti taasiseisvumisega muutus ettev\u00f5te Taastusravikeskus Estonia AS-ks, mille ainuomanikuks on P\u00e4rnu linn. 2002 &#8211; 2014 aastatel tegutses Estonia kolmes majas: Pargi maja, Roheline maja ja Valge maja. 2008. a avati Pargi maja juurdeehitusena sauna- ja basseinikeskus Termid.<\/p>\n<p>T\u00e4naseks on ettev\u00f5tte \u00e4rinimeks saanud <strong>Estonia Spa Hotels AS<\/strong>. Estonia Spa Hotels l\u00e4heb uuele aastale vastu muudatustega ja arendab v\u00e4lja kaks spaakontseptsiooni. Rahvale juba tuttav Pargi maja j\u00e4tkab oma tuntud headuses senist ravispaa suunda, muutunud on ainult nimi ja logo. Pargi maja uueks nimeks sai <strong>ESTONIA Medical Spa &amp; Hote<\/strong>l. Siin puhates on v\u00f5imalik osa saada arstide kompetentsist, teenindajate vilumusest ning Termide saunadest ja veem\u00f5nudest. Uue aja spaameditsiinil on pakkuda palju uusi v\u00f5imalusi, ravipaketid sisaldavad arsti konsultatsiooni ning ravikaardi koostamist ja sellele vastavalt ka protseduure. Erinevad massaa\u017eid, liikumisravi, f\u00fcsioteraapia, vesiravi, soojusravi, lokaalset k\u00fclmravi, soolakambriravi ja valgusravi. Neile lisaks saab abi see, kes h\u00e4das tselluliidiga v\u00f5i nahaprobleemidega. V\u00f5imalik on teha erinevaid meditsiinilisi uuringuid.<\/p>\n<p>Roheline maja ja Valge maja suleti 2014 s\u00fcgisel ning nende asemel avati peale p\u00f5hjalikku renoveerimist 2015. a juulis uue kontseptsiooniga kuurorthotell <a href=\"https:\/\/www.spaestonia.ee\/resort\/\" target=\"_blank\" rel=\"noopener\"><strong>ESTONIA Resort Hotel &amp; Spa<\/strong><\/a>. Uues kuurorthotellis on 106 k\u00f5igi mugavustega nelja t\u00e4rni tasemele vastavat hotellituba. Nelja t\u00e4rni hotellimugavused on siin \u00fchendatud eestimaiste spaa- ja saunam\u00f5nudega.<br \/>\nHotelli spaa- ja konverentsimaja 1. korrusel asub konverentsikeskus enam kui 300 k\u00fclalisele. 2. ja 3. korrusel on k\u00fclastajate kasutuses ainulaadne spaa- ja saunakeskus koos aktiivspaaga, kus oma tervist, keha ja meelt saab tasakaalustada nii spaahoolitsusi nautides kui ka joogat v\u00f5i teisi liikumisviise harrastades.<\/p>\n<p>Estonia Spa m\u00f5lemad hotellis ootavad k\u00f5iki, kes hoolivad endast ja oma tervisest ning kes soovivad puhata ja veem\u00f5nusid nautida!<\/p>\n","protected":false},"excerpt":{"rendered":"<p>Estonia Spa \u00fchendab mineviku ja t\u00e4nap\u00e4eva T\u00e4nane Estonia Spa Hotels AS on l\u00e4bi aegade kandnud&hellip;<\/p>\n","protected":false},"author":1,"featured_media":0,"parent":59,"menu_order":0,"comment_status":"closed","ping_status":"open","template":"","meta":{"footnotes":""},"class_list":["post-534","page","type-page","status-publish","hentry"],"yoast_head":"<!-- This site is optimized with the Yoast SEO plugin v26.3 - https:\/\/yoast.com\/wordpress\/plugins\/seo\/ -->\n<title>Ajalugu - ESTONIA Medical Spa &amp; Hotel<\/title>\n<meta name=\"robots\" content=\"index, follow, max-snippet:-1, max-image-preview:large, max-video-preview:-1\" \/>\n<link rel=\"canonical\" href=\"https:\/\/spaestonia.ee\/medical\/meist\/ajalugu\/\" \/>\n<meta property=\"og:locale\" content=\"et_EE\" \/>\n<meta property=\"og:type\" content=\"article\" \/>\n<meta property=\"og:title\" content=\"Ajalugu - ESTONIA Medical Spa &amp; Hotel\" \/>\n<meta property=\"og:description\" content=\"Estonia Spa \u00fchendab mineviku ja t\u00e4nap\u00e4eva T\u00e4nane Estonia Spa Hotels AS on l\u00e4bi aegade kandnud&hellip;\" \/>\n<meta property=\"og:url\" content=\"https:\/\/spaestonia.ee\/medical\/meist\/ajalugu\/\" \/>\n<meta property=\"og:site_name\" content=\"ESTONIA Medical Spa &amp; Hotel\" \/>\n<meta property=\"article:publisher\" content=\"https:\/\/www.facebook.com\/EstoniaMedicalSpa\" \/>\n<meta property=\"article:modified_time\" content=\"2023-05-23T12:25:51+00:00\" \/>\n<meta name=\"twitter:card\" content=\"summary_large_image\" \/>\n<meta name=\"twitter:label1\" content=\"Est. reading time\" \/>\n\t<meta name=\"twitter:data1\" content=\"5 minutit\" \/>\n<script type=\"application\/ld+json\" class=\"yoast-schema-graph\">{\"@context\":\"https:\/\/schema.org\",\"@graph\":[{\"@type\":\"WebPage\",\"@id\":\"https:\/\/spaestonia.ee\/medical\/meist\/ajalugu\/\",\"url\":\"https:\/\/spaestonia.ee\/medical\/meist\/ajalugu\/\",\"name\":\"Ajalugu - ESTONIA Medical Spa &amp; Hotel\",\"isPartOf\":{\"@id\":\"https:\/\/www.spaestonia.ee\/medical\/#website\"},\"datePublished\":\"2014-12-28T16:57:44+00:00\",\"dateModified\":\"2023-05-23T12:25:51+00:00\",\"breadcrumb\":{\"@id\":\"https:\/\/spaestonia.ee\/medical\/meist\/ajalugu\/#breadcrumb\"},\"inLanguage\":\"et\",\"potentialAction\":[{\"@type\":\"ReadAction\",\"target\":[\"https:\/\/spaestonia.ee\/medical\/meist\/ajalugu\/\"]}]},{\"@type\":\"BreadcrumbList\",\"@id\":\"https:\/\/spaestonia.ee\/medical\/meist\/ajalugu\/#breadcrumb\",\"itemListElement\":[{\"@type\":\"ListItem\",\"position\":1,\"name\":\"Home\",\"item\":\"https:\/\/www.spaestonia.ee\/medical\/\"},{\"@type\":\"ListItem\",\"position\":2,\"name\":\"ESTONIA Medical Spa &#038; Hotel\",\"item\":\"https:\/\/www.spaestonia.ee\/medical\/meist\/\"},{\"@type\":\"ListItem\",\"position\":3,\"name\":\"Ajalugu\"}]},{\"@type\":\"WebSite\",\"@id\":\"https:\/\/www.spaestonia.ee\/medical\/#website\",\"url\":\"https:\/\/www.spaestonia.ee\/medical\/\",\"name\":\"ESTONIA Medical Spa & Hotel\",\"description\":\"Ravispaa - Terveyskylpyl\u00e4 - P\u00e4rnu\",\"publisher\":{\"@id\":\"https:\/\/www.spaestonia.ee\/medical\/#organization\"},\"potentialAction\":[{\"@type\":\"SearchAction\",\"target\":{\"@type\":\"EntryPoint\",\"urlTemplate\":\"https:\/\/www.spaestonia.ee\/medical\/?s={search_term_string}\"},\"query-input\":{\"@type\":\"PropertyValueSpecification\",\"valueRequired\":true,\"valueName\":\"search_term_string\"}}],\"inLanguage\":\"et\"},{\"@type\":\"Organization\",\"@id\":\"https:\/\/www.spaestonia.ee\/medical\/#organization\",\"name\":\"ESTONIA Medical Spa & Hotel\",\"url\":\"https:\/\/www.spaestonia.ee\/medical\/\",\"logo\":{\"@type\":\"ImageObject\",\"inLanguage\":\"et\",\"@id\":\"https:\/\/www.spaestonia.ee\/medical\/#\/schema\/logo\/image\/\",\"url\":\"https:\/\/www.spaestonia.ee\/medical\/wp-content\/uploads\/2025\/02\/medical.jpg\",\"contentUrl\":\"https:\/\/www.spaestonia.ee\/medical\/wp-content\/uploads\/2025\/02\/medical.jpg\",\"width\":700,\"height\":450,\"caption\":\"ESTONIA Medical Spa & Hotel\"},\"image\":{\"@id\":\"https:\/\/www.spaestonia.ee\/medical\/#\/schema\/logo\/image\/\"},\"sameAs\":[\"https:\/\/www.facebook.com\/EstoniaMedicalSpa\"]}]}<\/script>\n<!-- \/ Yoast SEO plugin. -->","yoast_head_json":{"title":"Ajalugu - ESTONIA Medical Spa &amp; Hotel","robots":{"index":"index","follow":"follow","max-snippet":"max-snippet:-1","max-image-preview":"max-image-preview:large","max-video-preview":"max-video-preview:-1"},"canonical":"https:\/\/spaestonia.ee\/medical\/meist\/ajalugu\/","og_locale":"et_EE","og_type":"article","og_title":"Ajalugu - ESTONIA Medical Spa &amp; Hotel","og_description":"Estonia Spa \u00fchendab mineviku ja t\u00e4nap\u00e4eva T\u00e4nane Estonia Spa Hotels AS on l\u00e4bi aegade kandnud&hellip;","og_url":"https:\/\/spaestonia.ee\/medical\/meist\/ajalugu\/","og_site_name":"ESTONIA Medical Spa &amp; Hotel","article_publisher":"https:\/\/www.facebook.com\/EstoniaMedicalSpa","article_modified_time":"2023-05-23T12:25:51+00:00","twitter_card":"summary_large_image","twitter_misc":{"Est. reading time":"5 minutit"},"schema":{"@context":"https:\/\/schema.org","@graph":[{"@type":"WebPage","@id":"https:\/\/spaestonia.ee\/medical\/meist\/ajalugu\/","url":"https:\/\/spaestonia.ee\/medical\/meist\/ajalugu\/","name":"Ajalugu - ESTONIA Medical Spa &amp; Hotel","isPartOf":{"@id":"https:\/\/www.spaestonia.ee\/medical\/#website"},"datePublished":"2014-12-28T16:57:44+00:00","dateModified":"2023-05-23T12:25:51+00:00","breadcrumb":{"@id":"https:\/\/spaestonia.ee\/medical\/meist\/ajalugu\/#breadcrumb"},"inLanguage":"et","potentialAction":[{"@type":"ReadAction","target":["https:\/\/spaestonia.ee\/medical\/meist\/ajalugu\/"]}]},{"@type":"BreadcrumbList","@id":"https:\/\/spaestonia.ee\/medical\/meist\/ajalugu\/#breadcrumb","itemListElement":[{"@type":"ListItem","position":1,"name":"Home","item":"https:\/\/www.spaestonia.ee\/medical\/"},{"@type":"ListItem","position":2,"name":"ESTONIA Medical Spa &#038; Hotel","item":"https:\/\/www.spaestonia.ee\/medical\/meist\/"},{"@type":"ListItem","position":3,"name":"Ajalugu"}]},{"@type":"WebSite","@id":"https:\/\/www.spaestonia.ee\/medical\/#website","url":"https:\/\/www.spaestonia.ee\/medical\/","name":"ESTONIA Medical Spa & Hotel","description":"Ravispaa - Terveyskylpyl\u00e4 - P\u00e4rnu","publisher":{"@id":"https:\/\/www.spaestonia.ee\/medical\/#organization"},"potentialAction":[{"@type":"SearchAction","target":{"@type":"EntryPoint","urlTemplate":"https:\/\/www.spaestonia.ee\/medical\/?s={search_term_string}"},"query-input":{"@type":"PropertyValueSpecification","valueRequired":true,"valueName":"search_term_string"}}],"inLanguage":"et"},{"@type":"Organization","@id":"https:\/\/www.spaestonia.ee\/medical\/#organization","name":"ESTONIA Medical Spa & Hotel","url":"https:\/\/www.spaestonia.ee\/medical\/","logo":{"@type":"ImageObject","inLanguage":"et","@id":"https:\/\/www.spaestonia.ee\/medical\/#\/schema\/logo\/image\/","url":"https:\/\/www.spaestonia.ee\/medical\/wp-content\/uploads\/2025\/02\/medical.jpg","contentUrl":"https:\/\/www.spaestonia.ee\/medical\/wp-content\/uploads\/2025\/02\/medical.jpg","width":700,"height":450,"caption":"ESTONIA Medical Spa & Hotel"},"image":{"@id":"https:\/\/www.spaestonia.ee\/medical\/#\/schema\/logo\/image\/"},"sameAs":["https:\/\/www.facebook.com\/EstoniaMedicalSpa"]}]}},"_links":{"self":[{"href":"https:\/\/spaestonia.ee\/medical\/wp-json\/wp\/v2\/pages\/534","targetHints":{"allow":["GET"]}}],"collection":[{"href":"https:\/\/spaestonia.ee\/medical\/wp-json\/wp\/v2\/pages"}],"about":[{"href":"https:\/\/spaestonia.ee\/medical\/wp-json\/wp\/v2\/types\/page"}],"author":[{"embeddable":true,"href":"https:\/\/spaestonia.ee\/medical\/wp-json\/wp\/v2\/users\/1"}],"replies":[{"embeddable":true,"href":"https:\/\/spaestonia.ee\/medical\/wp-json\/wp\/v2\/comments?post=534"}],"version-history":[{"count":11,"href":"https:\/\/spaestonia.ee\/medical\/wp-json\/wp\/v2\/pages\/534\/revisions"}],"predecessor-version":[{"id":18769,"href":"https:\/\/spaestonia.ee\/medical\/wp-json\/wp\/v2\/pages\/534\/revisions\/18769"}],"up":[{"embeddable":true,"href":"https:\/\/spaestonia.ee\/medical\/wp-json\/wp\/v2\/pages\/59"}],"wp:attachment":[{"href":"https:\/\/spaestonia.ee\/medical\/wp-json\/wp\/v2\/media?parent=534"}],"curies":[{"name":"wp","href":"https:\/\/api.w.org\/{rel}","templated":true}]}}