{"id":57,"date":"2014-11-13T19:50:49","date_gmt":"2014-11-13T17:50:49","guid":{"rendered":"http:\/\/www.spaestonia.ee\/?page_id=57"},"modified":"2025-03-14T12:35:09","modified_gmt":"2025-03-14T10:35:09","slug":"kinkekaart","status":"publish","type":"page","link":"https:\/\/spaestonia.ee\/medical\/kinkekaart\/","title":{"rendered":"Kinkekaart"},"content":{"rendered":"<h2>KINGI ELAMUSI!<\/h2>\n<p><strong>Kingi oma l\u00e4hedastele, s\u00f5pradele ja kolleegidele puhkust, tervise turgutust ning aega iseendale &#8211; kingi\u00a0 ESTONIA Medical Spa &amp; Hotel elamusi!<\/strong><\/p>\n<p>ESTONIA Medical Spa &amp; Hotel kinkekaardid on saadaval<br \/>\n\u2013\u00a0<strong><a href=\"https:\/\/www.spaestonia.ee\/medical\/soovin-tellida-paberkandjal-summalise-kinkekaardi\/\">paberkandjal<\/a><\/strong><br \/>\n\u2013\u00a0<strong><a href=\"https:\/\/kinkekaart.spaestonia.ee\/\">e-kinkekaardina e-poes<\/a><\/strong><\/p>\n<p>Valikus on nii teenusep\u00f5hised elamuskinkekaardid kui summalised kinkekaardid. Summalise kinkekaardi v\u00e4\u00e4rtuse saab kinkija ise valida (minimaalne v\u00e4\u00e4rtus on 20\u20ac) ja selle v\u00e4\u00e4rtuses on v\u00f5imalik valida endale sobilik teenus ESTONIA Resort Hotel &amp; Spa-s ja ESTONIA Medial Spa &amp; Hotel-is.<\/p>\n<p><strong>Lisainfo<\/strong>: e-post\u00a0<a href=\"mailto:sales@spaestonia.ee\">sales@spaestonia.ee<\/a>, tel 447 6905<\/p>\n","protected":false},"excerpt":{"rendered":"<p>KINGI ELAMUSI! Kingi oma l\u00e4hedastele, s\u00f5pradele ja kolleegidele puhkust, tervise turgutust ning aega iseendale &#8211;&hellip;<\/p>\n","protected":false},"author":1,"featured_media":0,"parent":0,"menu_order":0,"comment_status":"closed","ping_status":"open","template":"","meta":{"footnotes":""},"class_list":["post-57","page","type-page","status-publish","hentry"],"yoast_head":"<!-- This site is optimized with the Yoast SEO plugin v26.3 - https:\/\/yoast.com\/wordpress\/plugins\/seo\/ -->\n<title>Kinkekaart - ESTONIA Medical Spa &amp; Hotel<\/title>\n<meta name=\"description\" content=\"Kingi oma l\u00e4hedastele, s\u00f5pradele ja kolleegidele puhkust, tervise turgutust ja aega iseendale - kingi ESTONIA Medical Spa &amp; Hotel kinekkaart\" \/>\n<meta name=\"robots\" content=\"index, follow, max-snippet:-1, max-image-preview:large, max-video-preview:-1\" \/>\n<link rel=\"canonical\" href=\"https:\/\/spaestonia.ee\/medical\/kinkekaart\/\" \/>\n<meta property=\"og:locale\" content=\"et_EE\" \/>\n<meta property=\"og:type\" content=\"article\" \/>\n<meta property=\"og:title\" content=\"Kinkekaart - ESTONIA Medical Spa &amp; Hotel\" \/>\n<meta property=\"og:description\" content=\"Kingi oma l\u00e4hedastele, s\u00f5pradele ja kolleegidele puhkust, tervise turgutust ja aega iseendale - kingi ESTONIA Medical Spa &amp; Hotel kinekkaart\" \/>\n<meta property=\"og:url\" content=\"https:\/\/spaestonia.ee\/medical\/kinkekaart\/\" \/>\n<meta property=\"og:site_name\" content=\"ESTONIA Medical Spa &amp; Hotel\" \/>\n<meta property=\"article:publisher\" content=\"https:\/\/www.facebook.com\/EstoniaMedicalSpa\" \/>\n<meta property=\"article:modified_time\" content=\"2025-03-14T10:35:09+00:00\" \/>\n<meta name=\"twitter:card\" content=\"summary_large_image\" \/>\n<meta name=\"twitter:label1\" content=\"Est. reading time\" \/>\n\t<meta name=\"twitter:data1\" content=\"1 minut\" \/>\n<script type=\"application\/ld+json\" class=\"yoast-schema-graph\">{\"@context\":\"https:\/\/schema.org\",\"@graph\":[{\"@type\":\"WebPage\",\"@id\":\"https:\/\/spaestonia.ee\/medical\/kinkekaart\/\",\"url\":\"https:\/\/spaestonia.ee\/medical\/kinkekaart\/\",\"name\":\"Kinkekaart - ESTONIA Medical Spa &amp; Hotel\",\"isPartOf\":{\"@id\":\"https:\/\/www.spaestonia.ee\/medical\/#website\"},\"datePublished\":\"2014-11-13T17:50:49+00:00\",\"dateModified\":\"2025-03-14T10:35:09+00:00\",\"description\":\"Kingi oma l\u00e4hedastele, s\u00f5pradele ja kolleegidele puhkust, tervise turgutust ja aega iseendale - kingi ESTONIA Medical Spa & Hotel kinekkaart\",\"breadcrumb\":{\"@id\":\"https:\/\/spaestonia.ee\/medical\/kinkekaart\/#breadcrumb\"},\"inLanguage\":\"et\",\"potentialAction\":[{\"@type\":\"ReadAction\",\"target\":[\"https:\/\/spaestonia.ee\/medical\/kinkekaart\/\"]}]},{\"@type\":\"BreadcrumbList\",\"@id\":\"https:\/\/spaestonia.ee\/medical\/kinkekaart\/#breadcrumb\",\"itemListElement\":[{\"@type\":\"ListItem\",\"position\":1,\"name\":\"Home\",\"item\":\"https:\/\/www.spaestonia.ee\/medical\/\"},{\"@type\":\"ListItem\",\"position\":2,\"name\":\"Kinkekaart\"}]},{\"@type\":\"WebSite\",\"@id\":\"https:\/\/www.spaestonia.ee\/medical\/#website\",\"url\":\"https:\/\/www.spaestonia.ee\/medical\/\",\"name\":\"ESTONIA Medical Spa & Hotel\",\"description\":\"Ravispaa - Terveyskylpyl\u00e4 - P\u00e4rnu\",\"publisher\":{\"@id\":\"https:\/\/www.spaestonia.ee\/medical\/#organization\"},\"potentialAction\":[{\"@type\":\"SearchAction\",\"target\":{\"@type\":\"EntryPoint\",\"urlTemplate\":\"https:\/\/www.spaestonia.ee\/medical\/?s={search_term_string}\"},\"query-input\":{\"@type\":\"PropertyValueSpecification\",\"valueRequired\":true,\"valueName\":\"search_term_string\"}}],\"inLanguage\":\"et\"},{\"@type\":\"Organization\",\"@id\":\"https:\/\/www.spaestonia.ee\/medical\/#organization\",\"name\":\"ESTONIA Medical Spa & Hotel\",\"url\":\"https:\/\/www.spaestonia.ee\/medical\/\",\"logo\":{\"@type\":\"ImageObject\",\"inLanguage\":\"et\",\"@id\":\"https:\/\/www.spaestonia.ee\/medical\/#\/schema\/logo\/image\/\",\"url\":\"https:\/\/www.spaestonia.ee\/medical\/wp-content\/uploads\/2025\/02\/medical.jpg\",\"contentUrl\":\"https:\/\/www.spaestonia.ee\/medical\/wp-content\/uploads\/2025\/02\/medical.jpg\",\"width\":700,\"height\":450,\"caption\":\"ESTONIA Medical Spa & Hotel\"},\"image\":{\"@id\":\"https:\/\/www.spaestonia.ee\/medical\/#\/schema\/logo\/image\/\"},\"sameAs\":[\"https:\/\/www.facebook.com\/EstoniaMedicalSpa\"]}]}<\/script>\n<!-- \/ Yoast SEO plugin. -->","yoast_head_json":{"title":"Kinkekaart - ESTONIA Medical Spa &amp; Hotel","description":"Kingi oma l\u00e4hedastele, s\u00f5pradele ja kolleegidele puhkust, tervise turgutust ja aega iseendale - kingi ESTONIA Medical Spa & Hotel kinekkaart","robots":{"index":"index","follow":"follow","max-snippet":"max-snippet:-1","max-image-preview":"max-image-preview:large","max-video-preview":"max-video-preview:-1"},"canonical":"https:\/\/spaestonia.ee\/medical\/kinkekaart\/","og_locale":"et_EE","og_type":"article","og_title":"Kinkekaart - ESTONIA Medical Spa &amp; Hotel","og_description":"Kingi oma l\u00e4hedastele, s\u00f5pradele ja kolleegidele puhkust, tervise turgutust ja aega iseendale - kingi ESTONIA Medical Spa & Hotel kinekkaart","og_url":"https:\/\/spaestonia.ee\/medical\/kinkekaart\/","og_site_name":"ESTONIA Medical Spa &amp; Hotel","article_publisher":"https:\/\/www.facebook.com\/EstoniaMedicalSpa","article_modified_time":"2025-03-14T10:35:09+00:00","twitter_card":"summary_large_image","twitter_misc":{"Est. reading time":"1 minut"},"schema":{"@context":"https:\/\/schema.org","@graph":[{"@type":"WebPage","@id":"https:\/\/spaestonia.ee\/medical\/kinkekaart\/","url":"https:\/\/spaestonia.ee\/medical\/kinkekaart\/","name":"Kinkekaart - ESTONIA Medical Spa &amp; Hotel","isPartOf":{"@id":"https:\/\/www.spaestonia.ee\/medical\/#website"},"datePublished":"2014-11-13T17:50:49+00:00","dateModified":"2025-03-14T10:35:09+00:00","description":"Kingi oma l\u00e4hedastele, s\u00f5pradele ja kolleegidele puhkust, tervise turgutust ja aega iseendale - kingi ESTONIA Medical Spa & Hotel kinekkaart","breadcrumb":{"@id":"https:\/\/spaestonia.ee\/medical\/kinkekaart\/#breadcrumb"},"inLanguage":"et","potentialAction":[{"@type":"ReadAction","target":["https:\/\/spaestonia.ee\/medical\/kinkekaart\/"]}]},{"@type":"BreadcrumbList","@id":"https:\/\/spaestonia.ee\/medical\/kinkekaart\/#breadcrumb","itemListElement":[{"@type":"ListItem","position":1,"name":"Home","item":"https:\/\/www.spaestonia.ee\/medical\/"},{"@type":"ListItem","position":2,"name":"Kinkekaart"}]},{"@type":"WebSite","@id":"https:\/\/www.spaestonia.ee\/medical\/#website","url":"https:\/\/www.spaestonia.ee\/medical\/","name":"ESTONIA Medical Spa & Hotel","description":"Ravispaa - Terveyskylpyl\u00e4 - P\u00e4rnu","publisher":{"@id":"https:\/\/www.spaestonia.ee\/medical\/#organization"},"potentialAction":[{"@type":"SearchAction","target":{"@type":"EntryPoint","urlTemplate":"https:\/\/www.spaestonia.ee\/medical\/?s={search_term_string}"},"query-input":{"@type":"PropertyValueSpecification","valueRequired":true,"valueName":"search_term_string"}}],"inLanguage":"et"},{"@type":"Organization","@id":"https:\/\/www.spaestonia.ee\/medical\/#organization","name":"ESTONIA Medical Spa & Hotel","url":"https:\/\/www.spaestonia.ee\/medical\/","logo":{"@type":"ImageObject","inLanguage":"et","@id":"https:\/\/www.spaestonia.ee\/medical\/#\/schema\/logo\/image\/","url":"https:\/\/www.spaestonia.ee\/medical\/wp-content\/uploads\/2025\/02\/medical.jpg","contentUrl":"https:\/\/www.spaestonia.ee\/medical\/wp-content\/uploads\/2025\/02\/medical.jpg","width":700,"height":450,"caption":"ESTONIA Medical Spa & Hotel"},"image":{"@id":"https:\/\/www.spaestonia.ee\/medical\/#\/schema\/logo\/image\/"},"sameAs":["https:\/\/www.facebook.com\/EstoniaMedicalSpa"]}]}},"_links":{"self":[{"href":"https:\/\/spaestonia.ee\/medical\/wp-json\/wp\/v2\/pages\/57","targetHints":{"allow":["GET"]}}],"collection":[{"href":"https:\/\/spaestonia.ee\/medical\/wp-json\/wp\/v2\/pages"}],"about":[{"href":"https:\/\/spaestonia.ee\/medical\/wp-json\/wp\/v2\/types\/page"}],"author":[{"embeddable":true,"href":"https:\/\/spaestonia.ee\/medical\/wp-json\/wp\/v2\/users\/1"}],"replies":[{"embeddable":true,"href":"https:\/\/spaestonia.ee\/medical\/wp-json\/wp\/v2\/comments?post=57"}],"version-history":[{"count":44,"href":"https:\/\/spaestonia.ee\/medical\/wp-json\/wp\/v2\/pages\/57\/revisions"}],"predecessor-version":[{"id":18676,"href":"https:\/\/spaestonia.ee\/medical\/wp-json\/wp\/v2\/pages\/57\/revisions\/18676"}],"wp:attachment":[{"href":"https:\/\/spaestonia.ee\/medical\/wp-json\/wp\/v2\/media?parent=57"}],"curies":[{"name":"wp","href":"https:\/\/api.w.org\/{rel}","templated":true}]}}