{"id":587,"date":"2014-12-31T11:06:52","date_gmt":"2014-12-31T09:06:52","guid":{"rendered":"https:\/\/www.spaestonia.ee\/medical\/?page_id=587"},"modified":"2025-06-20T09:57:32","modified_gmt":"2025-06-20T06:57:32","slug":"restoran","status":"publish","type":"page","link":"https:\/\/spaestonia.ee\/medical\/hotell\/restoran\/","title":{"rendered":"Buffet-restoran\u00a0"},"content":{"rendered":"<p><img loading=\"lazy\" decoding=\"async\" class=\"alignright wp-image-19114 \" src=\"http:\/\/www.spaestonia.ee\/medical\/wp-content\/uploads\/2020\/05\/ESTONIA-Medical-Spa-Hotel_autor-Bjorn-OU37-1024x683.jpg\" alt=\"\" width=\"451\" height=\"301\" srcset=\"https:\/\/spaestonia.ee\/medical\/wp-content\/uploads\/2020\/05\/ESTONIA-Medical-Spa-Hotel_autor-Bjorn-OU37-1024x683.jpg 1024w, https:\/\/spaestonia.ee\/medical\/wp-content\/uploads\/2020\/05\/ESTONIA-Medical-Spa-Hotel_autor-Bjorn-OU37-300x200.jpg 300w, https:\/\/spaestonia.ee\/medical\/wp-content\/uploads\/2020\/05\/ESTONIA-Medical-Spa-Hotel_autor-Bjorn-OU37-768x512.jpg 768w, https:\/\/spaestonia.ee\/medical\/wp-content\/uploads\/2020\/05\/ESTONIA-Medical-Spa-Hotel_autor-Bjorn-OU37-1536x1024.jpg 1536w, https:\/\/spaestonia.ee\/medical\/wp-content\/uploads\/2020\/05\/ESTONIA-Medical-Spa-Hotel_autor-Bjorn-OU37-2048x1365.jpg 2048w, https:\/\/spaestonia.ee\/medical\/wp-content\/uploads\/2020\/05\/ESTONIA-Medical-Spa-Hotel_autor-Bjorn-OU37-837x557.jpg 837w\" sizes=\"auto, (max-width: 451px) 100vw, 451px\" \/><\/p>\n<p>ESTONIA Medical Spa &amp; Hotelli 5. korrusel asub <em>buffet-<\/em>restoran (~150 kohta). Restoranis serveeritakse mitmekesise valikuga <em>buffet<\/em>-men\u00fc\u00fcd.<\/p>\n<p><strong><em>Buffet<\/em> on avatud:<\/strong><\/p>\n<ul>\n<li>Hommikus\u00f6\u00f6k<br \/>\nE &#8211; R 07:00 &#8211; 10:00<br \/>\nL, P 07:00 &#8211; 10:30<\/li>\n<li>L\u00f5unas\u00f6\u00f6k<br \/>\nE &#8211; P 12:00 &#8211; 14:00<\/li>\n<li>\u00d5htus\u00f6\u00f6k<br \/>\nE &#8211; P 17:00 &#8211; 19:00<\/li>\n<\/ul>\n<p><strong>Hinnad\u00a0<\/strong><\/p>\n<table style=\"height: 140px;\" width=\"363\">\n<tbody>\n<tr>\n<td><\/td>\n<td style=\"text-align: left;\">T\u00e4iskasvanu<\/td>\n<td style=\"text-align: left;\">Laps 4-14a k.a<\/td>\n<\/tr>\n<tr>\n<td>Hommikus\u00f6\u00f6k<\/td>\n<td style=\"text-align: left;\">16 \u20ac<\/td>\n<td style=\"text-align: left;\">8 \u20ac<\/td>\n<\/tr>\n<tr>\n<td>L\u00f5unas\u00f6\u00f6k<\/td>\n<td style=\"text-align: left;\">17 \u20ac<\/td>\n<td style=\"text-align: left;\">9 \u20ac<\/td>\n<\/tr>\n<tr>\n<td>\u00d5htus\u00f6\u00f6k<\/td>\n<td>17 \u20ac<\/td>\n<td>9 \u20ac<\/td>\n<\/tr>\n<tr>\n<td><\/td>\n<td><\/td>\n<td>Alla 4-aastased lapsed TASUTA!<\/td>\n<\/tr>\n<\/tbody>\n<\/table>\n<p><strong>Lisainfo<\/strong>:<br \/>\ne-post <a href=\"mailto:sales@spaestonia.ee\">sales@spaestonia.ee<\/a>, tel +372 447 6905<br \/>\nP\u00e4rna 12 \/ S\u00e4\u00e4se 7, 80012\u00a0P\u00c4RNU<\/p>\n<div class='gallery-article'><ul id='gallery-article0' class='list gallery-list galleryid-0 gallery-columns-3 gallery-size-thumbnail'><li class='gallery-item'>\n\t\t<p class='gallery-icon'>\n\t\t<a href='https:\/\/spaestonia.ee\/medical\/hotell\/restoran\/attachment\/img_3669-002\/'><img loading=\"lazy\" decoding=\"async\" width=\"300\" height=\"300\" src=\"https:\/\/spaestonia.ee\/medical\/wp-content\/uploads\/2025\/06\/IMG_3669-002-300x300.jpg\" class=\"attachment-thumbnail size-thumbnail\" alt=\"\" srcset=\"https:\/\/spaestonia.ee\/medical\/wp-content\/uploads\/2025\/06\/IMG_3669-002-300x300.jpg 300w, https:\/\/spaestonia.ee\/medical\/wp-content\/uploads\/2025\/06\/IMG_3669-002-181x181.jpg 181w\" sizes=\"auto, (max-width: 300px) 100vw, 300px\" \/><\/a>\n\t\t<\/p><\/li><li class='gallery-item'>\n\t\t<p class='gallery-icon'>\n\t\t<a href='https:\/\/spaestonia.ee\/medical\/hotell\/restoran\/attachment\/img_3671-002\/'><img loading=\"lazy\" decoding=\"async\" width=\"300\" height=\"300\" src=\"https:\/\/spaestonia.ee\/medical\/wp-content\/uploads\/2025\/06\/IMG_3671-002-300x300.jpg\" class=\"attachment-thumbnail size-thumbnail\" alt=\"\" srcset=\"https:\/\/spaestonia.ee\/medical\/wp-content\/uploads\/2025\/06\/IMG_3671-002-300x300.jpg 300w, https:\/\/spaestonia.ee\/medical\/wp-content\/uploads\/2025\/06\/IMG_3671-002-181x181.jpg 181w\" sizes=\"auto, (max-width: 300px) 100vw, 300px\" \/><\/a>\n\t\t<\/p><\/li><li class='gallery-item'>\n\t\t<p class='gallery-icon'>\n\t\t<a href='https:\/\/spaestonia.ee\/medical\/hotell\/restoran\/attachment\/img_3675-002\/'><img loading=\"lazy\" decoding=\"async\" width=\"300\" height=\"300\" src=\"https:\/\/spaestonia.ee\/medical\/wp-content\/uploads\/2025\/06\/IMG_3675-002-300x300.jpg\" class=\"attachment-thumbnail size-thumbnail\" alt=\"\" srcset=\"https:\/\/spaestonia.ee\/medical\/wp-content\/uploads\/2025\/06\/IMG_3675-002-300x300.jpg 300w, https:\/\/spaestonia.ee\/medical\/wp-content\/uploads\/2025\/06\/IMG_3675-002-181x181.jpg 181w\" sizes=\"auto, (max-width: 300px) 100vw, 300px\" \/><\/a>\n\t\t<\/p><\/li><\/ul>\n<\/div>\n\n<p>&nbsp;<\/p>\n","protected":false},"excerpt":{"rendered":"<p>ESTONIA Medical Spa &amp; Hotelli 5. korrusel asub buffet-restoran (~150 kohta). Restoranis serveeritakse mitmekesise valikuga&hellip;<\/p>\n","protected":false},"author":1,"featured_media":0,"parent":48,"menu_order":0,"comment_status":"closed","ping_status":"open","template":"","meta":{"footnotes":""},"class_list":["post-587","page","type-page","status-publish","hentry"],"yoast_head":"<!-- This site is optimized with the Yoast SEO plugin v26.3 - https:\/\/yoast.com\/wordpress\/plugins\/seo\/ -->\n<title>Buffet-restoran\u00a0 - ESTONIA Medical Spa &amp; Hotel<\/title>\n<meta name=\"robots\" content=\"index, follow, max-snippet:-1, max-image-preview:large, max-video-preview:-1\" \/>\n<link rel=\"canonical\" href=\"https:\/\/spaestonia.ee\/medical\/hotell\/restoran\/\" \/>\n<meta property=\"og:locale\" content=\"et_EE\" \/>\n<meta property=\"og:type\" content=\"article\" \/>\n<meta property=\"og:title\" content=\"Buffet-restoran\u00a0 - ESTONIA Medical Spa &amp; Hotel\" \/>\n<meta property=\"og:description\" content=\"ESTONIA Medical Spa &amp; Hotelli 5. korrusel asub buffet-restoran (~150 kohta). Restoranis serveeritakse mitmekesise valikuga&hellip;\" \/>\n<meta property=\"og:url\" content=\"https:\/\/spaestonia.ee\/medical\/hotell\/restoran\/\" \/>\n<meta property=\"og:site_name\" content=\"ESTONIA Medical Spa &amp; Hotel\" \/>\n<meta property=\"article:publisher\" content=\"https:\/\/www.facebook.com\/EstoniaMedicalSpa\" \/>\n<meta property=\"article:modified_time\" content=\"2025-06-20T06:57:32+00:00\" \/>\n<meta property=\"og:image\" content=\"https:\/\/www.spaestonia.ee\/medical\/wp-content\/uploads\/2025\/06\/IMG_3669-002-300x300.jpg\" \/>\n<meta name=\"twitter:card\" content=\"summary_large_image\" \/>\n<meta name=\"twitter:label1\" content=\"Est. reading time\" \/>\n\t<meta name=\"twitter:data1\" content=\"1 minut\" \/>\n<script type=\"application\/ld+json\" class=\"yoast-schema-graph\">{\"@context\":\"https:\/\/schema.org\",\"@graph\":[{\"@type\":\"WebPage\",\"@id\":\"https:\/\/spaestonia.ee\/medical\/hotell\/restoran\/\",\"url\":\"https:\/\/spaestonia.ee\/medical\/hotell\/restoran\/\",\"name\":\"Buffet-restoran\u00a0 - ESTONIA Medical Spa &amp; Hotel\",\"isPartOf\":{\"@id\":\"https:\/\/www.spaestonia.ee\/medical\/#website\"},\"primaryImageOfPage\":{\"@id\":\"https:\/\/spaestonia.ee\/medical\/hotell\/restoran\/#primaryimage\"},\"image\":{\"@id\":\"https:\/\/spaestonia.ee\/medical\/hotell\/restoran\/#primaryimage\"},\"thumbnailUrl\":\"http:\/\/www.spaestonia.ee\/medical\/wp-content\/uploads\/2020\/05\/ESTONIA-Medical-Spa-Hotel_autor-Bjorn-OU37-1024x683.jpg\",\"datePublished\":\"2014-12-31T09:06:52+00:00\",\"dateModified\":\"2025-06-20T06:57:32+00:00\",\"breadcrumb\":{\"@id\":\"https:\/\/spaestonia.ee\/medical\/hotell\/restoran\/#breadcrumb\"},\"inLanguage\":\"et\",\"potentialAction\":[{\"@type\":\"ReadAction\",\"target\":[\"https:\/\/spaestonia.ee\/medical\/hotell\/restoran\/\"]}]},{\"@type\":\"ImageObject\",\"inLanguage\":\"et\",\"@id\":\"https:\/\/spaestonia.ee\/medical\/hotell\/restoran\/#primaryimage\",\"url\":\"http:\/\/www.spaestonia.ee\/medical\/wp-content\/uploads\/2020\/05\/ESTONIA-Medical-Spa-Hotel_autor-Bjorn-OU37-1024x683.jpg\",\"contentUrl\":\"http:\/\/www.spaestonia.ee\/medical\/wp-content\/uploads\/2020\/05\/ESTONIA-Medical-Spa-Hotel_autor-Bjorn-OU37-1024x683.jpg\"},{\"@type\":\"BreadcrumbList\",\"@id\":\"https:\/\/spaestonia.ee\/medical\/hotell\/restoran\/#breadcrumb\",\"itemListElement\":[{\"@type\":\"ListItem\",\"position\":1,\"name\":\"Home\",\"item\":\"https:\/\/www.spaestonia.ee\/medical\/\"},{\"@type\":\"ListItem\",\"position\":2,\"name\":\"Hotell\",\"item\":\"https:\/\/www.spaestonia.ee\/medical\/hotell\/\"},{\"@type\":\"ListItem\",\"position\":3,\"name\":\"Buffet-restoran\u00a0\"}]},{\"@type\":\"WebSite\",\"@id\":\"https:\/\/www.spaestonia.ee\/medical\/#website\",\"url\":\"https:\/\/www.spaestonia.ee\/medical\/\",\"name\":\"ESTONIA Medical Spa & Hotel\",\"description\":\"Ravispaa - Terveyskylpyl\u00e4 - P\u00e4rnu\",\"publisher\":{\"@id\":\"https:\/\/www.spaestonia.ee\/medical\/#organization\"},\"potentialAction\":[{\"@type\":\"SearchAction\",\"target\":{\"@type\":\"EntryPoint\",\"urlTemplate\":\"https:\/\/www.spaestonia.ee\/medical\/?s={search_term_string}\"},\"query-input\":{\"@type\":\"PropertyValueSpecification\",\"valueRequired\":true,\"valueName\":\"search_term_string\"}}],\"inLanguage\":\"et\"},{\"@type\":\"Organization\",\"@id\":\"https:\/\/www.spaestonia.ee\/medical\/#organization\",\"name\":\"ESTONIA Medical Spa & Hotel\",\"url\":\"https:\/\/www.spaestonia.ee\/medical\/\",\"logo\":{\"@type\":\"ImageObject\",\"inLanguage\":\"et\",\"@id\":\"https:\/\/www.spaestonia.ee\/medical\/#\/schema\/logo\/image\/\",\"url\":\"https:\/\/www.spaestonia.ee\/medical\/wp-content\/uploads\/2025\/02\/medical.jpg\",\"contentUrl\":\"https:\/\/www.spaestonia.ee\/medical\/wp-content\/uploads\/2025\/02\/medical.jpg\",\"width\":700,\"height\":450,\"caption\":\"ESTONIA Medical Spa & Hotel\"},\"image\":{\"@id\":\"https:\/\/www.spaestonia.ee\/medical\/#\/schema\/logo\/image\/\"},\"sameAs\":[\"https:\/\/www.facebook.com\/EstoniaMedicalSpa\"]}]}<\/script>\n<!-- \/ Yoast SEO plugin. -->","yoast_head_json":{"title":"Buffet-restoran\u00a0 - ESTONIA Medical Spa &amp; Hotel","robots":{"index":"index","follow":"follow","max-snippet":"max-snippet:-1","max-image-preview":"max-image-preview:large","max-video-preview":"max-video-preview:-1"},"canonical":"https:\/\/spaestonia.ee\/medical\/hotell\/restoran\/","og_locale":"et_EE","og_type":"article","og_title":"Buffet-restoran\u00a0 - ESTONIA Medical Spa &amp; Hotel","og_description":"ESTONIA Medical Spa &amp; Hotelli 5. korrusel asub buffet-restoran (~150 kohta). Restoranis serveeritakse mitmekesise valikuga&hellip;","og_url":"https:\/\/spaestonia.ee\/medical\/hotell\/restoran\/","og_site_name":"ESTONIA Medical Spa &amp; Hotel","article_publisher":"https:\/\/www.facebook.com\/EstoniaMedicalSpa","article_modified_time":"2025-06-20T06:57:32+00:00","og_image":[{"url":"https:\/\/www.spaestonia.ee\/medical\/wp-content\/uploads\/2025\/06\/IMG_3669-002-300x300.jpg","type":"","width":"","height":""}],"twitter_card":"summary_large_image","twitter_misc":{"Est. reading time":"1 minut"},"schema":{"@context":"https:\/\/schema.org","@graph":[{"@type":"WebPage","@id":"https:\/\/spaestonia.ee\/medical\/hotell\/restoran\/","url":"https:\/\/spaestonia.ee\/medical\/hotell\/restoran\/","name":"Buffet-restoran\u00a0 - ESTONIA Medical Spa &amp; Hotel","isPartOf":{"@id":"https:\/\/www.spaestonia.ee\/medical\/#website"},"primaryImageOfPage":{"@id":"https:\/\/spaestonia.ee\/medical\/hotell\/restoran\/#primaryimage"},"image":{"@id":"https:\/\/spaestonia.ee\/medical\/hotell\/restoran\/#primaryimage"},"thumbnailUrl":"http:\/\/www.spaestonia.ee\/medical\/wp-content\/uploads\/2020\/05\/ESTONIA-Medical-Spa-Hotel_autor-Bjorn-OU37-1024x683.jpg","datePublished":"2014-12-31T09:06:52+00:00","dateModified":"2025-06-20T06:57:32+00:00","breadcrumb":{"@id":"https:\/\/spaestonia.ee\/medical\/hotell\/restoran\/#breadcrumb"},"inLanguage":"et","potentialAction":[{"@type":"ReadAction","target":["https:\/\/spaestonia.ee\/medical\/hotell\/restoran\/"]}]},{"@type":"ImageObject","inLanguage":"et","@id":"https:\/\/spaestonia.ee\/medical\/hotell\/restoran\/#primaryimage","url":"http:\/\/www.spaestonia.ee\/medical\/wp-content\/uploads\/2020\/05\/ESTONIA-Medical-Spa-Hotel_autor-Bjorn-OU37-1024x683.jpg","contentUrl":"http:\/\/www.spaestonia.ee\/medical\/wp-content\/uploads\/2020\/05\/ESTONIA-Medical-Spa-Hotel_autor-Bjorn-OU37-1024x683.jpg"},{"@type":"BreadcrumbList","@id":"https:\/\/spaestonia.ee\/medical\/hotell\/restoran\/#breadcrumb","itemListElement":[{"@type":"ListItem","position":1,"name":"Home","item":"https:\/\/www.spaestonia.ee\/medical\/"},{"@type":"ListItem","position":2,"name":"Hotell","item":"https:\/\/www.spaestonia.ee\/medical\/hotell\/"},{"@type":"ListItem","position":3,"name":"Buffet-restoran\u00a0"}]},{"@type":"WebSite","@id":"https:\/\/www.spaestonia.ee\/medical\/#website","url":"https:\/\/www.spaestonia.ee\/medical\/","name":"ESTONIA Medical Spa & Hotel","description":"Ravispaa - Terveyskylpyl\u00e4 - P\u00e4rnu","publisher":{"@id":"https:\/\/www.spaestonia.ee\/medical\/#organization"},"potentialAction":[{"@type":"SearchAction","target":{"@type":"EntryPoint","urlTemplate":"https:\/\/www.spaestonia.ee\/medical\/?s={search_term_string}"},"query-input":{"@type":"PropertyValueSpecification","valueRequired":true,"valueName":"search_term_string"}}],"inLanguage":"et"},{"@type":"Organization","@id":"https:\/\/www.spaestonia.ee\/medical\/#organization","name":"ESTONIA Medical Spa & Hotel","url":"https:\/\/www.spaestonia.ee\/medical\/","logo":{"@type":"ImageObject","inLanguage":"et","@id":"https:\/\/www.spaestonia.ee\/medical\/#\/schema\/logo\/image\/","url":"https:\/\/www.spaestonia.ee\/medical\/wp-content\/uploads\/2025\/02\/medical.jpg","contentUrl":"https:\/\/www.spaestonia.ee\/medical\/wp-content\/uploads\/2025\/02\/medical.jpg","width":700,"height":450,"caption":"ESTONIA Medical Spa & Hotel"},"image":{"@id":"https:\/\/www.spaestonia.ee\/medical\/#\/schema\/logo\/image\/"},"sameAs":["https:\/\/www.facebook.com\/EstoniaMedicalSpa"]}]}},"_links":{"self":[{"href":"https:\/\/spaestonia.ee\/medical\/wp-json\/wp\/v2\/pages\/587","targetHints":{"allow":["GET"]}}],"collection":[{"href":"https:\/\/spaestonia.ee\/medical\/wp-json\/wp\/v2\/pages"}],"about":[{"href":"https:\/\/spaestonia.ee\/medical\/wp-json\/wp\/v2\/types\/page"}],"author":[{"embeddable":true,"href":"https:\/\/spaestonia.ee\/medical\/wp-json\/wp\/v2\/users\/1"}],"replies":[{"embeddable":true,"href":"https:\/\/spaestonia.ee\/medical\/wp-json\/wp\/v2\/comments?post=587"}],"version-history":[{"count":56,"href":"https:\/\/spaestonia.ee\/medical\/wp-json\/wp\/v2\/pages\/587\/revisions"}],"predecessor-version":[{"id":22643,"href":"https:\/\/spaestonia.ee\/medical\/wp-json\/wp\/v2\/pages\/587\/revisions\/22643"}],"up":[{"embeddable":true,"href":"https:\/\/spaestonia.ee\/medical\/wp-json\/wp\/v2\/pages\/48"}],"wp:attachment":[{"href":"https:\/\/spaestonia.ee\/medical\/wp-json\/wp\/v2\/media?parent=587"}],"curies":[{"name":"wp","href":"https:\/\/api.w.org\/{rel}","templated":true}]}}