{"id":59,"date":"2014-11-13T19:51:07","date_gmt":"2014-11-13T17:51:07","guid":{"rendered":"http:\/\/www.spaestonia.ee\/?page_id=59"},"modified":"2022-07-26T13:25:27","modified_gmt":"2022-07-26T10:25:27","slug":"meist","status":"publish","type":"page","link":"https:\/\/spaestonia.ee\/medical\/meist\/","title":{"rendered":"ESTONIA Medical Spa &#038; Hotel"},"content":{"rendered":"<p><strong>Ravispaahotell ESTONIA Medical Spa &amp; Hotel<\/strong><br \/>\nAadress: P\u00e4rna 12 \/ S\u00e4\u00e4se 7, P\u00e4rnu 80012, Eesti<\/p>\n<p><strong>Juriidline isik:<\/strong><br \/>\nEstonia Spa Hotels AS<br \/>\nS\u00e4\u00e4se 7, P\u00e4rnu 80012<br \/>\nE-post: <a href=\"mailto:info@spaestonia.ee\">info@spaestonia.ee<\/a><br \/>\nTelefon: +372 447 6900<br \/>\nFaks: +372 447 6901<br \/>\n<a title=\"www.spaestonia.ee\" href=\"http:\/\/www.spaestonia.ee\" target=\"_blank\" rel=\"noopener\">www.spaestonia.ee<\/a><\/p>\n<p>\u00c4riregistri kood: 10275471<br \/>\nKMKR number: EE100094819<\/p>\n<p><strong>Kontaktid<\/strong>:<\/p>\n<table>\n<tbody>\n<tr>\n<td>Andrus Aljas<\/td>\n<td>Estonia Medical Spa &amp; Hotel juht,\u00a0<a href=\"mailto:andrus@spaestonia.ee\">andrus@spaestonia.ee<\/a><\/td>\n<\/tr>\n<tr>\n<td>Kairi J\u00f5ek\u00e4\u00e4r<\/td>\n<td>M\u00fc\u00fcgi- ja turundusosakonna juht, <a href=\"mailto:kairi.joekaar@spaestonia.ee\">kairi.joekaar@spaestonia.ee<\/a><\/td>\n<\/tr>\n<tr>\n<td>K\u00fclliki Seire<\/td>\n<td>Personalijuht, <a href=\"mailto:kylliki.seire@spaestonia.ee\">kylliki.seire@spaestonia.ee<\/a><\/td>\n<\/tr>\n<tr>\n<td>Eire Reinsalu<\/td>\n<td>Finantsjuht, <a href=\"mailto:eire@spaestonia.ee\">eire@spaestonia.ee<\/a><\/td>\n<\/tr>\n<tr>\n<td>Merike Akermann<\/td>\n<td>Vastuv\u00f5tuteenuste ja spaakeskus TERMID juht, <a href=\"mailto:merike@spaestonia.ee\">merike@spaestonia.ee<\/a><\/td>\n<\/tr>\n<tr>\n<td>Andres Kupp<\/td>\n<td>Haldusjuht,\u00a0<a href=\"mailto:andresk@spaestonia.ee\">andresk@spaestonia.ee<\/a><\/td>\n<\/tr>\n<tr>\n<td>Sigrid Jamnes<\/td>\n<td>Puhastusteenistuse juht, <a href=\"mailto:sigrid.jamnes@spaestonia.ee\">sigrid.jamnes@spaestonia.ee<\/a><\/td>\n<\/tr>\n<tr>\n<td>Anneli Ojasalu<\/td>\n<td>Peaarst,\u00a0<a href=\"mailto:anneli.ojasalu@spaestonia.ee\">anneli.ojasalu@spaestonia.ee<\/a><\/td>\n<\/tr>\n<tr>\n<td>Jana Uusna<\/td>\n<td>Ilusalongi juht, <a href=\"mailto:jana@spaestonia.ee\">jana@spaestonia.ee<\/a><\/td>\n<\/tr>\n<tr>\n<td>Krista Sai<\/td>\n<td>Toitlustusjuht,\u00a0<a href=\"mailto:krista@spaestonia.ee\">krista@spaestonia.ee<\/a><\/td>\n<\/tr>\n<\/tbody>\n<\/table>\n<p><strong>\u00a0<\/strong><\/p>\n","protected":false},"excerpt":{"rendered":"<p>Ravispaahotell ESTONIA Medical Spa &amp; Hotel Aadress: P\u00e4rna 12 \/ S\u00e4\u00e4se 7, P\u00e4rnu 80012, Eesti&hellip;<\/p>\n","protected":false},"author":1,"featured_media":0,"parent":0,"menu_order":0,"comment_status":"closed","ping_status":"open","template":"","meta":{"footnotes":""},"class_list":["post-59","page","type-page","status-publish","hentry"],"yoast_head":"<!-- This site is optimized with the Yoast SEO plugin v26.3 - https:\/\/yoast.com\/wordpress\/plugins\/seo\/ -->\n<title>ESTONIA Medical Spa &amp; Hotel - ESTONIA Medical Spa &amp; Hotel<\/title>\n<meta name=\"robots\" content=\"index, follow, max-snippet:-1, max-image-preview:large, max-video-preview:-1\" \/>\n<link rel=\"canonical\" href=\"https:\/\/spaestonia.ee\/medical\/meist\/\" \/>\n<meta property=\"og:locale\" content=\"et_EE\" \/>\n<meta property=\"og:type\" content=\"article\" \/>\n<meta property=\"og:title\" content=\"ESTONIA Medical Spa &amp; Hotel - ESTONIA Medical Spa &amp; Hotel\" \/>\n<meta property=\"og:description\" content=\"Ravispaahotell ESTONIA Medical Spa &amp; Hotel Aadress: P\u00e4rna 12 \/ S\u00e4\u00e4se 7, P\u00e4rnu 80012, Eesti&hellip;\" \/>\n<meta property=\"og:url\" content=\"https:\/\/spaestonia.ee\/medical\/meist\/\" \/>\n<meta property=\"og:site_name\" content=\"ESTONIA Medical Spa &amp; Hotel\" \/>\n<meta property=\"article:publisher\" content=\"https:\/\/www.facebook.com\/EstoniaMedicalSpa\" \/>\n<meta property=\"article:modified_time\" content=\"2022-07-26T10:25:27+00:00\" \/>\n<meta name=\"twitter:card\" content=\"summary_large_image\" \/>\n<meta name=\"twitter:label1\" content=\"Est. reading time\" \/>\n\t<meta name=\"twitter:data1\" content=\"1 minut\" \/>\n<script type=\"application\/ld+json\" class=\"yoast-schema-graph\">{\"@context\":\"https:\/\/schema.org\",\"@graph\":[{\"@type\":\"WebPage\",\"@id\":\"https:\/\/spaestonia.ee\/medical\/meist\/\",\"url\":\"https:\/\/spaestonia.ee\/medical\/meist\/\",\"name\":\"ESTONIA Medical Spa & Hotel - ESTONIA Medical Spa &amp; Hotel\",\"isPartOf\":{\"@id\":\"https:\/\/www.spaestonia.ee\/medical\/#website\"},\"datePublished\":\"2014-11-13T17:51:07+00:00\",\"dateModified\":\"2022-07-26T10:25:27+00:00\",\"breadcrumb\":{\"@id\":\"https:\/\/spaestonia.ee\/medical\/meist\/#breadcrumb\"},\"inLanguage\":\"et\",\"potentialAction\":[{\"@type\":\"ReadAction\",\"target\":[\"https:\/\/spaestonia.ee\/medical\/meist\/\"]}]},{\"@type\":\"BreadcrumbList\",\"@id\":\"https:\/\/spaestonia.ee\/medical\/meist\/#breadcrumb\",\"itemListElement\":[{\"@type\":\"ListItem\",\"position\":1,\"name\":\"Home\",\"item\":\"https:\/\/www.spaestonia.ee\/medical\/\"},{\"@type\":\"ListItem\",\"position\":2,\"name\":\"ESTONIA Medical Spa &#038; Hotel\"}]},{\"@type\":\"WebSite\",\"@id\":\"https:\/\/www.spaestonia.ee\/medical\/#website\",\"url\":\"https:\/\/www.spaestonia.ee\/medical\/\",\"name\":\"ESTONIA Medical Spa & Hotel\",\"description\":\"Ravispaa - Terveyskylpyl\u00e4 - P\u00e4rnu\",\"publisher\":{\"@id\":\"https:\/\/www.spaestonia.ee\/medical\/#organization\"},\"potentialAction\":[{\"@type\":\"SearchAction\",\"target\":{\"@type\":\"EntryPoint\",\"urlTemplate\":\"https:\/\/www.spaestonia.ee\/medical\/?s={search_term_string}\"},\"query-input\":{\"@type\":\"PropertyValueSpecification\",\"valueRequired\":true,\"valueName\":\"search_term_string\"}}],\"inLanguage\":\"et\"},{\"@type\":\"Organization\",\"@id\":\"https:\/\/www.spaestonia.ee\/medical\/#organization\",\"name\":\"ESTONIA Medical Spa & Hotel\",\"url\":\"https:\/\/www.spaestonia.ee\/medical\/\",\"logo\":{\"@type\":\"ImageObject\",\"inLanguage\":\"et\",\"@id\":\"https:\/\/www.spaestonia.ee\/medical\/#\/schema\/logo\/image\/\",\"url\":\"https:\/\/www.spaestonia.ee\/medical\/wp-content\/uploads\/2025\/02\/medical.jpg\",\"contentUrl\":\"https:\/\/www.spaestonia.ee\/medical\/wp-content\/uploads\/2025\/02\/medical.jpg\",\"width\":700,\"height\":450,\"caption\":\"ESTONIA Medical Spa & Hotel\"},\"image\":{\"@id\":\"https:\/\/www.spaestonia.ee\/medical\/#\/schema\/logo\/image\/\"},\"sameAs\":[\"https:\/\/www.facebook.com\/EstoniaMedicalSpa\"]}]}<\/script>\n<!-- \/ Yoast SEO plugin. -->","yoast_head_json":{"title":"ESTONIA Medical Spa & Hotel - ESTONIA Medical Spa &amp; Hotel","robots":{"index":"index","follow":"follow","max-snippet":"max-snippet:-1","max-image-preview":"max-image-preview:large","max-video-preview":"max-video-preview:-1"},"canonical":"https:\/\/spaestonia.ee\/medical\/meist\/","og_locale":"et_EE","og_type":"article","og_title":"ESTONIA Medical Spa & Hotel - ESTONIA Medical Spa &amp; Hotel","og_description":"Ravispaahotell ESTONIA Medical Spa &amp; Hotel Aadress: P\u00e4rna 12 \/ S\u00e4\u00e4se 7, P\u00e4rnu 80012, Eesti&hellip;","og_url":"https:\/\/spaestonia.ee\/medical\/meist\/","og_site_name":"ESTONIA Medical Spa &amp; Hotel","article_publisher":"https:\/\/www.facebook.com\/EstoniaMedicalSpa","article_modified_time":"2022-07-26T10:25:27+00:00","twitter_card":"summary_large_image","twitter_misc":{"Est. reading time":"1 minut"},"schema":{"@context":"https:\/\/schema.org","@graph":[{"@type":"WebPage","@id":"https:\/\/spaestonia.ee\/medical\/meist\/","url":"https:\/\/spaestonia.ee\/medical\/meist\/","name":"ESTONIA Medical Spa & Hotel - ESTONIA Medical Spa &amp; Hotel","isPartOf":{"@id":"https:\/\/www.spaestonia.ee\/medical\/#website"},"datePublished":"2014-11-13T17:51:07+00:00","dateModified":"2022-07-26T10:25:27+00:00","breadcrumb":{"@id":"https:\/\/spaestonia.ee\/medical\/meist\/#breadcrumb"},"inLanguage":"et","potentialAction":[{"@type":"ReadAction","target":["https:\/\/spaestonia.ee\/medical\/meist\/"]}]},{"@type":"BreadcrumbList","@id":"https:\/\/spaestonia.ee\/medical\/meist\/#breadcrumb","itemListElement":[{"@type":"ListItem","position":1,"name":"Home","item":"https:\/\/www.spaestonia.ee\/medical\/"},{"@type":"ListItem","position":2,"name":"ESTONIA Medical Spa &#038; Hotel"}]},{"@type":"WebSite","@id":"https:\/\/www.spaestonia.ee\/medical\/#website","url":"https:\/\/www.spaestonia.ee\/medical\/","name":"ESTONIA Medical Spa & Hotel","description":"Ravispaa - Terveyskylpyl\u00e4 - P\u00e4rnu","publisher":{"@id":"https:\/\/www.spaestonia.ee\/medical\/#organization"},"potentialAction":[{"@type":"SearchAction","target":{"@type":"EntryPoint","urlTemplate":"https:\/\/www.spaestonia.ee\/medical\/?s={search_term_string}"},"query-input":{"@type":"PropertyValueSpecification","valueRequired":true,"valueName":"search_term_string"}}],"inLanguage":"et"},{"@type":"Organization","@id":"https:\/\/www.spaestonia.ee\/medical\/#organization","name":"ESTONIA Medical Spa & Hotel","url":"https:\/\/www.spaestonia.ee\/medical\/","logo":{"@type":"ImageObject","inLanguage":"et","@id":"https:\/\/www.spaestonia.ee\/medical\/#\/schema\/logo\/image\/","url":"https:\/\/www.spaestonia.ee\/medical\/wp-content\/uploads\/2025\/02\/medical.jpg","contentUrl":"https:\/\/www.spaestonia.ee\/medical\/wp-content\/uploads\/2025\/02\/medical.jpg","width":700,"height":450,"caption":"ESTONIA Medical Spa & Hotel"},"image":{"@id":"https:\/\/www.spaestonia.ee\/medical\/#\/schema\/logo\/image\/"},"sameAs":["https:\/\/www.facebook.com\/EstoniaMedicalSpa"]}]}},"_links":{"self":[{"href":"https:\/\/spaestonia.ee\/medical\/wp-json\/wp\/v2\/pages\/59","targetHints":{"allow":["GET"]}}],"collection":[{"href":"https:\/\/spaestonia.ee\/medical\/wp-json\/wp\/v2\/pages"}],"about":[{"href":"https:\/\/spaestonia.ee\/medical\/wp-json\/wp\/v2\/types\/page"}],"author":[{"embeddable":true,"href":"https:\/\/spaestonia.ee\/medical\/wp-json\/wp\/v2\/users\/1"}],"replies":[{"embeddable":true,"href":"https:\/\/spaestonia.ee\/medical\/wp-json\/wp\/v2\/comments?post=59"}],"version-history":[{"count":36,"href":"https:\/\/spaestonia.ee\/medical\/wp-json\/wp\/v2\/pages\/59\/revisions"}],"predecessor-version":[{"id":16897,"href":"https:\/\/spaestonia.ee\/medical\/wp-json\/wp\/v2\/pages\/59\/revisions\/16897"}],"wp:attachment":[{"href":"https:\/\/spaestonia.ee\/medical\/wp-json\/wp\/v2\/media?parent=59"}],"curies":[{"name":"wp","href":"https:\/\/api.w.org\/{rel}","templated":true}]}}