{"id":613,"date":"2015-01-03T12:00:14","date_gmt":"2015-01-03T10:00:14","guid":{"rendered":"https:\/\/www.spaestonia.ee\/medical\/?page_id=613"},"modified":"2026-03-16T11:46:30","modified_gmt":"2026-03-16T09:46:30","slug":"ravispaa","status":"publish","type":"page","link":"https:\/\/spaestonia.ee\/medical\/ravispaa\/","title":{"rendered":"Ravispaa"},"content":{"rendered":"<p>Siin puhates on v\u00f5imalik osa saada arstide n\u00f5uannetest, vilunud teenindajate hoolivusest ning spaakeskuse TERMID saunadest ja veem\u00f5nudest. Uue aja spaameditsiinil on pakkuda palju uusi v\u00f5imalusi: ravipaketid sisaldavad meditsiinilist konsultatsiooni, ravikaardi koostamist ning sellele vastavalt ka protseduure. Valikus on erinevad massaa\u017eid, liikumis-, vesi-, soojus-, soola- ja valgusravi ning f\u00fcsioteraapia. Lisaks on v\u00f5imalik teha erinevaid vereuuringuid.<\/p>\n<hr \/>\n<p><strong>Mis on ravispaa?<\/strong><\/p>\n<p>Ravispaa on terviseameti tegevusloaga asutus haiglav\u00e4lise taastusravi osutamiseks. Arst hindab patsiendi terviseseisundit, funktsionaalset toimetulekut ja m\u00e4\u00e4rab raviskeemi. Ravispaas tehakse ka diagnostilisi uuringuid.<\/p>\n<p><strong>T\u00e4nap\u00e4evane ravispaa<\/strong> \u00fchendab looduslike ravivahendite kasutamise t\u00e4nap\u00e4evase tehnoloogiaga ning ajaloolised kogemused t\u00f5endusp\u00f5hise meditsiiniga. Ravispaale omane tunnusjoon on\u00a0<strong>kohalike looduslike ravitegurite ja vee terapeutiline kasutamine<\/strong>. Eesti ravispaade iseloomulik tunnus on kurortoloogiliste ravimeetodite kompleksne kasutamine.<\/p>\n<p><strong>Ennetusravi<\/strong>\u00a0on suure haigusriskiga isikutel l\u00e4biviidav ravi- ja n\u00f5ustamisteenus, mille eesm\u00e4rk on v\u00e4hendada haigusriski. Ennetusravis on suur osakaal elustiilin\u00f5ustamisel ja emotsionaalse stressi juhtimise k\u00e4sitlustel.<\/p>\n<p>Ravispaade ravikontseptsioonis on oluline osa\u00a0<strong>liikumisel ja kehalisel treeningutel<\/strong>. Kehaline aktiivsus parandab v\u00f5i s\u00e4ilitab tervist nii biokeemilis-hormonaalsel kui ka elundkondade (s\u00fcdame-veresoonkonna, hingamise, tugielundkonna) funktsiooni ja ps\u00fchhoemotsionaalsel tasandil. \u00dchelt poolt on eesm\u00e4rk kiirendada haigulikest seisunditest paranemist v\u00f5i s\u00e4ilitada saavutatut ning teiselt poolt kaasata patsienti ennast aktiivselt raviprotsessi. Niisama oluline kui regulaarne liikumine on teadmine, et suurim osa paranemises on just enda teha.<\/p>\n","protected":false},"excerpt":{"rendered":"<p>Siin puhates on v\u00f5imalik osa saada arstide n\u00f5uannetest, vilunud teenindajate hoolivusest ning spaakeskuse TERMID saunadest&hellip;<\/p>\n","protected":false},"author":1,"featured_media":0,"parent":0,"menu_order":0,"comment_status":"closed","ping_status":"open","template":"","meta":{"footnotes":""},"class_list":["post-613","page","type-page","status-publish","hentry"],"yoast_head":"<!-- This site is optimized with the Yoast SEO plugin v26.3 - https:\/\/yoast.com\/wordpress\/plugins\/seo\/ -->\n<title>Ravispaa - ESTONIA Medical Spa &amp; Hotel<\/title>\n<meta name=\"description\" content=\"Meil puhates on v\u00f5imalik osa saada arstide n\u00f5uannetest, vilunud teenindajate hoolivusest ning spaakeskuse TERMID saunadest ja veem\u00f5nudest.\" \/>\n<meta name=\"robots\" content=\"index, follow, max-snippet:-1, max-image-preview:large, max-video-preview:-1\" \/>\n<link rel=\"canonical\" href=\"https:\/\/spaestonia.ee\/medical\/ravispaa\/\" \/>\n<meta property=\"og:locale\" content=\"et_EE\" \/>\n<meta property=\"og:type\" content=\"article\" \/>\n<meta property=\"og:title\" content=\"Ravispaa - ESTONIA Medical Spa &amp; Hotel\" \/>\n<meta property=\"og:description\" content=\"Meil puhates on v\u00f5imalik osa saada arstide n\u00f5uannetest, vilunud teenindajate hoolivusest ning spaakeskuse TERMID saunadest ja veem\u00f5nudest.\" \/>\n<meta property=\"og:url\" content=\"https:\/\/spaestonia.ee\/medical\/ravispaa\/\" \/>\n<meta property=\"og:site_name\" content=\"ESTONIA Medical Spa &amp; Hotel\" \/>\n<meta property=\"article:publisher\" content=\"https:\/\/www.facebook.com\/EstoniaMedicalSpa\" \/>\n<meta property=\"article:modified_time\" content=\"2026-03-16T09:46:30+00:00\" \/>\n<meta name=\"twitter:card\" content=\"summary_large_image\" \/>\n<meta name=\"twitter:label1\" content=\"Est. reading time\" \/>\n\t<meta name=\"twitter:data1\" content=\"2 minutit\" \/>\n<script type=\"application\/ld+json\" class=\"yoast-schema-graph\">{\"@context\":\"https:\/\/schema.org\",\"@graph\":[{\"@type\":\"WebPage\",\"@id\":\"https:\/\/spaestonia.ee\/medical\/ravispaa\/\",\"url\":\"https:\/\/spaestonia.ee\/medical\/ravispaa\/\",\"name\":\"Ravispaa - ESTONIA Medical Spa &amp; Hotel\",\"isPartOf\":{\"@id\":\"https:\/\/www.spaestonia.ee\/medical\/#website\"},\"datePublished\":\"2015-01-03T10:00:14+00:00\",\"dateModified\":\"2026-03-16T09:46:30+00:00\",\"description\":\"Meil puhates on v\u00f5imalik osa saada arstide n\u00f5uannetest, vilunud teenindajate hoolivusest ning spaakeskuse TERMID saunadest ja veem\u00f5nudest.\",\"breadcrumb\":{\"@id\":\"https:\/\/spaestonia.ee\/medical\/ravispaa\/#breadcrumb\"},\"inLanguage\":\"et\",\"potentialAction\":[{\"@type\":\"ReadAction\",\"target\":[\"https:\/\/spaestonia.ee\/medical\/ravispaa\/\"]}]},{\"@type\":\"BreadcrumbList\",\"@id\":\"https:\/\/spaestonia.ee\/medical\/ravispaa\/#breadcrumb\",\"itemListElement\":[{\"@type\":\"ListItem\",\"position\":1,\"name\":\"Home\",\"item\":\"https:\/\/www.spaestonia.ee\/medical\/\"},{\"@type\":\"ListItem\",\"position\":2,\"name\":\"Ravispaa\"}]},{\"@type\":\"WebSite\",\"@id\":\"https:\/\/www.spaestonia.ee\/medical\/#website\",\"url\":\"https:\/\/www.spaestonia.ee\/medical\/\",\"name\":\"ESTONIA Medical Spa & Hotel\",\"description\":\"Ravispaa - Terveyskylpyl\u00e4 - P\u00e4rnu\",\"publisher\":{\"@id\":\"https:\/\/www.spaestonia.ee\/medical\/#organization\"},\"potentialAction\":[{\"@type\":\"SearchAction\",\"target\":{\"@type\":\"EntryPoint\",\"urlTemplate\":\"https:\/\/www.spaestonia.ee\/medical\/?s={search_term_string}\"},\"query-input\":{\"@type\":\"PropertyValueSpecification\",\"valueRequired\":true,\"valueName\":\"search_term_string\"}}],\"inLanguage\":\"et\"},{\"@type\":\"Organization\",\"@id\":\"https:\/\/www.spaestonia.ee\/medical\/#organization\",\"name\":\"ESTONIA Medical Spa & Hotel\",\"url\":\"https:\/\/www.spaestonia.ee\/medical\/\",\"logo\":{\"@type\":\"ImageObject\",\"inLanguage\":\"et\",\"@id\":\"https:\/\/www.spaestonia.ee\/medical\/#\/schema\/logo\/image\/\",\"url\":\"https:\/\/www.spaestonia.ee\/medical\/wp-content\/uploads\/2025\/02\/medical.jpg\",\"contentUrl\":\"https:\/\/www.spaestonia.ee\/medical\/wp-content\/uploads\/2025\/02\/medical.jpg\",\"width\":700,\"height\":450,\"caption\":\"ESTONIA Medical Spa & Hotel\"},\"image\":{\"@id\":\"https:\/\/www.spaestonia.ee\/medical\/#\/schema\/logo\/image\/\"},\"sameAs\":[\"https:\/\/www.facebook.com\/EstoniaMedicalSpa\"]}]}<\/script>\n<!-- \/ Yoast SEO plugin. -->","yoast_head_json":{"title":"Ravispaa - ESTONIA Medical Spa &amp; Hotel","description":"Meil puhates on v\u00f5imalik osa saada arstide n\u00f5uannetest, vilunud teenindajate hoolivusest ning spaakeskuse TERMID saunadest ja veem\u00f5nudest.","robots":{"index":"index","follow":"follow","max-snippet":"max-snippet:-1","max-image-preview":"max-image-preview:large","max-video-preview":"max-video-preview:-1"},"canonical":"https:\/\/spaestonia.ee\/medical\/ravispaa\/","og_locale":"et_EE","og_type":"article","og_title":"Ravispaa - ESTONIA Medical Spa &amp; Hotel","og_description":"Meil puhates on v\u00f5imalik osa saada arstide n\u00f5uannetest, vilunud teenindajate hoolivusest ning spaakeskuse TERMID saunadest ja veem\u00f5nudest.","og_url":"https:\/\/spaestonia.ee\/medical\/ravispaa\/","og_site_name":"ESTONIA Medical Spa &amp; Hotel","article_publisher":"https:\/\/www.facebook.com\/EstoniaMedicalSpa","article_modified_time":"2026-03-16T09:46:30+00:00","twitter_card":"summary_large_image","twitter_misc":{"Est. reading time":"2 minutit"},"schema":{"@context":"https:\/\/schema.org","@graph":[{"@type":"WebPage","@id":"https:\/\/spaestonia.ee\/medical\/ravispaa\/","url":"https:\/\/spaestonia.ee\/medical\/ravispaa\/","name":"Ravispaa - ESTONIA Medical Spa &amp; Hotel","isPartOf":{"@id":"https:\/\/www.spaestonia.ee\/medical\/#website"},"datePublished":"2015-01-03T10:00:14+00:00","dateModified":"2026-03-16T09:46:30+00:00","description":"Meil puhates on v\u00f5imalik osa saada arstide n\u00f5uannetest, vilunud teenindajate hoolivusest ning spaakeskuse TERMID saunadest ja veem\u00f5nudest.","breadcrumb":{"@id":"https:\/\/spaestonia.ee\/medical\/ravispaa\/#breadcrumb"},"inLanguage":"et","potentialAction":[{"@type":"ReadAction","target":["https:\/\/spaestonia.ee\/medical\/ravispaa\/"]}]},{"@type":"BreadcrumbList","@id":"https:\/\/spaestonia.ee\/medical\/ravispaa\/#breadcrumb","itemListElement":[{"@type":"ListItem","position":1,"name":"Home","item":"https:\/\/www.spaestonia.ee\/medical\/"},{"@type":"ListItem","position":2,"name":"Ravispaa"}]},{"@type":"WebSite","@id":"https:\/\/www.spaestonia.ee\/medical\/#website","url":"https:\/\/www.spaestonia.ee\/medical\/","name":"ESTONIA Medical Spa & Hotel","description":"Ravispaa - Terveyskylpyl\u00e4 - P\u00e4rnu","publisher":{"@id":"https:\/\/www.spaestonia.ee\/medical\/#organization"},"potentialAction":[{"@type":"SearchAction","target":{"@type":"EntryPoint","urlTemplate":"https:\/\/www.spaestonia.ee\/medical\/?s={search_term_string}"},"query-input":{"@type":"PropertyValueSpecification","valueRequired":true,"valueName":"search_term_string"}}],"inLanguage":"et"},{"@type":"Organization","@id":"https:\/\/www.spaestonia.ee\/medical\/#organization","name":"ESTONIA Medical Spa & Hotel","url":"https:\/\/www.spaestonia.ee\/medical\/","logo":{"@type":"ImageObject","inLanguage":"et","@id":"https:\/\/www.spaestonia.ee\/medical\/#\/schema\/logo\/image\/","url":"https:\/\/www.spaestonia.ee\/medical\/wp-content\/uploads\/2025\/02\/medical.jpg","contentUrl":"https:\/\/www.spaestonia.ee\/medical\/wp-content\/uploads\/2025\/02\/medical.jpg","width":700,"height":450,"caption":"ESTONIA Medical Spa & Hotel"},"image":{"@id":"https:\/\/www.spaestonia.ee\/medical\/#\/schema\/logo\/image\/"},"sameAs":["https:\/\/www.facebook.com\/EstoniaMedicalSpa"]}]}},"_links":{"self":[{"href":"https:\/\/spaestonia.ee\/medical\/wp-json\/wp\/v2\/pages\/613","targetHints":{"allow":["GET"]}}],"collection":[{"href":"https:\/\/spaestonia.ee\/medical\/wp-json\/wp\/v2\/pages"}],"about":[{"href":"https:\/\/spaestonia.ee\/medical\/wp-json\/wp\/v2\/types\/page"}],"author":[{"embeddable":true,"href":"https:\/\/spaestonia.ee\/medical\/wp-json\/wp\/v2\/users\/1"}],"replies":[{"embeddable":true,"href":"https:\/\/spaestonia.ee\/medical\/wp-json\/wp\/v2\/comments?post=613"}],"version-history":[{"count":11,"href":"https:\/\/spaestonia.ee\/medical\/wp-json\/wp\/v2\/pages\/613\/revisions"}],"predecessor-version":[{"id":21312,"href":"https:\/\/spaestonia.ee\/medical\/wp-json\/wp\/v2\/pages\/613\/revisions\/21312"}],"wp:attachment":[{"href":"https:\/\/spaestonia.ee\/medical\/wp-json\/wp\/v2\/media?parent=613"}],"curies":[{"name":"wp","href":"https:\/\/api.w.org\/{rel}","templated":true}]}}