{"id":628,"date":"2015-01-03T12:26:15","date_gmt":"2015-01-03T10:26:15","guid":{"rendered":"https:\/\/www.spaestonia.ee\/medical\/?page_id=628"},"modified":"2026-05-13T15:41:09","modified_gmt":"2026-05-13T12:41:09","slug":"kehahoolitsused","status":"publish","type":"page","link":"https:\/\/spaestonia.ee\/medical\/ilusalong\/kehahoolitsused\/","title":{"rendered":"Kehahoolitsused"},"content":{"rendered":"<p>&nbsp;<\/p>\n<table width=\"769\">\n<tbody>\n<tr>\n<td width=\"548\">De Lux hoolitsus (koorimine, m\u00e4his, kerge massaa\u017e).\u00a0<em>De Lux kehahoolitsuste valikus on erinevate aroomidega maskid.<\/em><\/td>\n<td colspan=\"2\" width=\"88\">85 min<\/td>\n<td width=\"71\">65 \u20ac<\/td>\n<\/tr>\n<tr>\n<td width=\"548\">Kehahoolitsus (koorimine, m\u00e4his)<\/td>\n<td colspan=\"2\" width=\"88\">45 min<\/td>\n<td width=\"71\">48 \u20ac<\/td>\n<\/tr>\n<tr>\n<td width=\"548\">Kuum parafango tselluliidihoolitsus (puusad, jalad, k\u00f5ht)<\/td>\n<td colspan=\"2\" width=\"88\">85 min<\/td>\n<td width=\"71\">68 \u20ac<\/td>\n<\/tr>\n<tr>\n<td width=\"548\">Kuum parafango tselluliidihoolitsus (selg v\u00f5i jalad)<\/td>\n<td colspan=\"2\" width=\"88\">55 min<\/td>\n<td width=\"71\">58 \u20ac<\/td>\n<\/tr>\n<tr>\n<td width=\"548\">Kombineeritud n\u00e4o- ja kehahoolitsus \u201eIlunauding\u201c<\/td>\n<td colspan=\"2\" width=\"88\">85 min<\/td>\n<td width=\"71\">78 \u20ac<\/td>\n<\/tr>\n<tr>\n<td width=\"548\">Seljahoolitsus mudaga<\/td>\n<td colspan=\"2\" width=\"88\">45 min<\/td>\n<td width=\"71\">55 \u20ac<\/td>\n<\/tr>\n<tr>\n<td width=\"548\">Kehahoolitsus meestele (koorimine, m\u00e4his, kerge massaa\u017e)<\/td>\n<td colspan=\"2\" width=\"88\">85 min<\/td>\n<td width=\"71\">65 \u20ac<\/td>\n<\/tr>\n<\/tbody>\n<\/table>\n<p><strong><span style=\"color: #4d5544; font-size: 20px;\">De Lux hoolitsus (koorimine, m\u00e4his, kerge massaa\u017e)<\/span><br \/>\n85 min<br \/>\n<\/strong>De Lux kehahoolitsus on s\u00fcgavpuhastav, niisutav ja meeli hellitav tervikprotseduur, mis \u00fchendab naha koorimise, toitva keham\u00e4hise ning l\u00f5\u00f5gastava massaa\u017ei. Hoolitsus taastab naha eluj\u00f5u ja kingib t\u00f5elise heaolukogemuse. Hoolitsuse j\u00e4rgselt on nahk on v\u00e4rske, sile ja toidetud. Meeled on rahunenud ja turgutatud. Paraneb vereringe ja ainevahetus. De Lux kehahoolitsuste valikus on erinevate aroomidega maskid.<\/p>\n<p><strong><span style=\"color: #4d5544; font-size: 20px;\">Kehahoolitsus (koorimine, m\u00e4his)<\/span><br \/>\n45 min<br \/>\n<\/strong>See on s\u00e4ra andev, niisutav ja taastav hoolitsus kogu kehale. Klassikaline kehahoolitsus \u00fchendab t\u00f5husa naha koorimise ja siidise keham\u00e4hise, et turgutada v\u00e4sinud nahka ning taastada selle elastsus ja niiskustasakaal. Hoolitsus sobib ideaalselt hooajavahetusel ja enne p\u00e4ikesev\u00f5ttu.<\/p>\n<p><strong><span style=\"color: #4d5544; font-size: 20px;\">Kuum parafango tselluliidihoolitsus (puusad, jalad, k\u00f5ht)<\/span><br \/>\n85 min<br \/>\n<\/strong>Kuum parafango tselluliidihoolitsus on kehahooldus, mis kombineerib parafiini ja vetikate (fango) toime, et parandada naha tekstuuri, stimuleerida vereringet ja v\u00e4hendada tselluliidi n\u00e4htavust. Seda tehakse tavaliselt puusade, jalgade ja k\u00f5hu piirkonnale.<\/p>\n<p>Nahale kantakse soe parafango segu, mis sisaldab mineraale ja mikroelemente, mis aitavad lagundada rasvaladestusi ja aktiveerida ainevahetust.<br \/>\nKaetud piirkonnad m\u00e4ssitakse kilesse ja kaetakse termotekiga, et s\u00e4ilitada kuumus 20\u201340 minutiks. Kuumus avab poorid, kiirendab vereringet ja soodustab j\u00e4\u00e4kainete v\u00e4ljutamist.<\/p>\n<p>Parafango hoolitsus parandab naha elastsust ja v\u00e4limust, stimuleerib vereringet ja l\u00fcmfiringet, aitab v\u00e4hendada veepeetust ja turseid. V\u00e4hendab tselluliidi n\u00e4htavust ja pinguldab kudesid, v\u00e4ljutab j\u00e4\u00e4kaineid ja aktiveerib ainevahetust.<br \/>\nHoolitsus ei ole sobiv veenilaiendite, raseduse v\u00f5i kuperoosa (\u00f5rnade kapillaaride) korral.<\/p>\n<p><strong><span style=\"color: #4d5544; font-size: 20px;\">Kuum parafango tselluliidihoolitsus (selg v\u00f5i jalad)<\/span><br \/>\n55 min<br \/>\n<\/strong>Kuum parafango tselluliidihoolitsus \u00fchendab\u00a0looduslike vetikate ja parafiini soojendava j\u00f5u, et stimuleerida vereringet, parandada naha tekstuuri ja aidata v\u00e4hendada tselluliidi n\u00e4htavust. Protseduur sobib suurep\u00e4raselt jalgadele (reied, s\u00e4\u00e4red) v\u00f5i seljale, olenevalt vajadusest ja soovitud efektist.<\/p>\n<p>Tulemus:<\/p>\n<ul>\n<li>Naha pind muutub siledamaks ja pinguldatumaks;<\/li>\n<li>Paraneb vereringe ja ainevahetus;<\/li>\n<li>Taandub veepeetus ja tursed;<\/li>\n<li>Seljal m\u00f5jub protseduur ka s\u00fcgavalt l\u00f5\u00f5gastavalt ja soojendavalt;<\/li>\n<li>Jalgade hoolduses aitab v\u00f5idelda tselluliidi ja raskustundega;<\/li>\n<li>Soovitatav teha kuurina: 6\u201310 hooldust, korra n\u00e4dalas;<\/li>\n<li>Ei sobi rasedatele, veenilaiendite, p\u00f5letikuliste nahahaiguste v\u00f5i kuperoosa korral.<\/li>\n<\/ul>\n<p><strong><span style=\"font-size: 20px; color: #4d5544;\">Seljahoolitsus mudaga<\/span><br \/>\n45 min<br \/>\n<\/strong>Seljahoolitsus mudaga on puhastav ja taastav kehaprotseduur, mis sobib ideaalselt neile, kes tunnevad pinget turjal v\u00f5i soovivad parandada seljanaha seisundit. Mineraaliderikas soe muda aitab v\u00e4ljutada j\u00e4\u00e4kaineid, rahustab lihaspingeid ja j\u00e4tab naha siidiselt pehmeks.<\/p>\n<p><strong><span style=\"font-size: 20px; color: #4d5544;\">Kehahoolitsus meestele (koorimine, m\u00e4his, kerge massaa\u017e)<\/span><br \/>\n85 min<br \/>\n<\/strong>Meestele loodud erihoolitsus, mis l\u00f5\u00f5gastab ning taastab energia. Hoolitsus algab kehakoorimisega. Seej\u00e4rel kantakse kehale toitainerikas ja niisutav mask, mis taastab naha tasakaalu. L\u00f5petuseks j\u00e4rgneb kerge l\u00f5\u00f5gastav massaa\u017e, mis aitab pingetest vabaneda ja loob t\u00f5elise heaolutunde.<\/p>\n<hr \/>\n<p><span style=\"font-size: 20px;\"><strong>Lisainfo ja broneerimine<\/strong>:<\/span><br \/>\nIlusalong:\u00a0440 1015,\u00a0<a href=\"mailto:ilusalong@spaestonia.ee\">ilusalong@spaestonia.ee<\/a><br \/>\nHotelli vastuv\u00f5tt: 447 6915,\u00a0<a href=\"mailto:ravip@spaestonia.ee\">ravip@spaestonia.ee<\/a><\/p>\n","protected":false},"excerpt":{"rendered":"<p>&nbsp; De Lux hoolitsus (koorimine, m\u00e4his, kerge massaa\u017e).\u00a0De Lux kehahoolitsuste valikus on erinevate aroomidega maskid.&hellip;<\/p>\n","protected":false},"author":1,"featured_media":0,"parent":170,"menu_order":0,"comment_status":"closed","ping_status":"open","template":"","meta":{"footnotes":""},"class_list":["post-628","page","type-page","status-publish","hentry"],"yoast_head":"<!-- This site is optimized with the Yoast SEO plugin v26.3 - https:\/\/yoast.com\/wordpress\/plugins\/seo\/ -->\n<title>Kehahoolitsused - ESTONIA Medical Spa &amp; Hotel<\/title>\n<meta name=\"robots\" content=\"index, follow, max-snippet:-1, max-image-preview:large, max-video-preview:-1\" \/>\n<link rel=\"canonical\" href=\"https:\/\/spaestonia.ee\/medical\/ilusalong\/kehahoolitsused\/\" \/>\n<meta property=\"og:locale\" content=\"et_EE\" \/>\n<meta property=\"og:type\" content=\"article\" \/>\n<meta property=\"og:title\" content=\"Kehahoolitsused - ESTONIA Medical Spa &amp; Hotel\" \/>\n<meta property=\"og:description\" content=\"&nbsp; De Lux hoolitsus (koorimine, m\u00e4his, kerge massaa\u017e).\u00a0De Lux kehahoolitsuste valikus on erinevate aroomidega maskid.&hellip;\" \/>\n<meta property=\"og:url\" content=\"https:\/\/spaestonia.ee\/medical\/ilusalong\/kehahoolitsused\/\" \/>\n<meta property=\"og:site_name\" content=\"ESTONIA Medical Spa &amp; Hotel\" \/>\n<meta property=\"article:publisher\" content=\"https:\/\/www.facebook.com\/EstoniaMedicalSpa\" \/>\n<meta property=\"article:modified_time\" content=\"2026-05-13T12:41:09+00:00\" \/>\n<meta name=\"twitter:card\" content=\"summary_large_image\" \/>\n<meta name=\"twitter:label1\" content=\"Est. reading time\" \/>\n\t<meta name=\"twitter:data1\" content=\"3 minutit\" \/>\n<script type=\"application\/ld+json\" class=\"yoast-schema-graph\">{\"@context\":\"https:\/\/schema.org\",\"@graph\":[{\"@type\":\"WebPage\",\"@id\":\"https:\/\/spaestonia.ee\/medical\/ilusalong\/kehahoolitsused\/\",\"url\":\"https:\/\/spaestonia.ee\/medical\/ilusalong\/kehahoolitsused\/\",\"name\":\"Kehahoolitsused - ESTONIA Medical Spa &amp; Hotel\",\"isPartOf\":{\"@id\":\"https:\/\/www.spaestonia.ee\/medical\/#website\"},\"datePublished\":\"2015-01-03T10:26:15+00:00\",\"dateModified\":\"2026-05-13T12:41:09+00:00\",\"breadcrumb\":{\"@id\":\"https:\/\/spaestonia.ee\/medical\/ilusalong\/kehahoolitsused\/#breadcrumb\"},\"inLanguage\":\"et\",\"potentialAction\":[{\"@type\":\"ReadAction\",\"target\":[\"https:\/\/spaestonia.ee\/medical\/ilusalong\/kehahoolitsused\/\"]}]},{\"@type\":\"BreadcrumbList\",\"@id\":\"https:\/\/spaestonia.ee\/medical\/ilusalong\/kehahoolitsused\/#breadcrumb\",\"itemListElement\":[{\"@type\":\"ListItem\",\"position\":1,\"name\":\"Home\",\"item\":\"https:\/\/www.spaestonia.ee\/medical\/\"},{\"@type\":\"ListItem\",\"position\":2,\"name\":\"Ilusalong\",\"item\":\"https:\/\/www.spaestonia.ee\/medical\/ilusalong\/\"},{\"@type\":\"ListItem\",\"position\":3,\"name\":\"Kehahoolitsused\"}]},{\"@type\":\"WebSite\",\"@id\":\"https:\/\/www.spaestonia.ee\/medical\/#website\",\"url\":\"https:\/\/www.spaestonia.ee\/medical\/\",\"name\":\"ESTONIA Medical Spa & Hotel\",\"description\":\"Ravispaa - Terveyskylpyl\u00e4 - P\u00e4rnu\",\"publisher\":{\"@id\":\"https:\/\/www.spaestonia.ee\/medical\/#organization\"},\"potentialAction\":[{\"@type\":\"SearchAction\",\"target\":{\"@type\":\"EntryPoint\",\"urlTemplate\":\"https:\/\/www.spaestonia.ee\/medical\/?s={search_term_string}\"},\"query-input\":{\"@type\":\"PropertyValueSpecification\",\"valueRequired\":true,\"valueName\":\"search_term_string\"}}],\"inLanguage\":\"et\"},{\"@type\":\"Organization\",\"@id\":\"https:\/\/www.spaestonia.ee\/medical\/#organization\",\"name\":\"ESTONIA Medical Spa & Hotel\",\"url\":\"https:\/\/www.spaestonia.ee\/medical\/\",\"logo\":{\"@type\":\"ImageObject\",\"inLanguage\":\"et\",\"@id\":\"https:\/\/www.spaestonia.ee\/medical\/#\/schema\/logo\/image\/\",\"url\":\"https:\/\/www.spaestonia.ee\/medical\/wp-content\/uploads\/2025\/02\/medical.jpg\",\"contentUrl\":\"https:\/\/www.spaestonia.ee\/medical\/wp-content\/uploads\/2025\/02\/medical.jpg\",\"width\":700,\"height\":450,\"caption\":\"ESTONIA Medical Spa & Hotel\"},\"image\":{\"@id\":\"https:\/\/www.spaestonia.ee\/medical\/#\/schema\/logo\/image\/\"},\"sameAs\":[\"https:\/\/www.facebook.com\/EstoniaMedicalSpa\"]}]}<\/script>\n<!-- \/ Yoast SEO plugin. -->","yoast_head_json":{"title":"Kehahoolitsused - ESTONIA Medical Spa &amp; Hotel","robots":{"index":"index","follow":"follow","max-snippet":"max-snippet:-1","max-image-preview":"max-image-preview:large","max-video-preview":"max-video-preview:-1"},"canonical":"https:\/\/spaestonia.ee\/medical\/ilusalong\/kehahoolitsused\/","og_locale":"et_EE","og_type":"article","og_title":"Kehahoolitsused - ESTONIA Medical Spa &amp; Hotel","og_description":"&nbsp; De Lux hoolitsus (koorimine, m\u00e4his, kerge massaa\u017e).\u00a0De Lux kehahoolitsuste valikus on erinevate aroomidega maskid.&hellip;","og_url":"https:\/\/spaestonia.ee\/medical\/ilusalong\/kehahoolitsused\/","og_site_name":"ESTONIA Medical Spa &amp; Hotel","article_publisher":"https:\/\/www.facebook.com\/EstoniaMedicalSpa","article_modified_time":"2026-05-13T12:41:09+00:00","twitter_card":"summary_large_image","twitter_misc":{"Est. reading time":"3 minutit"},"schema":{"@context":"https:\/\/schema.org","@graph":[{"@type":"WebPage","@id":"https:\/\/spaestonia.ee\/medical\/ilusalong\/kehahoolitsused\/","url":"https:\/\/spaestonia.ee\/medical\/ilusalong\/kehahoolitsused\/","name":"Kehahoolitsused - ESTONIA Medical Spa &amp; Hotel","isPartOf":{"@id":"https:\/\/www.spaestonia.ee\/medical\/#website"},"datePublished":"2015-01-03T10:26:15+00:00","dateModified":"2026-05-13T12:41:09+00:00","breadcrumb":{"@id":"https:\/\/spaestonia.ee\/medical\/ilusalong\/kehahoolitsused\/#breadcrumb"},"inLanguage":"et","potentialAction":[{"@type":"ReadAction","target":["https:\/\/spaestonia.ee\/medical\/ilusalong\/kehahoolitsused\/"]}]},{"@type":"BreadcrumbList","@id":"https:\/\/spaestonia.ee\/medical\/ilusalong\/kehahoolitsused\/#breadcrumb","itemListElement":[{"@type":"ListItem","position":1,"name":"Home","item":"https:\/\/www.spaestonia.ee\/medical\/"},{"@type":"ListItem","position":2,"name":"Ilusalong","item":"https:\/\/www.spaestonia.ee\/medical\/ilusalong\/"},{"@type":"ListItem","position":3,"name":"Kehahoolitsused"}]},{"@type":"WebSite","@id":"https:\/\/www.spaestonia.ee\/medical\/#website","url":"https:\/\/www.spaestonia.ee\/medical\/","name":"ESTONIA Medical Spa & Hotel","description":"Ravispaa - Terveyskylpyl\u00e4 - P\u00e4rnu","publisher":{"@id":"https:\/\/www.spaestonia.ee\/medical\/#organization"},"potentialAction":[{"@type":"SearchAction","target":{"@type":"EntryPoint","urlTemplate":"https:\/\/www.spaestonia.ee\/medical\/?s={search_term_string}"},"query-input":{"@type":"PropertyValueSpecification","valueRequired":true,"valueName":"search_term_string"}}],"inLanguage":"et"},{"@type":"Organization","@id":"https:\/\/www.spaestonia.ee\/medical\/#organization","name":"ESTONIA Medical Spa & Hotel","url":"https:\/\/www.spaestonia.ee\/medical\/","logo":{"@type":"ImageObject","inLanguage":"et","@id":"https:\/\/www.spaestonia.ee\/medical\/#\/schema\/logo\/image\/","url":"https:\/\/www.spaestonia.ee\/medical\/wp-content\/uploads\/2025\/02\/medical.jpg","contentUrl":"https:\/\/www.spaestonia.ee\/medical\/wp-content\/uploads\/2025\/02\/medical.jpg","width":700,"height":450,"caption":"ESTONIA Medical Spa & Hotel"},"image":{"@id":"https:\/\/www.spaestonia.ee\/medical\/#\/schema\/logo\/image\/"},"sameAs":["https:\/\/www.facebook.com\/EstoniaMedicalSpa"]}]}},"_links":{"self":[{"href":"https:\/\/spaestonia.ee\/medical\/wp-json\/wp\/v2\/pages\/628","targetHints":{"allow":["GET"]}}],"collection":[{"href":"https:\/\/spaestonia.ee\/medical\/wp-json\/wp\/v2\/pages"}],"about":[{"href":"https:\/\/spaestonia.ee\/medical\/wp-json\/wp\/v2\/types\/page"}],"author":[{"embeddable":true,"href":"https:\/\/spaestonia.ee\/medical\/wp-json\/wp\/v2\/users\/1"}],"replies":[{"embeddable":true,"href":"https:\/\/spaestonia.ee\/medical\/wp-json\/wp\/v2\/comments?post=628"}],"version-history":[{"count":36,"href":"https:\/\/spaestonia.ee\/medical\/wp-json\/wp\/v2\/pages\/628\/revisions"}],"predecessor-version":[{"id":23712,"href":"https:\/\/spaestonia.ee\/medical\/wp-json\/wp\/v2\/pages\/628\/revisions\/23712"}],"up":[{"embeddable":true,"href":"https:\/\/spaestonia.ee\/medical\/wp-json\/wp\/v2\/pages\/170"}],"wp:attachment":[{"href":"https:\/\/spaestonia.ee\/medical\/wp-json\/wp\/v2\/media?parent=628"}],"curies":[{"name":"wp","href":"https:\/\/api.w.org\/{rel}","templated":true}]}}