{"id":640,"date":"2015-01-03T12:32:39","date_gmt":"2015-01-03T10:32:39","guid":{"rendered":"https:\/\/www.spaestonia.ee\/medical\/?page_id=640"},"modified":"2025-01-02T09:14:29","modified_gmt":"2025-01-02T07:14:29","slug":"massaazid","status":"publish","type":"page","link":"https:\/\/spaestonia.ee\/medical\/ilusalong\/massaazid\/","title":{"rendered":"Massaa\u017eid"},"content":{"rendered":"<h3 class=\"page-title\">MASSAA\u017dID<\/h3>\n<table width=\"842\">\n<tbody>\n<tr>\n<td colspan=\"2\" width=\"637\"><\/td>\n<td width=\"87\"><\/td>\n<td width=\"64\"><strong>E-N<\/strong><\/td>\n<td width=\"54\"><strong>R-P<\/strong><\/td>\n<\/tr>\n<tr>\n<td colspan=\"2\" rowspan=\"3\" width=\"637\">Klassikaline massaa\u017e<\/td>\n<td width=\"87\">60 min<\/td>\n<td width=\"64\">48 \u20ac<\/td>\n<td width=\"54\">50 \u20ac<\/td>\n<\/tr>\n<tr>\n<td width=\"87\">45 min<\/td>\n<td width=\"64\">41 \u20ac<\/td>\n<td width=\"54\">43 \u20ac<\/td>\n<\/tr>\n<tr>\n<td width=\"87\">20 min<\/td>\n<td width=\"64\">27 \u20ac<\/td>\n<td width=\"54\">30 \u20ac<\/td>\n<\/tr>\n<tr>\n<td colspan=\"2\" width=\"637\">Meemassaa\u017e<\/td>\n<td width=\"87\">60 min<\/td>\n<td width=\"64\">56 \u20ac<\/td>\n<td width=\"54\">58 \u20ac<\/td>\n<\/tr>\n<tr>\n<td colspan=\"2\" width=\"637\">Kombineeritud l\u00fcmfi- ja klassikaline massaa\u017e<\/td>\n<td width=\"87\">75 min<\/td>\n<td width=\"64\">58 \u20ac<\/td>\n<td width=\"54\">60 \u20ac<\/td>\n<\/tr>\n<tr>\n<td colspan=\"2\" rowspan=\"2\" width=\"637\">J\u00e4\u00e4kaineid v\u00e4ljutav l\u00fcmfimassaa\u017e<\/td>\n<td width=\"87\">75 min<\/td>\n<td width=\"64\">58 \u20ac<\/td>\n<td width=\"54\">60 \u20ac<\/td>\n<\/tr>\n<tr>\n<td width=\"87\">45 min<\/td>\n<td width=\"64\">46 \u20ac<\/td>\n<td width=\"54\">48 \u20ac<\/td>\n<\/tr>\n<tr>\n<td colspan=\"2\" width=\"637\">Bali peamassaa\u017e<\/td>\n<td width=\"87\">20 min<\/td>\n<td width=\"64\">28 \u20ac<\/td>\n<td width=\"54\">30 \u20ac<\/td>\n<\/tr>\n<tr>\n<td colspan=\"2\" width=\"637\">L\u00f5\u00f5gastav aroomimassaa\u017e<\/td>\n<td width=\"87\">60 min<\/td>\n<td width=\"64\">53 \u20ac<\/td>\n<td width=\"54\">55 \u20ac<\/td>\n<\/tr>\n<tr>\n<td colspan=\"2\" width=\"637\">Eksootilne laavakivi massaa\u017e<\/td>\n<td width=\"87\">75 min<\/td>\n<td width=\"64\">65 \u20ac<\/td>\n<td width=\"54\">67 \u20ac<\/td>\n<\/tr>\n<tr>\n<td colspan=\"2\" width=\"637\"><\/td>\n<td width=\"87\">30 min<\/td>\n<td width=\"64\">38 \u20ac<\/td>\n<td width=\"54\">40 \u20ac<\/td>\n<\/tr>\n<tr>\n<td colspan=\"2\" width=\"637\">L\u00f5\u00f5gastav jalatalla punktmassaa\u017e<\/td>\n<td width=\"87\">30 min<\/td>\n<td width=\"64\">39 \u20ac<\/td>\n<td width=\"54\">41 \u20ac<\/td>\n<\/tr>\n<tr>\n<td colspan=\"2\" width=\"637\">Stressiturja massaa\u017e<\/td>\n<td width=\"87\">25 min<\/td>\n<td width=\"64\">35 \u20ac<\/td>\n<td width=\"54\">37 \u20ac<\/td>\n<\/tr>\n<\/tbody>\n<\/table>\n<p><strong>Kehahoolitsusi tehakse:<br \/>\n<\/strong>E\u2013R 09.00\u201317.00<br \/>\nL 11.00-19.00<br \/>\nP 09.00-13.00<\/p>\n<p><strong>Lisainfo ja broneerimine<\/strong>:<br \/>\nIlusalong: 440 1015,\u00a0<a style=\"font-size: 16px;\" href=\"mailto:ilusalong@spaestonia.ee\">ilusalong@spaestonia.ee<\/a><br \/>\nHotelli vastuv\u00f5tt: 447 6915,\u00a0<a href=\"mailto:ravip@spaestonia.ee\">ravip@spaestonia.ee<\/a><\/p>\n<hr \/>\n<h3>TAI MASSAA\u017d<\/h3>\n<table>\n<tbody>\n<tr>\n<td width=\"214\">Tai massaa\u017e<\/td>\n<td width=\"201\">60 min<\/td>\n<td width=\"201\">59 \u20ac<\/td>\n<\/tr>\n<tr>\n<td width=\"214\"><\/td>\n<td width=\"201\">90 min<\/td>\n<td width=\"201\">69 \u20ac<\/td>\n<\/tr>\n<tr>\n<td width=\"214\"><\/td>\n<td width=\"201\">120 min<\/td>\n<td width=\"201\">82 \u20ac<\/td>\n<\/tr>\n<tr>\n<td width=\"214\">Tai massaa\u017e \u00f5liga<\/td>\n<td width=\"201\">60 min<\/td>\n<td width=\"201\">59 \u20ac<\/td>\n<\/tr>\n<tr>\n<td width=\"214\"><\/td>\n<td width=\"201\">90 min<\/td>\n<td width=\"201\">69 \u20ac<\/td>\n<\/tr>\n<tr>\n<td width=\"214\"><\/td>\n<td width=\"201\">120 min<\/td>\n<td width=\"201\">82 \u20ac<\/td>\n<\/tr>\n<tr>\n<td width=\"214\">Tai jalatalla massaa\u017e<\/td>\n<td width=\"201\">60 min<\/td>\n<td width=\"201\">50 \u20ac<\/td>\n<\/tr>\n<tr>\n<td width=\"214\">Tai peamassaa\u017e<\/td>\n<td width=\"201\">20 min<\/td>\n<td width=\"201\">29 \u20ac<\/td>\n<\/tr>\n<tr>\n<td width=\"214\">Tai \u00f5lav\u00f6\u00f6tme massaa\u017e<\/td>\n<td width=\"201\">10 min<\/td>\n<td width=\"201\">18 \u20ac<\/td>\n<\/tr>\n<tr>\n<td width=\"214\">Tai\u00a0 \u00f5lav\u00f6\u00f6tme massaa\u017e \u201cSametine Siam\u201d<\/td>\n<td width=\"201\">30 min<\/td>\n<td width=\"201\">38 \u20ac<\/td>\n<\/tr>\n<tr>\n<td width=\"214\">Tai jalamassaa\u017e \u201dKerged jalad\u201d<\/td>\n<td width=\"201\">30 min<\/td>\n<td width=\"201\">38 \u20ac<\/td>\n<\/tr>\n<\/tbody>\n<\/table>\n<p><strong><em>Tai massaa\u017eile broneerimine:<\/em><\/strong><br \/>\nIlusalong:\u00a0440 1015,\u00a0<a href=\"mailto:ilusalong@spaestonia.ee\">ilusalong@spaestonia.ee<\/a><br \/>\nEstonia Spa Termid: 447 6865, 447 6870,\u00a0<a href=\"mailto:termid@spaestonia.ee\">termid@spaestonia.ee<\/a><br \/>\nHotelli vastuv\u00f5tt: 447 6915,\u00a0<a href=\"mailto:ravip@spaestonia.ee\">ravip@spaestonia.ee<\/a><\/p>\n<hr \/>\n<p>&nbsp;<\/p>\n","protected":false},"excerpt":{"rendered":"<p>MASSAA\u017dID E-N R-P Klassikaline massaa\u017e 60 min 48 \u20ac 50 \u20ac 45 min 41 \u20ac&hellip;<\/p>\n","protected":false},"author":1,"featured_media":0,"parent":170,"menu_order":0,"comment_status":"closed","ping_status":"open","template":"","meta":{"footnotes":""},"class_list":["post-640","page","type-page","status-publish","hentry"],"yoast_head":"<!-- This site is optimized with the Yoast SEO plugin v26.3 - https:\/\/yoast.com\/wordpress\/plugins\/seo\/ -->\n<title>Massaa\u017eid - ESTONIA Medical Spa &amp; Hotel<\/title>\n<meta name=\"robots\" content=\"index, follow, max-snippet:-1, max-image-preview:large, max-video-preview:-1\" \/>\n<link rel=\"canonical\" href=\"https:\/\/spaestonia.ee\/medical\/ilusalong\/massaazid\/\" \/>\n<meta property=\"og:locale\" content=\"et_EE\" \/>\n<meta property=\"og:type\" content=\"article\" \/>\n<meta property=\"og:title\" content=\"Massaa\u017eid - ESTONIA Medical Spa &amp; Hotel\" \/>\n<meta property=\"og:description\" content=\"MASSAA\u017dID E-N R-P Klassikaline massaa\u017e 60 min 48 \u20ac 50 \u20ac 45 min 41 \u20ac&hellip;\" \/>\n<meta property=\"og:url\" content=\"https:\/\/spaestonia.ee\/medical\/ilusalong\/massaazid\/\" \/>\n<meta property=\"og:site_name\" content=\"ESTONIA Medical Spa &amp; Hotel\" \/>\n<meta property=\"article:publisher\" content=\"https:\/\/www.facebook.com\/EstoniaMedicalSpa\" \/>\n<meta property=\"article:modified_time\" content=\"2025-01-02T07:14:29+00:00\" \/>\n<meta name=\"twitter:card\" content=\"summary_large_image\" \/>\n<meta name=\"twitter:label1\" content=\"Est. reading time\" \/>\n\t<meta name=\"twitter:data1\" content=\"1 minut\" \/>\n<script type=\"application\/ld+json\" class=\"yoast-schema-graph\">{\"@context\":\"https:\/\/schema.org\",\"@graph\":[{\"@type\":\"WebPage\",\"@id\":\"https:\/\/spaestonia.ee\/medical\/ilusalong\/massaazid\/\",\"url\":\"https:\/\/spaestonia.ee\/medical\/ilusalong\/massaazid\/\",\"name\":\"Massaa\u017eid - ESTONIA Medical Spa &amp; Hotel\",\"isPartOf\":{\"@id\":\"https:\/\/www.spaestonia.ee\/medical\/#website\"},\"datePublished\":\"2015-01-03T10:32:39+00:00\",\"dateModified\":\"2025-01-02T07:14:29+00:00\",\"breadcrumb\":{\"@id\":\"https:\/\/spaestonia.ee\/medical\/ilusalong\/massaazid\/#breadcrumb\"},\"inLanguage\":\"et\",\"potentialAction\":[{\"@type\":\"ReadAction\",\"target\":[\"https:\/\/spaestonia.ee\/medical\/ilusalong\/massaazid\/\"]}]},{\"@type\":\"BreadcrumbList\",\"@id\":\"https:\/\/spaestonia.ee\/medical\/ilusalong\/massaazid\/#breadcrumb\",\"itemListElement\":[{\"@type\":\"ListItem\",\"position\":1,\"name\":\"Home\",\"item\":\"https:\/\/www.spaestonia.ee\/medical\/\"},{\"@type\":\"ListItem\",\"position\":2,\"name\":\"Ilusalong\",\"item\":\"https:\/\/www.spaestonia.ee\/medical\/ilusalong\/\"},{\"@type\":\"ListItem\",\"position\":3,\"name\":\"Massaa\u017eid\"}]},{\"@type\":\"WebSite\",\"@id\":\"https:\/\/www.spaestonia.ee\/medical\/#website\",\"url\":\"https:\/\/www.spaestonia.ee\/medical\/\",\"name\":\"ESTONIA Medical Spa & Hotel\",\"description\":\"Ravispaa - Terveyskylpyl\u00e4 - P\u00e4rnu\",\"publisher\":{\"@id\":\"https:\/\/www.spaestonia.ee\/medical\/#organization\"},\"potentialAction\":[{\"@type\":\"SearchAction\",\"target\":{\"@type\":\"EntryPoint\",\"urlTemplate\":\"https:\/\/www.spaestonia.ee\/medical\/?s={search_term_string}\"},\"query-input\":{\"@type\":\"PropertyValueSpecification\",\"valueRequired\":true,\"valueName\":\"search_term_string\"}}],\"inLanguage\":\"et\"},{\"@type\":\"Organization\",\"@id\":\"https:\/\/www.spaestonia.ee\/medical\/#organization\",\"name\":\"ESTONIA Medical Spa & Hotel\",\"url\":\"https:\/\/www.spaestonia.ee\/medical\/\",\"logo\":{\"@type\":\"ImageObject\",\"inLanguage\":\"et\",\"@id\":\"https:\/\/www.spaestonia.ee\/medical\/#\/schema\/logo\/image\/\",\"url\":\"https:\/\/www.spaestonia.ee\/medical\/wp-content\/uploads\/2025\/02\/medical.jpg\",\"contentUrl\":\"https:\/\/www.spaestonia.ee\/medical\/wp-content\/uploads\/2025\/02\/medical.jpg\",\"width\":700,\"height\":450,\"caption\":\"ESTONIA Medical Spa & Hotel\"},\"image\":{\"@id\":\"https:\/\/www.spaestonia.ee\/medical\/#\/schema\/logo\/image\/\"},\"sameAs\":[\"https:\/\/www.facebook.com\/EstoniaMedicalSpa\"]}]}<\/script>\n<!-- \/ Yoast SEO plugin. -->","yoast_head_json":{"title":"Massaa\u017eid - ESTONIA Medical Spa &amp; Hotel","robots":{"index":"index","follow":"follow","max-snippet":"max-snippet:-1","max-image-preview":"max-image-preview:large","max-video-preview":"max-video-preview:-1"},"canonical":"https:\/\/spaestonia.ee\/medical\/ilusalong\/massaazid\/","og_locale":"et_EE","og_type":"article","og_title":"Massaa\u017eid - ESTONIA Medical Spa &amp; Hotel","og_description":"MASSAA\u017dID E-N R-P Klassikaline massaa\u017e 60 min 48 \u20ac 50 \u20ac 45 min 41 \u20ac&hellip;","og_url":"https:\/\/spaestonia.ee\/medical\/ilusalong\/massaazid\/","og_site_name":"ESTONIA Medical Spa &amp; Hotel","article_publisher":"https:\/\/www.facebook.com\/EstoniaMedicalSpa","article_modified_time":"2025-01-02T07:14:29+00:00","twitter_card":"summary_large_image","twitter_misc":{"Est. reading time":"1 minut"},"schema":{"@context":"https:\/\/schema.org","@graph":[{"@type":"WebPage","@id":"https:\/\/spaestonia.ee\/medical\/ilusalong\/massaazid\/","url":"https:\/\/spaestonia.ee\/medical\/ilusalong\/massaazid\/","name":"Massaa\u017eid - ESTONIA Medical Spa &amp; Hotel","isPartOf":{"@id":"https:\/\/www.spaestonia.ee\/medical\/#website"},"datePublished":"2015-01-03T10:32:39+00:00","dateModified":"2025-01-02T07:14:29+00:00","breadcrumb":{"@id":"https:\/\/spaestonia.ee\/medical\/ilusalong\/massaazid\/#breadcrumb"},"inLanguage":"et","potentialAction":[{"@type":"ReadAction","target":["https:\/\/spaestonia.ee\/medical\/ilusalong\/massaazid\/"]}]},{"@type":"BreadcrumbList","@id":"https:\/\/spaestonia.ee\/medical\/ilusalong\/massaazid\/#breadcrumb","itemListElement":[{"@type":"ListItem","position":1,"name":"Home","item":"https:\/\/www.spaestonia.ee\/medical\/"},{"@type":"ListItem","position":2,"name":"Ilusalong","item":"https:\/\/www.spaestonia.ee\/medical\/ilusalong\/"},{"@type":"ListItem","position":3,"name":"Massaa\u017eid"}]},{"@type":"WebSite","@id":"https:\/\/www.spaestonia.ee\/medical\/#website","url":"https:\/\/www.spaestonia.ee\/medical\/","name":"ESTONIA Medical Spa & Hotel","description":"Ravispaa - Terveyskylpyl\u00e4 - P\u00e4rnu","publisher":{"@id":"https:\/\/www.spaestonia.ee\/medical\/#organization"},"potentialAction":[{"@type":"SearchAction","target":{"@type":"EntryPoint","urlTemplate":"https:\/\/www.spaestonia.ee\/medical\/?s={search_term_string}"},"query-input":{"@type":"PropertyValueSpecification","valueRequired":true,"valueName":"search_term_string"}}],"inLanguage":"et"},{"@type":"Organization","@id":"https:\/\/www.spaestonia.ee\/medical\/#organization","name":"ESTONIA Medical Spa & Hotel","url":"https:\/\/www.spaestonia.ee\/medical\/","logo":{"@type":"ImageObject","inLanguage":"et","@id":"https:\/\/www.spaestonia.ee\/medical\/#\/schema\/logo\/image\/","url":"https:\/\/www.spaestonia.ee\/medical\/wp-content\/uploads\/2025\/02\/medical.jpg","contentUrl":"https:\/\/www.spaestonia.ee\/medical\/wp-content\/uploads\/2025\/02\/medical.jpg","width":700,"height":450,"caption":"ESTONIA Medical Spa & Hotel"},"image":{"@id":"https:\/\/www.spaestonia.ee\/medical\/#\/schema\/logo\/image\/"},"sameAs":["https:\/\/www.facebook.com\/EstoniaMedicalSpa"]}]}},"_links":{"self":[{"href":"https:\/\/spaestonia.ee\/medical\/wp-json\/wp\/v2\/pages\/640","targetHints":{"allow":["GET"]}}],"collection":[{"href":"https:\/\/spaestonia.ee\/medical\/wp-json\/wp\/v2\/pages"}],"about":[{"href":"https:\/\/spaestonia.ee\/medical\/wp-json\/wp\/v2\/types\/page"}],"author":[{"embeddable":true,"href":"https:\/\/spaestonia.ee\/medical\/wp-json\/wp\/v2\/users\/1"}],"replies":[{"embeddable":true,"href":"https:\/\/spaestonia.ee\/medical\/wp-json\/wp\/v2\/comments?post=640"}],"version-history":[{"count":29,"href":"https:\/\/spaestonia.ee\/medical\/wp-json\/wp\/v2\/pages\/640\/revisions"}],"predecessor-version":[{"id":21984,"href":"https:\/\/spaestonia.ee\/medical\/wp-json\/wp\/v2\/pages\/640\/revisions\/21984"}],"up":[{"embeddable":true,"href":"https:\/\/spaestonia.ee\/medical\/wp-json\/wp\/v2\/pages\/170"}],"wp:attachment":[{"href":"https:\/\/spaestonia.ee\/medical\/wp-json\/wp\/v2\/media?parent=640"}],"curies":[{"name":"wp","href":"https:\/\/api.w.org\/{rel}","templated":true}]}}