{"id":642,"date":"2015-01-03T12:33:56","date_gmt":"2015-01-03T10:33:56","guid":{"rendered":"https:\/\/www.spaestonia.ee\/medical\/?page_id=642"},"modified":"2025-01-02T09:18:08","modified_gmt":"2025-01-02T07:18:08","slug":"hoolitsused-lastele","status":"publish","type":"page","link":"https:\/\/spaestonia.ee\/medical\/ilusalong\/hoolitsused-lastele\/","title":{"rendered":"Hoolitsused lastele"},"content":{"rendered":"<table width=\"788\">\n<tbody>\n<tr>\n<td colspan=\"2\" width=\"637\">\u201cV\u00e4ike kaunitar\u201d \u2013 hoolitsus kuni 14 a (k.a) t\u00fcdrukule (m\u00e4his, kerge massaa\u017e)<\/td>\n<td width=\"87\">25 min<\/td>\n<td width=\"64\">25 \u20ac<\/td>\n<\/tr>\n<tr>\n<td colspan=\"2\" width=\"637\">\u201cAeg maha!\u201d \u2013 hoolitsus kuni 14 a (k.a) poisile (m\u00e4his, kerge massaa\u017e)<\/td>\n<td width=\"87\">25 min<\/td>\n<td width=\"64\">25 \u20ac<\/td>\n<\/tr>\n<tr>\n<td colspan=\"2\" width=\"637\">L\u00f5\u00f5gastav massaa\u017e kuni 14 a (k.a) lastele<\/td>\n<td width=\"87\">20 min<\/td>\n<td width=\"64\">25 \u20ac<\/td>\n<\/tr>\n<\/tbody>\n<\/table>\n<p><strong>Hoolitsusi tehakse:<br \/>\n<\/strong>E\u2013R 09.00\u201317.00<br \/>\nL 11.00-19.00<br \/>\nP 09.00-13.00<\/p>\n<p><strong>Lisainfo ja broneerimine<\/strong>:<br \/>\nIlusalong:\u00a0440 1015,\u00a0<a href=\"mailto:ilusalong@spaestonia.ee\">ilusalong@spaestonia.ee<\/a><br \/>\nHotelli vastuv\u00f5tt: 447 6915,\u00a0<a href=\"mailto:ravip@spaestonia.ee\">ravip@spaestonia.ee<\/a><\/p>\n","protected":false},"excerpt":{"rendered":"<p>\u201cV\u00e4ike kaunitar\u201d \u2013 hoolitsus kuni 14 a (k.a) t\u00fcdrukule (m\u00e4his, kerge massaa\u017e) 25 min 25&hellip;<\/p>\n","protected":false},"author":1,"featured_media":0,"parent":170,"menu_order":0,"comment_status":"closed","ping_status":"open","template":"","meta":{"footnotes":""},"class_list":["post-642","page","type-page","status-publish","hentry"],"yoast_head":"<!-- This site is optimized with the Yoast SEO plugin v26.3 - https:\/\/yoast.com\/wordpress\/plugins\/seo\/ -->\n<title>Hoolitsused lastele - ESTONIA Medical Spa &amp; Hotel<\/title>\n<meta name=\"robots\" content=\"index, follow, max-snippet:-1, max-image-preview:large, max-video-preview:-1\" \/>\n<link rel=\"canonical\" href=\"https:\/\/spaestonia.ee\/medical\/ilusalong\/hoolitsused-lastele\/\" \/>\n<meta property=\"og:locale\" content=\"et_EE\" \/>\n<meta property=\"og:type\" content=\"article\" \/>\n<meta property=\"og:title\" content=\"Hoolitsused lastele - ESTONIA Medical Spa &amp; Hotel\" \/>\n<meta property=\"og:description\" content=\"\u201cV\u00e4ike kaunitar\u201d \u2013 hoolitsus kuni 14 a (k.a) t\u00fcdrukule (m\u00e4his, kerge massaa\u017e) 25 min 25&hellip;\" \/>\n<meta property=\"og:url\" content=\"https:\/\/spaestonia.ee\/medical\/ilusalong\/hoolitsused-lastele\/\" \/>\n<meta property=\"og:site_name\" content=\"ESTONIA Medical Spa &amp; Hotel\" \/>\n<meta property=\"article:publisher\" content=\"https:\/\/www.facebook.com\/EstoniaMedicalSpa\" \/>\n<meta property=\"article:modified_time\" content=\"2025-01-02T07:18:08+00:00\" \/>\n<meta name=\"twitter:card\" content=\"summary_large_image\" \/>\n<script type=\"application\/ld+json\" class=\"yoast-schema-graph\">{\"@context\":\"https:\/\/schema.org\",\"@graph\":[{\"@type\":\"WebPage\",\"@id\":\"https:\/\/spaestonia.ee\/medical\/ilusalong\/hoolitsused-lastele\/\",\"url\":\"https:\/\/spaestonia.ee\/medical\/ilusalong\/hoolitsused-lastele\/\",\"name\":\"Hoolitsused lastele - ESTONIA Medical Spa &amp; Hotel\",\"isPartOf\":{\"@id\":\"https:\/\/www.spaestonia.ee\/medical\/#website\"},\"datePublished\":\"2015-01-03T10:33:56+00:00\",\"dateModified\":\"2025-01-02T07:18:08+00:00\",\"breadcrumb\":{\"@id\":\"https:\/\/spaestonia.ee\/medical\/ilusalong\/hoolitsused-lastele\/#breadcrumb\"},\"inLanguage\":\"et\",\"potentialAction\":[{\"@type\":\"ReadAction\",\"target\":[\"https:\/\/spaestonia.ee\/medical\/ilusalong\/hoolitsused-lastele\/\"]}]},{\"@type\":\"BreadcrumbList\",\"@id\":\"https:\/\/spaestonia.ee\/medical\/ilusalong\/hoolitsused-lastele\/#breadcrumb\",\"itemListElement\":[{\"@type\":\"ListItem\",\"position\":1,\"name\":\"Home\",\"item\":\"https:\/\/www.spaestonia.ee\/medical\/\"},{\"@type\":\"ListItem\",\"position\":2,\"name\":\"Ilusalong\",\"item\":\"https:\/\/www.spaestonia.ee\/medical\/ilusalong\/\"},{\"@type\":\"ListItem\",\"position\":3,\"name\":\"Hoolitsused lastele\"}]},{\"@type\":\"WebSite\",\"@id\":\"https:\/\/www.spaestonia.ee\/medical\/#website\",\"url\":\"https:\/\/www.spaestonia.ee\/medical\/\",\"name\":\"ESTONIA Medical Spa & Hotel\",\"description\":\"Ravispaa - Terveyskylpyl\u00e4 - P\u00e4rnu\",\"publisher\":{\"@id\":\"https:\/\/www.spaestonia.ee\/medical\/#organization\"},\"potentialAction\":[{\"@type\":\"SearchAction\",\"target\":{\"@type\":\"EntryPoint\",\"urlTemplate\":\"https:\/\/www.spaestonia.ee\/medical\/?s={search_term_string}\"},\"query-input\":{\"@type\":\"PropertyValueSpecification\",\"valueRequired\":true,\"valueName\":\"search_term_string\"}}],\"inLanguage\":\"et\"},{\"@type\":\"Organization\",\"@id\":\"https:\/\/www.spaestonia.ee\/medical\/#organization\",\"name\":\"ESTONIA Medical Spa & Hotel\",\"url\":\"https:\/\/www.spaestonia.ee\/medical\/\",\"logo\":{\"@type\":\"ImageObject\",\"inLanguage\":\"et\",\"@id\":\"https:\/\/www.spaestonia.ee\/medical\/#\/schema\/logo\/image\/\",\"url\":\"https:\/\/www.spaestonia.ee\/medical\/wp-content\/uploads\/2025\/02\/medical.jpg\",\"contentUrl\":\"https:\/\/www.spaestonia.ee\/medical\/wp-content\/uploads\/2025\/02\/medical.jpg\",\"width\":700,\"height\":450,\"caption\":\"ESTONIA Medical Spa & Hotel\"},\"image\":{\"@id\":\"https:\/\/www.spaestonia.ee\/medical\/#\/schema\/logo\/image\/\"},\"sameAs\":[\"https:\/\/www.facebook.com\/EstoniaMedicalSpa\"]}]}<\/script>\n<!-- \/ Yoast SEO plugin. -->","yoast_head_json":{"title":"Hoolitsused lastele - ESTONIA Medical Spa &amp; Hotel","robots":{"index":"index","follow":"follow","max-snippet":"max-snippet:-1","max-image-preview":"max-image-preview:large","max-video-preview":"max-video-preview:-1"},"canonical":"https:\/\/spaestonia.ee\/medical\/ilusalong\/hoolitsused-lastele\/","og_locale":"et_EE","og_type":"article","og_title":"Hoolitsused lastele - ESTONIA Medical Spa &amp; Hotel","og_description":"\u201cV\u00e4ike kaunitar\u201d \u2013 hoolitsus kuni 14 a (k.a) t\u00fcdrukule (m\u00e4his, kerge massaa\u017e) 25 min 25&hellip;","og_url":"https:\/\/spaestonia.ee\/medical\/ilusalong\/hoolitsused-lastele\/","og_site_name":"ESTONIA Medical Spa &amp; Hotel","article_publisher":"https:\/\/www.facebook.com\/EstoniaMedicalSpa","article_modified_time":"2025-01-02T07:18:08+00:00","twitter_card":"summary_large_image","schema":{"@context":"https:\/\/schema.org","@graph":[{"@type":"WebPage","@id":"https:\/\/spaestonia.ee\/medical\/ilusalong\/hoolitsused-lastele\/","url":"https:\/\/spaestonia.ee\/medical\/ilusalong\/hoolitsused-lastele\/","name":"Hoolitsused lastele - ESTONIA Medical Spa &amp; Hotel","isPartOf":{"@id":"https:\/\/www.spaestonia.ee\/medical\/#website"},"datePublished":"2015-01-03T10:33:56+00:00","dateModified":"2025-01-02T07:18:08+00:00","breadcrumb":{"@id":"https:\/\/spaestonia.ee\/medical\/ilusalong\/hoolitsused-lastele\/#breadcrumb"},"inLanguage":"et","potentialAction":[{"@type":"ReadAction","target":["https:\/\/spaestonia.ee\/medical\/ilusalong\/hoolitsused-lastele\/"]}]},{"@type":"BreadcrumbList","@id":"https:\/\/spaestonia.ee\/medical\/ilusalong\/hoolitsused-lastele\/#breadcrumb","itemListElement":[{"@type":"ListItem","position":1,"name":"Home","item":"https:\/\/www.spaestonia.ee\/medical\/"},{"@type":"ListItem","position":2,"name":"Ilusalong","item":"https:\/\/www.spaestonia.ee\/medical\/ilusalong\/"},{"@type":"ListItem","position":3,"name":"Hoolitsused lastele"}]},{"@type":"WebSite","@id":"https:\/\/www.spaestonia.ee\/medical\/#website","url":"https:\/\/www.spaestonia.ee\/medical\/","name":"ESTONIA Medical Spa & Hotel","description":"Ravispaa - Terveyskylpyl\u00e4 - P\u00e4rnu","publisher":{"@id":"https:\/\/www.spaestonia.ee\/medical\/#organization"},"potentialAction":[{"@type":"SearchAction","target":{"@type":"EntryPoint","urlTemplate":"https:\/\/www.spaestonia.ee\/medical\/?s={search_term_string}"},"query-input":{"@type":"PropertyValueSpecification","valueRequired":true,"valueName":"search_term_string"}}],"inLanguage":"et"},{"@type":"Organization","@id":"https:\/\/www.spaestonia.ee\/medical\/#organization","name":"ESTONIA Medical Spa & Hotel","url":"https:\/\/www.spaestonia.ee\/medical\/","logo":{"@type":"ImageObject","inLanguage":"et","@id":"https:\/\/www.spaestonia.ee\/medical\/#\/schema\/logo\/image\/","url":"https:\/\/www.spaestonia.ee\/medical\/wp-content\/uploads\/2025\/02\/medical.jpg","contentUrl":"https:\/\/www.spaestonia.ee\/medical\/wp-content\/uploads\/2025\/02\/medical.jpg","width":700,"height":450,"caption":"ESTONIA Medical Spa & Hotel"},"image":{"@id":"https:\/\/www.spaestonia.ee\/medical\/#\/schema\/logo\/image\/"},"sameAs":["https:\/\/www.facebook.com\/EstoniaMedicalSpa"]}]}},"_links":{"self":[{"href":"https:\/\/spaestonia.ee\/medical\/wp-json\/wp\/v2\/pages\/642","targetHints":{"allow":["GET"]}}],"collection":[{"href":"https:\/\/spaestonia.ee\/medical\/wp-json\/wp\/v2\/pages"}],"about":[{"href":"https:\/\/spaestonia.ee\/medical\/wp-json\/wp\/v2\/types\/page"}],"author":[{"embeddable":true,"href":"https:\/\/spaestonia.ee\/medical\/wp-json\/wp\/v2\/users\/1"}],"replies":[{"embeddable":true,"href":"https:\/\/spaestonia.ee\/medical\/wp-json\/wp\/v2\/comments?post=642"}],"version-history":[{"count":25,"href":"https:\/\/spaestonia.ee\/medical\/wp-json\/wp\/v2\/pages\/642\/revisions"}],"predecessor-version":[{"id":21988,"href":"https:\/\/spaestonia.ee\/medical\/wp-json\/wp\/v2\/pages\/642\/revisions\/21988"}],"up":[{"embeddable":true,"href":"https:\/\/spaestonia.ee\/medical\/wp-json\/wp\/v2\/pages\/170"}],"wp:attachment":[{"href":"https:\/\/spaestonia.ee\/medical\/wp-json\/wp\/v2\/media?parent=642"}],"curies":[{"name":"wp","href":"https:\/\/api.w.org\/{rel}","templated":true}]}}