{"id":673,"date":"2015-01-03T14:41:38","date_gmt":"2015-01-03T12:41:38","guid":{"rendered":"https:\/\/www.spaestonia.ee\/medical\/?page_id=673"},"modified":"2024-04-22T14:39:06","modified_gmt":"2024-04-22T11:39:06","slug":"estonia-spa-termide-head-tavad","status":"publish","type":"page","link":"https:\/\/spaestonia.ee\/medical\/termid\/estonia-spa-termide-head-tavad\/","title":{"rendered":"Estonia Spa Termide head tavad"},"content":{"rendered":"<p>Hea k\u00fclastaja!<\/p>\n<p>Et muuta Sinu TERMIDES veedetud aeg meeldivaks elamuseks, palume Sul\u00a0 arvestada meie saunakeskuse heade tavadega ning kaask\u00fclastajatega.<\/p>\n<h2>ESTONIA SPA TERMIDE saunakeskuse ja riietusruumide HEAD TAVAD:<\/h2>\n<ul>\n<li>TERMIDE pileti ostmisega kinnitad, et Sinu oskused ja tervislik seisund v\u00f5imaldavad kasutada meie erinevaid basseine ja saunu.<\/li>\n<li>Enne\u00a0saunade ja basseini kasutamist on\u00a0enda pesemine kohustuslik! Palume j\u00e4rgida h\u00fcgieenin\u00f5udeid. Raseerimine, juuste v\u00e4rvimine, koorijate ja maskide kasutamine ei ole lubatud.<\/li>\n<li>TERMIDES tuleb kanda ujumisriideid. Imikutel ja alla 3-aastastel v\u00e4ikelastel palume kasutada ujumism\u00e4hkmeid, mida saab osta ka Termide m\u00fc\u00fcgilettidest.<\/li>\n<li>TERMIDES on turvaline ja mugav ringi liikuda\u00a0kergetes kummist taldadega rannajalan\u00f5udes.<\/li>\n<li>M\u00e4rg p\u00f5rand on libe!\u00a0Ettevaatust, sellel jooksmine on ohtlik! Palun liigu TERMIDE ruumides ning ujulas rahulikult, nii v\u00e4ldid kukkumist ja vigastusi.<\/li>\n<li>Leilisaunades palume\u00a0saunalaval istumiseks\u00a0kasutada istumisaluseid.<\/li>\n<li>Vetteh\u00fcpped ei ole lubatud.<\/li>\n<li>Palume j\u00e4lgida oma lapsi ja nende tegevusi TERMIDES. Liigne vabadus v\u00f5ib olla ebaturvaline lastele ja h\u00e4irida ka teisi kliente.<\/li>\n<li>Kuni 14-aastased (k.a) lapsed v\u00f5ivad keskust k\u00fclastada vaid koos t\u00e4iskasvanuga. Palun j\u00e4lgige oma laste tegevust, et nad veedaksid aega turvaliselt. T\u00e4iskasvanud vastutavad oma laste turvalisuse eest spaas viibimise ajal!<\/li>\n<li>Ootame oma klientidelt heaperemehelikku suhtumist \u00fcmbritsevasse keskkonda. Juhul kui k\u00fclastaja rikub tahtlikult keskuse inventari, on Ta kohustatud kahju t\u00e4ies ulatuses korvama.<\/li>\n<li>Palume hoolikalt hoida oma riidekapi v\u00f5tit. V\u00f5tme kaotamisest palume koheselt informeerida TERMIDE letit\u00f6\u00f6tajat. Kapiv\u00f5tme kaotamise korral administratsioon kappi j\u00e4etud asjade eest ei vastuta.<\/li>\n<li>Suitsetamine TERMIDES on keelatud.<\/li>\n<li><span class=\"OYPEnA text-decoration-none text-strikethrough-none\">Klaastaaras oma jookide tarbimine on TERMIDES keelatud.<\/span><\/li>\n<li>Teenindajal on \u00f5igus keelduda alkoholi- v\u00f5i uimastijoobes kliendi teenindamisest ning korra rikkumisel TERMIDE pileti kehtivus h\u00fcvituseta t\u00fchistada.<\/li>\n<\/ul>\n<p>T\u00f5elisi saunar\u00f5\u00f5me!<\/p>\n","protected":false},"excerpt":{"rendered":"<p>Hea k\u00fclastaja! Et muuta Sinu TERMIDES veedetud aeg meeldivaks elamuseks, palume Sul\u00a0 arvestada meie saunakeskuse&hellip;<\/p>\n","protected":false},"author":1,"featured_media":0,"parent":50,"menu_order":0,"comment_status":"closed","ping_status":"open","template":"","meta":{"footnotes":""},"class_list":["post-673","page","type-page","status-publish","hentry"],"yoast_head":"<!-- This site is optimized with the Yoast SEO plugin v26.3 - https:\/\/yoast.com\/wordpress\/plugins\/seo\/ -->\n<title>Estonia Spa Termide head tavad - ESTONIA Medical Spa &amp; Hotel<\/title>\n<meta name=\"robots\" content=\"index, follow, max-snippet:-1, max-image-preview:large, max-video-preview:-1\" \/>\n<link rel=\"canonical\" href=\"https:\/\/spaestonia.ee\/medical\/termid\/estonia-spa-termide-head-tavad\/\" \/>\n<meta property=\"og:locale\" content=\"et_EE\" \/>\n<meta property=\"og:type\" content=\"article\" \/>\n<meta property=\"og:title\" content=\"Estonia Spa Termide head tavad - ESTONIA Medical Spa &amp; Hotel\" \/>\n<meta property=\"og:description\" content=\"Hea k\u00fclastaja! Et muuta Sinu TERMIDES veedetud aeg meeldivaks elamuseks, palume Sul\u00a0 arvestada meie saunakeskuse&hellip;\" \/>\n<meta property=\"og:url\" content=\"https:\/\/spaestonia.ee\/medical\/termid\/estonia-spa-termide-head-tavad\/\" \/>\n<meta property=\"og:site_name\" content=\"ESTONIA Medical Spa &amp; Hotel\" \/>\n<meta property=\"article:publisher\" content=\"https:\/\/www.facebook.com\/EstoniaMedicalSpa\" \/>\n<meta property=\"article:modified_time\" content=\"2024-04-22T11:39:06+00:00\" \/>\n<meta name=\"twitter:card\" content=\"summary_large_image\" \/>\n<meta name=\"twitter:label1\" content=\"Est. reading time\" \/>\n\t<meta name=\"twitter:data1\" content=\"1 minut\" \/>\n<script type=\"application\/ld+json\" class=\"yoast-schema-graph\">{\"@context\":\"https:\/\/schema.org\",\"@graph\":[{\"@type\":\"WebPage\",\"@id\":\"https:\/\/spaestonia.ee\/medical\/termid\/estonia-spa-termide-head-tavad\/\",\"url\":\"https:\/\/spaestonia.ee\/medical\/termid\/estonia-spa-termide-head-tavad\/\",\"name\":\"Estonia Spa Termide head tavad - ESTONIA Medical Spa &amp; Hotel\",\"isPartOf\":{\"@id\":\"https:\/\/www.spaestonia.ee\/medical\/#website\"},\"datePublished\":\"2015-01-03T12:41:38+00:00\",\"dateModified\":\"2024-04-22T11:39:06+00:00\",\"breadcrumb\":{\"@id\":\"https:\/\/spaestonia.ee\/medical\/termid\/estonia-spa-termide-head-tavad\/#breadcrumb\"},\"inLanguage\":\"et\",\"potentialAction\":[{\"@type\":\"ReadAction\",\"target\":[\"https:\/\/spaestonia.ee\/medical\/termid\/estonia-spa-termide-head-tavad\/\"]}]},{\"@type\":\"BreadcrumbList\",\"@id\":\"https:\/\/spaestonia.ee\/medical\/termid\/estonia-spa-termide-head-tavad\/#breadcrumb\",\"itemListElement\":[{\"@type\":\"ListItem\",\"position\":1,\"name\":\"Home\",\"item\":\"https:\/\/www.spaestonia.ee\/medical\/\"},{\"@type\":\"ListItem\",\"position\":2,\"name\":\"Spaakeskus TERMID\",\"item\":\"https:\/\/www.spaestonia.ee\/medical\/termid\/\"},{\"@type\":\"ListItem\",\"position\":3,\"name\":\"Estonia Spa Termide head tavad\"}]},{\"@type\":\"WebSite\",\"@id\":\"https:\/\/www.spaestonia.ee\/medical\/#website\",\"url\":\"https:\/\/www.spaestonia.ee\/medical\/\",\"name\":\"ESTONIA Medical Spa & Hotel\",\"description\":\"Ravispaa - Terveyskylpyl\u00e4 - P\u00e4rnu\",\"publisher\":{\"@id\":\"https:\/\/www.spaestonia.ee\/medical\/#organization\"},\"potentialAction\":[{\"@type\":\"SearchAction\",\"target\":{\"@type\":\"EntryPoint\",\"urlTemplate\":\"https:\/\/www.spaestonia.ee\/medical\/?s={search_term_string}\"},\"query-input\":{\"@type\":\"PropertyValueSpecification\",\"valueRequired\":true,\"valueName\":\"search_term_string\"}}],\"inLanguage\":\"et\"},{\"@type\":\"Organization\",\"@id\":\"https:\/\/www.spaestonia.ee\/medical\/#organization\",\"name\":\"ESTONIA Medical Spa & Hotel\",\"url\":\"https:\/\/www.spaestonia.ee\/medical\/\",\"logo\":{\"@type\":\"ImageObject\",\"inLanguage\":\"et\",\"@id\":\"https:\/\/www.spaestonia.ee\/medical\/#\/schema\/logo\/image\/\",\"url\":\"https:\/\/www.spaestonia.ee\/medical\/wp-content\/uploads\/2025\/02\/medical.jpg\",\"contentUrl\":\"https:\/\/www.spaestonia.ee\/medical\/wp-content\/uploads\/2025\/02\/medical.jpg\",\"width\":700,\"height\":450,\"caption\":\"ESTONIA Medical Spa & Hotel\"},\"image\":{\"@id\":\"https:\/\/www.spaestonia.ee\/medical\/#\/schema\/logo\/image\/\"},\"sameAs\":[\"https:\/\/www.facebook.com\/EstoniaMedicalSpa\"]}]}<\/script>\n<!-- \/ Yoast SEO plugin. -->","yoast_head_json":{"title":"Estonia Spa Termide head tavad - ESTONIA Medical Spa &amp; Hotel","robots":{"index":"index","follow":"follow","max-snippet":"max-snippet:-1","max-image-preview":"max-image-preview:large","max-video-preview":"max-video-preview:-1"},"canonical":"https:\/\/spaestonia.ee\/medical\/termid\/estonia-spa-termide-head-tavad\/","og_locale":"et_EE","og_type":"article","og_title":"Estonia Spa Termide head tavad - ESTONIA Medical Spa &amp; Hotel","og_description":"Hea k\u00fclastaja! Et muuta Sinu TERMIDES veedetud aeg meeldivaks elamuseks, palume Sul\u00a0 arvestada meie saunakeskuse&hellip;","og_url":"https:\/\/spaestonia.ee\/medical\/termid\/estonia-spa-termide-head-tavad\/","og_site_name":"ESTONIA Medical Spa &amp; Hotel","article_publisher":"https:\/\/www.facebook.com\/EstoniaMedicalSpa","article_modified_time":"2024-04-22T11:39:06+00:00","twitter_card":"summary_large_image","twitter_misc":{"Est. reading time":"1 minut"},"schema":{"@context":"https:\/\/schema.org","@graph":[{"@type":"WebPage","@id":"https:\/\/spaestonia.ee\/medical\/termid\/estonia-spa-termide-head-tavad\/","url":"https:\/\/spaestonia.ee\/medical\/termid\/estonia-spa-termide-head-tavad\/","name":"Estonia Spa Termide head tavad - ESTONIA Medical Spa &amp; Hotel","isPartOf":{"@id":"https:\/\/www.spaestonia.ee\/medical\/#website"},"datePublished":"2015-01-03T12:41:38+00:00","dateModified":"2024-04-22T11:39:06+00:00","breadcrumb":{"@id":"https:\/\/spaestonia.ee\/medical\/termid\/estonia-spa-termide-head-tavad\/#breadcrumb"},"inLanguage":"et","potentialAction":[{"@type":"ReadAction","target":["https:\/\/spaestonia.ee\/medical\/termid\/estonia-spa-termide-head-tavad\/"]}]},{"@type":"BreadcrumbList","@id":"https:\/\/spaestonia.ee\/medical\/termid\/estonia-spa-termide-head-tavad\/#breadcrumb","itemListElement":[{"@type":"ListItem","position":1,"name":"Home","item":"https:\/\/www.spaestonia.ee\/medical\/"},{"@type":"ListItem","position":2,"name":"Spaakeskus TERMID","item":"https:\/\/www.spaestonia.ee\/medical\/termid\/"},{"@type":"ListItem","position":3,"name":"Estonia Spa Termide head tavad"}]},{"@type":"WebSite","@id":"https:\/\/www.spaestonia.ee\/medical\/#website","url":"https:\/\/www.spaestonia.ee\/medical\/","name":"ESTONIA Medical Spa & Hotel","description":"Ravispaa - Terveyskylpyl\u00e4 - P\u00e4rnu","publisher":{"@id":"https:\/\/www.spaestonia.ee\/medical\/#organization"},"potentialAction":[{"@type":"SearchAction","target":{"@type":"EntryPoint","urlTemplate":"https:\/\/www.spaestonia.ee\/medical\/?s={search_term_string}"},"query-input":{"@type":"PropertyValueSpecification","valueRequired":true,"valueName":"search_term_string"}}],"inLanguage":"et"},{"@type":"Organization","@id":"https:\/\/www.spaestonia.ee\/medical\/#organization","name":"ESTONIA Medical Spa & Hotel","url":"https:\/\/www.spaestonia.ee\/medical\/","logo":{"@type":"ImageObject","inLanguage":"et","@id":"https:\/\/www.spaestonia.ee\/medical\/#\/schema\/logo\/image\/","url":"https:\/\/www.spaestonia.ee\/medical\/wp-content\/uploads\/2025\/02\/medical.jpg","contentUrl":"https:\/\/www.spaestonia.ee\/medical\/wp-content\/uploads\/2025\/02\/medical.jpg","width":700,"height":450,"caption":"ESTONIA Medical Spa & Hotel"},"image":{"@id":"https:\/\/www.spaestonia.ee\/medical\/#\/schema\/logo\/image\/"},"sameAs":["https:\/\/www.facebook.com\/EstoniaMedicalSpa"]}]}},"_links":{"self":[{"href":"https:\/\/spaestonia.ee\/medical\/wp-json\/wp\/v2\/pages\/673","targetHints":{"allow":["GET"]}}],"collection":[{"href":"https:\/\/spaestonia.ee\/medical\/wp-json\/wp\/v2\/pages"}],"about":[{"href":"https:\/\/spaestonia.ee\/medical\/wp-json\/wp\/v2\/types\/page"}],"author":[{"embeddable":true,"href":"https:\/\/spaestonia.ee\/medical\/wp-json\/wp\/v2\/users\/1"}],"replies":[{"embeddable":true,"href":"https:\/\/spaestonia.ee\/medical\/wp-json\/wp\/v2\/comments?post=673"}],"version-history":[{"count":6,"href":"https:\/\/spaestonia.ee\/medical\/wp-json\/wp\/v2\/pages\/673\/revisions"}],"predecessor-version":[{"id":20794,"href":"https:\/\/spaestonia.ee\/medical\/wp-json\/wp\/v2\/pages\/673\/revisions\/20794"}],"up":[{"embeddable":true,"href":"https:\/\/spaestonia.ee\/medical\/wp-json\/wp\/v2\/pages\/50"}],"wp:attachment":[{"href":"https:\/\/spaestonia.ee\/medical\/wp-json\/wp\/v2\/media?parent=673"}],"curies":[{"name":"wp","href":"https:\/\/api.w.org\/{rel}","templated":true}]}}