{"id":10279,"date":"2015-05-12T14:48:11","date_gmt":"2015-05-12T11:48:11","guid":{"rendered":"https:\/\/www.spaestonia.ee\/resort\/?page_id=10279"},"modified":"2025-01-02T12:50:20","modified_gmt":"2025-01-02T10:50:20","slug":"suosittelemme-kahdelle","status":"publish","type":"page","link":"https:\/\/spaestonia.ee\/resort\/fi\/kylpylahoidot\/suosittelemme-kahdelle\/","title":{"rendered":"Suosittelemme kahdelle!"},"content":{"rendered":"<h3>Maitokylpy hunajan ja laventelin kera<br \/>\n30 min 45 \u20ac kahdelle<\/h3>\n<p>Maitokylpy on vuosisatojen ajan ollut nopein ja helpoin tapa kosteuttaa ja ravita ihoa. Maitokylvyll\u00e4 on ainutlaatuinen, hyvin pehme\u00e4sti ihoa kuoriva vaikutus. Kuolleiden ihosolujen poistuminen saa ihon tuntumaan tuoreelta ja nuorelta. Maitokylvyll\u00e4 on my\u00f6s ravitseva ja kosteuttava vaikutus kuivaan ihoon. Kylpy sis\u00e4lt\u00e4\u00e4 runsaasti vitamiineja, erityisesti E-vitamiinia ja sinkki\u00e4, jotka hidastavat vanhenemisprosessia ja tekev\u00e4t ihosta elastisemman. Kylpyyn sis\u00e4ltyv\u00e4ll\u00e4 laventelilla on rauhoittava vaikutus, lis\u00e4tty vaniljauute tasapainottaa mielt\u00e4 ja lis\u00e4\u00e4 seksuaalisuutta, ja hunajalla on todella hy\u00f6dyllinen terveytt\u00e4 vahvistava ja aktiivista el\u00e4m\u00e4\u00e4 pident\u00e4v\u00e4 vaikutus. Kylvyn j\u00e4lkeen iho on kuin uudestisyntynyt!<\/p>\n<h3>Magnesium-kotikaljakylpy<br \/>\n30 min 48 \u20ac kahdelle<\/h3>\n<p>Magnesium on yksi t\u00e4rkeimmist\u00e4 mineraaleista, jota organismimme tarvitsee toimiakseen normaalisti. Keho saa magnesiumia erityisen hyvin l\u00e4mpim\u00e4ss\u00e4 kylpyvedess\u00e4 ihon l\u00e4pi. Magnesiumkylpy sopii hyvin magnesiumin puutteen ehk\u00e4isemiseksi ja lievitt\u00e4miseksi. Kotikaljalla on humalan vuoksi paljon hyvi\u00e4 ja terveellisi\u00e4 ominaisuuksia, jotka ovat hy\u00f6dyllisi\u00e4 iholle, nivelille ja hermostolle. Humala sis\u00e4lt\u00e4\u00e4 B6-ryhm\u00e4n vitamiineja, joten sill\u00e4 on vahvasti rauhoittava vaikutus. Magnesiumia ja kotikaljaa sis\u00e4lt\u00e4v\u00e4 kylpy lievitt\u00e4\u00e4 j\u00e4nnityksi\u00e4, virkist\u00e4\u00e4 ja antaa uutta energiaa. Kylvyn j\u00e4lkeen, kun vartalo on voideltu rauhoittavalla ja kosteuttavalla kotikaljavoiteella, j\u00e4\u00e4 iho eritt\u00e4in pehme\u00e4ksi ja tunne mukavaksi.<\/p>\n<hr \/>\n<p><strong>Yhteystiedot<\/strong>: e-mail\u00a0<a href=\"mailto:resort.spa@spaestonia.ee\">resort.spa@spaestonia.ee<\/a>, puh +372 440 1013<\/p>\n","protected":false},"excerpt":{"rendered":"<p>Maitokylpy hunajan ja laventelin kera 30 min 45 \u20ac kahdelle Maitokylpy on vuosisatojen ajan ollut&hellip;<\/p>\n","protected":false},"author":1,"featured_media":0,"parent":2233,"menu_order":0,"comment_status":"closed","ping_status":"open","template":"page-nobron_page.php","meta":{"footnotes":""},"class_list":["post-10279","page","type-page","status-publish","hentry"],"yoast_head":"<!-- This site is optimized with the Yoast SEO plugin v26.7 - https:\/\/yoast.com\/wordpress\/plugins\/seo\/ -->\n<title>Suosittelemme kahdelle! - ESTONIA Resort Hotel Spa<\/title>\n<meta name=\"robots\" content=\"index, follow, max-snippet:-1, max-image-preview:large, max-video-preview:-1\" \/>\n<link rel=\"canonical\" href=\"https:\/\/spaestonia.ee\/resort\/fi\/kylpylahoidot\/suosittelemme-kahdelle\/\" \/>\n<meta property=\"og:locale\" content=\"fi_FI\" \/>\n<meta property=\"og:type\" content=\"article\" \/>\n<meta property=\"og:title\" content=\"Suosittelemme kahdelle! - ESTONIA Resort Hotel Spa\" \/>\n<meta property=\"og:description\" content=\"Maitokylpy hunajan ja laventelin kera 30 min 45 \u20ac kahdelle Maitokylpy on vuosisatojen ajan ollut&hellip;\" \/>\n<meta property=\"og:url\" content=\"https:\/\/spaestonia.ee\/resort\/fi\/kylpylahoidot\/suosittelemme-kahdelle\/\" \/>\n<meta property=\"og:site_name\" content=\"ESTONIA Resort Hotel Spa\" \/>\n<meta property=\"article:publisher\" content=\"https:\/\/www.facebook.com\/EstoniaResortHotel\" \/>\n<meta property=\"article:modified_time\" content=\"2025-01-02T10:50:20+00:00\" \/>\n<meta name=\"twitter:card\" content=\"summary_large_image\" \/>\n<meta name=\"twitter:label1\" content=\"Arvioitu lukuaika\" \/>\n\t<meta name=\"twitter:data1\" content=\"1 minuutti\" \/>\n<script type=\"application\/ld+json\" class=\"yoast-schema-graph\">{\"@context\":\"https:\/\/schema.org\",\"@graph\":[{\"@type\":\"WebPage\",\"@id\":\"https:\/\/spaestonia.ee\/resort\/fi\/kylpylahoidot\/suosittelemme-kahdelle\/\",\"url\":\"https:\/\/spaestonia.ee\/resort\/fi\/kylpylahoidot\/suosittelemme-kahdelle\/\",\"name\":\"Suosittelemme kahdelle! - ESTONIA Resort Hotel Spa\",\"isPartOf\":{\"@id\":\"https:\/\/www.spaestonia.ee\/resort\/fi\/#website\"},\"datePublished\":\"2015-05-12T11:48:11+00:00\",\"dateModified\":\"2025-01-02T10:50:20+00:00\",\"breadcrumb\":{\"@id\":\"https:\/\/spaestonia.ee\/resort\/fi\/kylpylahoidot\/suosittelemme-kahdelle\/#breadcrumb\"},\"inLanguage\":\"fi\",\"potentialAction\":[{\"@type\":\"ReadAction\",\"target\":[\"https:\/\/spaestonia.ee\/resort\/fi\/kylpylahoidot\/suosittelemme-kahdelle\/\"]}]},{\"@type\":\"BreadcrumbList\",\"@id\":\"https:\/\/spaestonia.ee\/resort\/fi\/kylpylahoidot\/suosittelemme-kahdelle\/#breadcrumb\",\"itemListElement\":[{\"@type\":\"ListItem\",\"position\":1,\"name\":\"Home\",\"item\":\"https:\/\/www.spaestonia.ee\/resort\/fi\/\"},{\"@type\":\"ListItem\",\"position\":2,\"name\":\"Kylpyl\u00e4hoidot\",\"item\":\"https:\/\/spaestonia.ee\/resort\/fi\/kylpylahoidot\/\"},{\"@type\":\"ListItem\",\"position\":3,\"name\":\"Suosittelemme kahdelle!\"}]},{\"@type\":\"WebSite\",\"@id\":\"https:\/\/www.spaestonia.ee\/resort\/fi\/#website\",\"url\":\"https:\/\/www.spaestonia.ee\/resort\/fi\/\",\"name\":\"ESTONIA Resort Hotel Spa\",\"description\":\"E-WoW\",\"publisher\":{\"@id\":\"https:\/\/www.spaestonia.ee\/resort\/fi\/#organization\"},\"potentialAction\":[{\"@type\":\"SearchAction\",\"target\":{\"@type\":\"EntryPoint\",\"urlTemplate\":\"https:\/\/www.spaestonia.ee\/resort\/fi\/?s={search_term_string}\"},\"query-input\":{\"@type\":\"PropertyValueSpecification\",\"valueRequired\":true,\"valueName\":\"search_term_string\"}}],\"inLanguage\":\"fi\"},{\"@type\":\"Organization\",\"@id\":\"https:\/\/www.spaestonia.ee\/resort\/fi\/#organization\",\"name\":\"ESTONIA Resort Hotel Spa\",\"url\":\"https:\/\/www.spaestonia.ee\/resort\/fi\/\",\"logo\":{\"@type\":\"ImageObject\",\"inLanguage\":\"fi\",\"@id\":\"https:\/\/www.spaestonia.ee\/resort\/fi\/#\/schema\/logo\/image\/\",\"url\":\"https:\/\/www.spaestonia.ee\/resort\/wp-content\/uploads\/2025\/02\/resort-hotel-estonia.png\",\"contentUrl\":\"https:\/\/www.spaestonia.ee\/resort\/wp-content\/uploads\/2025\/02\/resort-hotel-estonia.png\",\"width\":400,\"height\":173,\"caption\":\"ESTONIA Resort Hotel Spa\"},\"image\":{\"@id\":\"https:\/\/www.spaestonia.ee\/resort\/fi\/#\/schema\/logo\/image\/\"},\"sameAs\":[\"https:\/\/www.facebook.com\/EstoniaResortHotel\"]}]}<\/script>\n<!-- \/ Yoast SEO plugin. -->","yoast_head_json":{"title":"Suosittelemme kahdelle! - ESTONIA Resort Hotel Spa","robots":{"index":"index","follow":"follow","max-snippet":"max-snippet:-1","max-image-preview":"max-image-preview:large","max-video-preview":"max-video-preview:-1"},"canonical":"https:\/\/spaestonia.ee\/resort\/fi\/kylpylahoidot\/suosittelemme-kahdelle\/","og_locale":"fi_FI","og_type":"article","og_title":"Suosittelemme kahdelle! - ESTONIA Resort Hotel Spa","og_description":"Maitokylpy hunajan ja laventelin kera 30 min 45 \u20ac kahdelle Maitokylpy on vuosisatojen ajan ollut&hellip;","og_url":"https:\/\/spaestonia.ee\/resort\/fi\/kylpylahoidot\/suosittelemme-kahdelle\/","og_site_name":"ESTONIA Resort Hotel Spa","article_publisher":"https:\/\/www.facebook.com\/EstoniaResortHotel","article_modified_time":"2025-01-02T10:50:20+00:00","twitter_card":"summary_large_image","twitter_misc":{"Arvioitu lukuaika":"1 minuutti"},"schema":{"@context":"https:\/\/schema.org","@graph":[{"@type":"WebPage","@id":"https:\/\/spaestonia.ee\/resort\/fi\/kylpylahoidot\/suosittelemme-kahdelle\/","url":"https:\/\/spaestonia.ee\/resort\/fi\/kylpylahoidot\/suosittelemme-kahdelle\/","name":"Suosittelemme kahdelle! - ESTONIA Resort Hotel Spa","isPartOf":{"@id":"https:\/\/www.spaestonia.ee\/resort\/fi\/#website"},"datePublished":"2015-05-12T11:48:11+00:00","dateModified":"2025-01-02T10:50:20+00:00","breadcrumb":{"@id":"https:\/\/spaestonia.ee\/resort\/fi\/kylpylahoidot\/suosittelemme-kahdelle\/#breadcrumb"},"inLanguage":"fi","potentialAction":[{"@type":"ReadAction","target":["https:\/\/spaestonia.ee\/resort\/fi\/kylpylahoidot\/suosittelemme-kahdelle\/"]}]},{"@type":"BreadcrumbList","@id":"https:\/\/spaestonia.ee\/resort\/fi\/kylpylahoidot\/suosittelemme-kahdelle\/#breadcrumb","itemListElement":[{"@type":"ListItem","position":1,"name":"Home","item":"https:\/\/www.spaestonia.ee\/resort\/fi\/"},{"@type":"ListItem","position":2,"name":"Kylpyl\u00e4hoidot","item":"https:\/\/spaestonia.ee\/resort\/fi\/kylpylahoidot\/"},{"@type":"ListItem","position":3,"name":"Suosittelemme kahdelle!"}]},{"@type":"WebSite","@id":"https:\/\/www.spaestonia.ee\/resort\/fi\/#website","url":"https:\/\/www.spaestonia.ee\/resort\/fi\/","name":"ESTONIA Resort Hotel Spa","description":"E-WoW","publisher":{"@id":"https:\/\/www.spaestonia.ee\/resort\/fi\/#organization"},"potentialAction":[{"@type":"SearchAction","target":{"@type":"EntryPoint","urlTemplate":"https:\/\/www.spaestonia.ee\/resort\/fi\/?s={search_term_string}"},"query-input":{"@type":"PropertyValueSpecification","valueRequired":true,"valueName":"search_term_string"}}],"inLanguage":"fi"},{"@type":"Organization","@id":"https:\/\/www.spaestonia.ee\/resort\/fi\/#organization","name":"ESTONIA Resort Hotel Spa","url":"https:\/\/www.spaestonia.ee\/resort\/fi\/","logo":{"@type":"ImageObject","inLanguage":"fi","@id":"https:\/\/www.spaestonia.ee\/resort\/fi\/#\/schema\/logo\/image\/","url":"https:\/\/www.spaestonia.ee\/resort\/wp-content\/uploads\/2025\/02\/resort-hotel-estonia.png","contentUrl":"https:\/\/www.spaestonia.ee\/resort\/wp-content\/uploads\/2025\/02\/resort-hotel-estonia.png","width":400,"height":173,"caption":"ESTONIA Resort Hotel Spa"},"image":{"@id":"https:\/\/www.spaestonia.ee\/resort\/fi\/#\/schema\/logo\/image\/"},"sameAs":["https:\/\/www.facebook.com\/EstoniaResortHotel"]}]}},"_links":{"self":[{"href":"https:\/\/spaestonia.ee\/resort\/fi\/wp-json\/wp\/v2\/pages\/10279","targetHints":{"allow":["GET"]}}],"collection":[{"href":"https:\/\/spaestonia.ee\/resort\/fi\/wp-json\/wp\/v2\/pages"}],"about":[{"href":"https:\/\/spaestonia.ee\/resort\/fi\/wp-json\/wp\/v2\/types\/page"}],"author":[{"embeddable":true,"href":"https:\/\/spaestonia.ee\/resort\/fi\/wp-json\/wp\/v2\/users\/1"}],"replies":[{"embeddable":true,"href":"https:\/\/spaestonia.ee\/resort\/fi\/wp-json\/wp\/v2\/comments?post=10279"}],"version-history":[{"count":7,"href":"https:\/\/spaestonia.ee\/resort\/fi\/wp-json\/wp\/v2\/pages\/10279\/revisions"}],"predecessor-version":[{"id":43610,"href":"https:\/\/spaestonia.ee\/resort\/fi\/wp-json\/wp\/v2\/pages\/10279\/revisions\/43610"}],"up":[{"embeddable":true,"href":"https:\/\/spaestonia.ee\/resort\/fi\/wp-json\/wp\/v2\/pages\/2233"}],"wp:attachment":[{"href":"https:\/\/spaestonia.ee\/resort\/fi\/wp-json\/wp\/v2\/media?parent=10279"}],"curies":[{"name":"wp","href":"https:\/\/api.w.org\/{rel}","templated":true}]}}