{"id":2233,"date":"2015-05-29T10:58:20","date_gmt":"2015-05-29T07:58:20","guid":{"rendered":"https:\/\/www.spaestonia.ee\/resort\/?page_id=2233"},"modified":"2025-11-13T08:24:36","modified_gmt":"2025-11-13T06:24:36","slug":"kylpylahoidot","status":"publish","type":"page","link":"https:\/\/spaestonia.ee\/resort\/fi\/kylpylahoidot\/","title":{"rendered":"Kylpyl\u00e4hoidot"},"content":{"rendered":"<p>Kylpyl\u00e4hotellin hoitolista on yht\u00e4 v\u00e4rik\u00e4s ja monipuolinen kuin Viron viime vuosisatojen historia. Virolaisiin kylpyl\u00e4hoitoihin lis\u00e4\u00e4v\u00e4t v\u00e4ri\u00e4 ja maustetta Intiasta kotoisin olevat Sundari-hoidot. Kutsumme sinut kokeilemaan Virossa ainutlaatuista kristallisuolahellint\u00e4\u00e4 erityisess\u00e4 suolas\u00e4ngyss\u00e4!<\/p>\n<p>Tiedet\u00e4\u00e4n, ett\u00e4 Virossa k\u00e4ytettiin jo muinaisaikoihin melkein kaikkea, mit\u00e4 luonnosta sai &#8211; kasveja, multaa, savea, kivi\u00e4, vett\u00e4 ja tulta. Sama periaate p\u00e4tee my\u00f6s perinteiseen intialaiseen hoitomuotoon, jossa sanotaan, ett\u00e4 kaikki ymp\u00e4r\u00f6iv\u00e4 vaikuttaa meihin yhdell\u00e4 tai toisella tavalla eli jokin tehoaa aina johonkin.<\/p>\n<p><img loading=\"lazy\" decoding=\"async\" class=\" wp-image-21702 alignright\" src=\"http:\/\/www.spaestonia.ee\/resort\/wp-content\/uploads\/2017\/03\/kakskolm360x220-300x183.jpg\" alt=\"kakskolm360x220\" width=\"390\" height=\"238\" srcset=\"https:\/\/spaestonia.ee\/resort\/wp-content\/uploads\/2017\/03\/kakskolm360x220-300x183.jpg 300w, https:\/\/spaestonia.ee\/resort\/wp-content\/uploads\/2017\/03\/kakskolm360x220.jpg 360w\" sizes=\"auto, (max-width: 390px) 100vw, 390px\" \/><\/p>\n<p><strong>Kylpyl\u00e4hoidot<\/strong> Spa -ja konferenssitalon 2. krs,<br \/>\nosoite\u00a0A. H. Tammsaare pst 6, P\u00e4rnu, ESTONIA<br \/>\n<strong>Avoinna\u00a0<\/strong>MA &#8211; LA 9-19, SU 9-17<\/p>\n<p><strong>Yhteystiedot<\/strong>:\u00a0<a href=\"mailto:resort.spa@spaestonia.ee\">resort.spa@spaestonia.ee<\/a>, +372 440 1013<\/p>\n<h2>KYLPYL\u00c4N HOITOLISTA<\/h2>\n<h3>Aito ja virolainen<\/h3>\n<p>Olemme saaneet virolaisten kylpyl\u00e4hoitojemme luonnissa inspiraatiota sek\u00e4 Viron luonnosta ett\u00e4 vanhoilta kasviasiantuntijoilta, jotka ovat kautta aikojen t\u00e4ydent\u00e4neet virolaista perim\u00e4tietoa. Virolaisen perinnel\u00e4\u00e4ketieteen ammattilaiset ovat valinneet hoitojen vaikuttavat aineet niiden parantavan, ihoa syv\u00e4lt\u00e4 hoitavan ja kosteuttavan vaikutuksen mukaan.<\/p>\n<ul>\n<li><a title=\"Vartalohoidot\" href=\"https:\/\/www.spaestonia.ee\/resort\/fi\/kylpylahoidot\/vartalohoidot\/\">Virolaiset vartalo- ja kylpyhoidot\u00a0<\/a>\u2013 vaikuttavina aineina annoonakasvi ja l\u00e4hdevesi, hunaja ja turve, hamppu ja humala sek\u00e4 monet muut<\/li>\n<li><a title=\"Hieronnat\" href=\"https:\/\/www.spaestonia.ee\/resort\/fi\/kylpylahoidot\/hieronnat\/\">Virolaiset hieronnat<\/a>\u00a0\u00a0\u2013 kasvihieronta, vanha virolainen hieronta eli soonetasumine, hunaja\u00f6ljy ja hamppu\u00f6ljy sek\u00e4 monet muut<\/li>\n<li><a title=\"K\u00e4sille ja jaloille\" href=\"https:\/\/www.spaestonia.ee\/resort\/fi\/kylpylahoidot\/kasille-ja-jaloille\/\">Virolaiset k\u00e4sihoidot<\/a><a href=\"https:\/\/www.spaestonia.ee\/resort\/spaahoolitsused\/katele-ja-jalgadele\/#eestik\">\u00a0<\/a>&#8211; vaikuttavina aineina keh\u00e4kukka, mehil\u00e4isvaha ja pellava\u00f6ljy<\/li>\n<li><a title=\"K\u00e4sille ja jaloille\" href=\"https:\/\/www.spaestonia.ee\/resort\/fi\/kylpylahoidot\/kasille-ja-jaloille\/\">Virolaiset jalkahoidot<\/a>\u00a0\u2013 vaikuttavina aineina ruiskukka ja nokkonen, hunaja ja pellava\u00f6ljy, terva ja merisuola<\/li>\n<li><a title=\"Kasvoille ja p\u00e4\u00e4lle\" href=\"https:\/\/www.spaestonia.ee\/resort\/fi\/kylpylahoidot\/kasvoille-ja-paalle\/\">Virolaiset kasvohoidot<\/a>\u00a0\u2013 vaikuttavina aineina orjanruusu, muta ja keh\u00e4kukka, angervo ja turve<\/li>\n<\/ul>\n<h3>Sundarin it\u00e4maiset hoidot<\/h3>\n<p>Virolaiset ovat kautta aikojen olleet innokkaita matkailijoita ja avoimia kaikelle hyv\u00e4lle, jonka muut kansat ovat jo ottaneet k\u00e4ytt\u00f6\u00f6n. Tarjoamme nyt mahdollisuuden kokeilla intialaisen Sundari-sarjan eksoottisia hoitoja uudessa kylpyl\u00e4hotellissamme. Kaikki Sundari-hoidot alkavat Dosha-vartalotyypin selvitt\u00e4misell\u00e4, mink\u00e4 j\u00e4lkeen valitaan juuri sinulle sopivat tuoksut ja hoidon aikana k\u00e4ytett\u00e4v\u00e4t aineet.<\/p>\n<ul>\n<li><a title=\"Vartalohoidot\" href=\"https:\/\/www.spaestonia.ee\/resort\/fi\/kylpylahoidot\/vartalohoidot\/\">Sundarin vartalohoidot<\/a><\/li>\n<li><a title=\"Hieronnat\" href=\"https:\/\/www.spaestonia.ee\/resort\/fi\/kylpylahoidot\/hieronnat\/\">Sundarin hieronnat<\/a><\/li>\n<li><a title=\"Kasvoille ja p\u00e4\u00e4lle\" href=\"https:\/\/www.spaestonia.ee\/resort\/fi\/kylpylahoidot\/kasvoille-ja-paalle\/\">Sundarin kasvohoidot<\/a><\/li>\n<li><a title=\"Kasvoille ja p\u00e4\u00e4lle\" href=\"https:\/\/www.spaestonia.ee\/resort\/fi\/kylpylahoidot\/kasvoille-ja-paalle\/\">Sundarin p\u00e4\u00e4nahkahoidot<\/a><\/li>\n<\/ul>\n<h3>Klassiset hoidot<\/h3>\n<p>Niille, jotka haluavat hoitaa vartaloaan tuttuun ja turvalliseen tapaan!<\/p>\n<ul>\n<li><a title=\"Hieronnat\" href=\"https:\/\/www.spaestonia.ee\/resort\/fi\/kylpylahoidot\/hieronnat\/\">Klassiset hieronnat<\/a><\/li>\n<li><a title=\"K\u00e4sille ja jaloille\" href=\"https:\/\/www.spaestonia.ee\/resort\/fi\/kylpylahoidot\/kasille-ja-jaloille\/\">Klassiset k\u00e4sihoidot<\/a><\/li>\n<li><a title=\"K\u00e4sille ja jaloille\" href=\"https:\/\/www.spaestonia.ee\/resort\/fi\/kylpylahoidot\/kasille-ja-jaloille\/\">Klassiset jalkahoidot<\/a><\/li>\n<li><a title=\"Kasvoille ja p\u00e4\u00e4lle\" href=\"https:\/\/www.spaestonia.ee\/resort\/fi\/kylpylahoidot\/kasvoille-ja-paalle\/\">Klassiset kasvohoidot<\/a><\/li>\n<li><a title=\"Kasvoille ja p\u00e4\u00e4lle\" href=\"https:\/\/www.spaestonia.ee\/resort\/fi\/kylpylahoidot\/kasvoille-ja-paalle\/\">Klassiset p\u00e4\u00e4nahkahoidot<\/a><\/li>\n<\/ul>\n<h3>Kristallisuolahellint\u00e4<\/h3>\n<p>Ainutlaatuinen Virossa! Koet l\u00e4mmitetyss\u00e4 suolas\u00e4ngyss\u00e4 suolan parantavan vaikutuksen hengitysteihin, ihoon, niveliin ja koko immuunij\u00e4rjestelm\u00e4\u00e4n.<\/p>\n<ul>\n<li><a title=\"Suolas\u00e4nkyhoidot\" href=\"https:\/\/www.spaestonia.ee\/resort\/fi\/kylpylahoidot\/suolasankyhoidot\/\">Suolas\u00e4nkyhoidot<\/a><\/li>\n<\/ul>\n<p><strong>Yhteystiedot<\/strong>: e-mail\u00a0<a href=\"mailto:resort.spa@spaestonia.ee\">resort.spa@spaestonia.ee<\/a>, puh +372 440 1013<\/p>\n<hr \/>\n<p><strong>PYS\u00c4K\u00d6INTI:<br \/>\nP1 pys\u00e4k\u00f6inti<\/strong> \u2013 maksullinen<strong><br \/>\nP2 pys\u00e4k\u00f6inti <\/strong>\u2013 maksullinen 1.5.\u201331.8., muina aikoina maksuton<strong><br \/>\n<\/strong> Lis\u00e4tietoa pys\u00e4k\u00f6innist\u00e4\u00a0<a href=\"https:\/\/www.spaestonia.ee\/resort\/fi\/meista\/sijanti-ja-pysakointi\/\">T\u00c4\u00c4LT\u00c4<\/a><\/p>\n","protected":false},"excerpt":{"rendered":"<p>Kylpyl\u00e4hotellin hoitolista on yht\u00e4 v\u00e4rik\u00e4s ja monipuolinen kuin Viron viime vuosisatojen historia. Virolaisiin kylpyl\u00e4hoitoihin lis\u00e4\u00e4v\u00e4t&hellip;<\/p>\n","protected":false},"author":6,"featured_media":0,"parent":0,"menu_order":0,"comment_status":"closed","ping_status":"open","template":"page-nobron_page.php","meta":{"footnotes":""},"class_list":["post-2233","page","type-page","status-publish","hentry"],"yoast_head":"<!-- This site is optimized with the Yoast SEO plugin v26.7 - https:\/\/yoast.com\/wordpress\/plugins\/seo\/ -->\n<title>Kylpyl\u00e4hoidot - ESTONIA Resort Hotel Spa<\/title>\n<meta name=\"robots\" content=\"index, follow, max-snippet:-1, max-image-preview:large, max-video-preview:-1\" \/>\n<link rel=\"canonical\" href=\"https:\/\/spaestonia.ee\/resort\/fi\/kylpylahoidot\/\" \/>\n<meta property=\"og:locale\" content=\"fi_FI\" \/>\n<meta property=\"og:type\" content=\"article\" \/>\n<meta property=\"og:title\" content=\"Kylpyl\u00e4hoidot - ESTONIA Resort Hotel Spa\" \/>\n<meta property=\"og:description\" content=\"Kylpyl\u00e4hotellin hoitolista on yht\u00e4 v\u00e4rik\u00e4s ja monipuolinen kuin Viron viime vuosisatojen historia. Virolaisiin kylpyl\u00e4hoitoihin lis\u00e4\u00e4v\u00e4t&hellip;\" \/>\n<meta property=\"og:url\" content=\"https:\/\/spaestonia.ee\/resort\/fi\/kylpylahoidot\/\" \/>\n<meta property=\"og:site_name\" content=\"ESTONIA Resort Hotel Spa\" \/>\n<meta property=\"article:publisher\" content=\"https:\/\/www.facebook.com\/EstoniaResortHotel\" \/>\n<meta property=\"article:modified_time\" content=\"2025-11-13T06:24:36+00:00\" \/>\n<meta property=\"og:image\" content=\"http:\/\/www.spaestonia.ee\/resort\/wp-content\/uploads\/2017\/03\/kakskolm360x220-300x183.jpg\" \/>\n<meta name=\"twitter:card\" content=\"summary_large_image\" \/>\n<meta name=\"twitter:label1\" content=\"Arvioitu lukuaika\" \/>\n\t<meta name=\"twitter:data1\" content=\"2 minuuttia\" \/>\n<script type=\"application\/ld+json\" class=\"yoast-schema-graph\">{\"@context\":\"https:\/\/schema.org\",\"@graph\":[{\"@type\":\"WebPage\",\"@id\":\"https:\/\/spaestonia.ee\/resort\/fi\/kylpylahoidot\/\",\"url\":\"https:\/\/spaestonia.ee\/resort\/fi\/kylpylahoidot\/\",\"name\":\"Kylpyl\u00e4hoidot - ESTONIA Resort Hotel Spa\",\"isPartOf\":{\"@id\":\"https:\/\/www.spaestonia.ee\/resort\/fi\/#website\"},\"primaryImageOfPage\":{\"@id\":\"https:\/\/spaestonia.ee\/resort\/fi\/kylpylahoidot\/#primaryimage\"},\"image\":{\"@id\":\"https:\/\/spaestonia.ee\/resort\/fi\/kylpylahoidot\/#primaryimage\"},\"thumbnailUrl\":\"http:\/\/www.spaestonia.ee\/resort\/wp-content\/uploads\/2017\/03\/kakskolm360x220-300x183.jpg\",\"datePublished\":\"2015-05-29T07:58:20+00:00\",\"dateModified\":\"2025-11-13T06:24:36+00:00\",\"breadcrumb\":{\"@id\":\"https:\/\/spaestonia.ee\/resort\/fi\/kylpylahoidot\/#breadcrumb\"},\"inLanguage\":\"fi\",\"potentialAction\":[{\"@type\":\"ReadAction\",\"target\":[\"https:\/\/spaestonia.ee\/resort\/fi\/kylpylahoidot\/\"]}]},{\"@type\":\"ImageObject\",\"inLanguage\":\"fi\",\"@id\":\"https:\/\/spaestonia.ee\/resort\/fi\/kylpylahoidot\/#primaryimage\",\"url\":\"http:\/\/www.spaestonia.ee\/resort\/wp-content\/uploads\/2017\/03\/kakskolm360x220-300x183.jpg\",\"contentUrl\":\"http:\/\/www.spaestonia.ee\/resort\/wp-content\/uploads\/2017\/03\/kakskolm360x220-300x183.jpg\"},{\"@type\":\"BreadcrumbList\",\"@id\":\"https:\/\/spaestonia.ee\/resort\/fi\/kylpylahoidot\/#breadcrumb\",\"itemListElement\":[{\"@type\":\"ListItem\",\"position\":1,\"name\":\"Home\",\"item\":\"https:\/\/www.spaestonia.ee\/resort\/fi\/\"},{\"@type\":\"ListItem\",\"position\":2,\"name\":\"Kylpyl\u00e4hoidot\"}]},{\"@type\":\"WebSite\",\"@id\":\"https:\/\/www.spaestonia.ee\/resort\/fi\/#website\",\"url\":\"https:\/\/www.spaestonia.ee\/resort\/fi\/\",\"name\":\"ESTONIA Resort Hotel Spa\",\"description\":\"E-WoW\",\"publisher\":{\"@id\":\"https:\/\/www.spaestonia.ee\/resort\/fi\/#organization\"},\"potentialAction\":[{\"@type\":\"SearchAction\",\"target\":{\"@type\":\"EntryPoint\",\"urlTemplate\":\"https:\/\/www.spaestonia.ee\/resort\/fi\/?s={search_term_string}\"},\"query-input\":{\"@type\":\"PropertyValueSpecification\",\"valueRequired\":true,\"valueName\":\"search_term_string\"}}],\"inLanguage\":\"fi\"},{\"@type\":\"Organization\",\"@id\":\"https:\/\/www.spaestonia.ee\/resort\/fi\/#organization\",\"name\":\"ESTONIA Resort Hotel Spa\",\"url\":\"https:\/\/www.spaestonia.ee\/resort\/fi\/\",\"logo\":{\"@type\":\"ImageObject\",\"inLanguage\":\"fi\",\"@id\":\"https:\/\/www.spaestonia.ee\/resort\/fi\/#\/schema\/logo\/image\/\",\"url\":\"https:\/\/www.spaestonia.ee\/resort\/wp-content\/uploads\/2025\/02\/resort-hotel-estonia.png\",\"contentUrl\":\"https:\/\/www.spaestonia.ee\/resort\/wp-content\/uploads\/2025\/02\/resort-hotel-estonia.png\",\"width\":400,\"height\":173,\"caption\":\"ESTONIA Resort Hotel Spa\"},\"image\":{\"@id\":\"https:\/\/www.spaestonia.ee\/resort\/fi\/#\/schema\/logo\/image\/\"},\"sameAs\":[\"https:\/\/www.facebook.com\/EstoniaResortHotel\"]}]}<\/script>\n<!-- \/ Yoast SEO plugin. -->","yoast_head_json":{"title":"Kylpyl\u00e4hoidot - ESTONIA Resort Hotel Spa","robots":{"index":"index","follow":"follow","max-snippet":"max-snippet:-1","max-image-preview":"max-image-preview:large","max-video-preview":"max-video-preview:-1"},"canonical":"https:\/\/spaestonia.ee\/resort\/fi\/kylpylahoidot\/","og_locale":"fi_FI","og_type":"article","og_title":"Kylpyl\u00e4hoidot - ESTONIA Resort Hotel Spa","og_description":"Kylpyl\u00e4hotellin hoitolista on yht\u00e4 v\u00e4rik\u00e4s ja monipuolinen kuin Viron viime vuosisatojen historia. Virolaisiin kylpyl\u00e4hoitoihin lis\u00e4\u00e4v\u00e4t&hellip;","og_url":"https:\/\/spaestonia.ee\/resort\/fi\/kylpylahoidot\/","og_site_name":"ESTONIA Resort Hotel Spa","article_publisher":"https:\/\/www.facebook.com\/EstoniaResortHotel","article_modified_time":"2025-11-13T06:24:36+00:00","og_image":[{"url":"http:\/\/www.spaestonia.ee\/resort\/wp-content\/uploads\/2017\/03\/kakskolm360x220-300x183.jpg","type":"","width":"","height":""}],"twitter_card":"summary_large_image","twitter_misc":{"Arvioitu lukuaika":"2 minuuttia"},"schema":{"@context":"https:\/\/schema.org","@graph":[{"@type":"WebPage","@id":"https:\/\/spaestonia.ee\/resort\/fi\/kylpylahoidot\/","url":"https:\/\/spaestonia.ee\/resort\/fi\/kylpylahoidot\/","name":"Kylpyl\u00e4hoidot - ESTONIA Resort Hotel Spa","isPartOf":{"@id":"https:\/\/www.spaestonia.ee\/resort\/fi\/#website"},"primaryImageOfPage":{"@id":"https:\/\/spaestonia.ee\/resort\/fi\/kylpylahoidot\/#primaryimage"},"image":{"@id":"https:\/\/spaestonia.ee\/resort\/fi\/kylpylahoidot\/#primaryimage"},"thumbnailUrl":"http:\/\/www.spaestonia.ee\/resort\/wp-content\/uploads\/2017\/03\/kakskolm360x220-300x183.jpg","datePublished":"2015-05-29T07:58:20+00:00","dateModified":"2025-11-13T06:24:36+00:00","breadcrumb":{"@id":"https:\/\/spaestonia.ee\/resort\/fi\/kylpylahoidot\/#breadcrumb"},"inLanguage":"fi","potentialAction":[{"@type":"ReadAction","target":["https:\/\/spaestonia.ee\/resort\/fi\/kylpylahoidot\/"]}]},{"@type":"ImageObject","inLanguage":"fi","@id":"https:\/\/spaestonia.ee\/resort\/fi\/kylpylahoidot\/#primaryimage","url":"http:\/\/www.spaestonia.ee\/resort\/wp-content\/uploads\/2017\/03\/kakskolm360x220-300x183.jpg","contentUrl":"http:\/\/www.spaestonia.ee\/resort\/wp-content\/uploads\/2017\/03\/kakskolm360x220-300x183.jpg"},{"@type":"BreadcrumbList","@id":"https:\/\/spaestonia.ee\/resort\/fi\/kylpylahoidot\/#breadcrumb","itemListElement":[{"@type":"ListItem","position":1,"name":"Home","item":"https:\/\/www.spaestonia.ee\/resort\/fi\/"},{"@type":"ListItem","position":2,"name":"Kylpyl\u00e4hoidot"}]},{"@type":"WebSite","@id":"https:\/\/www.spaestonia.ee\/resort\/fi\/#website","url":"https:\/\/www.spaestonia.ee\/resort\/fi\/","name":"ESTONIA Resort Hotel Spa","description":"E-WoW","publisher":{"@id":"https:\/\/www.spaestonia.ee\/resort\/fi\/#organization"},"potentialAction":[{"@type":"SearchAction","target":{"@type":"EntryPoint","urlTemplate":"https:\/\/www.spaestonia.ee\/resort\/fi\/?s={search_term_string}"},"query-input":{"@type":"PropertyValueSpecification","valueRequired":true,"valueName":"search_term_string"}}],"inLanguage":"fi"},{"@type":"Organization","@id":"https:\/\/www.spaestonia.ee\/resort\/fi\/#organization","name":"ESTONIA Resort Hotel Spa","url":"https:\/\/www.spaestonia.ee\/resort\/fi\/","logo":{"@type":"ImageObject","inLanguage":"fi","@id":"https:\/\/www.spaestonia.ee\/resort\/fi\/#\/schema\/logo\/image\/","url":"https:\/\/www.spaestonia.ee\/resort\/wp-content\/uploads\/2025\/02\/resort-hotel-estonia.png","contentUrl":"https:\/\/www.spaestonia.ee\/resort\/wp-content\/uploads\/2025\/02\/resort-hotel-estonia.png","width":400,"height":173,"caption":"ESTONIA Resort Hotel Spa"},"image":{"@id":"https:\/\/www.spaestonia.ee\/resort\/fi\/#\/schema\/logo\/image\/"},"sameAs":["https:\/\/www.facebook.com\/EstoniaResortHotel"]}]}},"_links":{"self":[{"href":"https:\/\/spaestonia.ee\/resort\/fi\/wp-json\/wp\/v2\/pages\/2233","targetHints":{"allow":["GET"]}}],"collection":[{"href":"https:\/\/spaestonia.ee\/resort\/fi\/wp-json\/wp\/v2\/pages"}],"about":[{"href":"https:\/\/spaestonia.ee\/resort\/fi\/wp-json\/wp\/v2\/types\/page"}],"author":[{"embeddable":true,"href":"https:\/\/spaestonia.ee\/resort\/fi\/wp-json\/wp\/v2\/users\/6"}],"replies":[{"embeddable":true,"href":"https:\/\/spaestonia.ee\/resort\/fi\/wp-json\/wp\/v2\/comments?post=2233"}],"version-history":[{"count":24,"href":"https:\/\/spaestonia.ee\/resort\/fi\/wp-json\/wp\/v2\/pages\/2233\/revisions"}],"predecessor-version":[{"id":45617,"href":"https:\/\/spaestonia.ee\/resort\/fi\/wp-json\/wp\/v2\/pages\/2233\/revisions\/45617"}],"wp:attachment":[{"href":"https:\/\/spaestonia.ee\/resort\/fi\/wp-json\/wp\/v2\/media?parent=2233"}],"curies":[{"name":"wp","href":"https:\/\/api.w.org\/{rel}","templated":true}]}}