{"id":2234,"date":"2015-05-30T15:19:13","date_gmt":"2015-05-30T12:19:13","guid":{"rendered":"https:\/\/www.spaestonia.ee\/resort\/?page_id=2234"},"modified":"2025-10-22T15:53:11","modified_gmt":"2025-10-22T12:53:11","slug":"vartalohoidot","status":"publish","type":"page","link":"https:\/\/spaestonia.ee\/resort\/fi\/kylpylahoidot\/vartalohoidot\/","title":{"rendered":"Vartalohoidot"},"content":{"rendered":"<h2>AIDOT VIROLAISET VARTALOHOIDOT<\/h2>\n<h3><a id=\"#eesti\"><\/a>Virolainen voimapuu\u00a0vartalohoito<br \/>\n90 min 83 \u20ac<\/h3>\n<p>Voimaa antavan\u00a0vartalohoidon aikana asiakas p\u00e4\u00e4see nauttimaan hoidon parantavista ja energiaa puhdistavista vaikutuksista. Hoito alkaa parantavalla kuivavihdonnalla. Sit\u00e4 seuraa tehokas virolainen l\u00e4mmittelyhieronta pellavakankaan l\u00e4pi. Kun aistit ovat rauhoittuneet, levitet\u00e4\u00e4n vartalolle hamppu-porkkana\u00f6ljy\u00e4. Kuorintahanskalla tehdyt suuret ja laajat liikkeet saavat aikaan eritt\u00e4in mukavan tunteen. Koska iho on aiemmin \u00f6ljytty ja ravittu, kuorinta ei vahingoita ihoa, vaan poistaa vain kuolleet solut ja j\u00e4tt\u00e4\u00e4 ihon silkkisen pehme\u00e4ksi.<\/p>\n<p>Porkkanan juuri on tunnettu beetakaroteenin ja B-vitamiinin l\u00e4hteen\u00e4. Hamppu\u00f6ljy pehment\u00e4\u00e4 ja kosteuttaa ihoa ja lievitt\u00e4\u00e4 my\u00f6s allergisia ihoreaktioita. Jotta hoito olisi t\u00e4ydellinen, tehd\u00e4\u00e4n lopuksi rentouttava p\u00e4\u00e4hieronta. Jotta aistit rauhoittuisivat ja ihminen nukahtaisi, k\u00e4ytet\u00e4\u00e4n keinuvaa ja heiluvaa liikett\u00e4.<\/p>\n<h3>Turve-hunajan vartalohoito<br \/>\n30 min 42 \u20ac<br \/>\n90 min 75 \u20ac<\/h3>\n<p>Hunajaa on k\u00e4ytetty laajalti ja arvostettu korkeasti jo 2500 vuotta. Virossa mehil\u00e4ishoito aloitettiin muinaisajalla. Turve- ja hunajahoidon aikana asiakkaan vartalo peitet\u00e4\u00e4n turve- ja hunajak\u00e4\u00e4reell\u00e4. Turve poistaa organismista vahingollisia kuona-aineita. Hunaja kiinteytt\u00e4\u00e4 ja hoitaa kuljettamalla turvetta syvemm\u00e4lle ihon pintaan ja tekee k\u00e4\u00e4reest\u00e4 tehokkaan selluliittia est\u00e4v\u00e4n hoidon. Vartalok\u00e4\u00e4re my\u00f6s parantaa verenkiertoa ja rikastuttaa organismia hy\u00f6dyllisill\u00e4 bioaktiivisilla aineilla antaen iholle terveen loistavan ilmeen ja silkkisen pehmeyden. Vartalok\u00e4\u00e4reell\u00e4 on my\u00f6s huomattavan rentouttava vaikutus ja uni maistuukin hoidon j\u00e4lkeen eritt\u00e4in makeasti.<\/p>\n<p>90 minuutin hoitoon kuuluu my\u00f6s koko vartalon hieronta hunaja\u00f6ljyll\u00e4.<\/p>\n<h3>Hamppu vartalohoito<br \/>\n15 min 30 \u20ac<\/h3>\n<p>Hamppuvartalohoito poistaa kuolleita ihosoluja. Hampunsiementen sis\u00e4lt\u00e4mien vitamiinien ja \u00f6ljyjen ansiosta hoito sopii hyvin ihon kosteutukseen. Hamppu\u00f6ljy auttaa rentoutumaan ja yll\u00e4pit\u00e4m\u00e4\u00e4n ihon suojatoimintoa. Se my\u00f6s v\u00e4hent\u00e4\u00e4 kutinaa ja hidastaa ihon ik\u00e4\u00e4ntymist\u00e4.<\/p>\n<h3>Pihlajahoito hieronnalla<br \/>\n90 min 83 \u20ac<\/h3>\n<p>Pihlaja on voimakas puu, jonka oksia, lehti\u00e4 ja marjoja k\u00e4ytet\u00e4\u00e4n erilaisissa suoja- ja rakkausrituaaleissa. Virolaisille pihlaja on ollut sitkeyden ja sinnikkyyden symboli. Pihlajalla on tarinan mukaan jopa kyky muuttaa vanhat uudesti nuoreksi. Pihlajanmarjoista on perinnetietojen mukaan etsitty apua tulehdusten ja reuman hoitoon.<\/p>\n<p>Pihlajanmarjoilla on yleisvahvistava ja tulehdusta est\u00e4v\u00e4 sek\u00e4 vahva antioksidatiivinen vaikutus, ne puhdistavat elimist\u00f6\u00e4 monista kuona-aineista ja myrkyist\u00e4 ja nopeuttavat aineenvaihduntaa.<\/p>\n<p>Pihlajahoito alkaa rentouttavalla ja j\u00e4nnityst\u00e4 poistavalla hieronnalla, sen j\u00e4lkeen koko vartalo puhdistetaan pihlajakuorinnalla, mink\u00e4 tuloksena on silkinpehme\u00e4 iho.<\/p>\n<h3>Maitokylpy hunajan ja laventelin kera<br \/>\n30 min 35 \u20ac yhdelle, 45 \u20ac kahdelle<\/h3>\n<p>Maitokylpy on vuosisatojen ajan ollut nopein ja helpoin tapa kosteuttaa ja ravita ihoa. Maitokylvyll\u00e4 on ainutlaatuinen, hyvin pehme\u00e4sti ihoa kuoriva vaikutus. Kuolleiden ihosolujen poistuminen saa ihon tuntumaan tuoreelta ja nuorelta. Maitokylvyll\u00e4 on my\u00f6s ravitseva ja kosteuttava vaikutus kuivaan ihoon. Kylpy sis\u00e4lt\u00e4\u00e4 runsaasti vitamiineja, erityisesti E-vitamiinia ja sinkki\u00e4, jotka hidastavat vanhenemisprosessia ja tekev\u00e4t ihosta elastisemman. Kylpyyn sis\u00e4ltyv\u00e4ll\u00e4 laventelilla on rauhoittava vaikutus, lis\u00e4tty vaniljauute tasapainottaa mielt\u00e4 ja lis\u00e4\u00e4 seksuaalisuutta, ja hunajalla on todella hy\u00f6dyllinen terveytt\u00e4 vahvistava ja aktiivista el\u00e4m\u00e4\u00e4 pident\u00e4v\u00e4 vaikutus. Kylvyn j\u00e4lkeen iho on kuin uudestisyntynyt!<\/p>\n<h3>Magnesium-kotikaljakylpy<br \/>\n30 min 38 \u20ac, 48 \u20ac kahdelle<\/h3>\n<p>Magnesium on yksi t\u00e4rkeimmist\u00e4 mineraaleista, jota organismimme tarvitsee toimiakseen normaalisti. Keho saa magnesiumia erityisen hyvin l\u00e4mpim\u00e4ss\u00e4 kylpyvedess\u00e4 ihon l\u00e4pi. Magnesiumkylpy sopii hyvin magnesiumin puutteen ehk\u00e4isemiseksi ja lievitt\u00e4miseksi. Kotikaljalla on humalan vuoksi paljon hyvi\u00e4 ja terveellisi\u00e4 ominaisuuksia, jotka ovat hy\u00f6dyllisi\u00e4 iholle, nivelille ja hermostolle. Humala sis\u00e4lt\u00e4\u00e4 B6-ryhm\u00e4n vitamiineja, joten sill\u00e4 on vahvasti rauhoittava vaikutus. Magnesiumia ja kotikaljaa sis\u00e4lt\u00e4v\u00e4 kylpy lievitt\u00e4\u00e4 j\u00e4nnityksi\u00e4, virkist\u00e4\u00e4 ja antaa uutta energiaa. Kylvyn j\u00e4lkeen, kun vartalo on voideltu rauhoittavalla ja kosteuttavalla kotikaljavoiteella, j\u00e4\u00e4 iho eritt\u00e4in pehme\u00e4ksi ja tunne mukavaksi.<\/p>\n<h3>Hamppukylpy ja vartalohoito<br \/>\n50 min 57 \u20ac<\/h3>\n<p>Hamppu on yksi vanhimmista kasveista, jota on vuosisatoja kasvatettu sen kest\u00e4v\u00e4n kuidun ja \u00f6ljyisten siementen saamiseksi. Hampun ulkoisella k\u00e4yt\u00f6ll\u00e4 on ik\u00e4\u00e4ntymist\u00e4 est\u00e4v\u00e4 vaikutus. Hoito sopii hampun siemeniss\u00e4 olevien vitamiinien ja \u00f6ljyjen vuoksi hyvin ihon kosteutukseen ja on omega3 -rasvahappojen vuoksi eritt\u00e4in tehokas luonnollinen rasvanpolttaja. Lievitt\u00e4\u00e4 my\u00f6s urheilun seurauksena syntyneit\u00e4 lihaskipuja.<\/p>\n<p>Hamppua ja merisuolaa sis\u00e4lt\u00e4v\u00e4 kylpy pehment\u00e4\u00e4 vartaloa, hamppukuorinta poistaa kuolleita ihosoluja, vartalok\u00e4\u00e4re ravitsee ja antaa iholle voimaa ja parantaa aineenvaihduntaa. T\u00e4ydellinen hoito p\u00e4\u00e4ttyy rentouttavaan hierontaan.<\/p>\n<h3>Hevoskastanja- ja chili-selluliittihoito vartalolle<br \/>\n60 min 65 \u20ac<\/h3>\n<p>Eritt\u00e4in tehokas hoito, joka kohdistuu vartalon ongelma-alueisiin, on tarkoitettu tueksi painonpudotukseen ja\u00a0<em>detox<\/em>-kuurin aikana.<\/p>\n<p>Hoito alkaa vedenalaisella hieronnalla. Tehokas hieronta vilkastuttaa verenkiertoa ja kudosten aineenvaihduntaa ja poistaa elimist\u00f6st\u00e4 nesteit\u00e4 ja myrkkyj\u00e4. Se my\u00f6s rentouttaa, rauhoittaa mielt\u00e4 ja v\u00e4hent\u00e4\u00e4 j\u00e4nnityst\u00e4.<br \/>\nKylvyn esik\u00e4sittelem\u00e4lle iholle levitet\u00e4\u00e4n selluliittia v\u00e4hent\u00e4v\u00e4 muotoileva naamio, joka sis\u00e4lt\u00e4\u00e4 runsaasti monia hy\u00f6dyllisi\u00e4 aineita. L-karnitiinia, jota k\u00e4ytet\u00e4\u00e4n painonpudotukseen ja ylim\u00e4\u00e4r\u00e4isen nesteen poistamiseen elimist\u00f6st\u00e4. Hevoskastanjaa, joka hajottaa rasvaa ja tekee ihosta kauniin ja kimmoisan. Pippuria, lehtivihre\u00e4\u00e4 ja vitamiineja, jotka stimuloivat veren virtausta kudoksissa, vahvistavat ihoa ja toimivat erinomaisina antioksidantteina. Ongelma\u00ad\u2011alueille levitett\u00e4v\u00e4n naamion vaikutukset tuntuvat nopeasti \u2013 iho tuntuu miellytt\u00e4v\u00e4n l\u00e4mpim\u00e4lt\u00e4 ja kihelm\u00f6iv\u00e4lt\u00e4.<\/p>\n<p>Erityist\u00e4 hoitokokemusta t\u00e4ydent\u00e4\u00e4 kasvohieronta, joka saa arjen huolet ja ajatukset unohtumaan. Rentouttavan vaikutuksen lis\u00e4ksi iho tuntuu elpyneelt\u00e4 ja nuoremmalta.<\/p>\n<p>Naamion j\u00e4lkeen ongelma\u00ad\u2011alueille tehd\u00e4\u00e4n elvytt\u00e4v\u00e4 hieronta. Naamio imeytyy ihoon ja vaikuttaa jopa 4 tuntia k\u00e4sittelyn j\u00e4lkeen. Jotta hoidosta saisi suurimman hy\u00f6dyn, sen j\u00e4lkeen ei kannata kiirehti\u00e4 suihkuun!<a id=\"#eesti\"><\/a><\/p>\n<h3>Mutahieronta ja -k\u00e4\u00e4re<br \/>\n60 min 67 \u20ac<\/h3>\n<p>Hoitavalla mutahieronnalla ja sen j\u00e4lkeen teht\u00e4v\u00e4ll\u00e4 mutak\u00e4\u00e4reell\u00e4 on hyvin tehokas yhteisvaikutus. Muta kosteuttaa ja uudistaa ihoa tehokkaasti, edist\u00e4\u00e4 painonlaskua ja kasvattaa ihon kimmoisuutta. Mutak\u00e4\u00e4re lievent\u00e4\u00e4 tehokkaasti my\u00f6s lihas-, luusto- sek\u00e4 nivelongelmia ja auttaa hermojuuritulehdukseen.<\/p>\n<p>Hoito alkaa rentouttavalla koko vartalon mutahieronnalla. L\u00e4mmin ja pehme\u00e4 muta rentouttaa lihasj\u00e4nnityksi\u00e4 ja samalla my\u00f6s kuorii ihoa. Hieronta valmistaa ihoa, jotta maskin vaikutusaineet tehoavat paremmin. Muta auttaa lievent\u00e4m\u00e4\u00e4n iho-ongelmia ja j\u00e4tt\u00e4\u00e4 sile\u00e4n ja nuorekkaan tuntuman. K\u00e4inanlahdelta hankittu hiidenmaalainen muta on Viron hoitomudista laadukkainta: se on puhtainta, siin\u00e4 on eniten mineraaleja ja se on kaikkein em\u00e4ksisint\u00e4.\u00a0Iho tuntuu hoidon j\u00e4lkeen silkinpehme\u00e4lt\u00e4.<\/p>\n<h3>Rentouttava ja puhdistavan vihre\u00e4 tee -hoito<br \/>\n45 min 55 \u20ac<\/h3>\n<p>Vihre\u00e4 tee -hieronta auttaa kehoa vapautumaan kuona-aineista, vie aistit harmoniseen rauhantilaan ja lievitt\u00e4\u00e4 stressi\u00e4 ja henkist\u00e4 uupumusta.<\/p>\n<p>Hoidossa k\u00e4ytet\u00e4\u00e4n luonnollista vihre\u00e4tee\u00f6ljy\u00e4, joka sopii kaikille ihotyypeille. Vihre\u00e4 tee sis\u00e4lt\u00e4\u00e4 runsaasti antioksidantteja sek\u00e4 aineenvaihduntaa nopeuttavia ja rasvanpolttoa edist\u00e4vi\u00e4 yhdisteit\u00e4. Tuloksena on kiinte\u00e4mpi, hyvin ravittu ja sile\u00e4 iho. Vihre\u00e4ll\u00e4 teell\u00e4 on my\u00f6s uudistava ja tulehdusta ehk\u00e4isev\u00e4 vaikutus.<\/p>\n<p>Hoitovaiheet:<\/p>\n<ul>\n<li>Lihasj\u00e4nnityst\u00e4 vapauttava aloitus \u2013 hieroja l\u00e4mmitt\u00e4\u00e4 lihaksia ja v\u00e4hent\u00e4\u00e4 j\u00e4nnityst\u00e4 pyyhkeen l\u00e4pi teht\u00e4vill\u00e4 painalluksilla.<\/li>\n<li>Rentouttava hieronta \u2013 koko vartalolle levitet\u00e4\u00e4n vaiheittain vihre\u00e4tee\u00f6ljy\u00e4 py\u00f6rivin ja liukuvin hierontaottein. Hieroja keskittyy erityisesti niska- ja hartiaseutuun, johon j\u00e4nnitys ja stressi useimmiten pakkautuvat.<\/li>\n<li>Ihoa puhdistava kuorinta \u2013 hell\u00e4varainen kuorinta k\u00e4sineell\u00e4 poistaa kuolleet ihosolut, puhdistaa huokoset, stimuloi verenkiertoa ja aktivoi aineenvaihduntaa.<\/li>\n<li>Hoidon p\u00e4\u00e4t\u00f6s \u2013 pehmein ja rentouttavin liikkein teht\u00e4v\u00e4 kevyt hieronta dekolteelle ja kasvoille, jotta hoito p\u00e4\u00e4ttyisi t\u00e4ydelliseen hyv\u00e4n olon tunteeseen.<\/li>\n<\/ul>\n<p>Hoidon j\u00e4lkeen varaa hetki itsellesi ja nauti rentouttavaa yrttiteet\u00e4 oleskelutilassa.<\/p>\n<h3>Yrttikylpy ja t\u00e4ydellinen vartalohoito<br \/>\n90 minuuttia 89\u20ac<\/h3>\n<p>Hoito alkaa kehon tervehdyksell\u00e4 ja jalkojen kuorinnalla \u2013 ikivanha tapa osoittaa kiitollisuutta jaloille, jotka kantavat meit\u00e4 joka p\u00e4iv\u00e4. T\u00e4m\u00e4 luo rauhallisen tunnelman ja valmistaa kehon syv\u00e4\u00e4n rentoutumiseen.<\/p>\n<p>Seuraavaksi tehd\u00e4\u00e4n klassinen kokovartalohieronta, joka lievitt\u00e4\u00e4 v\u00e4symyst\u00e4 ja lihasj\u00e4nnityksi\u00e4, parantaa verenkiertoa ja imunesteen kiertoa sek\u00e4 palauttaa keveyden ja tasapainon tunteen. Hieronnan j\u00e4lkeen tehd\u00e4\u00e4n hell\u00e4varainen ruusukuorinta, joka puhdistaa ja virkist\u00e4\u00e4 ihon j\u00e4tt\u00e4en sen silkkisen pehme\u00e4ksi. Sen j\u00e4lkeen odottaa l\u00e4mmin yrttikylpy \u2013 kymmenen rauhallista minuuttia yrttien tuoksujen ja linnunlaulun keskell\u00e4, jolloin keho ja mieli saavat lev\u00e4t\u00e4 t\u00e4ysin.<\/p>\n<p>Hoito p\u00e4\u00e4ttyy rauhoittavaan ruusuvartalobalsamiin, joka ravitsee ja kosteuttaa ihoa ja j\u00e4tt\u00e4\u00e4 kehoon keveyden ja sis\u00e4isen rauhan tunteen.<\/p>\n<hr \/>\n<p><strong>Yhteystiedot<\/strong>: e-mail\u00a0<a href=\"mailto:resort.spa@spaestonia.ee\">resort.spa@spaestonia.ee<\/a>, puh +372 440 1013<\/p>\n","protected":false},"excerpt":{"rendered":"<p>AIDOT VIROLAISET VARTALOHOIDOT Virolainen voimapuu\u00a0vartalohoito 90 min 83 \u20ac Voimaa antavan\u00a0vartalohoidon aikana asiakas p\u00e4\u00e4see nauttimaan&hellip;<\/p>\n","protected":false},"author":6,"featured_media":0,"parent":2233,"menu_order":0,"comment_status":"closed","ping_status":"open","template":"page-nobron_page.php","meta":{"footnotes":""},"class_list":["post-2234","page","type-page","status-publish","hentry"],"yoast_head":"<!-- This site is optimized with the Yoast SEO plugin v26.7 - https:\/\/yoast.com\/wordpress\/plugins\/seo\/ -->\n<title>Vartalohoidot - ESTONIA Resort Hotel Spa<\/title>\n<meta name=\"robots\" content=\"index, follow, max-snippet:-1, max-image-preview:large, max-video-preview:-1\" \/>\n<link rel=\"canonical\" href=\"https:\/\/spaestonia.ee\/resort\/fi\/kylpylahoidot\/vartalohoidot\/\" \/>\n<meta property=\"og:locale\" content=\"fi_FI\" \/>\n<meta property=\"og:type\" content=\"article\" \/>\n<meta property=\"og:title\" content=\"Vartalohoidot - ESTONIA Resort Hotel Spa\" \/>\n<meta property=\"og:description\" content=\"AIDOT VIROLAISET VARTALOHOIDOT Virolainen voimapuu\u00a0vartalohoito 90 min 83 \u20ac Voimaa antavan\u00a0vartalohoidon aikana asiakas p\u00e4\u00e4see nauttimaan&hellip;\" \/>\n<meta property=\"og:url\" content=\"https:\/\/spaestonia.ee\/resort\/fi\/kylpylahoidot\/vartalohoidot\/\" \/>\n<meta property=\"og:site_name\" content=\"ESTONIA Resort Hotel Spa\" \/>\n<meta property=\"article:publisher\" content=\"https:\/\/www.facebook.com\/EstoniaResortHotel\" \/>\n<meta property=\"article:modified_time\" content=\"2025-10-22T12:53:11+00:00\" \/>\n<meta name=\"twitter:card\" content=\"summary_large_image\" \/>\n<meta name=\"twitter:label1\" content=\"Arvioitu lukuaika\" \/>\n\t<meta name=\"twitter:data1\" content=\"7 minuuttia\" \/>\n<script type=\"application\/ld+json\" class=\"yoast-schema-graph\">{\"@context\":\"https:\/\/schema.org\",\"@graph\":[{\"@type\":\"WebPage\",\"@id\":\"https:\/\/spaestonia.ee\/resort\/fi\/kylpylahoidot\/vartalohoidot\/\",\"url\":\"https:\/\/spaestonia.ee\/resort\/fi\/kylpylahoidot\/vartalohoidot\/\",\"name\":\"Vartalohoidot - ESTONIA Resort Hotel Spa\",\"isPartOf\":{\"@id\":\"https:\/\/www.spaestonia.ee\/resort\/fi\/#website\"},\"datePublished\":\"2015-05-30T12:19:13+00:00\",\"dateModified\":\"2025-10-22T12:53:11+00:00\",\"breadcrumb\":{\"@id\":\"https:\/\/spaestonia.ee\/resort\/fi\/kylpylahoidot\/vartalohoidot\/#breadcrumb\"},\"inLanguage\":\"fi\",\"potentialAction\":[{\"@type\":\"ReadAction\",\"target\":[\"https:\/\/spaestonia.ee\/resort\/fi\/kylpylahoidot\/vartalohoidot\/\"]}]},{\"@type\":\"BreadcrumbList\",\"@id\":\"https:\/\/spaestonia.ee\/resort\/fi\/kylpylahoidot\/vartalohoidot\/#breadcrumb\",\"itemListElement\":[{\"@type\":\"ListItem\",\"position\":1,\"name\":\"Home\",\"item\":\"https:\/\/www.spaestonia.ee\/resort\/fi\/\"},{\"@type\":\"ListItem\",\"position\":2,\"name\":\"Kylpyl\u00e4hoidot\",\"item\":\"https:\/\/spaestonia.ee\/resort\/fi\/kylpylahoidot\/\"},{\"@type\":\"ListItem\",\"position\":3,\"name\":\"Vartalohoidot\"}]},{\"@type\":\"WebSite\",\"@id\":\"https:\/\/www.spaestonia.ee\/resort\/fi\/#website\",\"url\":\"https:\/\/www.spaestonia.ee\/resort\/fi\/\",\"name\":\"ESTONIA Resort Hotel Spa\",\"description\":\"E-WoW\",\"publisher\":{\"@id\":\"https:\/\/www.spaestonia.ee\/resort\/fi\/#organization\"},\"potentialAction\":[{\"@type\":\"SearchAction\",\"target\":{\"@type\":\"EntryPoint\",\"urlTemplate\":\"https:\/\/www.spaestonia.ee\/resort\/fi\/?s={search_term_string}\"},\"query-input\":{\"@type\":\"PropertyValueSpecification\",\"valueRequired\":true,\"valueName\":\"search_term_string\"}}],\"inLanguage\":\"fi\"},{\"@type\":\"Organization\",\"@id\":\"https:\/\/www.spaestonia.ee\/resort\/fi\/#organization\",\"name\":\"ESTONIA Resort Hotel Spa\",\"url\":\"https:\/\/www.spaestonia.ee\/resort\/fi\/\",\"logo\":{\"@type\":\"ImageObject\",\"inLanguage\":\"fi\",\"@id\":\"https:\/\/www.spaestonia.ee\/resort\/fi\/#\/schema\/logo\/image\/\",\"url\":\"https:\/\/www.spaestonia.ee\/resort\/wp-content\/uploads\/2025\/02\/resort-hotel-estonia.png\",\"contentUrl\":\"https:\/\/www.spaestonia.ee\/resort\/wp-content\/uploads\/2025\/02\/resort-hotel-estonia.png\",\"width\":400,\"height\":173,\"caption\":\"ESTONIA Resort Hotel Spa\"},\"image\":{\"@id\":\"https:\/\/www.spaestonia.ee\/resort\/fi\/#\/schema\/logo\/image\/\"},\"sameAs\":[\"https:\/\/www.facebook.com\/EstoniaResortHotel\"]}]}<\/script>\n<!-- \/ Yoast SEO plugin. -->","yoast_head_json":{"title":"Vartalohoidot - ESTONIA Resort Hotel Spa","robots":{"index":"index","follow":"follow","max-snippet":"max-snippet:-1","max-image-preview":"max-image-preview:large","max-video-preview":"max-video-preview:-1"},"canonical":"https:\/\/spaestonia.ee\/resort\/fi\/kylpylahoidot\/vartalohoidot\/","og_locale":"fi_FI","og_type":"article","og_title":"Vartalohoidot - ESTONIA Resort Hotel Spa","og_description":"AIDOT VIROLAISET VARTALOHOIDOT Virolainen voimapuu\u00a0vartalohoito 90 min 83 \u20ac Voimaa antavan\u00a0vartalohoidon aikana asiakas p\u00e4\u00e4see nauttimaan&hellip;","og_url":"https:\/\/spaestonia.ee\/resort\/fi\/kylpylahoidot\/vartalohoidot\/","og_site_name":"ESTONIA Resort Hotel Spa","article_publisher":"https:\/\/www.facebook.com\/EstoniaResortHotel","article_modified_time":"2025-10-22T12:53:11+00:00","twitter_card":"summary_large_image","twitter_misc":{"Arvioitu lukuaika":"7 minuuttia"},"schema":{"@context":"https:\/\/schema.org","@graph":[{"@type":"WebPage","@id":"https:\/\/spaestonia.ee\/resort\/fi\/kylpylahoidot\/vartalohoidot\/","url":"https:\/\/spaestonia.ee\/resort\/fi\/kylpylahoidot\/vartalohoidot\/","name":"Vartalohoidot - ESTONIA Resort Hotel Spa","isPartOf":{"@id":"https:\/\/www.spaestonia.ee\/resort\/fi\/#website"},"datePublished":"2015-05-30T12:19:13+00:00","dateModified":"2025-10-22T12:53:11+00:00","breadcrumb":{"@id":"https:\/\/spaestonia.ee\/resort\/fi\/kylpylahoidot\/vartalohoidot\/#breadcrumb"},"inLanguage":"fi","potentialAction":[{"@type":"ReadAction","target":["https:\/\/spaestonia.ee\/resort\/fi\/kylpylahoidot\/vartalohoidot\/"]}]},{"@type":"BreadcrumbList","@id":"https:\/\/spaestonia.ee\/resort\/fi\/kylpylahoidot\/vartalohoidot\/#breadcrumb","itemListElement":[{"@type":"ListItem","position":1,"name":"Home","item":"https:\/\/www.spaestonia.ee\/resort\/fi\/"},{"@type":"ListItem","position":2,"name":"Kylpyl\u00e4hoidot","item":"https:\/\/spaestonia.ee\/resort\/fi\/kylpylahoidot\/"},{"@type":"ListItem","position":3,"name":"Vartalohoidot"}]},{"@type":"WebSite","@id":"https:\/\/www.spaestonia.ee\/resort\/fi\/#website","url":"https:\/\/www.spaestonia.ee\/resort\/fi\/","name":"ESTONIA Resort Hotel Spa","description":"E-WoW","publisher":{"@id":"https:\/\/www.spaestonia.ee\/resort\/fi\/#organization"},"potentialAction":[{"@type":"SearchAction","target":{"@type":"EntryPoint","urlTemplate":"https:\/\/www.spaestonia.ee\/resort\/fi\/?s={search_term_string}"},"query-input":{"@type":"PropertyValueSpecification","valueRequired":true,"valueName":"search_term_string"}}],"inLanguage":"fi"},{"@type":"Organization","@id":"https:\/\/www.spaestonia.ee\/resort\/fi\/#organization","name":"ESTONIA Resort Hotel Spa","url":"https:\/\/www.spaestonia.ee\/resort\/fi\/","logo":{"@type":"ImageObject","inLanguage":"fi","@id":"https:\/\/www.spaestonia.ee\/resort\/fi\/#\/schema\/logo\/image\/","url":"https:\/\/www.spaestonia.ee\/resort\/wp-content\/uploads\/2025\/02\/resort-hotel-estonia.png","contentUrl":"https:\/\/www.spaestonia.ee\/resort\/wp-content\/uploads\/2025\/02\/resort-hotel-estonia.png","width":400,"height":173,"caption":"ESTONIA Resort Hotel Spa"},"image":{"@id":"https:\/\/www.spaestonia.ee\/resort\/fi\/#\/schema\/logo\/image\/"},"sameAs":["https:\/\/www.facebook.com\/EstoniaResortHotel"]}]}},"_links":{"self":[{"href":"https:\/\/spaestonia.ee\/resort\/fi\/wp-json\/wp\/v2\/pages\/2234","targetHints":{"allow":["GET"]}}],"collection":[{"href":"https:\/\/spaestonia.ee\/resort\/fi\/wp-json\/wp\/v2\/pages"}],"about":[{"href":"https:\/\/spaestonia.ee\/resort\/fi\/wp-json\/wp\/v2\/types\/page"}],"author":[{"embeddable":true,"href":"https:\/\/spaestonia.ee\/resort\/fi\/wp-json\/wp\/v2\/users\/6"}],"replies":[{"embeddable":true,"href":"https:\/\/spaestonia.ee\/resort\/fi\/wp-json\/wp\/v2\/comments?post=2234"}],"version-history":[{"count":44,"href":"https:\/\/spaestonia.ee\/resort\/fi\/wp-json\/wp\/v2\/pages\/2234\/revisions"}],"predecessor-version":[{"id":45520,"href":"https:\/\/spaestonia.ee\/resort\/fi\/wp-json\/wp\/v2\/pages\/2234\/revisions\/45520"}],"up":[{"embeddable":true,"href":"https:\/\/spaestonia.ee\/resort\/fi\/wp-json\/wp\/v2\/pages\/2233"}],"wp:attachment":[{"href":"https:\/\/spaestonia.ee\/resort\/fi\/wp-json\/wp\/v2\/media?parent=2234"}],"curies":[{"name":"wp","href":"https:\/\/api.w.org\/{rel}","templated":true}]}}