{"id":2238,"date":"2015-05-30T10:06:09","date_gmt":"2015-05-30T07:06:09","guid":{"rendered":"https:\/\/www.spaestonia.ee\/resort\/?page_id=2238"},"modified":"2025-07-29T11:17:10","modified_gmt":"2025-07-29T08:17:10","slug":"hieronnat","status":"publish","type":"page","link":"https:\/\/spaestonia.ee\/resort\/fi\/kylpylahoidot\/hieronnat\/","title":{"rendered":"Hieronnat"},"content":{"rendered":"<p>\u00bb <a href=\"#eesti\">Aidot virolaiset hieronnat<\/a><br \/>\n\u00bb <a href=\"#sundari\">It\u00e4maiset hieronnat<\/a><br \/>\n\u00bb <a href=\"#thai\">Thaihieronta<\/a><br \/>\n\u00bb <a href=\"#klassika\">Klassiset hieronnat<\/a>\u00a0<a id=\"eesti\"><\/a><\/p>\n<h2>AIDOT VIROLAISET HIERONNAT<\/h2>\n<h3><strong>Vahvistava rohtonyyttihieronta<\/strong><br \/>\n60 min 67 \u20ac<\/h3>\n<p>Voimaa antava kasvihieronta tehd\u00e4\u00e4n l\u00e4mmitetyill\u00e4 kasveilla ja muinaisilla virolaisilla hierontaotteilla. Virolaisista hoitokasveista koostuvat kasvipallot yhdess\u00e4 ravitsevien kasvi\u00f6ljyjen kanssa rentouttavat lihas- ja hermoj\u00e4nnityksi\u00e4, antavat aisteille ja tunteille voimaa. Hieronta elvytt\u00e4\u00e4 verenkiertoa, on eritt\u00e4in tehokas lihaksille, mutta silti mielt\u00e4 ja tunteita rauhoittava ja j\u00e4nnityksi\u00e4 vapauttava.<br \/>\nHieronta sopii vuodenajan mukaan valittujen kasvien vaikutuksista riippuen kivuliaille nivelille, vatsavaivoihin, flunssaan, haavaumiin, kramppeihin, hermostuneisuuteen, tulehduksiin, kipuihin, unettomuuteen tai iho-ongelmiin. Eritt\u00e4in hyv\u00e4 hoito &#8211; sopii erityisesti auringonoton j\u00e4lkeen.<\/p>\n<h3><strong>Hunajakennohieronta<\/strong><br \/>\n30 min 47 \u20ac<br \/>\n60 min 62 \u20ac<\/h3>\n<p>Hunajaa on laajalti k\u00e4ytetty ja korkeasti arvostettu jo 2500 vuotta. Virossa mehil\u00e4ishoito aloitettiin jo muinaisaikaan. Jo vanhat virolaiset tiesiv\u00e4t hunajan hy\u00f6dyllisist\u00e4 ominaisuuksista. T\u00e4t\u00e4 kultaista luonnonantia on sen ihoa pehment\u00e4v\u00e4n ominaisuuden lis\u00e4ksi k\u00e4ytetty my\u00f6s terveytt\u00e4 vahvistavana v\u00e4lineen\u00e4 ja aktiivisen el\u00e4m\u00e4n pident\u00e4j\u00e4n\u00e4.<br \/>\n30 min \u2013 vartalon osahieronta hunaja\u00f6ljyll\u00e4 ja -kennolla.<br \/>\n60 min \u2013 kokovartalohieronta hunaja\u00f6ljyll\u00e4 ja -kennolla.<\/p>\n<h3><strong>Rentouttava niskahieronta<\/strong><br \/>\n30 min 46 \u20ac<\/h3>\n<p>Rentouttava hartiahieronta on suorituskyvyn palauttava hoito hartiaseudulle, joka on eniten j\u00e4nnityksist\u00e4 k\u00e4rsiv\u00e4 alue.\u00a0Hoidon alussa hartiat l\u00e4mmitet\u00e4\u00e4n l\u00e4mp\u00f6tyynyll\u00e4 ja vapautetaan sen j\u00e4lkeen j\u00e4nnitteist\u00e4 hieronnalla. J\u00e4nnittyneet eli stressaantuneet hartiat aiheuttavat j\u00e4nnityksist\u00e4 syntyv\u00e4\u00e4 kipua, sormien tunnottomuutta, tenniskyyn\u00e4rp\u00e4\u00e4t\u00e4, p\u00e4\u00e4ns\u00e4rky\u00e4 jne. Kipu kertoo meille liiasta j\u00e4nnittyneisyydest\u00e4, lihasj\u00e4ykkyydest\u00e4, stressist\u00e4 ja antaa merkin, ett\u00e4 on aika ratkaista ongelma \u2026<\/p>\n<h3><strong>Hamppu\u00f6ljyhieronta<\/strong> \u2013 SUOSITTELEMME MIEHILLE!<br \/>\n60 min 63 \u20ac<\/h3>\n<p>Hamppu\u00f6ljyhieronta tarjoaa koko vartaloa rentouttavan hieronnan hamppu\u00f6ljyll\u00e4. Hamppu on yksi vanhimmista kasveista, jota on vuosisatoja kasvatettu sen kest\u00e4v\u00e4n kuidun ja \u00f6ljyisten siementen saamiseksi. Hampun ulkoisella k\u00e4yt\u00f6ll\u00e4 on ik\u00e4\u00e4ntymist\u00e4 est\u00e4v\u00e4 vaikutus. Hoito sopii hampun siemeniss\u00e4 olevien vitamiinien ja \u00f6ljyjen vuoksi hyvin ihon kosteutukseen ja on omega3 -rasvahappojen vuoksi eritt\u00e4in tehokas luonnollinen rasvanpolttaja. Lievitt\u00e4\u00e4 urheilun seurauksena syntyneit\u00e4 lihasj\u00e4nnitteit\u00e4.<a id=\"sundari\"><\/a><\/p>\n<h3><strong>Mutahieronta ja -k\u00e4\u00e4re<\/strong><br \/>\n60 min 67 \u20ac<\/h3>\n<p>Hoitavalla mutahieronnalla ja sen j\u00e4lkeen teht\u00e4v\u00e4ll\u00e4 mutak\u00e4\u00e4reell\u00e4 on hyvin tehokas yhteisvaikutus. Muta kosteuttaa ja uudistaa ihoa tehokkaasti, edist\u00e4\u00e4 painonlaskua ja kasvattaa ihon kimmoisuutta. Mutak\u00e4\u00e4re lievent\u00e4\u00e4 tehokkaasti my\u00f6s lihas-, luusto- sek\u00e4 nivelongelmia ja auttaa hermojuuritulehdukseen.<\/p>\n<p>Hoito alkaa rentouttavalla koko vartalon mutahieronnalla. L\u00e4mmin ja pehme\u00e4 muta rentouttaa lihasj\u00e4nnityksi\u00e4 ja samalla my\u00f6s kuorii ihoa. Hieronta valmistaa ihoa, jotta maskin vaikutusaineet tehoavat paremmin. Muta auttaa lievent\u00e4m\u00e4\u00e4n iho-ongelmia ja j\u00e4tt\u00e4\u00e4 sile\u00e4n ja nuorekkaan tuntuman. K\u00e4inanlahdelta hankittu hiidenmaalainen muta on Viron hoitomudista laadukkainta: se on puhtainta, siin\u00e4 on eniten mineraaleja ja se on kaikkein em\u00e4ksisint\u00e4.\u00a0Iho tuntuu hoidon j\u00e4lkeen silkinpehme\u00e4lt\u00e4.<\/p>\n<h2>IT\u00c4MAISET HIERONNAT<\/h2>\n<h3><strong>Abhyanga hieronta<\/strong><br \/>\n60 min 67 \u20ac<\/h3>\n<p>Abhyanga (kirjaimellisesti: \u201c\u00f6ljyhieronta\u201d) -hieronta on erityinen, syv\u00e4sti rentouttava pistehieronta. Rytmik\u00e4s hieronta aktivoi seisovaa energiaa ja l\u00e4mmint\u00e4 \u00f6ljy\u00e4 k\u00e4ytt\u00e4m\u00e4ll\u00e4 energian liikkuminen palautetaan.<a id=\"#thai\"><\/a><\/p>\n<h2>THAIHIERONTA<\/h2>\n<p>Thaimaalainen kansanparannus perustuu tuhansia vuosia vanhoihin perinteisiin, joihin liittyv\u00e4\u00e4 tietoa v\u00e4litet\u00e4\u00e4n sukupolvelta toiselle. Todellista thaimaalaista hierontataidetta voi kokea vain sellaisen hierojan\/hoitajan k\u00e4sittelyss\u00e4, jolla on oikeanlainen kulttuurinen ja uskonnollinen tausta. ESTONIA Resort Hotel &amp; Spassa t\u00e4t\u00e4 palvelua tarjotaan yhteisty\u00f6ss\u00e4 kokeneiden ja ammattimaisten thaihierojien kanssa.<\/p>\n<p>Thai-hieronta on l\u00e4\u00e4kkeet\u00f6n, luonnollinen ja turvallinen menetelm\u00e4 elimist\u00f6n terveyden kohentamiseen. Suosittelemme hierontaa paljon istuville ja v\u00e4h\u00e4n liikkuville. Syv\u00e4 rentoutuminen ja kireyksien v\u00e4heneminen hieronnan aikana auttaa\u00a0hetkeksi unohtamaan huolet. Mukavat tunteet t\u00e4ytt\u00e4v\u00e4t mielen, ajatukset kirkastuvat ja aivot t\u00e4yttyv\u00e4t uusista ideoista. Thaihieronta on ihanteellinen stressin purkamiseen, masentuneisuuden ja jatkuvan v\u00e4symyksen lievitt\u00e4miseen, toimintakyvyn lis\u00e4\u00e4miseen ja ajatuksenkulun nopeuttamiseen. Lis\u00e4ksi se parantaa aineenvaihduntaa ja vastustuskyky\u00e4 ja poistaa kuona-aineita.<\/p>\n<h3><strong>Thaihieronta<\/strong><br \/>\n60 min 65 \u20ac<br \/>\n90 min 80 \u20ac<br \/>\n120 min 95 \u20ac<\/h3>\n<p>Todellisen thaihierontataiteen voi kokea vain, jos sit\u00e4 tekee hieroja-terapeutti, jolla on oikea kulttuurinen ja uskonnollinen tausta ja koulutus. Hieronnalla on parantava ja palauttava vaikutus kaikkiin ihmiselimist\u00f6n j\u00e4rjestelmiin ja se tasapainottaa ne. Hierojamestari hieroo huolellisesti jokaista lihasta aina varpaista p\u00e4\u00e4lakeen.<br \/>\nPerinteinen thaihieronta voi olla vain rentouttavaa, mutta sill\u00e4 voi olla my\u00f6s eritt\u00e4in parantava vaikutus. Sopii hyvin urheiluvammojen kuntoutukseen, lihasj\u00e4nnitteiden lievitt\u00e4miseen, auttaa aktivoimaan verenkiertoa ja aineenvaihduntaa, parantaa nivelten liikkuvuutta ja vaikuttaa palauttavasti koko elimist\u00f6lle.<br \/>\nHieronta tapahtuu erityisell\u00e4 hierontamatolla ja asiakkaalla on yll\u00e4\u00e4n mukavat, ohuet urheiluvaatteet.<\/p>\n<h3><strong>Thaimaalainen \u00f6ljyhieronta<br \/>\n<\/strong>60 min 65 \u20ac<br \/>\n90 min 80 \u20ac<br \/>\n120 min 95 \u20ac<\/h3>\n<p>Thaihieronnassa \u00f6ljyll\u00e4 k\u00e4ytet\u00e4\u00e4n useita hyvinvointia ja kyll\u00e4isyyden tunnetta aiheuttavia otteita. Hierontaan k\u00e4ytet\u00e4\u00e4n neutraalia perus\u00f6ljy\u00e4. Hieronnan avulla verenkierto paranee, lihasj\u00e4nnitteet v\u00e4henev\u00e4t, aineenvaihdunta paranee huomattavasti, ihon kimmoisuus suurenee ja mik\u00e4 t\u00e4rkeint\u00e4 \u2013 hermosto vahvistuu ja stressi v\u00e4henee.<br \/>\nHieronta tehd\u00e4\u00e4n hierontap\u00f6yd\u00e4ll\u00e4 ja asiakas on hieronnan ajan peitetty pyyhkeell\u00e4, paljaana on vain hierottava kehon osa.<\/p>\n<h3><strong>Thaimaalainen jalkahieronta<\/strong><br \/>\n60 min 59 \u20ac<\/h3>\n<p>Suosituin ja eniten k\u00e4ytetty luonnollisen thaihoidon muoto. Hierontaan kuuluu jalan vy\u00f6hyketerapia-alueet, thailinjat ja jalan erilaiset terapeuttiset k\u00e4sittelytavat sek\u00e4 k\u00e4sin ett\u00e4 hierontakepill\u00e4. Jalkapohjassa olevien pisteiden kautta arvioidaan ja hoidetaan elimist\u00f6\u00e4 ja yksitt\u00e4isten elinten tilaa. Jalkapohjahieronnan tavoitteena on elimist\u00f6n funktionaalinen palautus, h\u00e4iri\u00f6iden poistaminen ja kaikkien j\u00e4rjestelmien tasapainottaminen. Hoidolla on hyvin rentouttava vaikutus ja se vaikuttaa terapeuttisesti koko kehoon \u2013 sill\u00e4 on hyv\u00e4 vaikutus hermostoon ja se auttaa unih\u00e4iri\u00f6iss\u00e4.<\/p>\n<h3><strong>Thaimaalainen p\u00e4\u00e4- ja hartiahieronta<\/strong><br \/>\n30 min 45 \u20ac<\/h3>\n<p>P\u00e4\u00e4n thaihieronta sai alkunsa intialaisten, kiinalaisten, singaporelaisten ja turkkilaisten partureiden ja parranajajien tarjoamasta palvelun p\u00e4\u00e4tt\u00e4v\u00e4st\u00e4 p\u00e4\u00e4nahan ja hiusten hieronnasta.\u00a0 Nyky\u00e4\u00e4n t\u00e4t\u00e4 hierontaa tehd\u00e4\u00e4n erillisen\u00e4 hoitona, jossa k\u00e4ytet\u00e4\u00e4n hierontaa, kiert\u00e4mist\u00e4, hankausta, p\u00e4\u00e4nahan liikuttamista kallosta poisp\u00e4in vet\u00e4m\u00e4ll\u00e4 hiuss\u00e4ikeist\u00e4 ja hiusten sormeilua, jolla parannetaan p\u00e4\u00e4nahan ja hiusten ravitsemusta ja ulkon\u00e4k\u00f6\u00e4. Hierotaan my\u00f6s kaulaa ja hartioita. P\u00e4\u00e4nahan ja hiusten ravitsemuksen parantamisen lis\u00e4ksi, p\u00e4\u00e4n thaihieronta vapauttaa kaulan ja hartioiden j\u00e4nnitteist\u00e4 ja rentouttaa syv\u00e4sti.<\/p>\n<h2>KLASSISET HIERONNAT<\/h2>\n<h3><strong>Klassinen hieronta<\/strong><br \/>\n30 min 42 \u20ac<br \/>\n60 min 52 \u20ac<\/h3>\n<p>Klassisen hieronnan tavoitteena on vaikuttaa lihaksistoon, verenkiertoon ja lymfakiertoon terapeuttisesti. Hieronnan ansiosta j\u00e4yk\u00e4t lihakset rentoutuvat ja muuttuvat taas pehmeiksi. Hieronta on erinomainen tapa poistaa v\u00e4symyst\u00e4, palauttaa organismin aineenvaihduntaprosesseja, parantaa lihaskiinteytt\u00e4, muuttaa iho kiinte\u00e4ksi ja kimmoisaksi, antaa keveyden tunne, polttaa rasvaa, vaikuttaa positiivisesti niveliin, hengitysj\u00e4rjestelm\u00e4\u00e4n ja hermostoon.<br \/>\n30 min \u2013 osahieronta yhdelle ongelma-alueelle<br \/>\n60 min \u2013 klassinen yleishieronta koko vartalolle<\/p>\n<h3><strong>Hunajahieronta<\/strong><br \/>\n60 min 65 \u20ac<\/h3>\n<p>Jo vanhat virolaiset ovat k\u00e4ytt\u00e4neet hunajaa sidosaineena, jonka avulla organismista on poistettu saastunutta energiaa. Hunaja sitoo myrkkyj\u00e4 ja nopeuttaa niiden poistumista organismista. Hunajan hoito-ominaisuuksien ja hieronnan ihmeellinen yhteisty\u00f6 parantaa verenkiertoa syv\u00e4ll\u00e4 ihokerroksissa ja lihaksissa, parantaa sis\u00e4elinten ja kudosten ravitsemusta, est\u00e4\u00e4 tehokkaasti selluliittia, suurentaa lymfakiertoa ja puhdistaa ihoa. Hunajahieronnan j\u00e4lkeen muutut terveemm\u00e4ksi ja nuoremmaksi! Ihosta tulee silkkinen, kiinte\u00e4 ja sile\u00e4.<br \/>\n60 min \u2013 klassinen hunajahieronta koko vartalolle.<\/p>\n<h3><strong>Golfhieronta<\/strong><br \/>\n45 min 55 \u20ac<\/h3>\n<p>Golfhieronta on tarkoitettu erityisesti kaikille, jotka ovat k\u00e4velleet tuntikausia (nurmikolla) ja saaneet hartiat ja sel\u00e4n jumiin t\u00e4ydellist\u00e4 ly\u00f6nti\u00e4 t\u00e4hd\u00e4tess\u00e4\u00e4n\u2026<br \/>\nGolfhieronta on yhdistelm\u00e4 klassista hierontaa sek\u00e4 perinteist\u00e4 virolaista lihashierontaa: se sis\u00e4lt\u00e4\u00e4 muinaisvirolaiseen hierontaperinteeseen kuuluvia puristuksia ja venytyksi\u00e4 ja keskittyy erityisesti jalkoihin ja selk\u00e4\u00e4n. Lihasten syv\u00e4llisess\u00e4 k\u00e4sittelyss\u00e4 k\u00e4ytet\u00e4\u00e4n apuna l\u00e4mmitetty\u00e4 kaurapussia.<br \/>\nGolfhieronta on erinomainen hoito lihasj\u00e4ykkyyden ja -s\u00e4ryn lievitykseen.<\/p>\n<h3><strong>Turvehieronta<\/strong><br \/>\n50 min 57 \u20ac<\/h3>\n<p>Turvehierontamenetelmien teho perustuu l\u00e4mp\u00f6\u00f6n bioaktiivisten aineiden ja antiseptisten ominaisuuksien my\u00f6t\u00e4vaikutuksella. Turpeen tehoaineet ravitsevat ihoa ja aktivoivat verenkiertoa ja aineenvaihduntaa. Lis\u00e4ksi hiki poistaa kehosta kuona-aineita tehokkaasti.<br \/>\nTurvehieronnan aikana l\u00e4mmitetty turve siirret\u00e4\u00e4n sel\u00e4n p\u00e4\u00e4lle, selk\u00e4 peitet\u00e4\u00e4n muovipeitteell\u00e4 ja l\u00e4mpimill\u00e4 kaurapusseilla. L\u00e4mmitt\u00e4v\u00e4 turvepeite pidet\u00e4\u00e4n p\u00e4\u00e4ll\u00e4 20 minuuttia, mink\u00e4 aikana hierotaan k\u00e4si\u00e4 ja jalkoja.<br \/>\nPeite poistetaan hieromalla, mik\u00e4 rentouttaa lihaksia.<\/p>\n<hr \/>\n<p><strong>Yhteystiedot<\/strong>: e-mail\u00a0<a href=\"mailto:resort.spa@spaestonia.ee\">resort.spa@spaestonia.ee<\/a>, puh +372 440 1013<\/p>\n","protected":false},"excerpt":{"rendered":"<p>\u00bb Aidot virolaiset hieronnat \u00bb It\u00e4maiset hieronnat \u00bb Thaihieronta \u00bb Klassiset hieronnat\u00a0 AIDOT VIROLAISET HIERONNAT&hellip;<\/p>\n","protected":false},"author":6,"featured_media":0,"parent":2233,"menu_order":0,"comment_status":"closed","ping_status":"open","template":"page-nobron_page.php","meta":{"footnotes":""},"class_list":["post-2238","page","type-page","status-publish","hentry"],"yoast_head":"<!-- This site is optimized with the Yoast SEO plugin v26.7 - https:\/\/yoast.com\/wordpress\/plugins\/seo\/ -->\n<title>Hieronnat - ESTONIA Resort Hotel Spa<\/title>\n<meta name=\"robots\" content=\"index, follow, max-snippet:-1, max-image-preview:large, max-video-preview:-1\" \/>\n<link rel=\"canonical\" href=\"https:\/\/spaestonia.ee\/resort\/fi\/kylpylahoidot\/hieronnat\/\" \/>\n<meta property=\"og:locale\" content=\"fi_FI\" \/>\n<meta property=\"og:type\" content=\"article\" \/>\n<meta property=\"og:title\" content=\"Hieronnat - ESTONIA Resort Hotel Spa\" \/>\n<meta property=\"og:description\" content=\"\u00bb Aidot virolaiset hieronnat \u00bb It\u00e4maiset hieronnat \u00bb Thaihieronta \u00bb Klassiset hieronnat\u00a0 AIDOT VIROLAISET HIERONNAT&hellip;\" \/>\n<meta property=\"og:url\" content=\"https:\/\/spaestonia.ee\/resort\/fi\/kylpylahoidot\/hieronnat\/\" \/>\n<meta property=\"og:site_name\" content=\"ESTONIA Resort Hotel Spa\" \/>\n<meta property=\"article:publisher\" content=\"https:\/\/www.facebook.com\/EstoniaResortHotel\" \/>\n<meta property=\"article:modified_time\" content=\"2025-07-29T08:17:10+00:00\" \/>\n<meta name=\"twitter:card\" content=\"summary_large_image\" \/>\n<meta name=\"twitter:label1\" content=\"Arvioitu lukuaika\" \/>\n\t<meta name=\"twitter:data1\" content=\"6 minuuttia\" \/>\n<script type=\"application\/ld+json\" class=\"yoast-schema-graph\">{\"@context\":\"https:\/\/schema.org\",\"@graph\":[{\"@type\":\"WebPage\",\"@id\":\"https:\/\/spaestonia.ee\/resort\/fi\/kylpylahoidot\/hieronnat\/\",\"url\":\"https:\/\/spaestonia.ee\/resort\/fi\/kylpylahoidot\/hieronnat\/\",\"name\":\"Hieronnat - ESTONIA Resort Hotel Spa\",\"isPartOf\":{\"@id\":\"https:\/\/www.spaestonia.ee\/resort\/fi\/#website\"},\"datePublished\":\"2015-05-30T07:06:09+00:00\",\"dateModified\":\"2025-07-29T08:17:10+00:00\",\"breadcrumb\":{\"@id\":\"https:\/\/spaestonia.ee\/resort\/fi\/kylpylahoidot\/hieronnat\/#breadcrumb\"},\"inLanguage\":\"fi\",\"potentialAction\":[{\"@type\":\"ReadAction\",\"target\":[\"https:\/\/spaestonia.ee\/resort\/fi\/kylpylahoidot\/hieronnat\/\"]}]},{\"@type\":\"BreadcrumbList\",\"@id\":\"https:\/\/spaestonia.ee\/resort\/fi\/kylpylahoidot\/hieronnat\/#breadcrumb\",\"itemListElement\":[{\"@type\":\"ListItem\",\"position\":1,\"name\":\"Home\",\"item\":\"https:\/\/www.spaestonia.ee\/resort\/fi\/\"},{\"@type\":\"ListItem\",\"position\":2,\"name\":\"Kylpyl\u00e4hoidot\",\"item\":\"https:\/\/spaestonia.ee\/resort\/fi\/kylpylahoidot\/\"},{\"@type\":\"ListItem\",\"position\":3,\"name\":\"Hieronnat\"}]},{\"@type\":\"WebSite\",\"@id\":\"https:\/\/www.spaestonia.ee\/resort\/fi\/#website\",\"url\":\"https:\/\/www.spaestonia.ee\/resort\/fi\/\",\"name\":\"ESTONIA Resort Hotel Spa\",\"description\":\"E-WoW\",\"publisher\":{\"@id\":\"https:\/\/www.spaestonia.ee\/resort\/fi\/#organization\"},\"potentialAction\":[{\"@type\":\"SearchAction\",\"target\":{\"@type\":\"EntryPoint\",\"urlTemplate\":\"https:\/\/www.spaestonia.ee\/resort\/fi\/?s={search_term_string}\"},\"query-input\":{\"@type\":\"PropertyValueSpecification\",\"valueRequired\":true,\"valueName\":\"search_term_string\"}}],\"inLanguage\":\"fi\"},{\"@type\":\"Organization\",\"@id\":\"https:\/\/www.spaestonia.ee\/resort\/fi\/#organization\",\"name\":\"ESTONIA Resort Hotel Spa\",\"url\":\"https:\/\/www.spaestonia.ee\/resort\/fi\/\",\"logo\":{\"@type\":\"ImageObject\",\"inLanguage\":\"fi\",\"@id\":\"https:\/\/www.spaestonia.ee\/resort\/fi\/#\/schema\/logo\/image\/\",\"url\":\"https:\/\/www.spaestonia.ee\/resort\/wp-content\/uploads\/2025\/02\/resort-hotel-estonia.png\",\"contentUrl\":\"https:\/\/www.spaestonia.ee\/resort\/wp-content\/uploads\/2025\/02\/resort-hotel-estonia.png\",\"width\":400,\"height\":173,\"caption\":\"ESTONIA Resort Hotel Spa\"},\"image\":{\"@id\":\"https:\/\/www.spaestonia.ee\/resort\/fi\/#\/schema\/logo\/image\/\"},\"sameAs\":[\"https:\/\/www.facebook.com\/EstoniaResortHotel\"]}]}<\/script>\n<!-- \/ Yoast SEO plugin. -->","yoast_head_json":{"title":"Hieronnat - ESTONIA Resort Hotel Spa","robots":{"index":"index","follow":"follow","max-snippet":"max-snippet:-1","max-image-preview":"max-image-preview:large","max-video-preview":"max-video-preview:-1"},"canonical":"https:\/\/spaestonia.ee\/resort\/fi\/kylpylahoidot\/hieronnat\/","og_locale":"fi_FI","og_type":"article","og_title":"Hieronnat - ESTONIA Resort Hotel Spa","og_description":"\u00bb Aidot virolaiset hieronnat \u00bb It\u00e4maiset hieronnat \u00bb Thaihieronta \u00bb Klassiset hieronnat\u00a0 AIDOT VIROLAISET HIERONNAT&hellip;","og_url":"https:\/\/spaestonia.ee\/resort\/fi\/kylpylahoidot\/hieronnat\/","og_site_name":"ESTONIA Resort Hotel Spa","article_publisher":"https:\/\/www.facebook.com\/EstoniaResortHotel","article_modified_time":"2025-07-29T08:17:10+00:00","twitter_card":"summary_large_image","twitter_misc":{"Arvioitu lukuaika":"6 minuuttia"},"schema":{"@context":"https:\/\/schema.org","@graph":[{"@type":"WebPage","@id":"https:\/\/spaestonia.ee\/resort\/fi\/kylpylahoidot\/hieronnat\/","url":"https:\/\/spaestonia.ee\/resort\/fi\/kylpylahoidot\/hieronnat\/","name":"Hieronnat - ESTONIA Resort Hotel Spa","isPartOf":{"@id":"https:\/\/www.spaestonia.ee\/resort\/fi\/#website"},"datePublished":"2015-05-30T07:06:09+00:00","dateModified":"2025-07-29T08:17:10+00:00","breadcrumb":{"@id":"https:\/\/spaestonia.ee\/resort\/fi\/kylpylahoidot\/hieronnat\/#breadcrumb"},"inLanguage":"fi","potentialAction":[{"@type":"ReadAction","target":["https:\/\/spaestonia.ee\/resort\/fi\/kylpylahoidot\/hieronnat\/"]}]},{"@type":"BreadcrumbList","@id":"https:\/\/spaestonia.ee\/resort\/fi\/kylpylahoidot\/hieronnat\/#breadcrumb","itemListElement":[{"@type":"ListItem","position":1,"name":"Home","item":"https:\/\/www.spaestonia.ee\/resort\/fi\/"},{"@type":"ListItem","position":2,"name":"Kylpyl\u00e4hoidot","item":"https:\/\/spaestonia.ee\/resort\/fi\/kylpylahoidot\/"},{"@type":"ListItem","position":3,"name":"Hieronnat"}]},{"@type":"WebSite","@id":"https:\/\/www.spaestonia.ee\/resort\/fi\/#website","url":"https:\/\/www.spaestonia.ee\/resort\/fi\/","name":"ESTONIA Resort Hotel Spa","description":"E-WoW","publisher":{"@id":"https:\/\/www.spaestonia.ee\/resort\/fi\/#organization"},"potentialAction":[{"@type":"SearchAction","target":{"@type":"EntryPoint","urlTemplate":"https:\/\/www.spaestonia.ee\/resort\/fi\/?s={search_term_string}"},"query-input":{"@type":"PropertyValueSpecification","valueRequired":true,"valueName":"search_term_string"}}],"inLanguage":"fi"},{"@type":"Organization","@id":"https:\/\/www.spaestonia.ee\/resort\/fi\/#organization","name":"ESTONIA Resort Hotel Spa","url":"https:\/\/www.spaestonia.ee\/resort\/fi\/","logo":{"@type":"ImageObject","inLanguage":"fi","@id":"https:\/\/www.spaestonia.ee\/resort\/fi\/#\/schema\/logo\/image\/","url":"https:\/\/www.spaestonia.ee\/resort\/wp-content\/uploads\/2025\/02\/resort-hotel-estonia.png","contentUrl":"https:\/\/www.spaestonia.ee\/resort\/wp-content\/uploads\/2025\/02\/resort-hotel-estonia.png","width":400,"height":173,"caption":"ESTONIA Resort Hotel Spa"},"image":{"@id":"https:\/\/www.spaestonia.ee\/resort\/fi\/#\/schema\/logo\/image\/"},"sameAs":["https:\/\/www.facebook.com\/EstoniaResortHotel"]}]}},"_links":{"self":[{"href":"https:\/\/spaestonia.ee\/resort\/fi\/wp-json\/wp\/v2\/pages\/2238","targetHints":{"allow":["GET"]}}],"collection":[{"href":"https:\/\/spaestonia.ee\/resort\/fi\/wp-json\/wp\/v2\/pages"}],"about":[{"href":"https:\/\/spaestonia.ee\/resort\/fi\/wp-json\/wp\/v2\/types\/page"}],"author":[{"embeddable":true,"href":"https:\/\/spaestonia.ee\/resort\/fi\/wp-json\/wp\/v2\/users\/6"}],"replies":[{"embeddable":true,"href":"https:\/\/spaestonia.ee\/resort\/fi\/wp-json\/wp\/v2\/comments?post=2238"}],"version-history":[{"count":28,"href":"https:\/\/spaestonia.ee\/resort\/fi\/wp-json\/wp\/v2\/pages\/2238\/revisions"}],"predecessor-version":[{"id":45070,"href":"https:\/\/spaestonia.ee\/resort\/fi\/wp-json\/wp\/v2\/pages\/2238\/revisions\/45070"}],"up":[{"embeddable":true,"href":"https:\/\/spaestonia.ee\/resort\/fi\/wp-json\/wp\/v2\/pages\/2233"}],"wp:attachment":[{"href":"https:\/\/spaestonia.ee\/resort\/fi\/wp-json\/wp\/v2\/media?parent=2238"}],"curies":[{"name":"wp","href":"https:\/\/api.w.org\/{rel}","templated":true}]}}