{"id":2240,"date":"2015-05-12T10:26:02","date_gmt":"2015-05-12T07:26:02","guid":{"rendered":"https:\/\/www.spaestonia.ee\/resort\/?page_id=2240"},"modified":"2025-01-02T12:45:54","modified_gmt":"2025-01-02T10:45:54","slug":"kasille-ja-jaloille","status":"publish","type":"page","link":"https:\/\/spaestonia.ee\/resort\/fi\/kylpylahoidot\/kasille-ja-jaloille\/","title":{"rendered":"K\u00e4sille ja jaloille"},"content":{"rendered":"<p>\u00bb <a href=\"#eestik\">Aidot virolaiset k\u00e4sihoidot<\/a><br \/>\n\u00bb <a href=\"#klassikak\">Klassiset k\u00e4sihoidot<\/a><br \/>\n\u00bb <a href=\"#eestij\">Aidot virolaiset jalkahoidot<\/a><br \/>\n\u00bb <a href=\"#klassikaj\">Klassiset jalkahoidot<\/a>\u00a0<a id=\"eestik\"><\/a><\/p>\n<h2>AIDOT VIROLAISET K\u00c4SIHOIDOT<\/h2>\n<h3>Keh\u00e4kukka-mehil\u00e4isvaha k\u00e4sihoito<br \/>\n60 min 55 \u20ac<\/h3>\n<p>Keh\u00e4kukka silottaa ja pehmitt\u00e4\u00e4 ihoa ja on olemukseltaan mieto ja turvallinen. Sopii hyvin sek\u00e4 nuorelle ett\u00e4 kyps\u00e4lle iholle. Kansanl\u00e4\u00e4ketieteess\u00e4 keh\u00e4kukkaa on k\u00e4ytetty melkein kaiken hoitoon \u2013 miss\u00e4 on ongelma, siell\u00e4 auttaa keh\u00e4kukka. Keh\u00e4kukka antaa vartalolle tehokkaita paranemisk\u00e4skyj\u00e4 luoden vartaloon n\u00e4in tasapainon. Keh\u00e4kukka edustaa auringon energiaa tuoden tuoksullaan ja v\u00e4rikk\u00e4\u00e4ll\u00e4 olemuksellaan mieliimme riemua, auringon kultaista voimaa ja hyvinvointia. Magnesium on organismille eritt\u00e4in tarpeellinen aine ja sit\u00e4 saa parhaiten juuri ihon kautta. Magnesium auttaa lievitt\u00e4m\u00e4\u00e4n stressi\u00e4, unih\u00e4iri\u00f6it\u00e4 ja p\u00e4\u00e4ns\u00e4rky\u00e4.<\/p>\n<p>Ylellinen k\u00e4sihoito alkaa magnesiumia ja keh\u00e4kukkaa sis\u00e4lt\u00e4v\u00e4ll\u00e4 kylvyll\u00e4 ja pesulla erityisess\u00e4 kylvyss\u00e4 keh\u00e4kukkasaippualla. Kynnet viilataan ja kynsinauhat hoidetaan, sitten kynsi\u00e4 ravitaan mehil\u00e4isvahaa ja pellava\u00f6ljy\u00e4 sis\u00e4lt\u00e4v\u00e4ll\u00e4 voiteella ja tehd\u00e4\u00e4n virolaista mehil\u00e4isvahaa ja parafiinia sis\u00e4lt\u00e4v\u00e4 k\u00e4\u00e4re k\u00e4sille. Kynnet lakataan halutessasi.<\/p>\n<h3>Mehil\u00e4isvaha-k\u00e4sihoito ja hartiahieronta<br \/>\n30 min 43 \u20ac<\/h3>\n<p>Mehil\u00e4isvaha on yksi ravitsevimmista ja luonnollisimmista kosteudensitojista. L\u00e4mm\u00f6n vaikutuksesta mehil\u00e4isvaha imeytyy ihon l\u00e4pi ja nopeuttaa veren- ja lymfakiertoa, joka alkaa poistaa seisomaan j\u00e4\u00e4neit\u00e4 nesteit\u00e4 vartalosta parantaen samaan aikaan ihon haavaumia ulkoisesti. Pellava\u00f6ljy on syv\u00e4kosteuttavaa ja sopii erityisen hyvin helposti karheiksi muuttuville k\u00e4sille. Jo k\u00e4\u00e4rett\u00e4 laitettaessa voit tuntea, miten hunajan makea tuoksu rauhoittaa ja tuo auringonpaistetta aisteihin<\/p>\n<p>Hoidon alussa k\u00e4det pest\u00e4\u00e4n kyyn\u00e4rp\u00e4ihin asti keh\u00e4kukkasaippualla. Sen j\u00e4lkeen k\u00e4siin hierotaan mehil\u00e4isvahaa ja parafiiniia ja k\u00e4siin laitetaan villak\u00e4sineet. K\u00e4\u00e4reen aikana asiakkaan hartioita ja niskaa hierotaan. Hoidon lopussa k\u00e4sille tehd\u00e4\u00e4n kevyt hieronta iholle j\u00e4\u00e4neell\u00e4 pellava\u00f6ljyll\u00e4.<a id=\"klassikak\"><\/a><\/p>\n<h2>KLASSISET K\u00c4SIHOIDOT<\/h2>\n<h3>Klassinen manikyyri<br \/>\n60 min 50 \u20ac<\/h3>\n<p>Kauniit ja hoidetut k\u00e4det lis\u00e4\u00e4v\u00e4t itsevarmuutta. Puhtaat ja hoidetut kynnet ovat jokaisen naisen ja miehen k\u00e4yntikortti. Klassisessa manikyyriss\u00e4 tehd\u00e4\u00e4n k\u00e4sikylpy, kynsinauhat hoidetaan, kynnet viilataan ja hiotaan, k\u00e4det voidellaan kosteuttavalla k\u00e4sivoiteella kevyesti hieroen. Kynnet lakataan halutessasi. Tuloksena ovat silkkisen pehme\u00e4t ja kauniit k\u00e4det.<\/p>\n<h2>AIDOT VIROLAISET JALKAHOIDOT<\/h2>\n<h3>Ruiskaunokki jalkakylpy<br \/>\n60 min 47 \u20ac<\/h3>\n<p>Jo iso\u00e4itien \u00e4idit tiesiv\u00e4t, ett\u00e4 ruiskukalla on turvotusta alentava ja verenkiertoa nopeuttava vaikutus. Mik\u00e4 voisi olla parempaa, kun laittaa jalat pitk\u00e4n ty\u00f6p\u00e4iv\u00e4n, v\u00e4sytt\u00e4v\u00e4n k\u00e4velyn tai auto- tai lentomatkan j\u00e4lkeen mukavan l\u00e4mpim\u00e4\u00e4n kylpyyn, jossa laventelin eteerinen \u00f6ljy rauhoittaa ja tasapainottaa aisteja. Magnesiumsuola auttaa est\u00e4m\u00e4\u00e4n jalkakramppeja ja lihaskouristuksia, sooda puhdistaa p\u00e4iv\u00e4n aikaan jalkoihin kertyneen lian syv\u00e4lt\u00e4. M\u00e4ntytervan tuoksuinen saippua antaa antibakteerisen vaikutuksen, hunaja pehment\u00e4\u00e4, hoitaa ja ravitsee ja pellava\u00f6ljy kosteuttaa ja elvytt\u00e4\u00e4 jalkoja.<br \/>\nYlellinen jalkahoito alkaa ruiskukkakylvyll\u00e4, jossa jalat my\u00f6s pest\u00e4\u00e4n terva-nokkossaippualla ja kuoritaan merisuola-sooda-nokkosseoksella. Sit\u00e4 seuraa hieronta hunajaa ja pellavaa sis\u00e4lt\u00e4v\u00e4ll\u00e4 \u00f6ljyll\u00e4 ja jalkoihin laitetaan villasukkak\u00e4\u00e4re, lopuksi jalat virkistet\u00e4\u00e4n kukkaisvedell\u00e4.<\/p>\n<h3>Ruiskaunokki-jalkahoito ja pedikyyri<br \/>\n90 min 67 \u20ac<\/h3>\n<p>Jo iso\u00e4itien \u00e4idit tiesiv\u00e4t, ett\u00e4 ruiskukalla on turvotusta alentava ja verenkiertoa nopeuttava vaikutus. Mik\u00e4 voisi olla parempaa, kun laittaa jalat pitk\u00e4n ty\u00f6p\u00e4iv\u00e4n, v\u00e4sytt\u00e4v\u00e4n k\u00e4velyn tai auto- tai lentomatkan j\u00e4lkeen mukavan l\u00e4mpim\u00e4\u00e4n kylpyyn, jossa laventelin eteerinen \u00f6ljy rauhoittaa ja tasapainottaa aisteja. Magnesiumsuola auttaa est\u00e4m\u00e4\u00e4n jalkakramppeja ja lihaskouristuksia, sooda puhdistaa p\u00e4iv\u00e4n aikaan jalkoihin kertyneen lian syv\u00e4lt\u00e4. M\u00e4ntytervan tuoksuinen saippua antaa antibakteerisen vaikutuksen, hunaja pehment\u00e4\u00e4, hoitaa ja ravitsee ja pellava\u00f6ljy kosteuttaa ja elvytt\u00e4\u00e4 jalkoja.<\/p>\n<p>Ylellinen jalkahoito alkaa ruiskukkakylvyll\u00e4, jossa jalat my\u00f6s pest\u00e4\u00e4n terva-nokkossaippualla. Sit\u00e4 seuraa kuorinta merisuola-sooda-nokkosseoksella ja pedikyyri. Hoidon p\u00e4\u00e4tt\u00e4\u00e4 kevyt jalkahieronta hunajaa ja pellavaa sis\u00e4lt\u00e4v\u00e4ll\u00e4 \u00f6ljyll\u00e4 ja jalkoihin laitetaan villasukkak\u00e4\u00e4re.<\/p>\n<h3>Virkist\u00e4v\u00e4 jalkahoito<br \/>\n30 min 40 \u20ac<\/h3>\n<p>Jalkahoito virkist\u00e4\u00e4 ja rentouttaa v\u00e4syneit\u00e4 jalkoja.<\/p>\n<p>Hoidon aikana jalat kuoritaan soodaa, suolaa ja nokkosyrtti\u00e4 sis\u00e4lt\u00e4v\u00e4ll\u00e4 kuorinta-aineella.\u00a0Merisuolan ja soodan yhdistelm\u00e4ll\u00e4 on syv\u00e4puhdistava, antibakteerinen ja kuoriva vaikutus. Nokkosyrtti on tehokas yleisvoinnin kohentaja, ja se my\u00f6s lis\u00e4\u00e4 vastustuskyky\u00e4 ja antaa elinvoimaa.<br \/>\nKuorinnan j\u00e4lkeen jalkater\u00e4t ja s\u00e4\u00e4ret hierotaan piparminttuhieronta-aineella, jossa on virkist\u00e4v\u00e4 tuoksu, mik\u00e4 antaa energiaa ja rentouttaa.<\/p>\n<p>Hoidon p\u00e4\u00e4tteeksi jaloissa on ihmeellisen kevyt ja virke\u00e4 tunne.<a id=\"klassikaj\"><\/a><\/p>\n<h2>KLASSISET JALKAHOIDOT<\/h2>\n<h3>Klassinen pedikyyri<br \/>\n60 min 55 \u20ac<\/h3>\n<p>Klassinen pedikyyri on jalkahoito, jossa jaloille annetaan esteettinen ja kaunis ulkon\u00e4k\u00f6.<\/p>\n<p>Hoito aloitetaan puhdistavalla jalkakylvyll\u00e4. Sen j\u00e4lkeen kynnet ja kynsinauhat hoidetaan. Kovettumat ja paksuuntunut iho poistetaan. Hoito p\u00e4\u00e4ttyy kevyeen jalkahierontaan jalkavoiteella ja kynnet lakataan halutessasi. Tuloksena ovat silkkisen pehme\u00e4t ja kauniit kunnossa olevat jalat.<\/p>\n<hr \/>\n<p><strong>Yhteystiedot<\/strong>: e-mail\u00a0<a href=\"mailto:resort.spa@spaestonia.ee\">resort.spa@spaestonia.ee<\/a>, puh+372 440 1013<\/p>\n","protected":false},"excerpt":{"rendered":"<p>\u00bb Aidot virolaiset k\u00e4sihoidot \u00bb Klassiset k\u00e4sihoidot \u00bb Aidot virolaiset jalkahoidot \u00bb Klassiset jalkahoidot\u00a0 AIDOT&hellip;<\/p>\n","protected":false},"author":6,"featured_media":0,"parent":2233,"menu_order":0,"comment_status":"closed","ping_status":"open","template":"page-nobron_page.php","meta":{"footnotes":""},"class_list":["post-2240","page","type-page","status-publish","hentry"],"yoast_head":"<!-- This site is optimized with the Yoast SEO plugin v26.7 - https:\/\/yoast.com\/wordpress\/plugins\/seo\/ -->\n<title>K\u00e4sille ja jaloille - ESTONIA Resort Hotel Spa<\/title>\n<meta name=\"robots\" content=\"index, follow, max-snippet:-1, max-image-preview:large, max-video-preview:-1\" \/>\n<link rel=\"canonical\" href=\"https:\/\/spaestonia.ee\/resort\/fi\/kylpylahoidot\/kasille-ja-jaloille\/\" \/>\n<meta property=\"og:locale\" content=\"fi_FI\" \/>\n<meta property=\"og:type\" content=\"article\" \/>\n<meta property=\"og:title\" content=\"K\u00e4sille ja jaloille - ESTONIA Resort Hotel Spa\" \/>\n<meta property=\"og:description\" content=\"\u00bb Aidot virolaiset k\u00e4sihoidot \u00bb Klassiset k\u00e4sihoidot \u00bb Aidot virolaiset jalkahoidot \u00bb Klassiset jalkahoidot\u00a0 AIDOT&hellip;\" \/>\n<meta property=\"og:url\" content=\"https:\/\/spaestonia.ee\/resort\/fi\/kylpylahoidot\/kasille-ja-jaloille\/\" \/>\n<meta property=\"og:site_name\" content=\"ESTONIA Resort Hotel Spa\" \/>\n<meta property=\"article:publisher\" content=\"https:\/\/www.facebook.com\/EstoniaResortHotel\" \/>\n<meta property=\"article:modified_time\" content=\"2025-01-02T10:45:54+00:00\" \/>\n<meta name=\"twitter:card\" content=\"summary_large_image\" \/>\n<meta name=\"twitter:label1\" content=\"Arvioitu lukuaika\" \/>\n\t<meta name=\"twitter:data1\" content=\"4 minuuttia\" \/>\n<script type=\"application\/ld+json\" class=\"yoast-schema-graph\">{\"@context\":\"https:\/\/schema.org\",\"@graph\":[{\"@type\":\"WebPage\",\"@id\":\"https:\/\/spaestonia.ee\/resort\/fi\/kylpylahoidot\/kasille-ja-jaloille\/\",\"url\":\"https:\/\/spaestonia.ee\/resort\/fi\/kylpylahoidot\/kasille-ja-jaloille\/\",\"name\":\"K\u00e4sille ja jaloille - ESTONIA Resort Hotel Spa\",\"isPartOf\":{\"@id\":\"https:\/\/www.spaestonia.ee\/resort\/fi\/#website\"},\"datePublished\":\"2015-05-12T07:26:02+00:00\",\"dateModified\":\"2025-01-02T10:45:54+00:00\",\"breadcrumb\":{\"@id\":\"https:\/\/spaestonia.ee\/resort\/fi\/kylpylahoidot\/kasille-ja-jaloille\/#breadcrumb\"},\"inLanguage\":\"fi\",\"potentialAction\":[{\"@type\":\"ReadAction\",\"target\":[\"https:\/\/spaestonia.ee\/resort\/fi\/kylpylahoidot\/kasille-ja-jaloille\/\"]}]},{\"@type\":\"BreadcrumbList\",\"@id\":\"https:\/\/spaestonia.ee\/resort\/fi\/kylpylahoidot\/kasille-ja-jaloille\/#breadcrumb\",\"itemListElement\":[{\"@type\":\"ListItem\",\"position\":1,\"name\":\"Home\",\"item\":\"https:\/\/www.spaestonia.ee\/resort\/fi\/\"},{\"@type\":\"ListItem\",\"position\":2,\"name\":\"Kylpyl\u00e4hoidot\",\"item\":\"https:\/\/spaestonia.ee\/resort\/fi\/kylpylahoidot\/\"},{\"@type\":\"ListItem\",\"position\":3,\"name\":\"K\u00e4sille ja jaloille\"}]},{\"@type\":\"WebSite\",\"@id\":\"https:\/\/www.spaestonia.ee\/resort\/fi\/#website\",\"url\":\"https:\/\/www.spaestonia.ee\/resort\/fi\/\",\"name\":\"ESTONIA Resort Hotel Spa\",\"description\":\"E-WoW\",\"publisher\":{\"@id\":\"https:\/\/www.spaestonia.ee\/resort\/fi\/#organization\"},\"potentialAction\":[{\"@type\":\"SearchAction\",\"target\":{\"@type\":\"EntryPoint\",\"urlTemplate\":\"https:\/\/www.spaestonia.ee\/resort\/fi\/?s={search_term_string}\"},\"query-input\":{\"@type\":\"PropertyValueSpecification\",\"valueRequired\":true,\"valueName\":\"search_term_string\"}}],\"inLanguage\":\"fi\"},{\"@type\":\"Organization\",\"@id\":\"https:\/\/www.spaestonia.ee\/resort\/fi\/#organization\",\"name\":\"ESTONIA Resort Hotel Spa\",\"url\":\"https:\/\/www.spaestonia.ee\/resort\/fi\/\",\"logo\":{\"@type\":\"ImageObject\",\"inLanguage\":\"fi\",\"@id\":\"https:\/\/www.spaestonia.ee\/resort\/fi\/#\/schema\/logo\/image\/\",\"url\":\"https:\/\/www.spaestonia.ee\/resort\/wp-content\/uploads\/2025\/02\/resort-hotel-estonia.png\",\"contentUrl\":\"https:\/\/www.spaestonia.ee\/resort\/wp-content\/uploads\/2025\/02\/resort-hotel-estonia.png\",\"width\":400,\"height\":173,\"caption\":\"ESTONIA Resort Hotel Spa\"},\"image\":{\"@id\":\"https:\/\/www.spaestonia.ee\/resort\/fi\/#\/schema\/logo\/image\/\"},\"sameAs\":[\"https:\/\/www.facebook.com\/EstoniaResortHotel\"]}]}<\/script>\n<!-- \/ Yoast SEO plugin. -->","yoast_head_json":{"title":"K\u00e4sille ja jaloille - ESTONIA Resort Hotel Spa","robots":{"index":"index","follow":"follow","max-snippet":"max-snippet:-1","max-image-preview":"max-image-preview:large","max-video-preview":"max-video-preview:-1"},"canonical":"https:\/\/spaestonia.ee\/resort\/fi\/kylpylahoidot\/kasille-ja-jaloille\/","og_locale":"fi_FI","og_type":"article","og_title":"K\u00e4sille ja jaloille - ESTONIA Resort Hotel Spa","og_description":"\u00bb Aidot virolaiset k\u00e4sihoidot \u00bb Klassiset k\u00e4sihoidot \u00bb Aidot virolaiset jalkahoidot \u00bb Klassiset jalkahoidot\u00a0 AIDOT&hellip;","og_url":"https:\/\/spaestonia.ee\/resort\/fi\/kylpylahoidot\/kasille-ja-jaloille\/","og_site_name":"ESTONIA Resort Hotel Spa","article_publisher":"https:\/\/www.facebook.com\/EstoniaResortHotel","article_modified_time":"2025-01-02T10:45:54+00:00","twitter_card":"summary_large_image","twitter_misc":{"Arvioitu lukuaika":"4 minuuttia"},"schema":{"@context":"https:\/\/schema.org","@graph":[{"@type":"WebPage","@id":"https:\/\/spaestonia.ee\/resort\/fi\/kylpylahoidot\/kasille-ja-jaloille\/","url":"https:\/\/spaestonia.ee\/resort\/fi\/kylpylahoidot\/kasille-ja-jaloille\/","name":"K\u00e4sille ja jaloille - ESTONIA Resort Hotel Spa","isPartOf":{"@id":"https:\/\/www.spaestonia.ee\/resort\/fi\/#website"},"datePublished":"2015-05-12T07:26:02+00:00","dateModified":"2025-01-02T10:45:54+00:00","breadcrumb":{"@id":"https:\/\/spaestonia.ee\/resort\/fi\/kylpylahoidot\/kasille-ja-jaloille\/#breadcrumb"},"inLanguage":"fi","potentialAction":[{"@type":"ReadAction","target":["https:\/\/spaestonia.ee\/resort\/fi\/kylpylahoidot\/kasille-ja-jaloille\/"]}]},{"@type":"BreadcrumbList","@id":"https:\/\/spaestonia.ee\/resort\/fi\/kylpylahoidot\/kasille-ja-jaloille\/#breadcrumb","itemListElement":[{"@type":"ListItem","position":1,"name":"Home","item":"https:\/\/www.spaestonia.ee\/resort\/fi\/"},{"@type":"ListItem","position":2,"name":"Kylpyl\u00e4hoidot","item":"https:\/\/spaestonia.ee\/resort\/fi\/kylpylahoidot\/"},{"@type":"ListItem","position":3,"name":"K\u00e4sille ja jaloille"}]},{"@type":"WebSite","@id":"https:\/\/www.spaestonia.ee\/resort\/fi\/#website","url":"https:\/\/www.spaestonia.ee\/resort\/fi\/","name":"ESTONIA Resort Hotel Spa","description":"E-WoW","publisher":{"@id":"https:\/\/www.spaestonia.ee\/resort\/fi\/#organization"},"potentialAction":[{"@type":"SearchAction","target":{"@type":"EntryPoint","urlTemplate":"https:\/\/www.spaestonia.ee\/resort\/fi\/?s={search_term_string}"},"query-input":{"@type":"PropertyValueSpecification","valueRequired":true,"valueName":"search_term_string"}}],"inLanguage":"fi"},{"@type":"Organization","@id":"https:\/\/www.spaestonia.ee\/resort\/fi\/#organization","name":"ESTONIA Resort Hotel Spa","url":"https:\/\/www.spaestonia.ee\/resort\/fi\/","logo":{"@type":"ImageObject","inLanguage":"fi","@id":"https:\/\/www.spaestonia.ee\/resort\/fi\/#\/schema\/logo\/image\/","url":"https:\/\/www.spaestonia.ee\/resort\/wp-content\/uploads\/2025\/02\/resort-hotel-estonia.png","contentUrl":"https:\/\/www.spaestonia.ee\/resort\/wp-content\/uploads\/2025\/02\/resort-hotel-estonia.png","width":400,"height":173,"caption":"ESTONIA Resort Hotel Spa"},"image":{"@id":"https:\/\/www.spaestonia.ee\/resort\/fi\/#\/schema\/logo\/image\/"},"sameAs":["https:\/\/www.facebook.com\/EstoniaResortHotel"]}]}},"_links":{"self":[{"href":"https:\/\/spaestonia.ee\/resort\/fi\/wp-json\/wp\/v2\/pages\/2240","targetHints":{"allow":["GET"]}}],"collection":[{"href":"https:\/\/spaestonia.ee\/resort\/fi\/wp-json\/wp\/v2\/pages"}],"about":[{"href":"https:\/\/spaestonia.ee\/resort\/fi\/wp-json\/wp\/v2\/types\/page"}],"author":[{"embeddable":true,"href":"https:\/\/spaestonia.ee\/resort\/fi\/wp-json\/wp\/v2\/users\/6"}],"replies":[{"embeddable":true,"href":"https:\/\/spaestonia.ee\/resort\/fi\/wp-json\/wp\/v2\/comments?post=2240"}],"version-history":[{"count":18,"href":"https:\/\/spaestonia.ee\/resort\/fi\/wp-json\/wp\/v2\/pages\/2240\/revisions"}],"predecessor-version":[{"id":43605,"href":"https:\/\/spaestonia.ee\/resort\/fi\/wp-json\/wp\/v2\/pages\/2240\/revisions\/43605"}],"up":[{"embeddable":true,"href":"https:\/\/spaestonia.ee\/resort\/fi\/wp-json\/wp\/v2\/pages\/2233"}],"wp:attachment":[{"href":"https:\/\/spaestonia.ee\/resort\/fi\/wp-json\/wp\/v2\/media?parent=2240"}],"curies":[{"name":"wp","href":"https:\/\/api.w.org\/{rel}","templated":true}]}}