{"id":2242,"date":"2015-05-12T10:24:21","date_gmt":"2015-05-12T07:24:21","guid":{"rendered":"https:\/\/www.spaestonia.ee\/resort\/?page_id=2242"},"modified":"2026-04-13T15:45:58","modified_gmt":"2026-04-13T12:45:58","slug":"kasvoille-ja-paalle","status":"publish","type":"page","link":"https:\/\/spaestonia.ee\/resort\/fi\/kylpylahoidot\/kasvoille-ja-paalle\/","title":{"rendered":"Kasvoille ja p\u00e4\u00e4lle"},"content":{"rendered":"<p>\u00bb <a href=\"#eesti\">Aidot virolaiset kasvohoidot<\/a><br \/>\n\u00bb <a href=\"#sothys\">Sothysin kasvohoidot<\/a><br \/>\n\u00bb <a href=\"#sundari\">Sundarin it\u00e4maiset kasvohoidot<\/a><\/p>\n<h2>AIDOT VIROLAISET KASVO- JA P\u00c4\u00c4HOIDOT<\/h2>\n<h3>Villiruusu-kasvohoito<br \/>\n50 min 57 \u20ac<\/h3>\n<p>Orjanruusu kasvaa runsaana Viron rannikoilla ja jo muinaisajoilla tuota kauniskukkaista kasvia k\u00e4ytettiin kasvojen ihon virkist\u00e4miseen. Orjanruusu puhdistaa, kosteuttaa ja uudistaa vanhentunutta ihoa. Lis\u00e4ksi orjanruusulla on rakkautta ja hyv\u00e4\u00e4 oloa luova vaikutus.<\/p>\n<p>Kasvohoito alkaa hartia- ja niskaj\u00e4nnitteiden lievityksell\u00e4. Sen j\u00e4lkeen iho kosteutetaan l\u00e4mpim\u00e4ll\u00e4 kostealla pyyhkeell\u00e4 ja sille levitet\u00e4\u00e4n kuorivaa Haapsalun mutaa sis\u00e4lt\u00e4v\u00e4 naamio, joka sis\u00e4lt\u00e4\u00e4 mineraalien ja vitamiinien lis\u00e4ksi my\u00f6s talkkunajauhoa ja orjanruusun ter\u00e4lehti\u00e4. Sit\u00e4 seuraa keh\u00e4kukkavoiteella teht\u00e4v\u00e4 ihoa rauhoittava kasvo- ja dekolteehieronta.<\/p>\n<h3>Turve-angervo kasvohoito<br \/>\n50 min 57 \u20ac<\/h3>\n<p>Angervo on maaginen ja mystinen kasvi, joka liittyy universumin rakkauteen ja ihmisen kolmanteen silm\u00e4\u00e4n. Sopii hyvin niille, joilla on keskittymish\u00e4iri\u00f6it\u00e4 ja jotka tuntevat, ett\u00e4 heid\u00e4n kannettavanaan on liian paljon vastuuta. Angervo sopii hyvin my\u00f6s pienten lasten \u00e4ideille ja ihmisille, joilla on liikaa t\u00f6it\u00e4. Kasvi palauttaa sis\u00e4isen tasapainon ja voi aiheuttaa mystisi\u00e4 unia.<\/p>\n<p>Turpeessa on biologisesti hajoavaa ainetta nimelt\u00e4\u00e4n humiini, joka imeytyy hyvin ihon l\u00e4pi ja sitoo imeytymisominaisuutensa vuoksi itseens\u00e4 vartalossa olevia myrkkyj\u00e4 ja kuona-aineita. Humiini aktivoi veren- ja lymfakiertoa ja tasapainottaa hormonituotantoa.<\/p>\n<p>Kasvohoito alkaa hartia- ja niskaj\u00e4nnitteiden lievityksell\u00e4. Sen j\u00e4lkeen iho kosteutetaan l\u00e4mpim\u00e4ll\u00e4 kostealla pyyhkeell\u00e4 ja sille levitet\u00e4\u00e4n kuoriva turvetta ja angervoa sis\u00e4lt\u00e4v\u00e4 naamio. Naamion aikana tehd\u00e4\u00e4n p\u00e4\u00e4- tai k\u00e4sihierontaa. Sit\u00e4 seuraa keh\u00e4kukkavoiteella teht\u00e4v\u00e4 ihoa rauhoittava kasvo- ja dekolteehieronta.<\/p>\n<h3>P\u00e4\u00e4nahan hoito<br \/>\n30 min 42 \u20ac<\/h3>\n<p>Hoito alkaa jalkojen tervetulorituaalilla \u2013 jalkapohjat puhdistetaan ja kosteutetaan piparminttukuorinnalla. Sen j\u00e4lkeen kevyt kosketus hartioille ja rentouttava p\u00e4\u00e4nahan hieronta voi alkaa. Hieronta vilkastuttaa verenkiertoa, lievitt\u00e4\u00e4 j\u00e4nnityst\u00e4 ja auttaa luonnollisia aktiiviaineita imeytym\u00e4\u00e4n paremmin. K\u00e4yt\u00e4mme vegaanista sekoitusta harvinaisista ja arvokkaista \u00f6ljyist\u00e4, jossa on hienostunut sitruunaruohon ja gardenian aromi. Eteeriset \u00f6ljyt puhdistavat ja elvytt\u00e4v\u00e4t p\u00e4\u00e4nahkaa.<\/p>\n<p>Hoito p\u00e4\u00e4ttyy rentouttaviin painalluksiin kasvoilla, p\u00e4\u00e4laella ja hartioilla, jotka vapauttavat kehoon kertyneit\u00e4 j\u00e4nnitteit\u00e4 ja syvent\u00e4v\u00e4t hyv\u00e4nolon tunnetta. S\u00e4\u00e4nn\u00f6llinen p\u00e4\u00e4nahan hoito vahvistaa hiusjuuria, korostaa hiusten luonnollista kauneutta sek\u00e4 antaa niille elinvoimaa ja kiiltoa.<\/p>\n<h2>SOTHYSIN KASVOHOIDOT<a id=\"#sothys\"><\/a><\/h2>\n<p><em>Tulethan hoitoon mieluiten ilman meikki\u00e4.<\/em><\/p>\n<h3>Sothys kosteuttava intensiivinen hoito Hydra Hyaluronic Acid 4<br \/>\n75 min, 95 \u20ac<\/h3>\n<p>Uuden sukupolven kosteuttava hoito-ohjelma antaa pikaisen ja pitk\u00e4aikaisen tuloksen ja palauttaa ihon menett\u00e4m\u00e4n kosteuden itsen\u00e4isesti. Pintapuhdistusta seuraa ensin ihon mukavuustunteen palautus ja sen j\u00e4lkeen kuorinta entsyymeill\u00e4, joka poistaa hell\u00e4sti ep\u00e4puhtaudet, parantaa ihon kimmoisuutta ja loistoa. Hoitoon kuuluu kaksi seerumia: kolmella eri hyaluronihapolla varustettu ampulli kosteuttaa heti kaikki ihokerrokset ja keramidiseerumi vahvistaa ihon suojakerroksen toimintaa. Hoidon muuttaa tehokkaaksi <em>Digi-Esthetique-<\/em>hieronta ja -voide, jonka koostumuksessa on Sothysin patentoimia pihlajanmarjapeptidej\u00e4 ja tattiuutetta, jotka v\u00e4hent\u00e4v\u00e4t ik\u00e4\u00e4ntymisen merkkej\u00e4 ja taistelevat vapaita radikaaleja vastaan. T\u00e4ytel\u00e4isyytt\u00e4 lis\u00e4\u00e4v\u00e4n naamion j\u00e4lkeen iho on elvytetty ja \u201djano\u201d sammutettu!<\/p>\n<h3>Sothys kryo-silm\u00e4nymp\u00e4ryshoito posliinilusikoilla<br \/>\n45 min, 65 \u20ac<\/h3>\n<p>T\u00e4ydellinen salonkihoito kirkkaille silmille! Silm\u00e4nymp\u00e4ryshoito v\u00e4hent\u00e4\u00e4 tummia silm\u00e4nalusia, turvotusta ja ryppyj\u00e4. Sopii my\u00f6s herkille silmille ja piilolinssien k\u00e4ytt\u00e4jille. Erityiset tuotteet (kuorija, seerumi, hierontavoide, naamio ja silm\u00e4voide) on luotu juuri silm\u00e4nymp\u00e4rysihon kiinteytt\u00e4miseen ja virkist\u00e4miseen. Hoidossa k\u00e4ytett\u00e4v\u00e4t Sothysin kehitt\u00e4m\u00e4t posliiniset hierontalusikat antavat j\u00e4isen viilent\u00e4v\u00e4n ja turvotusta helpottavan vaikutuksen.<br \/>\nSilm\u00e4hoitoa suositellaan kirkkaille silmille esimerkiksi ennen tapahtumia tai niiden j\u00e4lkeen sek\u00e4 v\u00e4syneen ilmeen parantamiseksi. Optimaalisen tuloksen saamiseksi voidaan tehd\u00e4 my\u00f6s kolmen hoidon intensiivinen kuuri (kerran viikossa).<\/p>\n<h3>Sothys kasvojen kausihoito<br \/>\n45 min 68 \u20ac<\/h3>\n<p>Sothys kehitt\u00e4\u00e4 kaksi kertaa vuodessa vaihteluksi tavallisille hoidoille kausihoidot vuodenajoista l\u00e4htien. Pitk\u00e4n talven p\u00e4\u00e4ttyess\u00e4 iho vaikuttaa v\u00e4syneelt\u00e4. Kev\u00e4\u00e4ll\u00e4 uuden kauden alussa tulee ihon t\u00e4ydent\u00e4\u00e4 omia happi- ja vitamiinivarastojaan. Syksyn ja talven kylmill\u00e4 s\u00e4ill\u00e4 iho tarvitsee enemm\u00e4n kosteutusta ja suojaa pakkaselta.<br \/>\nKausituotteilla on jokaisena kautena kahden hedelm\u00e4n herkullinen tuoksu. Kuorinta, naamio ja rentouttava hieronta muuttavat ihon kirkkaaksi. Nopea ihoa hapella rikastuttava kausihoito on hyv\u00e4\u00e4 vaihtelua tavallisille hoidoille \u2013 iho on rentoutunut ja raikas.<\/p>\n<h3>Sothys rauhoittava kasvohoito Spa\u2122-termaalivedell\u00e4<br \/>\n50 min, 70 \u20ac<\/h3>\n<p>Sothys l\u00f6ysi uudelleen l\u00e4hteiden hoitavan vaikutuksen luodessaan ammattilaiskasvohoidon Spa\u2122-termaalivedell\u00e4* herk\u00e4lle iholle. Hoidossa k\u00e4ytet\u00e4\u00e4n eritt\u00e4in kevyit\u00e4 koostumuksia huomioiden ihon kaikenlaisen herkkyyden. Rauhoittava hoito sis\u00e4lt\u00e4\u00e4 kaksi naamiota, ensin iholle levitet\u00e4\u00e4n puhdistava ja pehment\u00e4v\u00e4 naamio ja kasvohoidon lopussa rauhoittava naamio, jonka vaikuttamisen aikana tehd\u00e4\u00e4n viilent\u00e4v\u00e4 hieronta posliinilusikoilla. Herkk\u00e4 tai punoittava iho saavuttaa 50 minuutissa hyvinvoinnin ja yhten\u00e4isen ulkon\u00e4\u00f6n!<br \/>\n*Marie-Henrietten luonnollinen mineraalil\u00e4hdevesi suojatulta alueelta.<\/p>\n<h2>SUNDARIN IT\u00c4MAISET KASVOHOIDOT<a id=\"#sundari\"><\/a><\/h2>\n<h3>Kasvohoito Dosha-tyypin mukaan<br \/>\n60 min 69 \u20ac<\/h3>\n<p>Holistinen hoito palauttaa ja nuorentaa ihoa, mukautuu t\u00e4ydellisesti asiakkaan ihon erityistarpeisiin. Tuotteet valitaan Sundarin sarjasta asiakkaan vartalotyypin mukaan. Luonnolliset vaikuttavat aineet on sekoitettu kuoriviin osiin, joiden yhteistuloksena on perusteellisesti puhdistettu ja ravittu iho.<\/p>\n<p>Hoidon alussa teht\u00e4v\u00e4 Sund\u00e3rin ainutlaatuinen Mar-hieronta (erityinen stimuloiva pistehieronta) t\u00e4ydent\u00e4\u00e4 erityist\u00e4 kokemusta viel\u00e4kin ja elvytt\u00e4\u00e4 ihoa, synnytt\u00e4\u00e4 uusia ihosoluja ja nuorentaa.<\/p>\n<h3>Sundari kauniit silm\u00e4t<br \/>\n30 min 42 \u20ac<\/h3>\n<p>Ylellinen hoito silm\u00e4nymp\u00e4rysihon ravitsemiseksi ja hellimiseksi. Erityinen Sund\u00e3rin kehitt\u00e4m\u00e4 hierontatekniikka rentouttaa ja stimuloi herkk\u00e4\u00e4 silm\u00e4nymp\u00e4rysaluetta, v\u00e4hent\u00e4\u00e4 turvotusta ja v\u00e4symyst\u00e4. T\u00e4ydellinen lis\u00e4 haluttuun kasvohoitoon. Silmien hoitoon k\u00e4ytet\u00e4\u00e4n eritt\u00e4in tehokasta Gotu Kolaa ja olibaaniuutetta sis\u00e4lt\u00e4v\u00e4\u00e4 silm\u00e4nymp\u00e4rysseerumia.<\/p>\n<hr \/>\n<p><strong>Yhteystiedot<\/strong>: e-mail\u00a0<a href=\"mailto:resort.spa@spaestonia.ee\">resort.spa@spaestonia.ee<\/a>, puh +372 440 1013<\/p>\n","protected":false},"excerpt":{"rendered":"<p>\u00bb Aidot virolaiset kasvohoidot \u00bb Sothysin kasvohoidot \u00bb Sundarin it\u00e4maiset kasvohoidot AIDOT VIROLAISET KASVO- JA&hellip;<\/p>\n","protected":false},"author":6,"featured_media":0,"parent":2233,"menu_order":0,"comment_status":"closed","ping_status":"open","template":"page-nobron_page.php","meta":{"footnotes":""},"class_list":["post-2242","page","type-page","status-publish","hentry"],"yoast_head":"<!-- This site is optimized with the Yoast SEO plugin v26.7 - https:\/\/yoast.com\/wordpress\/plugins\/seo\/ -->\n<title>Kasvoille ja p\u00e4\u00e4lle - ESTONIA Resort Hotel Spa<\/title>\n<meta name=\"robots\" content=\"index, follow, max-snippet:-1, max-image-preview:large, max-video-preview:-1\" \/>\n<link rel=\"canonical\" href=\"https:\/\/spaestonia.ee\/resort\/fi\/kylpylahoidot\/kasvoille-ja-paalle\/\" \/>\n<meta property=\"og:locale\" content=\"fi_FI\" \/>\n<meta property=\"og:type\" content=\"article\" \/>\n<meta property=\"og:title\" content=\"Kasvoille ja p\u00e4\u00e4lle - ESTONIA Resort Hotel Spa\" \/>\n<meta property=\"og:description\" content=\"\u00bb Aidot virolaiset kasvohoidot \u00bb Sothysin kasvohoidot \u00bb Sundarin it\u00e4maiset kasvohoidot AIDOT VIROLAISET KASVO- JA&hellip;\" \/>\n<meta property=\"og:url\" content=\"https:\/\/spaestonia.ee\/resort\/fi\/kylpylahoidot\/kasvoille-ja-paalle\/\" \/>\n<meta property=\"og:site_name\" content=\"ESTONIA Resort Hotel Spa\" \/>\n<meta property=\"article:publisher\" content=\"https:\/\/www.facebook.com\/EstoniaResortHotel\" \/>\n<meta property=\"article:modified_time\" content=\"2026-04-13T12:45:58+00:00\" \/>\n<meta name=\"twitter:card\" content=\"summary_large_image\" \/>\n<meta name=\"twitter:label1\" content=\"Arvioitu lukuaika\" \/>\n\t<meta name=\"twitter:data1\" content=\"5 minuuttia\" \/>\n<script type=\"application\/ld+json\" class=\"yoast-schema-graph\">{\"@context\":\"https:\/\/schema.org\",\"@graph\":[{\"@type\":\"WebPage\",\"@id\":\"https:\/\/spaestonia.ee\/resort\/fi\/kylpylahoidot\/kasvoille-ja-paalle\/\",\"url\":\"https:\/\/spaestonia.ee\/resort\/fi\/kylpylahoidot\/kasvoille-ja-paalle\/\",\"name\":\"Kasvoille ja p\u00e4\u00e4lle - ESTONIA Resort Hotel Spa\",\"isPartOf\":{\"@id\":\"https:\/\/www.spaestonia.ee\/resort\/fi\/#website\"},\"datePublished\":\"2015-05-12T07:24:21+00:00\",\"dateModified\":\"2026-04-13T12:45:58+00:00\",\"breadcrumb\":{\"@id\":\"https:\/\/spaestonia.ee\/resort\/fi\/kylpylahoidot\/kasvoille-ja-paalle\/#breadcrumb\"},\"inLanguage\":\"fi\",\"potentialAction\":[{\"@type\":\"ReadAction\",\"target\":[\"https:\/\/spaestonia.ee\/resort\/fi\/kylpylahoidot\/kasvoille-ja-paalle\/\"]}]},{\"@type\":\"BreadcrumbList\",\"@id\":\"https:\/\/spaestonia.ee\/resort\/fi\/kylpylahoidot\/kasvoille-ja-paalle\/#breadcrumb\",\"itemListElement\":[{\"@type\":\"ListItem\",\"position\":1,\"name\":\"Home\",\"item\":\"https:\/\/www.spaestonia.ee\/resort\/fi\/\"},{\"@type\":\"ListItem\",\"position\":2,\"name\":\"Kylpyl\u00e4hoidot\",\"item\":\"https:\/\/spaestonia.ee\/resort\/fi\/kylpylahoidot\/\"},{\"@type\":\"ListItem\",\"position\":3,\"name\":\"Kasvoille ja p\u00e4\u00e4lle\"}]},{\"@type\":\"WebSite\",\"@id\":\"https:\/\/www.spaestonia.ee\/resort\/fi\/#website\",\"url\":\"https:\/\/www.spaestonia.ee\/resort\/fi\/\",\"name\":\"ESTONIA Resort Hotel Spa\",\"description\":\"E-WoW\",\"publisher\":{\"@id\":\"https:\/\/www.spaestonia.ee\/resort\/fi\/#organization\"},\"potentialAction\":[{\"@type\":\"SearchAction\",\"target\":{\"@type\":\"EntryPoint\",\"urlTemplate\":\"https:\/\/www.spaestonia.ee\/resort\/fi\/?s={search_term_string}\"},\"query-input\":{\"@type\":\"PropertyValueSpecification\",\"valueRequired\":true,\"valueName\":\"search_term_string\"}}],\"inLanguage\":\"fi\"},{\"@type\":\"Organization\",\"@id\":\"https:\/\/www.spaestonia.ee\/resort\/fi\/#organization\",\"name\":\"ESTONIA Resort Hotel Spa\",\"url\":\"https:\/\/www.spaestonia.ee\/resort\/fi\/\",\"logo\":{\"@type\":\"ImageObject\",\"inLanguage\":\"fi\",\"@id\":\"https:\/\/www.spaestonia.ee\/resort\/fi\/#\/schema\/logo\/image\/\",\"url\":\"https:\/\/www.spaestonia.ee\/resort\/wp-content\/uploads\/2025\/02\/resort-hotel-estonia.png\",\"contentUrl\":\"https:\/\/www.spaestonia.ee\/resort\/wp-content\/uploads\/2025\/02\/resort-hotel-estonia.png\",\"width\":400,\"height\":173,\"caption\":\"ESTONIA Resort Hotel Spa\"},\"image\":{\"@id\":\"https:\/\/www.spaestonia.ee\/resort\/fi\/#\/schema\/logo\/image\/\"},\"sameAs\":[\"https:\/\/www.facebook.com\/EstoniaResortHotel\"]}]}<\/script>\n<!-- \/ Yoast SEO plugin. -->","yoast_head_json":{"title":"Kasvoille ja p\u00e4\u00e4lle - ESTONIA Resort Hotel Spa","robots":{"index":"index","follow":"follow","max-snippet":"max-snippet:-1","max-image-preview":"max-image-preview:large","max-video-preview":"max-video-preview:-1"},"canonical":"https:\/\/spaestonia.ee\/resort\/fi\/kylpylahoidot\/kasvoille-ja-paalle\/","og_locale":"fi_FI","og_type":"article","og_title":"Kasvoille ja p\u00e4\u00e4lle - ESTONIA Resort Hotel Spa","og_description":"\u00bb Aidot virolaiset kasvohoidot \u00bb Sothysin kasvohoidot \u00bb Sundarin it\u00e4maiset kasvohoidot AIDOT VIROLAISET KASVO- JA&hellip;","og_url":"https:\/\/spaestonia.ee\/resort\/fi\/kylpylahoidot\/kasvoille-ja-paalle\/","og_site_name":"ESTONIA Resort Hotel Spa","article_publisher":"https:\/\/www.facebook.com\/EstoniaResortHotel","article_modified_time":"2026-04-13T12:45:58+00:00","twitter_card":"summary_large_image","twitter_misc":{"Arvioitu lukuaika":"5 minuuttia"},"schema":{"@context":"https:\/\/schema.org","@graph":[{"@type":"WebPage","@id":"https:\/\/spaestonia.ee\/resort\/fi\/kylpylahoidot\/kasvoille-ja-paalle\/","url":"https:\/\/spaestonia.ee\/resort\/fi\/kylpylahoidot\/kasvoille-ja-paalle\/","name":"Kasvoille ja p\u00e4\u00e4lle - ESTONIA Resort Hotel Spa","isPartOf":{"@id":"https:\/\/www.spaestonia.ee\/resort\/fi\/#website"},"datePublished":"2015-05-12T07:24:21+00:00","dateModified":"2026-04-13T12:45:58+00:00","breadcrumb":{"@id":"https:\/\/spaestonia.ee\/resort\/fi\/kylpylahoidot\/kasvoille-ja-paalle\/#breadcrumb"},"inLanguage":"fi","potentialAction":[{"@type":"ReadAction","target":["https:\/\/spaestonia.ee\/resort\/fi\/kylpylahoidot\/kasvoille-ja-paalle\/"]}]},{"@type":"BreadcrumbList","@id":"https:\/\/spaestonia.ee\/resort\/fi\/kylpylahoidot\/kasvoille-ja-paalle\/#breadcrumb","itemListElement":[{"@type":"ListItem","position":1,"name":"Home","item":"https:\/\/www.spaestonia.ee\/resort\/fi\/"},{"@type":"ListItem","position":2,"name":"Kylpyl\u00e4hoidot","item":"https:\/\/spaestonia.ee\/resort\/fi\/kylpylahoidot\/"},{"@type":"ListItem","position":3,"name":"Kasvoille ja p\u00e4\u00e4lle"}]},{"@type":"WebSite","@id":"https:\/\/www.spaestonia.ee\/resort\/fi\/#website","url":"https:\/\/www.spaestonia.ee\/resort\/fi\/","name":"ESTONIA Resort Hotel Spa","description":"E-WoW","publisher":{"@id":"https:\/\/www.spaestonia.ee\/resort\/fi\/#organization"},"potentialAction":[{"@type":"SearchAction","target":{"@type":"EntryPoint","urlTemplate":"https:\/\/www.spaestonia.ee\/resort\/fi\/?s={search_term_string}"},"query-input":{"@type":"PropertyValueSpecification","valueRequired":true,"valueName":"search_term_string"}}],"inLanguage":"fi"},{"@type":"Organization","@id":"https:\/\/www.spaestonia.ee\/resort\/fi\/#organization","name":"ESTONIA Resort Hotel Spa","url":"https:\/\/www.spaestonia.ee\/resort\/fi\/","logo":{"@type":"ImageObject","inLanguage":"fi","@id":"https:\/\/www.spaestonia.ee\/resort\/fi\/#\/schema\/logo\/image\/","url":"https:\/\/www.spaestonia.ee\/resort\/wp-content\/uploads\/2025\/02\/resort-hotel-estonia.png","contentUrl":"https:\/\/www.spaestonia.ee\/resort\/wp-content\/uploads\/2025\/02\/resort-hotel-estonia.png","width":400,"height":173,"caption":"ESTONIA Resort Hotel Spa"},"image":{"@id":"https:\/\/www.spaestonia.ee\/resort\/fi\/#\/schema\/logo\/image\/"},"sameAs":["https:\/\/www.facebook.com\/EstoniaResortHotel"]}]}},"_links":{"self":[{"href":"https:\/\/spaestonia.ee\/resort\/fi\/wp-json\/wp\/v2\/pages\/2242","targetHints":{"allow":["GET"]}}],"collection":[{"href":"https:\/\/spaestonia.ee\/resort\/fi\/wp-json\/wp\/v2\/pages"}],"about":[{"href":"https:\/\/spaestonia.ee\/resort\/fi\/wp-json\/wp\/v2\/types\/page"}],"author":[{"embeddable":true,"href":"https:\/\/spaestonia.ee\/resort\/fi\/wp-json\/wp\/v2\/users\/6"}],"replies":[{"embeddable":true,"href":"https:\/\/spaestonia.ee\/resort\/fi\/wp-json\/wp\/v2\/comments?post=2242"}],"version-history":[{"count":28,"href":"https:\/\/spaestonia.ee\/resort\/fi\/wp-json\/wp\/v2\/pages\/2242\/revisions"}],"predecessor-version":[{"id":47252,"href":"https:\/\/spaestonia.ee\/resort\/fi\/wp-json\/wp\/v2\/pages\/2242\/revisions\/47252"}],"up":[{"embeddable":true,"href":"https:\/\/spaestonia.ee\/resort\/fi\/wp-json\/wp\/v2\/pages\/2233"}],"wp:attachment":[{"href":"https:\/\/spaestonia.ee\/resort\/fi\/wp-json\/wp\/v2\/media?parent=2242"}],"curies":[{"name":"wp","href":"https:\/\/api.w.org\/{rel}","templated":true}]}}