{"id":2249,"date":"2015-05-12T14:54:14","date_gmt":"2015-05-12T11:54:14","guid":{"rendered":"https:\/\/www.spaestonia.ee\/resort\/?page_id=2249"},"modified":"2025-10-13T15:29:37","modified_gmt":"2025-10-13T12:29:37","slug":"perheen-pienimmille","status":"publish","type":"page","link":"https:\/\/spaestonia.ee\/resort\/fi\/kylpylahoidot\/perheen-pienimmille\/","title":{"rendered":"Perheen pienimmille!"},"content":{"rendered":"<h3><strong>Mukava mansikka<\/strong><br \/>\n20 min 26 \u20ac<\/h3>\n<p>Mansikalla on voimakas tulehduksia est\u00e4v\u00e4 vaikutus. Hoidon aikana lapsen vartalolle levitet\u00e4\u00e4n todella marjainen mansikkanaamio ja tehd\u00e4\u00e4n kevyt rauhoittava hieronta. Kun hoito on ohi, odottaa pient\u00e4 asiakasta mansikkainen yll\u00e4tys.<\/p>\n<h3><strong>Tehokas hieronta (lapsille 14 vuoden ik\u00e4\u00e4n asti)<\/strong><br \/>\n20 min 30 \u20ac<\/h3>\n<p>Hieronta sopii 5\u201314-vuotiaille lapsille. Hieronta tehd\u00e4\u00e4n pyyhkeen l\u00e4pi. Hierotaan, painellaan, h\u00f6lskytell\u00e4\u00e4n, v\u00e4\u00e4nnell\u00e4\u00e4n ja venytell\u00e4\u00e4n. Hieronta on tuleville kylpyl\u00e4nautiskelijoille hyv\u00e4 mahdollisuus tutustua hieronnan maailmaan.<\/p>\n<h3><strong>Super vaahtokylpy<\/strong><br \/>\n20 min 25 \u20ac, 35 \u20ac 2 lapselle<\/h3>\n<p>Karpalo on arvokas suuren C-vitamiinipitoisuutensa vuoksi. Karpalolla on my\u00f6s tulehduksia ja baktereita est\u00e4v\u00e4 sek\u00e4 organismia vahvistava ja haavoja parantava vaikutus. Super-vaahtokylpy on mukava uiskentelu virolaisista karpaloista vaahtoavassa vedess\u00e4. Hoidon lopussa pient\u00e4 asiakasta odottaa karpaloinen yll\u00e4tys.<\/p>\n<hr \/>\n<p><strong>Yhteystiedot<\/strong>: e-mail\u00a0<a href=\"mailto:resort.spa@spaestonia.ee\">resort.spa@spaestonia.ee<\/a>, puh +372 440 1013<\/p>\n<div class='gallery-article'><ul id='gallery-article0' class='list gallery-list galleryid-0 gallery-columns-3 gallery-size-thumbnail'><li class='gallery-item'>\n\t\t<p class='gallery-icon'>\n\t\t<a href='https:\/\/spaestonia.ee\/resort\/wp-content\/uploads\/2025\/10\/Estonia-Resort_800px-85.jpg' title=\"\" data-rl_title=\"\" class=\"rl-gallery-link\" data-rl_caption=\"\" data-rel=\"lightbox-gallery-0\"><img loading=\"lazy\" decoding=\"async\" width=\"300\" height=\"300\" src=\"https:\/\/spaestonia.ee\/resort\/wp-content\/uploads\/2025\/10\/Estonia-Resort_800px-85-300x300.jpg\" class=\"attachment-thumbnail size-thumbnail\" alt=\"\" srcset=\"https:\/\/spaestonia.ee\/resort\/wp-content\/uploads\/2025\/10\/Estonia-Resort_800px-85-300x300.jpg 300w, https:\/\/spaestonia.ee\/resort\/wp-content\/uploads\/2025\/10\/Estonia-Resort_800px-85-181x181.jpg 181w\" sizes=\"auto, (max-width: 300px) 100vw, 300px\" \/><\/a>\n\t\t<\/p><\/li><li class='gallery-item'>\n\t\t<p class='gallery-icon'>\n\t\t<a href='https:\/\/spaestonia.ee\/resort\/wp-content\/uploads\/2025\/10\/Estonia-Resort_800px-86.jpg' title=\"\" data-rl_title=\"\" class=\"rl-gallery-link\" data-rl_caption=\"\" data-rel=\"lightbox-gallery-0\"><img loading=\"lazy\" decoding=\"async\" width=\"300\" height=\"300\" src=\"https:\/\/spaestonia.ee\/resort\/wp-content\/uploads\/2025\/10\/Estonia-Resort_800px-86-300x300.jpg\" class=\"attachment-thumbnail size-thumbnail\" alt=\"\" srcset=\"https:\/\/spaestonia.ee\/resort\/wp-content\/uploads\/2025\/10\/Estonia-Resort_800px-86-300x300.jpg 300w, https:\/\/spaestonia.ee\/resort\/wp-content\/uploads\/2025\/10\/Estonia-Resort_800px-86-181x181.jpg 181w\" sizes=\"auto, (max-width: 300px) 100vw, 300px\" \/><\/a>\n\t\t<\/p><\/li><\/ul>\n<\/div>\n\n","protected":false},"excerpt":{"rendered":"<p>Mukava mansikka 20 min 26 \u20ac Mansikalla on voimakas tulehduksia est\u00e4v\u00e4 vaikutus. Hoidon aikana lapsen&hellip;<\/p>\n","protected":false},"author":6,"featured_media":0,"parent":2233,"menu_order":0,"comment_status":"closed","ping_status":"open","template":"page-nobron_page.php","meta":{"footnotes":""},"class_list":["post-2249","page","type-page","status-publish","hentry"],"yoast_head":"<!-- This site is optimized with the Yoast SEO plugin v26.7 - https:\/\/yoast.com\/wordpress\/plugins\/seo\/ -->\n<title>Perheen pienimmille! - ESTONIA Resort Hotel Spa<\/title>\n<meta name=\"robots\" content=\"index, follow, max-snippet:-1, max-image-preview:large, max-video-preview:-1\" \/>\n<link rel=\"canonical\" href=\"https:\/\/spaestonia.ee\/resort\/fi\/kylpylahoidot\/perheen-pienimmille\/\" \/>\n<meta property=\"og:locale\" content=\"fi_FI\" \/>\n<meta property=\"og:type\" content=\"article\" \/>\n<meta property=\"og:title\" content=\"Perheen pienimmille! - ESTONIA Resort Hotel Spa\" \/>\n<meta property=\"og:description\" content=\"Mukava mansikka 20 min 26 \u20ac Mansikalla on voimakas tulehduksia est\u00e4v\u00e4 vaikutus. Hoidon aikana lapsen&hellip;\" \/>\n<meta property=\"og:url\" content=\"https:\/\/spaestonia.ee\/resort\/fi\/kylpylahoidot\/perheen-pienimmille\/\" \/>\n<meta property=\"og:site_name\" content=\"ESTONIA Resort Hotel Spa\" \/>\n<meta property=\"article:publisher\" content=\"https:\/\/www.facebook.com\/EstoniaResortHotel\" \/>\n<meta property=\"article:modified_time\" content=\"2025-10-13T12:29:37+00:00\" \/>\n<meta property=\"og:image\" content=\"https:\/\/spaestonia.ee\/resort\/wp-content\/uploads\/2025\/10\/Estonia-Resort_800px-85-300x300.jpg\" \/>\n<meta name=\"twitter:card\" content=\"summary_large_image\" \/>\n<meta name=\"twitter:label1\" content=\"Arvioitu lukuaika\" \/>\n\t<meta name=\"twitter:data1\" content=\"1 minuutti\" \/>\n<script type=\"application\/ld+json\" class=\"yoast-schema-graph\">{\"@context\":\"https:\/\/schema.org\",\"@graph\":[{\"@type\":\"WebPage\",\"@id\":\"https:\/\/spaestonia.ee\/resort\/fi\/kylpylahoidot\/perheen-pienimmille\/\",\"url\":\"https:\/\/spaestonia.ee\/resort\/fi\/kylpylahoidot\/perheen-pienimmille\/\",\"name\":\"Perheen pienimmille! - ESTONIA Resort Hotel Spa\",\"isPartOf\":{\"@id\":\"https:\/\/www.spaestonia.ee\/resort\/fi\/#website\"},\"datePublished\":\"2015-05-12T11:54:14+00:00\",\"dateModified\":\"2025-10-13T12:29:37+00:00\",\"breadcrumb\":{\"@id\":\"https:\/\/spaestonia.ee\/resort\/fi\/kylpylahoidot\/perheen-pienimmille\/#breadcrumb\"},\"inLanguage\":\"fi\",\"potentialAction\":[{\"@type\":\"ReadAction\",\"target\":[\"https:\/\/spaestonia.ee\/resort\/fi\/kylpylahoidot\/perheen-pienimmille\/\"]}]},{\"@type\":\"BreadcrumbList\",\"@id\":\"https:\/\/spaestonia.ee\/resort\/fi\/kylpylahoidot\/perheen-pienimmille\/#breadcrumb\",\"itemListElement\":[{\"@type\":\"ListItem\",\"position\":1,\"name\":\"Home\",\"item\":\"https:\/\/www.spaestonia.ee\/resort\/fi\/\"},{\"@type\":\"ListItem\",\"position\":2,\"name\":\"Kylpyl\u00e4hoidot\",\"item\":\"https:\/\/spaestonia.ee\/resort\/fi\/kylpylahoidot\/\"},{\"@type\":\"ListItem\",\"position\":3,\"name\":\"Perheen pienimmille!\"}]},{\"@type\":\"WebSite\",\"@id\":\"https:\/\/www.spaestonia.ee\/resort\/fi\/#website\",\"url\":\"https:\/\/www.spaestonia.ee\/resort\/fi\/\",\"name\":\"ESTONIA Resort Hotel Spa\",\"description\":\"E-WoW\",\"publisher\":{\"@id\":\"https:\/\/www.spaestonia.ee\/resort\/fi\/#organization\"},\"potentialAction\":[{\"@type\":\"SearchAction\",\"target\":{\"@type\":\"EntryPoint\",\"urlTemplate\":\"https:\/\/www.spaestonia.ee\/resort\/fi\/?s={search_term_string}\"},\"query-input\":{\"@type\":\"PropertyValueSpecification\",\"valueRequired\":true,\"valueName\":\"search_term_string\"}}],\"inLanguage\":\"fi\"},{\"@type\":\"Organization\",\"@id\":\"https:\/\/www.spaestonia.ee\/resort\/fi\/#organization\",\"name\":\"ESTONIA Resort Hotel Spa\",\"url\":\"https:\/\/www.spaestonia.ee\/resort\/fi\/\",\"logo\":{\"@type\":\"ImageObject\",\"inLanguage\":\"fi\",\"@id\":\"https:\/\/www.spaestonia.ee\/resort\/fi\/#\/schema\/logo\/image\/\",\"url\":\"https:\/\/www.spaestonia.ee\/resort\/wp-content\/uploads\/2025\/02\/resort-hotel-estonia.png\",\"contentUrl\":\"https:\/\/www.spaestonia.ee\/resort\/wp-content\/uploads\/2025\/02\/resort-hotel-estonia.png\",\"width\":400,\"height\":173,\"caption\":\"ESTONIA Resort Hotel Spa\"},\"image\":{\"@id\":\"https:\/\/www.spaestonia.ee\/resort\/fi\/#\/schema\/logo\/image\/\"},\"sameAs\":[\"https:\/\/www.facebook.com\/EstoniaResortHotel\"]}]}<\/script>\n<!-- \/ Yoast SEO plugin. -->","yoast_head_json":{"title":"Perheen pienimmille! - ESTONIA Resort Hotel Spa","robots":{"index":"index","follow":"follow","max-snippet":"max-snippet:-1","max-image-preview":"max-image-preview:large","max-video-preview":"max-video-preview:-1"},"canonical":"https:\/\/spaestonia.ee\/resort\/fi\/kylpylahoidot\/perheen-pienimmille\/","og_locale":"fi_FI","og_type":"article","og_title":"Perheen pienimmille! - ESTONIA Resort Hotel Spa","og_description":"Mukava mansikka 20 min 26 \u20ac Mansikalla on voimakas tulehduksia est\u00e4v\u00e4 vaikutus. Hoidon aikana lapsen&hellip;","og_url":"https:\/\/spaestonia.ee\/resort\/fi\/kylpylahoidot\/perheen-pienimmille\/","og_site_name":"ESTONIA Resort Hotel Spa","article_publisher":"https:\/\/www.facebook.com\/EstoniaResortHotel","article_modified_time":"2025-10-13T12:29:37+00:00","og_image":[{"url":"https:\/\/spaestonia.ee\/resort\/wp-content\/uploads\/2025\/10\/Estonia-Resort_800px-85-300x300.jpg","type":"","width":"","height":""}],"twitter_card":"summary_large_image","twitter_misc":{"Arvioitu lukuaika":"1 minuutti"},"schema":{"@context":"https:\/\/schema.org","@graph":[{"@type":"WebPage","@id":"https:\/\/spaestonia.ee\/resort\/fi\/kylpylahoidot\/perheen-pienimmille\/","url":"https:\/\/spaestonia.ee\/resort\/fi\/kylpylahoidot\/perheen-pienimmille\/","name":"Perheen pienimmille! - ESTONIA Resort Hotel Spa","isPartOf":{"@id":"https:\/\/www.spaestonia.ee\/resort\/fi\/#website"},"datePublished":"2015-05-12T11:54:14+00:00","dateModified":"2025-10-13T12:29:37+00:00","breadcrumb":{"@id":"https:\/\/spaestonia.ee\/resort\/fi\/kylpylahoidot\/perheen-pienimmille\/#breadcrumb"},"inLanguage":"fi","potentialAction":[{"@type":"ReadAction","target":["https:\/\/spaestonia.ee\/resort\/fi\/kylpylahoidot\/perheen-pienimmille\/"]}]},{"@type":"BreadcrumbList","@id":"https:\/\/spaestonia.ee\/resort\/fi\/kylpylahoidot\/perheen-pienimmille\/#breadcrumb","itemListElement":[{"@type":"ListItem","position":1,"name":"Home","item":"https:\/\/www.spaestonia.ee\/resort\/fi\/"},{"@type":"ListItem","position":2,"name":"Kylpyl\u00e4hoidot","item":"https:\/\/spaestonia.ee\/resort\/fi\/kylpylahoidot\/"},{"@type":"ListItem","position":3,"name":"Perheen pienimmille!"}]},{"@type":"WebSite","@id":"https:\/\/www.spaestonia.ee\/resort\/fi\/#website","url":"https:\/\/www.spaestonia.ee\/resort\/fi\/","name":"ESTONIA Resort Hotel Spa","description":"E-WoW","publisher":{"@id":"https:\/\/www.spaestonia.ee\/resort\/fi\/#organization"},"potentialAction":[{"@type":"SearchAction","target":{"@type":"EntryPoint","urlTemplate":"https:\/\/www.spaestonia.ee\/resort\/fi\/?s={search_term_string}"},"query-input":{"@type":"PropertyValueSpecification","valueRequired":true,"valueName":"search_term_string"}}],"inLanguage":"fi"},{"@type":"Organization","@id":"https:\/\/www.spaestonia.ee\/resort\/fi\/#organization","name":"ESTONIA Resort Hotel Spa","url":"https:\/\/www.spaestonia.ee\/resort\/fi\/","logo":{"@type":"ImageObject","inLanguage":"fi","@id":"https:\/\/www.spaestonia.ee\/resort\/fi\/#\/schema\/logo\/image\/","url":"https:\/\/www.spaestonia.ee\/resort\/wp-content\/uploads\/2025\/02\/resort-hotel-estonia.png","contentUrl":"https:\/\/www.spaestonia.ee\/resort\/wp-content\/uploads\/2025\/02\/resort-hotel-estonia.png","width":400,"height":173,"caption":"ESTONIA Resort Hotel Spa"},"image":{"@id":"https:\/\/www.spaestonia.ee\/resort\/fi\/#\/schema\/logo\/image\/"},"sameAs":["https:\/\/www.facebook.com\/EstoniaResortHotel"]}]}},"_links":{"self":[{"href":"https:\/\/spaestonia.ee\/resort\/fi\/wp-json\/wp\/v2\/pages\/2249","targetHints":{"allow":["GET"]}}],"collection":[{"href":"https:\/\/spaestonia.ee\/resort\/fi\/wp-json\/wp\/v2\/pages"}],"about":[{"href":"https:\/\/spaestonia.ee\/resort\/fi\/wp-json\/wp\/v2\/types\/page"}],"author":[{"embeddable":true,"href":"https:\/\/spaestonia.ee\/resort\/fi\/wp-json\/wp\/v2\/users\/6"}],"replies":[{"embeddable":true,"href":"https:\/\/spaestonia.ee\/resort\/fi\/wp-json\/wp\/v2\/comments?post=2249"}],"version-history":[{"count":13,"href":"https:\/\/spaestonia.ee\/resort\/fi\/wp-json\/wp\/v2\/pages\/2249\/revisions"}],"predecessor-version":[{"id":45505,"href":"https:\/\/spaestonia.ee\/resort\/fi\/wp-json\/wp\/v2\/pages\/2249\/revisions\/45505"}],"up":[{"embeddable":true,"href":"https:\/\/spaestonia.ee\/resort\/fi\/wp-json\/wp\/v2\/pages\/2233"}],"wp:attachment":[{"href":"https:\/\/spaestonia.ee\/resort\/fi\/wp-json\/wp\/v2\/media?parent=2249"}],"curies":[{"name":"wp","href":"https:\/\/api.w.org\/{rel}","templated":true}]}}