{"id":22805,"date":"2015-11-13T09:15:09","date_gmt":"2015-11-13T07:15:09","guid":{"rendered":"http:\/\/www.spaestonia.ee\/resort\/fi\/?page_id=22805"},"modified":"2024-04-16T15:27:01","modified_gmt":"2024-04-16T12:27:01","slug":"varausehdot","status":"publish","type":"page","link":"https:\/\/spaestonia.ee\/resort\/fi\/varausehdot\/","title":{"rendered":"Varausehdot"},"content":{"rendered":"<h3>YLEISET VARAUSEHDOT<\/h3>\n<ol>\n<li>Varaus<br \/>\n\u2013\u00a0Varausvahvistus sek\u00e4 lasku ja tiedot palveluista ja hinnoista l\u00e4hetet\u00e4\u00e4n varaajan s\u00e4hk\u00f6postiosoitteeseen. Kolme p\u00e4iv\u00e4\u00e4 ennen tuloa l\u00e4hetet\u00e4\u00e4n asiakkaille, jotka ovat ilmottaneet s\u00e4hk\u00f6postiosoitteen, varaukseen liittyv\u00e4\u00e4 tietoa.<br \/>\n\u2013\u00a0Lis\u00e4vuoteessa voivat majoittua vain 14-vuotiaat ja sit\u00e4 nuoremmat lapset. Lis\u00e4vuoteen saatavuus vahvistetaan erillisell\u00e4 s\u00e4hk\u00f6postilla 24 tunnin kuluessa arkip\u00e4ivin\u00e4.<\/li>\n<li>Ik\u00e4rajoitukset<br \/>\n\u2013 Lasten hinnalla hotellissa y\u00f6pyv\u00e4t 14-vuotiaat ja sit\u00e4 nuoremmat.<br \/>\n\u2013 Alle 18-vuotiaat voivat tulla vain aikuisen kanssa.<\/li>\n<li>Saapuminen ja l\u00e4hteminen<br \/>\n\u2013 Sis\u00e4\u00e4nkirjautuminen alkaen klo 15.00 ja uloskirjautuminen l\u00e4ht\u00f6p\u00e4iv\u00e4n\u00e4 viimeist\u00e4\u00e4n klo 12.00.<br \/>\n\u2013 Aikaisempi saapuminen tai my\u00f6h\u00e4isempi l\u00e4ht\u00f6 on mahdollista vain hotellin kanssa sovittaessa ja voimassa olevan hinnaston mukaisesti.<\/li>\n<li>Ryhm\u00e4varaukset<br \/>\n\u2013\u00a0Ryhm\u00e4varaukset ovat varauksia, jotka sis\u00e4lt\u00e4v\u00e4t v\u00e4hint\u00e4\u00e4n\u00a06 huonetta.<br \/>\n\u2013 Luettelo majoittuvista henkil\u00f6ist\u00e4 tulee toimittaa viimeist\u00e4\u00e4n 4 arkip\u00e4iv\u00e4\u00e4 ennen saapumista (asiakkaiden etu- ja sukunimet, huoneluokka, lis\u00e4palvelujen varaukset jne.).<\/li>\n<li>Sis\u00e4\u00e4nkirjautumisen yhteydess\u00e4 on esitett\u00e4v\u00e4 luottokortin tiedot, jotta lis\u00e4palvelujen tarjoaminen yksitt\u00e4isille j\u00e4senille ja maksaminen huoneen laskuun olisi mahdollista.<\/li>\n<\/ol>\n<h3>MAKSUEHDOT<\/h3>\n<ol>\n<li>K\u00e4teisell\u00e4 tai pankki- tai luottokortilla<br \/>\nHyv\u00e4ksymme seuraavat luottokortit: Visa, MasterCard ja American Express.<\/li>\n<li>Laskulla maksaminen<br \/>\nLaskulla maksettaessa pyyd\u00e4mme sopimaan j\u00e4rjestelyist\u00e4 etuk\u00e4teen arkip\u00e4ivisin maanantaista perjantaihin, pois lukien kansalliset vapaap\u00e4iv\u00e4t. Hotellilla on oikeus peri\u00e4 korkoa 0,05 % p\u00e4iv\u00e4ss\u00e4, mik\u00e4li maksuaika ylittyy.<\/li>\n<\/ol>\n<h3>MUUTOSEHDOT KOSKIEN ENINT\u00c4\u00c4N\u00a05 HUONEEN VARAUKSIA<\/h3>\n<ol>\n<li>Hotelli pit\u00e4\u00e4 huonetta varattuna saapumisp\u00e4iv\u00e4n\u00e4 klo 18.00 asti. Mik\u00e4li asiakas ei ole peruuttanut varaustaan eik\u00e4 ilmoittanut my\u00f6h\u00e4isemm\u00e4st\u00e4 saapumisesta, hotellilla on oikeus peruuttaa varaus ottamatta yhteytt\u00e4 asiakkaaseen.<\/li>\n<li>Varauksen voi vahvistaa luottokortilla, ennakkomaksulla tai erillisell\u00e4 sopimuksella. T\u00e4ll\u00f6in huonetta pidet\u00e4\u00e4n varattuna asiakkaalle saapumisp\u00e4iv\u00e4n j\u00e4lkeiseen p\u00e4iv\u00e4\u00e4n klo 7.00 asti.<\/li>\n<li><span class=\"tlid-translation translation\" lang=\"fi\"><span class=\"tlid-translation translation\" lang=\"fi\">HUOM! <strong>Maksutta peruutus on teht\u00e4v\u00e4 viimeist\u00e4\u00e4n 48 tuntia ennen vierailua.<\/strong> Mik\u00e4li varaus peruutetaan my\u00f6hemmin tai<\/span><\/span>\u00a0j\u00e4t\u00e4t saapumatta, hotellilla on oikeus veloittaa korvauksena yhden vuorokauden hinta veroineen sek\u00e4 muut mahdolliset varaukseen liittyv\u00e4t lis\u00e4palvelut.<\/li>\n<li>Saapumatta j\u00e4tt\u00e4minen. Luottokortilla vahvistettu varaus tulee peruuttaa saapumisp\u00e4iv\u00e4n\u00e4 viimeist\u00e4\u00e4n klo 18.00. Jos asiakas ei peruuta varaustaan mainittuun aikaan menness\u00e4 eik\u00e4 saavu viimeist\u00e4\u00e4n seuraavana p\u00e4iv\u00e4n\u00e4 klo 7.00, hotellilla on oikeus veloittaa asiakkaan luottokortilta ensimm\u00e4isen y\u00f6n hinta.<\/li>\n<\/ol>\n<h3>MUUTOSEHDOT KOSKIEN\u00a06 JA USEAMMAN HUONEEN VARAUKSIA<\/h3>\n<ol>\n<li>Ryhm\u00e4varausten vahvistettujen huoneiden m\u00e4\u00e4r\u00e4\u00e4 voi muuttaa enint\u00e4\u00e4n 10\u00a0% viimeist\u00e4\u00e4n 4 arkip\u00e4iv\u00e4\u00e4 ennen saapumista.<\/li>\n<li>Jos muutos ylitt\u00e4\u00e4 10\u00a0%, hotellilla on oikeus vaatia korvausta k\u00e4ytt\u00e4m\u00e4tt\u00e4 j\u00e4\u00e4neiden palvelujen hinnasta seuraavasti:<\/li>\n<\/ol>\n<table style=\"height: 481px;\" width=\"718\">\n<tbody>\n<tr>\n<td rowspan=\"2\" width=\"170\">Huoneiden lkm varauksessa<\/td>\n<td rowspan=\"2\" width=\"142\">Peruutus veloituksetta<br \/>\n(p\u00e4iv\u00e4\u00e4 ennen saapumista)<\/td>\n<td colspan=\"3\" width=\"369\">Korvaus my\u00f6hemmin peruutettaessa, % varauksen kokonaishinnasta<\/td>\n<\/tr>\n<tr>\n<td width=\"123\">25% tilauksen kokonaishinnasta<\/td>\n<td width=\"123\">50% tilauksen kokonaishinnasta<\/td>\n<td width=\"123\">100% tilauksen kokonaishinnasta<\/td>\n<\/tr>\n<tr>\n<td width=\"170\">Enint. 5 huonetta<\/td>\n<td width=\"142\">2 p\u00e4iv\u00e4\u00e4<\/td>\n<td width=\"123\"><\/td>\n<td width=\"123\"><\/td>\n<td width=\"123\">0 &#8211; 1 p\u00e4iv\u00e4\u00e4<\/td>\n<\/tr>\n<tr>\n<td width=\"170\">6 \u2013 15 huonetta<\/td>\n<td width=\"142\">14 p\u00e4iv\u00e4\u00e4<\/td>\n<td width=\"123\">8 &#8211; 13 p\u00e4iv\u00e4\u00e4<\/td>\n<td width=\"123\">4 &#8211; 7 p\u00e4iv\u00e4\u00e4<\/td>\n<td width=\"123\">0 &#8211; 3 p\u00e4iv\u00e4\u00e4<\/td>\n<\/tr>\n<tr>\n<td width=\"170\">16 \u2013 30 huonetta<\/td>\n<td width=\"142\">28 p\u00e4iv\u00e4\u00e4<\/td>\n<td width=\"123\">15 &#8211; 27 p\u00e4iv\u00e4\u00e4<\/td>\n<td width=\"123\">8 &#8211; 14 p\u00e4iv\u00e4\u00e4<\/td>\n<td width=\"123\">0 &#8211; 7 p\u00e4iv\u00e4\u00e4<\/td>\n<\/tr>\n<tr>\n<td width=\"170\">31 \u2013 50 huonetta<\/td>\n<td width=\"142\">42 p\u00e4iv\u00e4\u00e4<\/td>\n<td width=\"123\">41 &#8211; 22 p\u00e4iv\u00e4\u00e4<\/td>\n<td width=\"123\">11 &#8211; 21 p\u00e4iv\u00e4\u00e4<\/td>\n<td width=\"123\">0 &#8211; 10 p\u00e4iv\u00e4\u00e4<\/td>\n<\/tr>\n<tr>\n<td width=\"170\">51 \u2013 \u2026 huonetta<\/td>\n<td width=\"142\">56 p\u00e4iv\u00e4\u00e4<\/td>\n<td width=\"123\">55 &#8211; 24 p\u00e4iv\u00e4\u00e4<\/td>\n<td width=\"123\">15 &#8211; 23 p\u00e4iv\u00e4\u00e4<\/td>\n<td width=\"123\">0 &#8211; 14 p\u00e4iv\u00e4\u00e4<\/td>\n<\/tr>\n<\/tbody>\n<\/table>\n<p>Hotellilla on oikeus soveltaa tavallista tiukempia varausehtoja sesonkiaikoina\u00a0jolloin kysynt\u00e4 on suurta ja v\u00e4hint\u00e4\u00e4n 70 huoneen suuriin varauksiin ja my\u00f6s ja erikoistarjousten aikana. T\u00e4ll\u00f6in vahvistamme varausehdot erillisell\u00e4 s\u00e4hk\u00f6postilla.<\/p>\n<h3>VARAUKSET ILMAN MAJOITUSTA<\/h3>\n<ol>\n<li>V\u00e4hint\u00e4\u00e4n 10 hengen ryhm\u00e4varauksissa hotellille on toimitettava viimeist\u00e4\u00e4n 14 p\u00e4iv\u00e4\u00e4 ennen saapumista seuraavat tiedot:<br \/>\n\u2013 ruokailujen menuvalinnat ja aikataulut<br \/>\n\u2013 ryhm\u00e4n yhteyshenkil\u00f6, jolla on oikeus lis\u00e4t\u00e4 varaukseen lis\u00e4tilauksia hotellissa oleskelun aikana; nimi ja matkapuhelinnumero.<\/li>\n<li>Erityistoiveet koskien laskutusta, erityisruokavalioita jne. on toimitettava hotelille viimeist\u00e4\u00e4n 4 arkip\u00e4iv\u00e4\u00e4 ennen saapumista.<\/li>\n<li>Vahvistetun varauksen m\u00e4\u00e4r\u00e4\u00e4 voi muuttaa enint\u00e4\u00e4n 10\u00a0% viimeist\u00e4\u00e4n 4 arkip\u00e4iv\u00e4\u00e4 ennen saapumista.<\/li>\n<li>Jos muutos ylitt\u00e4\u00e4 10\u00a0%, hotellilla on oikeus vaatia korvausta k\u00e4ytt\u00e4m\u00e4tt\u00e4 j\u00e4\u00e4neiden palvelujen hinnasta seuraavasti:<\/li>\n<\/ol>\n<table style=\"height: 481px;\" width=\"718\">\n<tbody>\n<tr>\n<td rowspan=\"2\" width=\"170\">Hl\u00f6m\u00e4\u00e4r\u00e4 varauksessa<\/td>\n<td rowspan=\"2\" width=\"142\">Peruutus veloituksetta<br \/>\n(p\u00e4iv\u00e4\u00e4 ennen saapumista)<\/td>\n<td colspan=\"3\" width=\"369\">Korvaus my\u00f6hemmin peruutettaessa, % varauksen kokonaishinnasta<\/td>\n<\/tr>\n<tr>\n<td width=\"123\">25%\u00a0tilauksen kokonaishinnasta<\/td>\n<td width=\"123\">50%\u00a0tilauksen kokonaishinnasta<\/td>\n<td width=\"123\">100%\u00a0tilauksen kokonaishinnasta<\/td>\n<\/tr>\n<tr>\n<td width=\"170\">Enint. 9 hl\u00f6\u00e4<\/td>\n<td width=\"142\">2\u00a0p\u00e4iv\u00e4\u00e4<\/td>\n<td width=\"123\"><\/td>\n<td width=\"123\"><\/td>\n<td width=\"123\">0 &#8211; 1\u00a0p\u00e4iv\u00e4\u00e4<\/td>\n<\/tr>\n<tr>\n<td width=\"170\">10 \u2013 39 hl\u00f6\u00e4<\/td>\n<td width=\"142\">14\u00a0p\u00e4iv\u00e4\u00e4<\/td>\n<td width=\"123\">7 &#8211; 13 p\u00e4iv\u00e4\u00e4<\/td>\n<td width=\"123\">2 &#8211; 6 p\u00e4iv\u00e4\u00e4<\/td>\n<td width=\"123\">0 &#8211; 1 p\u00e4iv\u00e4\u00e4<\/td>\n<\/tr>\n<tr>\n<td width=\"170\">40 \u2013 99 hl\u00f6\u00e4<\/td>\n<td width=\"142\">30 p\u00e4iv\u00e4\u00e4<\/td>\n<td width=\"123\">14 &#8211; 29 p\u00e4iv\u00e4\u00e4<\/td>\n<td width=\"123\">8 &#8211; 13 p\u00e4iv\u00e4\u00e4<\/td>\n<td width=\"123\">0 &#8211; 7\u00a0p\u00e4iv\u00e4\u00e4<\/td>\n<\/tr>\n<tr>\n<td width=\"170\">100 &#8211; &#8230; hl\u00f6\u00e4<\/td>\n<td width=\"142\">60 p\u00e4iv\u00e4\u00e4<\/td>\n<td width=\"123\">30 &#8211; 59 p\u00e4iv\u00e4\u00e4<\/td>\n<td width=\"123\">15 &#8211; 29 p\u00e4iv\u00e4\u00e4<\/td>\n<td width=\"123\">0 &#8211; 14 p\u00e4iv\u00e4\u00e4<\/td>\n<\/tr>\n<\/tbody>\n<\/table>\n<p>Hotellilla on oikeus soveltaa tavallista tiukempia varausehtoja sesonkiaikoina, jolloin kysynt\u00e4 on suurta ja my\u00f6s erikoistarjousten aikana. T\u00e4ll\u00f6in vahvistamme varausehdot erillisell\u00e4 s\u00e4hk\u00f6postilla.<\/p>\n<h3>TIETOSUOJA<\/h3>\n<p>Kaikkia asiakkaan antamia tietoja s\u00e4ilytet\u00e4\u00e4n ja paljastetaan ainoastaan tietosuojalakien mukaisesti.<\/p>\n","protected":false},"excerpt":{"rendered":"<p>YLEISET VARAUSEHDOT Varaus \u2013\u00a0Varausvahvistus sek\u00e4 lasku ja tiedot palveluista ja hinnoista l\u00e4hetet\u00e4\u00e4n varaajan s\u00e4hk\u00f6postiosoitteeseen. Kolme&hellip;<\/p>\n","protected":false},"author":9,"featured_media":0,"parent":0,"menu_order":0,"comment_status":"closed","ping_status":"open","template":"","meta":{"footnotes":""},"class_list":["post-22805","page","type-page","status-publish","hentry"],"yoast_head":"<!-- This site is optimized with the Yoast SEO plugin v26.7 - https:\/\/yoast.com\/wordpress\/plugins\/seo\/ -->\n<title>Varausehdot - ESTONIA Resort Hotel Spa<\/title>\n<meta name=\"robots\" content=\"index, follow, max-snippet:-1, max-image-preview:large, max-video-preview:-1\" \/>\n<link rel=\"canonical\" href=\"https:\/\/spaestonia.ee\/resort\/fi\/varausehdot\/\" \/>\n<meta property=\"og:locale\" content=\"fi_FI\" \/>\n<meta property=\"og:type\" content=\"article\" \/>\n<meta property=\"og:title\" content=\"Varausehdot - ESTONIA Resort Hotel Spa\" \/>\n<meta property=\"og:description\" content=\"YLEISET VARAUSEHDOT Varaus \u2013\u00a0Varausvahvistus sek\u00e4 lasku ja tiedot palveluista ja hinnoista l\u00e4hetet\u00e4\u00e4n varaajan s\u00e4hk\u00f6postiosoitteeseen. Kolme&hellip;\" \/>\n<meta property=\"og:url\" content=\"https:\/\/spaestonia.ee\/resort\/fi\/varausehdot\/\" \/>\n<meta property=\"og:site_name\" content=\"ESTONIA Resort Hotel Spa\" \/>\n<meta property=\"article:publisher\" content=\"https:\/\/www.facebook.com\/EstoniaResortHotel\" \/>\n<meta property=\"article:modified_time\" content=\"2024-04-16T12:27:01+00:00\" \/>\n<meta name=\"twitter:card\" content=\"summary_large_image\" \/>\n<meta name=\"twitter:label1\" content=\"Arvioitu lukuaika\" \/>\n\t<meta name=\"twitter:data1\" content=\"4 minuuttia\" \/>\n<script type=\"application\/ld+json\" class=\"yoast-schema-graph\">{\"@context\":\"https:\/\/schema.org\",\"@graph\":[{\"@type\":\"WebPage\",\"@id\":\"https:\/\/spaestonia.ee\/resort\/fi\/varausehdot\/\",\"url\":\"https:\/\/spaestonia.ee\/resort\/fi\/varausehdot\/\",\"name\":\"Varausehdot - ESTONIA Resort Hotel Spa\",\"isPartOf\":{\"@id\":\"https:\/\/www.spaestonia.ee\/resort\/fi\/#website\"},\"datePublished\":\"2015-11-13T07:15:09+00:00\",\"dateModified\":\"2024-04-16T12:27:01+00:00\",\"breadcrumb\":{\"@id\":\"https:\/\/spaestonia.ee\/resort\/fi\/varausehdot\/#breadcrumb\"},\"inLanguage\":\"fi\",\"potentialAction\":[{\"@type\":\"ReadAction\",\"target\":[\"https:\/\/spaestonia.ee\/resort\/fi\/varausehdot\/\"]}]},{\"@type\":\"BreadcrumbList\",\"@id\":\"https:\/\/spaestonia.ee\/resort\/fi\/varausehdot\/#breadcrumb\",\"itemListElement\":[{\"@type\":\"ListItem\",\"position\":1,\"name\":\"Home\",\"item\":\"https:\/\/www.spaestonia.ee\/resort\/fi\/\"},{\"@type\":\"ListItem\",\"position\":2,\"name\":\"Varausehdot\"}]},{\"@type\":\"WebSite\",\"@id\":\"https:\/\/www.spaestonia.ee\/resort\/fi\/#website\",\"url\":\"https:\/\/www.spaestonia.ee\/resort\/fi\/\",\"name\":\"ESTONIA Resort Hotel Spa\",\"description\":\"E-WoW\",\"publisher\":{\"@id\":\"https:\/\/www.spaestonia.ee\/resort\/fi\/#organization\"},\"potentialAction\":[{\"@type\":\"SearchAction\",\"target\":{\"@type\":\"EntryPoint\",\"urlTemplate\":\"https:\/\/www.spaestonia.ee\/resort\/fi\/?s={search_term_string}\"},\"query-input\":{\"@type\":\"PropertyValueSpecification\",\"valueRequired\":true,\"valueName\":\"search_term_string\"}}],\"inLanguage\":\"fi\"},{\"@type\":\"Organization\",\"@id\":\"https:\/\/www.spaestonia.ee\/resort\/fi\/#organization\",\"name\":\"ESTONIA Resort Hotel Spa\",\"url\":\"https:\/\/www.spaestonia.ee\/resort\/fi\/\",\"logo\":{\"@type\":\"ImageObject\",\"inLanguage\":\"fi\",\"@id\":\"https:\/\/www.spaestonia.ee\/resort\/fi\/#\/schema\/logo\/image\/\",\"url\":\"https:\/\/www.spaestonia.ee\/resort\/wp-content\/uploads\/2025\/02\/resort-hotel-estonia.png\",\"contentUrl\":\"https:\/\/www.spaestonia.ee\/resort\/wp-content\/uploads\/2025\/02\/resort-hotel-estonia.png\",\"width\":400,\"height\":173,\"caption\":\"ESTONIA Resort Hotel Spa\"},\"image\":{\"@id\":\"https:\/\/www.spaestonia.ee\/resort\/fi\/#\/schema\/logo\/image\/\"},\"sameAs\":[\"https:\/\/www.facebook.com\/EstoniaResortHotel\"]}]}<\/script>\n<!-- \/ Yoast SEO plugin. -->","yoast_head_json":{"title":"Varausehdot - ESTONIA Resort Hotel Spa","robots":{"index":"index","follow":"follow","max-snippet":"max-snippet:-1","max-image-preview":"max-image-preview:large","max-video-preview":"max-video-preview:-1"},"canonical":"https:\/\/spaestonia.ee\/resort\/fi\/varausehdot\/","og_locale":"fi_FI","og_type":"article","og_title":"Varausehdot - ESTONIA Resort Hotel Spa","og_description":"YLEISET VARAUSEHDOT Varaus \u2013\u00a0Varausvahvistus sek\u00e4 lasku ja tiedot palveluista ja hinnoista l\u00e4hetet\u00e4\u00e4n varaajan s\u00e4hk\u00f6postiosoitteeseen. Kolme&hellip;","og_url":"https:\/\/spaestonia.ee\/resort\/fi\/varausehdot\/","og_site_name":"ESTONIA Resort Hotel Spa","article_publisher":"https:\/\/www.facebook.com\/EstoniaResortHotel","article_modified_time":"2024-04-16T12:27:01+00:00","twitter_card":"summary_large_image","twitter_misc":{"Arvioitu lukuaika":"4 minuuttia"},"schema":{"@context":"https:\/\/schema.org","@graph":[{"@type":"WebPage","@id":"https:\/\/spaestonia.ee\/resort\/fi\/varausehdot\/","url":"https:\/\/spaestonia.ee\/resort\/fi\/varausehdot\/","name":"Varausehdot - ESTONIA Resort Hotel Spa","isPartOf":{"@id":"https:\/\/www.spaestonia.ee\/resort\/fi\/#website"},"datePublished":"2015-11-13T07:15:09+00:00","dateModified":"2024-04-16T12:27:01+00:00","breadcrumb":{"@id":"https:\/\/spaestonia.ee\/resort\/fi\/varausehdot\/#breadcrumb"},"inLanguage":"fi","potentialAction":[{"@type":"ReadAction","target":["https:\/\/spaestonia.ee\/resort\/fi\/varausehdot\/"]}]},{"@type":"BreadcrumbList","@id":"https:\/\/spaestonia.ee\/resort\/fi\/varausehdot\/#breadcrumb","itemListElement":[{"@type":"ListItem","position":1,"name":"Home","item":"https:\/\/www.spaestonia.ee\/resort\/fi\/"},{"@type":"ListItem","position":2,"name":"Varausehdot"}]},{"@type":"WebSite","@id":"https:\/\/www.spaestonia.ee\/resort\/fi\/#website","url":"https:\/\/www.spaestonia.ee\/resort\/fi\/","name":"ESTONIA Resort Hotel Spa","description":"E-WoW","publisher":{"@id":"https:\/\/www.spaestonia.ee\/resort\/fi\/#organization"},"potentialAction":[{"@type":"SearchAction","target":{"@type":"EntryPoint","urlTemplate":"https:\/\/www.spaestonia.ee\/resort\/fi\/?s={search_term_string}"},"query-input":{"@type":"PropertyValueSpecification","valueRequired":true,"valueName":"search_term_string"}}],"inLanguage":"fi"},{"@type":"Organization","@id":"https:\/\/www.spaestonia.ee\/resort\/fi\/#organization","name":"ESTONIA Resort Hotel Spa","url":"https:\/\/www.spaestonia.ee\/resort\/fi\/","logo":{"@type":"ImageObject","inLanguage":"fi","@id":"https:\/\/www.spaestonia.ee\/resort\/fi\/#\/schema\/logo\/image\/","url":"https:\/\/www.spaestonia.ee\/resort\/wp-content\/uploads\/2025\/02\/resort-hotel-estonia.png","contentUrl":"https:\/\/www.spaestonia.ee\/resort\/wp-content\/uploads\/2025\/02\/resort-hotel-estonia.png","width":400,"height":173,"caption":"ESTONIA Resort Hotel Spa"},"image":{"@id":"https:\/\/www.spaestonia.ee\/resort\/fi\/#\/schema\/logo\/image\/"},"sameAs":["https:\/\/www.facebook.com\/EstoniaResortHotel"]}]}},"_links":{"self":[{"href":"https:\/\/spaestonia.ee\/resort\/fi\/wp-json\/wp\/v2\/pages\/22805","targetHints":{"allow":["GET"]}}],"collection":[{"href":"https:\/\/spaestonia.ee\/resort\/fi\/wp-json\/wp\/v2\/pages"}],"about":[{"href":"https:\/\/spaestonia.ee\/resort\/fi\/wp-json\/wp\/v2\/types\/page"}],"author":[{"embeddable":true,"href":"https:\/\/spaestonia.ee\/resort\/fi\/wp-json\/wp\/v2\/users\/9"}],"replies":[{"embeddable":true,"href":"https:\/\/spaestonia.ee\/resort\/fi\/wp-json\/wp\/v2\/comments?post=22805"}],"version-history":[{"count":17,"href":"https:\/\/spaestonia.ee\/resort\/fi\/wp-json\/wp\/v2\/pages\/22805\/revisions"}],"predecessor-version":[{"id":40901,"href":"https:\/\/spaestonia.ee\/resort\/fi\/wp-json\/wp\/v2\/pages\/22805\/revisions\/40901"}],"wp:attachment":[{"href":"https:\/\/spaestonia.ee\/resort\/fi\/wp-json\/wp\/v2\/media?parent=22805"}],"curies":[{"name":"wp","href":"https:\/\/api.w.org\/{rel}","templated":true}]}}