{"id":2305,"date":"2015-05-11T23:19:06","date_gmt":"2015-05-11T20:19:06","guid":{"rendered":"https:\/\/www.spaestonia.ee\/resort\/?page_id=2305"},"modified":"2026-04-13T15:47:33","modified_gmt":"2026-04-13T12:47:33","slug":"kylpylahoidot-2","status":"publish","type":"page","link":"https:\/\/spaestonia.ee\/resort\/fi\/kylpylahoidot-2\/","title":{"rendered":"Kylpyl\u00e4hoidot HINNASTO"},"content":{"rendered":"<table style=\"width: 73.2728%; height: 2280px;\" width=\"473\">\n<tbody>\n<tr style=\"height: 75px;\">\n<td style=\"width: 78.6593%; height: 75px;\" width=\"345\">\n<h2>VARTALOHOIDOT<\/h2>\n<\/td>\n<td style=\"width: 13.1578%; height: 75px;\" width=\"64\"><\/td>\n<td style=\"width: 56.6208%; height: 75px;\" width=\"64\"><\/td>\n<\/tr>\n<tr style=\"height: 24px;\">\n<td style=\"width: 78.6593%; height: 24px;\" width=\"345\">Virolainen voimapuu vartalohoito<\/td>\n<td style=\"width: 13.1578%; height: 24px;\">90 min<\/td>\n<td style=\"width: 56.6208%; height: 24px;\">83 \u20ac<\/td>\n<\/tr>\n<tr style=\"height: 24px;\">\n<td style=\"width: 78.6593%; height: 24px;\" width=\"345\">Mutahieronta ja -k\u00e4\u00e4re<\/td>\n<td style=\"width: 13.1578%; height: 24px;\">60 min<\/td>\n<td style=\"width: 56.6208%; height: 24px;\">67 \u20ac<\/td>\n<\/tr>\n<tr style=\"height: 24px;\">\n<td style=\"width: 78.6593%; height: 24px;\" width=\"345\">Mutak\u00e4\u00e4re<\/td>\n<td style=\"width: 13.1578%; height: 24px;\">30 min<\/td>\n<td style=\"width: 56.6208%; height: 24px;\">42 \u20ac<\/td>\n<\/tr>\n<tr style=\"height: 24px;\">\n<td style=\"width: 78.6593%; height: 24px;\" width=\"345\">Turve- ja hunajak\u00e4\u00e4re<\/td>\n<td style=\"width: 13.1578%; height: 24px;\">30 min<\/td>\n<td style=\"width: 56.6208%; height: 24px;\">42 \u20ac<\/td>\n<\/tr>\n<tr style=\"height: 24px;\">\n<td style=\"width: 78.6593%; height: 24px;\" width=\"345\">Turve- ja hunajavartalohoito<\/td>\n<td style=\"width: 13.1578%; height: 24px;\">90 min<\/td>\n<td style=\"width: 56.6208%; height: 24px;\">75 \u20ac<\/td>\n<\/tr>\n<tr style=\"height: 24px;\">\n<td style=\"width: 78.6593%; height: 24px;\" width=\"345\">Hamppu vartalohoito<\/td>\n<td style=\"width: 13.1578%; height: 24px;\">15 min<\/td>\n<td style=\"width: 56.6208%; height: 24px;\">30 \u20ac<\/td>\n<\/tr>\n<tr style=\"height: 24px;\">\n<td style=\"width: 78.6593%; height: 24px;\" width=\"345\">Pihlajahoito hieronnalla<\/td>\n<td style=\"width: 13.1578%; height: 24px;\" width=\"64\">90 min<\/td>\n<td style=\"width: 56.6208%; height: 24px;\">83 \u20ac<\/td>\n<\/tr>\n<tr style=\"height: 24px;\">\n<td style=\"width: 78.6593%; height: 24px;\" width=\"345\">Rentouttava ja puhdistavan vihre\u00e4 tee -hoito<\/td>\n<td style=\"width: 13.1578%; height: 24px;\" width=\"64\">45 min<\/td>\n<td style=\"width: 56.6208%; height: 24px;\">55 \u20ac<\/td>\n<\/tr>\n<tr style=\"height: 24px;\">\n<td style=\"width: 78.6593%; height: 24px;\">Yrttikylpy ja t\u00e4ydellinen vartalohoito<\/td>\n<td style=\"width: 13.1578%; height: 24px;\">90 min<\/td>\n<td style=\"width: 56.6208%; height: 24px;\">89 \u20ac<\/td>\n<\/tr>\n<tr style=\"height: 75px;\">\n<td style=\"width: 78.6593%; height: 75px;\">\n<h2>HIERONNAT<\/h2>\n<\/td>\n<td style=\"width: 13.1578%; height: 75px;\"><\/td>\n<td style=\"width: 56.6208%; height: 75px;\"><\/td>\n<\/tr>\n<tr style=\"height: 24px;\">\n<td style=\"width: 78.6593%; height: 24px;\" width=\"345\">Vahvistava rohtonyyttihieronta<\/td>\n<td style=\"width: 13.1578%; height: 24px;\">60 min<\/td>\n<td style=\"width: 56.6208%; height: 24px;\">67 \u20ac<\/td>\n<\/tr>\n<tr style=\"height: 48px;\">\n<td style=\"width: 78.6593%; height: 48px;\" width=\"345\">\u00a0Hunajakennohieronta<\/td>\n<td style=\"width: 13.1578%; height: 48px;\" width=\"64\">30 min<br \/>\n60 min<\/td>\n<td style=\"width: 56.6208%; height: 48px;\" width=\"64\">47 \u20ac<br \/>\n62 \u20ac<\/td>\n<\/tr>\n<tr style=\"height: 24px;\">\n<td style=\"width: 78.6593%; height: 24px;\" width=\"345\">Hamppu\u00f6ljuhieronta<\/td>\n<td style=\"width: 13.1578%; height: 24px;\" width=\"64\">60 min<\/td>\n<td style=\"width: 56.6208%; height: 24px;\" width=\"64\">63 \u20ac<\/td>\n<\/tr>\n<tr style=\"height: 24px;\">\n<td style=\"width: 78.6593%; height: 24px;\" width=\"345\">Turvehieronta<\/td>\n<td style=\"width: 13.1578%; height: 24px;\" width=\"64\">50 min<\/td>\n<td style=\"width: 56.6208%; height: 24px;\" width=\"64\">57\u20ac<\/td>\n<\/tr>\n<tr style=\"height: 24px;\">\n<td style=\"width: 78.6593%; height: 24px;\" width=\"345\">Golfihieronta<\/td>\n<td style=\"width: 13.1578%; height: 24px;\" width=\"64\">45 min<\/td>\n<td style=\"width: 56.6208%; height: 24px;\" width=\"64\">55 \u20ac<\/td>\n<\/tr>\n<tr style=\"height: 24px;\">\n<td style=\"width: 78.6593%; height: 24px;\" width=\"345\">Rentouttava niskahieronta<\/td>\n<td style=\"width: 13.1578%; height: 24px;\">30 min<\/td>\n<td style=\"width: 56.6208%; height: 24px;\">46 \u20ac<\/td>\n<\/tr>\n<tr style=\"height: 48px;\">\n<td style=\"width: 78.6593%; height: 48px;\" width=\"345\">Klassinen puolihieronta (k\u00e4idet tai p\u00e4\u00e4 tai jalat)<\/td>\n<td style=\"width: 13.1578%; height: 48px;\">30 min<\/td>\n<td style=\"width: 56.6208%; height: 48px;\">42 \u20ac<\/td>\n<\/tr>\n<tr style=\"height: 24px;\">\n<td style=\"width: 78.6593%; height: 24px;\" width=\"345\">Klassinen hieronta<\/td>\n<td style=\"width: 13.1578%; height: 24px;\">60 min<\/td>\n<td style=\"width: 56.6208%; height: 24px;\">62 \u20ac<\/td>\n<\/tr>\n<tr style=\"height: 24px;\">\n<td style=\"width: 78.6593%; height: 24px;\" width=\"345\">Hunajahieronta<\/td>\n<td style=\"width: 13.1578%; height: 24px;\">60 min<\/td>\n<td style=\"width: 56.6208%; height: 24px;\">65 \u20ac<\/td>\n<\/tr>\n<tr style=\"height: 24px;\">\n<td style=\"width: 78.6593%; height: 24px;\" width=\"345\">Abhyanga hieronta<\/td>\n<td style=\"width: 13.1578%; height: 24px;\">60 min<\/td>\n<td style=\"width: 56.6208%; height: 24px;\">67 \u20ac<\/td>\n<\/tr>\n<tr style=\"height: 75px;\">\n<td style=\"width: 78.6593%; height: 75px;\">\n<h2>KYLPYHOIDOT<\/h2>\n<\/td>\n<td style=\"width: 13.1578%; height: 75px;\" width=\"64\"><\/td>\n<td style=\"width: 56.6208%; height: 75px;\" width=\"64\"><\/td>\n<\/tr>\n<tr style=\"height: 24px;\">\n<td style=\"width: 78.6593%; height: 24px;\" width=\"345\">Maitokylpy hunajan ja laventelin kanssa<\/td>\n<td style=\"width: 13.1578%; height: 24px;\">30 min<\/td>\n<td style=\"width: 56.6208%; height: 24px;\" width=\"64\">35 \u20ac<\/td>\n<\/tr>\n<tr style=\"height: 48px;\">\n<td style=\"width: 78.6593%; height: 48px;\" width=\"345\">Maitokylpy hunajan ja laventelin kanssa, kahdelle<\/td>\n<td style=\"width: 13.1578%; height: 48px;\">30 min<\/td>\n<td style=\"width: 56.6208%; height: 48px;\">45 \u20ac<\/td>\n<\/tr>\n<tr style=\"height: 24px;\">\n<td style=\"width: 78.6593%; height: 24px;\" width=\"345\">Magnesium-kotikaljakylpy<\/td>\n<td style=\"width: 13.1578%; height: 24px;\">30 min<\/td>\n<td style=\"width: 56.6208%; height: 24px;\">38 \u20ac<\/td>\n<\/tr>\n<tr style=\"height: 24px;\">\n<td style=\"width: 78.6593%; height: 24px;\" width=\"345\">Magnesium-kotikaljakylpy kahdelle<\/td>\n<td style=\"width: 13.1578%; height: 24px;\">30 min<\/td>\n<td style=\"width: 56.6208%; height: 24px;\">48 \u20ac<\/td>\n<\/tr>\n<tr style=\"height: 24px;\">\n<td style=\"width: 78.6593%; height: 24px;\" width=\"345\">Vesihieronta magnesiumkylvyss\u00e4<\/td>\n<td style=\"width: 13.1578%; height: 24px;\">30 min<\/td>\n<td style=\"width: 56.6208%; height: 24px;\" width=\"64\">45 \u20ac<\/td>\n<\/tr>\n<tr style=\"height: 48px;\">\n<td style=\"width: 78.6593%; height: 48px;\" width=\"345\">Hevoskastanja- ja chili-selluliittihoito vartalolle<\/td>\n<td style=\"width: 13.1578%; height: 48px;\">60 min<\/td>\n<td style=\"width: 56.6208%; height: 48px;\">65 \u20ac<\/td>\n<\/tr>\n<tr style=\"height: 24px;\">\n<td style=\"width: 78.6593%; height: 24px;\" width=\"345\">Hamppukylpy ja vartalohoito<\/td>\n<td style=\"width: 13.1578%; height: 24px;\">50 min<\/td>\n<td style=\"width: 56.6208%; height: 24px;\">57 \u20ac<\/td>\n<\/tr>\n<tr style=\"height: 75px;\">\n<td style=\"width: 78.6593%; height: 75px;\">\n<h2>KASVO- JA P\u00c4\u00c4HOIDOT<\/h2>\n<\/td>\n<td style=\"width: 13.1578%; height: 75px;\"><\/td>\n<td style=\"width: 56.6208%; height: 75px;\"><\/td>\n<\/tr>\n<tr style=\"height: 24px;\">\n<td style=\"width: 78.6593%; height: 24px;\" width=\"345\">Villiruusu-kasvohoito<\/td>\n<td style=\"width: 13.1578%; height: 24px;\">50 min<\/td>\n<td style=\"width: 56.6208%; height: 24px;\">57 \u20ac<\/td>\n<\/tr>\n<tr style=\"height: 24px;\">\n<td style=\"width: 78.6593%; height: 24px;\" width=\"345\">Turve-angervo kasvohoito<\/td>\n<td style=\"width: 13.1578%; height: 24px;\">50 min<\/td>\n<td style=\"width: 56.6208%; height: 24px;\">57 \u20ac<\/td>\n<\/tr>\n<tr style=\"height: 24px;\">\n<td style=\"width: 78.6593%; height: 24px;\" width=\"345\">Kasvohoito Dosha-tyypin mukaan<\/td>\n<td style=\"width: 13.1578%; height: 24px;\">60 min<\/td>\n<td style=\"width: 56.6208%; height: 24px;\">69 \u20ac<\/td>\n<\/tr>\n<tr style=\"height: 24px;\">\n<td style=\"width: 78.6593%; height: 24px;\" width=\"345\">Sundari kauniit silm\u00e4t<\/td>\n<td style=\"width: 13.1578%; height: 24px;\">30 min<\/td>\n<td style=\"width: 56.6208%; height: 24px;\">42 \u20ac<\/td>\n<\/tr>\n<tr style=\"height: 48px;\">\n<td style=\"width: 78.6593%; height: 48px;\" width=\"345\">Sothys kosteuttava intensiivinen hoito Hydra Hyaluronic Acid 4<\/td>\n<td style=\"width: 13.1578%; height: 48px;\">75 min<\/td>\n<td style=\"width: 56.6208%; height: 48px;\">95 \u20ac<\/td>\n<\/tr>\n<tr style=\"height: 48px;\">\n<td style=\"width: 78.6593%; height: 48px;\" width=\"345\">Sothys kryo-silm\u00e4nymp\u00e4ryshoito posliinilusikoilla<\/td>\n<td style=\"width: 13.1578%; height: 48px;\">45 min<\/td>\n<td style=\"width: 56.6208%; height: 48px;\">65 \u20ac<\/td>\n<\/tr>\n<tr style=\"height: 24px;\">\n<td style=\"width: 78.6593%; height: 24px;\" width=\"345\">Sothys kasvojen kausihoito<\/td>\n<td style=\"width: 13.1578%; height: 24px;\">45 min<\/td>\n<td style=\"width: 56.6208%; height: 24px;\">68 \u20ac<\/td>\n<\/tr>\n<tr style=\"height: 48px;\">\n<td style=\"width: 78.6593%; height: 48px;\" width=\"345\">Sothys rauhoittava kasvohoito Spa\u2122-termaalivedell\u00e4<strong><br \/>\n<\/strong><\/td>\n<td style=\"width: 13.1578%; height: 48px;\">50 min<\/td>\n<td style=\"width: 56.6208%; height: 48px;\">70 \u20ac<\/td>\n<\/tr>\n<tr style=\"height: 24px;\">\n<td style=\"width: 78.6593%; height: 24px;\">P\u00e4\u00e4nahan hoito<\/td>\n<td style=\"width: 13.1578%; height: 24px;\">30 min<\/td>\n<td style=\"width: 56.6208%; height: 24px;\">42 \u20ac<\/td>\n<\/tr>\n<tr style=\"height: 75px;\">\n<td style=\"width: 78.6593%; height: 75px;\">\n<h2>K\u00c4SI- JA JALKAHOIDOT<\/h2>\n<\/td>\n<td style=\"width: 13.1578%; height: 75px;\"><\/td>\n<td style=\"width: 56.6208%; height: 75px;\"><\/td>\n<\/tr>\n<tr style=\"height: 24px;\">\n<td style=\"width: 78.6593%; height: 24px;\" width=\"345\">Ruiskaunokki jalkakylpy<\/td>\n<td style=\"width: 13.1578%; height: 24px;\">60 min<\/td>\n<td style=\"width: 56.6208%; height: 24px;\">47 \u20ac<\/td>\n<\/tr>\n<tr style=\"height: 24px;\">\n<td style=\"width: 78.6593%; height: 24px;\" width=\"345\">Ruiskaunokki-jalkahoito ja pedikyyri<\/td>\n<td style=\"width: 13.1578%; height: 24px;\">90 min<\/td>\n<td style=\"width: 56.6208%; height: 24px;\">67 \u20ac<\/td>\n<\/tr>\n<tr style=\"height: 24px;\">\n<td style=\"width: 78.6593%; height: 24px;\" width=\"345\">Virkist\u00e4v\u00e4 jalkahoito<\/td>\n<td style=\"width: 13.1578%; height: 24px;\">30 min<\/td>\n<td style=\"width: 56.6208%; height: 24px;\">40 \u20ac<\/td>\n<\/tr>\n<tr style=\"height: 24px;\">\n<td style=\"width: 78.6593%; height: 24px;\" width=\"345\">Keh\u00e4kukka-mehil\u00e4isvaha k\u00e4sihoito<\/td>\n<td style=\"width: 13.1578%; height: 24px;\">60 min<\/td>\n<td style=\"width: 56.6208%; height: 24px;\">55 \u20ac<\/td>\n<\/tr>\n<tr style=\"height: 24px;\">\n<td style=\"width: 78.6593%; height: 24px;\" width=\"345\">Mehil\u00e4isvaha-k\u00e4sihoito ja hartiahieronta<\/td>\n<td style=\"width: 13.1578%; height: 24px;\">30 min<\/td>\n<td style=\"width: 56.6208%; height: 24px;\">43 \u20ac<\/td>\n<\/tr>\n<tr style=\"height: 24px;\">\n<td style=\"width: 78.6593%; height: 24px;\">Klassinen manikyyri<\/td>\n<td style=\"width: 13.1578%; height: 24px;\">60 min<\/td>\n<td style=\"width: 56.6208%; height: 24px;\">50 \u20ac<\/td>\n<\/tr>\n<tr style=\"height: 24px;\">\n<td style=\"width: 78.6593%; height: 24px;\">Klassinen pedikyyri<\/td>\n<td style=\"width: 13.1578%; height: 24px;\">60 min<\/td>\n<td style=\"width: 56.6208%; height: 24px;\">55 \u20ac<\/td>\n<\/tr>\n<tr style=\"height: 48px;\">\n<td style=\"width: 78.6593%; height: 48px;\" width=\"345\">Sundarin kokonaisvaltainen rituaali<\/td>\n<td style=\"width: 13.1578%; height: 48px;\">180 min<\/td>\n<td style=\"width: 56.6208%; height: 48px;\">155 \u20ac<\/td>\n<\/tr>\n<tr style=\"height: 75px;\">\n<td style=\"width: 78.6593%; height: 75px;\">\n<h2>LAPSILLE 14 V SAAKKA<\/h2>\n<\/td>\n<td style=\"width: 13.1578%; height: 75px;\"><\/td>\n<td style=\"width: 56.6208%; height: 75px;\"><\/td>\n<\/tr>\n<tr style=\"height: 24px;\">\n<td style=\"width: 78.6593%; height: 24px;\" width=\"345\">Mukava mansikka<\/td>\n<td style=\"width: 13.1578%; height: 24px;\">20 min<\/td>\n<td style=\"width: 56.6208%; height: 24px;\">30 \u20ac<\/td>\n<\/tr>\n<tr style=\"height: 24px;\">\n<td style=\"width: 78.6593%; height: 24px;\" width=\"345\">Tehokas hieronta<\/td>\n<td style=\"width: 13.1578%; height: 24px;\">20 min<\/td>\n<td style=\"width: 56.6208%; height: 24px;\" width=\"64\">26 \u20ac<\/td>\n<\/tr>\n<tr style=\"height: 48px;\">\n<td style=\"width: 78.6593%; height: 48px;\" width=\"345\">Super vaahtokylpy<br \/>\nSuper vaahtokylpy, 2 lapselle<\/td>\n<td style=\"width: 13.1578%; height: 48px;\">20 min<br \/>\n20 min<\/td>\n<td style=\"width: 56.6208%; height: 48px;\">25 \u20ac<br \/>\n35 \u20ac<\/td>\n<\/tr>\n<tr style=\"height: 75px;\">\n<td style=\"width: 78.6593%; height: 75px;\" width=\"345\">\n<h2>SUOLAS\u00c4NKYHOIDOT<\/h2>\n<\/td>\n<td style=\"width: 13.1578%; height: 75px;\"><\/td>\n<td style=\"width: 56.6208%; height: 75px;\"><\/td>\n<\/tr>\n<tr style=\"height: 48px;\">\n<td style=\"width: 78.6593%; height: 48px;\" width=\"345\">Kristallisuolahellint\u00e4<\/td>\n<td style=\"width: 13.1578%; height: 48px;\">20 min<br \/>\n50 min<\/td>\n<td style=\"width: 56.6208%; height: 48px;\">15 \u20ac<br \/>\n30 \u20ac<\/td>\n<\/tr>\n<tr style=\"height: 75px;\">\n<td style=\"width: 78.6593%; height: 75px;\" width=\"345\">\n<h2>THAI-HIERONNAT<\/h2>\n<\/td>\n<td style=\"width: 13.1578%; height: 75px;\"><\/td>\n<td style=\"width: 56.6208%; height: 75px;\"><\/td>\n<\/tr>\n<tr style=\"height: 24px;\">\n<td style=\"width: 78.6593%; height: 24px;\" width=\"345\">Thai-hieronta<\/td>\n<td style=\"width: 13.1578%; height: 24px;\">60 min<\/td>\n<td style=\"width: 56.6208%; height: 24px;\">65 \u20ac<\/td>\n<\/tr>\n<tr style=\"height: 24px;\">\n<td style=\"width: 78.6593%; height: 24px;\" width=\"345\"><\/td>\n<td style=\"width: 13.1578%; height: 24px;\">90 min<\/td>\n<td style=\"width: 56.6208%; height: 24px;\">80 \u20ac<\/td>\n<\/tr>\n<tr style=\"height: 48px;\">\n<td style=\"width: 78.6593%; height: 48px;\" width=\"345\"><\/td>\n<td style=\"width: 13.1578%; height: 48px;\">120 min<\/td>\n<td style=\"width: 56.6208%; height: 48px;\">95 \u20ac<\/td>\n<\/tr>\n<tr style=\"height: 24px;\">\n<td style=\"width: 78.6593%; height: 24px;\" width=\"345\">Thai-hieronta \u00f6ljyll\u00e4<\/td>\n<td style=\"width: 13.1578%; height: 24px;\">60 min<\/td>\n<td style=\"width: 56.6208%; height: 24px;\">65 \u20ac<\/td>\n<\/tr>\n<tr style=\"height: 24px;\">\n<td style=\"width: 78.6593%; height: 24px;\" width=\"345\"><\/td>\n<td style=\"width: 13.1578%; height: 24px;\">90 min<\/td>\n<td style=\"width: 56.6208%; height: 24px;\">80 \u20ac<\/td>\n<\/tr>\n<tr style=\"height: 48px;\">\n<td style=\"width: 78.6593%; height: 48px;\" width=\"345\"><\/td>\n<td style=\"width: 13.1578%; height: 48px;\">120 min<\/td>\n<td style=\"width: 56.6208%; height: 48px;\">95 \u20ac<\/td>\n<\/tr>\n<tr style=\"height: 24px;\">\n<td style=\"width: 78.6593%; height: 24px;\" width=\"345\">Thai-jalkapohjahieronta<\/td>\n<td style=\"width: 13.1578%; height: 24px;\">60 min<\/td>\n<td style=\"width: 56.6208%; height: 24px;\">59 \u20ac<\/td>\n<\/tr>\n<tr style=\"height: 24px;\">\n<td style=\"width: 78.6593%; height: 24px;\" width=\"345\">Thai-p\u00e4\u00e4- ja hartiahieronta<\/td>\n<td style=\"width: 13.1578%; height: 24px;\">30 min<\/td>\n<td style=\"width: 56.6208%; height: 24px;\">45 \u20ac<\/td>\n<\/tr>\n<\/tbody>\n<\/table>\n<p><strong>Yhteys<\/strong><strong>tiedot<\/strong>: e-mail\u00a0<a href=\"mailto:resort.spa@spaestonia.ee\">resort.spa@spaestonia.ee<\/a>, puh +372 440 1013<\/p>\n","protected":false},"excerpt":{"rendered":"<p>VARTALOHOIDOT Virolainen voimapuu vartalohoito 90 min 83 \u20ac Mutahieronta ja -k\u00e4\u00e4re 60 min 67 \u20ac&hellip;<\/p>\n","protected":false},"author":1,"featured_media":0,"parent":0,"menu_order":0,"comment_status":"closed","ping_status":"open","template":"page-nobron_page.php","meta":{"footnotes":""},"class_list":["post-2305","page","type-page","status-publish","hentry"],"yoast_head":"<!-- This site is optimized with the Yoast SEO plugin v26.7 - https:\/\/yoast.com\/wordpress\/plugins\/seo\/ -->\n<title>Kylpyl\u00e4hoidot HINNASTO - ESTONIA Resort Hotel Spa<\/title>\n<meta name=\"robots\" content=\"index, follow, max-snippet:-1, max-image-preview:large, max-video-preview:-1\" \/>\n<link rel=\"canonical\" href=\"https:\/\/spaestonia.ee\/resort\/fi\/kylpylahoidot-2\/\" \/>\n<meta property=\"og:locale\" content=\"fi_FI\" \/>\n<meta property=\"og:type\" content=\"article\" \/>\n<meta property=\"og:title\" content=\"Kylpyl\u00e4hoidot HINNASTO - ESTONIA Resort Hotel Spa\" \/>\n<meta property=\"og:description\" content=\"VARTALOHOIDOT Virolainen voimapuu vartalohoito 90 min 83 \u20ac Mutahieronta ja -k\u00e4\u00e4re 60 min 67 \u20ac&hellip;\" \/>\n<meta property=\"og:url\" content=\"https:\/\/spaestonia.ee\/resort\/fi\/kylpylahoidot-2\/\" \/>\n<meta property=\"og:site_name\" content=\"ESTONIA Resort Hotel Spa\" \/>\n<meta property=\"article:publisher\" content=\"https:\/\/www.facebook.com\/EstoniaResortHotel\" \/>\n<meta property=\"article:modified_time\" content=\"2026-04-13T12:47:33+00:00\" \/>\n<meta name=\"twitter:card\" content=\"summary_large_image\" \/>\n<meta name=\"twitter:label1\" content=\"Arvioitu lukuaika\" \/>\n\t<meta name=\"twitter:data1\" content=\"3 minuuttia\" \/>\n<script type=\"application\/ld+json\" class=\"yoast-schema-graph\">{\"@context\":\"https:\/\/schema.org\",\"@graph\":[{\"@type\":\"WebPage\",\"@id\":\"https:\/\/spaestonia.ee\/resort\/fi\/kylpylahoidot-2\/\",\"url\":\"https:\/\/spaestonia.ee\/resort\/fi\/kylpylahoidot-2\/\",\"name\":\"Kylpyl\u00e4hoidot HINNASTO - ESTONIA Resort Hotel Spa\",\"isPartOf\":{\"@id\":\"https:\/\/www.spaestonia.ee\/resort\/fi\/#website\"},\"datePublished\":\"2015-05-11T20:19:06+00:00\",\"dateModified\":\"2026-04-13T12:47:33+00:00\",\"breadcrumb\":{\"@id\":\"https:\/\/spaestonia.ee\/resort\/fi\/kylpylahoidot-2\/#breadcrumb\"},\"inLanguage\":\"fi\",\"potentialAction\":[{\"@type\":\"ReadAction\",\"target\":[\"https:\/\/spaestonia.ee\/resort\/fi\/kylpylahoidot-2\/\"]}]},{\"@type\":\"BreadcrumbList\",\"@id\":\"https:\/\/spaestonia.ee\/resort\/fi\/kylpylahoidot-2\/#breadcrumb\",\"itemListElement\":[{\"@type\":\"ListItem\",\"position\":1,\"name\":\"Home\",\"item\":\"https:\/\/www.spaestonia.ee\/resort\/fi\/\"},{\"@type\":\"ListItem\",\"position\":2,\"name\":\"Kylpyl\u00e4hoidot HINNASTO\"}]},{\"@type\":\"WebSite\",\"@id\":\"https:\/\/www.spaestonia.ee\/resort\/fi\/#website\",\"url\":\"https:\/\/www.spaestonia.ee\/resort\/fi\/\",\"name\":\"ESTONIA Resort Hotel Spa\",\"description\":\"E-WoW\",\"publisher\":{\"@id\":\"https:\/\/www.spaestonia.ee\/resort\/fi\/#organization\"},\"potentialAction\":[{\"@type\":\"SearchAction\",\"target\":{\"@type\":\"EntryPoint\",\"urlTemplate\":\"https:\/\/www.spaestonia.ee\/resort\/fi\/?s={search_term_string}\"},\"query-input\":{\"@type\":\"PropertyValueSpecification\",\"valueRequired\":true,\"valueName\":\"search_term_string\"}}],\"inLanguage\":\"fi\"},{\"@type\":\"Organization\",\"@id\":\"https:\/\/www.spaestonia.ee\/resort\/fi\/#organization\",\"name\":\"ESTONIA Resort Hotel Spa\",\"url\":\"https:\/\/www.spaestonia.ee\/resort\/fi\/\",\"logo\":{\"@type\":\"ImageObject\",\"inLanguage\":\"fi\",\"@id\":\"https:\/\/www.spaestonia.ee\/resort\/fi\/#\/schema\/logo\/image\/\",\"url\":\"https:\/\/www.spaestonia.ee\/resort\/wp-content\/uploads\/2025\/02\/resort-hotel-estonia.png\",\"contentUrl\":\"https:\/\/www.spaestonia.ee\/resort\/wp-content\/uploads\/2025\/02\/resort-hotel-estonia.png\",\"width\":400,\"height\":173,\"caption\":\"ESTONIA Resort Hotel Spa\"},\"image\":{\"@id\":\"https:\/\/www.spaestonia.ee\/resort\/fi\/#\/schema\/logo\/image\/\"},\"sameAs\":[\"https:\/\/www.facebook.com\/EstoniaResortHotel\"]}]}<\/script>\n<!-- \/ Yoast SEO plugin. -->","yoast_head_json":{"title":"Kylpyl\u00e4hoidot HINNASTO - ESTONIA Resort Hotel Spa","robots":{"index":"index","follow":"follow","max-snippet":"max-snippet:-1","max-image-preview":"max-image-preview:large","max-video-preview":"max-video-preview:-1"},"canonical":"https:\/\/spaestonia.ee\/resort\/fi\/kylpylahoidot-2\/","og_locale":"fi_FI","og_type":"article","og_title":"Kylpyl\u00e4hoidot HINNASTO - ESTONIA Resort Hotel Spa","og_description":"VARTALOHOIDOT Virolainen voimapuu vartalohoito 90 min 83 \u20ac Mutahieronta ja -k\u00e4\u00e4re 60 min 67 \u20ac&hellip;","og_url":"https:\/\/spaestonia.ee\/resort\/fi\/kylpylahoidot-2\/","og_site_name":"ESTONIA Resort Hotel Spa","article_publisher":"https:\/\/www.facebook.com\/EstoniaResortHotel","article_modified_time":"2026-04-13T12:47:33+00:00","twitter_card":"summary_large_image","twitter_misc":{"Arvioitu lukuaika":"3 minuuttia"},"schema":{"@context":"https:\/\/schema.org","@graph":[{"@type":"WebPage","@id":"https:\/\/spaestonia.ee\/resort\/fi\/kylpylahoidot-2\/","url":"https:\/\/spaestonia.ee\/resort\/fi\/kylpylahoidot-2\/","name":"Kylpyl\u00e4hoidot HINNASTO - ESTONIA Resort Hotel Spa","isPartOf":{"@id":"https:\/\/www.spaestonia.ee\/resort\/fi\/#website"},"datePublished":"2015-05-11T20:19:06+00:00","dateModified":"2026-04-13T12:47:33+00:00","breadcrumb":{"@id":"https:\/\/spaestonia.ee\/resort\/fi\/kylpylahoidot-2\/#breadcrumb"},"inLanguage":"fi","potentialAction":[{"@type":"ReadAction","target":["https:\/\/spaestonia.ee\/resort\/fi\/kylpylahoidot-2\/"]}]},{"@type":"BreadcrumbList","@id":"https:\/\/spaestonia.ee\/resort\/fi\/kylpylahoidot-2\/#breadcrumb","itemListElement":[{"@type":"ListItem","position":1,"name":"Home","item":"https:\/\/www.spaestonia.ee\/resort\/fi\/"},{"@type":"ListItem","position":2,"name":"Kylpyl\u00e4hoidot HINNASTO"}]},{"@type":"WebSite","@id":"https:\/\/www.spaestonia.ee\/resort\/fi\/#website","url":"https:\/\/www.spaestonia.ee\/resort\/fi\/","name":"ESTONIA Resort Hotel Spa","description":"E-WoW","publisher":{"@id":"https:\/\/www.spaestonia.ee\/resort\/fi\/#organization"},"potentialAction":[{"@type":"SearchAction","target":{"@type":"EntryPoint","urlTemplate":"https:\/\/www.spaestonia.ee\/resort\/fi\/?s={search_term_string}"},"query-input":{"@type":"PropertyValueSpecification","valueRequired":true,"valueName":"search_term_string"}}],"inLanguage":"fi"},{"@type":"Organization","@id":"https:\/\/www.spaestonia.ee\/resort\/fi\/#organization","name":"ESTONIA Resort Hotel Spa","url":"https:\/\/www.spaestonia.ee\/resort\/fi\/","logo":{"@type":"ImageObject","inLanguage":"fi","@id":"https:\/\/www.spaestonia.ee\/resort\/fi\/#\/schema\/logo\/image\/","url":"https:\/\/www.spaestonia.ee\/resort\/wp-content\/uploads\/2025\/02\/resort-hotel-estonia.png","contentUrl":"https:\/\/www.spaestonia.ee\/resort\/wp-content\/uploads\/2025\/02\/resort-hotel-estonia.png","width":400,"height":173,"caption":"ESTONIA Resort Hotel Spa"},"image":{"@id":"https:\/\/www.spaestonia.ee\/resort\/fi\/#\/schema\/logo\/image\/"},"sameAs":["https:\/\/www.facebook.com\/EstoniaResortHotel"]}]}},"_links":{"self":[{"href":"https:\/\/spaestonia.ee\/resort\/fi\/wp-json\/wp\/v2\/pages\/2305","targetHints":{"allow":["GET"]}}],"collection":[{"href":"https:\/\/spaestonia.ee\/resort\/fi\/wp-json\/wp\/v2\/pages"}],"about":[{"href":"https:\/\/spaestonia.ee\/resort\/fi\/wp-json\/wp\/v2\/types\/page"}],"author":[{"embeddable":true,"href":"https:\/\/spaestonia.ee\/resort\/fi\/wp-json\/wp\/v2\/users\/1"}],"replies":[{"embeddable":true,"href":"https:\/\/spaestonia.ee\/resort\/fi\/wp-json\/wp\/v2\/comments?post=2305"}],"version-history":[{"count":52,"href":"https:\/\/spaestonia.ee\/resort\/fi\/wp-json\/wp\/v2\/pages\/2305\/revisions"}],"predecessor-version":[{"id":47256,"href":"https:\/\/spaestonia.ee\/resort\/fi\/wp-json\/wp\/v2\/pages\/2305\/revisions\/47256"}],"wp:attachment":[{"href":"https:\/\/spaestonia.ee\/resort\/fi\/wp-json\/wp\/v2\/media?parent=2305"}],"curies":[{"name":"wp","href":"https:\/\/api.w.org\/{rel}","templated":true}]}}