{"id":2310,"date":"2015-05-12T14:44:06","date_gmt":"2015-05-12T11:44:06","guid":{"rendered":"https:\/\/www.spaestonia.ee\/resort\/?page_id=2310"},"modified":"2025-01-02T12:49:37","modified_gmt":"2025-01-02T10:49:37","slug":"suosittelemme-miehille","status":"publish","type":"page","link":"https:\/\/spaestonia.ee\/resort\/fi\/kylpylahoidot\/suosittelemme-miehille\/","title":{"rendered":"Suosittelemme MIEHILLE!"},"content":{"rendered":"<h3>Hamppu\u00f6ljyhieronta<br \/>\n60 min 63 \u20ac<\/h3>\n<p>Hamppu\u00f6ljyhieronta tarjoaa koko vartaloa rentouttavan hieronnan hamppu\u00f6ljyll\u00e4. Hamppu on yksi vanhimmista kasveista, jota on vuosisatoja kasvatettu sen kest\u00e4v\u00e4n kuidun ja \u00f6ljyisten siementen saamiseksi. Hampun ulkoisella k\u00e4yt\u00f6ll\u00e4 on ik\u00e4\u00e4ntymist\u00e4 est\u00e4v\u00e4 vaikutus. Hoito sopii hampun siemeniss\u00e4 olevien vitamiinien ja \u00f6ljyjen vuoksi hyvin ihon kosteutukseen ja on omega3 -rasvahappojen vuoksi eritt\u00e4in tehokas luonnollinen rasvanpolttaja. Lievitt\u00e4\u00e4 urheilun seurauksena syntyneit\u00e4 lihasj\u00e4nnitteit\u00e4.<\/p>\n<h3>Magnesium-kotikaljakylpy<br \/>\n30 min 38 \u20ac<\/h3>\n<p>Magnesium on yksi t\u00e4rkeimmist\u00e4 mineraaleista, jota organismimme tarvitsee toimiakseen normaalisti. Keho saa magnesiumia erityisen hyvin l\u00e4mpim\u00e4ss\u00e4 kylpyvedess\u00e4 ihon l\u00e4pi. Magnesiumkylpy sopii hyvin magnesiumin puutteen ehk\u00e4isemiseksi ja lievitt\u00e4miseksi. Kotikaljalla on humalan vuoksi paljon hyvi\u00e4 ja terveellisi\u00e4 ominaisuuksia, jotka ovat hy\u00f6dyllisi\u00e4 iholle, nivelille ja hermostolle. Humala sis\u00e4lt\u00e4\u00e4 B6-ryhm\u00e4n vitamiineja, joten sill\u00e4 on vahvasti rauhoittava vaikutus. Magnesiumia ja kotikaljaa sis\u00e4lt\u00e4v\u00e4 kylpy lievitt\u00e4\u00e4 j\u00e4nnityksi\u00e4, virkist\u00e4\u00e4 ja antaa uutta energiaa. Kylvyn j\u00e4lkeen, kun vartalo on voideltu rauhoittavalla ja kosteuttavalla kotikaljavoiteella, j\u00e4\u00e4 iho eritt\u00e4in pehme\u00e4ksi ja tunne mukavaksi.<\/p>\n<h3>Sundari kasvohoito miehille<br \/>\n60 min 72 \u20ac<\/h3>\n<p>Erityisesti miehille tarkoitettu kasvohoito perustuu neempuun eritt\u00e4in hoitavaan vaikutukseen. Hoidossa k\u00e4ytet\u00e4\u00e4n entsyymikuorijaa \u2013 neempuuta ja avokadoa sis\u00e4lt\u00e4v\u00e4\u00e4 kosteuttajaa, joka pehmitt\u00e4\u00e4 ihoa ja hoitaa parranajossa syntyneit\u00e4 tulehduksia ja haavoja. Hoidon j\u00e4lkeen iho on miellytt\u00e4v\u00e4n raikas, puhdas ja pehme\u00e4.<\/p>\n<h3>Golfhieronta<br \/>\n45 min 55 \u20ac<\/h3>\n<p>Golfhieronta on tarkoitettu erityisesti kaikille, jotka ovat k\u00e4velleet tuntikausia (nurmikolla) ja saaneet hartiat ja sel\u00e4n jumiin t\u00e4ydellist\u00e4 ly\u00f6nti\u00e4 t\u00e4hd\u00e4tess\u00e4\u00e4n\u2026<br \/>\nGolfhieronta on yhdistelm\u00e4 klassista hierontaa sek\u00e4 perinteist\u00e4 virolaista lihashierontaa: se sis\u00e4lt\u00e4\u00e4 muinaisvirolaiseen hierontaperinteeseen kuuluvia puristuksia ja venytyksi\u00e4 ja keskittyy erityisesti jalkoihin ja selk\u00e4\u00e4n. Lihasten syv\u00e4llisess\u00e4 k\u00e4sittelyss\u00e4 k\u00e4ytet\u00e4\u00e4n apuna l\u00e4mmitetty\u00e4 kaurapussia.<br \/>\nGolfhieronta on erinomainen hoito lihasj\u00e4ykkyyden ja -s\u00e4ryn lievitykseen.<\/p>\n<hr \/>\n<p><strong>Yhteystiedot<\/strong>: e-mail\u00a0<a href=\"mailto:resort.spa@spaestonia.ee\">resort.spa@spaestonia.ee<\/a>, puh +372 440 1013<\/p>\n","protected":false},"excerpt":{"rendered":"<p>Hamppu\u00f6ljyhieronta 60 min 63 \u20ac Hamppu\u00f6ljyhieronta tarjoaa koko vartaloa rentouttavan hieronnan hamppu\u00f6ljyll\u00e4. Hamppu on yksi&hellip;<\/p>\n","protected":false},"author":1,"featured_media":0,"parent":2233,"menu_order":0,"comment_status":"closed","ping_status":"open","template":"page-nobron_page.php","meta":{"footnotes":""},"class_list":["post-2310","page","type-page","status-publish","hentry"],"yoast_head":"<!-- This site is optimized with the Yoast SEO plugin v26.7 - https:\/\/yoast.com\/wordpress\/plugins\/seo\/ -->\n<title>Suosittelemme MIEHILLE! - ESTONIA Resort Hotel Spa<\/title>\n<meta name=\"robots\" content=\"index, follow, max-snippet:-1, max-image-preview:large, max-video-preview:-1\" \/>\n<link rel=\"canonical\" href=\"https:\/\/spaestonia.ee\/resort\/fi\/kylpylahoidot\/suosittelemme-miehille\/\" \/>\n<meta property=\"og:locale\" content=\"fi_FI\" \/>\n<meta property=\"og:type\" content=\"article\" \/>\n<meta property=\"og:title\" content=\"Suosittelemme MIEHILLE! - ESTONIA Resort Hotel Spa\" \/>\n<meta property=\"og:description\" content=\"Hamppu\u00f6ljyhieronta 60 min 63 \u20ac Hamppu\u00f6ljyhieronta tarjoaa koko vartaloa rentouttavan hieronnan hamppu\u00f6ljyll\u00e4. Hamppu on yksi&hellip;\" \/>\n<meta property=\"og:url\" content=\"https:\/\/spaestonia.ee\/resort\/fi\/kylpylahoidot\/suosittelemme-miehille\/\" \/>\n<meta property=\"og:site_name\" content=\"ESTONIA Resort Hotel Spa\" \/>\n<meta property=\"article:publisher\" content=\"https:\/\/www.facebook.com\/EstoniaResortHotel\" \/>\n<meta property=\"article:modified_time\" content=\"2025-01-02T10:49:37+00:00\" \/>\n<meta name=\"twitter:card\" content=\"summary_large_image\" \/>\n<meta name=\"twitter:label1\" content=\"Arvioitu lukuaika\" \/>\n\t<meta name=\"twitter:data1\" content=\"1 minuutti\" \/>\n<script type=\"application\/ld+json\" class=\"yoast-schema-graph\">{\"@context\":\"https:\/\/schema.org\",\"@graph\":[{\"@type\":\"WebPage\",\"@id\":\"https:\/\/spaestonia.ee\/resort\/fi\/kylpylahoidot\/suosittelemme-miehille\/\",\"url\":\"https:\/\/spaestonia.ee\/resort\/fi\/kylpylahoidot\/suosittelemme-miehille\/\",\"name\":\"Suosittelemme MIEHILLE! - ESTONIA Resort Hotel Spa\",\"isPartOf\":{\"@id\":\"https:\/\/www.spaestonia.ee\/resort\/fi\/#website\"},\"datePublished\":\"2015-05-12T11:44:06+00:00\",\"dateModified\":\"2025-01-02T10:49:37+00:00\",\"breadcrumb\":{\"@id\":\"https:\/\/spaestonia.ee\/resort\/fi\/kylpylahoidot\/suosittelemme-miehille\/#breadcrumb\"},\"inLanguage\":\"fi\",\"potentialAction\":[{\"@type\":\"ReadAction\",\"target\":[\"https:\/\/spaestonia.ee\/resort\/fi\/kylpylahoidot\/suosittelemme-miehille\/\"]}]},{\"@type\":\"BreadcrumbList\",\"@id\":\"https:\/\/spaestonia.ee\/resort\/fi\/kylpylahoidot\/suosittelemme-miehille\/#breadcrumb\",\"itemListElement\":[{\"@type\":\"ListItem\",\"position\":1,\"name\":\"Home\",\"item\":\"https:\/\/www.spaestonia.ee\/resort\/fi\/\"},{\"@type\":\"ListItem\",\"position\":2,\"name\":\"Kylpyl\u00e4hoidot\",\"item\":\"https:\/\/spaestonia.ee\/resort\/fi\/kylpylahoidot\/\"},{\"@type\":\"ListItem\",\"position\":3,\"name\":\"Suosittelemme MIEHILLE!\"}]},{\"@type\":\"WebSite\",\"@id\":\"https:\/\/www.spaestonia.ee\/resort\/fi\/#website\",\"url\":\"https:\/\/www.spaestonia.ee\/resort\/fi\/\",\"name\":\"ESTONIA Resort Hotel Spa\",\"description\":\"E-WoW\",\"publisher\":{\"@id\":\"https:\/\/www.spaestonia.ee\/resort\/fi\/#organization\"},\"potentialAction\":[{\"@type\":\"SearchAction\",\"target\":{\"@type\":\"EntryPoint\",\"urlTemplate\":\"https:\/\/www.spaestonia.ee\/resort\/fi\/?s={search_term_string}\"},\"query-input\":{\"@type\":\"PropertyValueSpecification\",\"valueRequired\":true,\"valueName\":\"search_term_string\"}}],\"inLanguage\":\"fi\"},{\"@type\":\"Organization\",\"@id\":\"https:\/\/www.spaestonia.ee\/resort\/fi\/#organization\",\"name\":\"ESTONIA Resort Hotel Spa\",\"url\":\"https:\/\/www.spaestonia.ee\/resort\/fi\/\",\"logo\":{\"@type\":\"ImageObject\",\"inLanguage\":\"fi\",\"@id\":\"https:\/\/www.spaestonia.ee\/resort\/fi\/#\/schema\/logo\/image\/\",\"url\":\"https:\/\/www.spaestonia.ee\/resort\/wp-content\/uploads\/2025\/02\/resort-hotel-estonia.png\",\"contentUrl\":\"https:\/\/www.spaestonia.ee\/resort\/wp-content\/uploads\/2025\/02\/resort-hotel-estonia.png\",\"width\":400,\"height\":173,\"caption\":\"ESTONIA Resort Hotel Spa\"},\"image\":{\"@id\":\"https:\/\/www.spaestonia.ee\/resort\/fi\/#\/schema\/logo\/image\/\"},\"sameAs\":[\"https:\/\/www.facebook.com\/EstoniaResortHotel\"]}]}<\/script>\n<!-- \/ Yoast SEO plugin. -->","yoast_head_json":{"title":"Suosittelemme MIEHILLE! - ESTONIA Resort Hotel Spa","robots":{"index":"index","follow":"follow","max-snippet":"max-snippet:-1","max-image-preview":"max-image-preview:large","max-video-preview":"max-video-preview:-1"},"canonical":"https:\/\/spaestonia.ee\/resort\/fi\/kylpylahoidot\/suosittelemme-miehille\/","og_locale":"fi_FI","og_type":"article","og_title":"Suosittelemme MIEHILLE! - ESTONIA Resort Hotel Spa","og_description":"Hamppu\u00f6ljyhieronta 60 min 63 \u20ac Hamppu\u00f6ljyhieronta tarjoaa koko vartaloa rentouttavan hieronnan hamppu\u00f6ljyll\u00e4. Hamppu on yksi&hellip;","og_url":"https:\/\/spaestonia.ee\/resort\/fi\/kylpylahoidot\/suosittelemme-miehille\/","og_site_name":"ESTONIA Resort Hotel Spa","article_publisher":"https:\/\/www.facebook.com\/EstoniaResortHotel","article_modified_time":"2025-01-02T10:49:37+00:00","twitter_card":"summary_large_image","twitter_misc":{"Arvioitu lukuaika":"1 minuutti"},"schema":{"@context":"https:\/\/schema.org","@graph":[{"@type":"WebPage","@id":"https:\/\/spaestonia.ee\/resort\/fi\/kylpylahoidot\/suosittelemme-miehille\/","url":"https:\/\/spaestonia.ee\/resort\/fi\/kylpylahoidot\/suosittelemme-miehille\/","name":"Suosittelemme MIEHILLE! - ESTONIA Resort Hotel Spa","isPartOf":{"@id":"https:\/\/www.spaestonia.ee\/resort\/fi\/#website"},"datePublished":"2015-05-12T11:44:06+00:00","dateModified":"2025-01-02T10:49:37+00:00","breadcrumb":{"@id":"https:\/\/spaestonia.ee\/resort\/fi\/kylpylahoidot\/suosittelemme-miehille\/#breadcrumb"},"inLanguage":"fi","potentialAction":[{"@type":"ReadAction","target":["https:\/\/spaestonia.ee\/resort\/fi\/kylpylahoidot\/suosittelemme-miehille\/"]}]},{"@type":"BreadcrumbList","@id":"https:\/\/spaestonia.ee\/resort\/fi\/kylpylahoidot\/suosittelemme-miehille\/#breadcrumb","itemListElement":[{"@type":"ListItem","position":1,"name":"Home","item":"https:\/\/www.spaestonia.ee\/resort\/fi\/"},{"@type":"ListItem","position":2,"name":"Kylpyl\u00e4hoidot","item":"https:\/\/spaestonia.ee\/resort\/fi\/kylpylahoidot\/"},{"@type":"ListItem","position":3,"name":"Suosittelemme MIEHILLE!"}]},{"@type":"WebSite","@id":"https:\/\/www.spaestonia.ee\/resort\/fi\/#website","url":"https:\/\/www.spaestonia.ee\/resort\/fi\/","name":"ESTONIA Resort Hotel Spa","description":"E-WoW","publisher":{"@id":"https:\/\/www.spaestonia.ee\/resort\/fi\/#organization"},"potentialAction":[{"@type":"SearchAction","target":{"@type":"EntryPoint","urlTemplate":"https:\/\/www.spaestonia.ee\/resort\/fi\/?s={search_term_string}"},"query-input":{"@type":"PropertyValueSpecification","valueRequired":true,"valueName":"search_term_string"}}],"inLanguage":"fi"},{"@type":"Organization","@id":"https:\/\/www.spaestonia.ee\/resort\/fi\/#organization","name":"ESTONIA Resort Hotel Spa","url":"https:\/\/www.spaestonia.ee\/resort\/fi\/","logo":{"@type":"ImageObject","inLanguage":"fi","@id":"https:\/\/www.spaestonia.ee\/resort\/fi\/#\/schema\/logo\/image\/","url":"https:\/\/www.spaestonia.ee\/resort\/wp-content\/uploads\/2025\/02\/resort-hotel-estonia.png","contentUrl":"https:\/\/www.spaestonia.ee\/resort\/wp-content\/uploads\/2025\/02\/resort-hotel-estonia.png","width":400,"height":173,"caption":"ESTONIA Resort Hotel Spa"},"image":{"@id":"https:\/\/www.spaestonia.ee\/resort\/fi\/#\/schema\/logo\/image\/"},"sameAs":["https:\/\/www.facebook.com\/EstoniaResortHotel"]}]}},"_links":{"self":[{"href":"https:\/\/spaestonia.ee\/resort\/fi\/wp-json\/wp\/v2\/pages\/2310","targetHints":{"allow":["GET"]}}],"collection":[{"href":"https:\/\/spaestonia.ee\/resort\/fi\/wp-json\/wp\/v2\/pages"}],"about":[{"href":"https:\/\/spaestonia.ee\/resort\/fi\/wp-json\/wp\/v2\/types\/page"}],"author":[{"embeddable":true,"href":"https:\/\/spaestonia.ee\/resort\/fi\/wp-json\/wp\/v2\/users\/1"}],"replies":[{"embeddable":true,"href":"https:\/\/spaestonia.ee\/resort\/fi\/wp-json\/wp\/v2\/comments?post=2310"}],"version-history":[{"count":16,"href":"https:\/\/spaestonia.ee\/resort\/fi\/wp-json\/wp\/v2\/pages\/2310\/revisions"}],"predecessor-version":[{"id":43609,"href":"https:\/\/spaestonia.ee\/resort\/fi\/wp-json\/wp\/v2\/pages\/2310\/revisions\/43609"}],"up":[{"embeddable":true,"href":"https:\/\/spaestonia.ee\/resort\/fi\/wp-json\/wp\/v2\/pages\/2233"}],"wp:attachment":[{"href":"https:\/\/spaestonia.ee\/resort\/fi\/wp-json\/wp\/v2\/media?parent=2310"}],"curies":[{"name":"wp","href":"https:\/\/api.w.org\/{rel}","templated":true}]}}