{"id":2996,"date":"2015-06-04T11:55:07","date_gmt":"2015-06-04T08:55:07","guid":{"rendered":"https:\/\/www.spaestonia.ee\/resort\/?page_id=2996"},"modified":"2026-01-09T11:27:18","modified_gmt":"2026-01-09T09:27:18","slug":"spa-ja-sauna-keskuksen-hinnasto","status":"publish","type":"page","link":"https:\/\/spaestonia.ee\/resort\/fi\/spaa-ja-saunakeskus\/spa-ja-sauna-keskuksen-hinnasto\/","title":{"rendered":"SPA- ja SAUNA -keskuksen hinnasto"},"content":{"rendered":"<p><span class=\"tlid-translation translation\" lang=\"fi\"><span class=\"\" title=\"\"><strong>SPA &amp; SAUN<\/strong> sijaitsee ESTONIA Resort Hotel &amp; Spa: n spa- ja kokousrakennuksen 3. kerroksessa osoitteessa A.H.Tammsaare 6, P\u00e4rnu. <\/span><span class=\"\" title=\"\"><strong>Keskus on avoinna<\/strong> p\u00e4ivitt\u00e4in klo 10.00\u201322.00, <a href=\"https:\/\/www.spaestonia.ee\/resort\/fi\/spaa-ja-saunakeskus\/huoltopaivat\/\">huoltop\u00e4ivi\u00e4<\/a> lukuun ottamatta.<\/span><\/span><\/p>\n<h3><strong>Hinnasto\u00a0<\/strong><\/h3>\n<table style=\"height: 266px;\" width=\"671\">\n<tbody>\n<tr>\n<td><\/td>\n<td>\n<p style=\"text-align: center;\"><strong>Su-To<br \/>\n10-22<\/strong><\/p>\n<\/td>\n<td>\n<p style=\"text-align: center;\"><strong>Pe-La\u00a010-22<\/strong><br \/>\n<strong>Viron juhlap\u00e4iv\u00e4t<\/strong><\/p>\n<\/td>\n<\/tr>\n<tr style=\"height: 25px;\">\n<td><strong>SPA &amp; SAUN keskuksen 3h k\u00e4ytt\u00f6<\/strong><\/td>\n<td>\n<p style=\"text-align: center;\">21 \u20ac<\/p>\n<\/td>\n<td>\n<p style=\"text-align: center;\">28 \u20ac<\/p>\n<\/td>\n<\/tr>\n<tr style=\"height: 25px;\">\n<td><strong>Hotellissa majottuville SPA &amp; SAUN<\/strong><\/td>\n<td>\n<p style=\"text-align: center;\">sis. majoitukseen<\/p>\n<\/td>\n<td>\n<p style=\"text-align: center;\">sis. majoitukseen<\/p>\n<\/td>\n<\/tr>\n<tr style=\"height: 25px;\">\n<td><strong>Pyyhevuokraus<\/strong><\/td>\n<td>\n<p style=\"text-align: center;\">3 \u20ac<\/p>\n<\/td>\n<td>\n<p style=\"text-align: center;\">3 \u20ac<\/p>\n<\/td>\n<\/tr>\n<\/tbody>\n<\/table>\n<ul>\n<li><span class=\"\" title=\"\"><strong>Viron juhlap\u00e4iv\u00e4t<\/strong>: 1.1, 24.2, 5.4, 24.5, 23.6, 24.6, 20.8, 24.12.2026<br \/>\n<\/span><\/li>\n<li>Hinnat sis\u00e4lt\u00e4v\u00e4t 3 tunnin vierailun.<\/li>\n<li>Uimapuvun ja varvastossujen k\u00e4ytt\u00f6 on pakollista.<\/li>\n<li>Ennakkovarausta ei tarvita.<\/li>\n<\/ul>\n<p><strong>Lapset:<br \/>\n<\/strong>\u2013\u00a0Alle nelivuotiaat <strong>ilmaiseksi<\/strong><br \/>\n\u2013\u00a04-14 v <strong>50% aikuisten hinnasta<\/strong> (lukuun ottamatta Kuolleenmerenallasta, ym. lis\u00e4palveluja)<\/p>\n<p><strong>Lis\u00e4maksusta:<\/strong><br \/>\n\u2013\u00a0Lis\u00e4tunti SPA ja SAUNA -keskuksessa 5 \u20ac<br \/>\n\u2013\u00a0<a href=\"https:\/\/www.spaestonia.ee\/resort\/fi\/spaa-ja-saunakeskus\/kuolleenmeren-allas\/\">Kuolleenmeren allas<\/a> 10 \u20ac<br \/>\n\u2013\u00a0Yksityissauna <a title=\"KADAKA-klubin yksityissauna\" href=\"https:\/\/www.spaestonia.ee\/resort\/fi\/spaa-ja-saunakeskus\/kadaka-klubin-yksityissauna\/\">KATAJA KLUBI<\/a> 99 \u20ac\/tunti, min. 2h. (hinta sis\u00e4lt\u00e4\u00e4 SPA ja SAUNA-keskuksen sis\u00e4\u00e4np\u00e4\u00e4symaksun)<\/p>\n<p>Kylpyl\u00e4vierailun aikana on mahdollista varaata erilaisia\u00a0<a href=\"https:\/\/www.spaestonia.ee\/resort\/fi\/kylpylahoidot\/\">kylpyl\u00e4hoitoja<\/a> lis\u00e4maksusta.<\/p>\n<p><strong>Lis\u00e4tietoja:\u00a0<\/strong> <a href=\"mailto:resort.spa@spaestonia.ee\">resort.spa@spaestonia.ee<\/a>, +372 440 1014<\/p>\n<div class='gallery-article'><ul id='gallery-article0' class='list gallery-list galleryid-0 gallery-columns-3 gallery-size-thumbnail'><li class='gallery-item'>\n\t\t<p class='gallery-icon'>\n\t\t<a href='https:\/\/spaestonia.ee\/resort\/wp-content\/uploads\/2018\/03\/SpaEstonia-29.jpg' title=\"\" data-rl_title=\"\" class=\"rl-gallery-link\" data-rl_caption=\"\" data-rel=\"lightbox-gallery-0\"><img loading=\"lazy\" decoding=\"async\" width=\"300\" height=\"300\" src=\"https:\/\/spaestonia.ee\/resort\/wp-content\/uploads\/2018\/03\/SpaEstonia-29-300x300.jpg\" class=\"attachment-thumbnail size-thumbnail\" alt=\"\" srcset=\"https:\/\/spaestonia.ee\/resort\/wp-content\/uploads\/2018\/03\/SpaEstonia-29-300x300.jpg 300w, https:\/\/spaestonia.ee\/resort\/wp-content\/uploads\/2018\/03\/SpaEstonia-29-181x181.jpg 181w\" sizes=\"auto, (max-width: 300px) 100vw, 300px\" \/><\/a>\n\t\t<\/p><\/li><li class='gallery-item'>\n\t\t<p class='gallery-icon'>\n\t\t<a href='https:\/\/spaestonia.ee\/resort\/wp-content\/uploads\/2015\/05\/gallery-Resort-spaa-saun-valiterrass-2-800.jpg' title=\"\" data-rl_title=\"\" class=\"rl-gallery-link\" data-rl_caption=\"\" data-rel=\"lightbox-gallery-0\"><img loading=\"lazy\" decoding=\"async\" width=\"300\" height=\"300\" src=\"https:\/\/spaestonia.ee\/resort\/wp-content\/uploads\/2015\/05\/gallery-Resort-spaa-saun-valiterrass-2-800-300x300.jpg\" class=\"attachment-thumbnail size-thumbnail\" alt=\"\" srcset=\"https:\/\/spaestonia.ee\/resort\/wp-content\/uploads\/2015\/05\/gallery-Resort-spaa-saun-valiterrass-2-800-300x300.jpg 300w, https:\/\/spaestonia.ee\/resort\/wp-content\/uploads\/2015\/05\/gallery-Resort-spaa-saun-valiterrass-2-800-181x181.jpg 181w\" sizes=\"auto, (max-width: 300px) 100vw, 300px\" \/><\/a>\n\t\t<\/p><\/li><li class='gallery-item'>\n\t\t<p class='gallery-icon'>\n\t\t<a href='https:\/\/spaestonia.ee\/resort\/wp-content\/uploads\/2020\/05\/ESTONIA-Resort-Hotel-Spa_autor-Bj\u00f6rn-O\u00dc80-e1685606437846.jpg' title=\"\" data-rl_title=\"\" class=\"rl-gallery-link\" data-rl_caption=\"\" data-rel=\"lightbox-gallery-0\"><img loading=\"lazy\" decoding=\"async\" width=\"300\" height=\"300\" src=\"https:\/\/spaestonia.ee\/resort\/wp-content\/uploads\/2020\/05\/ESTONIA-Resort-Hotel-Spa_autor-Bj\u00f6rn-O\u00dc80-300x300.jpg\" class=\"attachment-thumbnail size-thumbnail\" alt=\"\" srcset=\"https:\/\/spaestonia.ee\/resort\/wp-content\/uploads\/2020\/05\/ESTONIA-Resort-Hotel-Spa_autor-Bj\u00f6rn-O\u00dc80-300x300.jpg 300w, https:\/\/spaestonia.ee\/resort\/wp-content\/uploads\/2020\/05\/ESTONIA-Resort-Hotel-Spa_autor-Bj\u00f6rn-O\u00dc80-181x181.jpg 181w\" sizes=\"auto, (max-width: 300px) 100vw, 300px\" \/><\/a>\n\t\t<\/p><\/li><li class='gallery-item'>\n\t\t<p class='gallery-icon'>\n\t\t<a href='https:\/\/spaestonia.ee\/resort\/wp-content\/uploads\/2024\/01\/Privaatsaun.jpg' title=\"\" data-rl_title=\"\" class=\"rl-gallery-link\" data-rl_caption=\"\" data-rel=\"lightbox-gallery-0\"><img loading=\"lazy\" decoding=\"async\" width=\"300\" height=\"300\" src=\"https:\/\/spaestonia.ee\/resort\/wp-content\/uploads\/2024\/01\/Privaatsaun-300x300.jpg\" class=\"attachment-thumbnail size-thumbnail\" alt=\"Privaatsaun\" srcset=\"https:\/\/spaestonia.ee\/resort\/wp-content\/uploads\/2024\/01\/Privaatsaun-300x300.jpg 300w, https:\/\/spaestonia.ee\/resort\/wp-content\/uploads\/2024\/01\/Privaatsaun-181x181.jpg 181w\" sizes=\"auto, (max-width: 300px) 100vw, 300px\" \/><\/a>\n\t\t<\/p><\/li><li class='gallery-item'>\n\t\t<p class='gallery-icon'>\n\t\t<a href='https:\/\/spaestonia.ee\/resort\/wp-content\/uploads\/2015\/05\/gallery-Resort-spaa-suur-bassein-1-800-e1437569313938.jpg' title=\"\" data-rl_title=\"\" class=\"rl-gallery-link\" data-rl_caption=\"\" data-rel=\"lightbox-gallery-0\"><img loading=\"lazy\" decoding=\"async\" width=\"300\" height=\"300\" src=\"https:\/\/spaestonia.ee\/resort\/wp-content\/uploads\/2015\/05\/gallery-Resort-spaa-suur-bassein-1-800-300x300.jpg\" class=\"attachment-thumbnail size-thumbnail\" alt=\"\" srcset=\"https:\/\/spaestonia.ee\/resort\/wp-content\/uploads\/2015\/05\/gallery-Resort-spaa-suur-bassein-1-800-300x300.jpg 300w, https:\/\/spaestonia.ee\/resort\/wp-content\/uploads\/2015\/05\/gallery-Resort-spaa-suur-bassein-1-800-181x181.jpg 181w\" sizes=\"auto, (max-width: 300px) 100vw, 300px\" \/><\/a>\n\t\t<\/p><\/li><li class='gallery-item'>\n\t\t<p class='gallery-icon'>\n\t\t<a href='https:\/\/spaestonia.ee\/resort\/wp-content\/uploads\/2018\/04\/Resort-spa-ja-saun-22-Renee-Altrov.jpg' title=\"\" data-rl_title=\"\" class=\"rl-gallery-link\" data-rl_caption=\"\" data-rel=\"lightbox-gallery-0\"><img loading=\"lazy\" decoding=\"async\" width=\"300\" height=\"300\" src=\"https:\/\/spaestonia.ee\/resort\/wp-content\/uploads\/2018\/04\/Resort-spa-ja-saun-22-Renee-Altrov-300x300.jpg\" class=\"attachment-thumbnail size-thumbnail\" alt=\"\" srcset=\"https:\/\/spaestonia.ee\/resort\/wp-content\/uploads\/2018\/04\/Resort-spa-ja-saun-22-Renee-Altrov-300x300.jpg 300w, https:\/\/spaestonia.ee\/resort\/wp-content\/uploads\/2018\/04\/Resort-spa-ja-saun-22-Renee-Altrov-181x181.jpg 181w\" sizes=\"auto, (max-width: 300px) 100vw, 300px\" \/><\/a>\n\t\t<\/p><\/li><li class='gallery-item'>\n\t\t<p class='gallery-icon'>\n\t\t<a href='https:\/\/spaestonia.ee\/resort\/wp-content\/uploads\/2015\/06\/350-Resort-spaa-saun-KUUM-koht.jpg' title=\"\" data-rl_title=\"\" class=\"rl-gallery-link\" data-rl_caption=\"\" data-rel=\"lightbox-gallery-0\"><img loading=\"lazy\" decoding=\"async\" width=\"300\" height=\"233\" src=\"https:\/\/spaestonia.ee\/resort\/wp-content\/uploads\/2015\/06\/350-Resort-spaa-saun-KUUM-koht-300x233.jpg\" class=\"attachment-thumbnail size-thumbnail\" alt=\"\" \/><\/a>\n\t\t<\/p><\/li><li class='gallery-item'>\n\t\t<p class='gallery-icon'>\n\t\t<a href='https:\/\/spaestonia.ee\/resort\/wp-content\/uploads\/2015\/06\/350-Resort-spaa-saun-SUITSU-saun.jpg' title=\"\" data-rl_title=\"\" class=\"rl-gallery-link\" data-rl_caption=\"\" data-rel=\"lightbox-gallery-0\"><img loading=\"lazy\" decoding=\"async\" width=\"300\" height=\"233\" src=\"https:\/\/spaestonia.ee\/resort\/wp-content\/uploads\/2015\/06\/350-Resort-spaa-saun-SUITSU-saun-300x233.jpg\" class=\"attachment-thumbnail size-thumbnail\" alt=\"\" \/><\/a>\n\t\t<\/p><\/li><li class='gallery-item'>\n\t\t<p class='gallery-icon'>\n\t\t<a href='https:\/\/spaestonia.ee\/resort\/wp-content\/uploads\/2015\/06\/350-Resort-spaa-saun-LOHNA-saun.jpg' title=\"\" data-rl_title=\"\" class=\"rl-gallery-link\" data-rl_caption=\"\" data-rel=\"lightbox-gallery-0\"><img loading=\"lazy\" decoding=\"async\" width=\"300\" height=\"233\" src=\"https:\/\/spaestonia.ee\/resort\/wp-content\/uploads\/2015\/06\/350-Resort-spaa-saun-LOHNA-saun-300x233.jpg\" class=\"attachment-thumbnail size-thumbnail\" alt=\"\" \/><\/a>\n\t\t<\/p><\/li><\/ul>\n<\/div>\n\n","protected":false},"excerpt":{"rendered":"<p>SPA &amp; SAUN sijaitsee ESTONIA Resort Hotel &amp; Spa: n spa- ja kokousrakennuksen 3. kerroksessa&hellip;<\/p>\n","protected":false},"author":1,"featured_media":0,"parent":447,"menu_order":0,"comment_status":"closed","ping_status":"open","template":"page-nobron_page.php","meta":{"footnotes":""},"class_list":["post-2996","page","type-page","status-publish","hentry"],"yoast_head":"<!-- This site is optimized with the Yoast SEO plugin v26.7 - https:\/\/yoast.com\/wordpress\/plugins\/seo\/ -->\n<title>SPA- ja SAUNA -keskuksen hinnasto - ESTONIA Resort Hotel Spa<\/title>\n<meta name=\"robots\" content=\"index, follow, max-snippet:-1, max-image-preview:large, max-video-preview:-1\" \/>\n<link rel=\"canonical\" href=\"https:\/\/spaestonia.ee\/resort\/fi\/spaa-ja-saunakeskus\/spa-ja-sauna-keskuksen-hinnasto\/\" \/>\n<meta property=\"og:locale\" content=\"fi_FI\" \/>\n<meta property=\"og:type\" content=\"article\" \/>\n<meta property=\"og:title\" content=\"SPA- ja SAUNA -keskuksen hinnasto - ESTONIA Resort Hotel Spa\" \/>\n<meta property=\"og:description\" content=\"SPA &amp; SAUN sijaitsee ESTONIA Resort Hotel &amp; Spa: n spa- ja kokousrakennuksen 3. kerroksessa&hellip;\" \/>\n<meta property=\"og:url\" content=\"https:\/\/spaestonia.ee\/resort\/fi\/spaa-ja-saunakeskus\/spa-ja-sauna-keskuksen-hinnasto\/\" \/>\n<meta property=\"og:site_name\" content=\"ESTONIA Resort Hotel Spa\" \/>\n<meta property=\"article:publisher\" content=\"https:\/\/www.facebook.com\/EstoniaResortHotel\" \/>\n<meta property=\"article:modified_time\" content=\"2026-01-09T09:27:18+00:00\" \/>\n<meta property=\"og:image\" content=\"https:\/\/www.spaestonia.ee\/resort\/wp-content\/uploads\/2018\/03\/SpaEstonia-29-300x300.jpg\" \/>\n<meta name=\"twitter:card\" content=\"summary_large_image\" \/>\n<meta name=\"twitter:label1\" content=\"Arvioitu lukuaika\" \/>\n\t<meta name=\"twitter:data1\" content=\"1 minuutti\" \/>\n<script type=\"application\/ld+json\" class=\"yoast-schema-graph\">{\"@context\":\"https:\/\/schema.org\",\"@graph\":[{\"@type\":\"WebPage\",\"@id\":\"https:\/\/spaestonia.ee\/resort\/fi\/spaa-ja-saunakeskus\/spa-ja-sauna-keskuksen-hinnasto\/\",\"url\":\"https:\/\/spaestonia.ee\/resort\/fi\/spaa-ja-saunakeskus\/spa-ja-sauna-keskuksen-hinnasto\/\",\"name\":\"SPA- ja SAUNA -keskuksen hinnasto - ESTONIA Resort Hotel Spa\",\"isPartOf\":{\"@id\":\"https:\/\/www.spaestonia.ee\/resort\/fi\/#website\"},\"datePublished\":\"2015-06-04T08:55:07+00:00\",\"dateModified\":\"2026-01-09T09:27:18+00:00\",\"breadcrumb\":{\"@id\":\"https:\/\/spaestonia.ee\/resort\/fi\/spaa-ja-saunakeskus\/spa-ja-sauna-keskuksen-hinnasto\/#breadcrumb\"},\"inLanguage\":\"fi\",\"potentialAction\":[{\"@type\":\"ReadAction\",\"target\":[\"https:\/\/spaestonia.ee\/resort\/fi\/spaa-ja-saunakeskus\/spa-ja-sauna-keskuksen-hinnasto\/\"]}]},{\"@type\":\"BreadcrumbList\",\"@id\":\"https:\/\/spaestonia.ee\/resort\/fi\/spaa-ja-saunakeskus\/spa-ja-sauna-keskuksen-hinnasto\/#breadcrumb\",\"itemListElement\":[{\"@type\":\"ListItem\",\"position\":1,\"name\":\"Home\",\"item\":\"https:\/\/www.spaestonia.ee\/resort\/fi\/\"},{\"@type\":\"ListItem\",\"position\":2,\"name\":\"Spa &#038; Wellness\",\"item\":\"https:\/\/www.spaestonia.ee\/resort\/fi\/spaa-ja-saunakeskus\/\"},{\"@type\":\"ListItem\",\"position\":3,\"name\":\"SPA- ja SAUNA -keskuksen hinnasto\"}]},{\"@type\":\"WebSite\",\"@id\":\"https:\/\/www.spaestonia.ee\/resort\/fi\/#website\",\"url\":\"https:\/\/www.spaestonia.ee\/resort\/fi\/\",\"name\":\"ESTONIA Resort Hotel Spa\",\"description\":\"E-WoW\",\"publisher\":{\"@id\":\"https:\/\/www.spaestonia.ee\/resort\/fi\/#organization\"},\"potentialAction\":[{\"@type\":\"SearchAction\",\"target\":{\"@type\":\"EntryPoint\",\"urlTemplate\":\"https:\/\/www.spaestonia.ee\/resort\/fi\/?s={search_term_string}\"},\"query-input\":{\"@type\":\"PropertyValueSpecification\",\"valueRequired\":true,\"valueName\":\"search_term_string\"}}],\"inLanguage\":\"fi\"},{\"@type\":\"Organization\",\"@id\":\"https:\/\/www.spaestonia.ee\/resort\/fi\/#organization\",\"name\":\"ESTONIA Resort Hotel Spa\",\"url\":\"https:\/\/www.spaestonia.ee\/resort\/fi\/\",\"logo\":{\"@type\":\"ImageObject\",\"inLanguage\":\"fi\",\"@id\":\"https:\/\/www.spaestonia.ee\/resort\/fi\/#\/schema\/logo\/image\/\",\"url\":\"https:\/\/www.spaestonia.ee\/resort\/wp-content\/uploads\/2025\/02\/resort-hotel-estonia.png\",\"contentUrl\":\"https:\/\/www.spaestonia.ee\/resort\/wp-content\/uploads\/2025\/02\/resort-hotel-estonia.png\",\"width\":400,\"height\":173,\"caption\":\"ESTONIA Resort Hotel Spa\"},\"image\":{\"@id\":\"https:\/\/www.spaestonia.ee\/resort\/fi\/#\/schema\/logo\/image\/\"},\"sameAs\":[\"https:\/\/www.facebook.com\/EstoniaResortHotel\"]}]}<\/script>\n<!-- \/ Yoast SEO plugin. -->","yoast_head_json":{"title":"SPA- ja SAUNA -keskuksen hinnasto - ESTONIA Resort Hotel Spa","robots":{"index":"index","follow":"follow","max-snippet":"max-snippet:-1","max-image-preview":"max-image-preview:large","max-video-preview":"max-video-preview:-1"},"canonical":"https:\/\/spaestonia.ee\/resort\/fi\/spaa-ja-saunakeskus\/spa-ja-sauna-keskuksen-hinnasto\/","og_locale":"fi_FI","og_type":"article","og_title":"SPA- ja SAUNA -keskuksen hinnasto - ESTONIA Resort Hotel Spa","og_description":"SPA &amp; SAUN sijaitsee ESTONIA Resort Hotel &amp; Spa: n spa- ja kokousrakennuksen 3. kerroksessa&hellip;","og_url":"https:\/\/spaestonia.ee\/resort\/fi\/spaa-ja-saunakeskus\/spa-ja-sauna-keskuksen-hinnasto\/","og_site_name":"ESTONIA Resort Hotel Spa","article_publisher":"https:\/\/www.facebook.com\/EstoniaResortHotel","article_modified_time":"2026-01-09T09:27:18+00:00","og_image":[{"url":"https:\/\/www.spaestonia.ee\/resort\/wp-content\/uploads\/2018\/03\/SpaEstonia-29-300x300.jpg","type":"","width":"","height":""}],"twitter_card":"summary_large_image","twitter_misc":{"Arvioitu lukuaika":"1 minuutti"},"schema":{"@context":"https:\/\/schema.org","@graph":[{"@type":"WebPage","@id":"https:\/\/spaestonia.ee\/resort\/fi\/spaa-ja-saunakeskus\/spa-ja-sauna-keskuksen-hinnasto\/","url":"https:\/\/spaestonia.ee\/resort\/fi\/spaa-ja-saunakeskus\/spa-ja-sauna-keskuksen-hinnasto\/","name":"SPA- ja SAUNA -keskuksen hinnasto - ESTONIA Resort Hotel Spa","isPartOf":{"@id":"https:\/\/www.spaestonia.ee\/resort\/fi\/#website"},"datePublished":"2015-06-04T08:55:07+00:00","dateModified":"2026-01-09T09:27:18+00:00","breadcrumb":{"@id":"https:\/\/spaestonia.ee\/resort\/fi\/spaa-ja-saunakeskus\/spa-ja-sauna-keskuksen-hinnasto\/#breadcrumb"},"inLanguage":"fi","potentialAction":[{"@type":"ReadAction","target":["https:\/\/spaestonia.ee\/resort\/fi\/spaa-ja-saunakeskus\/spa-ja-sauna-keskuksen-hinnasto\/"]}]},{"@type":"BreadcrumbList","@id":"https:\/\/spaestonia.ee\/resort\/fi\/spaa-ja-saunakeskus\/spa-ja-sauna-keskuksen-hinnasto\/#breadcrumb","itemListElement":[{"@type":"ListItem","position":1,"name":"Home","item":"https:\/\/www.spaestonia.ee\/resort\/fi\/"},{"@type":"ListItem","position":2,"name":"Spa &#038; Wellness","item":"https:\/\/www.spaestonia.ee\/resort\/fi\/spaa-ja-saunakeskus\/"},{"@type":"ListItem","position":3,"name":"SPA- ja SAUNA -keskuksen hinnasto"}]},{"@type":"WebSite","@id":"https:\/\/www.spaestonia.ee\/resort\/fi\/#website","url":"https:\/\/www.spaestonia.ee\/resort\/fi\/","name":"ESTONIA Resort Hotel Spa","description":"E-WoW","publisher":{"@id":"https:\/\/www.spaestonia.ee\/resort\/fi\/#organization"},"potentialAction":[{"@type":"SearchAction","target":{"@type":"EntryPoint","urlTemplate":"https:\/\/www.spaestonia.ee\/resort\/fi\/?s={search_term_string}"},"query-input":{"@type":"PropertyValueSpecification","valueRequired":true,"valueName":"search_term_string"}}],"inLanguage":"fi"},{"@type":"Organization","@id":"https:\/\/www.spaestonia.ee\/resort\/fi\/#organization","name":"ESTONIA Resort Hotel Spa","url":"https:\/\/www.spaestonia.ee\/resort\/fi\/","logo":{"@type":"ImageObject","inLanguage":"fi","@id":"https:\/\/www.spaestonia.ee\/resort\/fi\/#\/schema\/logo\/image\/","url":"https:\/\/www.spaestonia.ee\/resort\/wp-content\/uploads\/2025\/02\/resort-hotel-estonia.png","contentUrl":"https:\/\/www.spaestonia.ee\/resort\/wp-content\/uploads\/2025\/02\/resort-hotel-estonia.png","width":400,"height":173,"caption":"ESTONIA Resort Hotel Spa"},"image":{"@id":"https:\/\/www.spaestonia.ee\/resort\/fi\/#\/schema\/logo\/image\/"},"sameAs":["https:\/\/www.facebook.com\/EstoniaResortHotel"]}]}},"_links":{"self":[{"href":"https:\/\/spaestonia.ee\/resort\/fi\/wp-json\/wp\/v2\/pages\/2996","targetHints":{"allow":["GET"]}}],"collection":[{"href":"https:\/\/spaestonia.ee\/resort\/fi\/wp-json\/wp\/v2\/pages"}],"about":[{"href":"https:\/\/spaestonia.ee\/resort\/fi\/wp-json\/wp\/v2\/types\/page"}],"author":[{"embeddable":true,"href":"https:\/\/spaestonia.ee\/resort\/fi\/wp-json\/wp\/v2\/users\/1"}],"replies":[{"embeddable":true,"href":"https:\/\/spaestonia.ee\/resort\/fi\/wp-json\/wp\/v2\/comments?post=2996"}],"version-history":[{"count":65,"href":"https:\/\/spaestonia.ee\/resort\/fi\/wp-json\/wp\/v2\/pages\/2996\/revisions"}],"predecessor-version":[{"id":46020,"href":"https:\/\/spaestonia.ee\/resort\/fi\/wp-json\/wp\/v2\/pages\/2996\/revisions\/46020"}],"up":[{"embeddable":true,"href":"https:\/\/spaestonia.ee\/resort\/fi\/wp-json\/wp\/v2\/pages\/447"}],"wp:attachment":[{"href":"https:\/\/spaestonia.ee\/resort\/fi\/wp-json\/wp\/v2\/media?parent=2996"}],"curies":[{"name":"wp","href":"https:\/\/api.w.org\/{rel}","templated":true}]}}